{"id":282080,"date":"2022-03-05T18:05:25","date_gmt":"2022-03-05T17:05:25","guid":{"rendered":"https:\/\/miomiorun.com\/prodotto\/brooks-dare-strappy-run-bra\/"},"modified":"2026-05-08T21:23:17","modified_gmt":"2026-05-08T19:23:17","slug":"brooks-dare-strappy-run-bra","status":"publish","type":"product","link":"https:\/\/www.miomiorun.com\/fr\/produit\/brooks-dare-strappy-run-bra\/","title":{"rendered":"Dare Strappy Run Bra"},"content":{"rendered":"<div class=\"single-product-description\">La respirabilit\u00e9 et le maintien sont essentiels lorsque vous recherchez le soutien-gorge de sport adapt\u00e9 : un soutien-gorge \u00e0 bretelles standard ne peut pas \u00eatre le bon choix. Le soutien-gorge de course Dare Strappy offre ces deux avantages, gr\u00e2ce \u00e0 son maintien pour les courses \u00e0 fort impact et \u00e0 ses bretelles. Son tissu \u00e0 s\u00e9chage rapide garantit un confort maximal.<\/div>\n<div class=\"o-feature-callout__feature-copy\">\n<div class=\"o-feature-callout__feature-copy\">\n<div class=\"o-feature-callout__feature-copy\">\n<h3 class=\"a-type-h4 m-long-description__label\">Id\u00e9al pour :<\/h3>\n<p><img loading=\"lazy\" decoding=\"async\" class=\"a-responsive-image__img\" src=\"https:\/\/www.brooksrunning.com\/on\/demandware.static\/-\/Sites-brooks-master-catalog\/default\/dw3b544e99\/specs\/PDP-BestFor-BRA-Run-Ready-Molded-Support.svg\" alt=\"\" width=\"40\" height=\"40\"> Le maintien.<\/p>\n<p><img loading=\"lazy\" decoding=\"async\" class=\"a-responsive-image__img\" src=\"https:\/\/www.brooksrunning.com\/on\/demandware.static\/-\/Sites-brooks-master-catalog\/default\/dwe3490683\/specs\/PDP-BestFor-APP-BRA-Unrestricted-Movement.svg\" alt=\"\" width=\"38\" height=\"38\"> La libert\u00e9 de mouvement.<\/p>\n<p><img loading=\"lazy\" decoding=\"async\" class=\"a-responsive-image__img\" src=\"https:\/\/www.brooksrunning.com\/on\/demandware.static\/-\/Sites-brooks-master-catalog\/default\/dw84afb706\/specs\/PDP-BestFor-BRA-Nearly-Seamless-Design.svg\" alt=\"\" width=\"40\" height=\"40\"> La sensation de douceur.<\/p>\n<p><img loading=\"lazy\" decoding=\"async\" class=\"a-responsive-image__img\" src=\"https:\/\/www.brooksrunning.com\/on\/demandware.static\/-\/Sites-brooks-master-catalog\/default\/dwa6ab674a\/specs\/PDP-BestFor-FTW-Outdoor-Training.svg\" alt=\"\" width=\"40\" height=\"40\"> La course quotidienne.<\/p>\n<h3>Caract\u00e9ristiques :<\/h3>\n<ul class=\"m-long-description__features\">\n<li class=\"m-long-description__feature\">Soutien pour les courses \u00e0 fort impact.<\/li>\n<li class=\"m-long-description__feature\">Souple et s\u00fbr.<\/li>\n<li class=\"m-long-description__feature\">Confort optimis\u00e9.<\/li>\n<\/ul>\n<div class=\"o-feature-callout__feature-copy\">\n<h2 class=\"a-type-h4 o-feature-callout__feature-eyebrow\">Courez plus. Rebondissez moins.<\/h2>\n<p class=\"a-type-h3--big o-feature-callout__feature-header\">Haut impact, soutien pr\u00e9form\u00e9<\/p>\n<p class=\"a-type-p o-feature-callout__feature-body\">Courez plus. Rebondissez moins<\/p>\n<ul class=\"o-feature-callout__feature-list\">\n<li class=\"a-type-p o-feature-callout__feature-list-item\"><span class=\"a-type-p o-feature-callout__feature-list-item-text\">Con\u00e7u en collaboration avec nos partenaires de recherche de l&#8217;Institut pour la sant\u00e9 mammaire de l&#8217;Universit\u00e9 de Portsmouth.<\/span><\/li>\n<li class=\"a-type-p o-feature-callout__feature-list-item\"><span class=\"a-type-p o-feature-callout__feature-list-item-text\">Des tests biom\u00e9caniques d\u00e9montrent que nos soutiens-gorge offrent un soutien sp\u00e9cifique pour la course \u00e0 pied. <\/span><\/li>\n<li class=\"a-type-p o-feature-callout__feature-list-item\"><span class=\"a-type-p o-feature-callout__feature-list-item-text\">Nous testons nos soutiens-gorge sur des femmes comme vous, car les donn\u00e9es de laboratoire ne sont valables que lorsqu&#8217;elles s&#8217;appliquent dans le monde r\u00e9el. <\/span><\/li>\n<\/ul>\n<div class=\"o-feature-callout__feature-copy\">\n<h2 class=\"a-type-h4 o-feature-callout__feature-eyebrow\">Doux pour la peau<\/h2>\n<p class=\"a-type-h3--big o-feature-callout__feature-header\">Doux et s\u00fbr<\/p>\n<p class=\"a-type-p o-feature-callout__feature-body\">Les coutures essentielles et le tissu respirant assurent une sensation de douceur confortable qui r\u00e9duit les irritations et les frottements. <\/p>\n<ul class=\"o-feature-callout__feature-list\">\n<li class=\"a-type-p o-feature-callout__feature-list-item\"><span class=\"a-type-p o-feature-callout__feature-list-item-text\">Le tissu respirant DriLayer\u00ae HorsePower \u00e9vacue la transpiration pour vous garder au frais et \u00e0 l&#8217;aise pendant votre course. <\/span><\/li>\n<\/ul>\n<div class=\"o-feature-callout__feature-copy\">\n<h2 class=\"a-type-h4 o-feature-callout__feature-eyebrow\">Enfilez-le en un clin d&#8217;\u0153il. Retirez-le en un clin d&#8217;\u0153il. <\/h2>\n<p class=\"a-type-h3--big o-feature-callout__feature-header\">Confort optimis\u00e9<\/p>\n<p class=\"a-type-p o-feature-callout__feature-body\">Le design raffin\u00e9 de ce pull ouvert dans le dos offre une couverture minimale et une \u00e9l\u00e9gance maximale. <\/p>\n<\/div>\n<\/div>\n<\/div>\n<p>&nbsp;<\/p>\n<\/div>\n<\/div>\n<\/div>\n","protected":false},"excerpt":{"rendered":"<p>La respirabilit\u00e9 et le maintien sont essentiels lorsque vous recherchez le soutien-gorge de sport adapt\u00e9 : un soutien-gorge \u00e0 bretelles standard ne peut pas \u00eatre le bon choix. Le soutien-gorge de course Dare Strappy offre ces deux avantages, gr\u00e2ce \u00e0 son maintien pour les courses \u00e0 fort impact et \u00e0 ses bretelles. Son tissu \u00e0 &hellip; <a href=\"https:\/\/www.miomiorun.com\/fr\/produit\/brooks-dare-strappy-run-bra\/\">Continued<\/a><\/p>\n","protected":false},"featured_media":235563,"template":"","meta":{"_acf_changed":false,"inline_featured_image":false},"product_brand":[],"product_cat":[22600,22596,22595],"product_tag":[23462,23656],"class_list":{"0":"post-282080","1":"product","2":"type-product","3":"status-publish","4":"has-post-thumbnail","6":"product_cat-sous-vetements","7":"product_cat-vetements-pour-femmes","8":"product_cat-femme","9":"product_tag-brooks-fr","10":"product_tag-brooks-femme","11":"pa_attivita-fitness-fr","12":"pa_attivita-marcher","13":"pa_attivita-running-fr","14":"pa_colore-dare-strappy-run-bra-black-fr","15":"pa_colore-dare-strappy-run-bra-copper-ice-blue-fr","16":"pa_marca-brooks-fr","17":"pa_sesso-femme","18":"pa_size-32ab-fr","19":"pa_size-36ab-fr","21":"first","22":"instock","23":"sale","24":"taxable","25":"shipping-taxable","26":"purchasable","27":"product-type-variable","28":"wvs-archive-product-wrapper"},"acf":[],"yoast_head":"<!-- This site is optimized with the Yoast SEO plugin v26.8 - https:\/\/yoast.com\/product\/yoast-seo-wordpress\/ -->\n<title>Brooks Dare Strappy Run Bra - Soutiens-gorge- MioMioRun<\/title>\n<meta name=\"description\" content=\"La respirabilit\u00e9 et le maintien sont essentiels lorsque vous recherchez le soutien-gorge de sport adapt\u00e9 : un soutien-gorge \u00e0 bretelles est le choix id\u00e9al.\" \/>\n<meta name=\"robots\" content=\"index, follow, max-snippet:-1, max-image-preview:large, max-video-preview:-1\" \/>\n<link rel=\"canonical\" href=\"https:\/\/www.miomiorun.com\/fr\/produit\/brooks-dare-strappy-run-bra\/\" \/>\n<meta property=\"og:locale\" content=\"fr_FR\" \/>\n<meta property=\"og:type\" content=\"article\" \/>\n<meta property=\"og:title\" content=\"Brooks Dare Strappy Run Bra - Soutiens-gorge- MioMioRun\" \/>\n<meta property=\"og:description\" content=\"La respirabilit\u00e9 et le maintien sont essentiels lorsque vous recherchez le soutien-gorge de sport adapt\u00e9 : un soutien-gorge \u00e0 bretelles est le choix id\u00e9al.\" \/>\n<meta property=\"og:url\" content=\"https:\/\/www.miomiorun.com\/fr\/produit\/brooks-dare-strappy-run-bra\/\" \/>\n<meta property=\"og:site_name\" content=\"MioMioRun\" \/>\n<meta property=\"article:publisher\" content=\"https:\/\/www.facebook.com\/miomiorun\/\" \/>\n<meta property=\"article:modified_time\" content=\"2026-05-08T19:23:17+00:00\" \/>\n<meta property=\"og:image\" content=\"https:\/\/www.miomiorun.com\/app\/uploads\/2022\/03\/brooks-Dre-strappy-run-bra-350087001.jpg\" \/>\n\t<meta property=\"og:image:width\" content=\"600\" \/>\n\t<meta property=\"og:image:height\" content=\"600\" \/>\n\t<meta property=\"og:image:type\" content=\"image\/jpeg\" \/>\n<meta name=\"twitter:card\" content=\"summary_large_image\" \/>\n<meta name=\"twitter:label1\" content=\"Est. reading time\" \/>\n\t<meta name=\"twitter:data1\" content=\"1 minute\" \/>\n<script type=\"application\/ld+json\" class=\"yoast-schema-graph\">{\"@context\":\"https:\/\/schema.org\",\"@graph\":[{\"@type\":\"WebPage\",\"@id\":\"https:\/\/www.miomiorun.com\/fr\/produit\/brooks-dare-strappy-run-bra\/\",\"url\":\"https:\/\/www.miomiorun.com\/fr\/produit\/brooks-dare-strappy-run-bra\/\",\"name\":\"Brooks Dare Strappy Run Bra - Soutiens-gorge- MioMioRun\",\"isPartOf\":{\"@id\":\"https:\/\/www.miomiorun.com\/fr\/#website\"},\"primaryImageOfPage\":{\"@id\":\"https:\/\/www.miomiorun.com\/fr\/produit\/brooks-dare-strappy-run-bra\/#primaryimage\"},\"image\":{\"@id\":\"https:\/\/www.miomiorun.com\/fr\/produit\/brooks-dare-strappy-run-bra\/#primaryimage\"},\"thumbnailUrl\":\"https:\/\/www.miomiorun.com\/app\/uploads\/2022\/03\/brooks-Dre-strappy-run-bra-350087001.jpg\",\"datePublished\":\"2022-03-05T17:05:25+00:00\",\"dateModified\":\"2026-05-08T19:23:17+00:00\",\"description\":\"La respirabilit\u00e9 et le maintien sont essentiels lorsque vous recherchez le soutien-gorge de sport adapt\u00e9 : un soutien-gorge \u00e0 bretelles est le choix id\u00e9al.\",\"breadcrumb\":{\"@id\":\"https:\/\/www.miomiorun.com\/fr\/produit\/brooks-dare-strappy-run-bra\/#breadcrumb\"},\"inLanguage\":\"fr-FR\",\"potentialAction\":[{\"@type\":\"ReadAction\",\"target\":[\"https:\/\/www.miomiorun.com\/fr\/produit\/brooks-dare-strappy-run-bra\/\"]}]},{\"@type\":\"ImageObject\",\"inLanguage\":\"fr-FR\",\"@id\":\"https:\/\/www.miomiorun.com\/fr\/produit\/brooks-dare-strappy-run-bra\/#primaryimage\",\"url\":\"https:\/\/www.miomiorun.com\/app\/uploads\/2022\/03\/brooks-Dre-strappy-run-bra-350087001.jpg\",\"contentUrl\":\"https:\/\/www.miomiorun.com\/app\/uploads\/2022\/03\/brooks-Dre-strappy-run-bra-350087001.jpg\",\"width\":600,\"height\":600,\"caption\":\"brooks-Dre-strappy-run-bra-350087001\"},{\"@type\":\"BreadcrumbList\",\"@id\":\"https:\/\/www.miomiorun.com\/fr\/produit\/brooks-dare-strappy-run-bra\/#breadcrumb\",\"itemListElement\":[{\"@type\":\"ListItem\",\"position\":1,\"name\":\"Home\",\"item\":\"https:\/\/www.miomiorun.com\/fr\/home-page\/\"},{\"@type\":\"ListItem\",\"position\":2,\"name\":\"Shop\",\"item\":\"https:\/\/www.miomiorun.com\/shop\/\"},{\"@type\":\"ListItem\",\"position\":3,\"name\":\"Dare Strappy Run Bra\"}]},{\"@type\":\"WebSite\",\"@id\":\"https:\/\/www.miomiorun.com\/fr\/#website\",\"url\":\"https:\/\/www.miomiorun.com\/fr\/\",\"name\":\"MioMioRun\",\"description\":\"Boutique 100% running et trail\",\"publisher\":{\"@id\":\"https:\/\/www.miomiorun.com\/fr\/#organization\"},\"potentialAction\":[{\"@type\":\"SearchAction\",\"target\":{\"@type\":\"EntryPoint\",\"urlTemplate\":\"https:\/\/www.miomiorun.com\/fr\/?s={search_term_string}\"},\"query-input\":{\"@type\":\"PropertyValueSpecification\",\"valueRequired\":true,\"valueName\":\"search_term_string\"}}],\"inLanguage\":\"fr-FR\"},{\"@type\":\"Organization\",\"@id\":\"https:\/\/www.miomiorun.com\/fr\/#organization\",\"name\":\"MioMio Run\",\"url\":\"https:\/\/www.miomiorun.com\/fr\/\",\"logo\":{\"@type\":\"ImageObject\",\"inLanguage\":\"fr-FR\",\"@id\":\"https:\/\/www.miomiorun.com\/fr\/#\/schema\/logo\/image\/\",\"url\":\"https:\/\/www.miomiorun.com\/app\/uploads\/2019\/12\/logomio.png\",\"contentUrl\":\"https:\/\/www.miomiorun.com\/app\/uploads\/2019\/12\/logomio.png\",\"width\":115,\"height\":82,\"caption\":\"MioMio Run\"},\"image\":{\"@id\":\"https:\/\/www.miomiorun.com\/fr\/#\/schema\/logo\/image\/\"},\"sameAs\":[\"https:\/\/www.facebook.com\/miomiorun\/\",\"https:\/\/www.instagram.com\/miomiorun\/\"]}]}<\/script>\n<!-- \/ Yoast SEO plugin. -->","yoast_head_json":{"title":"Brooks Dare Strappy Run Bra - Soutiens-gorge- MioMioRun","description":"La respirabilit\u00e9 et le maintien sont essentiels lorsque vous recherchez le soutien-gorge de sport adapt\u00e9 : un soutien-gorge \u00e0 bretelles est le choix id\u00e9al.","robots":{"index":"index","follow":"follow","max-snippet":"max-snippet:-1","max-image-preview":"max-image-preview:large","max-video-preview":"max-video-preview:-1"},"canonical":"https:\/\/www.miomiorun.com\/fr\/produit\/brooks-dare-strappy-run-bra\/","og_locale":"fr_FR","og_type":"article","og_title":"Brooks Dare Strappy Run Bra - Soutiens-gorge- MioMioRun","og_description":"La respirabilit\u00e9 et le maintien sont essentiels lorsque vous recherchez le soutien-gorge de sport adapt\u00e9 : un soutien-gorge \u00e0 bretelles est le choix id\u00e9al.","og_url":"https:\/\/www.miomiorun.com\/fr\/produit\/brooks-dare-strappy-run-bra\/","og_site_name":"MioMioRun","article_publisher":"https:\/\/www.facebook.com\/miomiorun\/","article_modified_time":"2026-05-08T19:23:17+00:00","og_image":[{"width":600,"height":600,"url":"https:\/\/www.miomiorun.com\/app\/uploads\/2022\/03\/brooks-Dre-strappy-run-bra-350087001.jpg","type":"image\/jpeg"}],"twitter_card":"summary_large_image","twitter_misc":{"Est. reading time":"1 minute"},"schema":{"@context":"https:\/\/schema.org","@graph":[{"@type":"WebPage","@id":"https:\/\/www.miomiorun.com\/fr\/produit\/brooks-dare-strappy-run-bra\/","url":"https:\/\/www.miomiorun.com\/fr\/produit\/brooks-dare-strappy-run-bra\/","name":"Brooks Dare Strappy Run Bra - Soutiens-gorge- MioMioRun","isPartOf":{"@id":"https:\/\/www.miomiorun.com\/fr\/#website"},"primaryImageOfPage":{"@id":"https:\/\/www.miomiorun.com\/fr\/produit\/brooks-dare-strappy-run-bra\/#primaryimage"},"image":{"@id":"https:\/\/www.miomiorun.com\/fr\/produit\/brooks-dare-strappy-run-bra\/#primaryimage"},"thumbnailUrl":"https:\/\/www.miomiorun.com\/app\/uploads\/2022\/03\/brooks-Dre-strappy-run-bra-350087001.jpg","datePublished":"2022-03-05T17:05:25+00:00","dateModified":"2026-05-08T19:23:17+00:00","description":"La respirabilit\u00e9 et le maintien sont essentiels lorsque vous recherchez le soutien-gorge de sport adapt\u00e9 : un soutien-gorge \u00e0 bretelles est le choix id\u00e9al.","breadcrumb":{"@id":"https:\/\/www.miomiorun.com\/fr\/produit\/brooks-dare-strappy-run-bra\/#breadcrumb"},"inLanguage":"fr-FR","potentialAction":[{"@type":"ReadAction","target":["https:\/\/www.miomiorun.com\/fr\/produit\/brooks-dare-strappy-run-bra\/"]}]},{"@type":"ImageObject","inLanguage":"fr-FR","@id":"https:\/\/www.miomiorun.com\/fr\/produit\/brooks-dare-strappy-run-bra\/#primaryimage","url":"https:\/\/www.miomiorun.com\/app\/uploads\/2022\/03\/brooks-Dre-strappy-run-bra-350087001.jpg","contentUrl":"https:\/\/www.miomiorun.com\/app\/uploads\/2022\/03\/brooks-Dre-strappy-run-bra-350087001.jpg","width":600,"height":600,"caption":"brooks-Dre-strappy-run-bra-350087001"},{"@type":"BreadcrumbList","@id":"https:\/\/www.miomiorun.com\/fr\/produit\/brooks-dare-strappy-run-bra\/#breadcrumb","itemListElement":[{"@type":"ListItem","position":1,"name":"Home","item":"https:\/\/www.miomiorun.com\/fr\/home-page\/"},{"@type":"ListItem","position":2,"name":"Shop","item":"https:\/\/www.miomiorun.com\/shop\/"},{"@type":"ListItem","position":3,"name":"Dare Strappy Run Bra"}]},{"@type":"WebSite","@id":"https:\/\/www.miomiorun.com\/fr\/#website","url":"https:\/\/www.miomiorun.com\/fr\/","name":"MioMioRun","description":"Boutique 100% running et trail","publisher":{"@id":"https:\/\/www.miomiorun.com\/fr\/#organization"},"potentialAction":[{"@type":"SearchAction","target":{"@type":"EntryPoint","urlTemplate":"https:\/\/www.miomiorun.com\/fr\/?s={search_term_string}"},"query-input":{"@type":"PropertyValueSpecification","valueRequired":true,"valueName":"search_term_string"}}],"inLanguage":"fr-FR"},{"@type":"Organization","@id":"https:\/\/www.miomiorun.com\/fr\/#organization","name":"MioMio Run","url":"https:\/\/www.miomiorun.com\/fr\/","logo":{"@type":"ImageObject","inLanguage":"fr-FR","@id":"https:\/\/www.miomiorun.com\/fr\/#\/schema\/logo\/image\/","url":"https:\/\/www.miomiorun.com\/app\/uploads\/2019\/12\/logomio.png","contentUrl":"https:\/\/www.miomiorun.com\/app\/uploads\/2019\/12\/logomio.png","width":115,"height":82,"caption":"MioMio Run"},"image":{"@id":"https:\/\/www.miomiorun.com\/fr\/#\/schema\/logo\/image\/"},"sameAs":["https:\/\/www.facebook.com\/miomiorun\/","https:\/\/www.instagram.com\/miomiorun\/"]}]}},"_links":{"self":[{"href":"https:\/\/www.miomiorun.com\/fr\/wp-json\/wp\/v2\/product\/282080","targetHints":{"allow":["GET"]}}],"collection":[{"href":"https:\/\/www.miomiorun.com\/fr\/wp-json\/wp\/v2\/product"}],"about":[{"href":"https:\/\/www.miomiorun.com\/fr\/wp-json\/wp\/v2\/types\/product"}],"wp:featuredmedia":[{"embeddable":true,"href":"https:\/\/www.miomiorun.com\/fr\/wp-json\/wp\/v2\/media\/235563"}],"wp:attachment":[{"href":"https:\/\/www.miomiorun.com\/fr\/wp-json\/wp\/v2\/media?parent=282080"}],"wp:term":[{"taxonomy":"product_brand","embeddable":true,"href":"https:\/\/www.miomiorun.com\/fr\/wp-json\/wp\/v2\/product_brand?post=282080"},{"taxonomy":"product_cat","embeddable":true,"href":"https:\/\/www.miomiorun.com\/fr\/wp-json\/wp\/v2\/product_cat?post=282080"},{"taxonomy":"product_tag","embeddable":true,"href":"https:\/\/www.miomiorun.com\/fr\/wp-json\/wp\/v2\/product_tag?post=282080"}],"curies":[{"name":"wp","href":"https:\/\/api.w.org\/{rel}","templated":true}]}}