{"id":282078,"date":"2022-03-05T18:39:28","date_gmt":"2022-03-05T17:39:28","guid":{"rendered":"https:\/\/miomiorun.com\/prodotto\/sprint-free-short-sleeve-donna\/"},"modified":"2026-05-08T21:23:14","modified_gmt":"2026-05-08T19:23:14","slug":"sprint-free-short-sleeve-femme","status":"publish","type":"product","link":"https:\/\/www.miomiorun.com\/fr\/produit\/sprint-free-short-sleeve-femme\/","title":{"rendered":"Sprint Free Short Sleeve femme"},"content":{"rendered":"<p>Courez en toute libert\u00e9 avec ce maillot respirant. <strong>Sprint Free<\/strong> pour femme, \u00e0 manches courtes, est notre t-shirt le plus l\u00e9ger, au style moderne, fabriqu\u00e9 dans un tissu ultra-l\u00e9ger, respirant et r\u00e9sistant aux odeurs pour vous offrir une fra\u00eecheur longue dur\u00e9e.<\/p>\n<h3 class=\"a-type-h4 m-long-description__label\">Id\u00e9al pour :<\/h3>\n<p class=\"a-type-h4 m-long-description__label\"><img loading=\"lazy\" decoding=\"async\" class=\"a-responsive-image__img\" src=\"https:\/\/www.brooksrunning.com\/on\/demandware.static\/-\/Sites-brooks-master-catalog\/default\/dwd365409a\/specs\/PDP-BestFor-APP-Beat-The-Heat.svg\" alt=\"\" width=\"40\" height=\"40\"> Temp\u00e9ratures \u00e9lev\u00e9es.<br \/>\n<img loading=\"lazy\" decoding=\"async\" class=\"a-responsive-image__img\" src=\"https:\/\/www.brooksrunning.com\/on\/demandware.static\/-\/Sites-brooks-master-catalog\/default\/dweb5c0570\/specs\/PDP-BestFor-APP-Oder-Resistant.svg\" alt=\"\" width=\"40\" height=\"40\">R\u00e9sistance aux odeurs.<\/p>\n<p><img loading=\"lazy\" decoding=\"async\" class=\"a-responsive-image__img\" src=\"https:\/\/www.brooksrunning.com\/on\/demandware.static\/-\/Sites-brooks-master-catalog\/default\/dw4fc42e57\/specs\/PDP-BestFor-FTW-APP-BRA-Breathability.svg\" alt=\"\" width=\"40\" height=\"40\"> Respirabilit\u00e9 .<\/p>\n<p><img loading=\"lazy\" decoding=\"async\" class=\"a-responsive-image__img\" src=\"https:\/\/www.brooksrunning.com\/on\/demandware.static\/-\/Sites-brooks-master-catalog\/default\/dw90e0d184\/specs\/PDP-BestFor-APP-BRA-New-Fit.svg\" alt=\"\" width=\"40\" height=\"40\">Coupe moderne.<\/p>\n<h3>Caract\u00e9ristiques :<\/h3>\n<ul class=\"m-long-description__features\">\n<li class=\"m-long-description__feature\">Fentes lat\u00e9rales<\/li>\n<li class=\"m-long-description__feature\">R\u00e9sistance aux odeurs<\/li>\n<li class=\"m-long-description__feature\">Ultra respirant<\/li>\n<li class=\"m-long-description__feature\">\u00c9cologique<\/li>\n<\/ul>\n<div class=\"o-feature-callout__feature-copy\">\n<h2 class=\"a-type-h4 o-feature-callout__feature-eyebrow\">Nouvelle finition<\/h2>\n<p class=\"a-type-h3--big o-feature-callout__feature-header\">R\u00e9sistant aux odeurs<\/p>\n<p class=\"a-type-p o-feature-callout__feature-body\">Fra\u00eecheur garantie gr\u00e2ce \u00e0 la finition antimicrobienne, lavage apr\u00e8s lavage. <\/p>\n<div class=\"o-feature-callout__feature-copy\">\n<h2 class=\"a-type-h4 o-feature-callout__feature-eyebrow\">Nouvelle finition<\/h2>\n<p class=\"a-type-h3--big o-feature-callout__feature-header\">R\u00e9sistant aux odeurs<\/p>\n<p class=\"a-type-p o-feature-callout__feature-body\">Fra\u00eecheur garantie gr\u00e2ce \u00e0 la finition antimicrobienne lavage apr\u00e8s lavage.<\/p>\n<\/div>\n<\/div>\n","protected":false},"excerpt":{"rendered":"<p>Courez en toute libert\u00e9 avec ce maillot respirant. Sprint Free pour femme, \u00e0 manches courtes, est notre t-shirt le plus l\u00e9ger, au style moderne, fabriqu\u00e9 dans un tissu ultra-l\u00e9ger, respirant et r\u00e9sistant aux odeurs pour vous offrir une fra\u00eecheur longue dur\u00e9e. Id\u00e9al pour : Temp\u00e9ratures \u00e9lev\u00e9es. R\u00e9sistance aux odeurs. Respirabilit\u00e9 . Coupe moderne. Caract\u00e9ristiques : &hellip; <a href=\"https:\/\/www.miomiorun.com\/fr\/produit\/sprint-free-short-sleeve-femme\/\">Continued<\/a><\/p>\n","protected":false},"featured_media":235541,"template":"","meta":{"_acf_changed":false,"inline_featured_image":false},"product_brand":[],"product_cat":[24436,24444],"product_tag":[23462,23656],"class_list":{"0":"post-282078","1":"product","2":"type-product","3":"status-publish","4":"has-post-thumbnail","6":"product_cat-t-shirt-fr-2","7":"product_cat-vetements-pour-femmes-fr","8":"product_tag-brooks-fr","9":"product_tag-brooks-femme","10":"pa_attivita-fitness-fr","11":"pa_attivita-marcher","12":"pa_attivita-running-fr","13":"pa_colore-sprint-free-short-sleeve-w-bluetiful-fr","14":"pa_marca-brooks-fr","15":"pa_sesso-femme","16":"pa_size-medium-fr","18":"first","19":"instock","20":"sale","21":"taxable","22":"shipping-taxable","23":"purchasable","24":"product-type-variable","25":"wvs-archive-product-wrapper"},"acf":[],"yoast_head":"<!-- This site is optimized with the Yoast SEO plugin v26.8 - https:\/\/yoast.com\/product\/yoast-seo-wordpress\/ -->\n<title>Brooks Sprint Free Short Sleeve femme - T-shirt femme- MioMioRun<\/title>\n<meta name=\"description\" content=\"Cours en toute libert\u00e9 avec ce maillot respirant. Le Sprint Free pour femme, \u00e0 manches courtes, est notre t-shirt le plus l\u00e9ger.\" \/>\n<meta name=\"robots\" content=\"index, follow, max-snippet:-1, max-image-preview:large, max-video-preview:-1\" \/>\n<link rel=\"canonical\" href=\"https:\/\/www.miomiorun.com\/fr\/produit\/sprint-free-short-sleeve-femme\/\" \/>\n<meta property=\"og:locale\" content=\"fr_FR\" \/>\n<meta property=\"og:type\" content=\"article\" \/>\n<meta property=\"og:title\" content=\"Brooks Sprint Free Short Sleeve femme - T-shirt femme- MioMioRun\" \/>\n<meta property=\"og:description\" content=\"Cours en toute libert\u00e9 avec ce maillot respirant. Le Sprint Free pour femme, \u00e0 manches courtes, est notre t-shirt le plus l\u00e9ger.\" \/>\n<meta property=\"og:url\" content=\"https:\/\/www.miomiorun.com\/fr\/produit\/sprint-free-short-sleeve-femme\/\" \/>\n<meta property=\"og:site_name\" content=\"MioMioRun\" \/>\n<meta property=\"article:publisher\" content=\"https:\/\/www.facebook.com\/miomiorun\/\" \/>\n<meta property=\"article:modified_time\" content=\"2026-05-08T19:23:14+00:00\" \/>\n<meta property=\"og:image\" content=\"https:\/\/www.miomiorun.com\/app\/uploads\/2022\/03\/brooks-Sprint-Free-Short-Sleeve-221534434.jpg\" \/>\n\t<meta property=\"og:image:width\" content=\"600\" \/>\n\t<meta property=\"og:image:height\" content=\"600\" \/>\n\t<meta property=\"og:image:type\" content=\"image\/jpeg\" \/>\n<meta name=\"twitter:card\" content=\"summary_large_image\" \/>\n<meta name=\"twitter:label1\" content=\"Est. reading time\" \/>\n\t<meta name=\"twitter:data1\" content=\"1 minute\" \/>\n<script type=\"application\/ld+json\" class=\"yoast-schema-graph\">{\"@context\":\"https:\/\/schema.org\",\"@graph\":[{\"@type\":\"WebPage\",\"@id\":\"https:\/\/www.miomiorun.com\/fr\/produit\/sprint-free-short-sleeve-femme\/\",\"url\":\"https:\/\/www.miomiorun.com\/fr\/produit\/sprint-free-short-sleeve-femme\/\",\"name\":\"Brooks Sprint Free Short Sleeve femme - T-shirt femme- MioMioRun\",\"isPartOf\":{\"@id\":\"https:\/\/www.miomiorun.com\/fr\/#website\"},\"primaryImageOfPage\":{\"@id\":\"https:\/\/www.miomiorun.com\/fr\/produit\/sprint-free-short-sleeve-femme\/#primaryimage\"},\"image\":{\"@id\":\"https:\/\/www.miomiorun.com\/fr\/produit\/sprint-free-short-sleeve-femme\/#primaryimage\"},\"thumbnailUrl\":\"https:\/\/www.miomiorun.com\/app\/uploads\/2022\/03\/brooks-Sprint-Free-Short-Sleeve-221534434.jpg\",\"datePublished\":\"2022-03-05T17:39:28+00:00\",\"dateModified\":\"2026-05-08T19:23:14+00:00\",\"description\":\"Cours en toute libert\u00e9 avec ce maillot respirant. Le Sprint Free pour femme, \u00e0 manches courtes, est notre t-shirt le plus l\u00e9ger.\",\"breadcrumb\":{\"@id\":\"https:\/\/www.miomiorun.com\/fr\/produit\/sprint-free-short-sleeve-femme\/#breadcrumb\"},\"inLanguage\":\"fr-FR\",\"potentialAction\":[{\"@type\":\"ReadAction\",\"target\":[\"https:\/\/www.miomiorun.com\/fr\/produit\/sprint-free-short-sleeve-femme\/\"]}]},{\"@type\":\"ImageObject\",\"inLanguage\":\"fr-FR\",\"@id\":\"https:\/\/www.miomiorun.com\/fr\/produit\/sprint-free-short-sleeve-femme\/#primaryimage\",\"url\":\"https:\/\/www.miomiorun.com\/app\/uploads\/2022\/03\/brooks-Sprint-Free-Short-Sleeve-221534434.jpg\",\"contentUrl\":\"https:\/\/www.miomiorun.com\/app\/uploads\/2022\/03\/brooks-Sprint-Free-Short-Sleeve-221534434.jpg\",\"width\":600,\"height\":600,\"caption\":\"brooks-Sprint-Free-Short-Sleeve-221534434\"},{\"@type\":\"BreadcrumbList\",\"@id\":\"https:\/\/www.miomiorun.com\/fr\/produit\/sprint-free-short-sleeve-femme\/#breadcrumb\",\"itemListElement\":[{\"@type\":\"ListItem\",\"position\":1,\"name\":\"Home\",\"item\":\"https:\/\/www.miomiorun.com\/fr\/home-page\/\"},{\"@type\":\"ListItem\",\"position\":2,\"name\":\"Shop\",\"item\":\"https:\/\/www.miomiorun.com\/shop\/\"},{\"@type\":\"ListItem\",\"position\":3,\"name\":\"Sprint Free Short Sleeve femme\"}]},{\"@type\":\"WebSite\",\"@id\":\"https:\/\/www.miomiorun.com\/fr\/#website\",\"url\":\"https:\/\/www.miomiorun.com\/fr\/\",\"name\":\"MioMioRun\",\"description\":\"Boutique 100% running et trail\",\"publisher\":{\"@id\":\"https:\/\/www.miomiorun.com\/fr\/#organization\"},\"potentialAction\":[{\"@type\":\"SearchAction\",\"target\":{\"@type\":\"EntryPoint\",\"urlTemplate\":\"https:\/\/www.miomiorun.com\/fr\/?s={search_term_string}\"},\"query-input\":{\"@type\":\"PropertyValueSpecification\",\"valueRequired\":true,\"valueName\":\"search_term_string\"}}],\"inLanguage\":\"fr-FR\"},{\"@type\":\"Organization\",\"@id\":\"https:\/\/www.miomiorun.com\/fr\/#organization\",\"name\":\"MioMio Run\",\"url\":\"https:\/\/www.miomiorun.com\/fr\/\",\"logo\":{\"@type\":\"ImageObject\",\"inLanguage\":\"fr-FR\",\"@id\":\"https:\/\/www.miomiorun.com\/fr\/#\/schema\/logo\/image\/\",\"url\":\"https:\/\/www.miomiorun.com\/app\/uploads\/2019\/12\/logomio.png\",\"contentUrl\":\"https:\/\/www.miomiorun.com\/app\/uploads\/2019\/12\/logomio.png\",\"width\":115,\"height\":82,\"caption\":\"MioMio Run\"},\"image\":{\"@id\":\"https:\/\/www.miomiorun.com\/fr\/#\/schema\/logo\/image\/\"},\"sameAs\":[\"https:\/\/www.facebook.com\/miomiorun\/\",\"https:\/\/www.instagram.com\/miomiorun\/\"]}]}<\/script>\n<!-- \/ Yoast SEO plugin. -->","yoast_head_json":{"title":"Brooks Sprint Free Short Sleeve femme - T-shirt femme- MioMioRun","description":"Cours en toute libert\u00e9 avec ce maillot respirant. Le Sprint Free pour femme, \u00e0 manches courtes, est notre t-shirt le plus l\u00e9ger.","robots":{"index":"index","follow":"follow","max-snippet":"max-snippet:-1","max-image-preview":"max-image-preview:large","max-video-preview":"max-video-preview:-1"},"canonical":"https:\/\/www.miomiorun.com\/fr\/produit\/sprint-free-short-sleeve-femme\/","og_locale":"fr_FR","og_type":"article","og_title":"Brooks Sprint Free Short Sleeve femme - T-shirt femme- MioMioRun","og_description":"Cours en toute libert\u00e9 avec ce maillot respirant. Le Sprint Free pour femme, \u00e0 manches courtes, est notre t-shirt le plus l\u00e9ger.","og_url":"https:\/\/www.miomiorun.com\/fr\/produit\/sprint-free-short-sleeve-femme\/","og_site_name":"MioMioRun","article_publisher":"https:\/\/www.facebook.com\/miomiorun\/","article_modified_time":"2026-05-08T19:23:14+00:00","og_image":[{"width":600,"height":600,"url":"https:\/\/www.miomiorun.com\/app\/uploads\/2022\/03\/brooks-Sprint-Free-Short-Sleeve-221534434.jpg","type":"image\/jpeg"}],"twitter_card":"summary_large_image","twitter_misc":{"Est. reading time":"1 minute"},"schema":{"@context":"https:\/\/schema.org","@graph":[{"@type":"WebPage","@id":"https:\/\/www.miomiorun.com\/fr\/produit\/sprint-free-short-sleeve-femme\/","url":"https:\/\/www.miomiorun.com\/fr\/produit\/sprint-free-short-sleeve-femme\/","name":"Brooks Sprint Free Short Sleeve femme - T-shirt femme- MioMioRun","isPartOf":{"@id":"https:\/\/www.miomiorun.com\/fr\/#website"},"primaryImageOfPage":{"@id":"https:\/\/www.miomiorun.com\/fr\/produit\/sprint-free-short-sleeve-femme\/#primaryimage"},"image":{"@id":"https:\/\/www.miomiorun.com\/fr\/produit\/sprint-free-short-sleeve-femme\/#primaryimage"},"thumbnailUrl":"https:\/\/www.miomiorun.com\/app\/uploads\/2022\/03\/brooks-Sprint-Free-Short-Sleeve-221534434.jpg","datePublished":"2022-03-05T17:39:28+00:00","dateModified":"2026-05-08T19:23:14+00:00","description":"Cours en toute libert\u00e9 avec ce maillot respirant. Le Sprint Free pour femme, \u00e0 manches courtes, est notre t-shirt le plus l\u00e9ger.","breadcrumb":{"@id":"https:\/\/www.miomiorun.com\/fr\/produit\/sprint-free-short-sleeve-femme\/#breadcrumb"},"inLanguage":"fr-FR","potentialAction":[{"@type":"ReadAction","target":["https:\/\/www.miomiorun.com\/fr\/produit\/sprint-free-short-sleeve-femme\/"]}]},{"@type":"ImageObject","inLanguage":"fr-FR","@id":"https:\/\/www.miomiorun.com\/fr\/produit\/sprint-free-short-sleeve-femme\/#primaryimage","url":"https:\/\/www.miomiorun.com\/app\/uploads\/2022\/03\/brooks-Sprint-Free-Short-Sleeve-221534434.jpg","contentUrl":"https:\/\/www.miomiorun.com\/app\/uploads\/2022\/03\/brooks-Sprint-Free-Short-Sleeve-221534434.jpg","width":600,"height":600,"caption":"brooks-Sprint-Free-Short-Sleeve-221534434"},{"@type":"BreadcrumbList","@id":"https:\/\/www.miomiorun.com\/fr\/produit\/sprint-free-short-sleeve-femme\/#breadcrumb","itemListElement":[{"@type":"ListItem","position":1,"name":"Home","item":"https:\/\/www.miomiorun.com\/fr\/home-page\/"},{"@type":"ListItem","position":2,"name":"Shop","item":"https:\/\/www.miomiorun.com\/shop\/"},{"@type":"ListItem","position":3,"name":"Sprint Free Short Sleeve femme"}]},{"@type":"WebSite","@id":"https:\/\/www.miomiorun.com\/fr\/#website","url":"https:\/\/www.miomiorun.com\/fr\/","name":"MioMioRun","description":"Boutique 100% running et trail","publisher":{"@id":"https:\/\/www.miomiorun.com\/fr\/#organization"},"potentialAction":[{"@type":"SearchAction","target":{"@type":"EntryPoint","urlTemplate":"https:\/\/www.miomiorun.com\/fr\/?s={search_term_string}"},"query-input":{"@type":"PropertyValueSpecification","valueRequired":true,"valueName":"search_term_string"}}],"inLanguage":"fr-FR"},{"@type":"Organization","@id":"https:\/\/www.miomiorun.com\/fr\/#organization","name":"MioMio Run","url":"https:\/\/www.miomiorun.com\/fr\/","logo":{"@type":"ImageObject","inLanguage":"fr-FR","@id":"https:\/\/www.miomiorun.com\/fr\/#\/schema\/logo\/image\/","url":"https:\/\/www.miomiorun.com\/app\/uploads\/2019\/12\/logomio.png","contentUrl":"https:\/\/www.miomiorun.com\/app\/uploads\/2019\/12\/logomio.png","width":115,"height":82,"caption":"MioMio Run"},"image":{"@id":"https:\/\/www.miomiorun.com\/fr\/#\/schema\/logo\/image\/"},"sameAs":["https:\/\/www.facebook.com\/miomiorun\/","https:\/\/www.instagram.com\/miomiorun\/"]}]}},"_links":{"self":[{"href":"https:\/\/www.miomiorun.com\/fr\/wp-json\/wp\/v2\/product\/282078","targetHints":{"allow":["GET"]}}],"collection":[{"href":"https:\/\/www.miomiorun.com\/fr\/wp-json\/wp\/v2\/product"}],"about":[{"href":"https:\/\/www.miomiorun.com\/fr\/wp-json\/wp\/v2\/types\/product"}],"wp:featuredmedia":[{"embeddable":true,"href":"https:\/\/www.miomiorun.com\/fr\/wp-json\/wp\/v2\/media\/235541"}],"wp:attachment":[{"href":"https:\/\/www.miomiorun.com\/fr\/wp-json\/wp\/v2\/media?parent=282078"}],"wp:term":[{"taxonomy":"product_brand","embeddable":true,"href":"https:\/\/www.miomiorun.com\/fr\/wp-json\/wp\/v2\/product_brand?post=282078"},{"taxonomy":"product_cat","embeddable":true,"href":"https:\/\/www.miomiorun.com\/fr\/wp-json\/wp\/v2\/product_cat?post=282078"},{"taxonomy":"product_tag","embeddable":true,"href":"https:\/\/www.miomiorun.com\/fr\/wp-json\/wp\/v2\/product_tag?post=282078"}],"curies":[{"name":"wp","href":"https:\/\/api.w.org\/{rel}","templated":true}]}}