{"id":282076,"date":"2022-03-08T12:10:41","date_gmt":"2022-03-08T11:10:41","guid":{"rendered":"https:\/\/miomiorun.com\/prodotto\/brooks-sprint-free-tank-donna\/"},"modified":"2025-12-19T12:14:46","modified_gmt":"2025-12-19T11:14:46","slug":"brooks-sprint-free-tank-femme","status":"publish","type":"product","link":"https:\/\/www.miomiorun.com\/fr\/produit\/brooks-sprint-free-tank-femme\/","title":{"rendered":"Sprint Free Tank femme"},"content":{"rendered":"<p>Il existe de nombreux hauts respirants, mais nous sommes l\u00e0 pour vous faciliter le choix. Le d\u00e9bardeur <strong>Sprint Free<\/strong> pour femme, notre v\u00eatement le plus l\u00e9ger, allie un style moderne et une finition anti-odeurs pour vous offrir fra\u00eecheur et confort \u00e0 chaque sortie.<\/p>\n<h3 class=\"a-type-h4 m-long-description__label\">Id\u00e9al pour :<\/h3>\n<ul class=\"m-long-description__best-for\">\n<li class=\"m-long-description__best-for-item\">\n<div class=\"m-long-description__best-for-icon\" aria-hidden=\"true\"><img loading=\"lazy\" decoding=\"async\" class=\"a-responsive-image__img\" src=\"https:\/\/www.brooksrunning.com\/on\/demandware.static\/-\/Sites-brooks-master-catalog\/default\/dwd365409a\/specs\/PDP-BestFor-APP-Beat-The-Heat.svg\" alt=\"\" width=\"41\" height=\"41\"> Temp\u00e9ratures \u00e9lev\u00e9es.<\/div>\n<\/li>\n<li class=\"m-long-description__best-for-item\">\n<div class=\"m-long-description__best-for-icon\" aria-hidden=\"true\"><img loading=\"lazy\" decoding=\"async\" class=\"a-responsive-image__img\" src=\"https:\/\/www.brooksrunning.com\/on\/demandware.static\/-\/Sites-brooks-master-catalog\/default\/dw4fc42e57\/specs\/PDP-BestFor-FTW-APP-BRA-Breathability.svg\" alt=\"\" width=\"40\" height=\"40\"> Respirabilit\u00e9.<\/div>\n<\/li>\n<li class=\"m-long-description__best-for-item\">\n<div class=\"m-long-description__best-for-icon\" aria-hidden=\"true\"><img loading=\"lazy\" decoding=\"async\" class=\"a-responsive-image__img\" src=\"https:\/\/www.brooksrunning.com\/on\/demandware.static\/-\/Sites-brooks-master-catalog\/default\/dweb5c0570\/specs\/PDP-BestFor-APP-Oder-Resistant.svg\" alt=\"\" width=\"40\" height=\"40\"> R\u00e9sistance aux odeurs.<\/div>\n<\/li>\n<li class=\"m-long-description__best-for-item\">\n<div class=\"m-long-description__best-for-icon\" aria-hidden=\"true\"><img loading=\"lazy\" decoding=\"async\" class=\"a-responsive-image__img\" src=\"https:\/\/www.brooksrunning.com\/on\/demandware.static\/-\/Sites-brooks-master-catalog\/default\/dw90e0d184\/specs\/PDP-BestFor-APP-BRA-New-Fit.svg\" alt=\"\" width=\"40\" height=\"40\"> Coupe moderne.<\/div>\n<\/li>\n<\/ul>\n<p><strong>Caract\u00e9ristiques :<\/strong><\/p>\n<ul class=\"m-long-description__features\">\n<li class=\"m-long-description__feature\">Fentes lat\u00e9rales<\/li>\n<li class=\"m-long-description__feature\">R\u00e9sistant aux odeurs<\/li>\n<li class=\"m-long-description__feature\">Ultra respirant<\/li>\n<li class=\"m-long-description__feature\">\u00c9cologique<\/li>\n<\/ul>\n<div class=\"o-feature-callout__feature-copy\">\n<h2 class=\"a-type-h4 o-feature-callout__feature-eyebrow\">Pr\u00eat \u00e0 l&#8217;emploi<\/h2>\n<p class=\"a-type-h3--big o-feature-callout__feature-header\">Coupe moderne<\/p>\n<p class=\"a-type-p o-feature-callout__feature-body\">Le col montant et les fentes lat\u00e9rales conf\u00e8rent \u00e0 ce v\u00eatement un look moderne, pour vous aider \u00e0 affronter vos sorties en toute s\u00e9curit\u00e9. <\/p>\n<h2>Nouvelle finition<\/h2>\n<\/div>\n<div class=\"o-feature-callout__feature-copy\">\n<p class=\"a-type-h3--big o-feature-callout__feature-header\">R\u00e9sistant aux odeurs<\/p>\n<p class=\"a-type-p o-feature-callout__feature-body\">Fra\u00eecheur garantie gr\u00e2ce \u00e0 la finition antimicrobienne, lavage apr\u00e8s lavage. <\/p>\n<div class=\"o-feature-callout__feature-copy\">\n<h2 class=\"a-type-h4 o-feature-callout__feature-eyebrow\">Circulation d&#8217;air int\u00e9gr\u00e9e<\/h2>\n<p class=\"a-type-h3--big o-feature-callout__feature-header\">Ultra respirant<\/p>\n<p class=\"a-type-p o-feature-callout__feature-body\">Notre nouveau tissu en maille ultra-l\u00e9ger avec des propri\u00e9t\u00e9s extensibles dans quatre directions offre une respirabilit\u00e9 maximale. <\/p>\n<\/div>\n<\/div>\n","protected":false},"excerpt":{"rendered":"<p>Il existe de nombreux hauts respirants, mais nous sommes l\u00e0 pour vous faciliter le choix. Le d\u00e9bardeur Sprint Free pour femme, notre v\u00eatement le plus l\u00e9ger, allie un style moderne et une finition anti-odeurs pour vous offrir fra\u00eecheur et confort \u00e0 chaque sortie. Id\u00e9al pour : Temp\u00e9ratures \u00e9lev\u00e9es. Respirabilit\u00e9. R\u00e9sistance aux odeurs. Coupe moderne. Caract\u00e9ristiques &hellip; <a href=\"https:\/\/www.miomiorun.com\/fr\/produit\/brooks-sprint-free-tank-femme\/\">Continued<\/a><\/p>\n","protected":false},"featured_media":235547,"template":"","meta":{"_acf_changed":false,"inline_featured_image":false},"product_brand":[],"product_cat":[24442,24444],"product_tag":[23462,23656],"class_list":{"0":"post-282076","1":"product","2":"type-product","3":"status-publish","4":"has-post-thumbnail","6":"product_cat-gilets-fr-2","7":"product_cat-vetements-pour-femmes-fr","8":"product_tag-brooks-fr","9":"product_tag-brooks-femme","11":"first","12":"instock","13":"sale","14":"taxable","15":"shipping-taxable","16":"purchasable","17":"product-type-variable","18":"wvs-archive-product-wrapper"},"acf":[],"yoast_head":"<!-- This site is optimized with the Yoast SEO plugin v26.8 - https:\/\/yoast.com\/product\/yoast-seo-wordpress\/ -->\n<title>Brooks Sprint Free Tank femme - D\u00e9bardeur de course \u00e0 pied - MioMioRun<\/title>\n<meta name=\"description\" content=\"Il existe de nombreux hauts respirants, mais nous sommes l\u00e0 pour vous faciliter le choix. Le d\u00e9bardeur Sprint Free est notre v\u00eatement le plus l\u00e9ger.\" \/>\n<meta name=\"robots\" content=\"index, follow, max-snippet:-1, max-image-preview:large, max-video-preview:-1\" \/>\n<link rel=\"canonical\" href=\"https:\/\/www.miomiorun.com\/fr\/produit\/brooks-sprint-free-tank-femme\/\" \/>\n<meta property=\"og:locale\" content=\"fr_FR\" \/>\n<meta property=\"og:type\" content=\"article\" \/>\n<meta property=\"og:title\" content=\"Brooks Sprint Free Tank femme - D\u00e9bardeur de course \u00e0 pied - MioMioRun\" \/>\n<meta property=\"og:description\" content=\"Il existe de nombreux hauts respirants, mais nous sommes l\u00e0 pour vous faciliter le choix. Le d\u00e9bardeur Sprint Free est notre v\u00eatement le plus l\u00e9ger.\" \/>\n<meta property=\"og:url\" content=\"https:\/\/www.miomiorun.com\/fr\/produit\/brooks-sprint-free-tank-femme\/\" \/>\n<meta property=\"og:site_name\" content=\"MioMioRun\" \/>\n<meta property=\"article:publisher\" content=\"https:\/\/www.facebook.com\/miomiorun\/\" \/>\n<meta property=\"article:modified_time\" content=\"2025-12-19T11:14:46+00:00\" \/>\n<meta property=\"og:image\" content=\"https:\/\/www.miomiorun.com\/app\/uploads\/2022\/03\/brooks-Sprint-Free-Tank-221535554.jpg\" \/>\n\t<meta property=\"og:image:width\" content=\"600\" \/>\n\t<meta property=\"og:image:height\" content=\"600\" \/>\n\t<meta property=\"og:image:type\" content=\"image\/jpeg\" \/>\n<meta name=\"twitter:card\" content=\"summary_large_image\" \/>\n<meta name=\"twitter:label1\" content=\"Est. reading time\" \/>\n\t<meta name=\"twitter:data1\" content=\"1 minute\" \/>\n<script type=\"application\/ld+json\" class=\"yoast-schema-graph\">{\"@context\":\"https:\/\/schema.org\",\"@graph\":[{\"@type\":\"WebPage\",\"@id\":\"https:\/\/www.miomiorun.com\/fr\/produit\/brooks-sprint-free-tank-femme\/\",\"url\":\"https:\/\/www.miomiorun.com\/fr\/produit\/brooks-sprint-free-tank-femme\/\",\"name\":\"Brooks Sprint Free Tank femme - D\u00e9bardeur de course \u00e0 pied - MioMioRun\",\"isPartOf\":{\"@id\":\"https:\/\/www.miomiorun.com\/fr\/#website\"},\"primaryImageOfPage\":{\"@id\":\"https:\/\/www.miomiorun.com\/fr\/produit\/brooks-sprint-free-tank-femme\/#primaryimage\"},\"image\":{\"@id\":\"https:\/\/www.miomiorun.com\/fr\/produit\/brooks-sprint-free-tank-femme\/#primaryimage\"},\"thumbnailUrl\":\"https:\/\/www.miomiorun.com\/app\/uploads\/2022\/03\/brooks-Sprint-Free-Tank-221535554.jpg\",\"datePublished\":\"2022-03-08T11:10:41+00:00\",\"dateModified\":\"2025-12-19T11:14:46+00:00\",\"description\":\"Il existe de nombreux hauts respirants, mais nous sommes l\u00e0 pour vous faciliter le choix. Le d\u00e9bardeur Sprint Free est notre v\u00eatement le plus l\u00e9ger.\",\"breadcrumb\":{\"@id\":\"https:\/\/www.miomiorun.com\/fr\/produit\/brooks-sprint-free-tank-femme\/#breadcrumb\"},\"inLanguage\":\"fr-FR\",\"potentialAction\":[{\"@type\":\"ReadAction\",\"target\":[\"https:\/\/www.miomiorun.com\/fr\/produit\/brooks-sprint-free-tank-femme\/\"]}]},{\"@type\":\"ImageObject\",\"inLanguage\":\"fr-FR\",\"@id\":\"https:\/\/www.miomiorun.com\/fr\/produit\/brooks-sprint-free-tank-femme\/#primaryimage\",\"url\":\"https:\/\/www.miomiorun.com\/app\/uploads\/2022\/03\/brooks-Sprint-Free-Tank-221535554.jpg\",\"contentUrl\":\"https:\/\/www.miomiorun.com\/app\/uploads\/2022\/03\/brooks-Sprint-Free-Tank-221535554.jpg\",\"width\":600,\"height\":600,\"caption\":\"brooks-Sprint-Free-Tank-221535554\"},{\"@type\":\"BreadcrumbList\",\"@id\":\"https:\/\/www.miomiorun.com\/fr\/produit\/brooks-sprint-free-tank-femme\/#breadcrumb\",\"itemListElement\":[{\"@type\":\"ListItem\",\"position\":1,\"name\":\"Home\",\"item\":\"https:\/\/www.miomiorun.com\/fr\/home-page\/\"},{\"@type\":\"ListItem\",\"position\":2,\"name\":\"Shop\",\"item\":\"https:\/\/www.miomiorun.com\/shop\/\"},{\"@type\":\"ListItem\",\"position\":3,\"name\":\"Sprint Free Tank femme\"}]},{\"@type\":\"WebSite\",\"@id\":\"https:\/\/www.miomiorun.com\/fr\/#website\",\"url\":\"https:\/\/www.miomiorun.com\/fr\/\",\"name\":\"MioMioRun\",\"description\":\"Boutique 100% running et trail\",\"publisher\":{\"@id\":\"https:\/\/www.miomiorun.com\/fr\/#organization\"},\"potentialAction\":[{\"@type\":\"SearchAction\",\"target\":{\"@type\":\"EntryPoint\",\"urlTemplate\":\"https:\/\/www.miomiorun.com\/fr\/?s={search_term_string}\"},\"query-input\":{\"@type\":\"PropertyValueSpecification\",\"valueRequired\":true,\"valueName\":\"search_term_string\"}}],\"inLanguage\":\"fr-FR\"},{\"@type\":\"Organization\",\"@id\":\"https:\/\/www.miomiorun.com\/fr\/#organization\",\"name\":\"MioMio Run\",\"url\":\"https:\/\/www.miomiorun.com\/fr\/\",\"logo\":{\"@type\":\"ImageObject\",\"inLanguage\":\"fr-FR\",\"@id\":\"https:\/\/www.miomiorun.com\/fr\/#\/schema\/logo\/image\/\",\"url\":\"https:\/\/www.miomiorun.com\/app\/uploads\/2019\/12\/logomio.png\",\"contentUrl\":\"https:\/\/www.miomiorun.com\/app\/uploads\/2019\/12\/logomio.png\",\"width\":115,\"height\":82,\"caption\":\"MioMio Run\"},\"image\":{\"@id\":\"https:\/\/www.miomiorun.com\/fr\/#\/schema\/logo\/image\/\"},\"sameAs\":[\"https:\/\/www.facebook.com\/miomiorun\/\",\"https:\/\/www.instagram.com\/miomiorun\/\"]}]}<\/script>\n<!-- \/ Yoast SEO plugin. -->","yoast_head_json":{"title":"Brooks Sprint Free Tank femme - D\u00e9bardeur de course \u00e0 pied - MioMioRun","description":"Il existe de nombreux hauts respirants, mais nous sommes l\u00e0 pour vous faciliter le choix. Le d\u00e9bardeur Sprint Free est notre v\u00eatement le plus l\u00e9ger.","robots":{"index":"index","follow":"follow","max-snippet":"max-snippet:-1","max-image-preview":"max-image-preview:large","max-video-preview":"max-video-preview:-1"},"canonical":"https:\/\/www.miomiorun.com\/fr\/produit\/brooks-sprint-free-tank-femme\/","og_locale":"fr_FR","og_type":"article","og_title":"Brooks Sprint Free Tank femme - D\u00e9bardeur de course \u00e0 pied - MioMioRun","og_description":"Il existe de nombreux hauts respirants, mais nous sommes l\u00e0 pour vous faciliter le choix. Le d\u00e9bardeur Sprint Free est notre v\u00eatement le plus l\u00e9ger.","og_url":"https:\/\/www.miomiorun.com\/fr\/produit\/brooks-sprint-free-tank-femme\/","og_site_name":"MioMioRun","article_publisher":"https:\/\/www.facebook.com\/miomiorun\/","article_modified_time":"2025-12-19T11:14:46+00:00","og_image":[{"width":600,"height":600,"url":"https:\/\/www.miomiorun.com\/app\/uploads\/2022\/03\/brooks-Sprint-Free-Tank-221535554.jpg","type":"image\/jpeg"}],"twitter_card":"summary_large_image","twitter_misc":{"Est. reading time":"1 minute"},"schema":{"@context":"https:\/\/schema.org","@graph":[{"@type":"WebPage","@id":"https:\/\/www.miomiorun.com\/fr\/produit\/brooks-sprint-free-tank-femme\/","url":"https:\/\/www.miomiorun.com\/fr\/produit\/brooks-sprint-free-tank-femme\/","name":"Brooks Sprint Free Tank femme - D\u00e9bardeur de course \u00e0 pied - MioMioRun","isPartOf":{"@id":"https:\/\/www.miomiorun.com\/fr\/#website"},"primaryImageOfPage":{"@id":"https:\/\/www.miomiorun.com\/fr\/produit\/brooks-sprint-free-tank-femme\/#primaryimage"},"image":{"@id":"https:\/\/www.miomiorun.com\/fr\/produit\/brooks-sprint-free-tank-femme\/#primaryimage"},"thumbnailUrl":"https:\/\/www.miomiorun.com\/app\/uploads\/2022\/03\/brooks-Sprint-Free-Tank-221535554.jpg","datePublished":"2022-03-08T11:10:41+00:00","dateModified":"2025-12-19T11:14:46+00:00","description":"Il existe de nombreux hauts respirants, mais nous sommes l\u00e0 pour vous faciliter le choix. Le d\u00e9bardeur Sprint Free est notre v\u00eatement le plus l\u00e9ger.","breadcrumb":{"@id":"https:\/\/www.miomiorun.com\/fr\/produit\/brooks-sprint-free-tank-femme\/#breadcrumb"},"inLanguage":"fr-FR","potentialAction":[{"@type":"ReadAction","target":["https:\/\/www.miomiorun.com\/fr\/produit\/brooks-sprint-free-tank-femme\/"]}]},{"@type":"ImageObject","inLanguage":"fr-FR","@id":"https:\/\/www.miomiorun.com\/fr\/produit\/brooks-sprint-free-tank-femme\/#primaryimage","url":"https:\/\/www.miomiorun.com\/app\/uploads\/2022\/03\/brooks-Sprint-Free-Tank-221535554.jpg","contentUrl":"https:\/\/www.miomiorun.com\/app\/uploads\/2022\/03\/brooks-Sprint-Free-Tank-221535554.jpg","width":600,"height":600,"caption":"brooks-Sprint-Free-Tank-221535554"},{"@type":"BreadcrumbList","@id":"https:\/\/www.miomiorun.com\/fr\/produit\/brooks-sprint-free-tank-femme\/#breadcrumb","itemListElement":[{"@type":"ListItem","position":1,"name":"Home","item":"https:\/\/www.miomiorun.com\/fr\/home-page\/"},{"@type":"ListItem","position":2,"name":"Shop","item":"https:\/\/www.miomiorun.com\/shop\/"},{"@type":"ListItem","position":3,"name":"Sprint Free Tank femme"}]},{"@type":"WebSite","@id":"https:\/\/www.miomiorun.com\/fr\/#website","url":"https:\/\/www.miomiorun.com\/fr\/","name":"MioMioRun","description":"Boutique 100% running et trail","publisher":{"@id":"https:\/\/www.miomiorun.com\/fr\/#organization"},"potentialAction":[{"@type":"SearchAction","target":{"@type":"EntryPoint","urlTemplate":"https:\/\/www.miomiorun.com\/fr\/?s={search_term_string}"},"query-input":{"@type":"PropertyValueSpecification","valueRequired":true,"valueName":"search_term_string"}}],"inLanguage":"fr-FR"},{"@type":"Organization","@id":"https:\/\/www.miomiorun.com\/fr\/#organization","name":"MioMio Run","url":"https:\/\/www.miomiorun.com\/fr\/","logo":{"@type":"ImageObject","inLanguage":"fr-FR","@id":"https:\/\/www.miomiorun.com\/fr\/#\/schema\/logo\/image\/","url":"https:\/\/www.miomiorun.com\/app\/uploads\/2019\/12\/logomio.png","contentUrl":"https:\/\/www.miomiorun.com\/app\/uploads\/2019\/12\/logomio.png","width":115,"height":82,"caption":"MioMio Run"},"image":{"@id":"https:\/\/www.miomiorun.com\/fr\/#\/schema\/logo\/image\/"},"sameAs":["https:\/\/www.facebook.com\/miomiorun\/","https:\/\/www.instagram.com\/miomiorun\/"]}]}},"_links":{"self":[{"href":"https:\/\/www.miomiorun.com\/fr\/wp-json\/wp\/v2\/product\/282076","targetHints":{"allow":["GET"]}}],"collection":[{"href":"https:\/\/www.miomiorun.com\/fr\/wp-json\/wp\/v2\/product"}],"about":[{"href":"https:\/\/www.miomiorun.com\/fr\/wp-json\/wp\/v2\/types\/product"}],"wp:featuredmedia":[{"embeddable":true,"href":"https:\/\/www.miomiorun.com\/fr\/wp-json\/wp\/v2\/media\/235547"}],"wp:attachment":[{"href":"https:\/\/www.miomiorun.com\/fr\/wp-json\/wp\/v2\/media?parent=282076"}],"wp:term":[{"taxonomy":"product_brand","embeddable":true,"href":"https:\/\/www.miomiorun.com\/fr\/wp-json\/wp\/v2\/product_brand?post=282076"},{"taxonomy":"product_cat","embeddable":true,"href":"https:\/\/www.miomiorun.com\/fr\/wp-json\/wp\/v2\/product_cat?post=282076"},{"taxonomy":"product_tag","embeddable":true,"href":"https:\/\/www.miomiorun.com\/fr\/wp-json\/wp\/v2\/product_tag?post=282076"}],"curies":[{"name":"wp","href":"https:\/\/api.w.org\/{rel}","templated":true}]}}