{"id":281830,"date":"2022-03-15T11:46:27","date_gmt":"2022-03-15T10:46:27","guid":{"rendered":"https:\/\/miomiorun.com\/prodotto\/la-sportiva-akasha-ii-donna\/"},"modified":"2025-12-09T10:57:42","modified_gmt":"2025-12-09T09:57:42","slug":"la-sportiva-akasha-ii-femme","status":"publish","type":"product","link":"https:\/\/www.miomiorun.com\/fr\/produit\/la-sportiva-akasha-ii-femme\/","title":{"rendered":"Akasha II femme"},"content":{"rendered":"<div class=\"vc-row container\"><div class=\"vc-column\"><div class=\"vc-column-text\"><\/p>\n<p><strong>Caract\u00e9ristiques techniques<\/strong><\/p>\n<p>Cat\u00e9gorie : amorti sup\u00e9rieur<br \/>\nD\u00e9calage : 6 mm<br \/>\nPoids : 260 g<br \/>\nId\u00e9al pour : les amateurs de course et de marche en montagne \u00e0 la recherche d&#8217;un mod\u00e8le polyvalent capable de garantir traction, protection et confort, aussi bien sur les longues distances que sur les distances moyennes.<br \/>\nPoids de l&#8217;athl\u00e8te : 60-70 kg<br \/>\nAllure de course : moyenne-lente (&gt;5,00 min\/km)<br \/>\n<a href=\"https:\/\/miomiorun.com\/fr\/guide-des-specificites\/\">Guide des sp\u00e9cifications techniques<\/a><\/p>\n<p><\/div><\/div><div class=\"vc-column\"><div class=\"vc-column-text\"> Offrant la combinaison parfaite entre amorti, r\u00e9activit\u00e9 et traction de la semelle, la <strong>Akasha II <\/strong>pour femme est la chaussure pr\u00e9f\u00e9r\u00e9e des coureuses de trail qui recherchent des terrains techniques ou des sorties \u00e0 haut kilom\u00e9trage. Outre les modifications esth\u00e9tiques, les mises \u00e0 jour 2022 de l&#8217;Akasha II se concentrent sur une durabilit\u00e9, une protection et une respirabilit\u00e9 accrues.<\/p>\n<p><strong>Caract\u00e9ristiques :<\/strong><\/p>\n<p>\u2022 La tige 3D AirMesh hautement respirante est tr\u00e8s accommodante et s&#8217;adapte \u00e0 tous les volumes de pied.<br \/>\n\u2022 Les couches ext\u00e9rieures Dynamic ProTechTion\u2122 HF sur l&#8217;avant-pied offrent une protection l\u00e9g\u00e8re et flexible.<br \/>\n\u2022 Le MEMlex EVA \u00e0 double injection r\u00e9duit les chocs lorsque vous courez sur des terrains rocheux et difficiles, tandis que la plateforme amortissante assure une sensation de rebond sous les pieds, kilom\u00e8tre apr\u00e8s kilom\u00e8tre.<br \/>\n\u2022 La semelle FriXion\u00ae XT et le trail rocker offrent non seulement une bonne adh\u00e9rence, mais favorisent \u00e9galement un mouvement fluide et harmonieux du talon \u00e0 la pointe pour une foul\u00e9e sans obstacle.<br \/>\n\u2022 La technologie de stabilisation STB des deux c\u00f4t\u00e9s de la semelle interm\u00e9diaire r\u00e9duit la torsion et augmente la stabilit\u00e9 pour un contr\u00f4le pr\u00e9cis sur tous les terrains. <\/div><\/div><\/div>\n","protected":false},"excerpt":{"rendered":"","protected":false},"featured_media":235651,"template":"","meta":{"_acf_changed":false,"inline_featured_image":false},"product_brand":[],"product_cat":[22605,22608],"product_tag":[23597,23601],"class_list":{"0":"post-281830","1":"product","2":"type-product","3":"status-publish","4":"has-post-thumbnail","6":"product_cat-chaussures-pour-femmes","7":"product_cat-trail-fr","8":"product_tag-la-sportiva-fr","9":"product_tag-la-sportiva-femme","10":"pa_attivita-outdoor-fr","11":"pa_attivita-trail-fr","12":"pa_colore-akasha-ii-w-hibiscus-malibu-blue-fr","13":"pa_colore-akasha-ii-w-limestone-cypress-fr","14":"pa_colore-akasha-ii-w-shadow-red-plum-fr","15":"pa_colore-akasha-ii-w-springtime-cherry-tomato-fr","16":"pa_colore-akasha-ii-w-topaz-red-plum-fr","17":"pa_marca-la-sportiva-fr","18":"pa_sesso-femme","19":"pa_size-37-5-fr","20":"pa_size-38-fr","21":"pa_size-38-5-fr","22":"pa_size-39-fr","23":"pa_size-39-5-fr","24":"pa_size-40-fr","25":"pa_size-40-5-fr","26":"pa_size-41-5-fr","27":"pa_size-42-fr","29":"first","30":"instock","31":"sale","32":"taxable","33":"shipping-taxable","34":"purchasable","35":"product-type-variable","36":"wvs-archive-product-wrapper"},"acf":[],"yoast_head":"<!-- This site is optimized with the Yoast SEO plugin v26.8 - https:\/\/yoast.com\/product\/yoast-seo-wordpress\/ -->\n<title>La sportiva Akasha II femme - chaussures de trail femmes - MioMioRun .com<\/title>\n<meta name=\"description\" content=\"Alliant amorti, r\u00e9activit\u00e9 et adh\u00e9rence, la chaussure Akasha II pour femme est la pr\u00e9f\u00e9r\u00e9e des coureuses de trail.\" \/>\n<meta name=\"robots\" content=\"index, follow, max-snippet:-1, max-image-preview:large, max-video-preview:-1\" \/>\n<link rel=\"canonical\" href=\"https:\/\/www.miomiorun.com\/fr\/produit\/la-sportiva-akasha-ii-femme\/\" \/>\n<meta property=\"og:locale\" content=\"fr_FR\" \/>\n<meta property=\"og:type\" content=\"article\" \/>\n<meta property=\"og:title\" content=\"La sportiva Akasha II femme - chaussures de trail femmes - MioMioRun .com\" \/>\n<meta property=\"og:description\" content=\"Alliant amorti, r\u00e9activit\u00e9 et adh\u00e9rence, la chaussure Akasha II pour femme est la pr\u00e9f\u00e9r\u00e9e des coureuses de trail.\" \/>\n<meta property=\"og:url\" content=\"https:\/\/www.miomiorun.com\/fr\/produit\/la-sportiva-akasha-ii-femme\/\" \/>\n<meta property=\"og:site_name\" content=\"MioMioRun\" \/>\n<meta property=\"article:publisher\" content=\"https:\/\/www.facebook.com\/miomiorun\/\" \/>\n<meta property=\"article:modified_time\" content=\"2025-12-09T09:57:42+00:00\" \/>\n<meta property=\"og:image\" content=\"https:\/\/www.miomiorun.com\/app\/uploads\/2022\/03\/la-sportiva-akasha-II-W-hibiscus-malibu-blue-56B402602.jpg\" \/>\n\t<meta property=\"og:image:width\" content=\"600\" \/>\n\t<meta property=\"og:image:height\" content=\"600\" \/>\n\t<meta property=\"og:image:type\" content=\"image\/jpeg\" \/>\n<meta name=\"twitter:card\" content=\"summary_large_image\" \/>\n<meta name=\"twitter:label1\" content=\"Est. reading time\" \/>\n\t<meta name=\"twitter:data1\" content=\"2 minutes\" \/>\n<script type=\"application\/ld+json\" class=\"yoast-schema-graph\">{\"@context\":\"https:\/\/schema.org\",\"@graph\":[{\"@type\":\"WebPage\",\"@id\":\"https:\/\/www.miomiorun.com\/fr\/produit\/la-sportiva-akasha-ii-femme\/\",\"url\":\"https:\/\/www.miomiorun.com\/fr\/produit\/la-sportiva-akasha-ii-femme\/\",\"name\":\"La sportiva Akasha II femme - chaussures de trail femmes - MioMioRun .com\",\"isPartOf\":{\"@id\":\"https:\/\/www.miomiorun.com\/fr\/#website\"},\"primaryImageOfPage\":{\"@id\":\"https:\/\/www.miomiorun.com\/fr\/produit\/la-sportiva-akasha-ii-femme\/#primaryimage\"},\"image\":{\"@id\":\"https:\/\/www.miomiorun.com\/fr\/produit\/la-sportiva-akasha-ii-femme\/#primaryimage\"},\"thumbnailUrl\":\"https:\/\/www.miomiorun.com\/app\/uploads\/2022\/03\/la-sportiva-akasha-II-W-hibiscus-malibu-blue-56B402602.jpg\",\"datePublished\":\"2022-03-15T10:46:27+00:00\",\"dateModified\":\"2025-12-09T09:57:42+00:00\",\"description\":\"Alliant amorti, r\u00e9activit\u00e9 et adh\u00e9rence, la chaussure Akasha II pour femme est la pr\u00e9f\u00e9r\u00e9e des coureuses de trail.\",\"breadcrumb\":{\"@id\":\"https:\/\/www.miomiorun.com\/fr\/produit\/la-sportiva-akasha-ii-femme\/#breadcrumb\"},\"inLanguage\":\"fr-FR\",\"potentialAction\":[{\"@type\":\"ReadAction\",\"target\":[\"https:\/\/www.miomiorun.com\/fr\/produit\/la-sportiva-akasha-ii-femme\/\"]}]},{\"@type\":\"ImageObject\",\"inLanguage\":\"fr-FR\",\"@id\":\"https:\/\/www.miomiorun.com\/fr\/produit\/la-sportiva-akasha-ii-femme\/#primaryimage\",\"url\":\"https:\/\/www.miomiorun.com\/app\/uploads\/2022\/03\/la-sportiva-akasha-II-W-hibiscus-malibu-blue-56B402602.jpg\",\"contentUrl\":\"https:\/\/www.miomiorun.com\/app\/uploads\/2022\/03\/la-sportiva-akasha-II-W-hibiscus-malibu-blue-56B402602.jpg\",\"width\":600,\"height\":600,\"caption\":\"la-sportiva-akasha-II-W-hibiscus-malibu-blue-56B402602\"},{\"@type\":\"BreadcrumbList\",\"@id\":\"https:\/\/www.miomiorun.com\/fr\/produit\/la-sportiva-akasha-ii-femme\/#breadcrumb\",\"itemListElement\":[{\"@type\":\"ListItem\",\"position\":1,\"name\":\"Home\",\"item\":\"https:\/\/www.miomiorun.com\/fr\/home-page\/\"},{\"@type\":\"ListItem\",\"position\":2,\"name\":\"Shop\",\"item\":\"https:\/\/www.miomiorun.com\/shop\/\"},{\"@type\":\"ListItem\",\"position\":3,\"name\":\"Akasha II femme\"}]},{\"@type\":\"WebSite\",\"@id\":\"https:\/\/www.miomiorun.com\/fr\/#website\",\"url\":\"https:\/\/www.miomiorun.com\/fr\/\",\"name\":\"MioMioRun\",\"description\":\"Boutique 100% running et trail\",\"publisher\":{\"@id\":\"https:\/\/www.miomiorun.com\/fr\/#organization\"},\"potentialAction\":[{\"@type\":\"SearchAction\",\"target\":{\"@type\":\"EntryPoint\",\"urlTemplate\":\"https:\/\/www.miomiorun.com\/fr\/?s={search_term_string}\"},\"query-input\":{\"@type\":\"PropertyValueSpecification\",\"valueRequired\":true,\"valueName\":\"search_term_string\"}}],\"inLanguage\":\"fr-FR\"},{\"@type\":\"Organization\",\"@id\":\"https:\/\/www.miomiorun.com\/fr\/#organization\",\"name\":\"MioMio Run\",\"url\":\"https:\/\/www.miomiorun.com\/fr\/\",\"logo\":{\"@type\":\"ImageObject\",\"inLanguage\":\"fr-FR\",\"@id\":\"https:\/\/www.miomiorun.com\/fr\/#\/schema\/logo\/image\/\",\"url\":\"https:\/\/www.miomiorun.com\/app\/uploads\/2019\/12\/logomio.png\",\"contentUrl\":\"https:\/\/www.miomiorun.com\/app\/uploads\/2019\/12\/logomio.png\",\"width\":115,\"height\":82,\"caption\":\"MioMio Run\"},\"image\":{\"@id\":\"https:\/\/www.miomiorun.com\/fr\/#\/schema\/logo\/image\/\"},\"sameAs\":[\"https:\/\/www.facebook.com\/miomiorun\/\",\"https:\/\/www.instagram.com\/miomiorun\/\"]}]}<\/script>\n<!-- \/ Yoast SEO plugin. -->","yoast_head_json":{"title":"La sportiva Akasha II femme - chaussures de trail femmes - MioMioRun .com","description":"Alliant amorti, r\u00e9activit\u00e9 et adh\u00e9rence, la chaussure Akasha II pour femme est la pr\u00e9f\u00e9r\u00e9e des coureuses de trail.","robots":{"index":"index","follow":"follow","max-snippet":"max-snippet:-1","max-image-preview":"max-image-preview:large","max-video-preview":"max-video-preview:-1"},"canonical":"https:\/\/www.miomiorun.com\/fr\/produit\/la-sportiva-akasha-ii-femme\/","og_locale":"fr_FR","og_type":"article","og_title":"La sportiva Akasha II femme - chaussures de trail femmes - MioMioRun .com","og_description":"Alliant amorti, r\u00e9activit\u00e9 et adh\u00e9rence, la chaussure Akasha II pour femme est la pr\u00e9f\u00e9r\u00e9e des coureuses de trail.","og_url":"https:\/\/www.miomiorun.com\/fr\/produit\/la-sportiva-akasha-ii-femme\/","og_site_name":"MioMioRun","article_publisher":"https:\/\/www.facebook.com\/miomiorun\/","article_modified_time":"2025-12-09T09:57:42+00:00","og_image":[{"width":600,"height":600,"url":"https:\/\/www.miomiorun.com\/app\/uploads\/2022\/03\/la-sportiva-akasha-II-W-hibiscus-malibu-blue-56B402602.jpg","type":"image\/jpeg"}],"twitter_card":"summary_large_image","twitter_misc":{"Est. reading time":"2 minutes"},"schema":{"@context":"https:\/\/schema.org","@graph":[{"@type":"WebPage","@id":"https:\/\/www.miomiorun.com\/fr\/produit\/la-sportiva-akasha-ii-femme\/","url":"https:\/\/www.miomiorun.com\/fr\/produit\/la-sportiva-akasha-ii-femme\/","name":"La sportiva Akasha II femme - chaussures de trail femmes - MioMioRun .com","isPartOf":{"@id":"https:\/\/www.miomiorun.com\/fr\/#website"},"primaryImageOfPage":{"@id":"https:\/\/www.miomiorun.com\/fr\/produit\/la-sportiva-akasha-ii-femme\/#primaryimage"},"image":{"@id":"https:\/\/www.miomiorun.com\/fr\/produit\/la-sportiva-akasha-ii-femme\/#primaryimage"},"thumbnailUrl":"https:\/\/www.miomiorun.com\/app\/uploads\/2022\/03\/la-sportiva-akasha-II-W-hibiscus-malibu-blue-56B402602.jpg","datePublished":"2022-03-15T10:46:27+00:00","dateModified":"2025-12-09T09:57:42+00:00","description":"Alliant amorti, r\u00e9activit\u00e9 et adh\u00e9rence, la chaussure Akasha II pour femme est la pr\u00e9f\u00e9r\u00e9e des coureuses de trail.","breadcrumb":{"@id":"https:\/\/www.miomiorun.com\/fr\/produit\/la-sportiva-akasha-ii-femme\/#breadcrumb"},"inLanguage":"fr-FR","potentialAction":[{"@type":"ReadAction","target":["https:\/\/www.miomiorun.com\/fr\/produit\/la-sportiva-akasha-ii-femme\/"]}]},{"@type":"ImageObject","inLanguage":"fr-FR","@id":"https:\/\/www.miomiorun.com\/fr\/produit\/la-sportiva-akasha-ii-femme\/#primaryimage","url":"https:\/\/www.miomiorun.com\/app\/uploads\/2022\/03\/la-sportiva-akasha-II-W-hibiscus-malibu-blue-56B402602.jpg","contentUrl":"https:\/\/www.miomiorun.com\/app\/uploads\/2022\/03\/la-sportiva-akasha-II-W-hibiscus-malibu-blue-56B402602.jpg","width":600,"height":600,"caption":"la-sportiva-akasha-II-W-hibiscus-malibu-blue-56B402602"},{"@type":"BreadcrumbList","@id":"https:\/\/www.miomiorun.com\/fr\/produit\/la-sportiva-akasha-ii-femme\/#breadcrumb","itemListElement":[{"@type":"ListItem","position":1,"name":"Home","item":"https:\/\/www.miomiorun.com\/fr\/home-page\/"},{"@type":"ListItem","position":2,"name":"Shop","item":"https:\/\/www.miomiorun.com\/shop\/"},{"@type":"ListItem","position":3,"name":"Akasha II femme"}]},{"@type":"WebSite","@id":"https:\/\/www.miomiorun.com\/fr\/#website","url":"https:\/\/www.miomiorun.com\/fr\/","name":"MioMioRun","description":"Boutique 100% running et trail","publisher":{"@id":"https:\/\/www.miomiorun.com\/fr\/#organization"},"potentialAction":[{"@type":"SearchAction","target":{"@type":"EntryPoint","urlTemplate":"https:\/\/www.miomiorun.com\/fr\/?s={search_term_string}"},"query-input":{"@type":"PropertyValueSpecification","valueRequired":true,"valueName":"search_term_string"}}],"inLanguage":"fr-FR"},{"@type":"Organization","@id":"https:\/\/www.miomiorun.com\/fr\/#organization","name":"MioMio Run","url":"https:\/\/www.miomiorun.com\/fr\/","logo":{"@type":"ImageObject","inLanguage":"fr-FR","@id":"https:\/\/www.miomiorun.com\/fr\/#\/schema\/logo\/image\/","url":"https:\/\/www.miomiorun.com\/app\/uploads\/2019\/12\/logomio.png","contentUrl":"https:\/\/www.miomiorun.com\/app\/uploads\/2019\/12\/logomio.png","width":115,"height":82,"caption":"MioMio Run"},"image":{"@id":"https:\/\/www.miomiorun.com\/fr\/#\/schema\/logo\/image\/"},"sameAs":["https:\/\/www.facebook.com\/miomiorun\/","https:\/\/www.instagram.com\/miomiorun\/"]}]}},"_links":{"self":[{"href":"https:\/\/www.miomiorun.com\/fr\/wp-json\/wp\/v2\/product\/281830","targetHints":{"allow":["GET"]}}],"collection":[{"href":"https:\/\/www.miomiorun.com\/fr\/wp-json\/wp\/v2\/product"}],"about":[{"href":"https:\/\/www.miomiorun.com\/fr\/wp-json\/wp\/v2\/types\/product"}],"wp:featuredmedia":[{"embeddable":true,"href":"https:\/\/www.miomiorun.com\/fr\/wp-json\/wp\/v2\/media\/235651"}],"wp:attachment":[{"href":"https:\/\/www.miomiorun.com\/fr\/wp-json\/wp\/v2\/media?parent=281830"}],"wp:term":[{"taxonomy":"product_brand","embeddable":true,"href":"https:\/\/www.miomiorun.com\/fr\/wp-json\/wp\/v2\/product_brand?post=281830"},{"taxonomy":"product_cat","embeddable":true,"href":"https:\/\/www.miomiorun.com\/fr\/wp-json\/wp\/v2\/product_cat?post=281830"},{"taxonomy":"product_tag","embeddable":true,"href":"https:\/\/www.miomiorun.com\/fr\/wp-json\/wp\/v2\/product_tag?post=281830"}],"curies":[{"name":"wp","href":"https:\/\/api.w.org\/{rel}","templated":true}]}}