{"id":281790,"date":"2022-03-16T15:50:45","date_gmt":"2022-03-16T14:50:45","guid":{"rendered":"https:\/\/miomiorun.com\/prodotto\/cep-socks-for-recovery-uomo\/"},"modified":"2025-12-18T19:29:58","modified_gmt":"2025-12-18T18:29:58","slug":"cep-socks-for-recovery-homme","status":"publish","type":"product","link":"https:\/\/www.miomiorun.com\/fr\/produit\/cep-socks-for-recovery-homme\/","title":{"rendered":"Socks For Recovery homme"},"content":{"rendered":"<p>D\u00e9couvrez les chaussettes qui combinent deux technologies particuli\u00e8rement innovantes pour vous garantir une r\u00e9cup\u00e9ration plus rapide que jamais. Les <strong>chaussettes de r\u00e9cup\u00e9ration<\/strong> pour hommes de <strong>CEP<\/strong> int\u00e8grent la technologie SMART INFRARED et une compression extr\u00eamement efficace qui fonctionnent parfaitement ensemble pour am\u00e9liorer la circulation sanguine et r\u00e9tablir l&#8217;apport en oxyg\u00e8ne aux muscles. Ces chaussettes int\u00e8grent des fils contenant des min\u00e9raux bioactifs qui exploitent la chaleur de votre corps pour stimuler le processus de r\u00e9g\u00e9n\u00e9ration. Vous pouvez vous attendre \u00e0 retrouver votre meilleur niveau de performance en un rien de temps.<\/p>\n<p><strong>Caract\u00e9ristiques :<\/strong><\/p>\n<ul>\n<li>&nbsp;SMART INFRARED et la technologie de compression fonctionnent ensemble pour am\u00e9liorer la circulation sanguine et l&#8217;apport en oxyg\u00e8ne aux muscles.<\/li>\n<li>Les fibres synth\u00e9tiques high-tech r\u00e9duisent l&#8217;humidit\u00e9 et les odeurs.<\/li>\n<li>Une coupe impeccable pour un confort incomparable au quotidien, entre deux performances.<\/li>\n<li>Semelle anatomique et rembourrage amortissant pour un confort optimal tout au long de la journ\u00e9e.<\/li>\n<li>Extr\u00eamement lisse mais r\u00e9sistant.<\/li>\n<li>Une compression pr\u00e9cise garantit un d\u00e9veloppement exceptionnel de la pression pour la pr\u00e9paration et la r\u00e9g\u00e9n\u00e9ration des muscles<\/li>\n<\/ul>\n<p><strong>Niveau de compression<\/strong> : 20-30 mmHg<\/p>\n<p><strong>Mat\u00e9riau<\/strong> : 85 % polyamide (nylon), 15 % \u00e9lasthanne<\/p>\n","protected":false},"excerpt":{"rendered":"<p>D\u00e9couvrez les chaussettes qui combinent deux technologies particuli\u00e8rement innovantes pour vous garantir une r\u00e9cup\u00e9ration plus rapide que jamais. Les chaussettes de r\u00e9cup\u00e9ration pour hommes de CEP int\u00e8grent la technologie SMART INFRARED et une compression extr\u00eamement efficace qui fonctionnent parfaitement ensemble pour am\u00e9liorer la circulation sanguine et r\u00e9tablir l&#8217;apport en oxyg\u00e8ne aux muscles. Ces chaussettes int\u00e8grent &hellip; <a href=\"https:\/\/www.miomiorun.com\/fr\/produit\/cep-socks-for-recovery-homme\/\">Continued<\/a><\/p>\n","protected":false},"featured_media":235747,"template":"","meta":{"_acf_changed":false,"inline_featured_image":false},"product_brand":[],"product_cat":[24256,24482,24484],"product_tag":[23469,23649],"class_list":{"0":"post-281790","1":"product","2":"type-product","3":"status-publish","4":"has-post-thumbnail","6":"product_cat-chaussettes-fr","7":"product_cat-vetements-pour-hommes-fr","8":"product_cat-homme","9":"product_tag-cep-fr","10":"product_tag-cep-homme","11":"pa_attivita-lifestyle-fr","12":"pa_circonferenza-polpaccio-45-51-fr-2","13":"pa_colore-socks-4-recovery-black-fr","14":"pa_marca-cep-fr","15":"pa_sesso-homme","17":"first","18":"instock","19":"sale","20":"taxable","21":"shipping-taxable","22":"purchasable","23":"product-type-variable","24":"wvs-archive-product-wrapper"},"acf":[],"yoast_head":"<!-- This site is optimized with the Yoast SEO plugin v26.8 - https:\/\/yoast.com\/product\/yoast-seo-wordpress\/ -->\n<title>Cep Socks For Recovery homme - Chaussettes de course - MioMioRun<\/title>\n<meta name=\"description\" content=\"Les chaussettes de r\u00e9cup\u00e9ration pour femmes de CEP int\u00e8grent la technologie SMART INFRARED et une compression extr\u00eamement efficace.\" \/>\n<meta name=\"robots\" content=\"index, follow, max-snippet:-1, max-image-preview:large, max-video-preview:-1\" \/>\n<link rel=\"canonical\" href=\"https:\/\/www.miomiorun.com\/fr\/produit\/cep-socks-for-recovery-homme\/\" \/>\n<meta property=\"og:locale\" content=\"fr_FR\" \/>\n<meta property=\"og:type\" content=\"article\" \/>\n<meta property=\"og:title\" content=\"Cep Socks For Recovery homme - Chaussettes de course - MioMioRun\" \/>\n<meta property=\"og:description\" content=\"Les chaussettes de r\u00e9cup\u00e9ration pour femmes de CEP int\u00e8grent la technologie SMART INFRARED et une compression extr\u00eamement efficace.\" \/>\n<meta property=\"og:url\" content=\"https:\/\/www.miomiorun.com\/fr\/produit\/cep-socks-for-recovery-homme\/\" \/>\n<meta property=\"og:site_name\" content=\"MioMioRun\" \/>\n<meta property=\"article:publisher\" content=\"https:\/\/www.facebook.com\/miomiorun\/\" \/>\n<meta property=\"article:modified_time\" content=\"2025-12-18T18:29:58+00:00\" \/>\n<meta property=\"og:image\" content=\"https:\/\/www.miomiorun.com\/app\/uploads\/2022\/03\/cep-socks-4-recovery-black-WP555R.jpg\" \/>\n\t<meta property=\"og:image:width\" content=\"600\" \/>\n\t<meta property=\"og:image:height\" content=\"600\" \/>\n\t<meta property=\"og:image:type\" content=\"image\/jpeg\" \/>\n<meta name=\"twitter:card\" content=\"summary_large_image\" \/>\n<meta name=\"twitter:label1\" content=\"Est. reading time\" \/>\n\t<meta name=\"twitter:data1\" content=\"1 minute\" \/>\n<script type=\"application\/ld+json\" class=\"yoast-schema-graph\">{\"@context\":\"https:\/\/schema.org\",\"@graph\":[{\"@type\":\"WebPage\",\"@id\":\"https:\/\/www.miomiorun.com\/fr\/produit\/cep-socks-for-recovery-homme\/\",\"url\":\"https:\/\/www.miomiorun.com\/fr\/produit\/cep-socks-for-recovery-homme\/\",\"name\":\"Cep Socks For Recovery homme - Chaussettes de course - MioMioRun\",\"isPartOf\":{\"@id\":\"https:\/\/www.miomiorun.com\/fr\/#website\"},\"primaryImageOfPage\":{\"@id\":\"https:\/\/www.miomiorun.com\/fr\/produit\/cep-socks-for-recovery-homme\/#primaryimage\"},\"image\":{\"@id\":\"https:\/\/www.miomiorun.com\/fr\/produit\/cep-socks-for-recovery-homme\/#primaryimage\"},\"thumbnailUrl\":\"https:\/\/www.miomiorun.com\/app\/uploads\/2022\/03\/cep-socks-4-recovery-black-WP555R.jpg\",\"datePublished\":\"2022-03-16T14:50:45+00:00\",\"dateModified\":\"2025-12-18T18:29:58+00:00\",\"description\":\"Les chaussettes de r\u00e9cup\u00e9ration pour femmes de CEP int\u00e8grent la technologie SMART INFRARED et une compression extr\u00eamement efficace.\",\"breadcrumb\":{\"@id\":\"https:\/\/www.miomiorun.com\/fr\/produit\/cep-socks-for-recovery-homme\/#breadcrumb\"},\"inLanguage\":\"fr-FR\",\"potentialAction\":[{\"@type\":\"ReadAction\",\"target\":[\"https:\/\/www.miomiorun.com\/fr\/produit\/cep-socks-for-recovery-homme\/\"]}]},{\"@type\":\"ImageObject\",\"inLanguage\":\"fr-FR\",\"@id\":\"https:\/\/www.miomiorun.com\/fr\/produit\/cep-socks-for-recovery-homme\/#primaryimage\",\"url\":\"https:\/\/www.miomiorun.com\/app\/uploads\/2022\/03\/cep-socks-4-recovery-black-WP555R.jpg\",\"contentUrl\":\"https:\/\/www.miomiorun.com\/app\/uploads\/2022\/03\/cep-socks-4-recovery-black-WP555R.jpg\",\"width\":600,\"height\":600,\"caption\":\"cep-socks-4-recovery-black-WP555R\"},{\"@type\":\"BreadcrumbList\",\"@id\":\"https:\/\/www.miomiorun.com\/fr\/produit\/cep-socks-for-recovery-homme\/#breadcrumb\",\"itemListElement\":[{\"@type\":\"ListItem\",\"position\":1,\"name\":\"Home\",\"item\":\"https:\/\/www.miomiorun.com\/fr\/home-page\/\"},{\"@type\":\"ListItem\",\"position\":2,\"name\":\"Shop\",\"item\":\"https:\/\/www.miomiorun.com\/shop\/\"},{\"@type\":\"ListItem\",\"position\":3,\"name\":\"Socks For Recovery homme\"}]},{\"@type\":\"WebSite\",\"@id\":\"https:\/\/www.miomiorun.com\/fr\/#website\",\"url\":\"https:\/\/www.miomiorun.com\/fr\/\",\"name\":\"MioMioRun\",\"description\":\"Boutique 100% running et trail\",\"publisher\":{\"@id\":\"https:\/\/www.miomiorun.com\/fr\/#organization\"},\"potentialAction\":[{\"@type\":\"SearchAction\",\"target\":{\"@type\":\"EntryPoint\",\"urlTemplate\":\"https:\/\/www.miomiorun.com\/fr\/?s={search_term_string}\"},\"query-input\":{\"@type\":\"PropertyValueSpecification\",\"valueRequired\":true,\"valueName\":\"search_term_string\"}}],\"inLanguage\":\"fr-FR\"},{\"@type\":\"Organization\",\"@id\":\"https:\/\/www.miomiorun.com\/fr\/#organization\",\"name\":\"MioMio Run\",\"url\":\"https:\/\/www.miomiorun.com\/fr\/\",\"logo\":{\"@type\":\"ImageObject\",\"inLanguage\":\"fr-FR\",\"@id\":\"https:\/\/www.miomiorun.com\/fr\/#\/schema\/logo\/image\/\",\"url\":\"https:\/\/www.miomiorun.com\/app\/uploads\/2019\/12\/logomio.png\",\"contentUrl\":\"https:\/\/www.miomiorun.com\/app\/uploads\/2019\/12\/logomio.png\",\"width\":115,\"height\":82,\"caption\":\"MioMio Run\"},\"image\":{\"@id\":\"https:\/\/www.miomiorun.com\/fr\/#\/schema\/logo\/image\/\"},\"sameAs\":[\"https:\/\/www.facebook.com\/miomiorun\/\",\"https:\/\/www.instagram.com\/miomiorun\/\"]}]}<\/script>\n<!-- \/ Yoast SEO plugin. -->","yoast_head_json":{"title":"Cep Socks For Recovery homme - Chaussettes de course - MioMioRun","description":"Les chaussettes de r\u00e9cup\u00e9ration pour femmes de CEP int\u00e8grent la technologie SMART INFRARED et une compression extr\u00eamement efficace.","robots":{"index":"index","follow":"follow","max-snippet":"max-snippet:-1","max-image-preview":"max-image-preview:large","max-video-preview":"max-video-preview:-1"},"canonical":"https:\/\/www.miomiorun.com\/fr\/produit\/cep-socks-for-recovery-homme\/","og_locale":"fr_FR","og_type":"article","og_title":"Cep Socks For Recovery homme - Chaussettes de course - MioMioRun","og_description":"Les chaussettes de r\u00e9cup\u00e9ration pour femmes de CEP int\u00e8grent la technologie SMART INFRARED et une compression extr\u00eamement efficace.","og_url":"https:\/\/www.miomiorun.com\/fr\/produit\/cep-socks-for-recovery-homme\/","og_site_name":"MioMioRun","article_publisher":"https:\/\/www.facebook.com\/miomiorun\/","article_modified_time":"2025-12-18T18:29:58+00:00","og_image":[{"width":600,"height":600,"url":"https:\/\/www.miomiorun.com\/app\/uploads\/2022\/03\/cep-socks-4-recovery-black-WP555R.jpg","type":"image\/jpeg"}],"twitter_card":"summary_large_image","twitter_misc":{"Est. reading time":"1 minute"},"schema":{"@context":"https:\/\/schema.org","@graph":[{"@type":"WebPage","@id":"https:\/\/www.miomiorun.com\/fr\/produit\/cep-socks-for-recovery-homme\/","url":"https:\/\/www.miomiorun.com\/fr\/produit\/cep-socks-for-recovery-homme\/","name":"Cep Socks For Recovery homme - Chaussettes de course - MioMioRun","isPartOf":{"@id":"https:\/\/www.miomiorun.com\/fr\/#website"},"primaryImageOfPage":{"@id":"https:\/\/www.miomiorun.com\/fr\/produit\/cep-socks-for-recovery-homme\/#primaryimage"},"image":{"@id":"https:\/\/www.miomiorun.com\/fr\/produit\/cep-socks-for-recovery-homme\/#primaryimage"},"thumbnailUrl":"https:\/\/www.miomiorun.com\/app\/uploads\/2022\/03\/cep-socks-4-recovery-black-WP555R.jpg","datePublished":"2022-03-16T14:50:45+00:00","dateModified":"2025-12-18T18:29:58+00:00","description":"Les chaussettes de r\u00e9cup\u00e9ration pour femmes de CEP int\u00e8grent la technologie SMART INFRARED et une compression extr\u00eamement efficace.","breadcrumb":{"@id":"https:\/\/www.miomiorun.com\/fr\/produit\/cep-socks-for-recovery-homme\/#breadcrumb"},"inLanguage":"fr-FR","potentialAction":[{"@type":"ReadAction","target":["https:\/\/www.miomiorun.com\/fr\/produit\/cep-socks-for-recovery-homme\/"]}]},{"@type":"ImageObject","inLanguage":"fr-FR","@id":"https:\/\/www.miomiorun.com\/fr\/produit\/cep-socks-for-recovery-homme\/#primaryimage","url":"https:\/\/www.miomiorun.com\/app\/uploads\/2022\/03\/cep-socks-4-recovery-black-WP555R.jpg","contentUrl":"https:\/\/www.miomiorun.com\/app\/uploads\/2022\/03\/cep-socks-4-recovery-black-WP555R.jpg","width":600,"height":600,"caption":"cep-socks-4-recovery-black-WP555R"},{"@type":"BreadcrumbList","@id":"https:\/\/www.miomiorun.com\/fr\/produit\/cep-socks-for-recovery-homme\/#breadcrumb","itemListElement":[{"@type":"ListItem","position":1,"name":"Home","item":"https:\/\/www.miomiorun.com\/fr\/home-page\/"},{"@type":"ListItem","position":2,"name":"Shop","item":"https:\/\/www.miomiorun.com\/shop\/"},{"@type":"ListItem","position":3,"name":"Socks For Recovery homme"}]},{"@type":"WebSite","@id":"https:\/\/www.miomiorun.com\/fr\/#website","url":"https:\/\/www.miomiorun.com\/fr\/","name":"MioMioRun","description":"Boutique 100% running et trail","publisher":{"@id":"https:\/\/www.miomiorun.com\/fr\/#organization"},"potentialAction":[{"@type":"SearchAction","target":{"@type":"EntryPoint","urlTemplate":"https:\/\/www.miomiorun.com\/fr\/?s={search_term_string}"},"query-input":{"@type":"PropertyValueSpecification","valueRequired":true,"valueName":"search_term_string"}}],"inLanguage":"fr-FR"},{"@type":"Organization","@id":"https:\/\/www.miomiorun.com\/fr\/#organization","name":"MioMio Run","url":"https:\/\/www.miomiorun.com\/fr\/","logo":{"@type":"ImageObject","inLanguage":"fr-FR","@id":"https:\/\/www.miomiorun.com\/fr\/#\/schema\/logo\/image\/","url":"https:\/\/www.miomiorun.com\/app\/uploads\/2019\/12\/logomio.png","contentUrl":"https:\/\/www.miomiorun.com\/app\/uploads\/2019\/12\/logomio.png","width":115,"height":82,"caption":"MioMio Run"},"image":{"@id":"https:\/\/www.miomiorun.com\/fr\/#\/schema\/logo\/image\/"},"sameAs":["https:\/\/www.facebook.com\/miomiorun\/","https:\/\/www.instagram.com\/miomiorun\/"]}]}},"_links":{"self":[{"href":"https:\/\/www.miomiorun.com\/fr\/wp-json\/wp\/v2\/product\/281790","targetHints":{"allow":["GET"]}}],"collection":[{"href":"https:\/\/www.miomiorun.com\/fr\/wp-json\/wp\/v2\/product"}],"about":[{"href":"https:\/\/www.miomiorun.com\/fr\/wp-json\/wp\/v2\/types\/product"}],"wp:featuredmedia":[{"embeddable":true,"href":"https:\/\/www.miomiorun.com\/fr\/wp-json\/wp\/v2\/media\/235747"}],"wp:attachment":[{"href":"https:\/\/www.miomiorun.com\/fr\/wp-json\/wp\/v2\/media?parent=281790"}],"wp:term":[{"taxonomy":"product_brand","embeddable":true,"href":"https:\/\/www.miomiorun.com\/fr\/wp-json\/wp\/v2\/product_brand?post=281790"},{"taxonomy":"product_cat","embeddable":true,"href":"https:\/\/www.miomiorun.com\/fr\/wp-json\/wp\/v2\/product_cat?post=281790"},{"taxonomy":"product_tag","embeddable":true,"href":"https:\/\/www.miomiorun.com\/fr\/wp-json\/wp\/v2\/product_tag?post=281790"}],"curies":[{"name":"wp","href":"https:\/\/api.w.org\/{rel}","templated":true}]}}