{"id":281787,"date":"2022-03-16T17:27:49","date_gmt":"2022-03-16T16:27:49","guid":{"rendered":"https:\/\/miomiorun.com\/prodotto\/la-sportiva-hover-top-donna\/"},"modified":"2026-05-08T21:22:07","modified_gmt":"2026-05-08T19:22:07","slug":"la-sportiva-hover-top-femme","status":"publish","type":"product","link":"https:\/\/www.miomiorun.com\/fr\/produit\/la-sportiva-hover-top-femme\/","title":{"rendered":"Hover Top femme"},"content":{"rendered":"<p>Se concentrer sur son objectif est la premi\u00e8re \u00e9tape vers la r\u00e9ussite, dans la vie comme dans le sport.<\/p>\n<p>Pour permettre \u00e0 toutes les femmes de se concentrer sur chaque entra\u00eenement, voici <strong>Hover Top<\/strong>, le soutien-gorge de sport sans coutures qui offre un ajustement confortable.<\/p>\n<p id=\"tw-target-text\" class=\"tw-data-text tw-text-large tw-ta\" dir=\"ltr\" data-placeholder=\"Traduzione\"><span class=\"Y2IQFc\" lang=\"it\">Con\u00e7u pour offrir un soutien sur des distances moyennes \u00e0 longues. En portant ce soutien-gorge, vous vous sentirez libre et pourrez parcourir des kilom\u00e8tres sur les sentiers sans \u00eatre distraite.<br \/>\n<\/span><\/p>\n<p dir=\"ltr\" data-placeholder=\"Traduzione\"><strong>Caract\u00e9ristiques :<\/strong><\/p>\n<ul>\n<li><span class=\"Y2IQFc\" lang=\"it\">Bretelles r\u00e9sistantes et larges <\/span><span class=\"Y2IQFc\" lang=\"it\">pour un soutien optimal.<\/span><\/li>\n<li><span class=\"Y2IQFc\" lang=\"it\">Construction \u00e0 double couche pour un meilleur soutien.<\/span><\/li>\n<li><span class=\"Y2IQFc\" lang=\"it\">Poche int\u00e9rieure \u00e0 l&#8217;avant.<\/span><\/li>\n<li><span class=\"Y2IQFc\" lang=\"it\">Poche arri\u00e8re pour t\u00e9l\u00e9phone.<\/span><\/li>\n<li><span class=\"Y2IQFc\" lang=\"it\">Ourlet inf\u00e9rieur \u00e9lastique et respirant.<\/span><\/li>\n<\/ul>\n","protected":false},"excerpt":{"rendered":"<p>Se concentrer sur son objectif est la premi\u00e8re \u00e9tape vers la r\u00e9ussite, dans la vie comme dans le sport. Pour permettre \u00e0 toutes les femmes de se concentrer sur chaque entra\u00eenement, voici Hover Top, le soutien-gorge de sport sans coutures qui offre un ajustement confortable. Con\u00e7u pour offrir un soutien sur des distances moyennes \u00e0 &hellip; <a href=\"https:\/\/www.miomiorun.com\/fr\/produit\/la-sportiva-hover-top-femme\/\">Continued<\/a><\/p>\n","protected":false},"featured_media":240535,"template":"","meta":{"_acf_changed":false,"inline_featured_image":false},"product_brand":[],"product_cat":[22600,22596,22595],"product_tag":[23597,23601],"class_list":{"0":"post-281787","1":"product","2":"type-product","3":"status-publish","4":"has-post-thumbnail","6":"product_cat-sous-vetements","7":"product_cat-vetements-pour-femmes","8":"product_cat-femme","9":"product_tag-la-sportiva-fr","10":"product_tag-la-sportiva-femme","11":"pa_attivita-outdoor-fr","12":"pa_attivita-trail-fr","13":"pa_colore-hover-top-w-blush-red-plum-fr","14":"pa_colore-hover-top-w-hibiscus-white-fr","15":"pa_colore-hover-top-w-velvet-cherry-tomato-fr","16":"pa_marca-la-sportiva-fr","17":"pa_sesso-femme","18":"pa_size-extra-small-fr","19":"pa_size-small-fr","20":"pa_size-medium-fr","22":"first","23":"instock","24":"sale","25":"taxable","26":"shipping-taxable","27":"purchasable","28":"product-type-variable","29":"wvs-archive-product-wrapper"},"acf":[],"yoast_head":"<!-- This site is optimized with the Yoast SEO plugin v26.8 - https:\/\/yoast.com\/product\/yoast-seo-wordpress\/ -->\n<title>La Sportiva Hover Top femme - Soutiens-gorge - MioMioRun<\/title>\n<meta name=\"description\" content=\"Pour permettre \u00e0 toutes les femmes de se concentrer sur chaque entra\u00eenement, voici Hover Top, le soutien-gorge de sport sans coutures.\" \/>\n<meta name=\"robots\" content=\"index, follow, max-snippet:-1, max-image-preview:large, max-video-preview:-1\" \/>\n<link rel=\"canonical\" href=\"https:\/\/www.miomiorun.com\/fr\/produit\/la-sportiva-hover-top-femme\/\" \/>\n<meta property=\"og:locale\" content=\"fr_FR\" \/>\n<meta property=\"og:type\" content=\"article\" \/>\n<meta property=\"og:title\" content=\"La Sportiva Hover Top femme - Soutiens-gorge - MioMioRun\" \/>\n<meta property=\"og:description\" content=\"Pour permettre \u00e0 toutes les femmes de se concentrer sur chaque entra\u00eenement, voici Hover Top, le soutien-gorge de sport sans coutures.\" \/>\n<meta property=\"og:url\" content=\"https:\/\/www.miomiorun.com\/fr\/produit\/la-sportiva-hover-top-femme\/\" \/>\n<meta property=\"og:site_name\" content=\"MioMioRun\" \/>\n<meta property=\"article:publisher\" content=\"https:\/\/www.facebook.com\/miomiorun\/\" \/>\n<meta property=\"article:modified_time\" content=\"2026-05-08T19:22:07+00:00\" \/>\n<meta property=\"og:image\" content=\"https:\/\/www.miomiorun.com\/app\/uploads\/2023\/05\/la-sportiva-hover-top-W-velvet-cherry-tomato-Q25323322.jpg\" \/>\n\t<meta property=\"og:image:width\" content=\"600\" \/>\n\t<meta property=\"og:image:height\" content=\"600\" \/>\n\t<meta property=\"og:image:type\" content=\"image\/jpeg\" \/>\n<meta name=\"twitter:card\" content=\"summary_large_image\" \/>\n<meta name=\"twitter:label1\" content=\"Est. reading time\" \/>\n\t<meta name=\"twitter:data1\" content=\"1 minute\" \/>\n<script type=\"application\/ld+json\" class=\"yoast-schema-graph\">{\"@context\":\"https:\/\/schema.org\",\"@graph\":[{\"@type\":\"WebPage\",\"@id\":\"https:\/\/www.miomiorun.com\/fr\/produit\/la-sportiva-hover-top-femme\/\",\"url\":\"https:\/\/www.miomiorun.com\/fr\/produit\/la-sportiva-hover-top-femme\/\",\"name\":\"La Sportiva Hover Top femme - Soutiens-gorge - MioMioRun\",\"isPartOf\":{\"@id\":\"https:\/\/www.miomiorun.com\/fr\/#website\"},\"primaryImageOfPage\":{\"@id\":\"https:\/\/www.miomiorun.com\/fr\/produit\/la-sportiva-hover-top-femme\/#primaryimage\"},\"image\":{\"@id\":\"https:\/\/www.miomiorun.com\/fr\/produit\/la-sportiva-hover-top-femme\/#primaryimage\"},\"thumbnailUrl\":\"https:\/\/www.miomiorun.com\/app\/uploads\/2023\/05\/la-sportiva-hover-top-W-velvet-cherry-tomato-Q25323322.jpg\",\"datePublished\":\"2022-03-16T16:27:49+00:00\",\"dateModified\":\"2026-05-08T19:22:07+00:00\",\"description\":\"Pour permettre \u00e0 toutes les femmes de se concentrer sur chaque entra\u00eenement, voici Hover Top, le soutien-gorge de sport sans coutures.\",\"breadcrumb\":{\"@id\":\"https:\/\/www.miomiorun.com\/fr\/produit\/la-sportiva-hover-top-femme\/#breadcrumb\"},\"inLanguage\":\"fr-FR\",\"potentialAction\":[{\"@type\":\"ReadAction\",\"target\":[\"https:\/\/www.miomiorun.com\/fr\/produit\/la-sportiva-hover-top-femme\/\"]}]},{\"@type\":\"ImageObject\",\"inLanguage\":\"fr-FR\",\"@id\":\"https:\/\/www.miomiorun.com\/fr\/produit\/la-sportiva-hover-top-femme\/#primaryimage\",\"url\":\"https:\/\/www.miomiorun.com\/app\/uploads\/2023\/05\/la-sportiva-hover-top-W-velvet-cherry-tomato-Q25323322.jpg\",\"contentUrl\":\"https:\/\/www.miomiorun.com\/app\/uploads\/2023\/05\/la-sportiva-hover-top-W-velvet-cherry-tomato-Q25323322.jpg\",\"width\":600,\"height\":600,\"caption\":\"la-sportiva-hover-top-W-velvet-cherry-tomato-Q25323322\"},{\"@type\":\"BreadcrumbList\",\"@id\":\"https:\/\/www.miomiorun.com\/fr\/produit\/la-sportiva-hover-top-femme\/#breadcrumb\",\"itemListElement\":[{\"@type\":\"ListItem\",\"position\":1,\"name\":\"Home\",\"item\":\"https:\/\/www.miomiorun.com\/fr\/home-page\/\"},{\"@type\":\"ListItem\",\"position\":2,\"name\":\"Shop\",\"item\":\"https:\/\/www.miomiorun.com\/shop\/\"},{\"@type\":\"ListItem\",\"position\":3,\"name\":\"Hover Top femme\"}]},{\"@type\":\"WebSite\",\"@id\":\"https:\/\/www.miomiorun.com\/fr\/#website\",\"url\":\"https:\/\/www.miomiorun.com\/fr\/\",\"name\":\"MioMioRun\",\"description\":\"Boutique 100% running et trail\",\"publisher\":{\"@id\":\"https:\/\/www.miomiorun.com\/fr\/#organization\"},\"potentialAction\":[{\"@type\":\"SearchAction\",\"target\":{\"@type\":\"EntryPoint\",\"urlTemplate\":\"https:\/\/www.miomiorun.com\/fr\/?s={search_term_string}\"},\"query-input\":{\"@type\":\"PropertyValueSpecification\",\"valueRequired\":true,\"valueName\":\"search_term_string\"}}],\"inLanguage\":\"fr-FR\"},{\"@type\":\"Organization\",\"@id\":\"https:\/\/www.miomiorun.com\/fr\/#organization\",\"name\":\"MioMio Run\",\"url\":\"https:\/\/www.miomiorun.com\/fr\/\",\"logo\":{\"@type\":\"ImageObject\",\"inLanguage\":\"fr-FR\",\"@id\":\"https:\/\/www.miomiorun.com\/fr\/#\/schema\/logo\/image\/\",\"url\":\"https:\/\/www.miomiorun.com\/app\/uploads\/2019\/12\/logomio.png\",\"contentUrl\":\"https:\/\/www.miomiorun.com\/app\/uploads\/2019\/12\/logomio.png\",\"width\":115,\"height\":82,\"caption\":\"MioMio Run\"},\"image\":{\"@id\":\"https:\/\/www.miomiorun.com\/fr\/#\/schema\/logo\/image\/\"},\"sameAs\":[\"https:\/\/www.facebook.com\/miomiorun\/\",\"https:\/\/www.instagram.com\/miomiorun\/\"]}]}<\/script>\n<!-- \/ Yoast SEO plugin. -->","yoast_head_json":{"title":"La Sportiva Hover Top femme - Soutiens-gorge - MioMioRun","description":"Pour permettre \u00e0 toutes les femmes de se concentrer sur chaque entra\u00eenement, voici Hover Top, le soutien-gorge de sport sans coutures.","robots":{"index":"index","follow":"follow","max-snippet":"max-snippet:-1","max-image-preview":"max-image-preview:large","max-video-preview":"max-video-preview:-1"},"canonical":"https:\/\/www.miomiorun.com\/fr\/produit\/la-sportiva-hover-top-femme\/","og_locale":"fr_FR","og_type":"article","og_title":"La Sportiva Hover Top femme - Soutiens-gorge - MioMioRun","og_description":"Pour permettre \u00e0 toutes les femmes de se concentrer sur chaque entra\u00eenement, voici Hover Top, le soutien-gorge de sport sans coutures.","og_url":"https:\/\/www.miomiorun.com\/fr\/produit\/la-sportiva-hover-top-femme\/","og_site_name":"MioMioRun","article_publisher":"https:\/\/www.facebook.com\/miomiorun\/","article_modified_time":"2026-05-08T19:22:07+00:00","og_image":[{"width":600,"height":600,"url":"https:\/\/www.miomiorun.com\/app\/uploads\/2023\/05\/la-sportiva-hover-top-W-velvet-cherry-tomato-Q25323322.jpg","type":"image\/jpeg"}],"twitter_card":"summary_large_image","twitter_misc":{"Est. reading time":"1 minute"},"schema":{"@context":"https:\/\/schema.org","@graph":[{"@type":"WebPage","@id":"https:\/\/www.miomiorun.com\/fr\/produit\/la-sportiva-hover-top-femme\/","url":"https:\/\/www.miomiorun.com\/fr\/produit\/la-sportiva-hover-top-femme\/","name":"La Sportiva Hover Top femme - Soutiens-gorge - MioMioRun","isPartOf":{"@id":"https:\/\/www.miomiorun.com\/fr\/#website"},"primaryImageOfPage":{"@id":"https:\/\/www.miomiorun.com\/fr\/produit\/la-sportiva-hover-top-femme\/#primaryimage"},"image":{"@id":"https:\/\/www.miomiorun.com\/fr\/produit\/la-sportiva-hover-top-femme\/#primaryimage"},"thumbnailUrl":"https:\/\/www.miomiorun.com\/app\/uploads\/2023\/05\/la-sportiva-hover-top-W-velvet-cherry-tomato-Q25323322.jpg","datePublished":"2022-03-16T16:27:49+00:00","dateModified":"2026-05-08T19:22:07+00:00","description":"Pour permettre \u00e0 toutes les femmes de se concentrer sur chaque entra\u00eenement, voici Hover Top, le soutien-gorge de sport sans coutures.","breadcrumb":{"@id":"https:\/\/www.miomiorun.com\/fr\/produit\/la-sportiva-hover-top-femme\/#breadcrumb"},"inLanguage":"fr-FR","potentialAction":[{"@type":"ReadAction","target":["https:\/\/www.miomiorun.com\/fr\/produit\/la-sportiva-hover-top-femme\/"]}]},{"@type":"ImageObject","inLanguage":"fr-FR","@id":"https:\/\/www.miomiorun.com\/fr\/produit\/la-sportiva-hover-top-femme\/#primaryimage","url":"https:\/\/www.miomiorun.com\/app\/uploads\/2023\/05\/la-sportiva-hover-top-W-velvet-cherry-tomato-Q25323322.jpg","contentUrl":"https:\/\/www.miomiorun.com\/app\/uploads\/2023\/05\/la-sportiva-hover-top-W-velvet-cherry-tomato-Q25323322.jpg","width":600,"height":600,"caption":"la-sportiva-hover-top-W-velvet-cherry-tomato-Q25323322"},{"@type":"BreadcrumbList","@id":"https:\/\/www.miomiorun.com\/fr\/produit\/la-sportiva-hover-top-femme\/#breadcrumb","itemListElement":[{"@type":"ListItem","position":1,"name":"Home","item":"https:\/\/www.miomiorun.com\/fr\/home-page\/"},{"@type":"ListItem","position":2,"name":"Shop","item":"https:\/\/www.miomiorun.com\/shop\/"},{"@type":"ListItem","position":3,"name":"Hover Top femme"}]},{"@type":"WebSite","@id":"https:\/\/www.miomiorun.com\/fr\/#website","url":"https:\/\/www.miomiorun.com\/fr\/","name":"MioMioRun","description":"Boutique 100% running et trail","publisher":{"@id":"https:\/\/www.miomiorun.com\/fr\/#organization"},"potentialAction":[{"@type":"SearchAction","target":{"@type":"EntryPoint","urlTemplate":"https:\/\/www.miomiorun.com\/fr\/?s={search_term_string}"},"query-input":{"@type":"PropertyValueSpecification","valueRequired":true,"valueName":"search_term_string"}}],"inLanguage":"fr-FR"},{"@type":"Organization","@id":"https:\/\/www.miomiorun.com\/fr\/#organization","name":"MioMio Run","url":"https:\/\/www.miomiorun.com\/fr\/","logo":{"@type":"ImageObject","inLanguage":"fr-FR","@id":"https:\/\/www.miomiorun.com\/fr\/#\/schema\/logo\/image\/","url":"https:\/\/www.miomiorun.com\/app\/uploads\/2019\/12\/logomio.png","contentUrl":"https:\/\/www.miomiorun.com\/app\/uploads\/2019\/12\/logomio.png","width":115,"height":82,"caption":"MioMio Run"},"image":{"@id":"https:\/\/www.miomiorun.com\/fr\/#\/schema\/logo\/image\/"},"sameAs":["https:\/\/www.facebook.com\/miomiorun\/","https:\/\/www.instagram.com\/miomiorun\/"]}]}},"_links":{"self":[{"href":"https:\/\/www.miomiorun.com\/fr\/wp-json\/wp\/v2\/product\/281787","targetHints":{"allow":["GET"]}}],"collection":[{"href":"https:\/\/www.miomiorun.com\/fr\/wp-json\/wp\/v2\/product"}],"about":[{"href":"https:\/\/www.miomiorun.com\/fr\/wp-json\/wp\/v2\/types\/product"}],"wp:featuredmedia":[{"embeddable":true,"href":"https:\/\/www.miomiorun.com\/fr\/wp-json\/wp\/v2\/media\/240535"}],"wp:attachment":[{"href":"https:\/\/www.miomiorun.com\/fr\/wp-json\/wp\/v2\/media?parent=281787"}],"wp:term":[{"taxonomy":"product_brand","embeddable":true,"href":"https:\/\/www.miomiorun.com\/fr\/wp-json\/wp\/v2\/product_brand?post=281787"},{"taxonomy":"product_cat","embeddable":true,"href":"https:\/\/www.miomiorun.com\/fr\/wp-json\/wp\/v2\/product_cat?post=281787"},{"taxonomy":"product_tag","embeddable":true,"href":"https:\/\/www.miomiorun.com\/fr\/wp-json\/wp\/v2\/product_tag?post=281787"}],"curies":[{"name":"wp","href":"https:\/\/api.w.org\/{rel}","templated":true}]}}