{"id":281746,"date":"2022-03-16T17:42:24","date_gmt":"2022-03-16T16:42:24","guid":{"rendered":"https:\/\/miomiorun.com\/prodotto\/la-sportiva-swift-ultra-skirt-5-donna\/"},"modified":"2025-12-18T19:16:47","modified_gmt":"2025-12-18T18:16:47","slug":"la-sportiva-swift-ultra-skirt-5-femme","status":"publish","type":"product","link":"https:\/\/www.miomiorun.com\/fr\/produit\/la-sportiva-swift-ultra-skirt-5-femme\/","title":{"rendered":"Swift Ultra Skirt 5&#8243; femme"},"content":{"rendered":"<p>Con\u00e7ue pour r\u00e9sister aux courses longues distances. La jupe <strong>Swift Ultra<\/strong> est dot\u00e9e d&#8217;un cordon de serrage confortable \u00e0 la taille, de multiples poches de rangement et d&#8217;une poche arri\u00e8re zipp\u00e9e pour ranger les objets plus volumineux.<\/p>\n<p>Le tissu en maille utilis\u00e9 pour la ceinture int\u00e9rieure assure une gestion optimale de l&#8217;humidit\u00e9, tandis qu&#8217;un traitement respirant sur toute la surface vous permet de rester au sec tout au long de votre parcours. Un slip int\u00e9gr\u00e9 fonctionnel de 5 pouces offre un soutien et un confort sans adh\u00e9rence gr\u00e2ce \u00e0 un traitement antistatique. Fabriqu\u00e9 \u00e0 partir d&#8217;un m\u00e9lange de tissus recycl\u00e9s et certifi\u00e9s Bluesign\u00ae.<\/p>\n<p><strong>Caract\u00e9ristiques :<\/strong><\/p>\n<ul>\n<li>Une poche arri\u00e8re zipp\u00e9e.<\/li>\n<li>La ceinture int\u00e8gre des poches de rangement et un cordon de serrage.<\/li>\n<li>Construction interne courte.<\/li>\n<li>Fabriqu\u00e9 \u00e0 partir de mat\u00e9riaux recycl\u00e9s.<\/li>\n<li>Traitement antibact\u00e9rien\/anti-odeurs Polygiene\u00ae.<\/li>\n<li>Longueur interne de la couture interne de 5 pouces.<\/li>\n<\/ul>\n<p>&nbsp;<\/p>\n","protected":false},"excerpt":{"rendered":"<p>Con\u00e7ue pour r\u00e9sister aux courses longues distances. La jupe Swift Ultra est dot\u00e9e d&#8217;un cordon de serrage confortable \u00e0 la taille, de multiples poches de rangement et d&#8217;une poche arri\u00e8re zipp\u00e9e pour ranger les objets plus volumineux. Le tissu en maille utilis\u00e9 pour la ceinture int\u00e9rieure assure une gestion optimale de l&#8217;humidit\u00e9, tandis qu&#8217;un traitement &hellip; <a href=\"https:\/\/www.miomiorun.com\/fr\/produit\/la-sportiva-swift-ultra-skirt-5-femme\/\">Continued<\/a><\/p>\n","protected":false},"featured_media":235709,"template":"","meta":{"_acf_changed":false,"inline_featured_image":false},"product_brand":[],"product_cat":[22602,22596,22595],"product_tag":[23597,23601],"class_list":{"0":"post-281746","1":"product","2":"type-product","3":"status-publish","4":"has-post-thumbnail","6":"product_cat-pantalon-court","7":"product_cat-vetements-pour-femmes","8":"product_cat-femme","9":"product_tag-la-sportiva-fr","10":"product_tag-la-sportiva-femme","11":"pa_attivita-outdoor-fr","12":"pa_attivita-trail-fr","13":"pa_colore-swift-ultra-skirt-5-w-malibu-blue-hibiscus-fr","14":"pa_marca-la-sportiva-fr","15":"pa_sesso-femme","16":"pa_size-small-fr","18":"first","19":"instock","20":"sale","21":"taxable","22":"shipping-taxable","23":"purchasable","24":"product-type-variable","25":"wvs-archive-product-wrapper"},"acf":[],"yoast_head":"<!-- This site is optimized with the Yoast SEO plugin v26.8 - https:\/\/yoast.com\/product\/yoast-seo-wordpress\/ -->\n<title>La Sportiva Swift Ultra Skirt 5&quot; femme - skirt femme - MioMioRun<\/title>\n<meta name=\"description\" content=\"La jupe Swift Ultra est dot\u00e9e d&#039;un cordon de serrage pratique \u00e0 la taille, de multiples poches de rangement et d&#039;une poche arri\u00e8re zipp\u00e9e.\" \/>\n<meta name=\"robots\" content=\"index, follow, max-snippet:-1, max-image-preview:large, max-video-preview:-1\" \/>\n<link rel=\"canonical\" href=\"https:\/\/www.miomiorun.com\/fr\/produit\/la-sportiva-swift-ultra-skirt-5-femme\/\" \/>\n<meta property=\"og:locale\" content=\"fr_FR\" \/>\n<meta property=\"og:type\" content=\"article\" \/>\n<meta property=\"og:title\" content=\"La Sportiva Swift Ultra Skirt 5&quot; femme - skirt femme - MioMioRun\" \/>\n<meta property=\"og:description\" content=\"La jupe Swift Ultra est dot\u00e9e d&#039;un cordon de serrage pratique \u00e0 la taille, de multiples poches de rangement et d&#039;une poche arri\u00e8re zipp\u00e9e.\" \/>\n<meta property=\"og:url\" content=\"https:\/\/www.miomiorun.com\/fr\/produit\/la-sportiva-swift-ultra-skirt-5-femme\/\" \/>\n<meta property=\"og:site_name\" content=\"MioMioRun\" \/>\n<meta property=\"article:publisher\" content=\"https:\/\/www.facebook.com\/miomiorun\/\" \/>\n<meta property=\"article:modified_time\" content=\"2025-12-18T18:16:47+00:00\" \/>\n<meta property=\"og:image\" content=\"https:\/\/www.miomiorun.com\/app\/uploads\/2022\/03\/la-sportiva-Swift-Ultra-Skirt-5-W-malibu-blue-hibis-Q26602402.jpg\" \/>\n\t<meta property=\"og:image:width\" content=\"600\" \/>\n\t<meta property=\"og:image:height\" content=\"600\" \/>\n\t<meta property=\"og:image:type\" content=\"image\/jpeg\" \/>\n<meta name=\"twitter:card\" content=\"summary_large_image\" \/>\n<meta name=\"twitter:label1\" content=\"Est. reading time\" \/>\n\t<meta name=\"twitter:data1\" content=\"1 minute\" \/>\n<script type=\"application\/ld+json\" class=\"yoast-schema-graph\">{\"@context\":\"https:\/\/schema.org\",\"@graph\":[{\"@type\":\"WebPage\",\"@id\":\"https:\/\/www.miomiorun.com\/fr\/produit\/la-sportiva-swift-ultra-skirt-5-femme\/\",\"url\":\"https:\/\/www.miomiorun.com\/fr\/produit\/la-sportiva-swift-ultra-skirt-5-femme\/\",\"name\":\"La Sportiva Swift Ultra Skirt 5\\\" femme - skirt femme - MioMioRun\",\"isPartOf\":{\"@id\":\"https:\/\/www.miomiorun.com\/fr\/#website\"},\"primaryImageOfPage\":{\"@id\":\"https:\/\/www.miomiorun.com\/fr\/produit\/la-sportiva-swift-ultra-skirt-5-femme\/#primaryimage\"},\"image\":{\"@id\":\"https:\/\/www.miomiorun.com\/fr\/produit\/la-sportiva-swift-ultra-skirt-5-femme\/#primaryimage\"},\"thumbnailUrl\":\"https:\/\/www.miomiorun.com\/app\/uploads\/2022\/03\/la-sportiva-Swift-Ultra-Skirt-5-W-malibu-blue-hibis-Q26602402.jpg\",\"datePublished\":\"2022-03-16T16:42:24+00:00\",\"dateModified\":\"2025-12-18T18:16:47+00:00\",\"description\":\"La jupe Swift Ultra est dot\u00e9e d'un cordon de serrage pratique \u00e0 la taille, de multiples poches de rangement et d'une poche arri\u00e8re zipp\u00e9e.\",\"breadcrumb\":{\"@id\":\"https:\/\/www.miomiorun.com\/fr\/produit\/la-sportiva-swift-ultra-skirt-5-femme\/#breadcrumb\"},\"inLanguage\":\"fr-FR\",\"potentialAction\":[{\"@type\":\"ReadAction\",\"target\":[\"https:\/\/www.miomiorun.com\/fr\/produit\/la-sportiva-swift-ultra-skirt-5-femme\/\"]}]},{\"@type\":\"ImageObject\",\"inLanguage\":\"fr-FR\",\"@id\":\"https:\/\/www.miomiorun.com\/fr\/produit\/la-sportiva-swift-ultra-skirt-5-femme\/#primaryimage\",\"url\":\"https:\/\/www.miomiorun.com\/app\/uploads\/2022\/03\/la-sportiva-Swift-Ultra-Skirt-5-W-malibu-blue-hibis-Q26602402.jpg\",\"contentUrl\":\"https:\/\/www.miomiorun.com\/app\/uploads\/2022\/03\/la-sportiva-Swift-Ultra-Skirt-5-W-malibu-blue-hibis-Q26602402.jpg\",\"width\":600,\"height\":600,\"caption\":\"la-sportiva-Swift-Ultra-Skirt-5-W-malibu-blue-hibis-Q26602402\"},{\"@type\":\"BreadcrumbList\",\"@id\":\"https:\/\/www.miomiorun.com\/fr\/produit\/la-sportiva-swift-ultra-skirt-5-femme\/#breadcrumb\",\"itemListElement\":[{\"@type\":\"ListItem\",\"position\":1,\"name\":\"Home\",\"item\":\"https:\/\/www.miomiorun.com\/fr\/home-page\/\"},{\"@type\":\"ListItem\",\"position\":2,\"name\":\"Shop\",\"item\":\"https:\/\/www.miomiorun.com\/shop\/\"},{\"@type\":\"ListItem\",\"position\":3,\"name\":\"Swift Ultra Skirt 5&#8243; femme\"}]},{\"@type\":\"WebSite\",\"@id\":\"https:\/\/www.miomiorun.com\/fr\/#website\",\"url\":\"https:\/\/www.miomiorun.com\/fr\/\",\"name\":\"MioMioRun\",\"description\":\"Boutique 100% running et trail\",\"publisher\":{\"@id\":\"https:\/\/www.miomiorun.com\/fr\/#organization\"},\"potentialAction\":[{\"@type\":\"SearchAction\",\"target\":{\"@type\":\"EntryPoint\",\"urlTemplate\":\"https:\/\/www.miomiorun.com\/fr\/?s={search_term_string}\"},\"query-input\":{\"@type\":\"PropertyValueSpecification\",\"valueRequired\":true,\"valueName\":\"search_term_string\"}}],\"inLanguage\":\"fr-FR\"},{\"@type\":\"Organization\",\"@id\":\"https:\/\/www.miomiorun.com\/fr\/#organization\",\"name\":\"MioMio Run\",\"url\":\"https:\/\/www.miomiorun.com\/fr\/\",\"logo\":{\"@type\":\"ImageObject\",\"inLanguage\":\"fr-FR\",\"@id\":\"https:\/\/www.miomiorun.com\/fr\/#\/schema\/logo\/image\/\",\"url\":\"https:\/\/www.miomiorun.com\/app\/uploads\/2019\/12\/logomio.png\",\"contentUrl\":\"https:\/\/www.miomiorun.com\/app\/uploads\/2019\/12\/logomio.png\",\"width\":115,\"height\":82,\"caption\":\"MioMio Run\"},\"image\":{\"@id\":\"https:\/\/www.miomiorun.com\/fr\/#\/schema\/logo\/image\/\"},\"sameAs\":[\"https:\/\/www.facebook.com\/miomiorun\/\",\"https:\/\/www.instagram.com\/miomiorun\/\"]}]}<\/script>\n<!-- \/ Yoast SEO plugin. -->","yoast_head_json":{"title":"La Sportiva Swift Ultra Skirt 5\" femme - skirt femme - MioMioRun","description":"La jupe Swift Ultra est dot\u00e9e d'un cordon de serrage pratique \u00e0 la taille, de multiples poches de rangement et d'une poche arri\u00e8re zipp\u00e9e.","robots":{"index":"index","follow":"follow","max-snippet":"max-snippet:-1","max-image-preview":"max-image-preview:large","max-video-preview":"max-video-preview:-1"},"canonical":"https:\/\/www.miomiorun.com\/fr\/produit\/la-sportiva-swift-ultra-skirt-5-femme\/","og_locale":"fr_FR","og_type":"article","og_title":"La Sportiva Swift Ultra Skirt 5\" femme - skirt femme - MioMioRun","og_description":"La jupe Swift Ultra est dot\u00e9e d'un cordon de serrage pratique \u00e0 la taille, de multiples poches de rangement et d'une poche arri\u00e8re zipp\u00e9e.","og_url":"https:\/\/www.miomiorun.com\/fr\/produit\/la-sportiva-swift-ultra-skirt-5-femme\/","og_site_name":"MioMioRun","article_publisher":"https:\/\/www.facebook.com\/miomiorun\/","article_modified_time":"2025-12-18T18:16:47+00:00","og_image":[{"width":600,"height":600,"url":"https:\/\/www.miomiorun.com\/app\/uploads\/2022\/03\/la-sportiva-Swift-Ultra-Skirt-5-W-malibu-blue-hibis-Q26602402.jpg","type":"image\/jpeg"}],"twitter_card":"summary_large_image","twitter_misc":{"Est. reading time":"1 minute"},"schema":{"@context":"https:\/\/schema.org","@graph":[{"@type":"WebPage","@id":"https:\/\/www.miomiorun.com\/fr\/produit\/la-sportiva-swift-ultra-skirt-5-femme\/","url":"https:\/\/www.miomiorun.com\/fr\/produit\/la-sportiva-swift-ultra-skirt-5-femme\/","name":"La Sportiva Swift Ultra Skirt 5\" femme - skirt femme - MioMioRun","isPartOf":{"@id":"https:\/\/www.miomiorun.com\/fr\/#website"},"primaryImageOfPage":{"@id":"https:\/\/www.miomiorun.com\/fr\/produit\/la-sportiva-swift-ultra-skirt-5-femme\/#primaryimage"},"image":{"@id":"https:\/\/www.miomiorun.com\/fr\/produit\/la-sportiva-swift-ultra-skirt-5-femme\/#primaryimage"},"thumbnailUrl":"https:\/\/www.miomiorun.com\/app\/uploads\/2022\/03\/la-sportiva-Swift-Ultra-Skirt-5-W-malibu-blue-hibis-Q26602402.jpg","datePublished":"2022-03-16T16:42:24+00:00","dateModified":"2025-12-18T18:16:47+00:00","description":"La jupe Swift Ultra est dot\u00e9e d'un cordon de serrage pratique \u00e0 la taille, de multiples poches de rangement et d'une poche arri\u00e8re zipp\u00e9e.","breadcrumb":{"@id":"https:\/\/www.miomiorun.com\/fr\/produit\/la-sportiva-swift-ultra-skirt-5-femme\/#breadcrumb"},"inLanguage":"fr-FR","potentialAction":[{"@type":"ReadAction","target":["https:\/\/www.miomiorun.com\/fr\/produit\/la-sportiva-swift-ultra-skirt-5-femme\/"]}]},{"@type":"ImageObject","inLanguage":"fr-FR","@id":"https:\/\/www.miomiorun.com\/fr\/produit\/la-sportiva-swift-ultra-skirt-5-femme\/#primaryimage","url":"https:\/\/www.miomiorun.com\/app\/uploads\/2022\/03\/la-sportiva-Swift-Ultra-Skirt-5-W-malibu-blue-hibis-Q26602402.jpg","contentUrl":"https:\/\/www.miomiorun.com\/app\/uploads\/2022\/03\/la-sportiva-Swift-Ultra-Skirt-5-W-malibu-blue-hibis-Q26602402.jpg","width":600,"height":600,"caption":"la-sportiva-Swift-Ultra-Skirt-5-W-malibu-blue-hibis-Q26602402"},{"@type":"BreadcrumbList","@id":"https:\/\/www.miomiorun.com\/fr\/produit\/la-sportiva-swift-ultra-skirt-5-femme\/#breadcrumb","itemListElement":[{"@type":"ListItem","position":1,"name":"Home","item":"https:\/\/www.miomiorun.com\/fr\/home-page\/"},{"@type":"ListItem","position":2,"name":"Shop","item":"https:\/\/www.miomiorun.com\/shop\/"},{"@type":"ListItem","position":3,"name":"Swift Ultra Skirt 5&#8243; femme"}]},{"@type":"WebSite","@id":"https:\/\/www.miomiorun.com\/fr\/#website","url":"https:\/\/www.miomiorun.com\/fr\/","name":"MioMioRun","description":"Boutique 100% running et trail","publisher":{"@id":"https:\/\/www.miomiorun.com\/fr\/#organization"},"potentialAction":[{"@type":"SearchAction","target":{"@type":"EntryPoint","urlTemplate":"https:\/\/www.miomiorun.com\/fr\/?s={search_term_string}"},"query-input":{"@type":"PropertyValueSpecification","valueRequired":true,"valueName":"search_term_string"}}],"inLanguage":"fr-FR"},{"@type":"Organization","@id":"https:\/\/www.miomiorun.com\/fr\/#organization","name":"MioMio Run","url":"https:\/\/www.miomiorun.com\/fr\/","logo":{"@type":"ImageObject","inLanguage":"fr-FR","@id":"https:\/\/www.miomiorun.com\/fr\/#\/schema\/logo\/image\/","url":"https:\/\/www.miomiorun.com\/app\/uploads\/2019\/12\/logomio.png","contentUrl":"https:\/\/www.miomiorun.com\/app\/uploads\/2019\/12\/logomio.png","width":115,"height":82,"caption":"MioMio Run"},"image":{"@id":"https:\/\/www.miomiorun.com\/fr\/#\/schema\/logo\/image\/"},"sameAs":["https:\/\/www.facebook.com\/miomiorun\/","https:\/\/www.instagram.com\/miomiorun\/"]}]}},"_links":{"self":[{"href":"https:\/\/www.miomiorun.com\/fr\/wp-json\/wp\/v2\/product\/281746","targetHints":{"allow":["GET"]}}],"collection":[{"href":"https:\/\/www.miomiorun.com\/fr\/wp-json\/wp\/v2\/product"}],"about":[{"href":"https:\/\/www.miomiorun.com\/fr\/wp-json\/wp\/v2\/types\/product"}],"wp:featuredmedia":[{"embeddable":true,"href":"https:\/\/www.miomiorun.com\/fr\/wp-json\/wp\/v2\/media\/235709"}],"wp:attachment":[{"href":"https:\/\/www.miomiorun.com\/fr\/wp-json\/wp\/v2\/media?parent=281746"}],"wp:term":[{"taxonomy":"product_brand","embeddable":true,"href":"https:\/\/www.miomiorun.com\/fr\/wp-json\/wp\/v2\/product_brand?post=281746"},{"taxonomy":"product_cat","embeddable":true,"href":"https:\/\/www.miomiorun.com\/fr\/wp-json\/wp\/v2\/product_cat?post=281746"},{"taxonomy":"product_tag","embeddable":true,"href":"https:\/\/www.miomiorun.com\/fr\/wp-json\/wp\/v2\/product_tag?post=281746"}],"curies":[{"name":"wp","href":"https:\/\/api.w.org\/{rel}","templated":true}]}}