{"id":281742,"date":"2022-03-23T10:08:58","date_gmt":"2022-03-23T09:08:58","guid":{"rendered":"https:\/\/miomiorun.com\/prodotto\/uyn-lady-running-pb42-ow-shirt-donna\/"},"modified":"2025-12-18T19:14:48","modified_gmt":"2025-12-18T18:14:48","slug":"uyn-lady-running-pb42-ow-shirt-femme","status":"publish","type":"product","link":"https:\/\/www.miomiorun.com\/fr\/produit\/uyn-lady-running-pb42-ow-shirt-femme\/","title":{"rendered":"Lady Running PB42 OW Shirt femme"},"content":{"rendered":"<div class=\"tab-custom-inner-max content-wysiwyg\">Con\u00e7u pour vous aider \u00e0 atteindre votre meilleur niveau Anatomique, respirant et avec une coupe con\u00e7ue pour vous aider \u00e0 atteindre des performances maximales dans les courses de longue distance. <strong>UYN PB42<\/strong> pour femme est le maillot d\u00e9di\u00e9 au monde de la course \u00e0 pied qui fait de l&#8217;essentialit\u00e9 sa force. Aux endroits o\u00f9 la transpiration s&#8217;accumule, le tissu pr\u00e9sente une structure tridimensionnelle qui permet une meilleure circulation de l&#8217;air, gardant le corps frais et sec. La technologie HYPERMOTION au niveau des \u00e9paules et des bras assure une grande libert\u00e9 de mouvement et permet au corps de maintenir la posture de course la plus correcte. <\/div>\n<div class=\"tab-custom-inner-max content-wysiwyg\">\n<div class=\"product-line\">\n<p><strong>Caract\u00e9ristiques :<\/strong><\/p>\n<ul>\n<li>\n<p class=\"mb-2\">Le syst\u00e8me COOLVENT au niveau de la poitrine et du dos garantit une bonne thermor\u00e9gulation et \u00e9vacue rapidement la transpiration.<\/p>\n<\/li>\n<li>\n<p class=\"mb-2\">Sous les manches, la technologie DRYLIGHT assure une ventilation accrue.<\/p>\n<\/li>\n<li>\n<p class=\"mb-2\">Technologie HYPERMOTION sur les \u00e9paules et les bras sans coutures verticales. R\u00e9duit les points d&#8217;abrasion, soutient la posture et offre une grande libert\u00e9 de mouvement.<\/p>\n<\/li>\n<li>\n<p class=\"mb-2\">Construction tridimensionnelle du tissu au niveau de l&#8217;abdomen et du bas du dos pour permettre \u00e0 l&#8217;air de circuler.<\/p>\n<\/li>\n<li>\n<p class=\"mb-2\">Logo UYN r\u00e9fl\u00e9chissant dans le dos pour les conditions de faible luminosit\u00e9.<\/p>\n<\/li>\n<\/ul>\n<\/div>\n<\/div>\n","protected":false},"excerpt":{"rendered":"<p>Con\u00e7u pour vous aider \u00e0 atteindre votre meilleur niveau Anatomique, respirant et avec une coupe con\u00e7ue pour vous aider \u00e0 atteindre des performances maximales dans les courses de longue distance. UYN PB42 pour femme est le maillot d\u00e9di\u00e9 au monde de la course \u00e0 pied qui fait de l&#8217;essentialit\u00e9 sa force. Aux endroits o\u00f9 la &hellip; <a href=\"https:\/\/www.miomiorun.com\/fr\/produit\/uyn-lady-running-pb42-ow-shirt-femme\/\">Continued<\/a><\/p>\n","protected":false},"featured_media":235759,"template":"","meta":{"_acf_changed":false,"inline_featured_image":false},"product_brand":[],"product_cat":[22600,22604,22596,22595],"product_tag":[23526,23549],"class_list":{"0":"post-281742","1":"product","2":"type-product","3":"status-publish","4":"has-post-thumbnail","6":"product_cat-sous-vetements","7":"product_cat-t-shirt","8":"product_cat-vetements-pour-femmes","9":"product_cat-femme","10":"product_tag-uyn-fr","11":"product_tag-uyn-femme","12":"pa_attivita-running-fr","13":"pa_colore-running-pb42-ow-shirt-purple-true-navy-fr","14":"pa_colore-running-pb42-ow-shirt-w-blue-radiance-pe-fr","15":"pa_marca-uyn-fr","16":"pa_sesso-femme","17":"pa_size-extra-small-fr","18":"pa_size-small-fr","20":"first","21":"instock","22":"sale","23":"taxable","24":"shipping-taxable","25":"purchasable","26":"product-type-variable","27":"wvs-archive-product-wrapper"},"acf":[],"yoast_head":"<!-- This site is optimized with the Yoast SEO plugin v26.8 - https:\/\/yoast.com\/product\/yoast-seo-wordpress\/ -->\n<title>Uyn Lady Running PB42 OW Shirt femme - T-shirt intime - MioMioRun.com<\/title>\n<meta name=\"description\" content=\"Le mod\u00e8le UYN PB42 pour femme est un maillot d\u00e9di\u00e9 au monde de la course \u00e0 pied qui fait de la simplicit\u00e9 sa force. Il utilise la technologie HYPERMOTION sur les bras.\" \/>\n<meta name=\"robots\" content=\"index, follow, max-snippet:-1, max-image-preview:large, max-video-preview:-1\" \/>\n<link rel=\"canonical\" href=\"https:\/\/www.miomiorun.com\/fr\/produit\/uyn-lady-running-pb42-ow-shirt-femme\/\" \/>\n<meta property=\"og:locale\" content=\"fr_FR\" \/>\n<meta property=\"og:type\" content=\"article\" \/>\n<meta property=\"og:title\" content=\"Uyn Lady Running PB42 OW Shirt femme - T-shirt intime - MioMioRun.com\" \/>\n<meta property=\"og:description\" content=\"Le mod\u00e8le UYN PB42 pour femme est un maillot d\u00e9di\u00e9 au monde de la course \u00e0 pied qui fait de la simplicit\u00e9 sa force. Il utilise la technologie HYPERMOTION sur les bras.\" \/>\n<meta property=\"og:url\" content=\"https:\/\/www.miomiorun.com\/fr\/produit\/uyn-lady-running-pb42-ow-shirt-femme\/\" \/>\n<meta property=\"og:site_name\" content=\"MioMioRun\" \/>\n<meta property=\"article:publisher\" content=\"https:\/\/www.facebook.com\/miomiorun\/\" \/>\n<meta property=\"article:modified_time\" content=\"2025-12-18T18:14:48+00:00\" \/>\n<meta property=\"og:image\" content=\"https:\/\/www.miomiorun.com\/app\/uploads\/2022\/03\/uyn-running-PB42-OW-shirt-purple-true-navy-O102301-93V199.jpg\" \/>\n\t<meta property=\"og:image:width\" content=\"600\" \/>\n\t<meta property=\"og:image:height\" content=\"600\" \/>\n\t<meta property=\"og:image:type\" content=\"image\/jpeg\" \/>\n<meta name=\"twitter:card\" content=\"summary_large_image\" \/>\n<meta name=\"twitter:label1\" content=\"Est. reading time\" \/>\n\t<meta name=\"twitter:data1\" content=\"1 minute\" \/>\n<script type=\"application\/ld+json\" class=\"yoast-schema-graph\">{\"@context\":\"https:\/\/schema.org\",\"@graph\":[{\"@type\":\"WebPage\",\"@id\":\"https:\/\/www.miomiorun.com\/fr\/produit\/uyn-lady-running-pb42-ow-shirt-femme\/\",\"url\":\"https:\/\/www.miomiorun.com\/fr\/produit\/uyn-lady-running-pb42-ow-shirt-femme\/\",\"name\":\"Uyn Lady Running PB42 OW Shirt femme - T-shirt intime - MioMioRun.com\",\"isPartOf\":{\"@id\":\"https:\/\/www.miomiorun.com\/fr\/#website\"},\"primaryImageOfPage\":{\"@id\":\"https:\/\/www.miomiorun.com\/fr\/produit\/uyn-lady-running-pb42-ow-shirt-femme\/#primaryimage\"},\"image\":{\"@id\":\"https:\/\/www.miomiorun.com\/fr\/produit\/uyn-lady-running-pb42-ow-shirt-femme\/#primaryimage\"},\"thumbnailUrl\":\"https:\/\/www.miomiorun.com\/app\/uploads\/2022\/03\/uyn-running-PB42-OW-shirt-purple-true-navy-O102301-93V199.jpg\",\"datePublished\":\"2022-03-23T09:08:58+00:00\",\"dateModified\":\"2025-12-18T18:14:48+00:00\",\"description\":\"Le mod\u00e8le UYN PB42 pour femme est un maillot d\u00e9di\u00e9 au monde de la course \u00e0 pied qui fait de la simplicit\u00e9 sa force. Il utilise la technologie HYPERMOTION sur les bras.\",\"breadcrumb\":{\"@id\":\"https:\/\/www.miomiorun.com\/fr\/produit\/uyn-lady-running-pb42-ow-shirt-femme\/#breadcrumb\"},\"inLanguage\":\"fr-FR\",\"potentialAction\":[{\"@type\":\"ReadAction\",\"target\":[\"https:\/\/www.miomiorun.com\/fr\/produit\/uyn-lady-running-pb42-ow-shirt-femme\/\"]}]},{\"@type\":\"ImageObject\",\"inLanguage\":\"fr-FR\",\"@id\":\"https:\/\/www.miomiorun.com\/fr\/produit\/uyn-lady-running-pb42-ow-shirt-femme\/#primaryimage\",\"url\":\"https:\/\/www.miomiorun.com\/app\/uploads\/2022\/03\/uyn-running-PB42-OW-shirt-purple-true-navy-O102301-93V199.jpg\",\"contentUrl\":\"https:\/\/www.miomiorun.com\/app\/uploads\/2022\/03\/uyn-running-PB42-OW-shirt-purple-true-navy-O102301-93V199.jpg\",\"width\":600,\"height\":600,\"caption\":\"uyn-running-PB42-OW-shirt-purple-true-navy-O102301-93V199\"},{\"@type\":\"BreadcrumbList\",\"@id\":\"https:\/\/www.miomiorun.com\/fr\/produit\/uyn-lady-running-pb42-ow-shirt-femme\/#breadcrumb\",\"itemListElement\":[{\"@type\":\"ListItem\",\"position\":1,\"name\":\"Home\",\"item\":\"https:\/\/www.miomiorun.com\/fr\/home-page\/\"},{\"@type\":\"ListItem\",\"position\":2,\"name\":\"Shop\",\"item\":\"https:\/\/www.miomiorun.com\/shop\/\"},{\"@type\":\"ListItem\",\"position\":3,\"name\":\"Lady Running PB42 OW Shirt femme\"}]},{\"@type\":\"WebSite\",\"@id\":\"https:\/\/www.miomiorun.com\/fr\/#website\",\"url\":\"https:\/\/www.miomiorun.com\/fr\/\",\"name\":\"MioMioRun\",\"description\":\"Boutique 100% running et trail\",\"publisher\":{\"@id\":\"https:\/\/www.miomiorun.com\/fr\/#organization\"},\"potentialAction\":[{\"@type\":\"SearchAction\",\"target\":{\"@type\":\"EntryPoint\",\"urlTemplate\":\"https:\/\/www.miomiorun.com\/fr\/?s={search_term_string}\"},\"query-input\":{\"@type\":\"PropertyValueSpecification\",\"valueRequired\":true,\"valueName\":\"search_term_string\"}}],\"inLanguage\":\"fr-FR\"},{\"@type\":\"Organization\",\"@id\":\"https:\/\/www.miomiorun.com\/fr\/#organization\",\"name\":\"MioMio Run\",\"url\":\"https:\/\/www.miomiorun.com\/fr\/\",\"logo\":{\"@type\":\"ImageObject\",\"inLanguage\":\"fr-FR\",\"@id\":\"https:\/\/www.miomiorun.com\/fr\/#\/schema\/logo\/image\/\",\"url\":\"https:\/\/www.miomiorun.com\/app\/uploads\/2019\/12\/logomio.png\",\"contentUrl\":\"https:\/\/www.miomiorun.com\/app\/uploads\/2019\/12\/logomio.png\",\"width\":115,\"height\":82,\"caption\":\"MioMio Run\"},\"image\":{\"@id\":\"https:\/\/www.miomiorun.com\/fr\/#\/schema\/logo\/image\/\"},\"sameAs\":[\"https:\/\/www.facebook.com\/miomiorun\/\",\"https:\/\/www.instagram.com\/miomiorun\/\"]}]}<\/script>\n<!-- \/ Yoast SEO plugin. -->","yoast_head_json":{"title":"Uyn Lady Running PB42 OW Shirt femme - T-shirt intime - MioMioRun.com","description":"Le mod\u00e8le UYN PB42 pour femme est un maillot d\u00e9di\u00e9 au monde de la course \u00e0 pied qui fait de la simplicit\u00e9 sa force. Il utilise la technologie HYPERMOTION sur les bras.","robots":{"index":"index","follow":"follow","max-snippet":"max-snippet:-1","max-image-preview":"max-image-preview:large","max-video-preview":"max-video-preview:-1"},"canonical":"https:\/\/www.miomiorun.com\/fr\/produit\/uyn-lady-running-pb42-ow-shirt-femme\/","og_locale":"fr_FR","og_type":"article","og_title":"Uyn Lady Running PB42 OW Shirt femme - T-shirt intime - MioMioRun.com","og_description":"Le mod\u00e8le UYN PB42 pour femme est un maillot d\u00e9di\u00e9 au monde de la course \u00e0 pied qui fait de la simplicit\u00e9 sa force. Il utilise la technologie HYPERMOTION sur les bras.","og_url":"https:\/\/www.miomiorun.com\/fr\/produit\/uyn-lady-running-pb42-ow-shirt-femme\/","og_site_name":"MioMioRun","article_publisher":"https:\/\/www.facebook.com\/miomiorun\/","article_modified_time":"2025-12-18T18:14:48+00:00","og_image":[{"width":600,"height":600,"url":"https:\/\/www.miomiorun.com\/app\/uploads\/2022\/03\/uyn-running-PB42-OW-shirt-purple-true-navy-O102301-93V199.jpg","type":"image\/jpeg"}],"twitter_card":"summary_large_image","twitter_misc":{"Est. reading time":"1 minute"},"schema":{"@context":"https:\/\/schema.org","@graph":[{"@type":"WebPage","@id":"https:\/\/www.miomiorun.com\/fr\/produit\/uyn-lady-running-pb42-ow-shirt-femme\/","url":"https:\/\/www.miomiorun.com\/fr\/produit\/uyn-lady-running-pb42-ow-shirt-femme\/","name":"Uyn Lady Running PB42 OW Shirt femme - T-shirt intime - MioMioRun.com","isPartOf":{"@id":"https:\/\/www.miomiorun.com\/fr\/#website"},"primaryImageOfPage":{"@id":"https:\/\/www.miomiorun.com\/fr\/produit\/uyn-lady-running-pb42-ow-shirt-femme\/#primaryimage"},"image":{"@id":"https:\/\/www.miomiorun.com\/fr\/produit\/uyn-lady-running-pb42-ow-shirt-femme\/#primaryimage"},"thumbnailUrl":"https:\/\/www.miomiorun.com\/app\/uploads\/2022\/03\/uyn-running-PB42-OW-shirt-purple-true-navy-O102301-93V199.jpg","datePublished":"2022-03-23T09:08:58+00:00","dateModified":"2025-12-18T18:14:48+00:00","description":"Le mod\u00e8le UYN PB42 pour femme est un maillot d\u00e9di\u00e9 au monde de la course \u00e0 pied qui fait de la simplicit\u00e9 sa force. Il utilise la technologie HYPERMOTION sur les bras.","breadcrumb":{"@id":"https:\/\/www.miomiorun.com\/fr\/produit\/uyn-lady-running-pb42-ow-shirt-femme\/#breadcrumb"},"inLanguage":"fr-FR","potentialAction":[{"@type":"ReadAction","target":["https:\/\/www.miomiorun.com\/fr\/produit\/uyn-lady-running-pb42-ow-shirt-femme\/"]}]},{"@type":"ImageObject","inLanguage":"fr-FR","@id":"https:\/\/www.miomiorun.com\/fr\/produit\/uyn-lady-running-pb42-ow-shirt-femme\/#primaryimage","url":"https:\/\/www.miomiorun.com\/app\/uploads\/2022\/03\/uyn-running-PB42-OW-shirt-purple-true-navy-O102301-93V199.jpg","contentUrl":"https:\/\/www.miomiorun.com\/app\/uploads\/2022\/03\/uyn-running-PB42-OW-shirt-purple-true-navy-O102301-93V199.jpg","width":600,"height":600,"caption":"uyn-running-PB42-OW-shirt-purple-true-navy-O102301-93V199"},{"@type":"BreadcrumbList","@id":"https:\/\/www.miomiorun.com\/fr\/produit\/uyn-lady-running-pb42-ow-shirt-femme\/#breadcrumb","itemListElement":[{"@type":"ListItem","position":1,"name":"Home","item":"https:\/\/www.miomiorun.com\/fr\/home-page\/"},{"@type":"ListItem","position":2,"name":"Shop","item":"https:\/\/www.miomiorun.com\/shop\/"},{"@type":"ListItem","position":3,"name":"Lady Running PB42 OW Shirt femme"}]},{"@type":"WebSite","@id":"https:\/\/www.miomiorun.com\/fr\/#website","url":"https:\/\/www.miomiorun.com\/fr\/","name":"MioMioRun","description":"Boutique 100% running et trail","publisher":{"@id":"https:\/\/www.miomiorun.com\/fr\/#organization"},"potentialAction":[{"@type":"SearchAction","target":{"@type":"EntryPoint","urlTemplate":"https:\/\/www.miomiorun.com\/fr\/?s={search_term_string}"},"query-input":{"@type":"PropertyValueSpecification","valueRequired":true,"valueName":"search_term_string"}}],"inLanguage":"fr-FR"},{"@type":"Organization","@id":"https:\/\/www.miomiorun.com\/fr\/#organization","name":"MioMio Run","url":"https:\/\/www.miomiorun.com\/fr\/","logo":{"@type":"ImageObject","inLanguage":"fr-FR","@id":"https:\/\/www.miomiorun.com\/fr\/#\/schema\/logo\/image\/","url":"https:\/\/www.miomiorun.com\/app\/uploads\/2019\/12\/logomio.png","contentUrl":"https:\/\/www.miomiorun.com\/app\/uploads\/2019\/12\/logomio.png","width":115,"height":82,"caption":"MioMio Run"},"image":{"@id":"https:\/\/www.miomiorun.com\/fr\/#\/schema\/logo\/image\/"},"sameAs":["https:\/\/www.facebook.com\/miomiorun\/","https:\/\/www.instagram.com\/miomiorun\/"]}]}},"_links":{"self":[{"href":"https:\/\/www.miomiorun.com\/fr\/wp-json\/wp\/v2\/product\/281742","targetHints":{"allow":["GET"]}}],"collection":[{"href":"https:\/\/www.miomiorun.com\/fr\/wp-json\/wp\/v2\/product"}],"about":[{"href":"https:\/\/www.miomiorun.com\/fr\/wp-json\/wp\/v2\/types\/product"}],"wp:featuredmedia":[{"embeddable":true,"href":"https:\/\/www.miomiorun.com\/fr\/wp-json\/wp\/v2\/media\/235759"}],"wp:attachment":[{"href":"https:\/\/www.miomiorun.com\/fr\/wp-json\/wp\/v2\/media?parent=281742"}],"wp:term":[{"taxonomy":"product_brand","embeddable":true,"href":"https:\/\/www.miomiorun.com\/fr\/wp-json\/wp\/v2\/product_brand?post=281742"},{"taxonomy":"product_cat","embeddable":true,"href":"https:\/\/www.miomiorun.com\/fr\/wp-json\/wp\/v2\/product_cat?post=281742"},{"taxonomy":"product_tag","embeddable":true,"href":"https:\/\/www.miomiorun.com\/fr\/wp-json\/wp\/v2\/product_tag?post=281742"}],"curies":[{"name":"wp","href":"https:\/\/api.w.org\/{rel}","templated":true}]}}