{"id":281738,"date":"2022-03-23T12:18:10","date_gmt":"2022-03-23T11:18:10","guid":{"rendered":"https:\/\/miomiorun.com\/prodotto\/uyn-running-exceleration-ow-shirt-donna\/"},"modified":"2025-12-18T19:29:09","modified_gmt":"2025-12-18T18:29:09","slug":"uyn-running-exceleration-ow-shirt-femme","status":"publish","type":"product","link":"https:\/\/www.miomiorun.com\/fr\/produit\/uyn-running-exceleration-ow-shirt-femme\/","title":{"rendered":"Running Exceleration OW Shirt femme"},"content":{"rendered":"<div class=\"tab-custom-inner-max content-wysiwyg\"><\/div>\n<div class=\"tab-custom-inner-max content-wysiwyg\">\n<div class=\"product-line\">\n<p>Con\u00e7u pour les coureuses exigeantes qui recherchent confort et performance, le maillot technique haut de gamme <strong>Uyn Exceleration<\/strong> pour femme allie fonctionnalit\u00e9s avanc\u00e9es et mat\u00e9riaux haut de gamme pour garantir une ventilation parfaite, une gestion optimale de la transpiration et une libert\u00e9 de mouvement totale.<\/p>\n<p><strong>Caract\u00e9ristiques :<\/strong><\/p>\n<ul>\n<li class=\"mb-2\">&nbsp;La structure <strong>4-WAYS VENTILATION<\/strong> situ\u00e9e au niveau de la poitrine garantit une ventilation parfaite du corps.<\/li>\n<li>Le syst\u00e8me <strong>COOLVENT<\/strong> au niveau du dos assure une bonne thermor\u00e9gulation et \u00e9vacue rapidement la transpiration.<\/li>\n<li><strong>FLEXY RIBS<\/strong> sur les \u00e9paules pour un confort sup\u00e9rieur.<\/li>\n<li>Nombre r\u00e9duit de coutures pour \u00e9liminer tout point d&#8217;abrasion.<\/li>\n<li>Logo UYN r\u00e9fl\u00e9chissant dans le dos pour les conditions de faible luminosit\u00e9.<\/li>\n<\/ul>\n<h3>Technologies<\/h3>\n<div id=\"tab-technology\" class=\"tab-pane active\" role=\"tabpanel\">\n<div class=\"tab-custom\">\n<div class=\"tab-items\">\n<div class=\"row\">\n<div class=\"col-xs-12 col-sm-4\">\n<div class=\"tab-item\">\n<div class=\"media media-md\">\n<div class=\"media-left\"><img loading=\"lazy\" decoding=\"async\" class=\"\" src=\"https:\/\/images.prismic.io\/uynsports\/558d27668629dc0d13a92787903add7452ef943d_coolvent.jpg?auto=compress,format\" alt=\"Coolvent\" width=\"88\" height=\"88\"><\/div>\n<div class=\"media-body\">\n<div class=\"title\"><strong>Coolvent<\/strong><\/div>\n<p>Le concept Coolvent est synonyme de confort absolu. Il repose sur la structure ouverte du tissu : la surface interne est travers\u00e9e par des canaux qui favorisent un flux d&#8217;air constant. Il absorbe rapidement la transpiration, rafra\u00eechit le corps pendant l&#8217;activit\u00e9 physique et maintient la peau toujours s\u00e8che.<\/p>\n<\/div>\n<\/div>\n<\/div>\n<\/div>\n<div class=\"col-xs-12 col-sm-4\">\n<div class=\"tab-item\">\n<div class=\"media media-md\">\n<div class=\"media-left\"><img loading=\"lazy\" decoding=\"async\" class=\"\" src=\"https:\/\/images.prismic.io\/uynsports\/527a70652da805d4a951d23b1d682161e9f97dcf_drylight.jpg?auto=compress,format\" alt=\"Drylight\" width=\"88\" height=\"88\"><\/div>\n<div class=\"media-body\">\n<div class=\"title\"><strong>Drylight<\/strong><\/div>\n<p>La technologie Drylight d&#8217;UYN\u00ae offre un confort optimal dans toutes les zones du corps o\u00f9 la transpiration s&#8217;accumule. Gr\u00e2ce \u00e0 un maillage plus perm\u00e9able et hautement absorbant, l&#8217;humidit\u00e9 est rapidement \u00e9vacu\u00e9e vers l&#8217;ext\u00e9rieur.<\/p>\n<\/div>\n<\/div>\n<\/div>\n<\/div>\n<div class=\"col-xs-12 col-sm-4\">\n<div class=\"tab-item\">\n<div class=\"media media-md\">\n<div class=\"media-body\">\n<p>&nbsp;<\/p>\n<\/div>\n<\/div>\n<\/div>\n<\/div>\n<div class=\"col-xs-12 col-sm-4\">\n<div class=\"tab-item\">\n<div class=\"media media-md\">\n<div class=\"media-left\"><strong><img loading=\"lazy\" decoding=\"async\" class=\"\" src=\"https:\/\/images.prismic.io\/uynsports\/1304e00edf5a78c715bdc0f15cac1cece3921fad_meta-ribs-top.jpg?auto=compress,format\" alt=\"Meta-Ribs\" width=\"88\" height=\"88\"><\/strong><\/div>\n<div class=\"media-body\">\n<div class=\"title\"><strong>Meta-Ribs<\/strong><\/div>\n<p>Gr\u00e2ce aux Meta-Ribs int\u00e9gr\u00e9s et stabilisateurs, le syst\u00e8me Hypermotion\u00b2 favorise une posture id\u00e9ale, qui permet \u00e0 la cage thoracique de se dilater et facilite ainsi la respiration.<\/p>\n<\/div>\n<\/div>\n<\/div>\n<\/div>\n<div class=\"col-xs-12 col-sm-4\">\n<div class=\"tab-item\">\n<div class=\"media media-md\">\n<p>COMPOSITION COMMERCIALE :<span class=\"text-gray-400\">72 % POLYAMIDE <\/span><span class=\"text-gray-400\">19 % POLYESTER <\/span><span class=\"text-gray-400\">7 % \u00c9LASTHANNE <\/span><span class=\"text-gray-400\">2 % POLYPROPYL\u00c8NE <\/span><\/p>\n<\/div>\n<\/div>\n<\/div>\n<\/div>\n<\/div>\n<\/div>\n<\/div>\n<\/div>\n<\/div>\n","protected":false},"excerpt":{"rendered":"<p>Con\u00e7u pour les coureuses exigeantes qui recherchent confort et performance, le maillot technique haut de gamme Uyn Exceleration pour femme allie fonctionnalit\u00e9s avanc\u00e9es et mat\u00e9riaux haut de gamme pour garantir une ventilation parfaite, une gestion optimale de la transpiration et une libert\u00e9 de mouvement totale. Caract\u00e9ristiques : &nbsp;La structure 4-WAYS VENTILATION situ\u00e9e au niveau de &hellip; <a href=\"https:\/\/www.miomiorun.com\/fr\/produit\/uyn-running-exceleration-ow-shirt-femme\/\">Continued<\/a><\/p>\n","protected":false},"featured_media":236020,"template":"","meta":{"_acf_changed":false,"inline_featured_image":false},"product_brand":[],"product_cat":[22600,22604,22596,22595],"product_tag":[23526,23549],"class_list":{"0":"post-281738","1":"product","2":"type-product","3":"status-publish","4":"has-post-thumbnail","6":"product_cat-sous-vetements","7":"product_cat-t-shirt","8":"product_cat-vetements-pour-femmes","9":"product_cat-femme","10":"product_tag-uyn-fr","11":"product_tag-uyn-femme","12":"pa_colore-exceleration-ow-shirt-w-rose-sunny-fr","13":"pa_colore-exceleration-ow-shirt-w-turquoise-ash-fr","14":"pa_marca-uyn-fr","15":"pa_sesso-femme","16":"pa_size-extra-small-fr","17":"pa_size-medium-fr","19":"first","20":"instock","21":"sale","22":"taxable","23":"shipping-taxable","24":"purchasable","25":"product-type-variable","26":"wvs-archive-product-wrapper"},"acf":[],"yoast_head":"<!-- This site is optimized with the Yoast SEO plugin v26.8 - https:\/\/yoast.com\/product\/yoast-seo-wordpress\/ -->\n<title>Running Exceleration OW Shirt femme - Sous-v\u00eatements T-shirt- MioMioRun<\/title>\n<meta name=\"description\" content=\"Con\u00e7u pour les coureuses exigeantes qui recherchent confort et performance, le maillot Uyn Exceleration pour femme est un v\u00eatement hautement technique.\" \/>\n<meta name=\"robots\" content=\"index, follow, max-snippet:-1, max-image-preview:large, max-video-preview:-1\" \/>\n<link rel=\"canonical\" href=\"https:\/\/www.miomiorun.com\/fr\/produit\/uyn-running-exceleration-ow-shirt-femme\/\" \/>\n<meta property=\"og:locale\" content=\"fr_FR\" \/>\n<meta property=\"og:type\" content=\"article\" \/>\n<meta property=\"og:title\" content=\"Running Exceleration OW Shirt femme - Sous-v\u00eatements T-shirt- MioMioRun\" \/>\n<meta property=\"og:description\" content=\"Con\u00e7u pour les coureuses exigeantes qui recherchent confort et performance, le maillot Uyn Exceleration pour femme est un v\u00eatement hautement technique.\" \/>\n<meta property=\"og:url\" content=\"https:\/\/www.miomiorun.com\/fr\/produit\/uyn-running-exceleration-ow-shirt-femme\/\" \/>\n<meta property=\"og:site_name\" content=\"MioMioRun\" \/>\n<meta property=\"article:publisher\" content=\"https:\/\/www.facebook.com\/miomiorun\/\" \/>\n<meta property=\"article:modified_time\" content=\"2025-12-18T18:29:09+00:00\" \/>\n<meta property=\"og:image\" content=\"https:\/\/www.miomiorun.com\/app\/uploads\/2022\/04\/uyn-exceleration-ow-shirt-W-turquoise-ash-O102338-93K699.jpg\" \/>\n\t<meta property=\"og:image:width\" content=\"600\" \/>\n\t<meta property=\"og:image:height\" content=\"600\" \/>\n\t<meta property=\"og:image:type\" content=\"image\/jpeg\" \/>\n<meta name=\"twitter:card\" content=\"summary_large_image\" \/>\n<meta name=\"twitter:label1\" content=\"Est. reading time\" \/>\n\t<meta name=\"twitter:data1\" content=\"1 minute\" \/>\n<script type=\"application\/ld+json\" class=\"yoast-schema-graph\">{\"@context\":\"https:\/\/schema.org\",\"@graph\":[{\"@type\":\"WebPage\",\"@id\":\"https:\/\/www.miomiorun.com\/fr\/produit\/uyn-running-exceleration-ow-shirt-femme\/\",\"url\":\"https:\/\/www.miomiorun.com\/fr\/produit\/uyn-running-exceleration-ow-shirt-femme\/\",\"name\":\"Running Exceleration OW Shirt femme - Sous-v\u00eatements T-shirt- MioMioRun\",\"isPartOf\":{\"@id\":\"https:\/\/www.miomiorun.com\/fr\/#website\"},\"primaryImageOfPage\":{\"@id\":\"https:\/\/www.miomiorun.com\/fr\/produit\/uyn-running-exceleration-ow-shirt-femme\/#primaryimage\"},\"image\":{\"@id\":\"https:\/\/www.miomiorun.com\/fr\/produit\/uyn-running-exceleration-ow-shirt-femme\/#primaryimage\"},\"thumbnailUrl\":\"https:\/\/www.miomiorun.com\/app\/uploads\/2022\/04\/uyn-exceleration-ow-shirt-W-turquoise-ash-O102338-93K699.jpg\",\"datePublished\":\"2022-03-23T11:18:10+00:00\",\"dateModified\":\"2025-12-18T18:29:09+00:00\",\"description\":\"Con\u00e7u pour les coureuses exigeantes qui recherchent confort et performance, le maillot Uyn Exceleration pour femme est un v\u00eatement hautement technique.\",\"breadcrumb\":{\"@id\":\"https:\/\/www.miomiorun.com\/fr\/produit\/uyn-running-exceleration-ow-shirt-femme\/#breadcrumb\"},\"inLanguage\":\"fr-FR\",\"potentialAction\":[{\"@type\":\"ReadAction\",\"target\":[\"https:\/\/www.miomiorun.com\/fr\/produit\/uyn-running-exceleration-ow-shirt-femme\/\"]}]},{\"@type\":\"ImageObject\",\"inLanguage\":\"fr-FR\",\"@id\":\"https:\/\/www.miomiorun.com\/fr\/produit\/uyn-running-exceleration-ow-shirt-femme\/#primaryimage\",\"url\":\"https:\/\/www.miomiorun.com\/app\/uploads\/2022\/04\/uyn-exceleration-ow-shirt-W-turquoise-ash-O102338-93K699.jpg\",\"contentUrl\":\"https:\/\/www.miomiorun.com\/app\/uploads\/2022\/04\/uyn-exceleration-ow-shirt-W-turquoise-ash-O102338-93K699.jpg\",\"width\":600,\"height\":600,\"caption\":\"uyn-exceleration-ow-shirt-W-turquoise-ash-O102338-93K699\"},{\"@type\":\"BreadcrumbList\",\"@id\":\"https:\/\/www.miomiorun.com\/fr\/produit\/uyn-running-exceleration-ow-shirt-femme\/#breadcrumb\",\"itemListElement\":[{\"@type\":\"ListItem\",\"position\":1,\"name\":\"Home\",\"item\":\"https:\/\/www.miomiorun.com\/fr\/home-page\/\"},{\"@type\":\"ListItem\",\"position\":2,\"name\":\"Shop\",\"item\":\"https:\/\/www.miomiorun.com\/shop\/\"},{\"@type\":\"ListItem\",\"position\":3,\"name\":\"Running Exceleration OW Shirt femme\"}]},{\"@type\":\"WebSite\",\"@id\":\"https:\/\/www.miomiorun.com\/fr\/#website\",\"url\":\"https:\/\/www.miomiorun.com\/fr\/\",\"name\":\"MioMioRun\",\"description\":\"Boutique 100% running et trail\",\"publisher\":{\"@id\":\"https:\/\/www.miomiorun.com\/fr\/#organization\"},\"potentialAction\":[{\"@type\":\"SearchAction\",\"target\":{\"@type\":\"EntryPoint\",\"urlTemplate\":\"https:\/\/www.miomiorun.com\/fr\/?s={search_term_string}\"},\"query-input\":{\"@type\":\"PropertyValueSpecification\",\"valueRequired\":true,\"valueName\":\"search_term_string\"}}],\"inLanguage\":\"fr-FR\"},{\"@type\":\"Organization\",\"@id\":\"https:\/\/www.miomiorun.com\/fr\/#organization\",\"name\":\"MioMio Run\",\"url\":\"https:\/\/www.miomiorun.com\/fr\/\",\"logo\":{\"@type\":\"ImageObject\",\"inLanguage\":\"fr-FR\",\"@id\":\"https:\/\/www.miomiorun.com\/fr\/#\/schema\/logo\/image\/\",\"url\":\"https:\/\/www.miomiorun.com\/app\/uploads\/2019\/12\/logomio.png\",\"contentUrl\":\"https:\/\/www.miomiorun.com\/app\/uploads\/2019\/12\/logomio.png\",\"width\":115,\"height\":82,\"caption\":\"MioMio Run\"},\"image\":{\"@id\":\"https:\/\/www.miomiorun.com\/fr\/#\/schema\/logo\/image\/\"},\"sameAs\":[\"https:\/\/www.facebook.com\/miomiorun\/\",\"https:\/\/www.instagram.com\/miomiorun\/\"]}]}<\/script>\n<!-- \/ Yoast SEO plugin. -->","yoast_head_json":{"title":"Running Exceleration OW Shirt femme - Sous-v\u00eatements T-shirt- MioMioRun","description":"Con\u00e7u pour les coureuses exigeantes qui recherchent confort et performance, le maillot Uyn Exceleration pour femme est un v\u00eatement hautement technique.","robots":{"index":"index","follow":"follow","max-snippet":"max-snippet:-1","max-image-preview":"max-image-preview:large","max-video-preview":"max-video-preview:-1"},"canonical":"https:\/\/www.miomiorun.com\/fr\/produit\/uyn-running-exceleration-ow-shirt-femme\/","og_locale":"fr_FR","og_type":"article","og_title":"Running Exceleration OW Shirt femme - Sous-v\u00eatements T-shirt- MioMioRun","og_description":"Con\u00e7u pour les coureuses exigeantes qui recherchent confort et performance, le maillot Uyn Exceleration pour femme est un v\u00eatement hautement technique.","og_url":"https:\/\/www.miomiorun.com\/fr\/produit\/uyn-running-exceleration-ow-shirt-femme\/","og_site_name":"MioMioRun","article_publisher":"https:\/\/www.facebook.com\/miomiorun\/","article_modified_time":"2025-12-18T18:29:09+00:00","og_image":[{"width":600,"height":600,"url":"https:\/\/www.miomiorun.com\/app\/uploads\/2022\/04\/uyn-exceleration-ow-shirt-W-turquoise-ash-O102338-93K699.jpg","type":"image\/jpeg"}],"twitter_card":"summary_large_image","twitter_misc":{"Est. reading time":"1 minute"},"schema":{"@context":"https:\/\/schema.org","@graph":[{"@type":"WebPage","@id":"https:\/\/www.miomiorun.com\/fr\/produit\/uyn-running-exceleration-ow-shirt-femme\/","url":"https:\/\/www.miomiorun.com\/fr\/produit\/uyn-running-exceleration-ow-shirt-femme\/","name":"Running Exceleration OW Shirt femme - Sous-v\u00eatements T-shirt- MioMioRun","isPartOf":{"@id":"https:\/\/www.miomiorun.com\/fr\/#website"},"primaryImageOfPage":{"@id":"https:\/\/www.miomiorun.com\/fr\/produit\/uyn-running-exceleration-ow-shirt-femme\/#primaryimage"},"image":{"@id":"https:\/\/www.miomiorun.com\/fr\/produit\/uyn-running-exceleration-ow-shirt-femme\/#primaryimage"},"thumbnailUrl":"https:\/\/www.miomiorun.com\/app\/uploads\/2022\/04\/uyn-exceleration-ow-shirt-W-turquoise-ash-O102338-93K699.jpg","datePublished":"2022-03-23T11:18:10+00:00","dateModified":"2025-12-18T18:29:09+00:00","description":"Con\u00e7u pour les coureuses exigeantes qui recherchent confort et performance, le maillot Uyn Exceleration pour femme est un v\u00eatement hautement technique.","breadcrumb":{"@id":"https:\/\/www.miomiorun.com\/fr\/produit\/uyn-running-exceleration-ow-shirt-femme\/#breadcrumb"},"inLanguage":"fr-FR","potentialAction":[{"@type":"ReadAction","target":["https:\/\/www.miomiorun.com\/fr\/produit\/uyn-running-exceleration-ow-shirt-femme\/"]}]},{"@type":"ImageObject","inLanguage":"fr-FR","@id":"https:\/\/www.miomiorun.com\/fr\/produit\/uyn-running-exceleration-ow-shirt-femme\/#primaryimage","url":"https:\/\/www.miomiorun.com\/app\/uploads\/2022\/04\/uyn-exceleration-ow-shirt-W-turquoise-ash-O102338-93K699.jpg","contentUrl":"https:\/\/www.miomiorun.com\/app\/uploads\/2022\/04\/uyn-exceleration-ow-shirt-W-turquoise-ash-O102338-93K699.jpg","width":600,"height":600,"caption":"uyn-exceleration-ow-shirt-W-turquoise-ash-O102338-93K699"},{"@type":"BreadcrumbList","@id":"https:\/\/www.miomiorun.com\/fr\/produit\/uyn-running-exceleration-ow-shirt-femme\/#breadcrumb","itemListElement":[{"@type":"ListItem","position":1,"name":"Home","item":"https:\/\/www.miomiorun.com\/fr\/home-page\/"},{"@type":"ListItem","position":2,"name":"Shop","item":"https:\/\/www.miomiorun.com\/shop\/"},{"@type":"ListItem","position":3,"name":"Running Exceleration OW Shirt femme"}]},{"@type":"WebSite","@id":"https:\/\/www.miomiorun.com\/fr\/#website","url":"https:\/\/www.miomiorun.com\/fr\/","name":"MioMioRun","description":"Boutique 100% running et trail","publisher":{"@id":"https:\/\/www.miomiorun.com\/fr\/#organization"},"potentialAction":[{"@type":"SearchAction","target":{"@type":"EntryPoint","urlTemplate":"https:\/\/www.miomiorun.com\/fr\/?s={search_term_string}"},"query-input":{"@type":"PropertyValueSpecification","valueRequired":true,"valueName":"search_term_string"}}],"inLanguage":"fr-FR"},{"@type":"Organization","@id":"https:\/\/www.miomiorun.com\/fr\/#organization","name":"MioMio Run","url":"https:\/\/www.miomiorun.com\/fr\/","logo":{"@type":"ImageObject","inLanguage":"fr-FR","@id":"https:\/\/www.miomiorun.com\/fr\/#\/schema\/logo\/image\/","url":"https:\/\/www.miomiorun.com\/app\/uploads\/2019\/12\/logomio.png","contentUrl":"https:\/\/www.miomiorun.com\/app\/uploads\/2019\/12\/logomio.png","width":115,"height":82,"caption":"MioMio Run"},"image":{"@id":"https:\/\/www.miomiorun.com\/fr\/#\/schema\/logo\/image\/"},"sameAs":["https:\/\/www.facebook.com\/miomiorun\/","https:\/\/www.instagram.com\/miomiorun\/"]}]}},"_links":{"self":[{"href":"https:\/\/www.miomiorun.com\/fr\/wp-json\/wp\/v2\/product\/281738","targetHints":{"allow":["GET"]}}],"collection":[{"href":"https:\/\/www.miomiorun.com\/fr\/wp-json\/wp\/v2\/product"}],"about":[{"href":"https:\/\/www.miomiorun.com\/fr\/wp-json\/wp\/v2\/types\/product"}],"wp:featuredmedia":[{"embeddable":true,"href":"https:\/\/www.miomiorun.com\/fr\/wp-json\/wp\/v2\/media\/236020"}],"wp:attachment":[{"href":"https:\/\/www.miomiorun.com\/fr\/wp-json\/wp\/v2\/media?parent=281738"}],"wp:term":[{"taxonomy":"product_brand","embeddable":true,"href":"https:\/\/www.miomiorun.com\/fr\/wp-json\/wp\/v2\/product_brand?post=281738"},{"taxonomy":"product_cat","embeddable":true,"href":"https:\/\/www.miomiorun.com\/fr\/wp-json\/wp\/v2\/product_cat?post=281738"},{"taxonomy":"product_tag","embeddable":true,"href":"https:\/\/www.miomiorun.com\/fr\/wp-json\/wp\/v2\/product_tag?post=281738"}],"curies":[{"name":"wp","href":"https:\/\/api.w.org\/{rel}","templated":true}]}}