{"id":281735,"date":"2022-03-25T18:48:07","date_gmt":"2022-03-25T17:48:07","guid":{"rendered":"https:\/\/miomiorun.com\/prodotto\/uyn-running-pb42-ow-shirt-uomo\/"},"modified":"2026-05-08T21:21:44","modified_gmt":"2026-05-08T19:21:44","slug":"uyn-running-pb42-ow-shirt-homme","status":"publish","type":"product","link":"https:\/\/www.miomiorun.com\/fr\/produit\/uyn-running-pb42-ow-shirt-homme\/","title":{"rendered":"Running PB42 OW Shirt homme"},"content":{"rendered":"<div class=\"tab-custom-inner-max content-wysiwyg\"><\/div>\n<div class=\"tab-custom-inner-max content-wysiwyg\">\n<div class=\"product-line\">Con\u00e7u pour vous aider \u00e0 atteindre votre meilleur niveau Anatomique, respirant et dot\u00e9 d&#8217;une coupe pens\u00e9e pour vous aider \u00e0 obtenir les meilleurs r\u00e9sultats dans les courses de longue distance. <strong>UYN PB42<\/strong> pour homme est le maillot d\u00e9di\u00e9 au monde de la course \u00e0 pied qui fait de l&#8217;essentialit\u00e9 sa force.<\/p>\n<div class=\"product-line\">Aux endroits o\u00f9 la transpiration s&#8217;accumule, le tissu pr\u00e9sente une structure tridimensionnelle qui permet une meilleure circulation de l&#8217;air, gardant le corps frais et sec. La technologie <strong>HYPERMOTION<\/strong> au niveau des \u00e9paules et des bras assure une grande libert\u00e9 de mouvement et permet au corps de maintenir la posture de course la plus correcte<\/div>\n<div><\/div>\n<div class=\"product-line\"><strong>Caract\u00e9ristiques :<\/strong><\/div>\n<div class=\"product-line\">\n<ul>\n<li class=\"mb-2\">&nbsp;Le syst\u00e8me <strong>COOLVENT<\/strong> au niveau de la poitrine et du dos garantit une bonne thermor\u00e9gulation et \u00e9vacue rapidement la transpiration.<\/li>\n<li>Sous-manches avec technologie <strong>DRYLIGHT<\/strong> pour une ventilation accrue.<\/li>\n<li>Technologie <strong>HYPERMOTION<\/strong> sur les \u00e9paules et les bras sans coutures verticales. R\u00e9duit les points d&#8217;abrasion, soutient la posture et offre une grande libert\u00e9 de mouvement.<\/li>\n<li>Construction tridimensionnelle du tissu au niveau de l&#8217;abdomen et du bas du dos pour permettre \u00e0 l&#8217;air de circuler.<\/li>\n<li>Logo UYN r\u00e9fl\u00e9chissant dans le dos pour les conditions de faible luminosit\u00e9.<\/li>\n<\/ul>\n<h3>Technologies<\/h3>\n<div id=\"tab-technology\" class=\"tab-pane active\" role=\"tabpanel\">\n<div class=\"tab-custom\">\n<div class=\"tab-items\">\n<div class=\"row\">\n<div class=\"col-xs-12 col-sm-4\">\n<div class=\"tab-item\">\n<div class=\"media media-md\">\n<div class=\"media-left\"><img loading=\"lazy\" decoding=\"async\" class=\"\" src=\"https:\/\/images.prismic.io\/uynsports\/558d27668629dc0d13a92787903add7452ef943d_coolvent.jpg?auto=compress,format\" alt=\"Coolvent\" width=\"88\" height=\"88\"><\/div>\n<div class=\"media-body\">\n<div class=\"title\"><strong>Coolvent<\/strong><\/div>\n<p>Le concept Coolvent est synonyme de confort absolu. Il repose sur la structure ouverte du tissu : la surface interne est travers\u00e9e par des canaux qui favorisent un flux d&#8217;air constant. Il absorbe rapidement la transpiration, rafra\u00eechit le corps pendant l&#8217;activit\u00e9 physique et maintient la peau toujours s\u00e8che.<\/p>\n<\/div>\n<\/div>\n<\/div>\n<\/div>\n<div class=\"col-xs-12 col-sm-4\">\n<div class=\"tab-item\">\n<div class=\"media media-md\">\n<div class=\"media-left\"><img loading=\"lazy\" decoding=\"async\" class=\"\" src=\"https:\/\/images.prismic.io\/uynsports\/527a70652da805d4a951d23b1d682161e9f97dcf_drylight.jpg?auto=compress,format\" alt=\"Drylight\" width=\"88\" height=\"88\"><\/div>\n<div class=\"media-body\">\n<div class=\"title\"><strong>Drylight<\/strong><\/div>\n<p>La technologie Drylight de UYN\u00ae offre un confort optimal dans toutes les zones du corps o\u00f9 la transpiration s&#8217;accumule. Gr\u00e2ce \u00e0 un maillage plus perm\u00e9able et hautement absorbant, l&#8217;humidit\u00e9 est rapidement \u00e9vacu\u00e9e vers l&#8217;ext\u00e9rieur.<\/p>\n<\/div>\n<\/div>\n<\/div>\n<\/div>\n<div class=\"col-xs-12 col-sm-4\">\n<div class=\"tab-item\">\n<div class=\"media media-md\">\n<div class=\"media-left\"><img loading=\"lazy\" decoding=\"async\" class=\"\" src=\"https:\/\/images.prismic.io\/uynsports\/89800456c6e9adddef3efa4e70bf25dcbd6b6aab_hypermotion2.jpg?auto=compress,format\" alt=\"Hypermotion\u00b2\" width=\"88\" height=\"88\"><\/div>\n<div class=\"media-body\">\n<div class=\"title\"><strong>Hypermotion\u00b2<\/strong><\/div>\n<p>Hypermotion\u00b2 offre une libert\u00e9 de mouvement encore plus grande. Il n&#8217;y a aucune couture verticale, ni sur les \u00e9paules ni sur la poitrine. Rien ne peut limiter le mouvement des bras.<\/p>\n<\/div>\n<\/div>\n<\/div>\n<\/div>\n<div class=\"col-xs-12 col-sm-4\">\n<div class=\"tab-item\">\n<div class=\"media media-md\"><\/div>\n<\/div>\n<\/div>\n<div class=\"col-xs-12 col-sm-4\">\n<div class=\"tab-item\">\n<div class=\"media media-md\">\n<div class=\"media-body\">\n<p>Mat\u00e9riau : <span class=\"text-gray-400\">82 % POLYAMIDE <\/span><span class=\"text-gray-400\">11 % POLYESTER <\/span><span class=\"text-gray-400\">6 % \u00c9LASTHANNE <\/span><span class=\"text-gray-400\">1 % POLYPROPYL\u00c8NE <\/span><\/p>\n<\/div>\n<\/div>\n<\/div>\n<\/div>\n<\/div>\n<\/div>\n<\/div>\n<\/div>\n<\/div>\n<\/div>\n<\/div>\n","protected":false},"excerpt":{"rendered":"<p>Con\u00e7u pour vous aider \u00e0 atteindre votre meilleur niveau Anatomique, respirant et dot\u00e9 d&#8217;une coupe pens\u00e9e pour vous aider \u00e0 obtenir les meilleurs r\u00e9sultats dans les courses de longue distance. UYN PB42 pour homme est le maillot d\u00e9di\u00e9 au monde de la course \u00e0 pied qui fait de l&#8217;essentialit\u00e9 sa force. Aux endroits o\u00f9 la &hellip; <a href=\"https:\/\/www.miomiorun.com\/fr\/produit\/uyn-running-pb42-ow-shirt-homme\/\">Continued<\/a><\/p>\n","protected":false},"featured_media":233919,"template":"","meta":{"_acf_changed":false,"inline_featured_image":false},"product_brand":[],"product_cat":[24479,24449,24482,24484],"product_tag":[23526,23550],"class_list":{"0":"post-281735","1":"product","2":"type-product","3":"status-publish","4":"has-post-thumbnail","6":"product_cat-sous-vetements-fr-2","7":"product_cat-t-shirt-fr-3","8":"product_cat-vetements-pour-hommes-fr","9":"product_cat-homme","10":"product_tag-uyn-fr","11":"product_tag-uyn-homme","12":"pa_attivita-running-fr","13":"pa_colore-running-pb42-ow-shirt-m-black-beauty-iro-2-fr","14":"pa_marca-uyn-fr","15":"pa_sesso-homme","16":"pa_size-small-fr","17":"pa_size-large-fr","19":"first","20":"instock","21":"sale","22":"taxable","23":"shipping-taxable","24":"purchasable","25":"product-type-variable","26":"wvs-archive-product-wrapper"},"acf":[],"yoast_head":"<!-- This site is optimized with the Yoast SEO plugin v26.8 - https:\/\/yoast.com\/product\/yoast-seo-wordpress\/ -->\n<title>Uyn Running PB42 OW Shirt homme - Sous-v\u00eatements thermiques - MioMioRun.com<\/title>\n<meta name=\"description\" content=\"Le mod\u00e8le UYN PB42 pour homme est un maillot d\u00e9di\u00e9 au monde de la course \u00e0 pied qui fait de l&#039;essentialit\u00e9 sa force. Le tissu pr\u00e9sente une structure tridimensionnelle.\" \/>\n<meta name=\"robots\" content=\"index, follow, max-snippet:-1, max-image-preview:large, max-video-preview:-1\" \/>\n<link rel=\"canonical\" href=\"https:\/\/www.miomiorun.com\/fr\/produit\/uyn-running-pb42-ow-shirt-homme\/\" \/>\n<meta property=\"og:locale\" content=\"fr_FR\" \/>\n<meta property=\"og:type\" content=\"article\" \/>\n<meta property=\"og:title\" content=\"Uyn Running PB42 OW Shirt homme - Sous-v\u00eatements thermiques - MioMioRun.com\" \/>\n<meta property=\"og:description\" content=\"Le mod\u00e8le UYN PB42 pour homme est un maillot d\u00e9di\u00e9 au monde de la course \u00e0 pied qui fait de l&#039;essentialit\u00e9 sa force. Le tissu pr\u00e9sente une structure tridimensionnelle.\" \/>\n<meta property=\"og:url\" content=\"https:\/\/www.miomiorun.com\/fr\/produit\/uyn-running-pb42-ow-shirt-homme\/\" \/>\n<meta property=\"og:site_name\" content=\"MioMioRun\" \/>\n<meta property=\"article:publisher\" content=\"https:\/\/www.facebook.com\/miomiorun\/\" \/>\n<meta property=\"article:modified_time\" content=\"2026-05-08T19:21:44+00:00\" \/>\n<meta property=\"og:image\" content=\"https:\/\/www.miomiorun.com\/app\/uploads\/2021\/10\/uyn-Man-marathon-OW-shirt-O101951-93B754.jpg\" \/>\n\t<meta property=\"og:image:width\" content=\"600\" \/>\n\t<meta property=\"og:image:height\" content=\"600\" \/>\n\t<meta property=\"og:image:type\" content=\"image\/jpeg\" \/>\n<meta name=\"twitter:card\" content=\"summary_large_image\" \/>\n<meta name=\"twitter:label1\" content=\"Est. reading time\" \/>\n\t<meta name=\"twitter:data1\" content=\"2 minutes\" \/>\n<script type=\"application\/ld+json\" class=\"yoast-schema-graph\">{\"@context\":\"https:\/\/schema.org\",\"@graph\":[{\"@type\":\"WebPage\",\"@id\":\"https:\/\/www.miomiorun.com\/fr\/produit\/uyn-running-pb42-ow-shirt-homme\/\",\"url\":\"https:\/\/www.miomiorun.com\/fr\/produit\/uyn-running-pb42-ow-shirt-homme\/\",\"name\":\"Uyn Running PB42 OW Shirt homme - Sous-v\u00eatements thermiques - MioMioRun.com\",\"isPartOf\":{\"@id\":\"https:\/\/www.miomiorun.com\/fr\/#website\"},\"primaryImageOfPage\":{\"@id\":\"https:\/\/www.miomiorun.com\/fr\/produit\/uyn-running-pb42-ow-shirt-homme\/#primaryimage\"},\"image\":{\"@id\":\"https:\/\/www.miomiorun.com\/fr\/produit\/uyn-running-pb42-ow-shirt-homme\/#primaryimage\"},\"thumbnailUrl\":\"https:\/\/www.miomiorun.com\/app\/uploads\/2021\/10\/uyn-Man-marathon-OW-shirt-O101951-93B754.jpg\",\"datePublished\":\"2022-03-25T17:48:07+00:00\",\"dateModified\":\"2026-05-08T19:21:44+00:00\",\"description\":\"Le mod\u00e8le UYN PB42 pour homme est un maillot d\u00e9di\u00e9 au monde de la course \u00e0 pied qui fait de l'essentialit\u00e9 sa force. Le tissu pr\u00e9sente une structure tridimensionnelle.\",\"breadcrumb\":{\"@id\":\"https:\/\/www.miomiorun.com\/fr\/produit\/uyn-running-pb42-ow-shirt-homme\/#breadcrumb\"},\"inLanguage\":\"fr-FR\",\"potentialAction\":[{\"@type\":\"ReadAction\",\"target\":[\"https:\/\/www.miomiorun.com\/fr\/produit\/uyn-running-pb42-ow-shirt-homme\/\"]}]},{\"@type\":\"ImageObject\",\"inLanguage\":\"fr-FR\",\"@id\":\"https:\/\/www.miomiorun.com\/fr\/produit\/uyn-running-pb42-ow-shirt-homme\/#primaryimage\",\"url\":\"https:\/\/www.miomiorun.com\/app\/uploads\/2021\/10\/uyn-Man-marathon-OW-shirt-O101951-93B754.jpg\",\"contentUrl\":\"https:\/\/www.miomiorun.com\/app\/uploads\/2021\/10\/uyn-Man-marathon-OW-shirt-O101951-93B754.jpg\",\"width\":600,\"height\":600,\"caption\":\"uyn man marathon ow shirt\"},{\"@type\":\"BreadcrumbList\",\"@id\":\"https:\/\/www.miomiorun.com\/fr\/produit\/uyn-running-pb42-ow-shirt-homme\/#breadcrumb\",\"itemListElement\":[{\"@type\":\"ListItem\",\"position\":1,\"name\":\"Home\",\"item\":\"https:\/\/www.miomiorun.com\/fr\/home-page\/\"},{\"@type\":\"ListItem\",\"position\":2,\"name\":\"Shop\",\"item\":\"https:\/\/www.miomiorun.com\/shop\/\"},{\"@type\":\"ListItem\",\"position\":3,\"name\":\"Running PB42 OW Shirt homme\"}]},{\"@type\":\"WebSite\",\"@id\":\"https:\/\/www.miomiorun.com\/fr\/#website\",\"url\":\"https:\/\/www.miomiorun.com\/fr\/\",\"name\":\"MioMioRun\",\"description\":\"Boutique 100% running et trail\",\"publisher\":{\"@id\":\"https:\/\/www.miomiorun.com\/fr\/#organization\"},\"potentialAction\":[{\"@type\":\"SearchAction\",\"target\":{\"@type\":\"EntryPoint\",\"urlTemplate\":\"https:\/\/www.miomiorun.com\/fr\/?s={search_term_string}\"},\"query-input\":{\"@type\":\"PropertyValueSpecification\",\"valueRequired\":true,\"valueName\":\"search_term_string\"}}],\"inLanguage\":\"fr-FR\"},{\"@type\":\"Organization\",\"@id\":\"https:\/\/www.miomiorun.com\/fr\/#organization\",\"name\":\"MioMio Run\",\"url\":\"https:\/\/www.miomiorun.com\/fr\/\",\"logo\":{\"@type\":\"ImageObject\",\"inLanguage\":\"fr-FR\",\"@id\":\"https:\/\/www.miomiorun.com\/fr\/#\/schema\/logo\/image\/\",\"url\":\"https:\/\/www.miomiorun.com\/app\/uploads\/2019\/12\/logomio.png\",\"contentUrl\":\"https:\/\/www.miomiorun.com\/app\/uploads\/2019\/12\/logomio.png\",\"width\":115,\"height\":82,\"caption\":\"MioMio Run\"},\"image\":{\"@id\":\"https:\/\/www.miomiorun.com\/fr\/#\/schema\/logo\/image\/\"},\"sameAs\":[\"https:\/\/www.facebook.com\/miomiorun\/\",\"https:\/\/www.instagram.com\/miomiorun\/\"]}]}<\/script>\n<!-- \/ Yoast SEO plugin. -->","yoast_head_json":{"title":"Uyn Running PB42 OW Shirt homme - Sous-v\u00eatements thermiques - MioMioRun.com","description":"Le mod\u00e8le UYN PB42 pour homme est un maillot d\u00e9di\u00e9 au monde de la course \u00e0 pied qui fait de l'essentialit\u00e9 sa force. Le tissu pr\u00e9sente une structure tridimensionnelle.","robots":{"index":"index","follow":"follow","max-snippet":"max-snippet:-1","max-image-preview":"max-image-preview:large","max-video-preview":"max-video-preview:-1"},"canonical":"https:\/\/www.miomiorun.com\/fr\/produit\/uyn-running-pb42-ow-shirt-homme\/","og_locale":"fr_FR","og_type":"article","og_title":"Uyn Running PB42 OW Shirt homme - Sous-v\u00eatements thermiques - MioMioRun.com","og_description":"Le mod\u00e8le UYN PB42 pour homme est un maillot d\u00e9di\u00e9 au monde de la course \u00e0 pied qui fait de l'essentialit\u00e9 sa force. Le tissu pr\u00e9sente une structure tridimensionnelle.","og_url":"https:\/\/www.miomiorun.com\/fr\/produit\/uyn-running-pb42-ow-shirt-homme\/","og_site_name":"MioMioRun","article_publisher":"https:\/\/www.facebook.com\/miomiorun\/","article_modified_time":"2026-05-08T19:21:44+00:00","og_image":[{"width":600,"height":600,"url":"https:\/\/www.miomiorun.com\/app\/uploads\/2021\/10\/uyn-Man-marathon-OW-shirt-O101951-93B754.jpg","type":"image\/jpeg"}],"twitter_card":"summary_large_image","twitter_misc":{"Est. reading time":"2 minutes"},"schema":{"@context":"https:\/\/schema.org","@graph":[{"@type":"WebPage","@id":"https:\/\/www.miomiorun.com\/fr\/produit\/uyn-running-pb42-ow-shirt-homme\/","url":"https:\/\/www.miomiorun.com\/fr\/produit\/uyn-running-pb42-ow-shirt-homme\/","name":"Uyn Running PB42 OW Shirt homme - Sous-v\u00eatements thermiques - MioMioRun.com","isPartOf":{"@id":"https:\/\/www.miomiorun.com\/fr\/#website"},"primaryImageOfPage":{"@id":"https:\/\/www.miomiorun.com\/fr\/produit\/uyn-running-pb42-ow-shirt-homme\/#primaryimage"},"image":{"@id":"https:\/\/www.miomiorun.com\/fr\/produit\/uyn-running-pb42-ow-shirt-homme\/#primaryimage"},"thumbnailUrl":"https:\/\/www.miomiorun.com\/app\/uploads\/2021\/10\/uyn-Man-marathon-OW-shirt-O101951-93B754.jpg","datePublished":"2022-03-25T17:48:07+00:00","dateModified":"2026-05-08T19:21:44+00:00","description":"Le mod\u00e8le UYN PB42 pour homme est un maillot d\u00e9di\u00e9 au monde de la course \u00e0 pied qui fait de l'essentialit\u00e9 sa force. Le tissu pr\u00e9sente une structure tridimensionnelle.","breadcrumb":{"@id":"https:\/\/www.miomiorun.com\/fr\/produit\/uyn-running-pb42-ow-shirt-homme\/#breadcrumb"},"inLanguage":"fr-FR","potentialAction":[{"@type":"ReadAction","target":["https:\/\/www.miomiorun.com\/fr\/produit\/uyn-running-pb42-ow-shirt-homme\/"]}]},{"@type":"ImageObject","inLanguage":"fr-FR","@id":"https:\/\/www.miomiorun.com\/fr\/produit\/uyn-running-pb42-ow-shirt-homme\/#primaryimage","url":"https:\/\/www.miomiorun.com\/app\/uploads\/2021\/10\/uyn-Man-marathon-OW-shirt-O101951-93B754.jpg","contentUrl":"https:\/\/www.miomiorun.com\/app\/uploads\/2021\/10\/uyn-Man-marathon-OW-shirt-O101951-93B754.jpg","width":600,"height":600,"caption":"uyn man marathon ow shirt"},{"@type":"BreadcrumbList","@id":"https:\/\/www.miomiorun.com\/fr\/produit\/uyn-running-pb42-ow-shirt-homme\/#breadcrumb","itemListElement":[{"@type":"ListItem","position":1,"name":"Home","item":"https:\/\/www.miomiorun.com\/fr\/home-page\/"},{"@type":"ListItem","position":2,"name":"Shop","item":"https:\/\/www.miomiorun.com\/shop\/"},{"@type":"ListItem","position":3,"name":"Running PB42 OW Shirt homme"}]},{"@type":"WebSite","@id":"https:\/\/www.miomiorun.com\/fr\/#website","url":"https:\/\/www.miomiorun.com\/fr\/","name":"MioMioRun","description":"Boutique 100% running et trail","publisher":{"@id":"https:\/\/www.miomiorun.com\/fr\/#organization"},"potentialAction":[{"@type":"SearchAction","target":{"@type":"EntryPoint","urlTemplate":"https:\/\/www.miomiorun.com\/fr\/?s={search_term_string}"},"query-input":{"@type":"PropertyValueSpecification","valueRequired":true,"valueName":"search_term_string"}}],"inLanguage":"fr-FR"},{"@type":"Organization","@id":"https:\/\/www.miomiorun.com\/fr\/#organization","name":"MioMio Run","url":"https:\/\/www.miomiorun.com\/fr\/","logo":{"@type":"ImageObject","inLanguage":"fr-FR","@id":"https:\/\/www.miomiorun.com\/fr\/#\/schema\/logo\/image\/","url":"https:\/\/www.miomiorun.com\/app\/uploads\/2019\/12\/logomio.png","contentUrl":"https:\/\/www.miomiorun.com\/app\/uploads\/2019\/12\/logomio.png","width":115,"height":82,"caption":"MioMio Run"},"image":{"@id":"https:\/\/www.miomiorun.com\/fr\/#\/schema\/logo\/image\/"},"sameAs":["https:\/\/www.facebook.com\/miomiorun\/","https:\/\/www.instagram.com\/miomiorun\/"]}]}},"_links":{"self":[{"href":"https:\/\/www.miomiorun.com\/fr\/wp-json\/wp\/v2\/product\/281735","targetHints":{"allow":["GET"]}}],"collection":[{"href":"https:\/\/www.miomiorun.com\/fr\/wp-json\/wp\/v2\/product"}],"about":[{"href":"https:\/\/www.miomiorun.com\/fr\/wp-json\/wp\/v2\/types\/product"}],"wp:featuredmedia":[{"embeddable":true,"href":"https:\/\/www.miomiorun.com\/fr\/wp-json\/wp\/v2\/media\/233919"}],"wp:attachment":[{"href":"https:\/\/www.miomiorun.com\/fr\/wp-json\/wp\/v2\/media?parent=281735"}],"wp:term":[{"taxonomy":"product_brand","embeddable":true,"href":"https:\/\/www.miomiorun.com\/fr\/wp-json\/wp\/v2\/product_brand?post=281735"},{"taxonomy":"product_cat","embeddable":true,"href":"https:\/\/www.miomiorun.com\/fr\/wp-json\/wp\/v2\/product_cat?post=281735"},{"taxonomy":"product_tag","embeddable":true,"href":"https:\/\/www.miomiorun.com\/fr\/wp-json\/wp\/v2\/product_tag?post=281735"}],"curies":[{"name":"wp","href":"https:\/\/api.w.org\/{rel}","templated":true}]}}