{"id":281733,"date":"2022-03-25T19:09:33","date_gmt":"2022-03-25T18:09:33","guid":{"rendered":"https:\/\/miomiorun.com\/prodotto\/craft-adv-essence-2-strech-shorts-donna\/"},"modified":"2026-05-08T21:21:59","modified_gmt":"2026-05-08T19:21:59","slug":"craft-adv-essence-2-strech-shorts-femme","status":"publish","type":"product","link":"https:\/\/www.miomiorun.com\/fr\/produit\/craft-adv-essence-2-strech-shorts-femme\/","title":{"rendered":"Adv Essence 2&#8243; Strech Shorts femme"},"content":{"rendered":"<p>Le short \u00e9lastique <strong>ADV Essence 2&#8243;<\/strong> pour femme est un short d&#8217;entra\u00eenement qui s\u00e9duit au premier regard, offrant un ajustement parfait et une excellente fonctionnalit\u00e9. Fabriqu\u00e9 en polyester recycl\u00e9 tr\u00e8s \u00e9lastique et dot\u00e9 d&#8217;une coupe plus haute sur les c\u00f4t\u00e9s, ce short d&#8217;entra\u00eenement avanc\u00e9 est id\u00e9al pour la plupart des activit\u00e9s physiques intenses.<\/p>\n<p><strong>Caract\u00e9ristiques :<\/strong><\/p>\n<ul>\n<li>&nbsp;Polyester recycl\u00e9.<\/li>\n<li>Tissu extensible et fonctionnel.<\/li>\n<li>Slip int\u00e9rieur \u00e9lastique.<\/li>\n<li>Imprim\u00e9s r\u00e9fl\u00e9chissants pour une meilleure visibilit\u00e9.<\/li>\n<li>Cordon de serrage r\u00e9glable \u00e0 l&#8217;int\u00e9rieur de la ceinture.<\/li>\n<li>Poche zipp\u00e9e cach\u00e9e \u00e0 l&#8217;arri\u00e8re.<\/li>\n<li>Couture int\u00e9rieure d&#8217;environ 5,5 cm en taille M.<\/li>\n<\/ul>\n<p>&nbsp;<\/p>\n<p class=\"tw-data-text tw-text-large XcVN5d tw-ta\" dir=\"ltr\" data-placeholder=\"Traduzione\"><img loading=\"lazy\" decoding=\"async\" class=\"css-1w257c5\" title=\"MoistureTransport\" src=\"https:\/\/www.craftsportswear.com\/static\/media\/moisture_transport.27f437d8.svg?q=70&amp;fit=clip&amp;w=72&amp;fm=jpg&amp;auto=format\" alt=\"MoistureTransport\" width=\"89\" height=\"89\"><\/p>\n<p class=\"tw-data-text tw-text-large XcVN5d tw-ta\" dir=\"ltr\" data-placeholder=\"Traduzione\"><strong>Transport de l&#8217;humidit\u00e9<\/strong><\/p>\n<p dir=\"ltr\" data-placeholder=\"Traduzione\"><img loading=\"lazy\" decoding=\"async\" class=\"css-1w257c5\" title=\"Stretch\" src=\"https:\/\/www.craftsportswear.com\/static\/media\/soft_touch.2b191977.svg?q=70&amp;fit=clip&amp;w=72&amp;fm=jpg&amp;auto=format\" alt=\"Stretch\" width=\"91\" height=\"91\" data-src=\"\/static\/media\/stretch.b10adc40.svg?q=70&amp;fit=clip&amp;w=72&amp;fm=jpg&amp;auto=format\"><\/p>\n<p dir=\"ltr\" data-placeholder=\"Traduzione\"><strong>\u00c9lastiqu\u00e9<\/strong><\/p>\n<p>&nbsp;<\/p>\n<p><strong>Mat\u00e9riau :<\/strong><span class=\"Y2IQFc\" lang=\"it\"> 90 % polyester recycl\u00e9, 10 % \u00e9lasthanne Doublure : 100 % polyester.<\/p>\n<p>Lavage en machine \u00e0 40 \u00b0C<\/span><\/p>\n","protected":false},"excerpt":{"rendered":"<p>Le short \u00e9lastique ADV Essence 2&#8243; pour femme est un short d&#8217;entra\u00eenement qui s\u00e9duit au premier regard, offrant un ajustement parfait et une excellente fonctionnalit\u00e9. Fabriqu\u00e9 en polyester recycl\u00e9 tr\u00e8s \u00e9lastique et dot\u00e9 d&#8217;une coupe plus haute sur les c\u00f4t\u00e9s, ce short d&#8217;entra\u00eenement avanc\u00e9 est id\u00e9al pour la plupart des activit\u00e9s physiques intenses. Caract\u00e9ristiques : &hellip; <a href=\"https:\/\/www.miomiorun.com\/fr\/produit\/craft-adv-essence-2-strech-shorts-femme\/\">Continued<\/a><\/p>\n","protected":false},"featured_media":235809,"template":"","meta":{"_acf_changed":false,"inline_featured_image":false},"product_brand":[],"product_cat":[22602,22596,22595],"product_tag":[23554,23648],"class_list":{"0":"post-281733","1":"product","2":"type-product","3":"status-publish","4":"has-post-thumbnail","6":"product_cat-pantalon-court","7":"product_cat-vetements-pour-femmes","8":"product_cat-femme","9":"product_tag-craft-fr","10":"product_tag-craft-femme","11":"pa_attivita-marcher","12":"pa_attivita-running-fr","13":"pa_colore-adv-essence-2-stretch-shorts-w-black-fr","14":"pa_colore-adv-essence-2-stretch-shorts-w-crush-fr","15":"pa_colore-adv-essence-2-stretch-shorts-w-roxo-fr","16":"pa_marca-craft-fr","17":"pa_sesso-femme","18":"pa_size-extra-small-fr","19":"pa_size-small-fr","20":"pa_size-medium-fr","21":"pa_size-large-fr","23":"first","24":"instock","25":"sale","26":"taxable","27":"shipping-taxable","28":"purchasable","29":"product-type-variable","30":"wvs-archive-product-wrapper"},"acf":[],"yoast_head":"<!-- This site is optimized with the Yoast SEO plugin v26.8 - https:\/\/yoast.com\/product\/yoast-seo-wordpress\/ -->\n<title>Craft Adv Essence 2&quot; Strech Shorts femme - Shorts femme - MioMioRun<\/title>\n<meta name=\"description\" content=\"Le short \u00e9lastique ADV Essence 2&quot; pour femme est un short d&#039;entra\u00eenement tr\u00e8s appr\u00e9ci\u00e9 qui offre un excellent ajustement.\" \/>\n<meta name=\"robots\" content=\"index, follow, max-snippet:-1, max-image-preview:large, max-video-preview:-1\" \/>\n<link rel=\"canonical\" href=\"https:\/\/www.miomiorun.com\/fr\/produit\/craft-adv-essence-2-strech-shorts-femme\/\" \/>\n<meta property=\"og:locale\" content=\"fr_FR\" \/>\n<meta property=\"og:type\" content=\"article\" \/>\n<meta property=\"og:title\" content=\"Craft Adv Essence 2&quot; Strech Shorts femme - Shorts femme - MioMioRun\" \/>\n<meta property=\"og:description\" content=\"Le short \u00e9lastique ADV Essence 2&quot; pour femme est un short d&#039;entra\u00eenement tr\u00e8s appr\u00e9ci\u00e9 qui offre un excellent ajustement.\" \/>\n<meta property=\"og:url\" content=\"https:\/\/www.miomiorun.com\/fr\/produit\/craft-adv-essence-2-strech-shorts-femme\/\" \/>\n<meta property=\"og:site_name\" content=\"MioMioRun\" \/>\n<meta property=\"article:publisher\" content=\"https:\/\/www.facebook.com\/miomiorun\/\" \/>\n<meta property=\"article:modified_time\" content=\"2026-05-08T19:21:59+00:00\" \/>\n<meta property=\"og:image\" content=\"https:\/\/www.miomiorun.com\/app\/uploads\/2022\/03\/craft-adv-essence-2-stretch-shorts-W-black-1908781-999000.jpg\" \/>\n\t<meta property=\"og:image:width\" content=\"600\" \/>\n\t<meta property=\"og:image:height\" content=\"600\" \/>\n\t<meta property=\"og:image:type\" content=\"image\/jpeg\" \/>\n<meta name=\"twitter:card\" content=\"summary_large_image\" \/>\n<meta name=\"twitter:label1\" content=\"Est. reading time\" \/>\n\t<meta name=\"twitter:data1\" content=\"1 minute\" \/>\n<script type=\"application\/ld+json\" class=\"yoast-schema-graph\">{\"@context\":\"https:\/\/schema.org\",\"@graph\":[{\"@type\":\"WebPage\",\"@id\":\"https:\/\/www.miomiorun.com\/fr\/produit\/craft-adv-essence-2-strech-shorts-femme\/\",\"url\":\"https:\/\/www.miomiorun.com\/fr\/produit\/craft-adv-essence-2-strech-shorts-femme\/\",\"name\":\"Craft Adv Essence 2\\\" Strech Shorts femme - Shorts femme - MioMioRun\",\"isPartOf\":{\"@id\":\"https:\/\/www.miomiorun.com\/fr\/#website\"},\"primaryImageOfPage\":{\"@id\":\"https:\/\/www.miomiorun.com\/fr\/produit\/craft-adv-essence-2-strech-shorts-femme\/#primaryimage\"},\"image\":{\"@id\":\"https:\/\/www.miomiorun.com\/fr\/produit\/craft-adv-essence-2-strech-shorts-femme\/#primaryimage\"},\"thumbnailUrl\":\"https:\/\/www.miomiorun.com\/app\/uploads\/2022\/03\/craft-adv-essence-2-stretch-shorts-W-black-1908781-999000.jpg\",\"datePublished\":\"2022-03-25T18:09:33+00:00\",\"dateModified\":\"2026-05-08T19:21:59+00:00\",\"description\":\"Le short \u00e9lastique ADV Essence 2\\\" pour femme est un short d'entra\u00eenement tr\u00e8s appr\u00e9ci\u00e9 qui offre un excellent ajustement.\",\"breadcrumb\":{\"@id\":\"https:\/\/www.miomiorun.com\/fr\/produit\/craft-adv-essence-2-strech-shorts-femme\/#breadcrumb\"},\"inLanguage\":\"fr-FR\",\"potentialAction\":[{\"@type\":\"ReadAction\",\"target\":[\"https:\/\/www.miomiorun.com\/fr\/produit\/craft-adv-essence-2-strech-shorts-femme\/\"]}]},{\"@type\":\"ImageObject\",\"inLanguage\":\"fr-FR\",\"@id\":\"https:\/\/www.miomiorun.com\/fr\/produit\/craft-adv-essence-2-strech-shorts-femme\/#primaryimage\",\"url\":\"https:\/\/www.miomiorun.com\/app\/uploads\/2022\/03\/craft-adv-essence-2-stretch-shorts-W-black-1908781-999000.jpg\",\"contentUrl\":\"https:\/\/www.miomiorun.com\/app\/uploads\/2022\/03\/craft-adv-essence-2-stretch-shorts-W-black-1908781-999000.jpg\",\"width\":600,\"height\":600,\"caption\":\"craft-adv-essence-2-stretch-shorts-W-black-1908781-999000\"},{\"@type\":\"BreadcrumbList\",\"@id\":\"https:\/\/www.miomiorun.com\/fr\/produit\/craft-adv-essence-2-strech-shorts-femme\/#breadcrumb\",\"itemListElement\":[{\"@type\":\"ListItem\",\"position\":1,\"name\":\"Home\",\"item\":\"https:\/\/www.miomiorun.com\/fr\/home-page\/\"},{\"@type\":\"ListItem\",\"position\":2,\"name\":\"Shop\",\"item\":\"https:\/\/www.miomiorun.com\/shop\/\"},{\"@type\":\"ListItem\",\"position\":3,\"name\":\"Adv Essence 2&#8243; Strech Shorts femme\"}]},{\"@type\":\"WebSite\",\"@id\":\"https:\/\/www.miomiorun.com\/fr\/#website\",\"url\":\"https:\/\/www.miomiorun.com\/fr\/\",\"name\":\"MioMioRun\",\"description\":\"Boutique 100% running et trail\",\"publisher\":{\"@id\":\"https:\/\/www.miomiorun.com\/fr\/#organization\"},\"potentialAction\":[{\"@type\":\"SearchAction\",\"target\":{\"@type\":\"EntryPoint\",\"urlTemplate\":\"https:\/\/www.miomiorun.com\/fr\/?s={search_term_string}\"},\"query-input\":{\"@type\":\"PropertyValueSpecification\",\"valueRequired\":true,\"valueName\":\"search_term_string\"}}],\"inLanguage\":\"fr-FR\"},{\"@type\":\"Organization\",\"@id\":\"https:\/\/www.miomiorun.com\/fr\/#organization\",\"name\":\"MioMio Run\",\"url\":\"https:\/\/www.miomiorun.com\/fr\/\",\"logo\":{\"@type\":\"ImageObject\",\"inLanguage\":\"fr-FR\",\"@id\":\"https:\/\/www.miomiorun.com\/fr\/#\/schema\/logo\/image\/\",\"url\":\"https:\/\/www.miomiorun.com\/app\/uploads\/2019\/12\/logomio.png\",\"contentUrl\":\"https:\/\/www.miomiorun.com\/app\/uploads\/2019\/12\/logomio.png\",\"width\":115,\"height\":82,\"caption\":\"MioMio Run\"},\"image\":{\"@id\":\"https:\/\/www.miomiorun.com\/fr\/#\/schema\/logo\/image\/\"},\"sameAs\":[\"https:\/\/www.facebook.com\/miomiorun\/\",\"https:\/\/www.instagram.com\/miomiorun\/\"]}]}<\/script>\n<!-- \/ Yoast SEO plugin. -->","yoast_head_json":{"title":"Craft Adv Essence 2\" Strech Shorts femme - Shorts femme - MioMioRun","description":"Le short \u00e9lastique ADV Essence 2\" pour femme est un short d'entra\u00eenement tr\u00e8s appr\u00e9ci\u00e9 qui offre un excellent ajustement.","robots":{"index":"index","follow":"follow","max-snippet":"max-snippet:-1","max-image-preview":"max-image-preview:large","max-video-preview":"max-video-preview:-1"},"canonical":"https:\/\/www.miomiorun.com\/fr\/produit\/craft-adv-essence-2-strech-shorts-femme\/","og_locale":"fr_FR","og_type":"article","og_title":"Craft Adv Essence 2\" Strech Shorts femme - Shorts femme - MioMioRun","og_description":"Le short \u00e9lastique ADV Essence 2\" pour femme est un short d'entra\u00eenement tr\u00e8s appr\u00e9ci\u00e9 qui offre un excellent ajustement.","og_url":"https:\/\/www.miomiorun.com\/fr\/produit\/craft-adv-essence-2-strech-shorts-femme\/","og_site_name":"MioMioRun","article_publisher":"https:\/\/www.facebook.com\/miomiorun\/","article_modified_time":"2026-05-08T19:21:59+00:00","og_image":[{"width":600,"height":600,"url":"https:\/\/www.miomiorun.com\/app\/uploads\/2022\/03\/craft-adv-essence-2-stretch-shorts-W-black-1908781-999000.jpg","type":"image\/jpeg"}],"twitter_card":"summary_large_image","twitter_misc":{"Est. reading time":"1 minute"},"schema":{"@context":"https:\/\/schema.org","@graph":[{"@type":"WebPage","@id":"https:\/\/www.miomiorun.com\/fr\/produit\/craft-adv-essence-2-strech-shorts-femme\/","url":"https:\/\/www.miomiorun.com\/fr\/produit\/craft-adv-essence-2-strech-shorts-femme\/","name":"Craft Adv Essence 2\" Strech Shorts femme - Shorts femme - MioMioRun","isPartOf":{"@id":"https:\/\/www.miomiorun.com\/fr\/#website"},"primaryImageOfPage":{"@id":"https:\/\/www.miomiorun.com\/fr\/produit\/craft-adv-essence-2-strech-shorts-femme\/#primaryimage"},"image":{"@id":"https:\/\/www.miomiorun.com\/fr\/produit\/craft-adv-essence-2-strech-shorts-femme\/#primaryimage"},"thumbnailUrl":"https:\/\/www.miomiorun.com\/app\/uploads\/2022\/03\/craft-adv-essence-2-stretch-shorts-W-black-1908781-999000.jpg","datePublished":"2022-03-25T18:09:33+00:00","dateModified":"2026-05-08T19:21:59+00:00","description":"Le short \u00e9lastique ADV Essence 2\" pour femme est un short d'entra\u00eenement tr\u00e8s appr\u00e9ci\u00e9 qui offre un excellent ajustement.","breadcrumb":{"@id":"https:\/\/www.miomiorun.com\/fr\/produit\/craft-adv-essence-2-strech-shorts-femme\/#breadcrumb"},"inLanguage":"fr-FR","potentialAction":[{"@type":"ReadAction","target":["https:\/\/www.miomiorun.com\/fr\/produit\/craft-adv-essence-2-strech-shorts-femme\/"]}]},{"@type":"ImageObject","inLanguage":"fr-FR","@id":"https:\/\/www.miomiorun.com\/fr\/produit\/craft-adv-essence-2-strech-shorts-femme\/#primaryimage","url":"https:\/\/www.miomiorun.com\/app\/uploads\/2022\/03\/craft-adv-essence-2-stretch-shorts-W-black-1908781-999000.jpg","contentUrl":"https:\/\/www.miomiorun.com\/app\/uploads\/2022\/03\/craft-adv-essence-2-stretch-shorts-W-black-1908781-999000.jpg","width":600,"height":600,"caption":"craft-adv-essence-2-stretch-shorts-W-black-1908781-999000"},{"@type":"BreadcrumbList","@id":"https:\/\/www.miomiorun.com\/fr\/produit\/craft-adv-essence-2-strech-shorts-femme\/#breadcrumb","itemListElement":[{"@type":"ListItem","position":1,"name":"Home","item":"https:\/\/www.miomiorun.com\/fr\/home-page\/"},{"@type":"ListItem","position":2,"name":"Shop","item":"https:\/\/www.miomiorun.com\/shop\/"},{"@type":"ListItem","position":3,"name":"Adv Essence 2&#8243; Strech Shorts femme"}]},{"@type":"WebSite","@id":"https:\/\/www.miomiorun.com\/fr\/#website","url":"https:\/\/www.miomiorun.com\/fr\/","name":"MioMioRun","description":"Boutique 100% running et trail","publisher":{"@id":"https:\/\/www.miomiorun.com\/fr\/#organization"},"potentialAction":[{"@type":"SearchAction","target":{"@type":"EntryPoint","urlTemplate":"https:\/\/www.miomiorun.com\/fr\/?s={search_term_string}"},"query-input":{"@type":"PropertyValueSpecification","valueRequired":true,"valueName":"search_term_string"}}],"inLanguage":"fr-FR"},{"@type":"Organization","@id":"https:\/\/www.miomiorun.com\/fr\/#organization","name":"MioMio Run","url":"https:\/\/www.miomiorun.com\/fr\/","logo":{"@type":"ImageObject","inLanguage":"fr-FR","@id":"https:\/\/www.miomiorun.com\/fr\/#\/schema\/logo\/image\/","url":"https:\/\/www.miomiorun.com\/app\/uploads\/2019\/12\/logomio.png","contentUrl":"https:\/\/www.miomiorun.com\/app\/uploads\/2019\/12\/logomio.png","width":115,"height":82,"caption":"MioMio Run"},"image":{"@id":"https:\/\/www.miomiorun.com\/fr\/#\/schema\/logo\/image\/"},"sameAs":["https:\/\/www.facebook.com\/miomiorun\/","https:\/\/www.instagram.com\/miomiorun\/"]}]}},"_links":{"self":[{"href":"https:\/\/www.miomiorun.com\/fr\/wp-json\/wp\/v2\/product\/281733","targetHints":{"allow":["GET"]}}],"collection":[{"href":"https:\/\/www.miomiorun.com\/fr\/wp-json\/wp\/v2\/product"}],"about":[{"href":"https:\/\/www.miomiorun.com\/fr\/wp-json\/wp\/v2\/types\/product"}],"wp:featuredmedia":[{"embeddable":true,"href":"https:\/\/www.miomiorun.com\/fr\/wp-json\/wp\/v2\/media\/235809"}],"wp:attachment":[{"href":"https:\/\/www.miomiorun.com\/fr\/wp-json\/wp\/v2\/media?parent=281733"}],"wp:term":[{"taxonomy":"product_brand","embeddable":true,"href":"https:\/\/www.miomiorun.com\/fr\/wp-json\/wp\/v2\/product_brand?post=281733"},{"taxonomy":"product_cat","embeddable":true,"href":"https:\/\/www.miomiorun.com\/fr\/wp-json\/wp\/v2\/product_cat?post=281733"},{"taxonomy":"product_tag","embeddable":true,"href":"https:\/\/www.miomiorun.com\/fr\/wp-json\/wp\/v2\/product_tag?post=281733"}],"curies":[{"name":"wp","href":"https:\/\/api.w.org\/{rel}","templated":true}]}}