{"id":281679,"date":"2022-03-26T10:56:49","date_gmt":"2022-03-26T09:56:49","guid":{"rendered":"https:\/\/miomiorun.com\/prodotto\/la-sportiva-ghost-cap\/"},"modified":"2026-05-08T21:21:19","modified_gmt":"2026-05-08T19:21:19","slug":"la-sportiva-ghost-cap","status":"publish","type":"product","link":"https:\/\/www.miomiorun.com\/fr\/produit\/la-sportiva-ghost-cap\/","title":{"rendered":"Ghost Cap"},"content":{"rendered":"<p><strong>Ghost cap<\/strong> est une casquette de trail running ultra-souple, l\u00e9g\u00e8re et respirante, dot\u00e9e d&#8217;une bande \u00e9lastique lat\u00e9rale con\u00e7ue pour maintenir en place de petits objets ou des lunettes pendant la course.<\/p>\n<p><strong>Caract\u00e9ristiques :<\/strong><\/p>\n<ul>\n<li>Casquette de trail running.<\/li>\n<li>Souple, l\u00e9g\u00e8re, respirante.<\/li>\n<li>Bande \u00e9lastique lat\u00e9rale.<\/li>\n<\/ul>\n<p>&nbsp;<\/p>\n<p><b>Mat\u00e9riau <\/b>: 84 % polyester, 11 % lyocell, 5 % \u00e9lasthanne &#8211; Maille : 100 % polyester<\/p>\n","protected":false},"excerpt":{"rendered":"<p>Ghost cap est une casquette de trail running ultra-souple, l\u00e9g\u00e8re et respirante, dot\u00e9e d&#8217;une bande \u00e9lastique lat\u00e9rale con\u00e7ue pour maintenir en place de petits objets ou des lunettes pendant la course. Caract\u00e9ristiques : Casquette de trail running. Souple, l\u00e9g\u00e8re, respirante. Bande \u00e9lastique lat\u00e9rale. &nbsp; Mat\u00e9riau : 84 % polyester, 11 % lyocell, 5 % \u00e9lasthanne &hellip; <a href=\"https:\/\/www.miomiorun.com\/fr\/produit\/la-sportiva-ghost-cap\/\">Continued<\/a><\/p>\n","protected":false},"featured_media":235793,"template":"","meta":{"_acf_changed":false,"inline_featured_image":false},"product_brand":[],"product_cat":[22580,22579,22538],"product_tag":[23597],"class_list":{"0":"post-281679","1":"product","2":"type-product","3":"status-publish","4":"has-post-thumbnail","6":"product_cat-chapeaux-casquettes","7":"product_cat-chauffage","8":"product_cat-accessoires","9":"product_tag-la-sportiva-fr","10":"pa_attivita-marcher","11":"pa_attivita-outdoor-fr","12":"pa_attivita-trail-fr","13":"pa_colore-ghost-cap-black-fr","14":"pa_colore-ghost-cap-lagoon-fr","15":"pa_colore-ghost-cap-space-blue-kale-fr","16":"pa_colore-ghost-cap-topaz-fr","17":"pa_marca-la-sportiva-fr","18":"pa_sesso-femme","19":"pa_sesso-homme","20":"pa_size-small-fr","21":"pa_size-large-fr","23":"first","24":"instock","25":"sale","26":"taxable","27":"shipping-taxable","28":"purchasable","29":"product-type-variable","30":"wvs-archive-product-wrapper"},"acf":[],"yoast_head":"<!-- This site is optimized with the Yoast SEO plugin v26.8 - https:\/\/yoast.com\/product\/yoast-seo-wordpress\/ -->\n<title>La Sportiva Ghost Cap - Casquette de course - MioMioRun.com<\/title>\n<meta name=\"description\" content=\"Casquette tr\u00e8s en vogue chez les coureurs am\u00e9ricains, elle offre une protection contre le soleil et la pluie gr\u00e2ce \u00e0 sa visi\u00e8re frontale.\" \/>\n<meta name=\"robots\" content=\"index, follow, max-snippet:-1, max-image-preview:large, max-video-preview:-1\" \/>\n<link rel=\"canonical\" href=\"https:\/\/www.miomiorun.com\/fr\/produit\/la-sportiva-ghost-cap\/\" \/>\n<meta property=\"og:locale\" content=\"fr_FR\" \/>\n<meta property=\"og:type\" content=\"article\" \/>\n<meta property=\"og:title\" content=\"La Sportiva Ghost Cap - Casquette de course - MioMioRun.com\" \/>\n<meta property=\"og:description\" content=\"Casquette tr\u00e8s en vogue chez les coureurs am\u00e9ricains, elle offre une protection contre le soleil et la pluie gr\u00e2ce \u00e0 sa visi\u00e8re frontale.\" \/>\n<meta property=\"og:url\" content=\"https:\/\/www.miomiorun.com\/fr\/produit\/la-sportiva-ghost-cap\/\" \/>\n<meta property=\"og:site_name\" content=\"MioMioRun\" \/>\n<meta property=\"article:publisher\" content=\"https:\/\/www.facebook.com\/miomiorun\/\" \/>\n<meta property=\"article:modified_time\" content=\"2026-05-08T19:21:19+00:00\" \/>\n<meta property=\"og:image\" content=\"https:\/\/www.miomiorun.com\/app\/uploads\/2022\/03\/la-sportiva-ghost-cap-space-blue-kale-Y49623718.jpg\" \/>\n\t<meta property=\"og:image:width\" content=\"600\" \/>\n\t<meta property=\"og:image:height\" content=\"600\" \/>\n\t<meta property=\"og:image:type\" content=\"image\/jpeg\" \/>\n<meta name=\"twitter:card\" content=\"summary_large_image\" \/>\n<script type=\"application\/ld+json\" class=\"yoast-schema-graph\">{\"@context\":\"https:\/\/schema.org\",\"@graph\":[{\"@type\":\"WebPage\",\"@id\":\"https:\/\/www.miomiorun.com\/fr\/produit\/la-sportiva-ghost-cap\/\",\"url\":\"https:\/\/www.miomiorun.com\/fr\/produit\/la-sportiva-ghost-cap\/\",\"name\":\"La Sportiva Ghost Cap - Casquette de course - MioMioRun.com\",\"isPartOf\":{\"@id\":\"https:\/\/www.miomiorun.com\/fr\/#website\"},\"primaryImageOfPage\":{\"@id\":\"https:\/\/www.miomiorun.com\/fr\/produit\/la-sportiva-ghost-cap\/#primaryimage\"},\"image\":{\"@id\":\"https:\/\/www.miomiorun.com\/fr\/produit\/la-sportiva-ghost-cap\/#primaryimage\"},\"thumbnailUrl\":\"https:\/\/www.miomiorun.com\/app\/uploads\/2022\/03\/la-sportiva-ghost-cap-space-blue-kale-Y49623718.jpg\",\"datePublished\":\"2022-03-26T09:56:49+00:00\",\"dateModified\":\"2026-05-08T19:21:19+00:00\",\"description\":\"Casquette tr\u00e8s en vogue chez les coureurs am\u00e9ricains, elle offre une protection contre le soleil et la pluie gr\u00e2ce \u00e0 sa visi\u00e8re frontale.\",\"breadcrumb\":{\"@id\":\"https:\/\/www.miomiorun.com\/fr\/produit\/la-sportiva-ghost-cap\/#breadcrumb\"},\"inLanguage\":\"fr-FR\",\"potentialAction\":[{\"@type\":\"ReadAction\",\"target\":[\"https:\/\/www.miomiorun.com\/fr\/produit\/la-sportiva-ghost-cap\/\"]}]},{\"@type\":\"ImageObject\",\"inLanguage\":\"fr-FR\",\"@id\":\"https:\/\/www.miomiorun.com\/fr\/produit\/la-sportiva-ghost-cap\/#primaryimage\",\"url\":\"https:\/\/www.miomiorun.com\/app\/uploads\/2022\/03\/la-sportiva-ghost-cap-space-blue-kale-Y49623718.jpg\",\"contentUrl\":\"https:\/\/www.miomiorun.com\/app\/uploads\/2022\/03\/la-sportiva-ghost-cap-space-blue-kale-Y49623718.jpg\",\"width\":600,\"height\":600,\"caption\":\"la-sportiva-ghost-cap-space-blue-kale-Y49623718\"},{\"@type\":\"BreadcrumbList\",\"@id\":\"https:\/\/www.miomiorun.com\/fr\/produit\/la-sportiva-ghost-cap\/#breadcrumb\",\"itemListElement\":[{\"@type\":\"ListItem\",\"position\":1,\"name\":\"Home\",\"item\":\"https:\/\/www.miomiorun.com\/fr\/home-page\/\"},{\"@type\":\"ListItem\",\"position\":2,\"name\":\"Shop\",\"item\":\"https:\/\/www.miomiorun.com\/shop\/\"},{\"@type\":\"ListItem\",\"position\":3,\"name\":\"Ghost Cap\"}]},{\"@type\":\"WebSite\",\"@id\":\"https:\/\/www.miomiorun.com\/fr\/#website\",\"url\":\"https:\/\/www.miomiorun.com\/fr\/\",\"name\":\"MioMioRun\",\"description\":\"Boutique 100% running et trail\",\"publisher\":{\"@id\":\"https:\/\/www.miomiorun.com\/fr\/#organization\"},\"potentialAction\":[{\"@type\":\"SearchAction\",\"target\":{\"@type\":\"EntryPoint\",\"urlTemplate\":\"https:\/\/www.miomiorun.com\/fr\/?s={search_term_string}\"},\"query-input\":{\"@type\":\"PropertyValueSpecification\",\"valueRequired\":true,\"valueName\":\"search_term_string\"}}],\"inLanguage\":\"fr-FR\"},{\"@type\":\"Organization\",\"@id\":\"https:\/\/www.miomiorun.com\/fr\/#organization\",\"name\":\"MioMio Run\",\"url\":\"https:\/\/www.miomiorun.com\/fr\/\",\"logo\":{\"@type\":\"ImageObject\",\"inLanguage\":\"fr-FR\",\"@id\":\"https:\/\/www.miomiorun.com\/fr\/#\/schema\/logo\/image\/\",\"url\":\"https:\/\/www.miomiorun.com\/app\/uploads\/2019\/12\/logomio.png\",\"contentUrl\":\"https:\/\/www.miomiorun.com\/app\/uploads\/2019\/12\/logomio.png\",\"width\":115,\"height\":82,\"caption\":\"MioMio Run\"},\"image\":{\"@id\":\"https:\/\/www.miomiorun.com\/fr\/#\/schema\/logo\/image\/\"},\"sameAs\":[\"https:\/\/www.facebook.com\/miomiorun\/\",\"https:\/\/www.instagram.com\/miomiorun\/\"]}]}<\/script>\n<!-- \/ Yoast SEO plugin. -->","yoast_head_json":{"title":"La Sportiva Ghost Cap - Casquette de course - MioMioRun.com","description":"Casquette tr\u00e8s en vogue chez les coureurs am\u00e9ricains, elle offre une protection contre le soleil et la pluie gr\u00e2ce \u00e0 sa visi\u00e8re frontale.","robots":{"index":"index","follow":"follow","max-snippet":"max-snippet:-1","max-image-preview":"max-image-preview:large","max-video-preview":"max-video-preview:-1"},"canonical":"https:\/\/www.miomiorun.com\/fr\/produit\/la-sportiva-ghost-cap\/","og_locale":"fr_FR","og_type":"article","og_title":"La Sportiva Ghost Cap - Casquette de course - MioMioRun.com","og_description":"Casquette tr\u00e8s en vogue chez les coureurs am\u00e9ricains, elle offre une protection contre le soleil et la pluie gr\u00e2ce \u00e0 sa visi\u00e8re frontale.","og_url":"https:\/\/www.miomiorun.com\/fr\/produit\/la-sportiva-ghost-cap\/","og_site_name":"MioMioRun","article_publisher":"https:\/\/www.facebook.com\/miomiorun\/","article_modified_time":"2026-05-08T19:21:19+00:00","og_image":[{"width":600,"height":600,"url":"https:\/\/www.miomiorun.com\/app\/uploads\/2022\/03\/la-sportiva-ghost-cap-space-blue-kale-Y49623718.jpg","type":"image\/jpeg"}],"twitter_card":"summary_large_image","schema":{"@context":"https:\/\/schema.org","@graph":[{"@type":"WebPage","@id":"https:\/\/www.miomiorun.com\/fr\/produit\/la-sportiva-ghost-cap\/","url":"https:\/\/www.miomiorun.com\/fr\/produit\/la-sportiva-ghost-cap\/","name":"La Sportiva Ghost Cap - Casquette de course - MioMioRun.com","isPartOf":{"@id":"https:\/\/www.miomiorun.com\/fr\/#website"},"primaryImageOfPage":{"@id":"https:\/\/www.miomiorun.com\/fr\/produit\/la-sportiva-ghost-cap\/#primaryimage"},"image":{"@id":"https:\/\/www.miomiorun.com\/fr\/produit\/la-sportiva-ghost-cap\/#primaryimage"},"thumbnailUrl":"https:\/\/www.miomiorun.com\/app\/uploads\/2022\/03\/la-sportiva-ghost-cap-space-blue-kale-Y49623718.jpg","datePublished":"2022-03-26T09:56:49+00:00","dateModified":"2026-05-08T19:21:19+00:00","description":"Casquette tr\u00e8s en vogue chez les coureurs am\u00e9ricains, elle offre une protection contre le soleil et la pluie gr\u00e2ce \u00e0 sa visi\u00e8re frontale.","breadcrumb":{"@id":"https:\/\/www.miomiorun.com\/fr\/produit\/la-sportiva-ghost-cap\/#breadcrumb"},"inLanguage":"fr-FR","potentialAction":[{"@type":"ReadAction","target":["https:\/\/www.miomiorun.com\/fr\/produit\/la-sportiva-ghost-cap\/"]}]},{"@type":"ImageObject","inLanguage":"fr-FR","@id":"https:\/\/www.miomiorun.com\/fr\/produit\/la-sportiva-ghost-cap\/#primaryimage","url":"https:\/\/www.miomiorun.com\/app\/uploads\/2022\/03\/la-sportiva-ghost-cap-space-blue-kale-Y49623718.jpg","contentUrl":"https:\/\/www.miomiorun.com\/app\/uploads\/2022\/03\/la-sportiva-ghost-cap-space-blue-kale-Y49623718.jpg","width":600,"height":600,"caption":"la-sportiva-ghost-cap-space-blue-kale-Y49623718"},{"@type":"BreadcrumbList","@id":"https:\/\/www.miomiorun.com\/fr\/produit\/la-sportiva-ghost-cap\/#breadcrumb","itemListElement":[{"@type":"ListItem","position":1,"name":"Home","item":"https:\/\/www.miomiorun.com\/fr\/home-page\/"},{"@type":"ListItem","position":2,"name":"Shop","item":"https:\/\/www.miomiorun.com\/shop\/"},{"@type":"ListItem","position":3,"name":"Ghost Cap"}]},{"@type":"WebSite","@id":"https:\/\/www.miomiorun.com\/fr\/#website","url":"https:\/\/www.miomiorun.com\/fr\/","name":"MioMioRun","description":"Boutique 100% running et trail","publisher":{"@id":"https:\/\/www.miomiorun.com\/fr\/#organization"},"potentialAction":[{"@type":"SearchAction","target":{"@type":"EntryPoint","urlTemplate":"https:\/\/www.miomiorun.com\/fr\/?s={search_term_string}"},"query-input":{"@type":"PropertyValueSpecification","valueRequired":true,"valueName":"search_term_string"}}],"inLanguage":"fr-FR"},{"@type":"Organization","@id":"https:\/\/www.miomiorun.com\/fr\/#organization","name":"MioMio Run","url":"https:\/\/www.miomiorun.com\/fr\/","logo":{"@type":"ImageObject","inLanguage":"fr-FR","@id":"https:\/\/www.miomiorun.com\/fr\/#\/schema\/logo\/image\/","url":"https:\/\/www.miomiorun.com\/app\/uploads\/2019\/12\/logomio.png","contentUrl":"https:\/\/www.miomiorun.com\/app\/uploads\/2019\/12\/logomio.png","width":115,"height":82,"caption":"MioMio Run"},"image":{"@id":"https:\/\/www.miomiorun.com\/fr\/#\/schema\/logo\/image\/"},"sameAs":["https:\/\/www.facebook.com\/miomiorun\/","https:\/\/www.instagram.com\/miomiorun\/"]}]}},"_links":{"self":[{"href":"https:\/\/www.miomiorun.com\/fr\/wp-json\/wp\/v2\/product\/281679","targetHints":{"allow":["GET"]}}],"collection":[{"href":"https:\/\/www.miomiorun.com\/fr\/wp-json\/wp\/v2\/product"}],"about":[{"href":"https:\/\/www.miomiorun.com\/fr\/wp-json\/wp\/v2\/types\/product"}],"wp:featuredmedia":[{"embeddable":true,"href":"https:\/\/www.miomiorun.com\/fr\/wp-json\/wp\/v2\/media\/235793"}],"wp:attachment":[{"href":"https:\/\/www.miomiorun.com\/fr\/wp-json\/wp\/v2\/media?parent=281679"}],"wp:term":[{"taxonomy":"product_brand","embeddable":true,"href":"https:\/\/www.miomiorun.com\/fr\/wp-json\/wp\/v2\/product_brand?post=281679"},{"taxonomy":"product_cat","embeddable":true,"href":"https:\/\/www.miomiorun.com\/fr\/wp-json\/wp\/v2\/product_cat?post=281679"},{"taxonomy":"product_tag","embeddable":true,"href":"https:\/\/www.miomiorun.com\/fr\/wp-json\/wp\/v2\/product_tag?post=281679"}],"curies":[{"name":"wp","href":"https:\/\/api.w.org\/{rel}","templated":true}]}}