{"id":281607,"date":"2022-03-29T16:22:16","date_gmt":"2022-03-29T14:22:16","guid":{"rendered":"https:\/\/miomiorun.com\/prodotto\/compressport-performance-ss-t-shirt-donna\/"},"modified":"2026-05-08T21:20:50","modified_gmt":"2026-05-08T19:20:50","slug":"compressport-performance-ss-t-shirt-femme","status":"publish","type":"product","link":"https:\/\/www.miomiorun.com\/fr\/produit\/compressport-performance-ss-t-shirt-femme\/","title":{"rendered":"Performance SS T-Shirt femme"},"content":{"rendered":"<div class=\"vc-row container\"><div class=\"vc-column\"><div class=\"vc-column-text\">Le <strong>Performance SS T-Shirt<\/strong> de Compressport pour femmes est un t-shirt de course \u00e0 pied hautement performant et l\u00e9ger qui offre un design ultra-doux et sans coutures avec des panneaux de ventilation int\u00e9gr\u00e9s et une coupe f\u00e9minine.<\/p>\n<p>Cette ligne a \u00e9t\u00e9 con\u00e7ue par des femmes qui se sont inspir\u00e9es d&#8217;autres femmes, des athl\u00e8tes professionnelles .<\/p>\n<p>Rien n&#8217;est laiss\u00e9 au hasard sur la voie du succ\u00e8s et il n&#8217;y a aucune raison de se contenter d&#8217;une tenue de performance inad\u00e9quate. Sp\u00e9cialement con\u00e7u pour offrir un confort et une douceur extr\u00eames, le t-shirt \u00e0 manches courtes <strong>Performance SS Tshirt<\/strong> est si l\u00e9ger que vous ne remarquerez m\u00eame pas que vous le portez. Le tissu en <strong>microfibre<\/strong> et la conception sans coutures ont prouv\u00e9 qu&#8217;ils ne causaient ni frottements ni irritations. Le mat\u00e9riau permet \u00e9galement de contr\u00f4ler les odeurs ind\u00e9sirables li\u00e9es \u00e0 la pratique sportive : un bonus !<\/p>\n<p>Des lignes d&#8217;<strong>a\u00e9ration<\/strong> finement tiss\u00e9es sont int\u00e9gr\u00e9es \u00e0 l&#8217;avant et entre les omoplates pour une ventilation optimale, ce qui signifie que la transpiration et l&#8217;humidit\u00e9 sont rapidement \u00e9vacu\u00e9es. La coupe <strong>r\u00e9guli\u00e8re<\/strong> offre une silhouette fine mais absolument pas contraignante, qui ne vous retient pas et ne vous g\u00eane pas lorsque l&#8217;intensit\u00e9 augmente.<\/p>\n<p>La taille est l\u00e9g\u00e8rement comprim\u00e9e pour \u00e9pouser les courbes anatomiques, tandis que le col en V peu profond est plat et confortable sur la peau. Les manches courtes sont non seulement f\u00e9minines, mais elles lib\u00e8rent \u00e9galement la zone des \u00e9paules, permettant une grande amplitude de mouvements. Les coutures souples et plates au niveau des aisselles prot\u00e8gent contre les irritations.<\/p>\n<p>Le motif \u00e0 rayures asym\u00e9triques sur les manches et les hanches ajoute une touche r\u00e9solument sportive.<\/p>\n<p><strong>Caract\u00e9ristiques :<\/strong><\/p>\n<ul>\n<li>Maillot de course haute performance, cr\u00e9\u00e9 par des femmes pour les femmes.<\/li>\n<li>Tr\u00e8s l\u00e9ger et sans coutures.<\/li>\n<li>Tissu en microfibre anti-frottements et anti-irritations.<\/li>\n<li>Lignes d&#8217;a\u00e9ration int\u00e9gr\u00e9es \u00e0 diff\u00e9rents endroits.<\/li>\n<li>Coupe r\u00e9guli\u00e8re.<\/li>\n<li>Col en V.<\/li>\n<\/ul>\n<div class=\"key_benefit_content\">Coupe con\u00e7ue pour les femmes, ergonomique avec une taille ajust\u00e9e et des manches courtes pour un confort extr\u00eame et une touche de style.<\/div>\n<div class=\"key_benefit_content\"><strong>Thermor\u00e9gulation<\/strong> haute performance gr\u00e2ce \u00e0 une texture en microfibre hautement fonctionnelle qui \u00e9limine rapidement la transpiration et l&#8217;humidit\u00e9.<\/div>\n<div class=\"key_benefit_content\">Tr\u00e8s polyvalent pour une utilisation multisports intensive, il offre d&#8217;excellentes performances et un design \u00e9l\u00e9gant.<\/div>\n<p>Poids : 49 g.<\/p>\n<p>Mat\u00e9riau : 92 % PA 8 % EA<\/p>\n<div id=\"techno_322\" class=\"col-lg-4 col-12 collapse show\" data-parent=\"#feat_table_10\" data-bck-image=\"https:\/\/www.compressport.com\/it\/img\/feature_values\/2_322.png\">\n<div class=\"col-lg-8\">\n<section id=\"content\" class=\"page-content--product\">\n<div class=\"images-container\">\n<div class=\"js-qv-mask mask1\">\n<p>&nbsp;<\/p>\n<\/div>\n<\/div>\n<\/section>\n<\/div>\n<div class=\"product-variants\">\n<div class=\"form-group product-variants-item\">\n<p>&nbsp;<\/p>\n<\/div>\n<\/div>\n<div class=\"product-add-to-cart\">\n<div class=\"product-quantity row align-items-center no-gutters mb-3 p-0 col-md-12\">\n<div class=\"add col mt-2\" data-product-attribute=\"2815\"><\/div>\n<\/div>\n<\/div>\n<div class=\"product-actions pb-4\">\n<div class=\"product-add-to-cart\">\n<p class=\"product-minimal-quantity\">\n<\/div>\n<\/div>\n<div id=\"collapseTwo\" class=\"collapse show\" aria-labelledby=\"headingTwo\" data-parent=\"#accordion\">\n<div class=\"card-body\"><\/div>\n<\/div>\n<p>&nbsp;<\/p>\n<\/div>\n<p><\/div><\/div><div class=\"vc-column\"><div class=\"vc-column-text\"><\/p>\n<p><div style=\"width: 1024px;\" class=\"wp-video\"><video class=\"wp-video-shortcode\" id=\"video-281607-1\" width=\"1024\" height=\"576\" loop autoplay preload=\"metadata\" controls=\"controls\"><source type=\"video\/mp4\" src=\"https:\/\/miomiorun.com\/wp-content\/uploads\/2022\/03\/compressport-performance-ss-t-shirt-AW00094B.mp4?_=1\" \/><a href=\"https:\/\/miomiorun.com\/wp-content\/uploads\/2022\/03\/compressport-performance-ss-t-shirt-AW00094B.mp4\">https:\/\/miomiorun.com\/wp-content\/uploads\/2022\/03\/compressport-performance-ss-t-shirt-AW00094B.mp4<\/a><\/video><\/div><\/p>\n<p><\/div><\/div><\/div>\n","protected":false},"excerpt":{"rendered":"","protected":false},"featured_media":235928,"template":"","meta":{"_acf_changed":false,"inline_featured_image":false},"product_brand":[],"product_cat":[22604,22596],"product_tag":[23470,23652],"class_list":{"0":"post-281607","1":"product","2":"type-product","3":"status-publish","4":"has-post-thumbnail","6":"product_cat-t-shirt","7":"product_cat-vetements-pour-femmes","8":"product_tag-compressport-fr","9":"product_tag-compressport-femme","10":"pa_attivita-running-fr","11":"pa_attivita-trail-fr","12":"pa_colore-performance-ss-t-shirt-w-orchid-petal-purple-fr","13":"pa_marca-compressport-fr","14":"pa_sesso-femme","15":"pa_size-small-fr","17":"first","18":"instock","19":"sale","20":"taxable","21":"shipping-taxable","22":"purchasable","23":"product-type-variable","24":"wvs-archive-product-wrapper"},"acf":[],"yoast_head":"<!-- This site is optimized with the Yoast SEO plugin v26.8 - https:\/\/yoast.com\/product\/yoast-seo-wordpress\/ -->\n<title>Compressport Performance SS T-Shirt femme - t-shirt course \u00e0 pied - MioMioRun.com<\/title>\n<meta name=\"description\" content=\"Le t-shirt Performance SS de Compressport pour femmes est un t-shirt de course \u00e0 pied hautement performant et l\u00e9ger, au design ultra-doux.\" \/>\n<meta name=\"robots\" content=\"index, follow, max-snippet:-1, max-image-preview:large, max-video-preview:-1\" \/>\n<link rel=\"canonical\" href=\"https:\/\/www.miomiorun.com\/fr\/produit\/compressport-performance-ss-t-shirt-femme\/\" \/>\n<meta property=\"og:locale\" content=\"fr_FR\" \/>\n<meta property=\"og:type\" content=\"article\" \/>\n<meta property=\"og:title\" content=\"Compressport Performance SS T-Shirt femme - t-shirt course \u00e0 pied - MioMioRun.com\" \/>\n<meta property=\"og:description\" content=\"Le t-shirt Performance SS de Compressport pour femmes est un t-shirt de course \u00e0 pied hautement performant et l\u00e9ger, au design ultra-doux.\" \/>\n<meta property=\"og:url\" content=\"https:\/\/www.miomiorun.com\/fr\/produit\/compressport-performance-ss-t-shirt-femme\/\" \/>\n<meta property=\"og:site_name\" content=\"MioMioRun\" \/>\n<meta property=\"article:publisher\" content=\"https:\/\/www.facebook.com\/miomiorun\/\" \/>\n<meta property=\"article:modified_time\" content=\"2026-05-08T19:20:50+00:00\" \/>\n<meta property=\"og:image\" content=\"https:\/\/www.miomiorun.com\/app\/uploads\/2022\/04\/compressport-performance-ss-t-shirt-W-orchid-petal-purple-AW00094B-Orcpur.jpg\" \/>\n\t<meta property=\"og:image:width\" content=\"600\" \/>\n\t<meta property=\"og:image:height\" content=\"600\" \/>\n\t<meta property=\"og:image:type\" content=\"image\/jpeg\" \/>\n<meta name=\"twitter:card\" content=\"summary_large_image\" \/>\n<meta name=\"twitter:label1\" content=\"Est. reading time\" \/>\n\t<meta name=\"twitter:data1\" content=\"2 minutes\" \/>\n<script type=\"application\/ld+json\" class=\"yoast-schema-graph\">{\"@context\":\"https:\/\/schema.org\",\"@graph\":[{\"@type\":\"WebPage\",\"@id\":\"https:\/\/www.miomiorun.com\/fr\/produit\/compressport-performance-ss-t-shirt-femme\/\",\"url\":\"https:\/\/www.miomiorun.com\/fr\/produit\/compressport-performance-ss-t-shirt-femme\/\",\"name\":\"Compressport Performance SS T-Shirt femme - t-shirt course \u00e0 pied - MioMioRun.com\",\"isPartOf\":{\"@id\":\"https:\/\/www.miomiorun.com\/fr\/#website\"},\"primaryImageOfPage\":{\"@id\":\"https:\/\/www.miomiorun.com\/fr\/produit\/compressport-performance-ss-t-shirt-femme\/#primaryimage\"},\"image\":{\"@id\":\"https:\/\/www.miomiorun.com\/fr\/produit\/compressport-performance-ss-t-shirt-femme\/#primaryimage\"},\"thumbnailUrl\":\"https:\/\/www.miomiorun.com\/app\/uploads\/2022\/04\/compressport-performance-ss-t-shirt-W-orchid-petal-purple-AW00094B-Orcpur.jpg\",\"datePublished\":\"2022-03-29T14:22:16+00:00\",\"dateModified\":\"2026-05-08T19:20:50+00:00\",\"description\":\"Le t-shirt Performance SS de Compressport pour femmes est un t-shirt de course \u00e0 pied hautement performant et l\u00e9ger, au design ultra-doux.\",\"breadcrumb\":{\"@id\":\"https:\/\/www.miomiorun.com\/fr\/produit\/compressport-performance-ss-t-shirt-femme\/#breadcrumb\"},\"inLanguage\":\"fr-FR\",\"potentialAction\":[{\"@type\":\"ReadAction\",\"target\":[\"https:\/\/www.miomiorun.com\/fr\/produit\/compressport-performance-ss-t-shirt-femme\/\"]}]},{\"@type\":\"ImageObject\",\"inLanguage\":\"fr-FR\",\"@id\":\"https:\/\/www.miomiorun.com\/fr\/produit\/compressport-performance-ss-t-shirt-femme\/#primaryimage\",\"url\":\"https:\/\/www.miomiorun.com\/app\/uploads\/2022\/04\/compressport-performance-ss-t-shirt-W-orchid-petal-purple-AW00094B-Orcpur.jpg\",\"contentUrl\":\"https:\/\/www.miomiorun.com\/app\/uploads\/2022\/04\/compressport-performance-ss-t-shirt-W-orchid-petal-purple-AW00094B-Orcpur.jpg\",\"width\":600,\"height\":600,\"caption\":\"compressport-performance-ss-t-shirt-W-orchid-petal-purple-AW00094B-Orcpur\"},{\"@type\":\"BreadcrumbList\",\"@id\":\"https:\/\/www.miomiorun.com\/fr\/produit\/compressport-performance-ss-t-shirt-femme\/#breadcrumb\",\"itemListElement\":[{\"@type\":\"ListItem\",\"position\":1,\"name\":\"Home\",\"item\":\"https:\/\/www.miomiorun.com\/fr\/home-page\/\"},{\"@type\":\"ListItem\",\"position\":2,\"name\":\"Shop\",\"item\":\"https:\/\/www.miomiorun.com\/shop\/\"},{\"@type\":\"ListItem\",\"position\":3,\"name\":\"Performance SS T-Shirt femme\"}]},{\"@type\":\"WebSite\",\"@id\":\"https:\/\/www.miomiorun.com\/fr\/#website\",\"url\":\"https:\/\/www.miomiorun.com\/fr\/\",\"name\":\"MioMioRun\",\"description\":\"Boutique 100% running et trail\",\"publisher\":{\"@id\":\"https:\/\/www.miomiorun.com\/fr\/#organization\"},\"potentialAction\":[{\"@type\":\"SearchAction\",\"target\":{\"@type\":\"EntryPoint\",\"urlTemplate\":\"https:\/\/www.miomiorun.com\/fr\/?s={search_term_string}\"},\"query-input\":{\"@type\":\"PropertyValueSpecification\",\"valueRequired\":true,\"valueName\":\"search_term_string\"}}],\"inLanguage\":\"fr-FR\"},{\"@type\":\"Organization\",\"@id\":\"https:\/\/www.miomiorun.com\/fr\/#organization\",\"name\":\"MioMio Run\",\"url\":\"https:\/\/www.miomiorun.com\/fr\/\",\"logo\":{\"@type\":\"ImageObject\",\"inLanguage\":\"fr-FR\",\"@id\":\"https:\/\/www.miomiorun.com\/fr\/#\/schema\/logo\/image\/\",\"url\":\"https:\/\/www.miomiorun.com\/app\/uploads\/2019\/12\/logomio.png\",\"contentUrl\":\"https:\/\/www.miomiorun.com\/app\/uploads\/2019\/12\/logomio.png\",\"width\":115,\"height\":82,\"caption\":\"MioMio Run\"},\"image\":{\"@id\":\"https:\/\/www.miomiorun.com\/fr\/#\/schema\/logo\/image\/\"},\"sameAs\":[\"https:\/\/www.facebook.com\/miomiorun\/\",\"https:\/\/www.instagram.com\/miomiorun\/\"]}]}<\/script>\n<!-- \/ Yoast SEO plugin. -->","yoast_head_json":{"title":"Compressport Performance SS T-Shirt femme - t-shirt course \u00e0 pied - MioMioRun.com","description":"Le t-shirt Performance SS de Compressport pour femmes est un t-shirt de course \u00e0 pied hautement performant et l\u00e9ger, au design ultra-doux.","robots":{"index":"index","follow":"follow","max-snippet":"max-snippet:-1","max-image-preview":"max-image-preview:large","max-video-preview":"max-video-preview:-1"},"canonical":"https:\/\/www.miomiorun.com\/fr\/produit\/compressport-performance-ss-t-shirt-femme\/","og_locale":"fr_FR","og_type":"article","og_title":"Compressport Performance SS T-Shirt femme - t-shirt course \u00e0 pied - MioMioRun.com","og_description":"Le t-shirt Performance SS de Compressport pour femmes est un t-shirt de course \u00e0 pied hautement performant et l\u00e9ger, au design ultra-doux.","og_url":"https:\/\/www.miomiorun.com\/fr\/produit\/compressport-performance-ss-t-shirt-femme\/","og_site_name":"MioMioRun","article_publisher":"https:\/\/www.facebook.com\/miomiorun\/","article_modified_time":"2026-05-08T19:20:50+00:00","og_image":[{"width":600,"height":600,"url":"https:\/\/www.miomiorun.com\/app\/uploads\/2022\/04\/compressport-performance-ss-t-shirt-W-orchid-petal-purple-AW00094B-Orcpur.jpg","type":"image\/jpeg"}],"twitter_card":"summary_large_image","twitter_misc":{"Est. reading time":"2 minutes"},"schema":{"@context":"https:\/\/schema.org","@graph":[{"@type":"WebPage","@id":"https:\/\/www.miomiorun.com\/fr\/produit\/compressport-performance-ss-t-shirt-femme\/","url":"https:\/\/www.miomiorun.com\/fr\/produit\/compressport-performance-ss-t-shirt-femme\/","name":"Compressport Performance SS T-Shirt femme - t-shirt course \u00e0 pied - MioMioRun.com","isPartOf":{"@id":"https:\/\/www.miomiorun.com\/fr\/#website"},"primaryImageOfPage":{"@id":"https:\/\/www.miomiorun.com\/fr\/produit\/compressport-performance-ss-t-shirt-femme\/#primaryimage"},"image":{"@id":"https:\/\/www.miomiorun.com\/fr\/produit\/compressport-performance-ss-t-shirt-femme\/#primaryimage"},"thumbnailUrl":"https:\/\/www.miomiorun.com\/app\/uploads\/2022\/04\/compressport-performance-ss-t-shirt-W-orchid-petal-purple-AW00094B-Orcpur.jpg","datePublished":"2022-03-29T14:22:16+00:00","dateModified":"2026-05-08T19:20:50+00:00","description":"Le t-shirt Performance SS de Compressport pour femmes est un t-shirt de course \u00e0 pied hautement performant et l\u00e9ger, au design ultra-doux.","breadcrumb":{"@id":"https:\/\/www.miomiorun.com\/fr\/produit\/compressport-performance-ss-t-shirt-femme\/#breadcrumb"},"inLanguage":"fr-FR","potentialAction":[{"@type":"ReadAction","target":["https:\/\/www.miomiorun.com\/fr\/produit\/compressport-performance-ss-t-shirt-femme\/"]}]},{"@type":"ImageObject","inLanguage":"fr-FR","@id":"https:\/\/www.miomiorun.com\/fr\/produit\/compressport-performance-ss-t-shirt-femme\/#primaryimage","url":"https:\/\/www.miomiorun.com\/app\/uploads\/2022\/04\/compressport-performance-ss-t-shirt-W-orchid-petal-purple-AW00094B-Orcpur.jpg","contentUrl":"https:\/\/www.miomiorun.com\/app\/uploads\/2022\/04\/compressport-performance-ss-t-shirt-W-orchid-petal-purple-AW00094B-Orcpur.jpg","width":600,"height":600,"caption":"compressport-performance-ss-t-shirt-W-orchid-petal-purple-AW00094B-Orcpur"},{"@type":"BreadcrumbList","@id":"https:\/\/www.miomiorun.com\/fr\/produit\/compressport-performance-ss-t-shirt-femme\/#breadcrumb","itemListElement":[{"@type":"ListItem","position":1,"name":"Home","item":"https:\/\/www.miomiorun.com\/fr\/home-page\/"},{"@type":"ListItem","position":2,"name":"Shop","item":"https:\/\/www.miomiorun.com\/shop\/"},{"@type":"ListItem","position":3,"name":"Performance SS T-Shirt femme"}]},{"@type":"WebSite","@id":"https:\/\/www.miomiorun.com\/fr\/#website","url":"https:\/\/www.miomiorun.com\/fr\/","name":"MioMioRun","description":"Boutique 100% running et trail","publisher":{"@id":"https:\/\/www.miomiorun.com\/fr\/#organization"},"potentialAction":[{"@type":"SearchAction","target":{"@type":"EntryPoint","urlTemplate":"https:\/\/www.miomiorun.com\/fr\/?s={search_term_string}"},"query-input":{"@type":"PropertyValueSpecification","valueRequired":true,"valueName":"search_term_string"}}],"inLanguage":"fr-FR"},{"@type":"Organization","@id":"https:\/\/www.miomiorun.com\/fr\/#organization","name":"MioMio Run","url":"https:\/\/www.miomiorun.com\/fr\/","logo":{"@type":"ImageObject","inLanguage":"fr-FR","@id":"https:\/\/www.miomiorun.com\/fr\/#\/schema\/logo\/image\/","url":"https:\/\/www.miomiorun.com\/app\/uploads\/2019\/12\/logomio.png","contentUrl":"https:\/\/www.miomiorun.com\/app\/uploads\/2019\/12\/logomio.png","width":115,"height":82,"caption":"MioMio Run"},"image":{"@id":"https:\/\/www.miomiorun.com\/fr\/#\/schema\/logo\/image\/"},"sameAs":["https:\/\/www.facebook.com\/miomiorun\/","https:\/\/www.instagram.com\/miomiorun\/"]}]}},"_links":{"self":[{"href":"https:\/\/www.miomiorun.com\/fr\/wp-json\/wp\/v2\/product\/281607","targetHints":{"allow":["GET"]}}],"collection":[{"href":"https:\/\/www.miomiorun.com\/fr\/wp-json\/wp\/v2\/product"}],"about":[{"href":"https:\/\/www.miomiorun.com\/fr\/wp-json\/wp\/v2\/types\/product"}],"wp:featuredmedia":[{"embeddable":true,"href":"https:\/\/www.miomiorun.com\/fr\/wp-json\/wp\/v2\/media\/235928"}],"wp:attachment":[{"href":"https:\/\/www.miomiorun.com\/fr\/wp-json\/wp\/v2\/media?parent=281607"}],"wp:term":[{"taxonomy":"product_brand","embeddable":true,"href":"https:\/\/www.miomiorun.com\/fr\/wp-json\/wp\/v2\/product_brand?post=281607"},{"taxonomy":"product_cat","embeddable":true,"href":"https:\/\/www.miomiorun.com\/fr\/wp-json\/wp\/v2\/product_cat?post=281607"},{"taxonomy":"product_tag","embeddable":true,"href":"https:\/\/www.miomiorun.com\/fr\/wp-json\/wp\/v2\/product_tag?post=281607"}],"curies":[{"name":"wp","href":"https:\/\/api.w.org\/{rel}","templated":true}]}}