{"id":281604,"date":"2022-03-29T16:39:51","date_gmt":"2022-03-29T14:39:51","guid":{"rendered":"https:\/\/miomiorun.com\/prodotto\/craft-adv-essence-sl-tee-uomo\/"},"modified":"2026-05-08T21:21:09","modified_gmt":"2026-05-08T19:21:09","slug":"craft-adv-essence-sl-tee-homme","status":"publish","type":"product","link":"https:\/\/www.miomiorun.com\/fr\/produit\/craft-adv-essence-sl-tee-homme\/","title":{"rendered":"ADV Essence Sl Tee homme"},"content":{"rendered":"<p>Le tee-shirt ADV Essence SL Tee pour homme est un tee-shirt sans manches doux et fonctionnel, fabriqu\u00e9 en polyester recycl\u00e9, qui offre une excellente \u00e9vacuation de l&#8217;humidit\u00e9 pour l&#8217;entra\u00eenement quotidien. De plus, ce haut d&#8217;entra\u00eenement avanc\u00e9 est dot\u00e9 d&#8217;une conception ergonomique pour un ajustement optimal, une libert\u00e9 de mouvement et un confort accrus.<\/p>\n<p><strong>Caract\u00e9ristiques :<\/strong><\/p>\n<ul>\n<li>Polyester recycl\u00e9.<\/li>\n<li>D\u00e9tails en maille pour une meilleure ventilation.<\/li>\n<li>Poche zipp\u00e9e dissimul\u00e9e sur le c\u00f4t\u00e9 droit.<\/li>\n<li>Coupe r\u00e9guli\u00e8re.<\/li>\n<\/ul>\n<p><img loading=\"lazy\" decoding=\"async\" class=\"css-1w257c5\" title=\"MoistureTransport\" src=\"https:\/\/www.craftsportswear.com\/static\/media\/moisture_transport.27f437d8.svg?q=70&amp;fit=clip&amp;w=72&amp;fm=jpg&amp;auto=format\" alt=\"MoistureTransport\" width=\"87\" height=\"87\"><\/p>\n<p>Transport de l&#8217;humidit\u00e9.<\/p>\n<p><img loading=\"lazy\" decoding=\"async\" class=\"css-1w257c5\" title=\"Stretch\" src=\"https:\/\/www.craftsportswear.com\/static\/media\/stretch.b10adc40.svg?q=70&amp;fit=clip&amp;w=72&amp;fm=jpg&amp;auto=format\" alt=\"Stretch\" width=\"85\" height=\"85\"><\/p>\n<p>Tissu extensible.<\/p>\n<p>Mat\u00e9riau : Corps 95 % polyester recycl\u00e9 5 % \u00e9lasthanne Haut du dos 100 % polyester recycl\u00e9<\/p>\n","protected":false},"excerpt":{"rendered":"<p>Le tee-shirt ADV Essence SL Tee pour homme est un tee-shirt sans manches doux et fonctionnel, fabriqu\u00e9 en polyester recycl\u00e9, qui offre une excellente \u00e9vacuation de l&#8217;humidit\u00e9 pour l&#8217;entra\u00eenement quotidien. De plus, ce haut d&#8217;entra\u00eenement avanc\u00e9 est dot\u00e9 d&#8217;une conception ergonomique pour un ajustement optimal, une libert\u00e9 de mouvement et un confort accrus. Caract\u00e9ristiques : &hellip; <a href=\"https:\/\/www.miomiorun.com\/fr\/produit\/craft-adv-essence-sl-tee-homme\/\">Continued<\/a><\/p>\n","protected":false},"featured_media":235817,"template":"","meta":{"_acf_changed":false,"inline_featured_image":false},"product_brand":[],"product_cat":[24257,24482],"product_tag":[23554,23647],"class_list":{"0":"post-281604","1":"product","2":"type-product","3":"status-publish","4":"has-post-thumbnail","6":"product_cat-gilets-fr","7":"product_cat-vetements-pour-hommes-fr","8":"product_tag-craft-fr","9":"product_tag-craft-homme","10":"pa_attivita-marcher","11":"pa_attivita-running-fr","12":"pa_colore-adv-essence-sl-tee-asphalt-fr","13":"pa_colore-adv-essence-sl-tee-m-black-fr","14":"pa_colore-adv-essence-sl-tee-m-flumino-fr","15":"pa_colore-adv-essence-sl-tee-m-rift-fr","16":"pa_colore-adv-essence-sl-tee-m-sour-fr","17":"pa_marca-craft-fr","18":"pa_sesso-homme","19":"pa_size-medium-fr","20":"pa_size-large-fr","21":"pa_size-extra-large-fr","23":"first","24":"instock","25":"sale","26":"taxable","27":"shipping-taxable","28":"purchasable","29":"product-type-variable","30":"wvs-archive-product-wrapper"},"acf":[],"yoast_head":"<!-- This site is optimized with the Yoast SEO plugin v26.8 - https:\/\/yoast.com\/product\/yoast-seo-wordpress\/ -->\n<title>Craft ADV Essence Sl Tee homme - course \u00e0 pied - MioMioRun.com<\/title>\n<meta name=\"description\" content=\"Le tee-shirt ADV Essence SL pour homme est un tee-shirt sans manches souple et fonctionnel, fabriqu\u00e9 en polyester recycl\u00e9 et offrant une excellente respirabilit\u00e9.\" \/>\n<meta name=\"robots\" content=\"index, follow, max-snippet:-1, max-image-preview:large, max-video-preview:-1\" \/>\n<link rel=\"canonical\" href=\"https:\/\/www.miomiorun.com\/fr\/produit\/craft-adv-essence-sl-tee-homme\/\" \/>\n<meta property=\"og:locale\" content=\"fr_FR\" \/>\n<meta property=\"og:type\" content=\"article\" \/>\n<meta property=\"og:title\" content=\"Craft ADV Essence Sl Tee homme - course \u00e0 pied - MioMioRun.com\" \/>\n<meta property=\"og:description\" content=\"Le tee-shirt ADV Essence SL pour homme est un tee-shirt sans manches souple et fonctionnel, fabriqu\u00e9 en polyester recycl\u00e9 et offrant une excellente respirabilit\u00e9.\" \/>\n<meta property=\"og:url\" content=\"https:\/\/www.miomiorun.com\/fr\/produit\/craft-adv-essence-sl-tee-homme\/\" \/>\n<meta property=\"og:site_name\" content=\"MioMioRun\" \/>\n<meta property=\"article:publisher\" content=\"https:\/\/www.facebook.com\/miomiorun\/\" \/>\n<meta property=\"article:modified_time\" content=\"2026-05-08T19:21:09+00:00\" \/>\n<meta property=\"og:image\" content=\"https:\/\/www.miomiorun.com\/app\/uploads\/2022\/03\/craft-adv-essence-sl-tee-asphalt-1908752-995000.jpg\" \/>\n\t<meta property=\"og:image:width\" content=\"600\" \/>\n\t<meta property=\"og:image:height\" content=\"600\" \/>\n\t<meta property=\"og:image:type\" content=\"image\/jpeg\" \/>\n<meta name=\"twitter:card\" content=\"summary_large_image\" \/>\n<script type=\"application\/ld+json\" class=\"yoast-schema-graph\">{\"@context\":\"https:\/\/schema.org\",\"@graph\":[{\"@type\":\"WebPage\",\"@id\":\"https:\/\/www.miomiorun.com\/fr\/produit\/craft-adv-essence-sl-tee-homme\/\",\"url\":\"https:\/\/www.miomiorun.com\/fr\/produit\/craft-adv-essence-sl-tee-homme\/\",\"name\":\"Craft ADV Essence Sl Tee homme - course \u00e0 pied - MioMioRun.com\",\"isPartOf\":{\"@id\":\"https:\/\/www.miomiorun.com\/fr\/#website\"},\"primaryImageOfPage\":{\"@id\":\"https:\/\/www.miomiorun.com\/fr\/produit\/craft-adv-essence-sl-tee-homme\/#primaryimage\"},\"image\":{\"@id\":\"https:\/\/www.miomiorun.com\/fr\/produit\/craft-adv-essence-sl-tee-homme\/#primaryimage\"},\"thumbnailUrl\":\"https:\/\/www.miomiorun.com\/app\/uploads\/2022\/03\/craft-adv-essence-sl-tee-asphalt-1908752-995000.jpg\",\"datePublished\":\"2022-03-29T14:39:51+00:00\",\"dateModified\":\"2026-05-08T19:21:09+00:00\",\"description\":\"Le tee-shirt ADV Essence SL pour homme est un tee-shirt sans manches souple et fonctionnel, fabriqu\u00e9 en polyester recycl\u00e9 et offrant une excellente respirabilit\u00e9.\",\"breadcrumb\":{\"@id\":\"https:\/\/www.miomiorun.com\/fr\/produit\/craft-adv-essence-sl-tee-homme\/#breadcrumb\"},\"inLanguage\":\"fr-FR\",\"potentialAction\":[{\"@type\":\"ReadAction\",\"target\":[\"https:\/\/www.miomiorun.com\/fr\/produit\/craft-adv-essence-sl-tee-homme\/\"]}]},{\"@type\":\"ImageObject\",\"inLanguage\":\"fr-FR\",\"@id\":\"https:\/\/www.miomiorun.com\/fr\/produit\/craft-adv-essence-sl-tee-homme\/#primaryimage\",\"url\":\"https:\/\/www.miomiorun.com\/app\/uploads\/2022\/03\/craft-adv-essence-sl-tee-asphalt-1908752-995000.jpg\",\"contentUrl\":\"https:\/\/www.miomiorun.com\/app\/uploads\/2022\/03\/craft-adv-essence-sl-tee-asphalt-1908752-995000.jpg\",\"width\":600,\"height\":600,\"caption\":\"craft-adv-essence-sl-tee-asphalt-1908752-995000\"},{\"@type\":\"BreadcrumbList\",\"@id\":\"https:\/\/www.miomiorun.com\/fr\/produit\/craft-adv-essence-sl-tee-homme\/#breadcrumb\",\"itemListElement\":[{\"@type\":\"ListItem\",\"position\":1,\"name\":\"Home\",\"item\":\"https:\/\/www.miomiorun.com\/fr\/home-page\/\"},{\"@type\":\"ListItem\",\"position\":2,\"name\":\"Shop\",\"item\":\"https:\/\/www.miomiorun.com\/shop\/\"},{\"@type\":\"ListItem\",\"position\":3,\"name\":\"ADV Essence Sl Tee homme\"}]},{\"@type\":\"WebSite\",\"@id\":\"https:\/\/www.miomiorun.com\/fr\/#website\",\"url\":\"https:\/\/www.miomiorun.com\/fr\/\",\"name\":\"MioMioRun\",\"description\":\"Boutique 100% running et trail\",\"publisher\":{\"@id\":\"https:\/\/www.miomiorun.com\/fr\/#organization\"},\"potentialAction\":[{\"@type\":\"SearchAction\",\"target\":{\"@type\":\"EntryPoint\",\"urlTemplate\":\"https:\/\/www.miomiorun.com\/fr\/?s={search_term_string}\"},\"query-input\":{\"@type\":\"PropertyValueSpecification\",\"valueRequired\":true,\"valueName\":\"search_term_string\"}}],\"inLanguage\":\"fr-FR\"},{\"@type\":\"Organization\",\"@id\":\"https:\/\/www.miomiorun.com\/fr\/#organization\",\"name\":\"MioMio Run\",\"url\":\"https:\/\/www.miomiorun.com\/fr\/\",\"logo\":{\"@type\":\"ImageObject\",\"inLanguage\":\"fr-FR\",\"@id\":\"https:\/\/www.miomiorun.com\/fr\/#\/schema\/logo\/image\/\",\"url\":\"https:\/\/www.miomiorun.com\/app\/uploads\/2019\/12\/logomio.png\",\"contentUrl\":\"https:\/\/www.miomiorun.com\/app\/uploads\/2019\/12\/logomio.png\",\"width\":115,\"height\":82,\"caption\":\"MioMio Run\"},\"image\":{\"@id\":\"https:\/\/www.miomiorun.com\/fr\/#\/schema\/logo\/image\/\"},\"sameAs\":[\"https:\/\/www.facebook.com\/miomiorun\/\",\"https:\/\/www.instagram.com\/miomiorun\/\"]}]}<\/script>\n<!-- \/ Yoast SEO plugin. -->","yoast_head_json":{"title":"Craft ADV Essence Sl Tee homme - course \u00e0 pied - MioMioRun.com","description":"Le tee-shirt ADV Essence SL pour homme est un tee-shirt sans manches souple et fonctionnel, fabriqu\u00e9 en polyester recycl\u00e9 et offrant une excellente respirabilit\u00e9.","robots":{"index":"index","follow":"follow","max-snippet":"max-snippet:-1","max-image-preview":"max-image-preview:large","max-video-preview":"max-video-preview:-1"},"canonical":"https:\/\/www.miomiorun.com\/fr\/produit\/craft-adv-essence-sl-tee-homme\/","og_locale":"fr_FR","og_type":"article","og_title":"Craft ADV Essence Sl Tee homme - course \u00e0 pied - MioMioRun.com","og_description":"Le tee-shirt ADV Essence SL pour homme est un tee-shirt sans manches souple et fonctionnel, fabriqu\u00e9 en polyester recycl\u00e9 et offrant une excellente respirabilit\u00e9.","og_url":"https:\/\/www.miomiorun.com\/fr\/produit\/craft-adv-essence-sl-tee-homme\/","og_site_name":"MioMioRun","article_publisher":"https:\/\/www.facebook.com\/miomiorun\/","article_modified_time":"2026-05-08T19:21:09+00:00","og_image":[{"width":600,"height":600,"url":"https:\/\/www.miomiorun.com\/app\/uploads\/2022\/03\/craft-adv-essence-sl-tee-asphalt-1908752-995000.jpg","type":"image\/jpeg"}],"twitter_card":"summary_large_image","schema":{"@context":"https:\/\/schema.org","@graph":[{"@type":"WebPage","@id":"https:\/\/www.miomiorun.com\/fr\/produit\/craft-adv-essence-sl-tee-homme\/","url":"https:\/\/www.miomiorun.com\/fr\/produit\/craft-adv-essence-sl-tee-homme\/","name":"Craft ADV Essence Sl Tee homme - course \u00e0 pied - MioMioRun.com","isPartOf":{"@id":"https:\/\/www.miomiorun.com\/fr\/#website"},"primaryImageOfPage":{"@id":"https:\/\/www.miomiorun.com\/fr\/produit\/craft-adv-essence-sl-tee-homme\/#primaryimage"},"image":{"@id":"https:\/\/www.miomiorun.com\/fr\/produit\/craft-adv-essence-sl-tee-homme\/#primaryimage"},"thumbnailUrl":"https:\/\/www.miomiorun.com\/app\/uploads\/2022\/03\/craft-adv-essence-sl-tee-asphalt-1908752-995000.jpg","datePublished":"2022-03-29T14:39:51+00:00","dateModified":"2026-05-08T19:21:09+00:00","description":"Le tee-shirt ADV Essence SL pour homme est un tee-shirt sans manches souple et fonctionnel, fabriqu\u00e9 en polyester recycl\u00e9 et offrant une excellente respirabilit\u00e9.","breadcrumb":{"@id":"https:\/\/www.miomiorun.com\/fr\/produit\/craft-adv-essence-sl-tee-homme\/#breadcrumb"},"inLanguage":"fr-FR","potentialAction":[{"@type":"ReadAction","target":["https:\/\/www.miomiorun.com\/fr\/produit\/craft-adv-essence-sl-tee-homme\/"]}]},{"@type":"ImageObject","inLanguage":"fr-FR","@id":"https:\/\/www.miomiorun.com\/fr\/produit\/craft-adv-essence-sl-tee-homme\/#primaryimage","url":"https:\/\/www.miomiorun.com\/app\/uploads\/2022\/03\/craft-adv-essence-sl-tee-asphalt-1908752-995000.jpg","contentUrl":"https:\/\/www.miomiorun.com\/app\/uploads\/2022\/03\/craft-adv-essence-sl-tee-asphalt-1908752-995000.jpg","width":600,"height":600,"caption":"craft-adv-essence-sl-tee-asphalt-1908752-995000"},{"@type":"BreadcrumbList","@id":"https:\/\/www.miomiorun.com\/fr\/produit\/craft-adv-essence-sl-tee-homme\/#breadcrumb","itemListElement":[{"@type":"ListItem","position":1,"name":"Home","item":"https:\/\/www.miomiorun.com\/fr\/home-page\/"},{"@type":"ListItem","position":2,"name":"Shop","item":"https:\/\/www.miomiorun.com\/shop\/"},{"@type":"ListItem","position":3,"name":"ADV Essence Sl Tee homme"}]},{"@type":"WebSite","@id":"https:\/\/www.miomiorun.com\/fr\/#website","url":"https:\/\/www.miomiorun.com\/fr\/","name":"MioMioRun","description":"Boutique 100% running et trail","publisher":{"@id":"https:\/\/www.miomiorun.com\/fr\/#organization"},"potentialAction":[{"@type":"SearchAction","target":{"@type":"EntryPoint","urlTemplate":"https:\/\/www.miomiorun.com\/fr\/?s={search_term_string}"},"query-input":{"@type":"PropertyValueSpecification","valueRequired":true,"valueName":"search_term_string"}}],"inLanguage":"fr-FR"},{"@type":"Organization","@id":"https:\/\/www.miomiorun.com\/fr\/#organization","name":"MioMio Run","url":"https:\/\/www.miomiorun.com\/fr\/","logo":{"@type":"ImageObject","inLanguage":"fr-FR","@id":"https:\/\/www.miomiorun.com\/fr\/#\/schema\/logo\/image\/","url":"https:\/\/www.miomiorun.com\/app\/uploads\/2019\/12\/logomio.png","contentUrl":"https:\/\/www.miomiorun.com\/app\/uploads\/2019\/12\/logomio.png","width":115,"height":82,"caption":"MioMio Run"},"image":{"@id":"https:\/\/www.miomiorun.com\/fr\/#\/schema\/logo\/image\/"},"sameAs":["https:\/\/www.facebook.com\/miomiorun\/","https:\/\/www.instagram.com\/miomiorun\/"]}]}},"_links":{"self":[{"href":"https:\/\/www.miomiorun.com\/fr\/wp-json\/wp\/v2\/product\/281604","targetHints":{"allow":["GET"]}}],"collection":[{"href":"https:\/\/www.miomiorun.com\/fr\/wp-json\/wp\/v2\/product"}],"about":[{"href":"https:\/\/www.miomiorun.com\/fr\/wp-json\/wp\/v2\/types\/product"}],"wp:featuredmedia":[{"embeddable":true,"href":"https:\/\/www.miomiorun.com\/fr\/wp-json\/wp\/v2\/media\/235817"}],"wp:attachment":[{"href":"https:\/\/www.miomiorun.com\/fr\/wp-json\/wp\/v2\/media?parent=281604"}],"wp:term":[{"taxonomy":"product_brand","embeddable":true,"href":"https:\/\/www.miomiorun.com\/fr\/wp-json\/wp\/v2\/product_brand?post=281604"},{"taxonomy":"product_cat","embeddable":true,"href":"https:\/\/www.miomiorun.com\/fr\/wp-json\/wp\/v2\/product_cat?post=281604"},{"taxonomy":"product_tag","embeddable":true,"href":"https:\/\/www.miomiorun.com\/fr\/wp-json\/wp\/v2\/product_tag?post=281604"}],"curies":[{"name":"wp","href":"https:\/\/api.w.org\/{rel}","templated":true}]}}