{"id":281601,"date":"2022-04-05T10:58:37","date_gmt":"2022-04-05T08:58:37","guid":{"rendered":"https:\/\/miomiorun.com\/prodotto\/cep-low-cut-socks-4-0-donna\/"},"modified":"2025-09-26T09:39:43","modified_gmt":"2025-09-26T07:39:43","slug":"cep-low-cut-socks-4-0-femme","status":"publish","type":"product","link":"https:\/\/www.miomiorun.com\/fr\/produit\/cep-low-cut-socks-4-0-femme\/","title":{"rendered":"Low cut socks 4.0 femme"},"content":{"rendered":"<p>Gr\u00e2ce \u00e0 leur m\u00e9lange de mat\u00e9riaux \u00e9prouv\u00e9, les chaussettes <strong>CEP Compression Low Cut 4.0 <\/strong>pour femmes sont le choix id\u00e9al pour toutes les saisons, toutes les activit\u00e9s et tous les styles de chaussures ! La technologie innovante <strong>Smart<\/strong> permet au tissu de s&#8217;adapter \u00e0 toutes les conditions, garantissant un pied confortable et sec, tandis que la compression moyenne favorise la proprioception en stimulant les r\u00e9cepteurs cutan\u00e9s et ajoute un soutien suppl\u00e9mentaire \u00e0 la vo\u00fbte plantaire. Essayez la diff\u00e9rence CEP d\u00e8s aujourd&#8217;hui !<\/p>\n<p><strong>Caract\u00e9ristiques :<\/strong><\/p>\n<ul>\n<li>Le tissu respirant garde vos pieds au frais.<\/li>\n<li>Stimulation sensorielle profonde des articulations pour une plus grande stabilit\u00e9, moins de blessures et un soulagement de la douleur.<\/li>\n<li>Canaux d&#8217;a\u00e9ration innovants dans la semelle et zones de ventilation dans la pointe pour une respirabilit\u00e9 optimale et un confort maximal.<\/li>\n<li>Trait\u00e9 \u00e0 l&#8217;argent pour r\u00e9duire les odeurs d\u00e9sagr\u00e9ables et \u00e9liminer les bact\u00e9ries.<\/li>\n<li>Garanti sans ampoules.<\/li>\n<li>Absorption des chocs gr\u00e2ce au rembourrage anatomique parfaitement positionn\u00e9 dans le pied.<\/li>\n<\/ul>\n<p id=\"tw-target-text\" class=\"tw-data-text tw-text-large tw-ta\" dir=\"ltr\" data-placeholder=\"Traduzione\"><span class=\"Y2IQFc\" lang=\"it\"><strong>Niveau de compression dans la vo\u00fbte plantaire<\/strong> : 15 mmHg.<\/span><\/p>\n<p id=\"tw-target-text\" class=\"tw-data-text tw-text-large tw-ta\" dir=\"ltr\" data-placeholder=\"Traduzione\"><span class=\"Y2IQFc\" lang=\"it\"><strong>Mat\u00e9riau :<\/strong> 88 % polyamide, 12 % \u00e9lasthanne.<\/span><\/p>\n","protected":false},"excerpt":{"rendered":"<p>Gr\u00e2ce \u00e0 leur m\u00e9lange de mat\u00e9riaux \u00e9prouv\u00e9, les chaussettes CEP Compression Low Cut 4.0 pour femmes sont le choix id\u00e9al pour toutes les saisons, toutes les activit\u00e9s et tous les styles de chaussures ! La technologie innovante Smart permet au tissu de s&#8217;adapter \u00e0 toutes les conditions, garantissant un pied confortable et sec, tandis que &hellip; <a href=\"https:\/\/www.miomiorun.com\/fr\/produit\/cep-low-cut-socks-4-0-femme\/\">Continued<\/a><\/p>\n","protected":false},"featured_media":236028,"template":"","meta":{"_acf_changed":false,"inline_featured_image":false},"product_brand":[],"product_cat":[22597,22596,22595],"product_tag":[23469,23651],"class_list":{"0":"post-281601","1":"product","2":"type-product","3":"status-publish","4":"has-post-thumbnail","6":"product_cat-chaussettes","7":"product_cat-vetements-pour-femmes","8":"product_cat-femme","9":"product_tag-cep-fr","10":"product_tag-cep-femme","11":"pa_attivita-fitness-fr","12":"pa_attivita-marcher","13":"pa_attivita-running-fr","14":"pa_colore-compr-socks-low-cut-light-blue-w-fr","15":"pa_colore-low-cut-socks-v4-w-black-fr","16":"pa_colore-low-cut-socks-v4-w-pink-fr","17":"pa_marca-cep-fr","18":"pa_sesso-femme","19":"pa_size-34-37-fr","20":"pa_size-40-43-fr","22":"first","23":"instock","24":"sale","25":"taxable","26":"shipping-taxable","27":"purchasable","28":"product-type-variable","29":"wvs-archive-product-wrapper"},"acf":[],"yoast_head":"<!-- This site is optimized with the Yoast SEO plugin v26.8 - https:\/\/yoast.com\/product\/yoast-seo-wordpress\/ -->\n<title>Low cut socks 4.0 femme - Chaussettes de course - MioMioRun.com<\/title>\n<meta name=\"description\" content=\"Gr\u00e2ce \u00e0 leur m\u00e9lange de mat\u00e9riaux \u00e9prouv\u00e9, les chaussettes CEP Compression Low Cut 4.0 pour femmes sont le choix id\u00e9al pour toutes les activit\u00e9s.\" \/>\n<meta name=\"robots\" content=\"index, follow, max-snippet:-1, max-image-preview:large, max-video-preview:-1\" \/>\n<link rel=\"canonical\" href=\"https:\/\/www.miomiorun.com\/fr\/produit\/cep-low-cut-socks-4-0-femme\/\" \/>\n<meta property=\"og:locale\" content=\"fr_FR\" \/>\n<meta property=\"og:type\" content=\"article\" \/>\n<meta property=\"og:title\" content=\"Low cut socks 4.0 femme - Chaussettes de course - MioMioRun.com\" \/>\n<meta property=\"og:description\" content=\"Gr\u00e2ce \u00e0 leur m\u00e9lange de mat\u00e9riaux \u00e9prouv\u00e9, les chaussettes CEP Compression Low Cut 4.0 pour femmes sont le choix id\u00e9al pour toutes les activit\u00e9s.\" \/>\n<meta property=\"og:url\" content=\"https:\/\/www.miomiorun.com\/fr\/produit\/cep-low-cut-socks-4-0-femme\/\" \/>\n<meta property=\"og:site_name\" content=\"MioMioRun\" \/>\n<meta property=\"article:publisher\" content=\"https:\/\/www.facebook.com\/miomiorun\/\" \/>\n<meta property=\"article:modified_time\" content=\"2025-09-26T07:39:43+00:00\" \/>\n<meta property=\"og:image\" content=\"https:\/\/www.miomiorun.com\/app\/uploads\/2022\/04\/cep-low-cut-socks-v4-W-pink-WP2A4R.jpg\" \/>\n\t<meta property=\"og:image:width\" content=\"600\" \/>\n\t<meta property=\"og:image:height\" content=\"600\" \/>\n\t<meta property=\"og:image:type\" content=\"image\/jpeg\" \/>\n<meta name=\"twitter:card\" content=\"summary_large_image\" \/>\n<meta name=\"twitter:label1\" content=\"Est. reading time\" \/>\n\t<meta name=\"twitter:data1\" content=\"1 minute\" \/>\n<script type=\"application\/ld+json\" class=\"yoast-schema-graph\">{\"@context\":\"https:\/\/schema.org\",\"@graph\":[{\"@type\":\"WebPage\",\"@id\":\"https:\/\/www.miomiorun.com\/fr\/produit\/cep-low-cut-socks-4-0-femme\/\",\"url\":\"https:\/\/www.miomiorun.com\/fr\/produit\/cep-low-cut-socks-4-0-femme\/\",\"name\":\"Low cut socks 4.0 femme - Chaussettes de course - MioMioRun.com\",\"isPartOf\":{\"@id\":\"https:\/\/www.miomiorun.com\/fr\/#website\"},\"primaryImageOfPage\":{\"@id\":\"https:\/\/www.miomiorun.com\/fr\/produit\/cep-low-cut-socks-4-0-femme\/#primaryimage\"},\"image\":{\"@id\":\"https:\/\/www.miomiorun.com\/fr\/produit\/cep-low-cut-socks-4-0-femme\/#primaryimage\"},\"thumbnailUrl\":\"https:\/\/www.miomiorun.com\/app\/uploads\/2022\/04\/cep-low-cut-socks-v4-W-pink-WP2A4R.jpg\",\"datePublished\":\"2022-04-05T08:58:37+00:00\",\"dateModified\":\"2025-09-26T07:39:43+00:00\",\"description\":\"Gr\u00e2ce \u00e0 leur m\u00e9lange de mat\u00e9riaux \u00e9prouv\u00e9, les chaussettes CEP Compression Low Cut 4.0 pour femmes sont le choix id\u00e9al pour toutes les activit\u00e9s.\",\"breadcrumb\":{\"@id\":\"https:\/\/www.miomiorun.com\/fr\/produit\/cep-low-cut-socks-4-0-femme\/#breadcrumb\"},\"inLanguage\":\"fr-FR\",\"potentialAction\":[{\"@type\":\"ReadAction\",\"target\":[\"https:\/\/www.miomiorun.com\/fr\/produit\/cep-low-cut-socks-4-0-femme\/\"]}]},{\"@type\":\"ImageObject\",\"inLanguage\":\"fr-FR\",\"@id\":\"https:\/\/www.miomiorun.com\/fr\/produit\/cep-low-cut-socks-4-0-femme\/#primaryimage\",\"url\":\"https:\/\/www.miomiorun.com\/app\/uploads\/2022\/04\/cep-low-cut-socks-v4-W-pink-WP2A4R.jpg\",\"contentUrl\":\"https:\/\/www.miomiorun.com\/app\/uploads\/2022\/04\/cep-low-cut-socks-v4-W-pink-WP2A4R.jpg\",\"width\":600,\"height\":600,\"caption\":\"cep-low-cut-socks-v4-W-pink-WP2A4R\"},{\"@type\":\"BreadcrumbList\",\"@id\":\"https:\/\/www.miomiorun.com\/fr\/produit\/cep-low-cut-socks-4-0-femme\/#breadcrumb\",\"itemListElement\":[{\"@type\":\"ListItem\",\"position\":1,\"name\":\"Home\",\"item\":\"https:\/\/www.miomiorun.com\/fr\/home-page\/\"},{\"@type\":\"ListItem\",\"position\":2,\"name\":\"Shop\",\"item\":\"https:\/\/www.miomiorun.com\/shop\/\"},{\"@type\":\"ListItem\",\"position\":3,\"name\":\"Low cut socks 4.0 femme\"}]},{\"@type\":\"WebSite\",\"@id\":\"https:\/\/www.miomiorun.com\/fr\/#website\",\"url\":\"https:\/\/www.miomiorun.com\/fr\/\",\"name\":\"MioMioRun\",\"description\":\"Boutique 100% running et trail\",\"publisher\":{\"@id\":\"https:\/\/www.miomiorun.com\/fr\/#organization\"},\"potentialAction\":[{\"@type\":\"SearchAction\",\"target\":{\"@type\":\"EntryPoint\",\"urlTemplate\":\"https:\/\/www.miomiorun.com\/fr\/?s={search_term_string}\"},\"query-input\":{\"@type\":\"PropertyValueSpecification\",\"valueRequired\":true,\"valueName\":\"search_term_string\"}}],\"inLanguage\":\"fr-FR\"},{\"@type\":\"Organization\",\"@id\":\"https:\/\/www.miomiorun.com\/fr\/#organization\",\"name\":\"MioMio Run\",\"url\":\"https:\/\/www.miomiorun.com\/fr\/\",\"logo\":{\"@type\":\"ImageObject\",\"inLanguage\":\"fr-FR\",\"@id\":\"https:\/\/www.miomiorun.com\/fr\/#\/schema\/logo\/image\/\",\"url\":\"https:\/\/www.miomiorun.com\/app\/uploads\/2019\/12\/logomio.png\",\"contentUrl\":\"https:\/\/www.miomiorun.com\/app\/uploads\/2019\/12\/logomio.png\",\"width\":115,\"height\":82,\"caption\":\"MioMio Run\"},\"image\":{\"@id\":\"https:\/\/www.miomiorun.com\/fr\/#\/schema\/logo\/image\/\"},\"sameAs\":[\"https:\/\/www.facebook.com\/miomiorun\/\",\"https:\/\/www.instagram.com\/miomiorun\/\"]}]}<\/script>\n<!-- \/ Yoast SEO plugin. -->","yoast_head_json":{"title":"Low cut socks 4.0 femme - Chaussettes de course - MioMioRun.com","description":"Gr\u00e2ce \u00e0 leur m\u00e9lange de mat\u00e9riaux \u00e9prouv\u00e9, les chaussettes CEP Compression Low Cut 4.0 pour femmes sont le choix id\u00e9al pour toutes les activit\u00e9s.","robots":{"index":"index","follow":"follow","max-snippet":"max-snippet:-1","max-image-preview":"max-image-preview:large","max-video-preview":"max-video-preview:-1"},"canonical":"https:\/\/www.miomiorun.com\/fr\/produit\/cep-low-cut-socks-4-0-femme\/","og_locale":"fr_FR","og_type":"article","og_title":"Low cut socks 4.0 femme - Chaussettes de course - MioMioRun.com","og_description":"Gr\u00e2ce \u00e0 leur m\u00e9lange de mat\u00e9riaux \u00e9prouv\u00e9, les chaussettes CEP Compression Low Cut 4.0 pour femmes sont le choix id\u00e9al pour toutes les activit\u00e9s.","og_url":"https:\/\/www.miomiorun.com\/fr\/produit\/cep-low-cut-socks-4-0-femme\/","og_site_name":"MioMioRun","article_publisher":"https:\/\/www.facebook.com\/miomiorun\/","article_modified_time":"2025-09-26T07:39:43+00:00","og_image":[{"width":600,"height":600,"url":"https:\/\/www.miomiorun.com\/app\/uploads\/2022\/04\/cep-low-cut-socks-v4-W-pink-WP2A4R.jpg","type":"image\/jpeg"}],"twitter_card":"summary_large_image","twitter_misc":{"Est. reading time":"1 minute"},"schema":{"@context":"https:\/\/schema.org","@graph":[{"@type":"WebPage","@id":"https:\/\/www.miomiorun.com\/fr\/produit\/cep-low-cut-socks-4-0-femme\/","url":"https:\/\/www.miomiorun.com\/fr\/produit\/cep-low-cut-socks-4-0-femme\/","name":"Low cut socks 4.0 femme - Chaussettes de course - MioMioRun.com","isPartOf":{"@id":"https:\/\/www.miomiorun.com\/fr\/#website"},"primaryImageOfPage":{"@id":"https:\/\/www.miomiorun.com\/fr\/produit\/cep-low-cut-socks-4-0-femme\/#primaryimage"},"image":{"@id":"https:\/\/www.miomiorun.com\/fr\/produit\/cep-low-cut-socks-4-0-femme\/#primaryimage"},"thumbnailUrl":"https:\/\/www.miomiorun.com\/app\/uploads\/2022\/04\/cep-low-cut-socks-v4-W-pink-WP2A4R.jpg","datePublished":"2022-04-05T08:58:37+00:00","dateModified":"2025-09-26T07:39:43+00:00","description":"Gr\u00e2ce \u00e0 leur m\u00e9lange de mat\u00e9riaux \u00e9prouv\u00e9, les chaussettes CEP Compression Low Cut 4.0 pour femmes sont le choix id\u00e9al pour toutes les activit\u00e9s.","breadcrumb":{"@id":"https:\/\/www.miomiorun.com\/fr\/produit\/cep-low-cut-socks-4-0-femme\/#breadcrumb"},"inLanguage":"fr-FR","potentialAction":[{"@type":"ReadAction","target":["https:\/\/www.miomiorun.com\/fr\/produit\/cep-low-cut-socks-4-0-femme\/"]}]},{"@type":"ImageObject","inLanguage":"fr-FR","@id":"https:\/\/www.miomiorun.com\/fr\/produit\/cep-low-cut-socks-4-0-femme\/#primaryimage","url":"https:\/\/www.miomiorun.com\/app\/uploads\/2022\/04\/cep-low-cut-socks-v4-W-pink-WP2A4R.jpg","contentUrl":"https:\/\/www.miomiorun.com\/app\/uploads\/2022\/04\/cep-low-cut-socks-v4-W-pink-WP2A4R.jpg","width":600,"height":600,"caption":"cep-low-cut-socks-v4-W-pink-WP2A4R"},{"@type":"BreadcrumbList","@id":"https:\/\/www.miomiorun.com\/fr\/produit\/cep-low-cut-socks-4-0-femme\/#breadcrumb","itemListElement":[{"@type":"ListItem","position":1,"name":"Home","item":"https:\/\/www.miomiorun.com\/fr\/home-page\/"},{"@type":"ListItem","position":2,"name":"Shop","item":"https:\/\/www.miomiorun.com\/shop\/"},{"@type":"ListItem","position":3,"name":"Low cut socks 4.0 femme"}]},{"@type":"WebSite","@id":"https:\/\/www.miomiorun.com\/fr\/#website","url":"https:\/\/www.miomiorun.com\/fr\/","name":"MioMioRun","description":"Boutique 100% running et trail","publisher":{"@id":"https:\/\/www.miomiorun.com\/fr\/#organization"},"potentialAction":[{"@type":"SearchAction","target":{"@type":"EntryPoint","urlTemplate":"https:\/\/www.miomiorun.com\/fr\/?s={search_term_string}"},"query-input":{"@type":"PropertyValueSpecification","valueRequired":true,"valueName":"search_term_string"}}],"inLanguage":"fr-FR"},{"@type":"Organization","@id":"https:\/\/www.miomiorun.com\/fr\/#organization","name":"MioMio Run","url":"https:\/\/www.miomiorun.com\/fr\/","logo":{"@type":"ImageObject","inLanguage":"fr-FR","@id":"https:\/\/www.miomiorun.com\/fr\/#\/schema\/logo\/image\/","url":"https:\/\/www.miomiorun.com\/app\/uploads\/2019\/12\/logomio.png","contentUrl":"https:\/\/www.miomiorun.com\/app\/uploads\/2019\/12\/logomio.png","width":115,"height":82,"caption":"MioMio Run"},"image":{"@id":"https:\/\/www.miomiorun.com\/fr\/#\/schema\/logo\/image\/"},"sameAs":["https:\/\/www.facebook.com\/miomiorun\/","https:\/\/www.instagram.com\/miomiorun\/"]}]}},"_links":{"self":[{"href":"https:\/\/www.miomiorun.com\/fr\/wp-json\/wp\/v2\/product\/281601","targetHints":{"allow":["GET"]}}],"collection":[{"href":"https:\/\/www.miomiorun.com\/fr\/wp-json\/wp\/v2\/product"}],"about":[{"href":"https:\/\/www.miomiorun.com\/fr\/wp-json\/wp\/v2\/types\/product"}],"wp:featuredmedia":[{"embeddable":true,"href":"https:\/\/www.miomiorun.com\/fr\/wp-json\/wp\/v2\/media\/236028"}],"wp:attachment":[{"href":"https:\/\/www.miomiorun.com\/fr\/wp-json\/wp\/v2\/media?parent=281601"}],"wp:term":[{"taxonomy":"product_brand","embeddable":true,"href":"https:\/\/www.miomiorun.com\/fr\/wp-json\/wp\/v2\/product_brand?post=281601"},{"taxonomy":"product_cat","embeddable":true,"href":"https:\/\/www.miomiorun.com\/fr\/wp-json\/wp\/v2\/product_cat?post=281601"},{"taxonomy":"product_tag","embeddable":true,"href":"https:\/\/www.miomiorun.com\/fr\/wp-json\/wp\/v2\/product_tag?post=281601"}],"curies":[{"name":"wp","href":"https:\/\/api.w.org\/{rel}","templated":true}]}}