{"id":281592,"date":"2022-04-05T11:46:51","date_gmt":"2022-04-05T09:46:51","guid":{"rendered":"https:\/\/miomiorun.com\/prodotto\/cep-no-show-socks-4-0-donna\/"},"modified":"2025-09-26T09:43:34","modified_gmt":"2025-09-26T07:43:34","slug":"cep-no-show-socks-4-0-femme","status":"publish","type":"product","link":"https:\/\/www.miomiorun.com\/fr\/produit\/cep-no-show-socks-4-0-femme\/","title":{"rendered":"No Show Socks 4.0 femme"},"content":{"rendered":"<p>Les chaussettes Run Compression <strong>No Show de CEP 4.0<\/strong> pour femmes font leur travail en coulisses : elles vous offrent un soutien invisible et un confort maximal. Gr\u00e2ce \u00e0 leur seconde peau, ces chaussettes de course invisibles ne glissent pas et leur m\u00e9lange de mat\u00e9riaux \u00e9prouv\u00e9 pr\u00e9vient les ampoules. La compression cibl\u00e9e au niveau de la vo\u00fbte plantaire offre un soutien suppl\u00e9mentaire au niveau de la vo\u00fbte plantaire et de la plante du pied, tandis que les zones rembourr\u00e9es du pied augmentent le confort de course et pr\u00e9viennent les points de friction. Les zones de ventilation avanc\u00e9es garantissent des pieds confortables et secs. Parfait pour les jours o\u00f9 vous passez directement du bureau \u00e0 la salle de sport !<\/p>\n<p><strong>Caract\u00e9ristiques :<\/strong><\/p>\n<ul>\n<li>Le tissu respirant garde vos pieds au frais<\/li>\n<li>Conception anatomique et languette au talon pour un ajustement antid\u00e9rapant<\/li>\n<li>Canaux d&#8217;a\u00e9ration innovants dans la semelle et zones d&#8217;a\u00e9ration dans la pointe pour une respirabilit\u00e9 optimale et un confort maximal<\/li>\n<li>Trait\u00e9 \u00e0 l&#8217;argent pour r\u00e9duire les odeurs d\u00e9sagr\u00e9ables et \u00e9liminer les bact\u00e9ries<\/li>\n<li>Garanti sans ampoules<\/li>\n<li>Absorption des chocs gr\u00e2ce au rembourrage anatomique parfaitement positionn\u00e9 dans le pied<\/li>\n<\/ul>\n<p><strong>Mat\u00e9riau :<\/strong> 84 % polyamide, 16 % \u00e9lasthanne<\/p>\n","protected":false},"excerpt":{"rendered":"<p>Les chaussettes Run Compression No Show de CEP 4.0 pour femmes font leur travail en coulisses : elles vous offrent un soutien invisible et un confort maximal. Gr\u00e2ce \u00e0 leur seconde peau, ces chaussettes de course invisibles ne glissent pas et leur m\u00e9lange de mat\u00e9riaux \u00e9prouv\u00e9 pr\u00e9vient les ampoules. La compression cibl\u00e9e au niveau de &hellip; <a href=\"https:\/\/www.miomiorun.com\/fr\/produit\/cep-no-show-socks-4-0-femme\/\">Continued<\/a><\/p>\n","protected":false},"featured_media":236030,"template":"","meta":{"_acf_changed":false,"inline_featured_image":false},"product_brand":[],"product_cat":[22597,22596,22595],"product_tag":[23469,23651],"class_list":{"0":"post-281592","1":"product","2":"type-product","3":"status-publish","4":"has-post-thumbnail","6":"product_cat-chaussettes","7":"product_cat-vetements-pour-femmes","8":"product_cat-femme","9":"product_tag-cep-fr","10":"product_tag-cep-femme","11":"pa_attivita-fitness-fr","12":"pa_attivita-marcher","13":"pa_attivita-running-fr","14":"pa_colore-no-show-socks-w-black-fr","15":"pa_marca-cep-fr","16":"pa_sesso-femme","17":"pa_size-34-37-fr","19":"first","20":"instock","21":"sale","22":"taxable","23":"shipping-taxable","24":"purchasable","25":"product-type-variable","26":"wvs-archive-product-wrapper"},"acf":[],"yoast_head":"<!-- This site is optimized with the Yoast SEO plugin v26.8 - https:\/\/yoast.com\/product\/yoast-seo-wordpress\/ -->\n<title>No Show Socks 4.0 femme - Chaussettes de course - MioMioRun<\/title>\n<meta name=\"description\" content=\"Les chaussettes Run Compression No Show CEP 4.0 pour femmes ne glissent pas et leur m\u00e9lange de mat\u00e9riaux \u00e9prouv\u00e9 pr\u00e9vient les ampoules.\" \/>\n<meta name=\"robots\" content=\"index, follow, max-snippet:-1, max-image-preview:large, max-video-preview:-1\" \/>\n<link rel=\"canonical\" href=\"https:\/\/www.miomiorun.com\/fr\/produit\/cep-no-show-socks-4-0-femme\/\" \/>\n<meta property=\"og:locale\" content=\"fr_FR\" \/>\n<meta property=\"og:type\" content=\"article\" \/>\n<meta property=\"og:title\" content=\"No Show Socks 4.0 femme - Chaussettes de course - MioMioRun\" \/>\n<meta property=\"og:description\" content=\"Les chaussettes Run Compression No Show CEP 4.0 pour femmes ne glissent pas et leur m\u00e9lange de mat\u00e9riaux \u00e9prouv\u00e9 pr\u00e9vient les ampoules.\" \/>\n<meta property=\"og:url\" content=\"https:\/\/www.miomiorun.com\/fr\/produit\/cep-no-show-socks-4-0-femme\/\" \/>\n<meta property=\"og:site_name\" content=\"MioMioRun\" \/>\n<meta property=\"article:publisher\" content=\"https:\/\/www.facebook.com\/miomiorun\/\" \/>\n<meta property=\"article:modified_time\" content=\"2025-09-26T07:43:34+00:00\" \/>\n<meta property=\"og:image\" content=\"https:\/\/www.miomiorun.com\/app\/uploads\/2022\/04\/cep-no-show-socks-v4-W-pink-WP264R.jpg\" \/>\n\t<meta property=\"og:image:width\" content=\"600\" \/>\n\t<meta property=\"og:image:height\" content=\"600\" \/>\n\t<meta property=\"og:image:type\" content=\"image\/jpeg\" \/>\n<meta name=\"twitter:card\" content=\"summary_large_image\" \/>\n<meta name=\"twitter:label1\" content=\"Est. reading time\" \/>\n\t<meta name=\"twitter:data1\" content=\"1 minute\" \/>\n<script type=\"application\/ld+json\" class=\"yoast-schema-graph\">{\"@context\":\"https:\/\/schema.org\",\"@graph\":[{\"@type\":\"WebPage\",\"@id\":\"https:\/\/www.miomiorun.com\/fr\/produit\/cep-no-show-socks-4-0-femme\/\",\"url\":\"https:\/\/www.miomiorun.com\/fr\/produit\/cep-no-show-socks-4-0-femme\/\",\"name\":\"No Show Socks 4.0 femme - Chaussettes de course - MioMioRun\",\"isPartOf\":{\"@id\":\"https:\/\/www.miomiorun.com\/fr\/#website\"},\"primaryImageOfPage\":{\"@id\":\"https:\/\/www.miomiorun.com\/fr\/produit\/cep-no-show-socks-4-0-femme\/#primaryimage\"},\"image\":{\"@id\":\"https:\/\/www.miomiorun.com\/fr\/produit\/cep-no-show-socks-4-0-femme\/#primaryimage\"},\"thumbnailUrl\":\"https:\/\/www.miomiorun.com\/app\/uploads\/2022\/04\/cep-no-show-socks-v4-W-pink-WP264R.jpg\",\"datePublished\":\"2022-04-05T09:46:51+00:00\",\"dateModified\":\"2025-09-26T07:43:34+00:00\",\"description\":\"Les chaussettes Run Compression No Show CEP 4.0 pour femmes ne glissent pas et leur m\u00e9lange de mat\u00e9riaux \u00e9prouv\u00e9 pr\u00e9vient les ampoules.\",\"breadcrumb\":{\"@id\":\"https:\/\/www.miomiorun.com\/fr\/produit\/cep-no-show-socks-4-0-femme\/#breadcrumb\"},\"inLanguage\":\"fr-FR\",\"potentialAction\":[{\"@type\":\"ReadAction\",\"target\":[\"https:\/\/www.miomiorun.com\/fr\/produit\/cep-no-show-socks-4-0-femme\/\"]}]},{\"@type\":\"ImageObject\",\"inLanguage\":\"fr-FR\",\"@id\":\"https:\/\/www.miomiorun.com\/fr\/produit\/cep-no-show-socks-4-0-femme\/#primaryimage\",\"url\":\"https:\/\/www.miomiorun.com\/app\/uploads\/2022\/04\/cep-no-show-socks-v4-W-pink-WP264R.jpg\",\"contentUrl\":\"https:\/\/www.miomiorun.com\/app\/uploads\/2022\/04\/cep-no-show-socks-v4-W-pink-WP264R.jpg\",\"width\":600,\"height\":600,\"caption\":\"cep-no-show-socks-v4-W-pink-WP264R\"},{\"@type\":\"BreadcrumbList\",\"@id\":\"https:\/\/www.miomiorun.com\/fr\/produit\/cep-no-show-socks-4-0-femme\/#breadcrumb\",\"itemListElement\":[{\"@type\":\"ListItem\",\"position\":1,\"name\":\"Home\",\"item\":\"https:\/\/www.miomiorun.com\/fr\/home-page\/\"},{\"@type\":\"ListItem\",\"position\":2,\"name\":\"Shop\",\"item\":\"https:\/\/www.miomiorun.com\/shop\/\"},{\"@type\":\"ListItem\",\"position\":3,\"name\":\"No Show Socks 4.0 femme\"}]},{\"@type\":\"WebSite\",\"@id\":\"https:\/\/www.miomiorun.com\/fr\/#website\",\"url\":\"https:\/\/www.miomiorun.com\/fr\/\",\"name\":\"MioMioRun\",\"description\":\"Boutique 100% running et trail\",\"publisher\":{\"@id\":\"https:\/\/www.miomiorun.com\/fr\/#organization\"},\"potentialAction\":[{\"@type\":\"SearchAction\",\"target\":{\"@type\":\"EntryPoint\",\"urlTemplate\":\"https:\/\/www.miomiorun.com\/fr\/?s={search_term_string}\"},\"query-input\":{\"@type\":\"PropertyValueSpecification\",\"valueRequired\":true,\"valueName\":\"search_term_string\"}}],\"inLanguage\":\"fr-FR\"},{\"@type\":\"Organization\",\"@id\":\"https:\/\/www.miomiorun.com\/fr\/#organization\",\"name\":\"MioMio Run\",\"url\":\"https:\/\/www.miomiorun.com\/fr\/\",\"logo\":{\"@type\":\"ImageObject\",\"inLanguage\":\"fr-FR\",\"@id\":\"https:\/\/www.miomiorun.com\/fr\/#\/schema\/logo\/image\/\",\"url\":\"https:\/\/www.miomiorun.com\/app\/uploads\/2019\/12\/logomio.png\",\"contentUrl\":\"https:\/\/www.miomiorun.com\/app\/uploads\/2019\/12\/logomio.png\",\"width\":115,\"height\":82,\"caption\":\"MioMio Run\"},\"image\":{\"@id\":\"https:\/\/www.miomiorun.com\/fr\/#\/schema\/logo\/image\/\"},\"sameAs\":[\"https:\/\/www.facebook.com\/miomiorun\/\",\"https:\/\/www.instagram.com\/miomiorun\/\"]}]}<\/script>\n<!-- \/ Yoast SEO plugin. -->","yoast_head_json":{"title":"No Show Socks 4.0 femme - Chaussettes de course - MioMioRun","description":"Les chaussettes Run Compression No Show CEP 4.0 pour femmes ne glissent pas et leur m\u00e9lange de mat\u00e9riaux \u00e9prouv\u00e9 pr\u00e9vient les ampoules.","robots":{"index":"index","follow":"follow","max-snippet":"max-snippet:-1","max-image-preview":"max-image-preview:large","max-video-preview":"max-video-preview:-1"},"canonical":"https:\/\/www.miomiorun.com\/fr\/produit\/cep-no-show-socks-4-0-femme\/","og_locale":"fr_FR","og_type":"article","og_title":"No Show Socks 4.0 femme - Chaussettes de course - MioMioRun","og_description":"Les chaussettes Run Compression No Show CEP 4.0 pour femmes ne glissent pas et leur m\u00e9lange de mat\u00e9riaux \u00e9prouv\u00e9 pr\u00e9vient les ampoules.","og_url":"https:\/\/www.miomiorun.com\/fr\/produit\/cep-no-show-socks-4-0-femme\/","og_site_name":"MioMioRun","article_publisher":"https:\/\/www.facebook.com\/miomiorun\/","article_modified_time":"2025-09-26T07:43:34+00:00","og_image":[{"width":600,"height":600,"url":"https:\/\/www.miomiorun.com\/app\/uploads\/2022\/04\/cep-no-show-socks-v4-W-pink-WP264R.jpg","type":"image\/jpeg"}],"twitter_card":"summary_large_image","twitter_misc":{"Est. reading time":"1 minute"},"schema":{"@context":"https:\/\/schema.org","@graph":[{"@type":"WebPage","@id":"https:\/\/www.miomiorun.com\/fr\/produit\/cep-no-show-socks-4-0-femme\/","url":"https:\/\/www.miomiorun.com\/fr\/produit\/cep-no-show-socks-4-0-femme\/","name":"No Show Socks 4.0 femme - Chaussettes de course - MioMioRun","isPartOf":{"@id":"https:\/\/www.miomiorun.com\/fr\/#website"},"primaryImageOfPage":{"@id":"https:\/\/www.miomiorun.com\/fr\/produit\/cep-no-show-socks-4-0-femme\/#primaryimage"},"image":{"@id":"https:\/\/www.miomiorun.com\/fr\/produit\/cep-no-show-socks-4-0-femme\/#primaryimage"},"thumbnailUrl":"https:\/\/www.miomiorun.com\/app\/uploads\/2022\/04\/cep-no-show-socks-v4-W-pink-WP264R.jpg","datePublished":"2022-04-05T09:46:51+00:00","dateModified":"2025-09-26T07:43:34+00:00","description":"Les chaussettes Run Compression No Show CEP 4.0 pour femmes ne glissent pas et leur m\u00e9lange de mat\u00e9riaux \u00e9prouv\u00e9 pr\u00e9vient les ampoules.","breadcrumb":{"@id":"https:\/\/www.miomiorun.com\/fr\/produit\/cep-no-show-socks-4-0-femme\/#breadcrumb"},"inLanguage":"fr-FR","potentialAction":[{"@type":"ReadAction","target":["https:\/\/www.miomiorun.com\/fr\/produit\/cep-no-show-socks-4-0-femme\/"]}]},{"@type":"ImageObject","inLanguage":"fr-FR","@id":"https:\/\/www.miomiorun.com\/fr\/produit\/cep-no-show-socks-4-0-femme\/#primaryimage","url":"https:\/\/www.miomiorun.com\/app\/uploads\/2022\/04\/cep-no-show-socks-v4-W-pink-WP264R.jpg","contentUrl":"https:\/\/www.miomiorun.com\/app\/uploads\/2022\/04\/cep-no-show-socks-v4-W-pink-WP264R.jpg","width":600,"height":600,"caption":"cep-no-show-socks-v4-W-pink-WP264R"},{"@type":"BreadcrumbList","@id":"https:\/\/www.miomiorun.com\/fr\/produit\/cep-no-show-socks-4-0-femme\/#breadcrumb","itemListElement":[{"@type":"ListItem","position":1,"name":"Home","item":"https:\/\/www.miomiorun.com\/fr\/home-page\/"},{"@type":"ListItem","position":2,"name":"Shop","item":"https:\/\/www.miomiorun.com\/shop\/"},{"@type":"ListItem","position":3,"name":"No Show Socks 4.0 femme"}]},{"@type":"WebSite","@id":"https:\/\/www.miomiorun.com\/fr\/#website","url":"https:\/\/www.miomiorun.com\/fr\/","name":"MioMioRun","description":"Boutique 100% running et trail","publisher":{"@id":"https:\/\/www.miomiorun.com\/fr\/#organization"},"potentialAction":[{"@type":"SearchAction","target":{"@type":"EntryPoint","urlTemplate":"https:\/\/www.miomiorun.com\/fr\/?s={search_term_string}"},"query-input":{"@type":"PropertyValueSpecification","valueRequired":true,"valueName":"search_term_string"}}],"inLanguage":"fr-FR"},{"@type":"Organization","@id":"https:\/\/www.miomiorun.com\/fr\/#organization","name":"MioMio Run","url":"https:\/\/www.miomiorun.com\/fr\/","logo":{"@type":"ImageObject","inLanguage":"fr-FR","@id":"https:\/\/www.miomiorun.com\/fr\/#\/schema\/logo\/image\/","url":"https:\/\/www.miomiorun.com\/app\/uploads\/2019\/12\/logomio.png","contentUrl":"https:\/\/www.miomiorun.com\/app\/uploads\/2019\/12\/logomio.png","width":115,"height":82,"caption":"MioMio Run"},"image":{"@id":"https:\/\/www.miomiorun.com\/fr\/#\/schema\/logo\/image\/"},"sameAs":["https:\/\/www.facebook.com\/miomiorun\/","https:\/\/www.instagram.com\/miomiorun\/"]}]}},"_links":{"self":[{"href":"https:\/\/www.miomiorun.com\/fr\/wp-json\/wp\/v2\/product\/281592","targetHints":{"allow":["GET"]}}],"collection":[{"href":"https:\/\/www.miomiorun.com\/fr\/wp-json\/wp\/v2\/product"}],"about":[{"href":"https:\/\/www.miomiorun.com\/fr\/wp-json\/wp\/v2\/types\/product"}],"wp:featuredmedia":[{"embeddable":true,"href":"https:\/\/www.miomiorun.com\/fr\/wp-json\/wp\/v2\/media\/236030"}],"wp:attachment":[{"href":"https:\/\/www.miomiorun.com\/fr\/wp-json\/wp\/v2\/media?parent=281592"}],"wp:term":[{"taxonomy":"product_brand","embeddable":true,"href":"https:\/\/www.miomiorun.com\/fr\/wp-json\/wp\/v2\/product_brand?post=281592"},{"taxonomy":"product_cat","embeddable":true,"href":"https:\/\/www.miomiorun.com\/fr\/wp-json\/wp\/v2\/product_cat?post=281592"},{"taxonomy":"product_tag","embeddable":true,"href":"https:\/\/www.miomiorun.com\/fr\/wp-json\/wp\/v2\/product_tag?post=281592"}],"curies":[{"name":"wp","href":"https:\/\/api.w.org\/{rel}","templated":true}]}}