{"id":281587,"date":"2022-04-05T12:12:02","date_gmt":"2022-04-05T10:12:02","guid":{"rendered":"https:\/\/miomiorun.com\/prodotto\/cep-run-mid-cut-4-0-donna\/"},"modified":"2025-09-26T09:46:42","modified_gmt":"2025-09-26T07:46:42","slug":"cep-run-mid-cut-4-0-femme","status":"publish","type":"product","link":"https:\/\/www.miomiorun.com\/fr\/produit\/cep-run-mid-cut-4-0-femme\/","title":{"rendered":"Mid Cut Socks 4.0 femme"},"content":{"rendered":"<p>Con\u00e7ues pour leur style et leurs performances, les chaussettes Run Mid Cut 4.0 pour femmes offrent un confort maximal pour am\u00e9liorer votre endurance et garder vos pieds en pleine forme pendant et apr\u00e8s l&#8217;entra\u00eenement. La compression cibl\u00e9e au niveau de la vo\u00fbte plantaire et de la cheville augmente la circulation sanguine et offre un excellent soutien pour pr\u00e9venir les blessures, r\u00e9duire le gonflement et soulager la douleur associ\u00e9e \u00e0 la fasciite plantaire et au tendon d&#8217;Achille. Cette hauteur polyvalente s&#8217;adapte \u00e0 tous les styles de chaussures ou de v\u00eatements, vous n&#8217;avez donc pas \u00e0 sacrifier le style au profit de la fonctionnalit\u00e9 !<\/p>\n<p><strong>Caract\u00e9ristiques :<\/strong><\/p>\n<ul>\n<li>&nbsp;Le tissu respirant garde vos pieds au frais.<\/li>\n<li>Stimulation sensorielle profonde des articulations pour une plus grande stabilit\u00e9, moins de blessures et un soulagement de la douleur.<\/li>\n<li>Canaux d&#8217;a\u00e9ration innovants dans la semelle et zones de ventilation dans la pointe pour une respirabilit\u00e9 optimale et un confort maximal. <\/li>\n<li>Trait\u00e9 \u00e0 l&#8217;argent pour r\u00e9duire les odeurs d\u00e9sagr\u00e9ables et \u00e9liminer les bact\u00e9ries.<\/li>\n<li>Garanti sans ampoules.<\/li>\n<li>Absorption des chocs gr\u00e2ce au rembourrage anatomique parfaitement positionn\u00e9 dans le pied.<\/li>\n<\/ul>\n<p data-open-accessibility-text-original=\"17px\"><strong>Niveau de compression :<\/strong>&nbsp;18-20 mmHg \u00e0 la cheville<\/p>\n<p><strong>Mat\u00e9riau :&nbsp;<\/strong>86 % polyamide, 14 % \u00e9lasthanne<\/p>\n","protected":false},"excerpt":{"rendered":"<p>Con\u00e7ues pour leur style et leurs performances, les chaussettes Run Mid Cut 4.0 pour femmes offrent un confort maximal pour am\u00e9liorer votre endurance et garder vos pieds en pleine forme pendant et apr\u00e8s l&#8217;entra\u00eenement. La compression cibl\u00e9e au niveau de la vo\u00fbte plantaire et de la cheville augmente la circulation sanguine et offre un excellent &hellip; <a href=\"https:\/\/www.miomiorun.com\/fr\/produit\/cep-run-mid-cut-4-0-femme\/\">Continued<\/a><\/p>\n","protected":false},"featured_media":236038,"template":"","meta":{"_acf_changed":false,"inline_featured_image":false},"product_brand":[],"product_cat":[22597,22596,22595],"product_tag":[23469,23651],"class_list":{"0":"post-281587","1":"product","2":"type-product","3":"status-publish","4":"has-post-thumbnail","6":"product_cat-chaussettes","7":"product_cat-vetements-pour-femmes","8":"product_cat-femme","9":"product_tag-cep-fr","10":"product_tag-cep-femme","11":"pa_attivita-marcher","12":"pa_attivita-running-fr","13":"pa_colore-mid-cut-v4-w-black-fr","14":"pa_colore-mid-cut-v4-w-pink-black-fr","15":"pa_marca-cep-fr","16":"pa_sesso-femme","17":"pa_size-37-40-fr","18":"pa_size-40-43-fr","20":"first","21":"instock","22":"sale","23":"taxable","24":"shipping-taxable","25":"purchasable","26":"product-type-variable","27":"wvs-archive-product-wrapper"},"acf":[],"yoast_head":"<!-- This site is optimized with the Yoast SEO plugin v26.8 - https:\/\/yoast.com\/product\/yoast-seo-wordpress\/ -->\n<title>Cep Mid Cut Socks 4.0 femme -Chaussettes de course- MioMioRun<\/title>\n<meta name=\"description\" content=\"Les Run Mid Cut 4.0 offrent un confort maximal pour am\u00e9liorer votre endurance et prendre soin de vos pieds pendant et apr\u00e8s l&#039;entra\u00eenement.\" \/>\n<meta name=\"robots\" content=\"index, follow, max-snippet:-1, max-image-preview:large, max-video-preview:-1\" \/>\n<link rel=\"canonical\" href=\"https:\/\/www.miomiorun.com\/fr\/produit\/cep-run-mid-cut-4-0-femme\/\" \/>\n<meta property=\"og:locale\" content=\"fr_FR\" \/>\n<meta property=\"og:type\" content=\"article\" \/>\n<meta property=\"og:title\" content=\"Cep Mid Cut Socks 4.0 femme -Chaussettes de course- MioMioRun\" \/>\n<meta property=\"og:description\" content=\"Les Run Mid Cut 4.0 offrent un confort maximal pour am\u00e9liorer votre endurance et prendre soin de vos pieds pendant et apr\u00e8s l&#039;entra\u00eenement.\" \/>\n<meta property=\"og:url\" content=\"https:\/\/www.miomiorun.com\/fr\/produit\/cep-run-mid-cut-4-0-femme\/\" \/>\n<meta property=\"og:site_name\" content=\"MioMioRun\" \/>\n<meta property=\"article:publisher\" content=\"https:\/\/www.facebook.com\/miomiorun\/\" \/>\n<meta property=\"article:modified_time\" content=\"2025-09-26T07:46:42+00:00\" \/>\n<meta property=\"og:image\" content=\"https:\/\/www.miomiorun.com\/app\/uploads\/2022\/04\/cep-mid-cut-v4-W-pink-black-WP2C4R.jpg\" \/>\n\t<meta property=\"og:image:width\" content=\"600\" \/>\n\t<meta property=\"og:image:height\" content=\"600\" \/>\n\t<meta property=\"og:image:type\" content=\"image\/jpeg\" \/>\n<meta name=\"twitter:card\" content=\"summary_large_image\" \/>\n<meta name=\"twitter:label1\" content=\"Est. reading time\" \/>\n\t<meta name=\"twitter:data1\" content=\"1 minute\" \/>\n<script type=\"application\/ld+json\" class=\"yoast-schema-graph\">{\"@context\":\"https:\/\/schema.org\",\"@graph\":[{\"@type\":\"WebPage\",\"@id\":\"https:\/\/www.miomiorun.com\/fr\/produit\/cep-run-mid-cut-4-0-femme\/\",\"url\":\"https:\/\/www.miomiorun.com\/fr\/produit\/cep-run-mid-cut-4-0-femme\/\",\"name\":\"Cep Mid Cut Socks 4.0 femme -Chaussettes de course- MioMioRun\",\"isPartOf\":{\"@id\":\"https:\/\/www.miomiorun.com\/fr\/#website\"},\"primaryImageOfPage\":{\"@id\":\"https:\/\/www.miomiorun.com\/fr\/produit\/cep-run-mid-cut-4-0-femme\/#primaryimage\"},\"image\":{\"@id\":\"https:\/\/www.miomiorun.com\/fr\/produit\/cep-run-mid-cut-4-0-femme\/#primaryimage\"},\"thumbnailUrl\":\"https:\/\/www.miomiorun.com\/app\/uploads\/2022\/04\/cep-mid-cut-v4-W-pink-black-WP2C4R.jpg\",\"datePublished\":\"2022-04-05T10:12:02+00:00\",\"dateModified\":\"2025-09-26T07:46:42+00:00\",\"description\":\"Les Run Mid Cut 4.0 offrent un confort maximal pour am\u00e9liorer votre endurance et prendre soin de vos pieds pendant et apr\u00e8s l'entra\u00eenement.\",\"breadcrumb\":{\"@id\":\"https:\/\/www.miomiorun.com\/fr\/produit\/cep-run-mid-cut-4-0-femme\/#breadcrumb\"},\"inLanguage\":\"fr-FR\",\"potentialAction\":[{\"@type\":\"ReadAction\",\"target\":[\"https:\/\/www.miomiorun.com\/fr\/produit\/cep-run-mid-cut-4-0-femme\/\"]}]},{\"@type\":\"ImageObject\",\"inLanguage\":\"fr-FR\",\"@id\":\"https:\/\/www.miomiorun.com\/fr\/produit\/cep-run-mid-cut-4-0-femme\/#primaryimage\",\"url\":\"https:\/\/www.miomiorun.com\/app\/uploads\/2022\/04\/cep-mid-cut-v4-W-pink-black-WP2C4R.jpg\",\"contentUrl\":\"https:\/\/www.miomiorun.com\/app\/uploads\/2022\/04\/cep-mid-cut-v4-W-pink-black-WP2C4R.jpg\",\"width\":600,\"height\":600,\"caption\":\"cep-mid-cut-v4-W-pink-black-WP2C4R\"},{\"@type\":\"BreadcrumbList\",\"@id\":\"https:\/\/www.miomiorun.com\/fr\/produit\/cep-run-mid-cut-4-0-femme\/#breadcrumb\",\"itemListElement\":[{\"@type\":\"ListItem\",\"position\":1,\"name\":\"Home\",\"item\":\"https:\/\/www.miomiorun.com\/fr\/home-page\/\"},{\"@type\":\"ListItem\",\"position\":2,\"name\":\"Shop\",\"item\":\"https:\/\/www.miomiorun.com\/shop\/\"},{\"@type\":\"ListItem\",\"position\":3,\"name\":\"Mid Cut Socks 4.0 femme\"}]},{\"@type\":\"WebSite\",\"@id\":\"https:\/\/www.miomiorun.com\/fr\/#website\",\"url\":\"https:\/\/www.miomiorun.com\/fr\/\",\"name\":\"MioMioRun\",\"description\":\"Boutique 100% running et trail\",\"publisher\":{\"@id\":\"https:\/\/www.miomiorun.com\/fr\/#organization\"},\"potentialAction\":[{\"@type\":\"SearchAction\",\"target\":{\"@type\":\"EntryPoint\",\"urlTemplate\":\"https:\/\/www.miomiorun.com\/fr\/?s={search_term_string}\"},\"query-input\":{\"@type\":\"PropertyValueSpecification\",\"valueRequired\":true,\"valueName\":\"search_term_string\"}}],\"inLanguage\":\"fr-FR\"},{\"@type\":\"Organization\",\"@id\":\"https:\/\/www.miomiorun.com\/fr\/#organization\",\"name\":\"MioMio Run\",\"url\":\"https:\/\/www.miomiorun.com\/fr\/\",\"logo\":{\"@type\":\"ImageObject\",\"inLanguage\":\"fr-FR\",\"@id\":\"https:\/\/www.miomiorun.com\/fr\/#\/schema\/logo\/image\/\",\"url\":\"https:\/\/www.miomiorun.com\/app\/uploads\/2019\/12\/logomio.png\",\"contentUrl\":\"https:\/\/www.miomiorun.com\/app\/uploads\/2019\/12\/logomio.png\",\"width\":115,\"height\":82,\"caption\":\"MioMio Run\"},\"image\":{\"@id\":\"https:\/\/www.miomiorun.com\/fr\/#\/schema\/logo\/image\/\"},\"sameAs\":[\"https:\/\/www.facebook.com\/miomiorun\/\",\"https:\/\/www.instagram.com\/miomiorun\/\"]}]}<\/script>\n<!-- \/ Yoast SEO plugin. -->","yoast_head_json":{"title":"Cep Mid Cut Socks 4.0 femme -Chaussettes de course- MioMioRun","description":"Les Run Mid Cut 4.0 offrent un confort maximal pour am\u00e9liorer votre endurance et prendre soin de vos pieds pendant et apr\u00e8s l'entra\u00eenement.","robots":{"index":"index","follow":"follow","max-snippet":"max-snippet:-1","max-image-preview":"max-image-preview:large","max-video-preview":"max-video-preview:-1"},"canonical":"https:\/\/www.miomiorun.com\/fr\/produit\/cep-run-mid-cut-4-0-femme\/","og_locale":"fr_FR","og_type":"article","og_title":"Cep Mid Cut Socks 4.0 femme -Chaussettes de course- MioMioRun","og_description":"Les Run Mid Cut 4.0 offrent un confort maximal pour am\u00e9liorer votre endurance et prendre soin de vos pieds pendant et apr\u00e8s l'entra\u00eenement.","og_url":"https:\/\/www.miomiorun.com\/fr\/produit\/cep-run-mid-cut-4-0-femme\/","og_site_name":"MioMioRun","article_publisher":"https:\/\/www.facebook.com\/miomiorun\/","article_modified_time":"2025-09-26T07:46:42+00:00","og_image":[{"width":600,"height":600,"url":"https:\/\/www.miomiorun.com\/app\/uploads\/2022\/04\/cep-mid-cut-v4-W-pink-black-WP2C4R.jpg","type":"image\/jpeg"}],"twitter_card":"summary_large_image","twitter_misc":{"Est. reading time":"1 minute"},"schema":{"@context":"https:\/\/schema.org","@graph":[{"@type":"WebPage","@id":"https:\/\/www.miomiorun.com\/fr\/produit\/cep-run-mid-cut-4-0-femme\/","url":"https:\/\/www.miomiorun.com\/fr\/produit\/cep-run-mid-cut-4-0-femme\/","name":"Cep Mid Cut Socks 4.0 femme -Chaussettes de course- MioMioRun","isPartOf":{"@id":"https:\/\/www.miomiorun.com\/fr\/#website"},"primaryImageOfPage":{"@id":"https:\/\/www.miomiorun.com\/fr\/produit\/cep-run-mid-cut-4-0-femme\/#primaryimage"},"image":{"@id":"https:\/\/www.miomiorun.com\/fr\/produit\/cep-run-mid-cut-4-0-femme\/#primaryimage"},"thumbnailUrl":"https:\/\/www.miomiorun.com\/app\/uploads\/2022\/04\/cep-mid-cut-v4-W-pink-black-WP2C4R.jpg","datePublished":"2022-04-05T10:12:02+00:00","dateModified":"2025-09-26T07:46:42+00:00","description":"Les Run Mid Cut 4.0 offrent un confort maximal pour am\u00e9liorer votre endurance et prendre soin de vos pieds pendant et apr\u00e8s l'entra\u00eenement.","breadcrumb":{"@id":"https:\/\/www.miomiorun.com\/fr\/produit\/cep-run-mid-cut-4-0-femme\/#breadcrumb"},"inLanguage":"fr-FR","potentialAction":[{"@type":"ReadAction","target":["https:\/\/www.miomiorun.com\/fr\/produit\/cep-run-mid-cut-4-0-femme\/"]}]},{"@type":"ImageObject","inLanguage":"fr-FR","@id":"https:\/\/www.miomiorun.com\/fr\/produit\/cep-run-mid-cut-4-0-femme\/#primaryimage","url":"https:\/\/www.miomiorun.com\/app\/uploads\/2022\/04\/cep-mid-cut-v4-W-pink-black-WP2C4R.jpg","contentUrl":"https:\/\/www.miomiorun.com\/app\/uploads\/2022\/04\/cep-mid-cut-v4-W-pink-black-WP2C4R.jpg","width":600,"height":600,"caption":"cep-mid-cut-v4-W-pink-black-WP2C4R"},{"@type":"BreadcrumbList","@id":"https:\/\/www.miomiorun.com\/fr\/produit\/cep-run-mid-cut-4-0-femme\/#breadcrumb","itemListElement":[{"@type":"ListItem","position":1,"name":"Home","item":"https:\/\/www.miomiorun.com\/fr\/home-page\/"},{"@type":"ListItem","position":2,"name":"Shop","item":"https:\/\/www.miomiorun.com\/shop\/"},{"@type":"ListItem","position":3,"name":"Mid Cut Socks 4.0 femme"}]},{"@type":"WebSite","@id":"https:\/\/www.miomiorun.com\/fr\/#website","url":"https:\/\/www.miomiorun.com\/fr\/","name":"MioMioRun","description":"Boutique 100% running et trail","publisher":{"@id":"https:\/\/www.miomiorun.com\/fr\/#organization"},"potentialAction":[{"@type":"SearchAction","target":{"@type":"EntryPoint","urlTemplate":"https:\/\/www.miomiorun.com\/fr\/?s={search_term_string}"},"query-input":{"@type":"PropertyValueSpecification","valueRequired":true,"valueName":"search_term_string"}}],"inLanguage":"fr-FR"},{"@type":"Organization","@id":"https:\/\/www.miomiorun.com\/fr\/#organization","name":"MioMio Run","url":"https:\/\/www.miomiorun.com\/fr\/","logo":{"@type":"ImageObject","inLanguage":"fr-FR","@id":"https:\/\/www.miomiorun.com\/fr\/#\/schema\/logo\/image\/","url":"https:\/\/www.miomiorun.com\/app\/uploads\/2019\/12\/logomio.png","contentUrl":"https:\/\/www.miomiorun.com\/app\/uploads\/2019\/12\/logomio.png","width":115,"height":82,"caption":"MioMio Run"},"image":{"@id":"https:\/\/www.miomiorun.com\/fr\/#\/schema\/logo\/image\/"},"sameAs":["https:\/\/www.facebook.com\/miomiorun\/","https:\/\/www.instagram.com\/miomiorun\/"]}]}},"_links":{"self":[{"href":"https:\/\/www.miomiorun.com\/fr\/wp-json\/wp\/v2\/product\/281587","targetHints":{"allow":["GET"]}}],"collection":[{"href":"https:\/\/www.miomiorun.com\/fr\/wp-json\/wp\/v2\/product"}],"about":[{"href":"https:\/\/www.miomiorun.com\/fr\/wp-json\/wp\/v2\/types\/product"}],"wp:featuredmedia":[{"embeddable":true,"href":"https:\/\/www.miomiorun.com\/fr\/wp-json\/wp\/v2\/media\/236038"}],"wp:attachment":[{"href":"https:\/\/www.miomiorun.com\/fr\/wp-json\/wp\/v2\/media?parent=281587"}],"wp:term":[{"taxonomy":"product_brand","embeddable":true,"href":"https:\/\/www.miomiorun.com\/fr\/wp-json\/wp\/v2\/product_brand?post=281587"},{"taxonomy":"product_cat","embeddable":true,"href":"https:\/\/www.miomiorun.com\/fr\/wp-json\/wp\/v2\/product_cat?post=281587"},{"taxonomy":"product_tag","embeddable":true,"href":"https:\/\/www.miomiorun.com\/fr\/wp-json\/wp\/v2\/product_tag?post=281587"}],"curies":[{"name":"wp","href":"https:\/\/api.w.org\/{rel}","templated":true}]}}