{"id":281546,"date":"2022-04-06T10:46:52","date_gmt":"2022-04-06T08:46:52","guid":{"rendered":"https:\/\/miomiorun.com\/prodotto\/cep-mid-cut-socks-4-0-uomo\/"},"modified":"2025-09-26T09:48:10","modified_gmt":"2025-09-26T07:48:10","slug":"cep-mid-cut-socks-4-0-homme","status":"publish","type":"product","link":"https:\/\/www.miomiorun.com\/fr\/produit\/cep-mid-cut-socks-4-0-homme\/","title":{"rendered":"Mid Cut  Socks 4.0 homme"},"content":{"rendered":"<div class=\"tab-left\">\n<div class=\"tab-description\">\n<p>Longueur moyenne, contr\u00f4le total : avec les chaussettes The Run Compression <strong>Mid Cut Socks 4.0<\/strong> pour homme, profitez des avantages de chaussettes de course id\u00e9ales pour vos courses sur sentier, sable ou autres terrains accident\u00e9s. Les chaussettes de course \u00e0 pied de longueur moyenne sont d\u00e9sormais quatre centim\u00e8tres plus longues que les anciennes chaussettes courtes. La diff\u00e9rence se fait sentir lorsque vous courez sur des sentiers non goudronn\u00e9s : votre foul\u00e9e b\u00e9n\u00e9ficie d&#8217;une plus grande stabilit\u00e9 et d&#8217;un meilleur soutien gr\u00e2ce \u00e0 la compression moyenne qui enveloppe l&#8217;appareil moteur de votre cheville. Profitez \u00e9galement d&#8217;autres avantages sophistiqu\u00e9s, tels que les zones de ventilation pour une gestion optimale du climat \u00e0 l&#8217;int\u00e9rieur de la chaussure.<\/p>\n<h4>Plus de stabilit\u00e9 et moins de blessures<\/h4>\n<p>Les chaussettes de course stimulantes pour hommes tiennent leurs promesses : la compression moyenne int\u00e9gr\u00e9e g\u00e9n\u00e8re une pression agr\u00e9able qui stabilise et renforce vos articulations. Elle am\u00e9liore \u00e9galement votre perception des muscles et des articulations, ce qui se traduit par une plus grande s\u00e9curit\u00e9 dans la foul\u00e9e.<\/p>\n<h4>Climat optimal pour les pieds dans la chaussure<\/h4>\n<p>Les chaussettes de course \u00e0 compression mi-hautes pour hommes disposent de diverses fonctions de ventilation pour garantir le bien-\u00eatre de vos pieds, gr\u00e2ce \u00e0 des canaux d&#8217;air sur le pied et des zones ventil\u00e9es au-dessus de la mall\u00e9ole. La structure du mat\u00e9riau similaire \u00e0 une maille assure une bonne ventilation \u00e0 l&#8217;int\u00e9rieur de vos chaussures de course.<\/p>\n<h4>Excellent confort sans ampoules<\/h4>\n<p>Adieu les ampoules. Les chaussettes de course mi-hautes pour hommes s&#8217;ajustent comme une seconde peau et ne font pas de plis gr\u00e2ce \u00e0 leur coupe anatomique. Peu importe l&#8217;irr\u00e9gularit\u00e9 du terrain : les rembourrages plac\u00e9s de mani\u00e8re optimale amortissent vos foul\u00e9es et prot\u00e8gent vos articulations.<\/p>\n<h2>Caract\u00e9ristiques :<\/h2>\n<ul class=\"selling-points\">\n<li>Les chaussettes de course mi-hautes stimulent vos articulations en profondeur, stabilisent votre foul\u00e9e et r\u00e9duisent les blessures.<\/li>\n<li>La compression moyenne qui s&#8217;ajuste sans former de plis et le m\u00e9lange innovant de mat\u00e9riaux pr\u00e9viennent l&#8217;apparition d&#8217;ampoules.<\/li>\n<li>Les rembourrages respirants au niveau du pied amortissent efficacement les chocs et offrent un climat agr\u00e9able, prot\u00e9geant ainsi vos articulations.<\/li>\n<\/ul>\n<p><strong>Mat\u00e9riau :&nbsp;<\/strong>86 % polyamide, 14 % \u00e9lasthanne.<\/p>\n<\/div>\n<\/div>\n<div class=\"tab-quality-label product-attribute-icon-wrapper clearfix\"><\/div>\n","protected":false},"excerpt":{"rendered":"<p>Longueur moyenne, contr\u00f4le total : avec les chaussettes The Run Compression Mid Cut Socks 4.0 pour homme, profitez des avantages de chaussettes de course id\u00e9ales pour vos courses sur sentier, sable ou autres terrains accident\u00e9s. Les chaussettes de course \u00e0 pied de longueur moyenne sont d\u00e9sormais quatre centim\u00e8tres plus longues que les anciennes chaussettes courtes. &hellip; <a href=\"https:\/\/www.miomiorun.com\/fr\/produit\/cep-mid-cut-socks-4-0-homme\/\">Continued<\/a><\/p>\n","protected":false},"featured_media":233593,"template":"","meta":{"_acf_changed":false,"inline_featured_image":false},"product_brand":[],"product_cat":[24256,24482,24484],"product_tag":[23469,23649],"class_list":{"0":"post-281546","1":"product","2":"type-product","3":"status-publish","4":"has-post-thumbnail","6":"product_cat-chaussettes-fr","7":"product_cat-vetements-pour-hommes-fr","8":"product_cat-homme","9":"product_tag-cep-fr","10":"product_tag-cep-homme","11":"pa_attivita-marcher","12":"pa_attivita-running-fr","13":"pa_colore-mid-cut-socks-v4-pink-fr","14":"pa_marca-cep-fr","15":"pa_sesso-homme","16":"pa_size-39-42-fr","18":"first","19":"instock","20":"sale","21":"taxable","22":"shipping-taxable","23":"purchasable","24":"product-type-variable","25":"wvs-archive-product-wrapper"},"acf":[],"yoast_head":"<!-- This site is optimized with the Yoast SEO plugin v26.8 - https:\/\/yoast.com\/product\/yoast-seo-wordpress\/ -->\n<title>Cep Mid Cut Socks 4.0 homme -Chaussettes de course- MioMioRun.com<\/title>\n<meta name=\"description\" content=\"Les chaussettes mi-hautes pour homme sont dot\u00e9es de plusieurs fonctions de ventilation afin de garantir le bien-\u00eatre de vos pieds.\" \/>\n<meta name=\"robots\" content=\"index, follow, max-snippet:-1, max-image-preview:large, max-video-preview:-1\" \/>\n<link rel=\"canonical\" href=\"https:\/\/www.miomiorun.com\/fr\/produit\/cep-mid-cut-socks-4-0-homme\/\" \/>\n<meta property=\"og:locale\" content=\"fr_FR\" \/>\n<meta property=\"og:type\" content=\"article\" \/>\n<meta property=\"og:title\" content=\"Cep Mid Cut Socks 4.0 homme -Chaussettes de course- MioMioRun.com\" \/>\n<meta property=\"og:description\" content=\"Les chaussettes mi-hautes pour homme sont dot\u00e9es de plusieurs fonctions de ventilation afin de garantir le bien-\u00eatre de vos pieds.\" \/>\n<meta property=\"og:url\" content=\"https:\/\/www.miomiorun.com\/fr\/produit\/cep-mid-cut-socks-4-0-homme\/\" \/>\n<meta property=\"og:site_name\" content=\"MioMioRun\" \/>\n<meta property=\"article:publisher\" content=\"https:\/\/www.facebook.com\/miomiorun\/\" \/>\n<meta property=\"article:modified_time\" content=\"2025-09-26T07:48:10+00:00\" \/>\n<meta property=\"og:image\" content=\"https:\/\/www.miomiorun.com\/app\/uploads\/2021\/10\/cep-Animal-mid-cut-WP3CBD.jpg\" \/>\n\t<meta property=\"og:image:width\" content=\"600\" \/>\n\t<meta property=\"og:image:height\" content=\"600\" \/>\n\t<meta property=\"og:image:type\" content=\"image\/jpeg\" \/>\n<meta name=\"twitter:card\" content=\"summary_large_image\" \/>\n<meta name=\"twitter:label1\" content=\"Est. reading time\" \/>\n\t<meta name=\"twitter:data1\" content=\"2 minutes\" \/>\n<script type=\"application\/ld+json\" class=\"yoast-schema-graph\">{\"@context\":\"https:\/\/schema.org\",\"@graph\":[{\"@type\":\"WebPage\",\"@id\":\"https:\/\/www.miomiorun.com\/fr\/produit\/cep-mid-cut-socks-4-0-homme\/\",\"url\":\"https:\/\/www.miomiorun.com\/fr\/produit\/cep-mid-cut-socks-4-0-homme\/\",\"name\":\"Cep Mid Cut Socks 4.0 homme -Chaussettes de course- MioMioRun.com\",\"isPartOf\":{\"@id\":\"https:\/\/www.miomiorun.com\/fr\/#website\"},\"primaryImageOfPage\":{\"@id\":\"https:\/\/www.miomiorun.com\/fr\/produit\/cep-mid-cut-socks-4-0-homme\/#primaryimage\"},\"image\":{\"@id\":\"https:\/\/www.miomiorun.com\/fr\/produit\/cep-mid-cut-socks-4-0-homme\/#primaryimage\"},\"thumbnailUrl\":\"https:\/\/www.miomiorun.com\/app\/uploads\/2021\/10\/cep-Animal-mid-cut-WP3CBD.jpg\",\"datePublished\":\"2022-04-06T08:46:52+00:00\",\"dateModified\":\"2025-09-26T07:48:10+00:00\",\"description\":\"Les chaussettes mi-hautes pour homme sont dot\u00e9es de plusieurs fonctions de ventilation afin de garantir le bien-\u00eatre de vos pieds.\",\"breadcrumb\":{\"@id\":\"https:\/\/www.miomiorun.com\/fr\/produit\/cep-mid-cut-socks-4-0-homme\/#breadcrumb\"},\"inLanguage\":\"fr-FR\",\"potentialAction\":[{\"@type\":\"ReadAction\",\"target\":[\"https:\/\/www.miomiorun.com\/fr\/produit\/cep-mid-cut-socks-4-0-homme\/\"]}]},{\"@type\":\"ImageObject\",\"inLanguage\":\"fr-FR\",\"@id\":\"https:\/\/www.miomiorun.com\/fr\/produit\/cep-mid-cut-socks-4-0-homme\/#primaryimage\",\"url\":\"https:\/\/www.miomiorun.com\/app\/uploads\/2021\/10\/cep-Animal-mid-cut-WP3CBD.jpg\",\"contentUrl\":\"https:\/\/www.miomiorun.com\/app\/uploads\/2021\/10\/cep-Animal-mid-cut-WP3CBD.jpg\",\"width\":600,\"height\":600,\"caption\":\"cep-Animal-mid-cut-WP3CBD\"},{\"@type\":\"BreadcrumbList\",\"@id\":\"https:\/\/www.miomiorun.com\/fr\/produit\/cep-mid-cut-socks-4-0-homme\/#breadcrumb\",\"itemListElement\":[{\"@type\":\"ListItem\",\"position\":1,\"name\":\"Home\",\"item\":\"https:\/\/www.miomiorun.com\/fr\/home-page\/\"},{\"@type\":\"ListItem\",\"position\":2,\"name\":\"Shop\",\"item\":\"https:\/\/www.miomiorun.com\/shop\/\"},{\"@type\":\"ListItem\",\"position\":3,\"name\":\"Mid Cut Socks 4.0 homme\"}]},{\"@type\":\"WebSite\",\"@id\":\"https:\/\/www.miomiorun.com\/fr\/#website\",\"url\":\"https:\/\/www.miomiorun.com\/fr\/\",\"name\":\"MioMioRun\",\"description\":\"Boutique 100% running et trail\",\"publisher\":{\"@id\":\"https:\/\/www.miomiorun.com\/fr\/#organization\"},\"potentialAction\":[{\"@type\":\"SearchAction\",\"target\":{\"@type\":\"EntryPoint\",\"urlTemplate\":\"https:\/\/www.miomiorun.com\/fr\/?s={search_term_string}\"},\"query-input\":{\"@type\":\"PropertyValueSpecification\",\"valueRequired\":true,\"valueName\":\"search_term_string\"}}],\"inLanguage\":\"fr-FR\"},{\"@type\":\"Organization\",\"@id\":\"https:\/\/www.miomiorun.com\/fr\/#organization\",\"name\":\"MioMio Run\",\"url\":\"https:\/\/www.miomiorun.com\/fr\/\",\"logo\":{\"@type\":\"ImageObject\",\"inLanguage\":\"fr-FR\",\"@id\":\"https:\/\/www.miomiorun.com\/fr\/#\/schema\/logo\/image\/\",\"url\":\"https:\/\/www.miomiorun.com\/app\/uploads\/2019\/12\/logomio.png\",\"contentUrl\":\"https:\/\/www.miomiorun.com\/app\/uploads\/2019\/12\/logomio.png\",\"width\":115,\"height\":82,\"caption\":\"MioMio Run\"},\"image\":{\"@id\":\"https:\/\/www.miomiorun.com\/fr\/#\/schema\/logo\/image\/\"},\"sameAs\":[\"https:\/\/www.facebook.com\/miomiorun\/\",\"https:\/\/www.instagram.com\/miomiorun\/\"]}]}<\/script>\n<!-- \/ Yoast SEO plugin. -->","yoast_head_json":{"title":"Cep Mid Cut Socks 4.0 homme -Chaussettes de course- MioMioRun.com","description":"Les chaussettes mi-hautes pour homme sont dot\u00e9es de plusieurs fonctions de ventilation afin de garantir le bien-\u00eatre de vos pieds.","robots":{"index":"index","follow":"follow","max-snippet":"max-snippet:-1","max-image-preview":"max-image-preview:large","max-video-preview":"max-video-preview:-1"},"canonical":"https:\/\/www.miomiorun.com\/fr\/produit\/cep-mid-cut-socks-4-0-homme\/","og_locale":"fr_FR","og_type":"article","og_title":"Cep Mid Cut Socks 4.0 homme -Chaussettes de course- MioMioRun.com","og_description":"Les chaussettes mi-hautes pour homme sont dot\u00e9es de plusieurs fonctions de ventilation afin de garantir le bien-\u00eatre de vos pieds.","og_url":"https:\/\/www.miomiorun.com\/fr\/produit\/cep-mid-cut-socks-4-0-homme\/","og_site_name":"MioMioRun","article_publisher":"https:\/\/www.facebook.com\/miomiorun\/","article_modified_time":"2025-09-26T07:48:10+00:00","og_image":[{"width":600,"height":600,"url":"https:\/\/www.miomiorun.com\/app\/uploads\/2021\/10\/cep-Animal-mid-cut-WP3CBD.jpg","type":"image\/jpeg"}],"twitter_card":"summary_large_image","twitter_misc":{"Est. reading time":"2 minutes"},"schema":{"@context":"https:\/\/schema.org","@graph":[{"@type":"WebPage","@id":"https:\/\/www.miomiorun.com\/fr\/produit\/cep-mid-cut-socks-4-0-homme\/","url":"https:\/\/www.miomiorun.com\/fr\/produit\/cep-mid-cut-socks-4-0-homme\/","name":"Cep Mid Cut Socks 4.0 homme -Chaussettes de course- MioMioRun.com","isPartOf":{"@id":"https:\/\/www.miomiorun.com\/fr\/#website"},"primaryImageOfPage":{"@id":"https:\/\/www.miomiorun.com\/fr\/produit\/cep-mid-cut-socks-4-0-homme\/#primaryimage"},"image":{"@id":"https:\/\/www.miomiorun.com\/fr\/produit\/cep-mid-cut-socks-4-0-homme\/#primaryimage"},"thumbnailUrl":"https:\/\/www.miomiorun.com\/app\/uploads\/2021\/10\/cep-Animal-mid-cut-WP3CBD.jpg","datePublished":"2022-04-06T08:46:52+00:00","dateModified":"2025-09-26T07:48:10+00:00","description":"Les chaussettes mi-hautes pour homme sont dot\u00e9es de plusieurs fonctions de ventilation afin de garantir le bien-\u00eatre de vos pieds.","breadcrumb":{"@id":"https:\/\/www.miomiorun.com\/fr\/produit\/cep-mid-cut-socks-4-0-homme\/#breadcrumb"},"inLanguage":"fr-FR","potentialAction":[{"@type":"ReadAction","target":["https:\/\/www.miomiorun.com\/fr\/produit\/cep-mid-cut-socks-4-0-homme\/"]}]},{"@type":"ImageObject","inLanguage":"fr-FR","@id":"https:\/\/www.miomiorun.com\/fr\/produit\/cep-mid-cut-socks-4-0-homme\/#primaryimage","url":"https:\/\/www.miomiorun.com\/app\/uploads\/2021\/10\/cep-Animal-mid-cut-WP3CBD.jpg","contentUrl":"https:\/\/www.miomiorun.com\/app\/uploads\/2021\/10\/cep-Animal-mid-cut-WP3CBD.jpg","width":600,"height":600,"caption":"cep-Animal-mid-cut-WP3CBD"},{"@type":"BreadcrumbList","@id":"https:\/\/www.miomiorun.com\/fr\/produit\/cep-mid-cut-socks-4-0-homme\/#breadcrumb","itemListElement":[{"@type":"ListItem","position":1,"name":"Home","item":"https:\/\/www.miomiorun.com\/fr\/home-page\/"},{"@type":"ListItem","position":2,"name":"Shop","item":"https:\/\/www.miomiorun.com\/shop\/"},{"@type":"ListItem","position":3,"name":"Mid Cut Socks 4.0 homme"}]},{"@type":"WebSite","@id":"https:\/\/www.miomiorun.com\/fr\/#website","url":"https:\/\/www.miomiorun.com\/fr\/","name":"MioMioRun","description":"Boutique 100% running et trail","publisher":{"@id":"https:\/\/www.miomiorun.com\/fr\/#organization"},"potentialAction":[{"@type":"SearchAction","target":{"@type":"EntryPoint","urlTemplate":"https:\/\/www.miomiorun.com\/fr\/?s={search_term_string}"},"query-input":{"@type":"PropertyValueSpecification","valueRequired":true,"valueName":"search_term_string"}}],"inLanguage":"fr-FR"},{"@type":"Organization","@id":"https:\/\/www.miomiorun.com\/fr\/#organization","name":"MioMio Run","url":"https:\/\/www.miomiorun.com\/fr\/","logo":{"@type":"ImageObject","inLanguage":"fr-FR","@id":"https:\/\/www.miomiorun.com\/fr\/#\/schema\/logo\/image\/","url":"https:\/\/www.miomiorun.com\/app\/uploads\/2019\/12\/logomio.png","contentUrl":"https:\/\/www.miomiorun.com\/app\/uploads\/2019\/12\/logomio.png","width":115,"height":82,"caption":"MioMio Run"},"image":{"@id":"https:\/\/www.miomiorun.com\/fr\/#\/schema\/logo\/image\/"},"sameAs":["https:\/\/www.facebook.com\/miomiorun\/","https:\/\/www.instagram.com\/miomiorun\/"]}]}},"_links":{"self":[{"href":"https:\/\/www.miomiorun.com\/fr\/wp-json\/wp\/v2\/product\/281546","targetHints":{"allow":["GET"]}}],"collection":[{"href":"https:\/\/www.miomiorun.com\/fr\/wp-json\/wp\/v2\/product"}],"about":[{"href":"https:\/\/www.miomiorun.com\/fr\/wp-json\/wp\/v2\/types\/product"}],"wp:featuredmedia":[{"embeddable":true,"href":"https:\/\/www.miomiorun.com\/fr\/wp-json\/wp\/v2\/media\/233593"}],"wp:attachment":[{"href":"https:\/\/www.miomiorun.com\/fr\/wp-json\/wp\/v2\/media?parent=281546"}],"wp:term":[{"taxonomy":"product_brand","embeddable":true,"href":"https:\/\/www.miomiorun.com\/fr\/wp-json\/wp\/v2\/product_brand?post=281546"},{"taxonomy":"product_cat","embeddable":true,"href":"https:\/\/www.miomiorun.com\/fr\/wp-json\/wp\/v2\/product_cat?post=281546"},{"taxonomy":"product_tag","embeddable":true,"href":"https:\/\/www.miomiorun.com\/fr\/wp-json\/wp\/v2\/product_tag?post=281546"}],"curies":[{"name":"wp","href":"https:\/\/api.w.org\/{rel}","templated":true}]}}