{"id":281532,"date":"2022-04-06T10:59:04","date_gmt":"2022-04-06T08:59:04","guid":{"rendered":"https:\/\/miomiorun.com\/prodotto\/cep-camocloud-mid-cut-donna\/"},"modified":"2025-09-26T09:51:34","modified_gmt":"2025-09-26T07:51:34","slug":"cep-camocloud-mid-cut-femme","status":"publish","type":"product","link":"https:\/\/www.miomiorun.com\/fr\/produit\/cep-camocloud-mid-cut-femme\/","title":{"rendered":"Camocloud Mid Cut femme"},"content":{"rendered":"<p>Les nouvelles <strong>Camocloud Mid Cut Socks<\/strong> pour femmes s\u00e9duisent par leur look camouflage, leur compression efficace et leur confort agr\u00e9able. Courez de mani\u00e8re stable et en toute s\u00e9curit\u00e9. Elles pr\u00e9sentent \u00e9galement d&#8217;autres avantages, comme un risque r\u00e9duit de formation d&#8217;ampoules.<\/p>\n<h4>Courez en toute s\u00e9curit\u00e9 gr\u00e2ce \u00e0 l&#8217;effet stabilisateur de la compression<\/h4>\n<p>Avec ces chaussettes Camocloud Mid Cut Socks pour hommes, la compression moyenne stimule en profondeur les articulations. Il en r\u00e9sulte une plus grande stabilit\u00e9 et une meilleure libert\u00e9 de mouvement. Courez en toute s\u00e9curit\u00e9, m\u00eame sur des terrains accident\u00e9s. De plus, la compression active garantit un maintien s\u00fbr et des pieds plus l\u00e9gers.<\/p>\n<h4>Une coupe ajust\u00e9e pour courir en toute tranquillit\u00e9 sans ampoules<\/h4>\n<p>Les chaussettes Camocloud Mid Cut Socks \u00e9vitent la formation d&#8217;ampoules gr\u00e2ce \u00e0 leur ajustement parfait sans plis et \u00e0 leur m\u00e9lange de mat\u00e9riaux renomm\u00e9. Ceux-ci r\u00e9duisent les frottements sur le pied, principale cause des ampoules. De plus, de nouveaux canaux d&#8217;a\u00e9ration garantissent une ventilation optimale et un climat exceptionnel pour les pieds. Avoir les pieds au sec est non seulement agr\u00e9able, mais r\u00e9duit \u00e9galement le risque de formation d&#8217;ampoules.<\/p>\n<h4>Confort parfait gr\u00e2ce aux zones rembourr\u00e9es int\u00e9gr\u00e9es<\/h4>\n<p>De plus, les chaussettes Camocloud Mid Cut Socks pour hommes sont dot\u00e9es de zones rembourr\u00e9es positionn\u00e9es de mani\u00e8re anatomique. Le rembourrage adapt\u00e9 prot\u00e8ge vos pas et rend la course encore plus confortable.<\/p>\n<p>Design camouflage, course ultra confortable et stabilit\u00e9 accrue : profitez pleinement de votre course avec les chaussettes Camocloud Mid Cut Socks pour hommes. Commandez-les d\u00e8s maintenant dans notre boutique en ligne et d\u00e9couvrez les autres articles incontournables de la nouvelle collection Camocloud.<\/p>\n<h2>Caract\u00e9ristiques :<\/h2>\n<ul class=\"selling-points\">\n<li>Le m\u00e9lange de mat\u00e9riaux renomm\u00e9, associ\u00e9 \u00e0 un ajustement parfait et sans plis, \u00e9vite la formation d&#8217;ampoules.<\/li>\n<li>La stimulation profonde de la compression moyenne stabilise la cheville et r\u00e9duit le risque de blessures.<\/li>\n<li>Gr\u00e2ce \u00e0 des zones rembourr\u00e9es positionn\u00e9es de mani\u00e8re anatomique au niveau du pied, vous b\u00e9n\u00e9ficiez d&#8217;un amorti maximal.<\/li>\n<\/ul>\n<p><strong>Mat\u00e9riau : <\/strong>86 % polyamide, 14 % \u00e9lasthanne .<\/p>\n","protected":false},"excerpt":{"rendered":"<p>Les nouvelles Camocloud Mid Cut Socks pour femmes s\u00e9duisent par leur look camouflage, leur compression efficace et leur confort agr\u00e9able. Courez de mani\u00e8re stable et en toute s\u00e9curit\u00e9. Elles pr\u00e9sentent \u00e9galement d&#8217;autres avantages, comme un risque r\u00e9duit de formation d&#8217;ampoules. Courez en toute s\u00e9curit\u00e9 gr\u00e2ce \u00e0 l&#8217;effet stabilisateur de la compression Avec ces chaussettes Camocloud &hellip; <a href=\"https:\/\/www.miomiorun.com\/fr\/produit\/cep-camocloud-mid-cut-femme\/\">Continued<\/a><\/p>\n","protected":false},"featured_media":236054,"template":"","meta":{"_acf_changed":false,"inline_featured_image":false},"product_brand":[],"product_cat":[22597,22596,22595],"product_tag":[23469,23651],"class_list":{"0":"post-281532","1":"product","2":"type-product","3":"status-publish","4":"has-post-thumbnail","6":"product_cat-chaussettes","7":"product_cat-vetements-pour-femmes","8":"product_cat-femme","9":"product_tag-cep-fr","10":"product_tag-cep-femme","11":"pa_attivita-marcher","12":"pa_attivita-running-fr","13":"pa_colore-camocloud-mid-cut-socks-w-pink-peacot-fr","14":"pa_marca-cep-fr","15":"pa_sesso-femme","16":"pa_size-40-43-fr","18":"first","19":"instock","20":"taxable","21":"shipping-taxable","22":"purchasable","23":"product-type-variable","24":"wvs-archive-product-wrapper"},"acf":[],"yoast_head":"<!-- This site is optimized with the Yoast SEO plugin v26.8 - https:\/\/yoast.com\/product\/yoast-seo-wordpress\/ -->\n<title>Cep Camocloud Mid Cut femme - Chaussettes de course - MioMioRun<\/title>\n<meta name=\"description\" content=\"Les nouvelles chaussettes Camocloud Mid Cut Socks pour femmes s\u00e9duisent par leur look camouflage, leur compression efficace et leur confort.\" \/>\n<meta name=\"robots\" content=\"index, follow, max-snippet:-1, max-image-preview:large, max-video-preview:-1\" \/>\n<link rel=\"canonical\" href=\"https:\/\/www.miomiorun.com\/fr\/produit\/cep-camocloud-mid-cut-femme\/\" \/>\n<meta property=\"og:locale\" content=\"fr_FR\" \/>\n<meta property=\"og:type\" content=\"article\" \/>\n<meta property=\"og:title\" content=\"Cep Camocloud Mid Cut femme - Chaussettes de course - MioMioRun\" \/>\n<meta property=\"og:description\" content=\"Les nouvelles chaussettes Camocloud Mid Cut Socks pour femmes s\u00e9duisent par leur look camouflage, leur compression efficace et leur confort.\" \/>\n<meta property=\"og:url\" content=\"https:\/\/www.miomiorun.com\/fr\/produit\/cep-camocloud-mid-cut-femme\/\" \/>\n<meta property=\"og:site_name\" content=\"MioMioRun\" \/>\n<meta property=\"article:publisher\" content=\"https:\/\/www.facebook.com\/miomiorun\/\" \/>\n<meta property=\"article:modified_time\" content=\"2025-09-26T07:51:34+00:00\" \/>\n<meta property=\"og:image\" content=\"https:\/\/www.miomiorun.com\/app\/uploads\/2022\/04\/cep-camocloud-mid-cut-socks-W-pink-peacot-WP2C6E.jpg\" \/>\n\t<meta property=\"og:image:width\" content=\"600\" \/>\n\t<meta property=\"og:image:height\" content=\"600\" \/>\n\t<meta property=\"og:image:type\" content=\"image\/jpeg\" \/>\n<meta name=\"twitter:card\" content=\"summary_large_image\" \/>\n<meta name=\"twitter:label1\" content=\"Est. reading time\" \/>\n\t<meta name=\"twitter:data1\" content=\"2 minutes\" \/>\n<script type=\"application\/ld+json\" class=\"yoast-schema-graph\">{\"@context\":\"https:\/\/schema.org\",\"@graph\":[{\"@type\":\"WebPage\",\"@id\":\"https:\/\/www.miomiorun.com\/fr\/produit\/cep-camocloud-mid-cut-femme\/\",\"url\":\"https:\/\/www.miomiorun.com\/fr\/produit\/cep-camocloud-mid-cut-femme\/\",\"name\":\"Cep Camocloud Mid Cut femme - Chaussettes de course - MioMioRun\",\"isPartOf\":{\"@id\":\"https:\/\/www.miomiorun.com\/fr\/#website\"},\"primaryImageOfPage\":{\"@id\":\"https:\/\/www.miomiorun.com\/fr\/produit\/cep-camocloud-mid-cut-femme\/#primaryimage\"},\"image\":{\"@id\":\"https:\/\/www.miomiorun.com\/fr\/produit\/cep-camocloud-mid-cut-femme\/#primaryimage\"},\"thumbnailUrl\":\"https:\/\/www.miomiorun.com\/app\/uploads\/2022\/04\/cep-camocloud-mid-cut-socks-W-pink-peacot-WP2C6E.jpg\",\"datePublished\":\"2022-04-06T08:59:04+00:00\",\"dateModified\":\"2025-09-26T07:51:34+00:00\",\"description\":\"Les nouvelles chaussettes Camocloud Mid Cut Socks pour femmes s\u00e9duisent par leur look camouflage, leur compression efficace et leur confort.\",\"breadcrumb\":{\"@id\":\"https:\/\/www.miomiorun.com\/fr\/produit\/cep-camocloud-mid-cut-femme\/#breadcrumb\"},\"inLanguage\":\"fr-FR\",\"potentialAction\":[{\"@type\":\"ReadAction\",\"target\":[\"https:\/\/www.miomiorun.com\/fr\/produit\/cep-camocloud-mid-cut-femme\/\"]}]},{\"@type\":\"ImageObject\",\"inLanguage\":\"fr-FR\",\"@id\":\"https:\/\/www.miomiorun.com\/fr\/produit\/cep-camocloud-mid-cut-femme\/#primaryimage\",\"url\":\"https:\/\/www.miomiorun.com\/app\/uploads\/2022\/04\/cep-camocloud-mid-cut-socks-W-pink-peacot-WP2C6E.jpg\",\"contentUrl\":\"https:\/\/www.miomiorun.com\/app\/uploads\/2022\/04\/cep-camocloud-mid-cut-socks-W-pink-peacot-WP2C6E.jpg\",\"width\":600,\"height\":600,\"caption\":\"cep-camocloud-mid-cut-socks-W-pink-peacot-WP2C6E\"},{\"@type\":\"BreadcrumbList\",\"@id\":\"https:\/\/www.miomiorun.com\/fr\/produit\/cep-camocloud-mid-cut-femme\/#breadcrumb\",\"itemListElement\":[{\"@type\":\"ListItem\",\"position\":1,\"name\":\"Home\",\"item\":\"https:\/\/www.miomiorun.com\/fr\/home-page\/\"},{\"@type\":\"ListItem\",\"position\":2,\"name\":\"Shop\",\"item\":\"https:\/\/www.miomiorun.com\/shop\/\"},{\"@type\":\"ListItem\",\"position\":3,\"name\":\"Camocloud Mid Cut femme\"}]},{\"@type\":\"WebSite\",\"@id\":\"https:\/\/www.miomiorun.com\/fr\/#website\",\"url\":\"https:\/\/www.miomiorun.com\/fr\/\",\"name\":\"MioMioRun\",\"description\":\"Boutique 100% running et trail\",\"publisher\":{\"@id\":\"https:\/\/www.miomiorun.com\/fr\/#organization\"},\"potentialAction\":[{\"@type\":\"SearchAction\",\"target\":{\"@type\":\"EntryPoint\",\"urlTemplate\":\"https:\/\/www.miomiorun.com\/fr\/?s={search_term_string}\"},\"query-input\":{\"@type\":\"PropertyValueSpecification\",\"valueRequired\":true,\"valueName\":\"search_term_string\"}}],\"inLanguage\":\"fr-FR\"},{\"@type\":\"Organization\",\"@id\":\"https:\/\/www.miomiorun.com\/fr\/#organization\",\"name\":\"MioMio Run\",\"url\":\"https:\/\/www.miomiorun.com\/fr\/\",\"logo\":{\"@type\":\"ImageObject\",\"inLanguage\":\"fr-FR\",\"@id\":\"https:\/\/www.miomiorun.com\/fr\/#\/schema\/logo\/image\/\",\"url\":\"https:\/\/www.miomiorun.com\/app\/uploads\/2019\/12\/logomio.png\",\"contentUrl\":\"https:\/\/www.miomiorun.com\/app\/uploads\/2019\/12\/logomio.png\",\"width\":115,\"height\":82,\"caption\":\"MioMio Run\"},\"image\":{\"@id\":\"https:\/\/www.miomiorun.com\/fr\/#\/schema\/logo\/image\/\"},\"sameAs\":[\"https:\/\/www.facebook.com\/miomiorun\/\",\"https:\/\/www.instagram.com\/miomiorun\/\"]}]}<\/script>\n<!-- \/ Yoast SEO plugin. -->","yoast_head_json":{"title":"Cep Camocloud Mid Cut femme - Chaussettes de course - MioMioRun","description":"Les nouvelles chaussettes Camocloud Mid Cut Socks pour femmes s\u00e9duisent par leur look camouflage, leur compression efficace et leur confort.","robots":{"index":"index","follow":"follow","max-snippet":"max-snippet:-1","max-image-preview":"max-image-preview:large","max-video-preview":"max-video-preview:-1"},"canonical":"https:\/\/www.miomiorun.com\/fr\/produit\/cep-camocloud-mid-cut-femme\/","og_locale":"fr_FR","og_type":"article","og_title":"Cep Camocloud Mid Cut femme - Chaussettes de course - MioMioRun","og_description":"Les nouvelles chaussettes Camocloud Mid Cut Socks pour femmes s\u00e9duisent par leur look camouflage, leur compression efficace et leur confort.","og_url":"https:\/\/www.miomiorun.com\/fr\/produit\/cep-camocloud-mid-cut-femme\/","og_site_name":"MioMioRun","article_publisher":"https:\/\/www.facebook.com\/miomiorun\/","article_modified_time":"2025-09-26T07:51:34+00:00","og_image":[{"width":600,"height":600,"url":"https:\/\/www.miomiorun.com\/app\/uploads\/2022\/04\/cep-camocloud-mid-cut-socks-W-pink-peacot-WP2C6E.jpg","type":"image\/jpeg"}],"twitter_card":"summary_large_image","twitter_misc":{"Est. reading time":"2 minutes"},"schema":{"@context":"https:\/\/schema.org","@graph":[{"@type":"WebPage","@id":"https:\/\/www.miomiorun.com\/fr\/produit\/cep-camocloud-mid-cut-femme\/","url":"https:\/\/www.miomiorun.com\/fr\/produit\/cep-camocloud-mid-cut-femme\/","name":"Cep Camocloud Mid Cut femme - Chaussettes de course - MioMioRun","isPartOf":{"@id":"https:\/\/www.miomiorun.com\/fr\/#website"},"primaryImageOfPage":{"@id":"https:\/\/www.miomiorun.com\/fr\/produit\/cep-camocloud-mid-cut-femme\/#primaryimage"},"image":{"@id":"https:\/\/www.miomiorun.com\/fr\/produit\/cep-camocloud-mid-cut-femme\/#primaryimage"},"thumbnailUrl":"https:\/\/www.miomiorun.com\/app\/uploads\/2022\/04\/cep-camocloud-mid-cut-socks-W-pink-peacot-WP2C6E.jpg","datePublished":"2022-04-06T08:59:04+00:00","dateModified":"2025-09-26T07:51:34+00:00","description":"Les nouvelles chaussettes Camocloud Mid Cut Socks pour femmes s\u00e9duisent par leur look camouflage, leur compression efficace et leur confort.","breadcrumb":{"@id":"https:\/\/www.miomiorun.com\/fr\/produit\/cep-camocloud-mid-cut-femme\/#breadcrumb"},"inLanguage":"fr-FR","potentialAction":[{"@type":"ReadAction","target":["https:\/\/www.miomiorun.com\/fr\/produit\/cep-camocloud-mid-cut-femme\/"]}]},{"@type":"ImageObject","inLanguage":"fr-FR","@id":"https:\/\/www.miomiorun.com\/fr\/produit\/cep-camocloud-mid-cut-femme\/#primaryimage","url":"https:\/\/www.miomiorun.com\/app\/uploads\/2022\/04\/cep-camocloud-mid-cut-socks-W-pink-peacot-WP2C6E.jpg","contentUrl":"https:\/\/www.miomiorun.com\/app\/uploads\/2022\/04\/cep-camocloud-mid-cut-socks-W-pink-peacot-WP2C6E.jpg","width":600,"height":600,"caption":"cep-camocloud-mid-cut-socks-W-pink-peacot-WP2C6E"},{"@type":"BreadcrumbList","@id":"https:\/\/www.miomiorun.com\/fr\/produit\/cep-camocloud-mid-cut-femme\/#breadcrumb","itemListElement":[{"@type":"ListItem","position":1,"name":"Home","item":"https:\/\/www.miomiorun.com\/fr\/home-page\/"},{"@type":"ListItem","position":2,"name":"Shop","item":"https:\/\/www.miomiorun.com\/shop\/"},{"@type":"ListItem","position":3,"name":"Camocloud Mid Cut femme"}]},{"@type":"WebSite","@id":"https:\/\/www.miomiorun.com\/fr\/#website","url":"https:\/\/www.miomiorun.com\/fr\/","name":"MioMioRun","description":"Boutique 100% running et trail","publisher":{"@id":"https:\/\/www.miomiorun.com\/fr\/#organization"},"potentialAction":[{"@type":"SearchAction","target":{"@type":"EntryPoint","urlTemplate":"https:\/\/www.miomiorun.com\/fr\/?s={search_term_string}"},"query-input":{"@type":"PropertyValueSpecification","valueRequired":true,"valueName":"search_term_string"}}],"inLanguage":"fr-FR"},{"@type":"Organization","@id":"https:\/\/www.miomiorun.com\/fr\/#organization","name":"MioMio Run","url":"https:\/\/www.miomiorun.com\/fr\/","logo":{"@type":"ImageObject","inLanguage":"fr-FR","@id":"https:\/\/www.miomiorun.com\/fr\/#\/schema\/logo\/image\/","url":"https:\/\/www.miomiorun.com\/app\/uploads\/2019\/12\/logomio.png","contentUrl":"https:\/\/www.miomiorun.com\/app\/uploads\/2019\/12\/logomio.png","width":115,"height":82,"caption":"MioMio Run"},"image":{"@id":"https:\/\/www.miomiorun.com\/fr\/#\/schema\/logo\/image\/"},"sameAs":["https:\/\/www.facebook.com\/miomiorun\/","https:\/\/www.instagram.com\/miomiorun\/"]}]}},"_links":{"self":[{"href":"https:\/\/www.miomiorun.com\/fr\/wp-json\/wp\/v2\/product\/281532","targetHints":{"allow":["GET"]}}],"collection":[{"href":"https:\/\/www.miomiorun.com\/fr\/wp-json\/wp\/v2\/product"}],"about":[{"href":"https:\/\/www.miomiorun.com\/fr\/wp-json\/wp\/v2\/types\/product"}],"wp:featuredmedia":[{"embeddable":true,"href":"https:\/\/www.miomiorun.com\/fr\/wp-json\/wp\/v2\/media\/236054"}],"wp:attachment":[{"href":"https:\/\/www.miomiorun.com\/fr\/wp-json\/wp\/v2\/media?parent=281532"}],"wp:term":[{"taxonomy":"product_brand","embeddable":true,"href":"https:\/\/www.miomiorun.com\/fr\/wp-json\/wp\/v2\/product_brand?post=281532"},{"taxonomy":"product_cat","embeddable":true,"href":"https:\/\/www.miomiorun.com\/fr\/wp-json\/wp\/v2\/product_cat?post=281532"},{"taxonomy":"product_tag","embeddable":true,"href":"https:\/\/www.miomiorun.com\/fr\/wp-json\/wp\/v2\/product_tag?post=281532"}],"curies":[{"name":"wp","href":"https:\/\/api.w.org\/{rel}","templated":true}]}}