{"id":281485,"date":"2021-10-28T11:36:07","date_gmt":"2021-10-28T09:36:07","guid":{"rendered":"https:\/\/miomiorun.com\/prodotto\/falke-bt-shape-low-ml-donna\/"},"modified":"2026-05-08T21:20:18","modified_gmt":"2026-05-08T19:20:18","slug":"falke-bt-shape-low-ml-femme","status":"publish","type":"product","link":"https:\/\/www.miomiorun.com\/fr\/produit\/falke-bt-shape-low-ml-femme\/","title":{"rendered":"Bt Shape Low ML femme"},"content":{"rendered":"<p id=\"tw-target-text\" class=\"tw-data-text tw-text-large XcVN5d tw-ta\" dir=\"ltr\" data-placeholder=\"Traduzione\"><span class=\"Y2IQFc\" lang=\"it\">Le haut de sport<strong> BT Shape Low ML<\/strong> de Falke est parfait pour les femmes qui pratiquent un sport de faible intensit\u00e9. Ce soutien-gorge de sport convient aux femmes ayant une taille de bonnet petite \u00e0 moyenne et est merveilleusement confortable gr\u00e2ce \u00e0 sa technologie sans coutures. Gr\u00e2ce \u00e0 sa structure en tissu double couche, l&#8217;humidit\u00e9 est \u00e9vacu\u00e9e tr\u00e8s rapidement, tandis que les bonnets pr\u00e9form\u00e9s et le dos nageur r\u00e9glable garantissent un soutien optimal. <\/span><\/p>\n<h3>Caract\u00e9ristiques :<\/h3>\n<ul>\n<li>Convient aux bonnets petits et moyens et aux sports \u00e0 faible intensit\u00e9.<\/li>\n<li>Tr\u00e8s \u00e9lastique et sans coutures inconfortables sur les c\u00f4t\u00e9s gr\u00e2ce \u00e0 la technologie Seamless.<\/li>\n<li>Structure en mat\u00e9riau double couche pour un s\u00e9chage plus rapide. <\/li>\n<li>Maintien optimal gr\u00e2ce \u00e0 la coupe compressive. <\/li>\n<\/ul>\n<p><strong><img decoding=\"async\" class=\"product-functional-symbols__image\" src=\"https:\/\/www.falke.com\/it_it\/c5c163f4c436a6d5cac26cfd6ed02ad465473f2a\/assets\/base\/staticImages\/functionalsymbols\/icon_feuchtigkeitsregulierend.svg\"><\/strong><\/p>\n<p><strong>R\u00e9gule l&#8217;humidit\u00e9 : <\/strong>une sensation unique et s\u00e8che sur la peau gr\u00e2ce \u00e0 sa capacit\u00e9 \u00e0 absorber l&#8217;humidit\u00e9.<\/p>\n<p><img decoding=\"async\" class=\"product-functional-symbols__image\" src=\"https:\/\/www.falke.com\/it_it\/c5c163f4c436a6d5cac26cfd6ed02ad465473f2a\/assets\/base\/staticImages\/functionalsymbols\/icon_schnellste_ruecktrocknung.svg\"><\/p>\n<p><strong>S\u00e9chage plus rapide :&nbsp;<\/strong>mati\u00e8re \u00e0 s\u00e9chage rapide.<\/p>\n","protected":false},"excerpt":{"rendered":"<p>Le haut de sport BT Shape Low ML de Falke est parfait pour les femmes qui pratiquent un sport de faible intensit\u00e9. Ce soutien-gorge de sport convient aux femmes ayant une taille de bonnet petite \u00e0 moyenne et est merveilleusement confortable gr\u00e2ce \u00e0 sa technologie sans coutures. Gr\u00e2ce \u00e0 sa structure en tissu double couche, &hellip; <a href=\"https:\/\/www.miomiorun.com\/fr\/produit\/falke-bt-shape-low-ml-femme\/\">Continued<\/a><\/p>\n","protected":false},"featured_media":234321,"template":"","meta":{"_acf_changed":false,"inline_featured_image":false},"product_brand":[],"product_cat":[24440,24444,24246],"product_tag":[23482,23493],"class_list":{"0":"post-281485","1":"product","2":"type-product","3":"status-publish","4":"has-post-thumbnail","6":"product_cat-sous-vetements-fr","7":"product_cat-vetements-pour-femmes-fr","8":"product_cat-offres-pour-les-femmes","9":"product_tag-falke-fr","10":"product_tag-falke-femme","11":"pa_attivita-fitness-fr","12":"pa_attivita-marcher","13":"pa_attivita-running-fr","14":"pa_colore-bt-shape-low-ml-blue-fr","15":"pa_colore-bt-shape-low-ml-red-fr","16":"pa_marca-falke-fr","17":"pa_sesso-femme","18":"pa_size-small-fr","19":"pa_size-medium-fr","20":"pa_size-large-fr","22":"first","23":"instock","24":"sale","25":"taxable","26":"shipping-taxable","27":"purchasable","28":"product-type-variable","29":"wvs-archive-product-wrapper"},"acf":[],"yoast_head":"<!-- This site is optimized with the Yoast SEO plugin v26.8 - https:\/\/yoast.com\/product\/yoast-seo-wordpress\/ -->\n<title>Falke Bt Shape Low ML femme - Soutien-gorge de sport - MioMioRun<\/title>\n<meta name=\"description\" content=\"Le haut de sport BT Shape Low ML de Falke est parfait pour les femmes qui pratiquent un sport \u00e0 faible intensit\u00e9.\" \/>\n<meta name=\"robots\" content=\"index, follow, max-snippet:-1, max-image-preview:large, max-video-preview:-1\" \/>\n<link rel=\"canonical\" href=\"https:\/\/www.miomiorun.com\/fr\/produit\/falke-bt-shape-low-ml-femme\/\" \/>\n<meta property=\"og:locale\" content=\"fr_FR\" \/>\n<meta property=\"og:type\" content=\"article\" \/>\n<meta property=\"og:title\" content=\"Falke Bt Shape Low ML femme - Soutien-gorge de sport - MioMioRun\" \/>\n<meta property=\"og:description\" content=\"Le haut de sport BT Shape Low ML de Falke est parfait pour les femmes qui pratiquent un sport \u00e0 faible intensit\u00e9.\" \/>\n<meta property=\"og:url\" content=\"https:\/\/www.miomiorun.com\/fr\/produit\/falke-bt-shape-low-ml-femme\/\" \/>\n<meta property=\"og:site_name\" content=\"MioMioRun\" \/>\n<meta property=\"article:publisher\" content=\"https:\/\/www.facebook.com\/miomiorun\/\" \/>\n<meta property=\"article:modified_time\" content=\"2026-05-08T19:20:18+00:00\" \/>\n<meta property=\"og:image\" content=\"https:\/\/www.miomiorun.com\/app\/uploads\/2021\/11\/falke-BT-Shape-low-ML-38673-8830.jpg\" \/>\n\t<meta property=\"og:image:width\" content=\"600\" \/>\n\t<meta property=\"og:image:height\" content=\"600\" \/>\n\t<meta property=\"og:image:type\" content=\"image\/jpeg\" \/>\n<meta name=\"twitter:card\" content=\"summary_large_image\" \/>\n<meta name=\"twitter:label1\" content=\"Est. reading time\" \/>\n\t<meta name=\"twitter:data1\" content=\"1 minute\" \/>\n<script type=\"application\/ld+json\" class=\"yoast-schema-graph\">{\"@context\":\"https:\/\/schema.org\",\"@graph\":[{\"@type\":\"WebPage\",\"@id\":\"https:\/\/www.miomiorun.com\/fr\/produit\/falke-bt-shape-low-ml-femme\/\",\"url\":\"https:\/\/www.miomiorun.com\/fr\/produit\/falke-bt-shape-low-ml-femme\/\",\"name\":\"Falke Bt Shape Low ML femme - Soutien-gorge de sport - MioMioRun\",\"isPartOf\":{\"@id\":\"https:\/\/www.miomiorun.com\/fr\/#website\"},\"primaryImageOfPage\":{\"@id\":\"https:\/\/www.miomiorun.com\/fr\/produit\/falke-bt-shape-low-ml-femme\/#primaryimage\"},\"image\":{\"@id\":\"https:\/\/www.miomiorun.com\/fr\/produit\/falke-bt-shape-low-ml-femme\/#primaryimage\"},\"thumbnailUrl\":\"https:\/\/www.miomiorun.com\/app\/uploads\/2021\/11\/falke-BT-Shape-low-ML-38673-8830.jpg\",\"datePublished\":\"2021-10-28T09:36:07+00:00\",\"dateModified\":\"2026-05-08T19:20:18+00:00\",\"description\":\"Le haut de sport BT Shape Low ML de Falke est parfait pour les femmes qui pratiquent un sport \u00e0 faible intensit\u00e9.\",\"breadcrumb\":{\"@id\":\"https:\/\/www.miomiorun.com\/fr\/produit\/falke-bt-shape-low-ml-femme\/#breadcrumb\"},\"inLanguage\":\"fr-FR\",\"potentialAction\":[{\"@type\":\"ReadAction\",\"target\":[\"https:\/\/www.miomiorun.com\/fr\/produit\/falke-bt-shape-low-ml-femme\/\"]}]},{\"@type\":\"ImageObject\",\"inLanguage\":\"fr-FR\",\"@id\":\"https:\/\/www.miomiorun.com\/fr\/produit\/falke-bt-shape-low-ml-femme\/#primaryimage\",\"url\":\"https:\/\/www.miomiorun.com\/app\/uploads\/2021\/11\/falke-BT-Shape-low-ML-38673-8830.jpg\",\"contentUrl\":\"https:\/\/www.miomiorun.com\/app\/uploads\/2021\/11\/falke-BT-Shape-low-ML-38673-8830.jpg\",\"width\":600,\"height\":600,\"caption\":\"falke bt shape low ml\"},{\"@type\":\"BreadcrumbList\",\"@id\":\"https:\/\/www.miomiorun.com\/fr\/produit\/falke-bt-shape-low-ml-femme\/#breadcrumb\",\"itemListElement\":[{\"@type\":\"ListItem\",\"position\":1,\"name\":\"Home\",\"item\":\"https:\/\/www.miomiorun.com\/fr\/home-page\/\"},{\"@type\":\"ListItem\",\"position\":2,\"name\":\"Shop\",\"item\":\"https:\/\/www.miomiorun.com\/shop\/\"},{\"@type\":\"ListItem\",\"position\":3,\"name\":\"Bt Shape Low ML femme\"}]},{\"@type\":\"WebSite\",\"@id\":\"https:\/\/www.miomiorun.com\/fr\/#website\",\"url\":\"https:\/\/www.miomiorun.com\/fr\/\",\"name\":\"MioMioRun\",\"description\":\"Boutique 100% running et trail\",\"publisher\":{\"@id\":\"https:\/\/www.miomiorun.com\/fr\/#organization\"},\"potentialAction\":[{\"@type\":\"SearchAction\",\"target\":{\"@type\":\"EntryPoint\",\"urlTemplate\":\"https:\/\/www.miomiorun.com\/fr\/?s={search_term_string}\"},\"query-input\":{\"@type\":\"PropertyValueSpecification\",\"valueRequired\":true,\"valueName\":\"search_term_string\"}}],\"inLanguage\":\"fr-FR\"},{\"@type\":\"Organization\",\"@id\":\"https:\/\/www.miomiorun.com\/fr\/#organization\",\"name\":\"MioMio Run\",\"url\":\"https:\/\/www.miomiorun.com\/fr\/\",\"logo\":{\"@type\":\"ImageObject\",\"inLanguage\":\"fr-FR\",\"@id\":\"https:\/\/www.miomiorun.com\/fr\/#\/schema\/logo\/image\/\",\"url\":\"https:\/\/www.miomiorun.com\/app\/uploads\/2019\/12\/logomio.png\",\"contentUrl\":\"https:\/\/www.miomiorun.com\/app\/uploads\/2019\/12\/logomio.png\",\"width\":115,\"height\":82,\"caption\":\"MioMio Run\"},\"image\":{\"@id\":\"https:\/\/www.miomiorun.com\/fr\/#\/schema\/logo\/image\/\"},\"sameAs\":[\"https:\/\/www.facebook.com\/miomiorun\/\",\"https:\/\/www.instagram.com\/miomiorun\/\"]}]}<\/script>\n<!-- \/ Yoast SEO plugin. -->","yoast_head_json":{"title":"Falke Bt Shape Low ML femme - Soutien-gorge de sport - MioMioRun","description":"Le haut de sport BT Shape Low ML de Falke est parfait pour les femmes qui pratiquent un sport \u00e0 faible intensit\u00e9.","robots":{"index":"index","follow":"follow","max-snippet":"max-snippet:-1","max-image-preview":"max-image-preview:large","max-video-preview":"max-video-preview:-1"},"canonical":"https:\/\/www.miomiorun.com\/fr\/produit\/falke-bt-shape-low-ml-femme\/","og_locale":"fr_FR","og_type":"article","og_title":"Falke Bt Shape Low ML femme - Soutien-gorge de sport - MioMioRun","og_description":"Le haut de sport BT Shape Low ML de Falke est parfait pour les femmes qui pratiquent un sport \u00e0 faible intensit\u00e9.","og_url":"https:\/\/www.miomiorun.com\/fr\/produit\/falke-bt-shape-low-ml-femme\/","og_site_name":"MioMioRun","article_publisher":"https:\/\/www.facebook.com\/miomiorun\/","article_modified_time":"2026-05-08T19:20:18+00:00","og_image":[{"width":600,"height":600,"url":"https:\/\/www.miomiorun.com\/app\/uploads\/2021\/11\/falke-BT-Shape-low-ML-38673-8830.jpg","type":"image\/jpeg"}],"twitter_card":"summary_large_image","twitter_misc":{"Est. reading time":"1 minute"},"schema":{"@context":"https:\/\/schema.org","@graph":[{"@type":"WebPage","@id":"https:\/\/www.miomiorun.com\/fr\/produit\/falke-bt-shape-low-ml-femme\/","url":"https:\/\/www.miomiorun.com\/fr\/produit\/falke-bt-shape-low-ml-femme\/","name":"Falke Bt Shape Low ML femme - Soutien-gorge de sport - MioMioRun","isPartOf":{"@id":"https:\/\/www.miomiorun.com\/fr\/#website"},"primaryImageOfPage":{"@id":"https:\/\/www.miomiorun.com\/fr\/produit\/falke-bt-shape-low-ml-femme\/#primaryimage"},"image":{"@id":"https:\/\/www.miomiorun.com\/fr\/produit\/falke-bt-shape-low-ml-femme\/#primaryimage"},"thumbnailUrl":"https:\/\/www.miomiorun.com\/app\/uploads\/2021\/11\/falke-BT-Shape-low-ML-38673-8830.jpg","datePublished":"2021-10-28T09:36:07+00:00","dateModified":"2026-05-08T19:20:18+00:00","description":"Le haut de sport BT Shape Low ML de Falke est parfait pour les femmes qui pratiquent un sport \u00e0 faible intensit\u00e9.","breadcrumb":{"@id":"https:\/\/www.miomiorun.com\/fr\/produit\/falke-bt-shape-low-ml-femme\/#breadcrumb"},"inLanguage":"fr-FR","potentialAction":[{"@type":"ReadAction","target":["https:\/\/www.miomiorun.com\/fr\/produit\/falke-bt-shape-low-ml-femme\/"]}]},{"@type":"ImageObject","inLanguage":"fr-FR","@id":"https:\/\/www.miomiorun.com\/fr\/produit\/falke-bt-shape-low-ml-femme\/#primaryimage","url":"https:\/\/www.miomiorun.com\/app\/uploads\/2021\/11\/falke-BT-Shape-low-ML-38673-8830.jpg","contentUrl":"https:\/\/www.miomiorun.com\/app\/uploads\/2021\/11\/falke-BT-Shape-low-ML-38673-8830.jpg","width":600,"height":600,"caption":"falke bt shape low ml"},{"@type":"BreadcrumbList","@id":"https:\/\/www.miomiorun.com\/fr\/produit\/falke-bt-shape-low-ml-femme\/#breadcrumb","itemListElement":[{"@type":"ListItem","position":1,"name":"Home","item":"https:\/\/www.miomiorun.com\/fr\/home-page\/"},{"@type":"ListItem","position":2,"name":"Shop","item":"https:\/\/www.miomiorun.com\/shop\/"},{"@type":"ListItem","position":3,"name":"Bt Shape Low ML femme"}]},{"@type":"WebSite","@id":"https:\/\/www.miomiorun.com\/fr\/#website","url":"https:\/\/www.miomiorun.com\/fr\/","name":"MioMioRun","description":"Boutique 100% running et trail","publisher":{"@id":"https:\/\/www.miomiorun.com\/fr\/#organization"},"potentialAction":[{"@type":"SearchAction","target":{"@type":"EntryPoint","urlTemplate":"https:\/\/www.miomiorun.com\/fr\/?s={search_term_string}"},"query-input":{"@type":"PropertyValueSpecification","valueRequired":true,"valueName":"search_term_string"}}],"inLanguage":"fr-FR"},{"@type":"Organization","@id":"https:\/\/www.miomiorun.com\/fr\/#organization","name":"MioMio Run","url":"https:\/\/www.miomiorun.com\/fr\/","logo":{"@type":"ImageObject","inLanguage":"fr-FR","@id":"https:\/\/www.miomiorun.com\/fr\/#\/schema\/logo\/image\/","url":"https:\/\/www.miomiorun.com\/app\/uploads\/2019\/12\/logomio.png","contentUrl":"https:\/\/www.miomiorun.com\/app\/uploads\/2019\/12\/logomio.png","width":115,"height":82,"caption":"MioMio Run"},"image":{"@id":"https:\/\/www.miomiorun.com\/fr\/#\/schema\/logo\/image\/"},"sameAs":["https:\/\/www.facebook.com\/miomiorun\/","https:\/\/www.instagram.com\/miomiorun\/"]}]}},"_links":{"self":[{"href":"https:\/\/www.miomiorun.com\/fr\/wp-json\/wp\/v2\/product\/281485","targetHints":{"allow":["GET"]}}],"collection":[{"href":"https:\/\/www.miomiorun.com\/fr\/wp-json\/wp\/v2\/product"}],"about":[{"href":"https:\/\/www.miomiorun.com\/fr\/wp-json\/wp\/v2\/types\/product"}],"wp:featuredmedia":[{"embeddable":true,"href":"https:\/\/www.miomiorun.com\/fr\/wp-json\/wp\/v2\/media\/234321"}],"wp:attachment":[{"href":"https:\/\/www.miomiorun.com\/fr\/wp-json\/wp\/v2\/media?parent=281485"}],"wp:term":[{"taxonomy":"product_brand","embeddable":true,"href":"https:\/\/www.miomiorun.com\/fr\/wp-json\/wp\/v2\/product_brand?post=281485"},{"taxonomy":"product_cat","embeddable":true,"href":"https:\/\/www.miomiorun.com\/fr\/wp-json\/wp\/v2\/product_cat?post=281485"},{"taxonomy":"product_tag","embeddable":true,"href":"https:\/\/www.miomiorun.com\/fr\/wp-json\/wp\/v2\/product_tag?post=281485"}],"curies":[{"name":"wp","href":"https:\/\/api.w.org\/{rel}","templated":true}]}}