{"id":281435,"date":"2021-11-02T17:58:08","date_gmt":"2021-11-02T16:58:08","guid":{"rendered":"https:\/\/miomiorun.com\/prodotto\/uyn-exceleration-wind-pants-uomo\/"},"modified":"2026-05-08T21:19:46","modified_gmt":"2026-05-08T19:19:46","slug":"uyn-exceleration-wind-pants-homme","status":"publish","type":"product","link":"https:\/\/www.miomiorun.com\/fr\/produit\/uyn-exceleration-wind-pants-homme\/","title":{"rendered":"Exceleration Wind Pants homme"},"content":{"rendered":"<p>Le pantalon <strong>Exceleration Wind<\/strong> pour homme, avec insert coupe-vent \u00e0 l&#8217;avant, est id\u00e9al pour la course \u00e0 pied et les activit\u00e9s de plein air par temps froid. Les deux poches lat\u00e9rales sont optimis\u00e9es pour ne pas g\u00eaner la libert\u00e9 de mouvement. La coupe r\u00e9guli\u00e8re avec des nervures flexibles au bas de la jambe garantit une libert\u00e9 maximale, tant pour les entra\u00eenements intensifs que pour les promenades dans la nature. La structure principale de ce pantalon est constitu\u00e9e d&#8217;un tissu d\u00e9licatement gratt\u00e9 et respirant qui aide \u00e0 maintenir une temp\u00e9rature corporelle id\u00e9ale. Au niveau du mollet, UYN a introduit la technologie \u00e0 m\u00e9moire de chaleur, qui permet aux muscles de rester chauds et efficaces.<\/p>\n<p><b>Protection contre le vent<\/b><br \/>\nUne technique de fabrication avanc\u00e9e permet d&#8217;int\u00e9grer des panneaux coupe-vent dans la conception du v\u00eatement. Pour garantir une protection contre les intemp\u00e9ries tout en augmentant le confort. La surface coupe-vent, combin\u00e9e \u00e0 la membrane ultra-extensible Membrain115-Membran, est souple et ergonomique, sans sensation de rigidit\u00e9 du tissu, qui pourrait affecter votre exp\u00e9rience de course.<\/p>\n<p><b>Membrane 115<\/b><br \/>\nGr\u00e2ce \u00e0 une nouvelle m\u00e9thode de production, une veste hybride r\u00e9volutionnaire a \u00e9t\u00e9 cr\u00e9\u00e9e. Un nouveau mat\u00e9riau hautement intelligent : il pense avec vous et ressent avec vous. La membrane reli\u00e9e \u00e0 la structure du maillot est extr\u00eamement \u00e9lastique et s&#8217;adapte parfaitement \u00e0 l&#8217;\u00e9lasticit\u00e9 du maillot. Gr\u00e2ce \u00e0 cette construction enti\u00e8rement nouvelle, Membrain 115 est \u00e0 la fois imperm\u00e9able et respirant, coupe-vent et, bien s\u00fbr, extr\u00eamement r\u00e9sistant.<\/p>\n<p><b>M\u00e9moire thermique<\/b><br \/>\nElle vous r\u00e9chauffe lorsque vous vous reposez. Les chambres \u00e0 air isolantes de la technologie \u00e0 m\u00e9moire thermique prot\u00e8gent le corps du refroidissement. Ceci est particuli\u00e8rement important lorsque les muscles se refroidissent apr\u00e8s l&#8217;effort. Ainsi, votre corps reste chaud et efficace.<\/p>\n<p><b>C\u00f4tes flexibles<\/b><br \/>\nLes structures tridimensionnelles parall\u00e8les augmentent la capacit\u00e9 du tissu \u00e0 s&#8217;\u00e9tirer et \u00e0 reprendre sa forme d&#8217;origine, garantissant ainsi un ajustement optimal. Elles agissent \u00e9galement comme des entretoises lorsqu&#8217;une couche suppl\u00e9mentaire est port\u00e9e, facilitant la circulation de l&#8217;air entre les deux couches.<\/p>\n<p><b>Texlyte Nano<\/b><br \/>\nUYN a utilis\u00e9 le fil Texlyte Nano dans des zones strat\u00e9giques pour \u00e9vacuer rapidement la transpiration vers l&#8217;ext\u00e9rieur et garantir une sensation de bien-\u00eatre \u00e0 long terme. Texlyte Nano est fabriqu\u00e9 en polypropyl\u00e8ne, l&#8217;une des fibres synth\u00e9tiques les plus l\u00e9g\u00e8res du march\u00e9. Il est 34 % plus l\u00e9ger que le polyester. Texlyte Nano est \u00e9galement enti\u00e8rement recyclable, ce qui le rend 34 % plus l\u00e9ger que le polyester. Tex-lyte Nano est \u00e9galement enti\u00e8rement recyclable et donc \u00e9cologique.<\/p>\n","protected":false},"excerpt":{"rendered":"<p>Le pantalon Exceleration Wind pour homme, avec insert coupe-vent \u00e0 l&#8217;avant, est id\u00e9al pour la course \u00e0 pied et les activit\u00e9s de plein air par temps froid. Les deux poches lat\u00e9rales sont optimis\u00e9es pour ne pas g\u00eaner la libert\u00e9 de mouvement. La coupe r\u00e9guli\u00e8re avec des nervures flexibles au bas de la jambe garantit une &hellip; <a href=\"https:\/\/www.miomiorun.com\/fr\/produit\/uyn-exceleration-wind-pants-homme\/\">Continued<\/a><\/p>\n","protected":false},"featured_media":234331,"template":"","meta":{"_acf_changed":false,"inline_featured_image":false},"product_brand":[],"product_cat":[24477,24479,24482,24484],"product_tag":[23526,23550],"class_list":{"0":"post-281435","1":"product","2":"type-product","3":"status-publish","4":"has-post-thumbnail","6":"product_cat-pantalon-court-fr-3","7":"product_cat-sous-vetements-fr-2","8":"product_cat-vetements-pour-hommes-fr","9":"product_cat-homme","10":"product_tag-uyn-fr","11":"product_tag-uyn-homme","12":"pa_attivita-marcher","13":"pa_attivita-running-fr","14":"pa_marca-uyn-fr","15":"pa_sesso-homme","16":"pa_size-large-fr","18":"first","19":"instock","20":"sale","21":"taxable","22":"shipping-taxable","23":"purchasable","24":"product-type-variable","25":"wvs-archive-product-wrapper"},"acf":[],"yoast_head":"<!-- This site is optimized with the Yoast SEO plugin v26.8 - https:\/\/yoast.com\/product\/yoast-seo-wordpress\/ -->\n<title>Uyn Exceleration Wind Pants homme -Pantalon thermique- MioMioRun<\/title>\n<meta name=\"description\" content=\"Le pantalon Exceleration Wind pour homme, avec empi\u00e8cement coupe-vent \u00e0 l&#039;avant, est id\u00e9al pour la course \u00e0 pied et les activit\u00e9s de plein air.\" \/>\n<meta name=\"robots\" content=\"index, follow, max-snippet:-1, max-image-preview:large, max-video-preview:-1\" \/>\n<link rel=\"canonical\" href=\"https:\/\/www.miomiorun.com\/fr\/produit\/uyn-exceleration-wind-pants-homme\/\" \/>\n<meta property=\"og:locale\" content=\"fr_FR\" \/>\n<meta property=\"og:type\" content=\"article\" \/>\n<meta property=\"og:title\" content=\"Uyn Exceleration Wind Pants homme -Pantalon thermique- MioMioRun\" \/>\n<meta property=\"og:description\" content=\"Le pantalon Exceleration Wind pour homme, avec empi\u00e8cement coupe-vent \u00e0 l&#039;avant, est id\u00e9al pour la course \u00e0 pied et les activit\u00e9s de plein air.\" \/>\n<meta property=\"og:url\" content=\"https:\/\/www.miomiorun.com\/fr\/produit\/uyn-exceleration-wind-pants-homme\/\" \/>\n<meta property=\"og:site_name\" content=\"MioMioRun\" \/>\n<meta property=\"article:publisher\" content=\"https:\/\/www.facebook.com\/miomiorun\/\" \/>\n<meta property=\"article:modified_time\" content=\"2026-05-08T19:19:46+00:00\" \/>\n<meta property=\"og:image\" content=\"https:\/\/www.miomiorun.com\/app\/uploads\/2021\/11\/uyn-exceleration-wind-pants-O102170-93B646.jpg\" \/>\n\t<meta property=\"og:image:width\" content=\"600\" \/>\n\t<meta property=\"og:image:height\" content=\"600\" \/>\n\t<meta property=\"og:image:type\" content=\"image\/jpeg\" \/>\n<meta name=\"twitter:card\" content=\"summary_large_image\" \/>\n<meta name=\"twitter:label1\" content=\"Est. reading time\" \/>\n\t<meta name=\"twitter:data1\" content=\"2 minutes\" \/>\n<script type=\"application\/ld+json\" class=\"yoast-schema-graph\">{\"@context\":\"https:\/\/schema.org\",\"@graph\":[{\"@type\":\"WebPage\",\"@id\":\"https:\/\/www.miomiorun.com\/fr\/produit\/uyn-exceleration-wind-pants-homme\/\",\"url\":\"https:\/\/www.miomiorun.com\/fr\/produit\/uyn-exceleration-wind-pants-homme\/\",\"name\":\"Uyn Exceleration Wind Pants homme -Pantalon thermique- MioMioRun\",\"isPartOf\":{\"@id\":\"https:\/\/www.miomiorun.com\/fr\/#website\"},\"primaryImageOfPage\":{\"@id\":\"https:\/\/www.miomiorun.com\/fr\/produit\/uyn-exceleration-wind-pants-homme\/#primaryimage\"},\"image\":{\"@id\":\"https:\/\/www.miomiorun.com\/fr\/produit\/uyn-exceleration-wind-pants-homme\/#primaryimage\"},\"thumbnailUrl\":\"https:\/\/www.miomiorun.com\/app\/uploads\/2021\/11\/uyn-exceleration-wind-pants-O102170-93B646.jpg\",\"datePublished\":\"2021-11-02T16:58:08+00:00\",\"dateModified\":\"2026-05-08T19:19:46+00:00\",\"description\":\"Le pantalon Exceleration Wind pour homme, avec empi\u00e8cement coupe-vent \u00e0 l'avant, est id\u00e9al pour la course \u00e0 pied et les activit\u00e9s de plein air.\",\"breadcrumb\":{\"@id\":\"https:\/\/www.miomiorun.com\/fr\/produit\/uyn-exceleration-wind-pants-homme\/#breadcrumb\"},\"inLanguage\":\"fr-FR\",\"potentialAction\":[{\"@type\":\"ReadAction\",\"target\":[\"https:\/\/www.miomiorun.com\/fr\/produit\/uyn-exceleration-wind-pants-homme\/\"]}]},{\"@type\":\"ImageObject\",\"inLanguage\":\"fr-FR\",\"@id\":\"https:\/\/www.miomiorun.com\/fr\/produit\/uyn-exceleration-wind-pants-homme\/#primaryimage\",\"url\":\"https:\/\/www.miomiorun.com\/app\/uploads\/2021\/11\/uyn-exceleration-wind-pants-O102170-93B646.jpg\",\"contentUrl\":\"https:\/\/www.miomiorun.com\/app\/uploads\/2021\/11\/uyn-exceleration-wind-pants-O102170-93B646.jpg\",\"width\":600,\"height\":600,\"caption\":\"uyn exceleration wind pants\"},{\"@type\":\"BreadcrumbList\",\"@id\":\"https:\/\/www.miomiorun.com\/fr\/produit\/uyn-exceleration-wind-pants-homme\/#breadcrumb\",\"itemListElement\":[{\"@type\":\"ListItem\",\"position\":1,\"name\":\"Home\",\"item\":\"https:\/\/www.miomiorun.com\/fr\/home-page\/\"},{\"@type\":\"ListItem\",\"position\":2,\"name\":\"Shop\",\"item\":\"https:\/\/www.miomiorun.com\/shop\/\"},{\"@type\":\"ListItem\",\"position\":3,\"name\":\"Exceleration Wind Pants homme\"}]},{\"@type\":\"WebSite\",\"@id\":\"https:\/\/www.miomiorun.com\/fr\/#website\",\"url\":\"https:\/\/www.miomiorun.com\/fr\/\",\"name\":\"MioMioRun\",\"description\":\"Boutique 100% running et trail\",\"publisher\":{\"@id\":\"https:\/\/www.miomiorun.com\/fr\/#organization\"},\"potentialAction\":[{\"@type\":\"SearchAction\",\"target\":{\"@type\":\"EntryPoint\",\"urlTemplate\":\"https:\/\/www.miomiorun.com\/fr\/?s={search_term_string}\"},\"query-input\":{\"@type\":\"PropertyValueSpecification\",\"valueRequired\":true,\"valueName\":\"search_term_string\"}}],\"inLanguage\":\"fr-FR\"},{\"@type\":\"Organization\",\"@id\":\"https:\/\/www.miomiorun.com\/fr\/#organization\",\"name\":\"MioMio Run\",\"url\":\"https:\/\/www.miomiorun.com\/fr\/\",\"logo\":{\"@type\":\"ImageObject\",\"inLanguage\":\"fr-FR\",\"@id\":\"https:\/\/www.miomiorun.com\/fr\/#\/schema\/logo\/image\/\",\"url\":\"https:\/\/www.miomiorun.com\/app\/uploads\/2019\/12\/logomio.png\",\"contentUrl\":\"https:\/\/www.miomiorun.com\/app\/uploads\/2019\/12\/logomio.png\",\"width\":115,\"height\":82,\"caption\":\"MioMio Run\"},\"image\":{\"@id\":\"https:\/\/www.miomiorun.com\/fr\/#\/schema\/logo\/image\/\"},\"sameAs\":[\"https:\/\/www.facebook.com\/miomiorun\/\",\"https:\/\/www.instagram.com\/miomiorun\/\"]}]}<\/script>\n<!-- \/ Yoast SEO plugin. -->","yoast_head_json":{"title":"Uyn Exceleration Wind Pants homme -Pantalon thermique- MioMioRun","description":"Le pantalon Exceleration Wind pour homme, avec empi\u00e8cement coupe-vent \u00e0 l'avant, est id\u00e9al pour la course \u00e0 pied et les activit\u00e9s de plein air.","robots":{"index":"index","follow":"follow","max-snippet":"max-snippet:-1","max-image-preview":"max-image-preview:large","max-video-preview":"max-video-preview:-1"},"canonical":"https:\/\/www.miomiorun.com\/fr\/produit\/uyn-exceleration-wind-pants-homme\/","og_locale":"fr_FR","og_type":"article","og_title":"Uyn Exceleration Wind Pants homme -Pantalon thermique- MioMioRun","og_description":"Le pantalon Exceleration Wind pour homme, avec empi\u00e8cement coupe-vent \u00e0 l'avant, est id\u00e9al pour la course \u00e0 pied et les activit\u00e9s de plein air.","og_url":"https:\/\/www.miomiorun.com\/fr\/produit\/uyn-exceleration-wind-pants-homme\/","og_site_name":"MioMioRun","article_publisher":"https:\/\/www.facebook.com\/miomiorun\/","article_modified_time":"2026-05-08T19:19:46+00:00","og_image":[{"width":600,"height":600,"url":"https:\/\/www.miomiorun.com\/app\/uploads\/2021\/11\/uyn-exceleration-wind-pants-O102170-93B646.jpg","type":"image\/jpeg"}],"twitter_card":"summary_large_image","twitter_misc":{"Est. reading time":"2 minutes"},"schema":{"@context":"https:\/\/schema.org","@graph":[{"@type":"WebPage","@id":"https:\/\/www.miomiorun.com\/fr\/produit\/uyn-exceleration-wind-pants-homme\/","url":"https:\/\/www.miomiorun.com\/fr\/produit\/uyn-exceleration-wind-pants-homme\/","name":"Uyn Exceleration Wind Pants homme -Pantalon thermique- MioMioRun","isPartOf":{"@id":"https:\/\/www.miomiorun.com\/fr\/#website"},"primaryImageOfPage":{"@id":"https:\/\/www.miomiorun.com\/fr\/produit\/uyn-exceleration-wind-pants-homme\/#primaryimage"},"image":{"@id":"https:\/\/www.miomiorun.com\/fr\/produit\/uyn-exceleration-wind-pants-homme\/#primaryimage"},"thumbnailUrl":"https:\/\/www.miomiorun.com\/app\/uploads\/2021\/11\/uyn-exceleration-wind-pants-O102170-93B646.jpg","datePublished":"2021-11-02T16:58:08+00:00","dateModified":"2026-05-08T19:19:46+00:00","description":"Le pantalon Exceleration Wind pour homme, avec empi\u00e8cement coupe-vent \u00e0 l'avant, est id\u00e9al pour la course \u00e0 pied et les activit\u00e9s de plein air.","breadcrumb":{"@id":"https:\/\/www.miomiorun.com\/fr\/produit\/uyn-exceleration-wind-pants-homme\/#breadcrumb"},"inLanguage":"fr-FR","potentialAction":[{"@type":"ReadAction","target":["https:\/\/www.miomiorun.com\/fr\/produit\/uyn-exceleration-wind-pants-homme\/"]}]},{"@type":"ImageObject","inLanguage":"fr-FR","@id":"https:\/\/www.miomiorun.com\/fr\/produit\/uyn-exceleration-wind-pants-homme\/#primaryimage","url":"https:\/\/www.miomiorun.com\/app\/uploads\/2021\/11\/uyn-exceleration-wind-pants-O102170-93B646.jpg","contentUrl":"https:\/\/www.miomiorun.com\/app\/uploads\/2021\/11\/uyn-exceleration-wind-pants-O102170-93B646.jpg","width":600,"height":600,"caption":"uyn exceleration wind pants"},{"@type":"BreadcrumbList","@id":"https:\/\/www.miomiorun.com\/fr\/produit\/uyn-exceleration-wind-pants-homme\/#breadcrumb","itemListElement":[{"@type":"ListItem","position":1,"name":"Home","item":"https:\/\/www.miomiorun.com\/fr\/home-page\/"},{"@type":"ListItem","position":2,"name":"Shop","item":"https:\/\/www.miomiorun.com\/shop\/"},{"@type":"ListItem","position":3,"name":"Exceleration Wind Pants homme"}]},{"@type":"WebSite","@id":"https:\/\/www.miomiorun.com\/fr\/#website","url":"https:\/\/www.miomiorun.com\/fr\/","name":"MioMioRun","description":"Boutique 100% running et trail","publisher":{"@id":"https:\/\/www.miomiorun.com\/fr\/#organization"},"potentialAction":[{"@type":"SearchAction","target":{"@type":"EntryPoint","urlTemplate":"https:\/\/www.miomiorun.com\/fr\/?s={search_term_string}"},"query-input":{"@type":"PropertyValueSpecification","valueRequired":true,"valueName":"search_term_string"}}],"inLanguage":"fr-FR"},{"@type":"Organization","@id":"https:\/\/www.miomiorun.com\/fr\/#organization","name":"MioMio Run","url":"https:\/\/www.miomiorun.com\/fr\/","logo":{"@type":"ImageObject","inLanguage":"fr-FR","@id":"https:\/\/www.miomiorun.com\/fr\/#\/schema\/logo\/image\/","url":"https:\/\/www.miomiorun.com\/app\/uploads\/2019\/12\/logomio.png","contentUrl":"https:\/\/www.miomiorun.com\/app\/uploads\/2019\/12\/logomio.png","width":115,"height":82,"caption":"MioMio Run"},"image":{"@id":"https:\/\/www.miomiorun.com\/fr\/#\/schema\/logo\/image\/"},"sameAs":["https:\/\/www.facebook.com\/miomiorun\/","https:\/\/www.instagram.com\/miomiorun\/"]}]}},"_links":{"self":[{"href":"https:\/\/www.miomiorun.com\/fr\/wp-json\/wp\/v2\/product\/281435","targetHints":{"allow":["GET"]}}],"collection":[{"href":"https:\/\/www.miomiorun.com\/fr\/wp-json\/wp\/v2\/product"}],"about":[{"href":"https:\/\/www.miomiorun.com\/fr\/wp-json\/wp\/v2\/types\/product"}],"wp:featuredmedia":[{"embeddable":true,"href":"https:\/\/www.miomiorun.com\/fr\/wp-json\/wp\/v2\/media\/234331"}],"wp:attachment":[{"href":"https:\/\/www.miomiorun.com\/fr\/wp-json\/wp\/v2\/media?parent=281435"}],"wp:term":[{"taxonomy":"product_brand","embeddable":true,"href":"https:\/\/www.miomiorun.com\/fr\/wp-json\/wp\/v2\/product_brand?post=281435"},{"taxonomy":"product_cat","embeddable":true,"href":"https:\/\/www.miomiorun.com\/fr\/wp-json\/wp\/v2\/product_cat?post=281435"},{"taxonomy":"product_tag","embeddable":true,"href":"https:\/\/www.miomiorun.com\/fr\/wp-json\/wp\/v2\/product_tag?post=281435"}],"curies":[{"name":"wp","href":"https:\/\/api.w.org\/{rel}","templated":true}]}}