{"id":281432,"date":"2021-11-03T10:38:35","date_gmt":"2021-11-03T09:38:35","guid":{"rendered":"https:\/\/miomiorun.com\/prodotto\/leki-hs-nordic-race-premium\/"},"modified":"2026-05-08T21:19:48","modified_gmt":"2026-05-08T19:19:48","slug":"leki-hs-nordic-race-premium","status":"publish","type":"product","link":"https:\/\/www.miomiorun.com\/fr\/produit\/leki-hs-nordic-race-premium\/","title":{"rendered":"HS Nordic Race Premium"},"content":{"rendered":"<p id=\"tw-target-text\" class=\"tw-data-text tw-text-large XcVN5d tw-ta\" dir=\"ltr\" data-placeholder=\"Traduzione\"><span class=\"Y2IQFc\" lang=\"it\">Les gants nordiques fonctionnels de Leki <strong>NORDIC RACE PREMIUM <\/strong>vous offrent tout ce qu&#8217;un gant nordique peut offrir \u00e0 la perfection. Le mat\u00e9riau Soft Span de la tige est tr\u00e8s \u00e9lastique gr\u00e2ce \u00e0 son stretch dans 4 directions et rend chaque mouvement de la main sans effort. La paume est en cuir de ch\u00e8vre premium de haute qualit\u00e9. Le cuir est extr\u00eamement \u00e9lastique et offre une prise en main fiable. La doublure <strong>Gore-Tex Infinium\u2122<\/strong> garantit un climat id\u00e9al pour la main gr\u00e2ce \u00e0 sa respirabilit\u00e9 et sa r\u00e9sistance au vent. Le <strong>Flex Cuff System<\/strong> facilite l&#8217;enfilage et le retrait, et offre un ajustement optimal au poignet. <\/span><\/p>\n<p class=\"tw-data-text tw-text-large XcVN5d tw-ta\" dir=\"ltr\" data-placeholder=\"Traduzione\"><span class=\"Y2IQFc\" lang=\"it\">Cela rend le Nordic Race Premium de LEKI id\u00e9al pour les athl\u00e8tes ambitieux \u00e0 l&#8217;entra\u00eenement et en comp\u00e9tition.<\/span><\/p>\n<p dir=\"ltr\" data-placeholder=\"Traduzione\"><strong>Caract\u00e9ristiques :<\/strong><\/p>\n<p class=\"tw-data-text tw-text-large XcVN5d tw-ta\" dir=\"ltr\" data-placeholder=\"Traduzione\"><span class=\"Y2IQFc\" lang=\"it\"><strong> Manchette flexible<\/strong> : m<\/span><span class=\"Y2IQFc\" lang=\"it\">anicotto en n\u00e9opr\u00e8ne flexible pour un enfilage et un retrait faciles et un ajustement individuel id\u00e9al au niveau du poignet. <\/span><\/p>\n<p class=\"tw-data-text tw-text-large XcVN5d tw-ta\" dir=\"ltr\" data-placeholder=\"Traduzione\"><span class=\"Y2IQFc\" lang=\"it\"><strong> Cuir de ch\u00e8vre haut de gamme :<\/strong> cuir de ch\u00e8vre de haute qualit\u00e9 et r\u00e9sistant pour une meilleure adh\u00e9rence et une meilleure \u00e9lasticit\u00e9. <\/span><\/p>\n<p class=\"tw-data-text tw-text-large XcVN5d tw-ta\" dir=\"ltr\" data-placeholder=\"Traduzione\"><span class=\"Y2IQFc\" lang=\"it\"><strong> Gore-Tex Infinium \u2122 Windstopper\u00ae :<\/strong> doublure lamin\u00e9e de la marque Gore, coupe-vent permanent et hautement respirant, agr\u00e9ablement doux et chaud. <\/span><\/p>\n<p class=\"tw-data-text tw-text-large XcVN5d tw-ta\" dir=\"ltr\" data-placeholder=\"Traduzione\"><span class=\"Y2IQFc\" lang=\"it\"><strong> Micro Bemberg :<\/strong> hydrofuge, s\u00e9chage rapide, agr\u00e9ablement doux et chaud. <\/span><\/p>\n<p class=\"tw-data-text tw-text-large XcVN5d tw-ta\" dir=\"ltr\" data-placeholder=\"Traduzione\"><span class=\"Y2IQFc\" lang=\"it\"><strong> Nordic Race Fit :<\/strong> coupe \u00e9troite avec forte pr\u00e9-courbure pour une adh\u00e9rence maximale. <\/span><\/p>\n","protected":false},"excerpt":{"rendered":"<p><span style=\"font-weight: 400\">\u00a0<\/span><\/p>\n<p>&nbsp;<\/p>\n","protected":false},"featured_media":234329,"template":"","meta":{"_acf_changed":false,"inline_featured_image":false},"product_brand":[],"product_cat":[22581,22538],"product_tag":[23596,24173,23626],"class_list":{"0":"post-281432","1":"product","2":"type-product","3":"status-publish","4":"has-post-thumbnail","6":"product_cat-gants","7":"product_cat-accessoires","8":"product_tag-leki-fr","9":"product_tag-leki-femme","10":"product_tag-leki-homme","11":"pa_attivita-outdoor-fr","12":"pa_marca-leki-fr","13":"pa_sesso-femme","14":"pa_sesso-homme","15":"pa_size-7-fr","16":"pa_size-7-5-fr","17":"pa_size-9-fr","18":"pa_size-9-5-fr","19":"pa_size-10-fr","21":"first","22":"instock","23":"sale","24":"taxable","25":"shipping-taxable","26":"purchasable","27":"product-type-variable","28":"wvs-archive-product-wrapper"},"acf":[],"yoast_head":"<!-- This site is optimized with the Yoast SEO plugin v26.8 - https:\/\/yoast.com\/product\/yoast-seo-wordpress\/ -->\n<title>Leki HS Nordic Race Premium - Gants de course - MioMioRun<\/title>\n<meta name=\"description\" content=\"Les gants nordiques fonctionnels Leki NORDIC RACE PREMIUM vous offrent tout ce qu&#039;un gant nordique peut offrir \u00e0 la perfection.\" \/>\n<meta name=\"robots\" content=\"index, follow, max-snippet:-1, max-image-preview:large, max-video-preview:-1\" \/>\n<link rel=\"canonical\" href=\"https:\/\/www.miomiorun.com\/fr\/produit\/leki-hs-nordic-race-premium\/\" \/>\n<meta property=\"og:locale\" content=\"fr_FR\" \/>\n<meta property=\"og:type\" content=\"article\" \/>\n<meta property=\"og:title\" content=\"Leki HS Nordic Race Premium - Gants de course - MioMioRun\" \/>\n<meta property=\"og:description\" content=\"Les gants nordiques fonctionnels Leki NORDIC RACE PREMIUM vous offrent tout ce qu&#039;un gant nordique peut offrir \u00e0 la perfection.\" \/>\n<meta property=\"og:url\" content=\"https:\/\/www.miomiorun.com\/fr\/produit\/leki-hs-nordic-race-premium\/\" \/>\n<meta property=\"og:site_name\" content=\"MioMioRun\" \/>\n<meta property=\"article:publisher\" content=\"https:\/\/www.facebook.com\/miomiorun\/\" \/>\n<meta property=\"article:modified_time\" content=\"2026-05-08T19:19:48+00:00\" \/>\n<meta property=\"og:image\" content=\"https:\/\/www.miomiorun.com\/app\/uploads\/2021\/11\/leki-HS-Nordic-Race-Premium-65190330.jpg\" \/>\n\t<meta property=\"og:image:width\" content=\"600\" \/>\n\t<meta property=\"og:image:height\" content=\"600\" \/>\n\t<meta property=\"og:image:type\" content=\"image\/jpeg\" \/>\n<meta name=\"twitter:card\" content=\"summary_large_image\" \/>\n<meta name=\"twitter:label1\" content=\"Est. reading time\" \/>\n\t<meta name=\"twitter:data1\" content=\"1 minute\" \/>\n<script type=\"application\/ld+json\" class=\"yoast-schema-graph\">{\"@context\":\"https:\/\/schema.org\",\"@graph\":[{\"@type\":\"WebPage\",\"@id\":\"https:\/\/www.miomiorun.com\/fr\/produit\/leki-hs-nordic-race-premium\/\",\"url\":\"https:\/\/www.miomiorun.com\/fr\/produit\/leki-hs-nordic-race-premium\/\",\"name\":\"Leki HS Nordic Race Premium - Gants de course - MioMioRun\",\"isPartOf\":{\"@id\":\"https:\/\/www.miomiorun.com\/fr\/#website\"},\"primaryImageOfPage\":{\"@id\":\"https:\/\/www.miomiorun.com\/fr\/produit\/leki-hs-nordic-race-premium\/#primaryimage\"},\"image\":{\"@id\":\"https:\/\/www.miomiorun.com\/fr\/produit\/leki-hs-nordic-race-premium\/#primaryimage\"},\"thumbnailUrl\":\"https:\/\/www.miomiorun.com\/app\/uploads\/2021\/11\/leki-HS-Nordic-Race-Premium-65190330.jpg\",\"datePublished\":\"2021-11-03T09:38:35+00:00\",\"dateModified\":\"2026-05-08T19:19:48+00:00\",\"description\":\"Les gants nordiques fonctionnels Leki NORDIC RACE PREMIUM vous offrent tout ce qu'un gant nordique peut offrir \u00e0 la perfection.\",\"breadcrumb\":{\"@id\":\"https:\/\/www.miomiorun.com\/fr\/produit\/leki-hs-nordic-race-premium\/#breadcrumb\"},\"inLanguage\":\"fr-FR\",\"potentialAction\":[{\"@type\":\"ReadAction\",\"target\":[\"https:\/\/www.miomiorun.com\/fr\/produit\/leki-hs-nordic-race-premium\/\"]}]},{\"@type\":\"ImageObject\",\"inLanguage\":\"fr-FR\",\"@id\":\"https:\/\/www.miomiorun.com\/fr\/produit\/leki-hs-nordic-race-premium\/#primaryimage\",\"url\":\"https:\/\/www.miomiorun.com\/app\/uploads\/2021\/11\/leki-HS-Nordic-Race-Premium-65190330.jpg\",\"contentUrl\":\"https:\/\/www.miomiorun.com\/app\/uploads\/2021\/11\/leki-HS-Nordic-Race-Premium-65190330.jpg\",\"width\":600,\"height\":600,\"caption\":\"leki hs nordic race premium\"},{\"@type\":\"BreadcrumbList\",\"@id\":\"https:\/\/www.miomiorun.com\/fr\/produit\/leki-hs-nordic-race-premium\/#breadcrumb\",\"itemListElement\":[{\"@type\":\"ListItem\",\"position\":1,\"name\":\"Home\",\"item\":\"https:\/\/www.miomiorun.com\/fr\/home-page\/\"},{\"@type\":\"ListItem\",\"position\":2,\"name\":\"Shop\",\"item\":\"https:\/\/www.miomiorun.com\/shop\/\"},{\"@type\":\"ListItem\",\"position\":3,\"name\":\"HS Nordic Race Premium\"}]},{\"@type\":\"WebSite\",\"@id\":\"https:\/\/www.miomiorun.com\/fr\/#website\",\"url\":\"https:\/\/www.miomiorun.com\/fr\/\",\"name\":\"MioMioRun\",\"description\":\"Boutique 100% running et trail\",\"publisher\":{\"@id\":\"https:\/\/www.miomiorun.com\/fr\/#organization\"},\"potentialAction\":[{\"@type\":\"SearchAction\",\"target\":{\"@type\":\"EntryPoint\",\"urlTemplate\":\"https:\/\/www.miomiorun.com\/fr\/?s={search_term_string}\"},\"query-input\":{\"@type\":\"PropertyValueSpecification\",\"valueRequired\":true,\"valueName\":\"search_term_string\"}}],\"inLanguage\":\"fr-FR\"},{\"@type\":\"Organization\",\"@id\":\"https:\/\/www.miomiorun.com\/fr\/#organization\",\"name\":\"MioMio Run\",\"url\":\"https:\/\/www.miomiorun.com\/fr\/\",\"logo\":{\"@type\":\"ImageObject\",\"inLanguage\":\"fr-FR\",\"@id\":\"https:\/\/www.miomiorun.com\/fr\/#\/schema\/logo\/image\/\",\"url\":\"https:\/\/www.miomiorun.com\/app\/uploads\/2019\/12\/logomio.png\",\"contentUrl\":\"https:\/\/www.miomiorun.com\/app\/uploads\/2019\/12\/logomio.png\",\"width\":115,\"height\":82,\"caption\":\"MioMio Run\"},\"image\":{\"@id\":\"https:\/\/www.miomiorun.com\/fr\/#\/schema\/logo\/image\/\"},\"sameAs\":[\"https:\/\/www.facebook.com\/miomiorun\/\",\"https:\/\/www.instagram.com\/miomiorun\/\"]}]}<\/script>\n<!-- \/ Yoast SEO plugin. -->","yoast_head_json":{"title":"Leki HS Nordic Race Premium - Gants de course - MioMioRun","description":"Les gants nordiques fonctionnels Leki NORDIC RACE PREMIUM vous offrent tout ce qu'un gant nordique peut offrir \u00e0 la perfection.","robots":{"index":"index","follow":"follow","max-snippet":"max-snippet:-1","max-image-preview":"max-image-preview:large","max-video-preview":"max-video-preview:-1"},"canonical":"https:\/\/www.miomiorun.com\/fr\/produit\/leki-hs-nordic-race-premium\/","og_locale":"fr_FR","og_type":"article","og_title":"Leki HS Nordic Race Premium - Gants de course - MioMioRun","og_description":"Les gants nordiques fonctionnels Leki NORDIC RACE PREMIUM vous offrent tout ce qu'un gant nordique peut offrir \u00e0 la perfection.","og_url":"https:\/\/www.miomiorun.com\/fr\/produit\/leki-hs-nordic-race-premium\/","og_site_name":"MioMioRun","article_publisher":"https:\/\/www.facebook.com\/miomiorun\/","article_modified_time":"2026-05-08T19:19:48+00:00","og_image":[{"width":600,"height":600,"url":"https:\/\/www.miomiorun.com\/app\/uploads\/2021\/11\/leki-HS-Nordic-Race-Premium-65190330.jpg","type":"image\/jpeg"}],"twitter_card":"summary_large_image","twitter_misc":{"Est. reading time":"1 minute"},"schema":{"@context":"https:\/\/schema.org","@graph":[{"@type":"WebPage","@id":"https:\/\/www.miomiorun.com\/fr\/produit\/leki-hs-nordic-race-premium\/","url":"https:\/\/www.miomiorun.com\/fr\/produit\/leki-hs-nordic-race-premium\/","name":"Leki HS Nordic Race Premium - Gants de course - MioMioRun","isPartOf":{"@id":"https:\/\/www.miomiorun.com\/fr\/#website"},"primaryImageOfPage":{"@id":"https:\/\/www.miomiorun.com\/fr\/produit\/leki-hs-nordic-race-premium\/#primaryimage"},"image":{"@id":"https:\/\/www.miomiorun.com\/fr\/produit\/leki-hs-nordic-race-premium\/#primaryimage"},"thumbnailUrl":"https:\/\/www.miomiorun.com\/app\/uploads\/2021\/11\/leki-HS-Nordic-Race-Premium-65190330.jpg","datePublished":"2021-11-03T09:38:35+00:00","dateModified":"2026-05-08T19:19:48+00:00","description":"Les gants nordiques fonctionnels Leki NORDIC RACE PREMIUM vous offrent tout ce qu'un gant nordique peut offrir \u00e0 la perfection.","breadcrumb":{"@id":"https:\/\/www.miomiorun.com\/fr\/produit\/leki-hs-nordic-race-premium\/#breadcrumb"},"inLanguage":"fr-FR","potentialAction":[{"@type":"ReadAction","target":["https:\/\/www.miomiorun.com\/fr\/produit\/leki-hs-nordic-race-premium\/"]}]},{"@type":"ImageObject","inLanguage":"fr-FR","@id":"https:\/\/www.miomiorun.com\/fr\/produit\/leki-hs-nordic-race-premium\/#primaryimage","url":"https:\/\/www.miomiorun.com\/app\/uploads\/2021\/11\/leki-HS-Nordic-Race-Premium-65190330.jpg","contentUrl":"https:\/\/www.miomiorun.com\/app\/uploads\/2021\/11\/leki-HS-Nordic-Race-Premium-65190330.jpg","width":600,"height":600,"caption":"leki hs nordic race premium"},{"@type":"BreadcrumbList","@id":"https:\/\/www.miomiorun.com\/fr\/produit\/leki-hs-nordic-race-premium\/#breadcrumb","itemListElement":[{"@type":"ListItem","position":1,"name":"Home","item":"https:\/\/www.miomiorun.com\/fr\/home-page\/"},{"@type":"ListItem","position":2,"name":"Shop","item":"https:\/\/www.miomiorun.com\/shop\/"},{"@type":"ListItem","position":3,"name":"HS Nordic Race Premium"}]},{"@type":"WebSite","@id":"https:\/\/www.miomiorun.com\/fr\/#website","url":"https:\/\/www.miomiorun.com\/fr\/","name":"MioMioRun","description":"Boutique 100% running et trail","publisher":{"@id":"https:\/\/www.miomiorun.com\/fr\/#organization"},"potentialAction":[{"@type":"SearchAction","target":{"@type":"EntryPoint","urlTemplate":"https:\/\/www.miomiorun.com\/fr\/?s={search_term_string}"},"query-input":{"@type":"PropertyValueSpecification","valueRequired":true,"valueName":"search_term_string"}}],"inLanguage":"fr-FR"},{"@type":"Organization","@id":"https:\/\/www.miomiorun.com\/fr\/#organization","name":"MioMio Run","url":"https:\/\/www.miomiorun.com\/fr\/","logo":{"@type":"ImageObject","inLanguage":"fr-FR","@id":"https:\/\/www.miomiorun.com\/fr\/#\/schema\/logo\/image\/","url":"https:\/\/www.miomiorun.com\/app\/uploads\/2019\/12\/logomio.png","contentUrl":"https:\/\/www.miomiorun.com\/app\/uploads\/2019\/12\/logomio.png","width":115,"height":82,"caption":"MioMio Run"},"image":{"@id":"https:\/\/www.miomiorun.com\/fr\/#\/schema\/logo\/image\/"},"sameAs":["https:\/\/www.facebook.com\/miomiorun\/","https:\/\/www.instagram.com\/miomiorun\/"]}]}},"_links":{"self":[{"href":"https:\/\/www.miomiorun.com\/fr\/wp-json\/wp\/v2\/product\/281432","targetHints":{"allow":["GET"]}}],"collection":[{"href":"https:\/\/www.miomiorun.com\/fr\/wp-json\/wp\/v2\/product"}],"about":[{"href":"https:\/\/www.miomiorun.com\/fr\/wp-json\/wp\/v2\/types\/product"}],"wp:featuredmedia":[{"embeddable":true,"href":"https:\/\/www.miomiorun.com\/fr\/wp-json\/wp\/v2\/media\/234329"}],"wp:attachment":[{"href":"https:\/\/www.miomiorun.com\/fr\/wp-json\/wp\/v2\/media?parent=281432"}],"wp:term":[{"taxonomy":"product_brand","embeddable":true,"href":"https:\/\/www.miomiorun.com\/fr\/wp-json\/wp\/v2\/product_brand?post=281432"},{"taxonomy":"product_cat","embeddable":true,"href":"https:\/\/www.miomiorun.com\/fr\/wp-json\/wp\/v2\/product_cat?post=281432"},{"taxonomy":"product_tag","embeddable":true,"href":"https:\/\/www.miomiorun.com\/fr\/wp-json\/wp\/v2\/product_tag?post=281432"}],"curies":[{"name":"wp","href":"https:\/\/api.w.org\/{rel}","templated":true}]}}