{"id":281426,"date":"2021-11-02T12:07:41","date_gmt":"2021-11-02T11:07:41","guid":{"rendered":"https:\/\/miomiorun.com\/prodotto\/brooks-carbonite-socks\/"},"modified":"2025-12-23T17:19:39","modified_gmt":"2025-12-23T16:19:39","slug":"brooks-carbonite-socks","status":"publish","type":"product","link":"https:\/\/www.miomiorun.com\/fr\/produit\/brooks-carbonite-socks\/","title":{"rendered":"Carbonite Socks"},"content":{"rendered":"<p>Les nouvelles chaussettes de course unisexes Brooks de la gamme <strong>Carnonite<\/strong> sont con\u00e7ues pour \u00eatre utilis\u00e9es lors de courses nocturnes.<\/p>\n<p>Si vous vous entra\u00eenez apr\u00e8s le coucher du soleil, vous ne pourrez plus vous passer de ces chaussettes de course respirantes et visibles gr\u00e2ce \u00e0 leurs propri\u00e9t\u00e9s r\u00e9fl\u00e9chissantes.<\/p>\n<div class=\"o-feature-callout__feature-copy\">\n<h3 class=\"a-type-h4 o-feature-callout__feature-eyebrow\">Visibilit\u00e9 \u00e0 360\u00b0<\/h3>\n<p class=\"a-type-h3--big o-feature-callout__feature-header\"><strong>Visibles dans l&#8217;obscurit\u00e9<\/strong><\/p>\n<p class=\"a-type-p o-feature-callout__feature-body\">Inserts r\u00e9fl\u00e9chissants en 3M\u2122 Scotchlite\u2122 Carbon Black Stretch plac\u00e9s aux endroits les plus sollicit\u00e9s par le mouvement pour vous rendre visible \u00e0 une distance de plus de 180 m\u00e8tres.<\/p>\n<div class=\"o-feature-callout__feature-copy\">\n<h3 class=\"a-type-h4 o-feature-callout__feature-eyebrow\">Compression et amorti<\/h3>\n<p class=\"a-type-h3--big o-feature-callout__feature-header\"><strong>Coupe ajust\u00e9e et enveloppante<\/strong><\/p>\n<p class=\"a-type-p o-feature-callout__feature-body\">Compression cibl\u00e9e de la vo\u00fbte plantaire et amorti suppl\u00e9mentaire au talon et \u00e0 la pointe, pour un ajustement stable.<\/p>\n<div class=\"o-feature-callout__feature-copy\">\n<h3 class=\"a-type-h4 o-feature-callout__feature-eyebrow\">Fra\u00eecheur maximale<\/h3>\n<p class=\"a-type-h3--big o-feature-callout__feature-header\"><strong>Respirant<\/strong><\/p>\n<p class=\"a-type-p o-feature-callout__feature-body\">Le tissu respirant DriLayer\u00ae \u00e9vacue l&#8217;exc\u00e8s de chaleur pour rendre chaque course plus agr\u00e9able. <\/p>\n<p><strong>Caract\u00e9ristiques :<\/strong><\/p>\n<ul>\n<li>Visible dans l&#8217;obscurit\u00e9.<\/li>\n<li>Coupe ajust\u00e9e et enveloppante.<\/li>\n<li>Respirant.<\/li>\n<\/ul>\n<p>&nbsp;<\/p>\n<\/div>\n<\/div>\n<\/div>\n","protected":false},"excerpt":{"rendered":"<p>Les nouvelles chaussettes de course unisexes Brooks de la gamme Carnonite sont con\u00e7ues pour \u00eatre utilis\u00e9es lors de courses nocturnes. Si vous vous entra\u00eenez apr\u00e8s le coucher du soleil, vous ne pourrez plus vous passer de ces chaussettes de course respirantes et visibles gr\u00e2ce \u00e0 leurs propri\u00e9t\u00e9s r\u00e9fl\u00e9chissantes. Visibilit\u00e9 \u00e0 360\u00b0 Visibles dans l&#8217;obscurit\u00e9 Inserts &hellip; <a href=\"https:\/\/www.miomiorun.com\/fr\/produit\/brooks-carbonite-socks\/\">Continued<\/a><\/p>\n","protected":false},"featured_media":234311,"template":"","meta":{"_acf_changed":false,"inline_featured_image":false},"product_brand":[],"product_cat":[22597,24256,22596,24482,24484,22595],"product_tag":[23462,23656,23655],"class_list":{"0":"post-281426","1":"product","2":"type-product","3":"status-publish","4":"has-post-thumbnail","6":"product_cat-chaussettes","7":"product_cat-chaussettes-fr","8":"product_cat-vetements-pour-femmes","9":"product_cat-vetements-pour-hommes-fr","10":"product_cat-homme","11":"product_cat-femme","12":"product_tag-brooks-fr","13":"product_tag-brooks-femme","14":"product_tag-brooks-homme","15":"pa_attivita-marcher","16":"pa_attivita-running-fr","17":"pa_colore-carbonite-socks-asphalt-nightlife-white-fr","18":"pa_marca-brooks-fr","19":"pa_sesso-femme","20":"pa_sesso-homme","21":"pa_size-38-41-fr","23":"first","24":"instock","25":"sale","26":"taxable","27":"shipping-taxable","28":"purchasable","29":"product-type-variable","30":"wvs-archive-product-wrapper"},"acf":[],"yoast_head":"<!-- This site is optimized with the Yoast SEO plugin v26.8 - https:\/\/yoast.com\/product\/yoast-seo-wordpress\/ -->\n<title>Brooks Carbonite Socks - Chaussettes de course- MioMioRun.com<\/title>\n<meta name=\"description\" content=\"Les nouvelles chaussettes de course unisexes Brooks de la gamme Carnonite sont con\u00e7ues pour \u00eatre utilis\u00e9es lors de courses nocturnes.\" \/>\n<meta name=\"robots\" content=\"index, follow, max-snippet:-1, max-image-preview:large, max-video-preview:-1\" \/>\n<link rel=\"canonical\" href=\"https:\/\/www.miomiorun.com\/fr\/produit\/brooks-carbonite-socks\/\" \/>\n<meta property=\"og:locale\" content=\"fr_FR\" \/>\n<meta property=\"og:type\" content=\"article\" \/>\n<meta property=\"og:title\" content=\"Brooks Carbonite Socks - Chaussettes de course- MioMioRun.com\" \/>\n<meta property=\"og:description\" content=\"Les nouvelles chaussettes de course unisexes Brooks de la gamme Carnonite sont con\u00e7ues pour \u00eatre utilis\u00e9es lors de courses nocturnes.\" \/>\n<meta property=\"og:url\" content=\"https:\/\/www.miomiorun.com\/fr\/produit\/brooks-carbonite-socks\/\" \/>\n<meta property=\"og:site_name\" content=\"MioMioRun\" \/>\n<meta property=\"article:publisher\" content=\"https:\/\/www.facebook.com\/miomiorun\/\" \/>\n<meta property=\"article:modified_time\" content=\"2025-12-23T16:19:39+00:00\" \/>\n<meta property=\"og:image\" content=\"https:\/\/www.miomiorun.com\/app\/uploads\/2021\/11\/brooks-Carbonite-socks-280431-076.jpg\" \/>\n\t<meta property=\"og:image:width\" content=\"600\" \/>\n\t<meta property=\"og:image:height\" content=\"600\" \/>\n\t<meta property=\"og:image:type\" content=\"image\/jpeg\" \/>\n<meta name=\"twitter:card\" content=\"summary_large_image\" \/>\n<meta name=\"twitter:label1\" content=\"Est. reading time\" \/>\n\t<meta name=\"twitter:data1\" content=\"1 minute\" \/>\n<script type=\"application\/ld+json\" class=\"yoast-schema-graph\">{\"@context\":\"https:\/\/schema.org\",\"@graph\":[{\"@type\":\"WebPage\",\"@id\":\"https:\/\/www.miomiorun.com\/fr\/produit\/brooks-carbonite-socks\/\",\"url\":\"https:\/\/www.miomiorun.com\/fr\/produit\/brooks-carbonite-socks\/\",\"name\":\"Brooks Carbonite Socks - Chaussettes de course- MioMioRun.com\",\"isPartOf\":{\"@id\":\"https:\/\/www.miomiorun.com\/fr\/#website\"},\"primaryImageOfPage\":{\"@id\":\"https:\/\/www.miomiorun.com\/fr\/produit\/brooks-carbonite-socks\/#primaryimage\"},\"image\":{\"@id\":\"https:\/\/www.miomiorun.com\/fr\/produit\/brooks-carbonite-socks\/#primaryimage\"},\"thumbnailUrl\":\"https:\/\/www.miomiorun.com\/app\/uploads\/2021\/11\/brooks-Carbonite-socks-280431-076.jpg\",\"datePublished\":\"2021-11-02T11:07:41+00:00\",\"dateModified\":\"2025-12-23T16:19:39+00:00\",\"description\":\"Les nouvelles chaussettes de course unisexes Brooks de la gamme Carnonite sont con\u00e7ues pour \u00eatre utilis\u00e9es lors de courses nocturnes.\",\"breadcrumb\":{\"@id\":\"https:\/\/www.miomiorun.com\/fr\/produit\/brooks-carbonite-socks\/#breadcrumb\"},\"inLanguage\":\"fr-FR\",\"potentialAction\":[{\"@type\":\"ReadAction\",\"target\":[\"https:\/\/www.miomiorun.com\/fr\/produit\/brooks-carbonite-socks\/\"]}]},{\"@type\":\"ImageObject\",\"inLanguage\":\"fr-FR\",\"@id\":\"https:\/\/www.miomiorun.com\/fr\/produit\/brooks-carbonite-socks\/#primaryimage\",\"url\":\"https:\/\/www.miomiorun.com\/app\/uploads\/2021\/11\/brooks-Carbonite-socks-280431-076.jpg\",\"contentUrl\":\"https:\/\/www.miomiorun.com\/app\/uploads\/2021\/11\/brooks-Carbonite-socks-280431-076.jpg\",\"width\":600,\"height\":600,\"caption\":\"brooks carbononite socks\"},{\"@type\":\"BreadcrumbList\",\"@id\":\"https:\/\/www.miomiorun.com\/fr\/produit\/brooks-carbonite-socks\/#breadcrumb\",\"itemListElement\":[{\"@type\":\"ListItem\",\"position\":1,\"name\":\"Home\",\"item\":\"https:\/\/www.miomiorun.com\/fr\/home-page\/\"},{\"@type\":\"ListItem\",\"position\":2,\"name\":\"Shop\",\"item\":\"https:\/\/www.miomiorun.com\/shop\/\"},{\"@type\":\"ListItem\",\"position\":3,\"name\":\"Carbonite Socks\"}]},{\"@type\":\"WebSite\",\"@id\":\"https:\/\/www.miomiorun.com\/fr\/#website\",\"url\":\"https:\/\/www.miomiorun.com\/fr\/\",\"name\":\"MioMioRun\",\"description\":\"Boutique 100% running et trail\",\"publisher\":{\"@id\":\"https:\/\/www.miomiorun.com\/fr\/#organization\"},\"potentialAction\":[{\"@type\":\"SearchAction\",\"target\":{\"@type\":\"EntryPoint\",\"urlTemplate\":\"https:\/\/www.miomiorun.com\/fr\/?s={search_term_string}\"},\"query-input\":{\"@type\":\"PropertyValueSpecification\",\"valueRequired\":true,\"valueName\":\"search_term_string\"}}],\"inLanguage\":\"fr-FR\"},{\"@type\":\"Organization\",\"@id\":\"https:\/\/www.miomiorun.com\/fr\/#organization\",\"name\":\"MioMio Run\",\"url\":\"https:\/\/www.miomiorun.com\/fr\/\",\"logo\":{\"@type\":\"ImageObject\",\"inLanguage\":\"fr-FR\",\"@id\":\"https:\/\/www.miomiorun.com\/fr\/#\/schema\/logo\/image\/\",\"url\":\"https:\/\/www.miomiorun.com\/app\/uploads\/2019\/12\/logomio.png\",\"contentUrl\":\"https:\/\/www.miomiorun.com\/app\/uploads\/2019\/12\/logomio.png\",\"width\":115,\"height\":82,\"caption\":\"MioMio Run\"},\"image\":{\"@id\":\"https:\/\/www.miomiorun.com\/fr\/#\/schema\/logo\/image\/\"},\"sameAs\":[\"https:\/\/www.facebook.com\/miomiorun\/\",\"https:\/\/www.instagram.com\/miomiorun\/\"]}]}<\/script>\n<!-- \/ Yoast SEO plugin. -->","yoast_head_json":{"title":"Brooks Carbonite Socks - Chaussettes de course- MioMioRun.com","description":"Les nouvelles chaussettes de course unisexes Brooks de la gamme Carnonite sont con\u00e7ues pour \u00eatre utilis\u00e9es lors de courses nocturnes.","robots":{"index":"index","follow":"follow","max-snippet":"max-snippet:-1","max-image-preview":"max-image-preview:large","max-video-preview":"max-video-preview:-1"},"canonical":"https:\/\/www.miomiorun.com\/fr\/produit\/brooks-carbonite-socks\/","og_locale":"fr_FR","og_type":"article","og_title":"Brooks Carbonite Socks - Chaussettes de course- MioMioRun.com","og_description":"Les nouvelles chaussettes de course unisexes Brooks de la gamme Carnonite sont con\u00e7ues pour \u00eatre utilis\u00e9es lors de courses nocturnes.","og_url":"https:\/\/www.miomiorun.com\/fr\/produit\/brooks-carbonite-socks\/","og_site_name":"MioMioRun","article_publisher":"https:\/\/www.facebook.com\/miomiorun\/","article_modified_time":"2025-12-23T16:19:39+00:00","og_image":[{"width":600,"height":600,"url":"https:\/\/www.miomiorun.com\/app\/uploads\/2021\/11\/brooks-Carbonite-socks-280431-076.jpg","type":"image\/jpeg"}],"twitter_card":"summary_large_image","twitter_misc":{"Est. reading time":"1 minute"},"schema":{"@context":"https:\/\/schema.org","@graph":[{"@type":"WebPage","@id":"https:\/\/www.miomiorun.com\/fr\/produit\/brooks-carbonite-socks\/","url":"https:\/\/www.miomiorun.com\/fr\/produit\/brooks-carbonite-socks\/","name":"Brooks Carbonite Socks - Chaussettes de course- MioMioRun.com","isPartOf":{"@id":"https:\/\/www.miomiorun.com\/fr\/#website"},"primaryImageOfPage":{"@id":"https:\/\/www.miomiorun.com\/fr\/produit\/brooks-carbonite-socks\/#primaryimage"},"image":{"@id":"https:\/\/www.miomiorun.com\/fr\/produit\/brooks-carbonite-socks\/#primaryimage"},"thumbnailUrl":"https:\/\/www.miomiorun.com\/app\/uploads\/2021\/11\/brooks-Carbonite-socks-280431-076.jpg","datePublished":"2021-11-02T11:07:41+00:00","dateModified":"2025-12-23T16:19:39+00:00","description":"Les nouvelles chaussettes de course unisexes Brooks de la gamme Carnonite sont con\u00e7ues pour \u00eatre utilis\u00e9es lors de courses nocturnes.","breadcrumb":{"@id":"https:\/\/www.miomiorun.com\/fr\/produit\/brooks-carbonite-socks\/#breadcrumb"},"inLanguage":"fr-FR","potentialAction":[{"@type":"ReadAction","target":["https:\/\/www.miomiorun.com\/fr\/produit\/brooks-carbonite-socks\/"]}]},{"@type":"ImageObject","inLanguage":"fr-FR","@id":"https:\/\/www.miomiorun.com\/fr\/produit\/brooks-carbonite-socks\/#primaryimage","url":"https:\/\/www.miomiorun.com\/app\/uploads\/2021\/11\/brooks-Carbonite-socks-280431-076.jpg","contentUrl":"https:\/\/www.miomiorun.com\/app\/uploads\/2021\/11\/brooks-Carbonite-socks-280431-076.jpg","width":600,"height":600,"caption":"brooks carbononite socks"},{"@type":"BreadcrumbList","@id":"https:\/\/www.miomiorun.com\/fr\/produit\/brooks-carbonite-socks\/#breadcrumb","itemListElement":[{"@type":"ListItem","position":1,"name":"Home","item":"https:\/\/www.miomiorun.com\/fr\/home-page\/"},{"@type":"ListItem","position":2,"name":"Shop","item":"https:\/\/www.miomiorun.com\/shop\/"},{"@type":"ListItem","position":3,"name":"Carbonite Socks"}]},{"@type":"WebSite","@id":"https:\/\/www.miomiorun.com\/fr\/#website","url":"https:\/\/www.miomiorun.com\/fr\/","name":"MioMioRun","description":"Boutique 100% running et trail","publisher":{"@id":"https:\/\/www.miomiorun.com\/fr\/#organization"},"potentialAction":[{"@type":"SearchAction","target":{"@type":"EntryPoint","urlTemplate":"https:\/\/www.miomiorun.com\/fr\/?s={search_term_string}"},"query-input":{"@type":"PropertyValueSpecification","valueRequired":true,"valueName":"search_term_string"}}],"inLanguage":"fr-FR"},{"@type":"Organization","@id":"https:\/\/www.miomiorun.com\/fr\/#organization","name":"MioMio Run","url":"https:\/\/www.miomiorun.com\/fr\/","logo":{"@type":"ImageObject","inLanguage":"fr-FR","@id":"https:\/\/www.miomiorun.com\/fr\/#\/schema\/logo\/image\/","url":"https:\/\/www.miomiorun.com\/app\/uploads\/2019\/12\/logomio.png","contentUrl":"https:\/\/www.miomiorun.com\/app\/uploads\/2019\/12\/logomio.png","width":115,"height":82,"caption":"MioMio Run"},"image":{"@id":"https:\/\/www.miomiorun.com\/fr\/#\/schema\/logo\/image\/"},"sameAs":["https:\/\/www.facebook.com\/miomiorun\/","https:\/\/www.instagram.com\/miomiorun\/"]}]}},"_links":{"self":[{"href":"https:\/\/www.miomiorun.com\/fr\/wp-json\/wp\/v2\/product\/281426","targetHints":{"allow":["GET"]}}],"collection":[{"href":"https:\/\/www.miomiorun.com\/fr\/wp-json\/wp\/v2\/product"}],"about":[{"href":"https:\/\/www.miomiorun.com\/fr\/wp-json\/wp\/v2\/types\/product"}],"wp:featuredmedia":[{"embeddable":true,"href":"https:\/\/www.miomiorun.com\/fr\/wp-json\/wp\/v2\/media\/234311"}],"wp:attachment":[{"href":"https:\/\/www.miomiorun.com\/fr\/wp-json\/wp\/v2\/media?parent=281426"}],"wp:term":[{"taxonomy":"product_brand","embeddable":true,"href":"https:\/\/www.miomiorun.com\/fr\/wp-json\/wp\/v2\/product_brand?post=281426"},{"taxonomy":"product_cat","embeddable":true,"href":"https:\/\/www.miomiorun.com\/fr\/wp-json\/wp\/v2\/product_cat?post=281426"},{"taxonomy":"product_tag","embeddable":true,"href":"https:\/\/www.miomiorun.com\/fr\/wp-json\/wp\/v2\/product_tag?post=281426"}],"curies":[{"name":"wp","href":"https:\/\/api.w.org\/{rel}","templated":true}]}}