{"id":281412,"date":"2021-11-02T17:50:33","date_gmt":"2021-11-02T16:50:33","guid":{"rendered":"https:\/\/miomiorun.com\/prodotto\/uyn-exceleretion-pants-long-donna\/"},"modified":"2026-05-08T21:19:24","modified_gmt":"2026-05-08T19:19:24","slug":"uyn-exceleretion-pants-long-femme","status":"publish","type":"product","link":"https:\/\/www.miomiorun.com\/fr\/produit\/uyn-exceleretion-pants-long-femme\/","title":{"rendered":"Exceleretion Pants Long femme"},"content":{"rendered":"<p id=\"tw-target-text\" class=\"tw-data-text tw-text-large XcVN5d tw-ta\" dir=\"ltr\" data-placeholder=\"Traduzione\"><span class=\"Y2IQFc\" lang=\"it\">Les leggings <strong>Exceleration Long de UYN<\/strong> pour femmes ont un design minimaliste mais sont riches en fonctionnalit\u00e9s. <\/span><\/p>\n<p class=\"tw-data-text tw-text-large XcVN5d tw-ta\" dir=\"ltr\" data-placeholder=\"Traduzione\"><span class=\"Y2IQFc\" lang=\"it\">Le tissu \u00e9lastique et respirant, d\u00e9licatement gratt\u00e9 \u00e0 l&#8217;int\u00e9rieur, contribue \u00e0 une r\u00e9gulation parfaite de la temp\u00e9rature pendant les entra\u00eenements dans les mois froids. La technologie <strong>Heatmemory<\/strong> a \u00e9t\u00e9 introduite pour augmenter la capacit\u00e9 isolante qui permet aux muscles des cuisses et des mollets de rester chauds et efficaces. La taille \u00e9lastique haute est con\u00e7ue pour donner de la stabilit\u00e9 aux leggings Exceleration de UYN sans \u00eatre contraignante. <\/span><\/p>\n<p class=\"tw-data-text tw-text-large XcVN5d tw-ta\" dir=\"ltr\" data-placeholder=\"Traduzione\"><span class=\"Y2IQFc\" lang=\"it\">Gr\u00e2ce \u00e0 la chambre isolante Heatmemory, votre corps sera prot\u00e9g\u00e9 du froid. <\/span><\/p>\n<p class=\"tw-data-text tw-text-large XcVN5d tw-ta\" dir=\"ltr\" data-placeholder=\"Traduzione\"><strong><span class=\"Y2IQFc\" lang=\"it\">Caract\u00e9ristiques :<\/span><\/strong><\/p>\n<ul>\n<li class=\"tw-data-text tw-text-large XcVN5d tw-ta\" dir=\"ltr\" data-placeholder=\"Traduzione\"><span class=\"Y2IQFc\" lang=\"it\">Les structures tridimensionnelles parall\u00e8les augmentent la capacit\u00e9 du tissu \u00e0 s&#8217;\u00e9tirer et \u00e0 reprendre sa forme d&#8217;origine pour un ajustement optimal. <\/span><\/li>\n<li class=\"tw-data-text tw-text-large XcVN5d tw-ta\" dir=\"ltr\" data-placeholder=\"Traduzione\"><span class=\"Y2IQFc\" lang=\"it\">Elles servent \u00e9galement d&#8217;espaceur lorsqu&#8217;une couche suppl\u00e9mentaire est port\u00e9e et facilitent la circulation de l&#8217;air entre les deux couches. <\/span><\/li>\n<li class=\"tw-data-text tw-text-large XcVN5d tw-ta\" dir=\"ltr\" data-placeholder=\"Traduzione\"><span class=\"Y2IQFc\" lang=\"it\">Texlyte Nano : afin de garantir que les v\u00eatements \u00e9vacuent rapidement la transpiration vers l&#8217;ext\u00e9rieur et procurent une sensation de bien-\u00eatre durable, le fil Texlyte Nano a \u00e9t\u00e9 utilis\u00e9 \u00e0 des endroits strat\u00e9giques. <\/span><\/li>\n<li class=\"tw-data-text tw-text-large XcVN5d tw-ta\" dir=\"ltr\" data-placeholder=\"Traduzione\"><span class=\"Y2IQFc\" lang=\"it\">Texlyte Nano est fabriqu\u00e9 en polypropyl\u00e8ne, l&#8217;une des fibres synth\u00e9tiques les plus l\u00e9g\u00e8res du march\u00e9. <\/span><\/li>\n<li class=\"tw-data-text tw-text-large XcVN5d tw-ta\" dir=\"ltr\" data-placeholder=\"Traduzione\"><span class=\"Y2IQFc\" lang=\"it\">Il est 34 % plus l\u00e9ger que le polyester. Texlyte Nano est \u00e9galement enti\u00e8rement recyclable et donc respectueux de l&#8217;environnement. <\/span><\/li>\n<\/ul>\n","protected":false},"excerpt":{"rendered":"<p>Les leggings Exceleration Long de UYN pour femmes ont un design minimaliste mais sont riches en fonctionnalit\u00e9s. Le tissu \u00e9lastique et respirant, d\u00e9licatement gratt\u00e9 \u00e0 l&#8217;int\u00e9rieur, contribue \u00e0 une r\u00e9gulation parfaite de la temp\u00e9rature pendant les entra\u00eenements dans les mois froids. La technologie Heatmemory a \u00e9t\u00e9 introduite pour augmenter la capacit\u00e9 isolante qui permet aux &hellip; <a href=\"https:\/\/www.miomiorun.com\/fr\/produit\/uyn-exceleretion-pants-long-femme\/\">Continued<\/a><\/p>\n","protected":false},"featured_media":234335,"template":"","meta":{"_acf_changed":false,"inline_featured_image":false},"product_brand":[],"product_cat":[22603,22596,22595],"product_tag":[23526,23549],"class_list":{"0":"post-281412","1":"product","2":"type-product","3":"status-publish","4":"has-post-thumbnail","6":"product_cat-pantalon-long","7":"product_cat-vetements-pour-femmes","8":"product_cat-femme","9":"product_tag-uyn-fr","10":"product_tag-uyn-femme","11":"pa_attivita-marcher","12":"pa_attivita-running-fr","13":"pa_colore-exceleration-pants-long-w-black-cloud-fr","14":"pa_colore-exceleration-pants-long-w-plum-pink-yarr-fr","15":"pa_marca-uyn-fr","16":"pa_sesso-femme","17":"pa_size-medium-fr","18":"pa_size-large-fr","20":"first","21":"instock","22":"sale","23":"taxable","24":"shipping-taxable","25":"purchasable","26":"product-type-variable","27":"wvs-archive-product-wrapper"},"acf":[],"yoast_head":"<!-- This site is optimized with the Yoast SEO plugin v26.8 - https:\/\/yoast.com\/product\/yoast-seo-wordpress\/ -->\n<title>Uyn Exceleretion Pants Long femme - Pantalon thermique - MioMioRun<\/title>\n<meta name=\"description\" content=\"Les leggings Exceleration Long pour femmes de UYN ont un design minimaliste mais sont riches en fonctionnalit\u00e9s. Le tissu est \u00e9lastique et respirant.\" \/>\n<meta name=\"robots\" content=\"index, follow, max-snippet:-1, max-image-preview:large, max-video-preview:-1\" \/>\n<link rel=\"canonical\" href=\"https:\/\/www.miomiorun.com\/fr\/produit\/uyn-exceleretion-pants-long-femme\/\" \/>\n<meta property=\"og:locale\" content=\"fr_FR\" \/>\n<meta property=\"og:type\" content=\"article\" \/>\n<meta property=\"og:title\" content=\"Uyn Exceleretion Pants Long femme - Pantalon thermique - MioMioRun\" \/>\n<meta property=\"og:description\" content=\"Les leggings Exceleration Long pour femmes de UYN ont un design minimaliste mais sont riches en fonctionnalit\u00e9s. Le tissu est \u00e9lastique et respirant.\" \/>\n<meta property=\"og:url\" content=\"https:\/\/www.miomiorun.com\/fr\/produit\/uyn-exceleretion-pants-long-femme\/\" \/>\n<meta property=\"og:site_name\" content=\"MioMioRun\" \/>\n<meta property=\"article:publisher\" content=\"https:\/\/www.facebook.com\/miomiorun\/\" \/>\n<meta property=\"article:modified_time\" content=\"2026-05-08T19:19:24+00:00\" \/>\n<meta property=\"og:image\" content=\"https:\/\/www.miomiorun.com\/app\/uploads\/2021\/11\/uyn-exceleration-pants-long-O102175-93V187.jpg\" \/>\n\t<meta property=\"og:image:width\" content=\"600\" \/>\n\t<meta property=\"og:image:height\" content=\"600\" \/>\n\t<meta property=\"og:image:type\" content=\"image\/jpeg\" \/>\n<meta name=\"twitter:card\" content=\"summary_large_image\" \/>\n<meta name=\"twitter:label1\" content=\"Est. reading time\" \/>\n\t<meta name=\"twitter:data1\" content=\"1 minute\" \/>\n<script type=\"application\/ld+json\" class=\"yoast-schema-graph\">{\"@context\":\"https:\/\/schema.org\",\"@graph\":[{\"@type\":\"WebPage\",\"@id\":\"https:\/\/www.miomiorun.com\/fr\/produit\/uyn-exceleretion-pants-long-femme\/\",\"url\":\"https:\/\/www.miomiorun.com\/fr\/produit\/uyn-exceleretion-pants-long-femme\/\",\"name\":\"Uyn Exceleretion Pants Long femme - Pantalon thermique - MioMioRun\",\"isPartOf\":{\"@id\":\"https:\/\/www.miomiorun.com\/fr\/#website\"},\"primaryImageOfPage\":{\"@id\":\"https:\/\/www.miomiorun.com\/fr\/produit\/uyn-exceleretion-pants-long-femme\/#primaryimage\"},\"image\":{\"@id\":\"https:\/\/www.miomiorun.com\/fr\/produit\/uyn-exceleretion-pants-long-femme\/#primaryimage\"},\"thumbnailUrl\":\"https:\/\/www.miomiorun.com\/app\/uploads\/2021\/11\/uyn-exceleration-pants-long-O102175-93V187.jpg\",\"datePublished\":\"2021-11-02T16:50:33+00:00\",\"dateModified\":\"2026-05-08T19:19:24+00:00\",\"description\":\"Les leggings Exceleration Long pour femmes de UYN ont un design minimaliste mais sont riches en fonctionnalit\u00e9s. Le tissu est \u00e9lastique et respirant.\",\"breadcrumb\":{\"@id\":\"https:\/\/www.miomiorun.com\/fr\/produit\/uyn-exceleretion-pants-long-femme\/#breadcrumb\"},\"inLanguage\":\"fr-FR\",\"potentialAction\":[{\"@type\":\"ReadAction\",\"target\":[\"https:\/\/www.miomiorun.com\/fr\/produit\/uyn-exceleretion-pants-long-femme\/\"]}]},{\"@type\":\"ImageObject\",\"inLanguage\":\"fr-FR\",\"@id\":\"https:\/\/www.miomiorun.com\/fr\/produit\/uyn-exceleretion-pants-long-femme\/#primaryimage\",\"url\":\"https:\/\/www.miomiorun.com\/app\/uploads\/2021\/11\/uyn-exceleration-pants-long-O102175-93V187.jpg\",\"contentUrl\":\"https:\/\/www.miomiorun.com\/app\/uploads\/2021\/11\/uyn-exceleration-pants-long-O102175-93V187.jpg\",\"width\":600,\"height\":600,\"caption\":\"uyn exceleraton pants long\"},{\"@type\":\"BreadcrumbList\",\"@id\":\"https:\/\/www.miomiorun.com\/fr\/produit\/uyn-exceleretion-pants-long-femme\/#breadcrumb\",\"itemListElement\":[{\"@type\":\"ListItem\",\"position\":1,\"name\":\"Home\",\"item\":\"https:\/\/www.miomiorun.com\/fr\/home-page\/\"},{\"@type\":\"ListItem\",\"position\":2,\"name\":\"Shop\",\"item\":\"https:\/\/www.miomiorun.com\/shop\/\"},{\"@type\":\"ListItem\",\"position\":3,\"name\":\"Exceleretion Pants Long femme\"}]},{\"@type\":\"WebSite\",\"@id\":\"https:\/\/www.miomiorun.com\/fr\/#website\",\"url\":\"https:\/\/www.miomiorun.com\/fr\/\",\"name\":\"MioMioRun\",\"description\":\"Boutique 100% running et trail\",\"publisher\":{\"@id\":\"https:\/\/www.miomiorun.com\/fr\/#organization\"},\"potentialAction\":[{\"@type\":\"SearchAction\",\"target\":{\"@type\":\"EntryPoint\",\"urlTemplate\":\"https:\/\/www.miomiorun.com\/fr\/?s={search_term_string}\"},\"query-input\":{\"@type\":\"PropertyValueSpecification\",\"valueRequired\":true,\"valueName\":\"search_term_string\"}}],\"inLanguage\":\"fr-FR\"},{\"@type\":\"Organization\",\"@id\":\"https:\/\/www.miomiorun.com\/fr\/#organization\",\"name\":\"MioMio Run\",\"url\":\"https:\/\/www.miomiorun.com\/fr\/\",\"logo\":{\"@type\":\"ImageObject\",\"inLanguage\":\"fr-FR\",\"@id\":\"https:\/\/www.miomiorun.com\/fr\/#\/schema\/logo\/image\/\",\"url\":\"https:\/\/www.miomiorun.com\/app\/uploads\/2019\/12\/logomio.png\",\"contentUrl\":\"https:\/\/www.miomiorun.com\/app\/uploads\/2019\/12\/logomio.png\",\"width\":115,\"height\":82,\"caption\":\"MioMio Run\"},\"image\":{\"@id\":\"https:\/\/www.miomiorun.com\/fr\/#\/schema\/logo\/image\/\"},\"sameAs\":[\"https:\/\/www.facebook.com\/miomiorun\/\",\"https:\/\/www.instagram.com\/miomiorun\/\"]}]}<\/script>\n<!-- \/ Yoast SEO plugin. -->","yoast_head_json":{"title":"Uyn Exceleretion Pants Long femme - Pantalon thermique - MioMioRun","description":"Les leggings Exceleration Long pour femmes de UYN ont un design minimaliste mais sont riches en fonctionnalit\u00e9s. Le tissu est \u00e9lastique et respirant.","robots":{"index":"index","follow":"follow","max-snippet":"max-snippet:-1","max-image-preview":"max-image-preview:large","max-video-preview":"max-video-preview:-1"},"canonical":"https:\/\/www.miomiorun.com\/fr\/produit\/uyn-exceleretion-pants-long-femme\/","og_locale":"fr_FR","og_type":"article","og_title":"Uyn Exceleretion Pants Long femme - Pantalon thermique - MioMioRun","og_description":"Les leggings Exceleration Long pour femmes de UYN ont un design minimaliste mais sont riches en fonctionnalit\u00e9s. Le tissu est \u00e9lastique et respirant.","og_url":"https:\/\/www.miomiorun.com\/fr\/produit\/uyn-exceleretion-pants-long-femme\/","og_site_name":"MioMioRun","article_publisher":"https:\/\/www.facebook.com\/miomiorun\/","article_modified_time":"2026-05-08T19:19:24+00:00","og_image":[{"width":600,"height":600,"url":"https:\/\/www.miomiorun.com\/app\/uploads\/2021\/11\/uyn-exceleration-pants-long-O102175-93V187.jpg","type":"image\/jpeg"}],"twitter_card":"summary_large_image","twitter_misc":{"Est. reading time":"1 minute"},"schema":{"@context":"https:\/\/schema.org","@graph":[{"@type":"WebPage","@id":"https:\/\/www.miomiorun.com\/fr\/produit\/uyn-exceleretion-pants-long-femme\/","url":"https:\/\/www.miomiorun.com\/fr\/produit\/uyn-exceleretion-pants-long-femme\/","name":"Uyn Exceleretion Pants Long femme - Pantalon thermique - MioMioRun","isPartOf":{"@id":"https:\/\/www.miomiorun.com\/fr\/#website"},"primaryImageOfPage":{"@id":"https:\/\/www.miomiorun.com\/fr\/produit\/uyn-exceleretion-pants-long-femme\/#primaryimage"},"image":{"@id":"https:\/\/www.miomiorun.com\/fr\/produit\/uyn-exceleretion-pants-long-femme\/#primaryimage"},"thumbnailUrl":"https:\/\/www.miomiorun.com\/app\/uploads\/2021\/11\/uyn-exceleration-pants-long-O102175-93V187.jpg","datePublished":"2021-11-02T16:50:33+00:00","dateModified":"2026-05-08T19:19:24+00:00","description":"Les leggings Exceleration Long pour femmes de UYN ont un design minimaliste mais sont riches en fonctionnalit\u00e9s. Le tissu est \u00e9lastique et respirant.","breadcrumb":{"@id":"https:\/\/www.miomiorun.com\/fr\/produit\/uyn-exceleretion-pants-long-femme\/#breadcrumb"},"inLanguage":"fr-FR","potentialAction":[{"@type":"ReadAction","target":["https:\/\/www.miomiorun.com\/fr\/produit\/uyn-exceleretion-pants-long-femme\/"]}]},{"@type":"ImageObject","inLanguage":"fr-FR","@id":"https:\/\/www.miomiorun.com\/fr\/produit\/uyn-exceleretion-pants-long-femme\/#primaryimage","url":"https:\/\/www.miomiorun.com\/app\/uploads\/2021\/11\/uyn-exceleration-pants-long-O102175-93V187.jpg","contentUrl":"https:\/\/www.miomiorun.com\/app\/uploads\/2021\/11\/uyn-exceleration-pants-long-O102175-93V187.jpg","width":600,"height":600,"caption":"uyn exceleraton pants long"},{"@type":"BreadcrumbList","@id":"https:\/\/www.miomiorun.com\/fr\/produit\/uyn-exceleretion-pants-long-femme\/#breadcrumb","itemListElement":[{"@type":"ListItem","position":1,"name":"Home","item":"https:\/\/www.miomiorun.com\/fr\/home-page\/"},{"@type":"ListItem","position":2,"name":"Shop","item":"https:\/\/www.miomiorun.com\/shop\/"},{"@type":"ListItem","position":3,"name":"Exceleretion Pants Long femme"}]},{"@type":"WebSite","@id":"https:\/\/www.miomiorun.com\/fr\/#website","url":"https:\/\/www.miomiorun.com\/fr\/","name":"MioMioRun","description":"Boutique 100% running et trail","publisher":{"@id":"https:\/\/www.miomiorun.com\/fr\/#organization"},"potentialAction":[{"@type":"SearchAction","target":{"@type":"EntryPoint","urlTemplate":"https:\/\/www.miomiorun.com\/fr\/?s={search_term_string}"},"query-input":{"@type":"PropertyValueSpecification","valueRequired":true,"valueName":"search_term_string"}}],"inLanguage":"fr-FR"},{"@type":"Organization","@id":"https:\/\/www.miomiorun.com\/fr\/#organization","name":"MioMio Run","url":"https:\/\/www.miomiorun.com\/fr\/","logo":{"@type":"ImageObject","inLanguage":"fr-FR","@id":"https:\/\/www.miomiorun.com\/fr\/#\/schema\/logo\/image\/","url":"https:\/\/www.miomiorun.com\/app\/uploads\/2019\/12\/logomio.png","contentUrl":"https:\/\/www.miomiorun.com\/app\/uploads\/2019\/12\/logomio.png","width":115,"height":82,"caption":"MioMio Run"},"image":{"@id":"https:\/\/www.miomiorun.com\/fr\/#\/schema\/logo\/image\/"},"sameAs":["https:\/\/www.facebook.com\/miomiorun\/","https:\/\/www.instagram.com\/miomiorun\/"]}]}},"_links":{"self":[{"href":"https:\/\/www.miomiorun.com\/fr\/wp-json\/wp\/v2\/product\/281412","targetHints":{"allow":["GET"]}}],"collection":[{"href":"https:\/\/www.miomiorun.com\/fr\/wp-json\/wp\/v2\/product"}],"about":[{"href":"https:\/\/www.miomiorun.com\/fr\/wp-json\/wp\/v2\/types\/product"}],"wp:featuredmedia":[{"embeddable":true,"href":"https:\/\/www.miomiorun.com\/fr\/wp-json\/wp\/v2\/media\/234335"}],"wp:attachment":[{"href":"https:\/\/www.miomiorun.com\/fr\/wp-json\/wp\/v2\/media?parent=281412"}],"wp:term":[{"taxonomy":"product_brand","embeddable":true,"href":"https:\/\/www.miomiorun.com\/fr\/wp-json\/wp\/v2\/product_brand?post=281412"},{"taxonomy":"product_cat","embeddable":true,"href":"https:\/\/www.miomiorun.com\/fr\/wp-json\/wp\/v2\/product_cat?post=281412"},{"taxonomy":"product_tag","embeddable":true,"href":"https:\/\/www.miomiorun.com\/fr\/wp-json\/wp\/v2\/product_tag?post=281412"}],"curies":[{"name":"wp","href":"https:\/\/api.w.org\/{rel}","templated":true}]}}