{"id":281349,"date":"2021-11-05T17:14:12","date_gmt":"2021-11-05T16:14:12","guid":{"rendered":"https:\/\/miomiorun.com\/prodotto\/montura-stretch-color-hoody-jacket-donna\/"},"modified":"2025-12-19T19:36:29","modified_gmt":"2025-12-19T18:36:29","slug":"montura-stretch-color-hoody-jacket-femme","status":"publish","type":"product","link":"https:\/\/www.miomiorun.com\/fr\/produit\/montura-stretch-color-hoody-jacket-femme\/","title":{"rendered":"Stretch Color Hoody Jacket femme"},"content":{"rendered":"<div class=\"product-attribute product-attribute-passion\">\n<p>La veste pour femme <strong>Stretch Color Hoody<\/strong> de Montura est confectionn\u00e9e en polaire polyester Polartec Power Grid respirante avec protection UV. Contraste en tissu polaire stretch, partiellement doubl\u00e9 en tissu maill\u00e9. Fermeture \u00e9clair au centre sur le devant, poches zipp\u00e9es, poche int\u00e9rieure ouverte et capuche, poignets et bas \u00e9lastiqu\u00e9s. Ce v\u00eatement est id\u00e9al pour les activit\u00e9s de plein air et les loisirs pendant les mois d&#8217;hiver.<\/p>\n<p><strong>Caract\u00e9ristiques :<\/strong><\/p>\n<p>\u2022 Sweat \u00e0 capuche ouvert pour homme<br \/>\n\u2022 Tissu polaire polyester Polartec Power Grid respirant avec protection UV<br \/>\n\u2022 Contraste en tissu polaire stretch<br \/>\n\u2022 Partiellement doubl\u00e9 en tissu mesh<br \/>\n\u2022 Fermeture \u00e9clair au centre sur le devant, poches mains zipp\u00e9es<br \/>\n\u2022 Capuche et bas de manche \u00e9lastiqu\u00e9s<br \/>\n\u2022 V\u00eatement id\u00e9al pour l&#8217;alpinisme et diverses activit\u00e9s de plein air<\/p>\n<p class=\"product-weight\">Poids : 0,41 kg<\/p>\n<div class=\"product-info-main\">\n<div class=\"product-attribute-season\"><img decoding=\"async\" src=\"https:\/\/www.montura.it\/pub\/media\/amasty\/shopby\/option_images\/slider\/climate.svg\" alt=\"Freddo\" \/><img decoding=\"async\" src=\"https:\/\/www.montura.it\/pub\/media\/amasty\/shopby\/option_images\/slider\/breathable_1.svg\" alt=\"breathable\" \/><\/div>\n<div class=\"product-attribute product-attribute-passion\">\n<h3 class=\"attribute-label\">Activit\u00e9s<\/h3>\n<p><img decoding=\"async\" src=\"https:\/\/www.montura.it\/pub\/media\/amasty\/shopby\/option_images\/slider\/ICM103.svg\" alt=\"ICM103\" \/><\/p>\n<\/div>\n<\/div>\n<\/div>\n","protected":false},"excerpt":{"rendered":"<p>La veste pour femme Stretch Color Hoody de Montura est confectionn\u00e9e en polaire polyester Polartec Power Grid respirante avec protection UV. Contraste en tissu polaire stretch, partiellement doubl\u00e9 en tissu maill\u00e9. Fermeture \u00e9clair au centre sur le devant, poches zipp\u00e9es, poche int\u00e9rieure ouverte et capuche, poignets et bas \u00e9lastiqu\u00e9s. Ce v\u00eatement est id\u00e9al pour les &hellip; <a href=\"https:\/\/www.miomiorun.com\/fr\/produit\/montura-stretch-color-hoody-jacket-femme\/\">Continued<\/a><\/p>\n","protected":false},"featured_media":234379,"template":"","meta":{"_acf_changed":false,"inline_featured_image":false},"product_brand":[],"product_cat":[24441,24444],"product_tag":[23512,23514],"class_list":{"0":"post-281349","1":"product","2":"type-product","3":"status-publish","4":"has-post-thumbnail","6":"product_cat-vestes-fr","7":"product_cat-vetements-pour-femmes-fr","8":"product_tag-montura-fr","9":"product_tag-montura-femme","10":"pa_attivita-marcher","11":"pa_attivita-outdoor-fr","12":"pa_colore-stretch-color-hoody-jacket-w-rosa-sugar-blu-cenere-fr","13":"pa_marca-montura-fr","14":"pa_sesso-femme","15":"pa_size-large-fr","17":"first","18":"instock","19":"taxable","20":"shipping-taxable","21":"purchasable","22":"product-type-variable","23":"wvs-archive-product-wrapper"},"acf":[],"yoast_head":"<!-- This site is optimized with the Yoast SEO plugin v26.8 - https:\/\/yoast.com\/product\/yoast-seo-wordpress\/ -->\n<title>Montura Stretch Color Hoody Jacket femme - Veste d&#039;hiver - MioMioRun<\/title>\n<meta name=\"description\" content=\"La veste pour femme Stretch Color Hoody de Montura est fabriqu\u00e9e en tissu polaire polyester Polartec Power Grid respirant .\" \/>\n<meta name=\"robots\" content=\"index, follow, max-snippet:-1, max-image-preview:large, max-video-preview:-1\" \/>\n<link rel=\"canonical\" href=\"https:\/\/www.miomiorun.com\/fr\/produit\/montura-stretch-color-hoody-jacket-femme\/\" \/>\n<meta property=\"og:locale\" content=\"fr_FR\" \/>\n<meta property=\"og:type\" content=\"article\" \/>\n<meta property=\"og:title\" content=\"Montura Stretch Color Hoody Jacket femme - Veste d&#039;hiver - MioMioRun\" \/>\n<meta property=\"og:description\" content=\"La veste pour femme Stretch Color Hoody de Montura est fabriqu\u00e9e en tissu polaire polyester Polartec Power Grid respirant .\" \/>\n<meta property=\"og:url\" content=\"https:\/\/www.miomiorun.com\/fr\/produit\/montura-stretch-color-hoody-jacket-femme\/\" \/>\n<meta property=\"og:site_name\" content=\"MioMioRun\" \/>\n<meta property=\"article:publisher\" content=\"https:\/\/www.facebook.com\/miomiorun\/\" \/>\n<meta property=\"article:modified_time\" content=\"2025-12-19T18:36:29+00:00\" \/>\n<meta property=\"og:image\" content=\"https:\/\/www.miomiorun.com\/app\/uploads\/2021\/11\/montura-stretch-color-hoody-jacket-MMAP09W.0486.jpg\" \/>\n\t<meta property=\"og:image:width\" content=\"600\" \/>\n\t<meta property=\"og:image:height\" content=\"600\" \/>\n\t<meta property=\"og:image:type\" content=\"image\/jpeg\" \/>\n<meta name=\"twitter:card\" content=\"summary_large_image\" \/>\n<meta name=\"twitter:label1\" content=\"Est. reading time\" \/>\n\t<meta name=\"twitter:data1\" content=\"1 minute\" \/>\n<script type=\"application\/ld+json\" class=\"yoast-schema-graph\">{\"@context\":\"https:\/\/schema.org\",\"@graph\":[{\"@type\":\"WebPage\",\"@id\":\"https:\/\/www.miomiorun.com\/fr\/produit\/montura-stretch-color-hoody-jacket-femme\/\",\"url\":\"https:\/\/www.miomiorun.com\/fr\/produit\/montura-stretch-color-hoody-jacket-femme\/\",\"name\":\"Montura Stretch Color Hoody Jacket femme - Veste d'hiver - MioMioRun\",\"isPartOf\":{\"@id\":\"https:\/\/www.miomiorun.com\/fr\/#website\"},\"primaryImageOfPage\":{\"@id\":\"https:\/\/www.miomiorun.com\/fr\/produit\/montura-stretch-color-hoody-jacket-femme\/#primaryimage\"},\"image\":{\"@id\":\"https:\/\/www.miomiorun.com\/fr\/produit\/montura-stretch-color-hoody-jacket-femme\/#primaryimage\"},\"thumbnailUrl\":\"https:\/\/www.miomiorun.com\/app\/uploads\/2021\/11\/montura-stretch-color-hoody-jacket-MMAP09W.0486.jpg\",\"datePublished\":\"2021-11-05T16:14:12+00:00\",\"dateModified\":\"2025-12-19T18:36:29+00:00\",\"description\":\"La veste pour femme Stretch Color Hoody de Montura est fabriqu\u00e9e en tissu polaire polyester Polartec Power Grid respirant .\",\"breadcrumb\":{\"@id\":\"https:\/\/www.miomiorun.com\/fr\/produit\/montura-stretch-color-hoody-jacket-femme\/#breadcrumb\"},\"inLanguage\":\"fr-FR\",\"potentialAction\":[{\"@type\":\"ReadAction\",\"target\":[\"https:\/\/www.miomiorun.com\/fr\/produit\/montura-stretch-color-hoody-jacket-femme\/\"]}]},{\"@type\":\"ImageObject\",\"inLanguage\":\"fr-FR\",\"@id\":\"https:\/\/www.miomiorun.com\/fr\/produit\/montura-stretch-color-hoody-jacket-femme\/#primaryimage\",\"url\":\"https:\/\/www.miomiorun.com\/app\/uploads\/2021\/11\/montura-stretch-color-hoody-jacket-MMAP09W.0486.jpg\",\"contentUrl\":\"https:\/\/www.miomiorun.com\/app\/uploads\/2021\/11\/montura-stretch-color-hoody-jacket-MMAP09W.0486.jpg\",\"width\":600,\"height\":600,\"caption\":\"montura strech color hoody jacket\"},{\"@type\":\"BreadcrumbList\",\"@id\":\"https:\/\/www.miomiorun.com\/fr\/produit\/montura-stretch-color-hoody-jacket-femme\/#breadcrumb\",\"itemListElement\":[{\"@type\":\"ListItem\",\"position\":1,\"name\":\"Home\",\"item\":\"https:\/\/www.miomiorun.com\/fr\/home-page\/\"},{\"@type\":\"ListItem\",\"position\":2,\"name\":\"Shop\",\"item\":\"https:\/\/www.miomiorun.com\/shop\/\"},{\"@type\":\"ListItem\",\"position\":3,\"name\":\"Stretch Color Hoody Jacket femme\"}]},{\"@type\":\"WebSite\",\"@id\":\"https:\/\/www.miomiorun.com\/fr\/#website\",\"url\":\"https:\/\/www.miomiorun.com\/fr\/\",\"name\":\"MioMioRun\",\"description\":\"Boutique 100% running et trail\",\"publisher\":{\"@id\":\"https:\/\/www.miomiorun.com\/fr\/#organization\"},\"potentialAction\":[{\"@type\":\"SearchAction\",\"target\":{\"@type\":\"EntryPoint\",\"urlTemplate\":\"https:\/\/www.miomiorun.com\/fr\/?s={search_term_string}\"},\"query-input\":{\"@type\":\"PropertyValueSpecification\",\"valueRequired\":true,\"valueName\":\"search_term_string\"}}],\"inLanguage\":\"fr-FR\"},{\"@type\":\"Organization\",\"@id\":\"https:\/\/www.miomiorun.com\/fr\/#organization\",\"name\":\"MioMio Run\",\"url\":\"https:\/\/www.miomiorun.com\/fr\/\",\"logo\":{\"@type\":\"ImageObject\",\"inLanguage\":\"fr-FR\",\"@id\":\"https:\/\/www.miomiorun.com\/fr\/#\/schema\/logo\/image\/\",\"url\":\"https:\/\/www.miomiorun.com\/app\/uploads\/2019\/12\/logomio.png\",\"contentUrl\":\"https:\/\/www.miomiorun.com\/app\/uploads\/2019\/12\/logomio.png\",\"width\":115,\"height\":82,\"caption\":\"MioMio Run\"},\"image\":{\"@id\":\"https:\/\/www.miomiorun.com\/fr\/#\/schema\/logo\/image\/\"},\"sameAs\":[\"https:\/\/www.facebook.com\/miomiorun\/\",\"https:\/\/www.instagram.com\/miomiorun\/\"]}]}<\/script>\n<!-- \/ Yoast SEO plugin. -->","yoast_head_json":{"title":"Montura Stretch Color Hoody Jacket femme - Veste d'hiver - MioMioRun","description":"La veste pour femme Stretch Color Hoody de Montura est fabriqu\u00e9e en tissu polaire polyester Polartec Power Grid respirant .","robots":{"index":"index","follow":"follow","max-snippet":"max-snippet:-1","max-image-preview":"max-image-preview:large","max-video-preview":"max-video-preview:-1"},"canonical":"https:\/\/www.miomiorun.com\/fr\/produit\/montura-stretch-color-hoody-jacket-femme\/","og_locale":"fr_FR","og_type":"article","og_title":"Montura Stretch Color Hoody Jacket femme - Veste d'hiver - MioMioRun","og_description":"La veste pour femme Stretch Color Hoody de Montura est fabriqu\u00e9e en tissu polaire polyester Polartec Power Grid respirant .","og_url":"https:\/\/www.miomiorun.com\/fr\/produit\/montura-stretch-color-hoody-jacket-femme\/","og_site_name":"MioMioRun","article_publisher":"https:\/\/www.facebook.com\/miomiorun\/","article_modified_time":"2025-12-19T18:36:29+00:00","og_image":[{"width":600,"height":600,"url":"https:\/\/www.miomiorun.com\/app\/uploads\/2021\/11\/montura-stretch-color-hoody-jacket-MMAP09W.0486.jpg","type":"image\/jpeg"}],"twitter_card":"summary_large_image","twitter_misc":{"Est. reading time":"1 minute"},"schema":{"@context":"https:\/\/schema.org","@graph":[{"@type":"WebPage","@id":"https:\/\/www.miomiorun.com\/fr\/produit\/montura-stretch-color-hoody-jacket-femme\/","url":"https:\/\/www.miomiorun.com\/fr\/produit\/montura-stretch-color-hoody-jacket-femme\/","name":"Montura Stretch Color Hoody Jacket femme - Veste d'hiver - MioMioRun","isPartOf":{"@id":"https:\/\/www.miomiorun.com\/fr\/#website"},"primaryImageOfPage":{"@id":"https:\/\/www.miomiorun.com\/fr\/produit\/montura-stretch-color-hoody-jacket-femme\/#primaryimage"},"image":{"@id":"https:\/\/www.miomiorun.com\/fr\/produit\/montura-stretch-color-hoody-jacket-femme\/#primaryimage"},"thumbnailUrl":"https:\/\/www.miomiorun.com\/app\/uploads\/2021\/11\/montura-stretch-color-hoody-jacket-MMAP09W.0486.jpg","datePublished":"2021-11-05T16:14:12+00:00","dateModified":"2025-12-19T18:36:29+00:00","description":"La veste pour femme Stretch Color Hoody de Montura est fabriqu\u00e9e en tissu polaire polyester Polartec Power Grid respirant .","breadcrumb":{"@id":"https:\/\/www.miomiorun.com\/fr\/produit\/montura-stretch-color-hoody-jacket-femme\/#breadcrumb"},"inLanguage":"fr-FR","potentialAction":[{"@type":"ReadAction","target":["https:\/\/www.miomiorun.com\/fr\/produit\/montura-stretch-color-hoody-jacket-femme\/"]}]},{"@type":"ImageObject","inLanguage":"fr-FR","@id":"https:\/\/www.miomiorun.com\/fr\/produit\/montura-stretch-color-hoody-jacket-femme\/#primaryimage","url":"https:\/\/www.miomiorun.com\/app\/uploads\/2021\/11\/montura-stretch-color-hoody-jacket-MMAP09W.0486.jpg","contentUrl":"https:\/\/www.miomiorun.com\/app\/uploads\/2021\/11\/montura-stretch-color-hoody-jacket-MMAP09W.0486.jpg","width":600,"height":600,"caption":"montura strech color hoody jacket"},{"@type":"BreadcrumbList","@id":"https:\/\/www.miomiorun.com\/fr\/produit\/montura-stretch-color-hoody-jacket-femme\/#breadcrumb","itemListElement":[{"@type":"ListItem","position":1,"name":"Home","item":"https:\/\/www.miomiorun.com\/fr\/home-page\/"},{"@type":"ListItem","position":2,"name":"Shop","item":"https:\/\/www.miomiorun.com\/shop\/"},{"@type":"ListItem","position":3,"name":"Stretch Color Hoody Jacket femme"}]},{"@type":"WebSite","@id":"https:\/\/www.miomiorun.com\/fr\/#website","url":"https:\/\/www.miomiorun.com\/fr\/","name":"MioMioRun","description":"Boutique 100% running et trail","publisher":{"@id":"https:\/\/www.miomiorun.com\/fr\/#organization"},"potentialAction":[{"@type":"SearchAction","target":{"@type":"EntryPoint","urlTemplate":"https:\/\/www.miomiorun.com\/fr\/?s={search_term_string}"},"query-input":{"@type":"PropertyValueSpecification","valueRequired":true,"valueName":"search_term_string"}}],"inLanguage":"fr-FR"},{"@type":"Organization","@id":"https:\/\/www.miomiorun.com\/fr\/#organization","name":"MioMio Run","url":"https:\/\/www.miomiorun.com\/fr\/","logo":{"@type":"ImageObject","inLanguage":"fr-FR","@id":"https:\/\/www.miomiorun.com\/fr\/#\/schema\/logo\/image\/","url":"https:\/\/www.miomiorun.com\/app\/uploads\/2019\/12\/logomio.png","contentUrl":"https:\/\/www.miomiorun.com\/app\/uploads\/2019\/12\/logomio.png","width":115,"height":82,"caption":"MioMio Run"},"image":{"@id":"https:\/\/www.miomiorun.com\/fr\/#\/schema\/logo\/image\/"},"sameAs":["https:\/\/www.facebook.com\/miomiorun\/","https:\/\/www.instagram.com\/miomiorun\/"]}]}},"_links":{"self":[{"href":"https:\/\/www.miomiorun.com\/fr\/wp-json\/wp\/v2\/product\/281349","targetHints":{"allow":["GET"]}}],"collection":[{"href":"https:\/\/www.miomiorun.com\/fr\/wp-json\/wp\/v2\/product"}],"about":[{"href":"https:\/\/www.miomiorun.com\/fr\/wp-json\/wp\/v2\/types\/product"}],"wp:featuredmedia":[{"embeddable":true,"href":"https:\/\/www.miomiorun.com\/fr\/wp-json\/wp\/v2\/media\/234379"}],"wp:attachment":[{"href":"https:\/\/www.miomiorun.com\/fr\/wp-json\/wp\/v2\/media?parent=281349"}],"wp:term":[{"taxonomy":"product_brand","embeddable":true,"href":"https:\/\/www.miomiorun.com\/fr\/wp-json\/wp\/v2\/product_brand?post=281349"},{"taxonomy":"product_cat","embeddable":true,"href":"https:\/\/www.miomiorun.com\/fr\/wp-json\/wp\/v2\/product_cat?post=281349"},{"taxonomy":"product_tag","embeddable":true,"href":"https:\/\/www.miomiorun.com\/fr\/wp-json\/wp\/v2\/product_tag?post=281349"}],"curies":[{"name":"wp","href":"https:\/\/api.w.org\/{rel}","templated":true}]}}