{"id":281341,"date":"2021-11-04T10:16:46","date_gmt":"2021-11-04T09:16:46","guid":{"rendered":"https:\/\/miomiorun.com\/prodotto\/leki-mct-12-vario-carbon\/"},"modified":"2026-05-08T21:18:56","modified_gmt":"2026-05-08T19:18:56","slug":"leki-mct-12-vario-carbon","status":"publish","type":"product","link":"https:\/\/www.miomiorun.com\/fr\/produit\/leki-mct-12-vario-carbon\/","title":{"rendered":"MCT 12 Vario Carbon"},"content":{"rendered":"<p>Le MCT 12 Vario Carbon est un b\u00e2ton de cross trail haut de gamme. Ce b\u00e2ton pliable extr\u00eamement l\u00e9ger en carbone est \u00e9quip\u00e9 de la nouvelle poign\u00e9e Cross Shark. Ce syst\u00e8me offre la rapidit\u00e9 du syst\u00e8me Shark et le soutien d&#8217;une poign\u00e9e de randonn\u00e9e avec une surface d&#8217;appui ergonomique. La dragonne en mesh hautement respirante avec un ajustement optimis\u00e9 est plus large et enveloppe la main de mani\u00e8re s\u00fbre et pr\u00e9cise. La poign\u00e9e en mousse \u00e0 pores ouverts avec effet li\u00e8ge est arrondie et, gr\u00e2ce \u00e0 sa courte extension, offre des options de prise suppl\u00e9mentaires. Gr\u00e2ce au CLD Core Locking Device pour un verrouillage intuitif, vous pouvez rapidement plier le MCT 12 Vario Carbon dans un emballage de 42 cm. Vous pouvez ainsi affronter les sentiers et les trails. 4 your speed.<\/p>\n<div class=\"emotion-sorter\">\n<div id=\"\" class=\"emotion\">\n<div class=\"row\">\n<div class=\"col-sm-12 clickbox\">\n<div class=\"row\">\n<div class=\"col-sm-7 clickbox\">\n<div class=\"row\">\n<div class=\"col-sm-12 clickbox\">\n<div class=\"height-1\">\n<div class=\"neom-emotion-element only-text title\">\n<h3>Cross Shark<\/h3>\n<p>Cross Shark offre la vitesse du syst\u00e8me Shark et le soutien d&#8217;une poign\u00e9e de randonn\u00e9e.<\/p>\n<\/div>\n<\/div>\n<\/div>\n<\/div>\n<\/div>\n<\/div>\n<\/div>\n<\/div>\n<div class=\"row\">\n<div class=\"col-sm-12 clickbox\">\n<div class=\"row\">\n<div class=\"col-sm-7 clickbox\">\n<div class=\"row\">\n<div class=\"col-sm-12 clickbox\">\n<div class=\"height-1\">\n<div class=\"neom-emotion-element only-text title\">\n<h3>CORE LOCKING DEVICE (CLD)<\/h3>\n<ul>\n<li>M\u00e9canisme d&#8217;extraction intuitif<\/li>\n<li>Construction fine et l\u00e9g\u00e8re<\/li>\n<li>Syst\u00e8me interne<\/li>\n<\/ul>\n<\/div>\n<\/div>\n<\/div>\n<\/div>\n<\/div>\n<\/div>\n<\/div>\n<\/div>\n<div class=\"row\">\n<div class=\"col-sm-12 clickbox\">\n<div class=\"row\">\n<div class=\"col-sm-7 clickbox\">\n<div class=\"row\">\n<div class=\"col-sm-12 clickbox\">\n<div class=\"height-1\">\n<div class=\"neom-emotion-element only-text title\">\n<h3>Frame Strap Mesh<\/h3>\n<ul>\n<li>Trigger Shark lacet respirant en mati\u00e8re mesh<\/li>\n<li>Ajustement optimis\u00e9<\/li>\n<li>Surface large et \u00e9tendue<\/li>\n<li>Pi\u00e8ce unique &#8211; main int\u00e9rieure \u00e0 360\u00b0<\/li>\n<\/ul>\n<\/div>\n<\/div>\n<\/div>\n<\/div>\n<\/div>\n<\/div>\n<\/div>\n<\/div>\n<div class=\"row\">\n<div class=\"col-sm-12 clickbox\">\n<div class=\"row\">\n<div class=\"col-sm-7 clickbox\">\n<div class=\"row\">\n<div class=\"col-sm-12 clickbox\">\n<div class=\"height-1\">\n<div class=\"neom-emotion-element only-text no-title\">\n<p><img loading=\"lazy\" decoding=\"async\" src=\"https:\/\/www.leki.com\/media\/image\/SpeedLock2.jpg\" alt=\"\" width=\"150\" height=\"60\"><\/p>\n<p>R\u00e9glage et fixation tr\u00e8s rapides. 30 % plus petit, 25 % plus l\u00e9ger, force de maintien sup\u00e9rieure de plus de 20 %.<\/p>\n<\/div>\n<\/div>\n<\/div>\n<\/div>\n<\/div>\n<\/div>\n<\/div>\n<\/div>\n<div class=\"row\">\n<div class=\"col-sm-12 clickbox\">\n<div class=\"row\">\n<div class=\"col-sm-7 clickbox\">\n<div class=\"row\">\n<div class=\"col-sm-12 clickbox\">\n<div class=\"height-1\">\n<div class=\"neom-emotion-element only-text title\">\n<h3>100 % carbone HM<\/h3>\n<p>Carbone \u00e0 module \u00e9lev\u00e9 pour les exigences les plus \u00e9lev\u00e9es en mati\u00e8re de poids et de rigidit\u00e9.<\/p>\n<\/div>\n<\/div>\n<\/div>\n<\/div>\n<\/div>\n<\/div>\n<\/div>\n<\/div>\n<div class=\"row\">\n<div class=\"col-sm-12 clickbox\">\n<div class=\"row\">\n<div class=\"col-sm-7 clickbox\">\n<div class=\"row\">\n<div class=\"col-sm-12 clickbox\">\n<div class=\"height-1\">\n<div class=\"neom-emotion-element only-text title\">\n<h3>Conseil pour le trail running<\/h3>\n<ul>\n<li>Pointe l\u00e9g\u00e8re avec alignement libre<\/li>\n<li>La forme concave des pointes assure une bonne adh\u00e9rence quel que soit l&#8217;angle<\/li>\n<li>\u00c9quilibre optimis\u00e9<\/li>\n<\/ul>\n<\/div>\n<\/div>\n<\/div>\n<\/div>\n<\/div>\n<\/div>\n<\/div>\n<\/div>\n<\/div>\n<\/div>\n<div class=\"emotion-sorter\">\n<div id=\"\" class=\"emotion\">\n<div class=\"row\">\n<div class=\"col-sm-12 clickbox\">\n<div class=\"row\">\n<div class=\"col-sm-7 clickbox\">\n<div class=\"row\">\n<div class=\"col-sm-12 clickbox\">\n<div class=\"height-1\">\n<div class=\"neom-emotion-element only-text title\">\n<div class=\"page-header ptm plm\">\n<h3>Caract\u00e9ristiques<\/h3>\n<table class=\"table table-striped\">\n<tbody>\n<tr>\n<td class=\"light\">#<\/td>\n<td class=\"light\">4 Your Speed <small><\/small><\/td>\n<\/tr>\n<tr>\n<td class=\"dark\">Construction<\/td>\n<td class=\"dark\">CLD (Faltst\u00f6cke | CLD 65026801) <small><\/small><br \/>\nVario <small><\/small><\/td>\n<\/tr>\n<tr>\n<td class=\"light\">Poign\u00e9e<\/td>\n<td class=\"light\">Cross Shark (65026801) <small><\/small><\/td>\n<\/tr>\n<tr>\n<td class=\"dark\">Anneau<\/td>\n<td class=\"dark\">Trigger Shark (Frame Strap Mesh) <small><\/small><\/td>\n<\/tr>\n<tr>\n<td class=\"light\">Segments<\/td>\n<td class=\"light\">4 sections <small><\/small><\/td>\n<\/tr>\n<tr>\n<td class=\"dark\">Diam\u00e8tre du tube<\/td>\n<td class=\"dark\">16|14|14|14 mm <small><\/small><\/td>\n<\/tr>\n<tr>\n<td class=\"light\">Mat\u00e9riau du tube<\/td>\n<td class=\"light\">100 % carbone (HM) <small><\/small><\/td>\n<\/tr>\n<tr>\n<td class=\"dark\">Top<\/td>\n<td class=\"dark\">100 % carbone (HM) <small><\/small><\/td>\n<\/tr>\n<tr>\n<td class=\"light\">Partie inf\u00e9rieure<\/td>\n<td class=\"light\">100 % carbone (HM) <small><\/small><\/td>\n<\/tr>\n<tr>\n<td class=\"dark\">Syst\u00e8me de r\u00e9glage<\/td>\n<td class=\"dark\">Speed Lock 2 (65026801) <small><\/small><\/td>\n<\/tr>\n<tr>\n<td class=\"light\">Haut<\/td>\n<td class=\"light\">Trail Running Tip (65026801) <small><\/small><\/td>\n<\/tr>\n<tr>\n<td class=\"dark\">Longueur \/ Format<\/td>\n<td class=\"dark\">110 &#8211; 130 cm <small>r\u00e9glable <\/small><\/td>\n<\/tr>\n<tr>\n<td class=\"light\">Plage de r\u00e9glage<\/td>\n<td class=\"light\">110 &#8211; 130 cm<\/td>\n<\/tr>\n<tr>\n<td class=\"dark\">Poids<\/td>\n<td class=\"dark testa\">200 g \/ pi\u00e8ce <small> <\/small><\/td>\n<\/tr>\n<tr>\n<td class=\"light\">Encombrement<\/td>\n<td class=\"light\">42 cm<\/td>\n<\/tr>\n<\/tbody>\n<\/table>\n<\/div>\n<\/div>\n<\/div>\n<\/div>\n<\/div>\n<\/div>\n<\/div>\n<\/div>\n<\/div>\n<\/div>\n<\/div>\n","protected":false},"excerpt":{"rendered":"<p>Le MCT 12 Vario Carbon est un b\u00e2ton de cross trail haut de gamme. Ce b\u00e2ton pliable extr\u00eamement l\u00e9ger en carbone est \u00e9quip\u00e9 de la nouvelle poign\u00e9e Cross Shark. Ce syst\u00e8me offre la rapidit\u00e9 du syst\u00e8me Shark et le soutien d&#8217;une poign\u00e9e de randonn\u00e9e avec une surface d&#8217;appui ergonomique. La dragonne en mesh hautement respirante &hellip; <a href=\"https:\/\/www.miomiorun.com\/fr\/produit\/leki-mct-12-vario-carbon\/\">Continued<\/a><\/p>\n","protected":false},"featured_media":230133,"template":"","meta":{"_acf_changed":false,"inline_featured_image":false},"product_brand":[],"product_cat":[22612,22611],"product_tag":[23596],"class_list":{"0":"post-281341","1":"product","2":"type-product","3":"status-publish","4":"has-post-thumbnail","6":"product_cat-batons-fr","7":"product_cat-offres-daccessoires","8":"product_tag-leki-fr","9":"pa_attivita-outdoor-fr","10":"pa_attivita-trail-fr","11":"pa_colore-mct-12-vario-carbon-fr","12":"pa_marca-leki-fr","13":"pa_sesso-femme","14":"pa_sesso-homme","16":"first","17":"instock","18":"taxable","19":"shipping-taxable","20":"purchasable","21":"product-type-variable","22":"wvs-archive-product-wrapper"},"acf":[],"yoast_head":"<!-- This site is optimized with the Yoast SEO plugin v26.8 - https:\/\/yoast.com\/product\/yoast-seo-wordpress\/ -->\n<title>Leki MCT 12 Vario Carbon - B\u00e2ton de course- MioMioRun.com<\/title>\n<meta name=\"description\" content=\"Le b\u00e2ton pliable extr\u00eamement l\u00e9ger en carbone est \u00e9quip\u00e9 d&#039;une poign\u00e9e Cross Shark. Rapide et ergonomique.\" \/>\n<meta name=\"robots\" content=\"index, follow, max-snippet:-1, max-image-preview:large, max-video-preview:-1\" \/>\n<link rel=\"canonical\" href=\"https:\/\/www.miomiorun.com\/fr\/produit\/leki-mct-12-vario-carbon\/\" \/>\n<meta property=\"og:locale\" content=\"fr_FR\" \/>\n<meta property=\"og:type\" content=\"article\" \/>\n<meta property=\"og:title\" content=\"Leki MCT 12 Vario Carbon - B\u00e2ton de course- MioMioRun.com\" \/>\n<meta property=\"og:description\" content=\"Le b\u00e2ton pliable extr\u00eamement l\u00e9ger en carbone est \u00e9quip\u00e9 d&#039;une poign\u00e9e Cross Shark. Rapide et ergonomique.\" \/>\n<meta property=\"og:url\" content=\"https:\/\/www.miomiorun.com\/fr\/produit\/leki-mct-12-vario-carbon\/\" \/>\n<meta property=\"og:site_name\" content=\"MioMioRun\" \/>\n<meta property=\"article:publisher\" content=\"https:\/\/www.facebook.com\/miomiorun\/\" \/>\n<meta property=\"article:modified_time\" content=\"2026-05-08T19:18:56+00:00\" \/>\n<meta property=\"og:image\" content=\"https:\/\/www.miomiorun.com\/app\/uploads\/2020\/06\/MCT-12-Vario-Carbon-65026801.jpg\" \/>\n\t<meta property=\"og:image:width\" content=\"600\" \/>\n\t<meta property=\"og:image:height\" content=\"600\" \/>\n\t<meta property=\"og:image:type\" content=\"image\/jpeg\" \/>\n<meta name=\"twitter:card\" content=\"summary_large_image\" \/>\n<meta name=\"twitter:label1\" content=\"Est. reading time\" \/>\n\t<meta name=\"twitter:data1\" content=\"2 minutes\" \/>\n<script type=\"application\/ld+json\" class=\"yoast-schema-graph\">{\"@context\":\"https:\/\/schema.org\",\"@graph\":[{\"@type\":\"WebPage\",\"@id\":\"https:\/\/www.miomiorun.com\/fr\/produit\/leki-mct-12-vario-carbon\/\",\"url\":\"https:\/\/www.miomiorun.com\/fr\/produit\/leki-mct-12-vario-carbon\/\",\"name\":\"Leki MCT 12 Vario Carbon - B\u00e2ton de course- MioMioRun.com\",\"isPartOf\":{\"@id\":\"https:\/\/www.miomiorun.com\/fr\/#website\"},\"primaryImageOfPage\":{\"@id\":\"https:\/\/www.miomiorun.com\/fr\/produit\/leki-mct-12-vario-carbon\/#primaryimage\"},\"image\":{\"@id\":\"https:\/\/www.miomiorun.com\/fr\/produit\/leki-mct-12-vario-carbon\/#primaryimage\"},\"thumbnailUrl\":\"https:\/\/www.miomiorun.com\/app\/uploads\/2020\/06\/MCT-12-Vario-Carbon-65026801.jpg\",\"datePublished\":\"2021-11-04T09:16:46+00:00\",\"dateModified\":\"2026-05-08T19:18:56+00:00\",\"description\":\"Le b\u00e2ton pliable extr\u00eamement l\u00e9ger en carbone est \u00e9quip\u00e9 d'une poign\u00e9e Cross Shark. Rapide et ergonomique.\",\"breadcrumb\":{\"@id\":\"https:\/\/www.miomiorun.com\/fr\/produit\/leki-mct-12-vario-carbon\/#breadcrumb\"},\"inLanguage\":\"fr-FR\",\"potentialAction\":[{\"@type\":\"ReadAction\",\"target\":[\"https:\/\/www.miomiorun.com\/fr\/produit\/leki-mct-12-vario-carbon\/\"]}]},{\"@type\":\"ImageObject\",\"inLanguage\":\"fr-FR\",\"@id\":\"https:\/\/www.miomiorun.com\/fr\/produit\/leki-mct-12-vario-carbon\/#primaryimage\",\"url\":\"https:\/\/www.miomiorun.com\/app\/uploads\/2020\/06\/MCT-12-Vario-Carbon-65026801.jpg\",\"contentUrl\":\"https:\/\/www.miomiorun.com\/app\/uploads\/2020\/06\/MCT-12-Vario-Carbon-65026801.jpg\",\"width\":600,\"height\":600,\"caption\":\"Il bastone pieghevole estremamente leggero in carbonio \u00e8 dotato del'impugnatura Cross Shark. La velocit\u00e0 del sistema Shark e il supporto di una da trekking\"},{\"@type\":\"BreadcrumbList\",\"@id\":\"https:\/\/www.miomiorun.com\/fr\/produit\/leki-mct-12-vario-carbon\/#breadcrumb\",\"itemListElement\":[{\"@type\":\"ListItem\",\"position\":1,\"name\":\"Home\",\"item\":\"https:\/\/www.miomiorun.com\/fr\/home-page\/\"},{\"@type\":\"ListItem\",\"position\":2,\"name\":\"Shop\",\"item\":\"https:\/\/www.miomiorun.com\/shop\/\"},{\"@type\":\"ListItem\",\"position\":3,\"name\":\"MCT 12 Vario Carbon\"}]},{\"@type\":\"WebSite\",\"@id\":\"https:\/\/www.miomiorun.com\/fr\/#website\",\"url\":\"https:\/\/www.miomiorun.com\/fr\/\",\"name\":\"MioMioRun\",\"description\":\"Boutique 100% running et trail\",\"publisher\":{\"@id\":\"https:\/\/www.miomiorun.com\/fr\/#organization\"},\"potentialAction\":[{\"@type\":\"SearchAction\",\"target\":{\"@type\":\"EntryPoint\",\"urlTemplate\":\"https:\/\/www.miomiorun.com\/fr\/?s={search_term_string}\"},\"query-input\":{\"@type\":\"PropertyValueSpecification\",\"valueRequired\":true,\"valueName\":\"search_term_string\"}}],\"inLanguage\":\"fr-FR\"},{\"@type\":\"Organization\",\"@id\":\"https:\/\/www.miomiorun.com\/fr\/#organization\",\"name\":\"MioMio Run\",\"url\":\"https:\/\/www.miomiorun.com\/fr\/\",\"logo\":{\"@type\":\"ImageObject\",\"inLanguage\":\"fr-FR\",\"@id\":\"https:\/\/www.miomiorun.com\/fr\/#\/schema\/logo\/image\/\",\"url\":\"https:\/\/www.miomiorun.com\/app\/uploads\/2019\/12\/logomio.png\",\"contentUrl\":\"https:\/\/www.miomiorun.com\/app\/uploads\/2019\/12\/logomio.png\",\"width\":115,\"height\":82,\"caption\":\"MioMio Run\"},\"image\":{\"@id\":\"https:\/\/www.miomiorun.com\/fr\/#\/schema\/logo\/image\/\"},\"sameAs\":[\"https:\/\/www.facebook.com\/miomiorun\/\",\"https:\/\/www.instagram.com\/miomiorun\/\"]}]}<\/script>\n<!-- \/ Yoast SEO plugin. -->","yoast_head_json":{"title":"Leki MCT 12 Vario Carbon - B\u00e2ton de course- MioMioRun.com","description":"Le b\u00e2ton pliable extr\u00eamement l\u00e9ger en carbone est \u00e9quip\u00e9 d'une poign\u00e9e Cross Shark. Rapide et ergonomique.","robots":{"index":"index","follow":"follow","max-snippet":"max-snippet:-1","max-image-preview":"max-image-preview:large","max-video-preview":"max-video-preview:-1"},"canonical":"https:\/\/www.miomiorun.com\/fr\/produit\/leki-mct-12-vario-carbon\/","og_locale":"fr_FR","og_type":"article","og_title":"Leki MCT 12 Vario Carbon - B\u00e2ton de course- MioMioRun.com","og_description":"Le b\u00e2ton pliable extr\u00eamement l\u00e9ger en carbone est \u00e9quip\u00e9 d'une poign\u00e9e Cross Shark. Rapide et ergonomique.","og_url":"https:\/\/www.miomiorun.com\/fr\/produit\/leki-mct-12-vario-carbon\/","og_site_name":"MioMioRun","article_publisher":"https:\/\/www.facebook.com\/miomiorun\/","article_modified_time":"2026-05-08T19:18:56+00:00","og_image":[{"width":600,"height":600,"url":"https:\/\/www.miomiorun.com\/app\/uploads\/2020\/06\/MCT-12-Vario-Carbon-65026801.jpg","type":"image\/jpeg"}],"twitter_card":"summary_large_image","twitter_misc":{"Est. reading time":"2 minutes"},"schema":{"@context":"https:\/\/schema.org","@graph":[{"@type":"WebPage","@id":"https:\/\/www.miomiorun.com\/fr\/produit\/leki-mct-12-vario-carbon\/","url":"https:\/\/www.miomiorun.com\/fr\/produit\/leki-mct-12-vario-carbon\/","name":"Leki MCT 12 Vario Carbon - B\u00e2ton de course- MioMioRun.com","isPartOf":{"@id":"https:\/\/www.miomiorun.com\/fr\/#website"},"primaryImageOfPage":{"@id":"https:\/\/www.miomiorun.com\/fr\/produit\/leki-mct-12-vario-carbon\/#primaryimage"},"image":{"@id":"https:\/\/www.miomiorun.com\/fr\/produit\/leki-mct-12-vario-carbon\/#primaryimage"},"thumbnailUrl":"https:\/\/www.miomiorun.com\/app\/uploads\/2020\/06\/MCT-12-Vario-Carbon-65026801.jpg","datePublished":"2021-11-04T09:16:46+00:00","dateModified":"2026-05-08T19:18:56+00:00","description":"Le b\u00e2ton pliable extr\u00eamement l\u00e9ger en carbone est \u00e9quip\u00e9 d'une poign\u00e9e Cross Shark. Rapide et ergonomique.","breadcrumb":{"@id":"https:\/\/www.miomiorun.com\/fr\/produit\/leki-mct-12-vario-carbon\/#breadcrumb"},"inLanguage":"fr-FR","potentialAction":[{"@type":"ReadAction","target":["https:\/\/www.miomiorun.com\/fr\/produit\/leki-mct-12-vario-carbon\/"]}]},{"@type":"ImageObject","inLanguage":"fr-FR","@id":"https:\/\/www.miomiorun.com\/fr\/produit\/leki-mct-12-vario-carbon\/#primaryimage","url":"https:\/\/www.miomiorun.com\/app\/uploads\/2020\/06\/MCT-12-Vario-Carbon-65026801.jpg","contentUrl":"https:\/\/www.miomiorun.com\/app\/uploads\/2020\/06\/MCT-12-Vario-Carbon-65026801.jpg","width":600,"height":600,"caption":"Il bastone pieghevole estremamente leggero in carbonio \u00e8 dotato del'impugnatura Cross Shark. La velocit\u00e0 del sistema Shark e il supporto di una da trekking"},{"@type":"BreadcrumbList","@id":"https:\/\/www.miomiorun.com\/fr\/produit\/leki-mct-12-vario-carbon\/#breadcrumb","itemListElement":[{"@type":"ListItem","position":1,"name":"Home","item":"https:\/\/www.miomiorun.com\/fr\/home-page\/"},{"@type":"ListItem","position":2,"name":"Shop","item":"https:\/\/www.miomiorun.com\/shop\/"},{"@type":"ListItem","position":3,"name":"MCT 12 Vario Carbon"}]},{"@type":"WebSite","@id":"https:\/\/www.miomiorun.com\/fr\/#website","url":"https:\/\/www.miomiorun.com\/fr\/","name":"MioMioRun","description":"Boutique 100% running et trail","publisher":{"@id":"https:\/\/www.miomiorun.com\/fr\/#organization"},"potentialAction":[{"@type":"SearchAction","target":{"@type":"EntryPoint","urlTemplate":"https:\/\/www.miomiorun.com\/fr\/?s={search_term_string}"},"query-input":{"@type":"PropertyValueSpecification","valueRequired":true,"valueName":"search_term_string"}}],"inLanguage":"fr-FR"},{"@type":"Organization","@id":"https:\/\/www.miomiorun.com\/fr\/#organization","name":"MioMio Run","url":"https:\/\/www.miomiorun.com\/fr\/","logo":{"@type":"ImageObject","inLanguage":"fr-FR","@id":"https:\/\/www.miomiorun.com\/fr\/#\/schema\/logo\/image\/","url":"https:\/\/www.miomiorun.com\/app\/uploads\/2019\/12\/logomio.png","contentUrl":"https:\/\/www.miomiorun.com\/app\/uploads\/2019\/12\/logomio.png","width":115,"height":82,"caption":"MioMio Run"},"image":{"@id":"https:\/\/www.miomiorun.com\/fr\/#\/schema\/logo\/image\/"},"sameAs":["https:\/\/www.facebook.com\/miomiorun\/","https:\/\/www.instagram.com\/miomiorun\/"]}]}},"_links":{"self":[{"href":"https:\/\/www.miomiorun.com\/fr\/wp-json\/wp\/v2\/product\/281341","targetHints":{"allow":["GET"]}}],"collection":[{"href":"https:\/\/www.miomiorun.com\/fr\/wp-json\/wp\/v2\/product"}],"about":[{"href":"https:\/\/www.miomiorun.com\/fr\/wp-json\/wp\/v2\/types\/product"}],"wp:featuredmedia":[{"embeddable":true,"href":"https:\/\/www.miomiorun.com\/fr\/wp-json\/wp\/v2\/media\/230133"}],"wp:attachment":[{"href":"https:\/\/www.miomiorun.com\/fr\/wp-json\/wp\/v2\/media?parent=281341"}],"wp:term":[{"taxonomy":"product_brand","embeddable":true,"href":"https:\/\/www.miomiorun.com\/fr\/wp-json\/wp\/v2\/product_brand?post=281341"},{"taxonomy":"product_cat","embeddable":true,"href":"https:\/\/www.miomiorun.com\/fr\/wp-json\/wp\/v2\/product_cat?post=281341"},{"taxonomy":"product_tag","embeddable":true,"href":"https:\/\/www.miomiorun.com\/fr\/wp-json\/wp\/v2\/product_tag?post=281341"}],"curies":[{"name":"wp","href":"https:\/\/api.w.org\/{rel}","templated":true}]}}