{"id":281156,"date":"2021-11-24T12:14:36","date_gmt":"2021-11-24T11:14:36","guid":{"rendered":"https:\/\/miomiorun.com\/prodotto\/montura-nevis-2-0-jacket-donna\/"},"modified":"2025-12-16T09:41:02","modified_gmt":"2025-12-16T08:41:02","slug":"montura-nevis-2-0-jacket-femme","status":"publish","type":"product","link":"https:\/\/www.miomiorun.com\/fr\/produit\/montura-nevis-2-0-jacket-femme\/","title":{"rendered":"Nevis 2.0 Jacket femme"},"content":{"rendered":"<div class=\"product-attribute-season\">\n<p>La veste Nevis 2.0 Jacket pour femme est une veste rembourr\u00e9e \u00e0 capuche en nylon DWR Cordura\u00ae avec une construction double ripstop. Ce v\u00eatement est id\u00e9al pour diverses activit\u00e9s de plein air et de loisirs .<\/p>\n<h3>Caract\u00e9ristiques :<\/h3>\n<p>\u2022 Veste matelass\u00e9e pour femme avec capuche<br \/>\n\u2022 Tissu nylon DWR Cordura\u00ae avec construction double ripstop<br \/>\n\u2022 Dos en tissu double polaire polyester thermique<br \/>\n\u2022 Doublure en tissu nylon DWR<br \/>\n\u2022 Devant et \u00e9paules avec rembourrage synth\u00e9tique en polyester Primaloft\u00ae Gold Insulation 130 g<br \/>\n\u2022 C\u00f4t\u00e9s, dos et manches avec rembourrage Primaloft\u00ae Gold 100 g<br \/>\n\u2022 Fermeture \u00e9clair au centre devant, poches mains zipp\u00e9es, poche int\u00e9rieure zipp\u00e9e<br \/>\n\u2022 Poche int\u00e9rieure ouverte<br \/>\n\u2022 Capuche avec visi\u00e8re et bande \u00e9lastique ajust\u00e9e au niveau du front, r\u00e9glable \u00e0 l&#8217;arri\u00e8re<br \/>\n\u2022 Poignets r\u00e9glables par velcro<br \/>\n\u2022 Bas ajustable<br \/>\n\u2022 Applications r\u00e9fl\u00e9chissantes pour une meilleure visibilit\u00e9<br \/>\n\u2022 V\u00eatement id\u00e9al pour diverses activit\u00e9s de plein air et de loisirs<\/p>\n<p class=\"product-weight\">Poids : 0,71 kg<\/p>\n<div class=\"product-attribute-season\">\n<\/div>\n<\/div>\n","protected":false},"excerpt":{"rendered":"<ul>\n<li>Veste rembourr\u00e9e<\/li>\n<li>Id\u00e9ale pour les activit\u00e9s hivernales<\/li>\n<\/ul>\n","protected":false},"featured_media":234427,"template":"","meta":{"_acf_changed":false,"inline_featured_image":false},"product_brand":[],"product_cat":[22599,22596,22595],"product_tag":[23512,23514],"class_list":{"0":"post-281156","1":"product","2":"type-product","3":"status-publish","4":"has-post-thumbnail","6":"product_cat-vestes","7":"product_cat-vetements-pour-femmes","8":"product_cat-femme","9":"product_tag-montura-fr","10":"product_tag-montura-femme","11":"pa_attivita-marcher","12":"pa_attivita-outdoor-fr","13":"pa_colore-nevis-2-0-jacket-w-vinaccia-baton-rouge-fr","14":"pa_marca-montura-fr","15":"pa_sesso-femme","16":"pa_size-extra-small-fr","18":"first","19":"instock","20":"taxable","21":"shipping-taxable","22":"purchasable","23":"product-type-variable","24":"wvs-archive-product-wrapper"},"acf":[],"yoast_head":"<!-- This site is optimized with the Yoast SEO plugin v26.8 - https:\/\/yoast.com\/product\/yoast-seo-wordpress\/ -->\n<title>Montura Nevis 2.0 Jacket femme - Veste d&#039;hiver- MioMioRun<\/title>\n<meta name=\"description\" content=\"La veste Nevis 2.0 pour femme est une veste rembourr\u00e9e \u00e0 capuche en nylon DWR Cordura\u00ae avec une construction double ripstop.\" \/>\n<meta name=\"robots\" content=\"index, follow, max-snippet:-1, max-image-preview:large, max-video-preview:-1\" \/>\n<link rel=\"canonical\" href=\"https:\/\/www.miomiorun.com\/fr\/produit\/montura-nevis-2-0-jacket-femme\/\" \/>\n<meta property=\"og:locale\" content=\"fr_FR\" \/>\n<meta property=\"og:type\" content=\"article\" \/>\n<meta property=\"og:title\" content=\"Montura Nevis 2.0 Jacket femme - Veste d&#039;hiver- MioMioRun\" \/>\n<meta property=\"og:description\" content=\"La veste Nevis 2.0 pour femme est une veste rembourr\u00e9e \u00e0 capuche en nylon DWR Cordura\u00ae avec une construction double ripstop.\" \/>\n<meta property=\"og:url\" content=\"https:\/\/www.miomiorun.com\/fr\/produit\/montura-nevis-2-0-jacket-femme\/\" \/>\n<meta property=\"og:site_name\" content=\"MioMioRun\" \/>\n<meta property=\"article:publisher\" content=\"https:\/\/www.facebook.com\/miomiorun\/\" \/>\n<meta property=\"article:modified_time\" content=\"2025-12-16T08:41:02+00:00\" \/>\n<meta property=\"og:image\" content=\"https:\/\/www.miomiorun.com\/app\/uploads\/2021\/11\/montura-nevis-2.0-jacket-MJAD81W.00.jpg\" \/>\n\t<meta property=\"og:image:width\" content=\"600\" \/>\n\t<meta property=\"og:image:height\" content=\"600\" \/>\n\t<meta property=\"og:image:type\" content=\"image\/jpeg\" \/>\n<meta name=\"twitter:card\" content=\"summary_large_image\" \/>\n<meta name=\"twitter:label1\" content=\"Est. reading time\" \/>\n\t<meta name=\"twitter:data1\" content=\"1 minute\" \/>\n<script type=\"application\/ld+json\" class=\"yoast-schema-graph\">{\"@context\":\"https:\/\/schema.org\",\"@graph\":[{\"@type\":\"WebPage\",\"@id\":\"https:\/\/www.miomiorun.com\/fr\/produit\/montura-nevis-2-0-jacket-femme\/\",\"url\":\"https:\/\/www.miomiorun.com\/fr\/produit\/montura-nevis-2-0-jacket-femme\/\",\"name\":\"Montura Nevis 2.0 Jacket femme - Veste d'hiver- MioMioRun\",\"isPartOf\":{\"@id\":\"https:\/\/www.miomiorun.com\/fr\/#website\"},\"primaryImageOfPage\":{\"@id\":\"https:\/\/www.miomiorun.com\/fr\/produit\/montura-nevis-2-0-jacket-femme\/#primaryimage\"},\"image\":{\"@id\":\"https:\/\/www.miomiorun.com\/fr\/produit\/montura-nevis-2-0-jacket-femme\/#primaryimage\"},\"thumbnailUrl\":\"https:\/\/www.miomiorun.com\/app\/uploads\/2021\/11\/montura-nevis-2.0-jacket-MJAD81W.00.jpg\",\"datePublished\":\"2021-11-24T11:14:36+00:00\",\"dateModified\":\"2025-12-16T08:41:02+00:00\",\"description\":\"La veste Nevis 2.0 pour femme est une veste rembourr\u00e9e \u00e0 capuche en nylon DWR Cordura\u00ae avec une construction double ripstop.\",\"breadcrumb\":{\"@id\":\"https:\/\/www.miomiorun.com\/fr\/produit\/montura-nevis-2-0-jacket-femme\/#breadcrumb\"},\"inLanguage\":\"fr-FR\",\"potentialAction\":[{\"@type\":\"ReadAction\",\"target\":[\"https:\/\/www.miomiorun.com\/fr\/produit\/montura-nevis-2-0-jacket-femme\/\"]}]},{\"@type\":\"ImageObject\",\"inLanguage\":\"fr-FR\",\"@id\":\"https:\/\/www.miomiorun.com\/fr\/produit\/montura-nevis-2-0-jacket-femme\/#primaryimage\",\"url\":\"https:\/\/www.miomiorun.com\/app\/uploads\/2021\/11\/montura-nevis-2.0-jacket-MJAD81W.00.jpg\",\"contentUrl\":\"https:\/\/www.miomiorun.com\/app\/uploads\/2021\/11\/montura-nevis-2.0-jacket-MJAD81W.00.jpg\",\"width\":600,\"height\":600,\"caption\":\"montura-nevis-2.0-jacket-MJAD81W.00\"},{\"@type\":\"BreadcrumbList\",\"@id\":\"https:\/\/www.miomiorun.com\/fr\/produit\/montura-nevis-2-0-jacket-femme\/#breadcrumb\",\"itemListElement\":[{\"@type\":\"ListItem\",\"position\":1,\"name\":\"Home\",\"item\":\"https:\/\/www.miomiorun.com\/fr\/home-page\/\"},{\"@type\":\"ListItem\",\"position\":2,\"name\":\"Shop\",\"item\":\"https:\/\/www.miomiorun.com\/shop\/\"},{\"@type\":\"ListItem\",\"position\":3,\"name\":\"Nevis 2.0 Jacket femme\"}]},{\"@type\":\"WebSite\",\"@id\":\"https:\/\/www.miomiorun.com\/fr\/#website\",\"url\":\"https:\/\/www.miomiorun.com\/fr\/\",\"name\":\"MioMioRun\",\"description\":\"Boutique 100% running et trail\",\"publisher\":{\"@id\":\"https:\/\/www.miomiorun.com\/fr\/#organization\"},\"potentialAction\":[{\"@type\":\"SearchAction\",\"target\":{\"@type\":\"EntryPoint\",\"urlTemplate\":\"https:\/\/www.miomiorun.com\/fr\/?s={search_term_string}\"},\"query-input\":{\"@type\":\"PropertyValueSpecification\",\"valueRequired\":true,\"valueName\":\"search_term_string\"}}],\"inLanguage\":\"fr-FR\"},{\"@type\":\"Organization\",\"@id\":\"https:\/\/www.miomiorun.com\/fr\/#organization\",\"name\":\"MioMio Run\",\"url\":\"https:\/\/www.miomiorun.com\/fr\/\",\"logo\":{\"@type\":\"ImageObject\",\"inLanguage\":\"fr-FR\",\"@id\":\"https:\/\/www.miomiorun.com\/fr\/#\/schema\/logo\/image\/\",\"url\":\"https:\/\/www.miomiorun.com\/app\/uploads\/2019\/12\/logomio.png\",\"contentUrl\":\"https:\/\/www.miomiorun.com\/app\/uploads\/2019\/12\/logomio.png\",\"width\":115,\"height\":82,\"caption\":\"MioMio Run\"},\"image\":{\"@id\":\"https:\/\/www.miomiorun.com\/fr\/#\/schema\/logo\/image\/\"},\"sameAs\":[\"https:\/\/www.facebook.com\/miomiorun\/\",\"https:\/\/www.instagram.com\/miomiorun\/\"]}]}<\/script>\n<!-- \/ Yoast SEO plugin. -->","yoast_head_json":{"title":"Montura Nevis 2.0 Jacket femme - Veste d'hiver- MioMioRun","description":"La veste Nevis 2.0 pour femme est une veste rembourr\u00e9e \u00e0 capuche en nylon DWR Cordura\u00ae avec une construction double ripstop.","robots":{"index":"index","follow":"follow","max-snippet":"max-snippet:-1","max-image-preview":"max-image-preview:large","max-video-preview":"max-video-preview:-1"},"canonical":"https:\/\/www.miomiorun.com\/fr\/produit\/montura-nevis-2-0-jacket-femme\/","og_locale":"fr_FR","og_type":"article","og_title":"Montura Nevis 2.0 Jacket femme - Veste d'hiver- MioMioRun","og_description":"La veste Nevis 2.0 pour femme est une veste rembourr\u00e9e \u00e0 capuche en nylon DWR Cordura\u00ae avec une construction double ripstop.","og_url":"https:\/\/www.miomiorun.com\/fr\/produit\/montura-nevis-2-0-jacket-femme\/","og_site_name":"MioMioRun","article_publisher":"https:\/\/www.facebook.com\/miomiorun\/","article_modified_time":"2025-12-16T08:41:02+00:00","og_image":[{"width":600,"height":600,"url":"https:\/\/www.miomiorun.com\/app\/uploads\/2021\/11\/montura-nevis-2.0-jacket-MJAD81W.00.jpg","type":"image\/jpeg"}],"twitter_card":"summary_large_image","twitter_misc":{"Est. reading time":"1 minute"},"schema":{"@context":"https:\/\/schema.org","@graph":[{"@type":"WebPage","@id":"https:\/\/www.miomiorun.com\/fr\/produit\/montura-nevis-2-0-jacket-femme\/","url":"https:\/\/www.miomiorun.com\/fr\/produit\/montura-nevis-2-0-jacket-femme\/","name":"Montura Nevis 2.0 Jacket femme - Veste d'hiver- MioMioRun","isPartOf":{"@id":"https:\/\/www.miomiorun.com\/fr\/#website"},"primaryImageOfPage":{"@id":"https:\/\/www.miomiorun.com\/fr\/produit\/montura-nevis-2-0-jacket-femme\/#primaryimage"},"image":{"@id":"https:\/\/www.miomiorun.com\/fr\/produit\/montura-nevis-2-0-jacket-femme\/#primaryimage"},"thumbnailUrl":"https:\/\/www.miomiorun.com\/app\/uploads\/2021\/11\/montura-nevis-2.0-jacket-MJAD81W.00.jpg","datePublished":"2021-11-24T11:14:36+00:00","dateModified":"2025-12-16T08:41:02+00:00","description":"La veste Nevis 2.0 pour femme est une veste rembourr\u00e9e \u00e0 capuche en nylon DWR Cordura\u00ae avec une construction double ripstop.","breadcrumb":{"@id":"https:\/\/www.miomiorun.com\/fr\/produit\/montura-nevis-2-0-jacket-femme\/#breadcrumb"},"inLanguage":"fr-FR","potentialAction":[{"@type":"ReadAction","target":["https:\/\/www.miomiorun.com\/fr\/produit\/montura-nevis-2-0-jacket-femme\/"]}]},{"@type":"ImageObject","inLanguage":"fr-FR","@id":"https:\/\/www.miomiorun.com\/fr\/produit\/montura-nevis-2-0-jacket-femme\/#primaryimage","url":"https:\/\/www.miomiorun.com\/app\/uploads\/2021\/11\/montura-nevis-2.0-jacket-MJAD81W.00.jpg","contentUrl":"https:\/\/www.miomiorun.com\/app\/uploads\/2021\/11\/montura-nevis-2.0-jacket-MJAD81W.00.jpg","width":600,"height":600,"caption":"montura-nevis-2.0-jacket-MJAD81W.00"},{"@type":"BreadcrumbList","@id":"https:\/\/www.miomiorun.com\/fr\/produit\/montura-nevis-2-0-jacket-femme\/#breadcrumb","itemListElement":[{"@type":"ListItem","position":1,"name":"Home","item":"https:\/\/www.miomiorun.com\/fr\/home-page\/"},{"@type":"ListItem","position":2,"name":"Shop","item":"https:\/\/www.miomiorun.com\/shop\/"},{"@type":"ListItem","position":3,"name":"Nevis 2.0 Jacket femme"}]},{"@type":"WebSite","@id":"https:\/\/www.miomiorun.com\/fr\/#website","url":"https:\/\/www.miomiorun.com\/fr\/","name":"MioMioRun","description":"Boutique 100% running et trail","publisher":{"@id":"https:\/\/www.miomiorun.com\/fr\/#organization"},"potentialAction":[{"@type":"SearchAction","target":{"@type":"EntryPoint","urlTemplate":"https:\/\/www.miomiorun.com\/fr\/?s={search_term_string}"},"query-input":{"@type":"PropertyValueSpecification","valueRequired":true,"valueName":"search_term_string"}}],"inLanguage":"fr-FR"},{"@type":"Organization","@id":"https:\/\/www.miomiorun.com\/fr\/#organization","name":"MioMio Run","url":"https:\/\/www.miomiorun.com\/fr\/","logo":{"@type":"ImageObject","inLanguage":"fr-FR","@id":"https:\/\/www.miomiorun.com\/fr\/#\/schema\/logo\/image\/","url":"https:\/\/www.miomiorun.com\/app\/uploads\/2019\/12\/logomio.png","contentUrl":"https:\/\/www.miomiorun.com\/app\/uploads\/2019\/12\/logomio.png","width":115,"height":82,"caption":"MioMio Run"},"image":{"@id":"https:\/\/www.miomiorun.com\/fr\/#\/schema\/logo\/image\/"},"sameAs":["https:\/\/www.facebook.com\/miomiorun\/","https:\/\/www.instagram.com\/miomiorun\/"]}]}},"_links":{"self":[{"href":"https:\/\/www.miomiorun.com\/fr\/wp-json\/wp\/v2\/product\/281156","targetHints":{"allow":["GET"]}}],"collection":[{"href":"https:\/\/www.miomiorun.com\/fr\/wp-json\/wp\/v2\/product"}],"about":[{"href":"https:\/\/www.miomiorun.com\/fr\/wp-json\/wp\/v2\/types\/product"}],"wp:featuredmedia":[{"embeddable":true,"href":"https:\/\/www.miomiorun.com\/fr\/wp-json\/wp\/v2\/media\/234427"}],"wp:attachment":[{"href":"https:\/\/www.miomiorun.com\/fr\/wp-json\/wp\/v2\/media?parent=281156"}],"wp:term":[{"taxonomy":"product_brand","embeddable":true,"href":"https:\/\/www.miomiorun.com\/fr\/wp-json\/wp\/v2\/product_brand?post=281156"},{"taxonomy":"product_cat","embeddable":true,"href":"https:\/\/www.miomiorun.com\/fr\/wp-json\/wp\/v2\/product_cat?post=281156"},{"taxonomy":"product_tag","embeddable":true,"href":"https:\/\/www.miomiorun.com\/fr\/wp-json\/wp\/v2\/product_tag?post=281156"}],"curies":[{"name":"wp","href":"https:\/\/api.w.org\/{rel}","templated":true}]}}