{"id":281153,"date":"2021-12-17T10:26:14","date_gmt":"2021-12-17T09:26:14","guid":{"rendered":"https:\/\/miomiorun.com\/prodotto\/craft-active-extreme-x-cn-ls-donna\/"},"modified":"2026-05-08T21:18:35","modified_gmt":"2026-05-08T19:18:35","slug":"craft-active-extreme-x-cn-ls-femme","status":"publish","type":"product","link":"https:\/\/www.miomiorun.com\/fr\/produit\/craft-active-extreme-x-cn-ls-femme\/","title":{"rendered":"Active Extreme X CN LS femme"},"content":{"rendered":"<p id=\"tw-target-text\" class=\"tw-data-text tw-text-large tw-ta\" dir=\"ltr\" data-placeholder=\"Traduzione\"><span class=\"Y2IQFc\" lang=\"it\"><strong>Active Extreme X CN LS<\/strong> pour femme est un maillot \u00e0 manches longues con\u00e7u pour la course et l&#8217;entra\u00eenement intensifs dans des conditions hivernales douces \u00e0 froides. <\/span><\/p>\n<p class=\"tw-data-text tw-text-large tw-ta\" dir=\"ltr\" data-placeholder=\"Traduzione\"><span class=\"Y2IQFc\" lang=\"it\">Ce v\u00eatement haute performance combine du polyester SEAQUAL l\u00e9ger, la technologie Coolmax Air et du polyester recycl\u00e9 pour offrir une gestion exceptionnelle de la temp\u00e9rature corporelle lors d&#8217;activit\u00e9s intenses. De plus, il est dot\u00e9 d&#8217;un design en maille gaufr\u00e9e pour un meilleur transfert de l&#8217;humidit\u00e9 et un confort accru.<\/span><\/p>\n<p class=\"tw-data-text tw-text-large tw-ta\" dir=\"ltr\" data-placeholder=\"Traduzione\"><span class=\"Y2IQFc\" lang=\"it\">Sa grande \u00e9lasticit\u00e9 et sa coupe ergonomique garantissent une libert\u00e9 de mouvement optimale, tandis que les empi\u00e8cements en mesh cartographi\u00e9s offrent une ventilation suppl\u00e9mentaire l\u00e0 o\u00f9 elle est le plus n\u00e9cessaire. Un favori \u00e9prouv\u00e9 parmi les athl\u00e8tes d&#8217;\u00e9lite et les h\u00e9ros du quotidien.<\/span><\/p>\n<h3 class=\"tw-data-text tw-text-large tw-ta\" dir=\"ltr\" data-placeholder=\"Traduzione\"><span class=\"Y2IQFc\" lang=\"it\"><strong>Tissu \u00e9cologique SEAQUAL<\/strong><\/span><\/h3>\n<p class=\"tw-data-text tw-text-large tw-ta\" dir=\"ltr\" data-placeholder=\"Traduzione\"><span class=\"Y2IQFc\" lang=\"it\">L&#8217;initiative SEAQUAL lutte contre la pollution plastique et contribue \u00e0 nettoyer nos oc\u00e9ans des d\u00e9chets marins, guidant ainsi la soci\u00e9t\u00e9 vers la circularit\u00e9. Fruit de notre ambition d&#8217;assumer l&#8217;enti\u00e8re responsabilit\u00e9 de la cha\u00eene de valeur, Active Extreme X CN LS est fabriqu\u00e9 \u00e0 partir de plastique marin recycl\u00e9, un mat\u00e9riau 100 % recycl\u00e9. Le tissu SEAQUAL recycl\u00e9 est non seulement \u00e9cologique, mais il offre \u00e9galement une excellente \u00e9vacuation de l&#8217;humidit\u00e9 et une ventilation exceptionnelle. <\/span><\/p>\n<h3 class=\"tw-data-text tw-text-large tw-ta\" dir=\"ltr\" data-placeholder=\"Traduzione\"><span class=\"Y2IQFc\" lang=\"it\">Technologie Coolmax Air<\/span><\/h3>\n<p class=\"tw-data-text tw-text-large tw-ta\" dir=\"ltr\" data-placeholder=\"Traduzione\"><span class=\"Y2IQFc\" lang=\"it\">Les tissus Coolmax Air Technology sont con\u00e7us pour optimiser la gestion naturelle de la temp\u00e9rature corporelle dans des conditions froides ou chaudes. Caract\u00e9ris\u00e9 par des fibres de polyester avec une section transversale unique en forme d&#8217;h\u00e9lice, le tissu offre une excellente thermor\u00e9gulation pour des performances optimales. Des tests ont d\u00e9montr\u00e9 que les v\u00eatements fabriqu\u00e9s avec la technologie Coolmax Air offrent une gestion sup\u00e9rieure de la temp\u00e9rature corporelle, un grand confort et un excellent effet de s\u00e9chage rapide.<\/span><\/p>\n<p dir=\"ltr\" data-placeholder=\"Traduzione\"><strong>Caract\u00e9ristiques :<\/strong><\/p>\n<ul>\n<li id=\"tw-target-text\" class=\"tw-data-text tw-text-large tw-ta\" dir=\"ltr\" data-placeholder=\"Traduzione\"><span class=\"Y2IQFc\" lang=\"it\">Tissu fin, l\u00e9ger et \u00e9lastique.<\/span><\/li>\n<li class=\"tw-data-text tw-text-large tw-ta\" dir=\"ltr\" data-placeholder=\"Traduzione\"><span class=\"Y2IQFc\" lang=\"it\">SEAQUAL polyester fabriqu\u00e9 \u00e0 partir de plastique recycl\u00e9.<\/span><\/li>\n<li class=\"tw-data-text tw-text-large tw-ta\" dir=\"ltr\" data-placeholder=\"Traduzione\"><span class=\"Y2IQFc\" lang=\"it\">Technologie Coolmax Air.<\/span><\/li>\n<li class=\"tw-data-text tw-text-large tw-ta\" dir=\"ltr\" data-placeholder=\"Traduzione\"><span class=\"Y2IQFc\" lang=\"it\">Conception en maille gaufr\u00e9e pour une \u00e9vacuation optimale de l&#8217;humidit\u00e9 et un confort maximal.<\/span><\/li>\n<li class=\"tw-data-text tw-text-large tw-ta\" dir=\"ltr\" data-placeholder=\"Traduzione\"><span class=\"Y2IQFc\" lang=\"it\">Inserts en mesh sous les aisselles pour une meilleure ventilation.<\/span><\/li>\n<li class=\"tw-data-text tw-text-large tw-ta\" dir=\"ltr\" data-placeholder=\"Traduzione\"><span class=\"Y2IQFc\" lang=\"it\">Coutures flatlock qui suivent les mouvements du corps.<\/span><\/li>\n<li class=\"tw-data-text tw-text-large tw-ta\" dir=\"ltr\" data-placeholder=\"Traduzione\"><span class=\"Y2IQFc\" lang=\"it\">Adh\u00e9rent.<\/span><\/li>\n<li class=\"tw-data-text tw-text-large tw-ta\" dir=\"ltr\" data-placeholder=\"Traduzione\"><span class=\"Y2IQFc\" lang=\"it\">Transport de l&#8217;humidit\u00e9 : 5 sur 5 .<\/span><\/li>\n<li class=\"tw-data-text tw-text-large tw-ta\" dir=\"ltr\" data-placeholder=\"Traduzione\"><span class=\"Y2IQFc\" lang=\"it\">Niveau d&#8217;activit\u00e9 : 5 sur 5.<\/span><\/li>\n<li class=\"tw-data-text tw-text-large tw-ta\" dir=\"ltr\" data-placeholder=\"Traduzione\"><span class=\"Y2IQFc\" lang=\"it\">Temp\u00e9rature : de -5 \u00b0C \u00e0 +10 \u00b0C<\/span><\/li>\n<\/ul>\n<p>Mat\u00e9riaux : 40 % polyester SeaQual, 39 % polyester \u00ab Coolmax \u00bb, 21 % polyester recycl\u00e9.<\/p>\n<p>&nbsp;<\/p>\n<p>&nbsp;<\/p>\n","protected":false},"excerpt":{"rendered":"<p>Active Extreme X CN LS pour femme est un maillot \u00e0 manches longues con\u00e7u pour la course et l&#8217;entra\u00eenement intensifs dans des conditions hivernales douces \u00e0 froides. Ce v\u00eatement haute performance combine du polyester SEAQUAL l\u00e9ger, la technologie Coolmax Air et du polyester recycl\u00e9 pour offrir une gestion exceptionnelle de la temp\u00e9rature corporelle lors d&#8217;activit\u00e9s &hellip; <a href=\"https:\/\/www.miomiorun.com\/fr\/produit\/craft-active-extreme-x-cn-ls-femme\/\">Continued<\/a><\/p>\n","protected":false},"featured_media":234467,"template":"","meta":{"_acf_changed":false,"inline_featured_image":false},"product_brand":[],"product_cat":[22600,22596,22595],"product_tag":[23554,23648],"class_list":{"0":"post-281153","1":"product","2":"type-product","3":"status-publish","4":"has-post-thumbnail","6":"product_cat-sous-vetements","7":"product_cat-vetements-pour-femmes","8":"product_cat-femme","9":"product_tag-craft-fr","10":"product_tag-craft-femme","11":"pa_attivita-marcher","12":"pa_attivita-outdoor-fr","13":"pa_attivita-running-fr","14":"pa_attivita-trail-fr","15":"pa_colore-active-extreme-x-cn-ls-w-black-fr","16":"pa_colore-active-extreme-x-cn-ls-w-cosmo-fr","17":"pa_colore-active-extreme-x-cn-ls-w-white-fr","18":"pa_colore-pro-active-extreme-x-cn-ls-w-pink-fr","19":"pa_marca-craft-fr","20":"pa_sesso-femme","21":"pa_size-extra-small-fr","22":"pa_size-small-fr","23":"pa_size-medium-fr","24":"pa_size-large-fr","26":"first","27":"instock","28":"sale","29":"taxable","30":"shipping-taxable","31":"purchasable","32":"product-type-variable","33":"wvs-archive-product-wrapper"},"acf":[],"yoast_head":"<!-- This site is optimized with the Yoast SEO plugin v26.8 - https:\/\/yoast.com\/product\/yoast-seo-wordpress\/ -->\n<title>Craft Active Extreme X CN LS femme - Maillot thermique - MioMioRun.com<\/title>\n<meta name=\"description\" content=\"Active Extreme X CN LS pour femme est un maillot \u00e0 manches longues con\u00e7u pour les courses et les entra\u00eenements \u00e0 haute intensit\u00e9.\" \/>\n<meta name=\"robots\" content=\"index, follow, max-snippet:-1, max-image-preview:large, max-video-preview:-1\" \/>\n<link rel=\"canonical\" href=\"https:\/\/www.miomiorun.com\/fr\/produit\/craft-active-extreme-x-cn-ls-femme\/\" \/>\n<meta property=\"og:locale\" content=\"fr_FR\" \/>\n<meta property=\"og:type\" content=\"article\" \/>\n<meta property=\"og:title\" content=\"Craft Active Extreme X CN LS femme - Maillot thermique - MioMioRun.com\" \/>\n<meta property=\"og:description\" content=\"Active Extreme X CN LS pour femme est un maillot \u00e0 manches longues con\u00e7u pour les courses et les entra\u00eenements \u00e0 haute intensit\u00e9.\" \/>\n<meta property=\"og:url\" content=\"https:\/\/www.miomiorun.com\/fr\/produit\/craft-active-extreme-x-cn-ls-femme\/\" \/>\n<meta property=\"og:site_name\" content=\"MioMioRun\" \/>\n<meta property=\"article:publisher\" content=\"https:\/\/www.facebook.com\/miomiorun\/\" \/>\n<meta property=\"article:modified_time\" content=\"2026-05-08T19:18:35+00:00\" \/>\n<meta property=\"og:image\" content=\"https:\/\/www.miomiorun.com\/app\/uploads\/2021\/12\/craft-Active-Extreme-X-CN-LS-1909673-999000.jpg\" \/>\n\t<meta property=\"og:image:width\" content=\"600\" \/>\n\t<meta property=\"og:image:height\" content=\"600\" \/>\n\t<meta property=\"og:image:type\" content=\"image\/jpeg\" \/>\n<meta name=\"twitter:card\" content=\"summary_large_image\" \/>\n<meta name=\"twitter:label1\" content=\"Est. reading time\" \/>\n\t<meta name=\"twitter:data1\" content=\"2 minutes\" \/>\n<script type=\"application\/ld+json\" class=\"yoast-schema-graph\">{\"@context\":\"https:\/\/schema.org\",\"@graph\":[{\"@type\":\"WebPage\",\"@id\":\"https:\/\/www.miomiorun.com\/fr\/produit\/craft-active-extreme-x-cn-ls-femme\/\",\"url\":\"https:\/\/www.miomiorun.com\/fr\/produit\/craft-active-extreme-x-cn-ls-femme\/\",\"name\":\"Craft Active Extreme X CN LS femme - Maillot thermique - MioMioRun.com\",\"isPartOf\":{\"@id\":\"https:\/\/www.miomiorun.com\/fr\/#website\"},\"primaryImageOfPage\":{\"@id\":\"https:\/\/www.miomiorun.com\/fr\/produit\/craft-active-extreme-x-cn-ls-femme\/#primaryimage\"},\"image\":{\"@id\":\"https:\/\/www.miomiorun.com\/fr\/produit\/craft-active-extreme-x-cn-ls-femme\/#primaryimage\"},\"thumbnailUrl\":\"https:\/\/www.miomiorun.com\/app\/uploads\/2021\/12\/craft-Active-Extreme-X-CN-LS-1909673-999000.jpg\",\"datePublished\":\"2021-12-17T09:26:14+00:00\",\"dateModified\":\"2026-05-08T19:18:35+00:00\",\"description\":\"Active Extreme X CN LS pour femme est un maillot \u00e0 manches longues con\u00e7u pour les courses et les entra\u00eenements \u00e0 haute intensit\u00e9.\",\"breadcrumb\":{\"@id\":\"https:\/\/www.miomiorun.com\/fr\/produit\/craft-active-extreme-x-cn-ls-femme\/#breadcrumb\"},\"inLanguage\":\"fr-FR\",\"potentialAction\":[{\"@type\":\"ReadAction\",\"target\":[\"https:\/\/www.miomiorun.com\/fr\/produit\/craft-active-extreme-x-cn-ls-femme\/\"]}]},{\"@type\":\"ImageObject\",\"inLanguage\":\"fr-FR\",\"@id\":\"https:\/\/www.miomiorun.com\/fr\/produit\/craft-active-extreme-x-cn-ls-femme\/#primaryimage\",\"url\":\"https:\/\/www.miomiorun.com\/app\/uploads\/2021\/12\/craft-Active-Extreme-X-CN-LS-1909673-999000.jpg\",\"contentUrl\":\"https:\/\/www.miomiorun.com\/app\/uploads\/2021\/12\/craft-Active-Extreme-X-CN-LS-1909673-999000.jpg\",\"width\":600,\"height\":600,\"caption\":\"craft-Active-Extreme-X-CN-LS-1909673-999000\"},{\"@type\":\"BreadcrumbList\",\"@id\":\"https:\/\/www.miomiorun.com\/fr\/produit\/craft-active-extreme-x-cn-ls-femme\/#breadcrumb\",\"itemListElement\":[{\"@type\":\"ListItem\",\"position\":1,\"name\":\"Home\",\"item\":\"https:\/\/www.miomiorun.com\/fr\/home-page\/\"},{\"@type\":\"ListItem\",\"position\":2,\"name\":\"Shop\",\"item\":\"https:\/\/www.miomiorun.com\/shop\/\"},{\"@type\":\"ListItem\",\"position\":3,\"name\":\"Active Extreme X CN LS femme\"}]},{\"@type\":\"WebSite\",\"@id\":\"https:\/\/www.miomiorun.com\/fr\/#website\",\"url\":\"https:\/\/www.miomiorun.com\/fr\/\",\"name\":\"MioMioRun\",\"description\":\"Boutique 100% running et trail\",\"publisher\":{\"@id\":\"https:\/\/www.miomiorun.com\/fr\/#organization\"},\"potentialAction\":[{\"@type\":\"SearchAction\",\"target\":{\"@type\":\"EntryPoint\",\"urlTemplate\":\"https:\/\/www.miomiorun.com\/fr\/?s={search_term_string}\"},\"query-input\":{\"@type\":\"PropertyValueSpecification\",\"valueRequired\":true,\"valueName\":\"search_term_string\"}}],\"inLanguage\":\"fr-FR\"},{\"@type\":\"Organization\",\"@id\":\"https:\/\/www.miomiorun.com\/fr\/#organization\",\"name\":\"MioMio Run\",\"url\":\"https:\/\/www.miomiorun.com\/fr\/\",\"logo\":{\"@type\":\"ImageObject\",\"inLanguage\":\"fr-FR\",\"@id\":\"https:\/\/www.miomiorun.com\/fr\/#\/schema\/logo\/image\/\",\"url\":\"https:\/\/www.miomiorun.com\/app\/uploads\/2019\/12\/logomio.png\",\"contentUrl\":\"https:\/\/www.miomiorun.com\/app\/uploads\/2019\/12\/logomio.png\",\"width\":115,\"height\":82,\"caption\":\"MioMio Run\"},\"image\":{\"@id\":\"https:\/\/www.miomiorun.com\/fr\/#\/schema\/logo\/image\/\"},\"sameAs\":[\"https:\/\/www.facebook.com\/miomiorun\/\",\"https:\/\/www.instagram.com\/miomiorun\/\"]}]}<\/script>\n<!-- \/ Yoast SEO plugin. -->","yoast_head_json":{"title":"Craft Active Extreme X CN LS femme - Maillot thermique - MioMioRun.com","description":"Active Extreme X CN LS pour femme est un maillot \u00e0 manches longues con\u00e7u pour les courses et les entra\u00eenements \u00e0 haute intensit\u00e9.","robots":{"index":"index","follow":"follow","max-snippet":"max-snippet:-1","max-image-preview":"max-image-preview:large","max-video-preview":"max-video-preview:-1"},"canonical":"https:\/\/www.miomiorun.com\/fr\/produit\/craft-active-extreme-x-cn-ls-femme\/","og_locale":"fr_FR","og_type":"article","og_title":"Craft Active Extreme X CN LS femme - Maillot thermique - MioMioRun.com","og_description":"Active Extreme X CN LS pour femme est un maillot \u00e0 manches longues con\u00e7u pour les courses et les entra\u00eenements \u00e0 haute intensit\u00e9.","og_url":"https:\/\/www.miomiorun.com\/fr\/produit\/craft-active-extreme-x-cn-ls-femme\/","og_site_name":"MioMioRun","article_publisher":"https:\/\/www.facebook.com\/miomiorun\/","article_modified_time":"2026-05-08T19:18:35+00:00","og_image":[{"width":600,"height":600,"url":"https:\/\/www.miomiorun.com\/app\/uploads\/2021\/12\/craft-Active-Extreme-X-CN-LS-1909673-999000.jpg","type":"image\/jpeg"}],"twitter_card":"summary_large_image","twitter_misc":{"Est. reading time":"2 minutes"},"schema":{"@context":"https:\/\/schema.org","@graph":[{"@type":"WebPage","@id":"https:\/\/www.miomiorun.com\/fr\/produit\/craft-active-extreme-x-cn-ls-femme\/","url":"https:\/\/www.miomiorun.com\/fr\/produit\/craft-active-extreme-x-cn-ls-femme\/","name":"Craft Active Extreme X CN LS femme - Maillot thermique - MioMioRun.com","isPartOf":{"@id":"https:\/\/www.miomiorun.com\/fr\/#website"},"primaryImageOfPage":{"@id":"https:\/\/www.miomiorun.com\/fr\/produit\/craft-active-extreme-x-cn-ls-femme\/#primaryimage"},"image":{"@id":"https:\/\/www.miomiorun.com\/fr\/produit\/craft-active-extreme-x-cn-ls-femme\/#primaryimage"},"thumbnailUrl":"https:\/\/www.miomiorun.com\/app\/uploads\/2021\/12\/craft-Active-Extreme-X-CN-LS-1909673-999000.jpg","datePublished":"2021-12-17T09:26:14+00:00","dateModified":"2026-05-08T19:18:35+00:00","description":"Active Extreme X CN LS pour femme est un maillot \u00e0 manches longues con\u00e7u pour les courses et les entra\u00eenements \u00e0 haute intensit\u00e9.","breadcrumb":{"@id":"https:\/\/www.miomiorun.com\/fr\/produit\/craft-active-extreme-x-cn-ls-femme\/#breadcrumb"},"inLanguage":"fr-FR","potentialAction":[{"@type":"ReadAction","target":["https:\/\/www.miomiorun.com\/fr\/produit\/craft-active-extreme-x-cn-ls-femme\/"]}]},{"@type":"ImageObject","inLanguage":"fr-FR","@id":"https:\/\/www.miomiorun.com\/fr\/produit\/craft-active-extreme-x-cn-ls-femme\/#primaryimage","url":"https:\/\/www.miomiorun.com\/app\/uploads\/2021\/12\/craft-Active-Extreme-X-CN-LS-1909673-999000.jpg","contentUrl":"https:\/\/www.miomiorun.com\/app\/uploads\/2021\/12\/craft-Active-Extreme-X-CN-LS-1909673-999000.jpg","width":600,"height":600,"caption":"craft-Active-Extreme-X-CN-LS-1909673-999000"},{"@type":"BreadcrumbList","@id":"https:\/\/www.miomiorun.com\/fr\/produit\/craft-active-extreme-x-cn-ls-femme\/#breadcrumb","itemListElement":[{"@type":"ListItem","position":1,"name":"Home","item":"https:\/\/www.miomiorun.com\/fr\/home-page\/"},{"@type":"ListItem","position":2,"name":"Shop","item":"https:\/\/www.miomiorun.com\/shop\/"},{"@type":"ListItem","position":3,"name":"Active Extreme X CN LS femme"}]},{"@type":"WebSite","@id":"https:\/\/www.miomiorun.com\/fr\/#website","url":"https:\/\/www.miomiorun.com\/fr\/","name":"MioMioRun","description":"Boutique 100% running et trail","publisher":{"@id":"https:\/\/www.miomiorun.com\/fr\/#organization"},"potentialAction":[{"@type":"SearchAction","target":{"@type":"EntryPoint","urlTemplate":"https:\/\/www.miomiorun.com\/fr\/?s={search_term_string}"},"query-input":{"@type":"PropertyValueSpecification","valueRequired":true,"valueName":"search_term_string"}}],"inLanguage":"fr-FR"},{"@type":"Organization","@id":"https:\/\/www.miomiorun.com\/fr\/#organization","name":"MioMio Run","url":"https:\/\/www.miomiorun.com\/fr\/","logo":{"@type":"ImageObject","inLanguage":"fr-FR","@id":"https:\/\/www.miomiorun.com\/fr\/#\/schema\/logo\/image\/","url":"https:\/\/www.miomiorun.com\/app\/uploads\/2019\/12\/logomio.png","contentUrl":"https:\/\/www.miomiorun.com\/app\/uploads\/2019\/12\/logomio.png","width":115,"height":82,"caption":"MioMio Run"},"image":{"@id":"https:\/\/www.miomiorun.com\/fr\/#\/schema\/logo\/image\/"},"sameAs":["https:\/\/www.facebook.com\/miomiorun\/","https:\/\/www.instagram.com\/miomiorun\/"]}]}},"_links":{"self":[{"href":"https:\/\/www.miomiorun.com\/fr\/wp-json\/wp\/v2\/product\/281153","targetHints":{"allow":["GET"]}}],"collection":[{"href":"https:\/\/www.miomiorun.com\/fr\/wp-json\/wp\/v2\/product"}],"about":[{"href":"https:\/\/www.miomiorun.com\/fr\/wp-json\/wp\/v2\/types\/product"}],"wp:featuredmedia":[{"embeddable":true,"href":"https:\/\/www.miomiorun.com\/fr\/wp-json\/wp\/v2\/media\/234467"}],"wp:attachment":[{"href":"https:\/\/www.miomiorun.com\/fr\/wp-json\/wp\/v2\/media?parent=281153"}],"wp:term":[{"taxonomy":"product_brand","embeddable":true,"href":"https:\/\/www.miomiorun.com\/fr\/wp-json\/wp\/v2\/product_brand?post=281153"},{"taxonomy":"product_cat","embeddable":true,"href":"https:\/\/www.miomiorun.com\/fr\/wp-json\/wp\/v2\/product_cat?post=281153"},{"taxonomy":"product_tag","embeddable":true,"href":"https:\/\/www.miomiorun.com\/fr\/wp-json\/wp\/v2\/product_tag?post=281153"}],"curies":[{"name":"wp","href":"https:\/\/api.w.org\/{rel}","templated":true}]}}