{"id":281149,"date":"2021-11-11T16:09:09","date_gmt":"2021-11-11T15:09:09","guid":{"rendered":"https:\/\/miomiorun.com\/prodotto\/la-sportiva-iliad-gtx-jkt-donna\/"},"modified":"2025-12-19T19:29:08","modified_gmt":"2025-12-19T18:29:08","slug":"la-sportiva-iliad-gtx-jkt-femme","status":"publish","type":"product","link":"https:\/\/www.miomiorun.com\/fr\/produit\/la-sportiva-iliad-gtx-jkt-femme\/","title":{"rendered":"Iliad Gtx Jkt femme"},"content":{"rendered":"<p>La veste <strong>Iliad GTX\u00ae<\/strong> pour femme est con\u00e7ue pour offrir une protection maximale contre le vent et la pluie, tout en conservant un poids minimal et un design essentiel et compact.<\/p>\n<p>Il adopte la membrane imperm\u00e9able et respirante Gore-Tex\u00ae Active Shell\u2122, la meilleure sur le march\u00e9 en mati\u00e8re d&#8217;imperm\u00e9abilit\u00e9.<\/p>\n<h3>Informations techniques :<\/h3>\n<p><img loading=\"lazy\" decoding=\"async\" class=\"ls-is-cached lazyloaded\" src=\"https:\/\/www.lasportiva.com\/media\/techinfo_icons\/traspirabilita.png\" alt=\"La Sportiva\" width=\"75\" height=\"75\" data-src=\"https:\/\/www.lasportiva.com\/media\/techinfo_icons\/traspirabilita.png\" \/><\/p>\n<p><strong>Respirabilit\u00e9 :<\/strong><br \/>\nProduits hautement respirants pour un excellent confort climatique.<\/p>\n<p>&nbsp;<\/p>\n<p><img loading=\"lazy\" decoding=\"async\" class=\"ls-is-cached lazyloaded\" src=\"https:\/\/www.lasportiva.com\/media\/techinfo_icons\/comfort-fit.png\" alt=\"La Sportiva\" width=\"75\" height=\"75\" data-src=\"https:\/\/www.lasportiva.com\/media\/techinfo_icons\/comfort-fit.png\" \/><\/p>\n<p><strong>Coupe confortable :<\/strong><\/p>\n<p>Coupe ample, tissus doux.<\/p>\n<p>&nbsp;<\/p>\n<p><img loading=\"lazy\" decoding=\"async\" class=\"ls-is-cached lazyloaded\" src=\"https:\/\/www.lasportiva.com\/media\/techinfo_icons\/durabilita.png\" alt=\"La Sportiva\" width=\"75\" height=\"75\" data-src=\"https:\/\/www.lasportiva.com\/media\/techinfo_icons\/durabilita.png\" \/><\/p>\n<p><strong>Durabilit\u00e9 :<\/strong><br \/>\nProduits hautement r\u00e9sistants \u00e0 l&#8217;usure.<\/p>\n<p>&nbsp;<\/p>\n<p><img loading=\"lazy\" decoding=\"async\" class=\"lazyloaded\" src=\"https:\/\/www.lasportiva.com\/media\/techinfo_icons\/leggerezza.png\" alt=\"La Sportiva\" width=\"75\" height=\"75\" data-src=\"https:\/\/www.lasportiva.com\/media\/techinfo_icons\/leggerezza.png\" \/><\/p>\n<p><strong>L\u00e9g\u00e8ret\u00e9 :<\/strong><br \/>\nProduits qui maintiennent le poids au minimum<\/p>\n<p>&nbsp;<\/p>\n<p><img loading=\"lazy\" decoding=\"async\" class=\"img-responsive margin-bottom-sm\" src=\"https:\/\/www.lasportiva.com\/media\/idrorepellenza.png\" width=\"75\" height=\"75\" \/><\/p>\n<p><strong>R\u00e9sistant \u00e0 l&#8217;eau :<\/strong><br \/>\nPour une utilisation dans des conditions de forte pluie, de vent ou de neige<\/p>\n<p>&nbsp;<\/p>\n<p><img decoding=\"async\" class=\"img-responsive margin-bottom-sm\" src=\"https:\/\/www.lasportiva.com\/media\/techinfo_icons\/Wind-stop_75x75.png\" \/><\/p>\n<p><strong>Wind-stop :<\/strong><br \/>\nV\u00eatements fabriqu\u00e9s dans des mati\u00e8res coupe-vent<\/p>\n<p>&nbsp;<\/p>\n<p><img decoding=\"async\" class=\"img-responsive margin-bottom-sm\" src=\"https:\/\/www.lasportiva.com\/media\/techinfo_icons\/Bluesign-product_2.075x75.png\" \/><\/p>\n<p>QU&#8217;EST-CE QUE LE SYST\u00c8ME BLUESIGN ? &#8211; Le syst\u00e8me de certification \u00ab bluesign\u00ae system \u00bb certifie la durabilit\u00e9 de l&#8217;ensemble de la cha\u00eene de production textile. Il \u00e9limine les substances dangereuses pour les personnes et l&#8217;environnement d\u00e8s le d\u00e9but du processus de production en fixant et en contr\u00f4lant les normes socio-environnementales et d&#8217;\u00e9co-compatibilit\u00e9 de tous les processus de production impliqu\u00e9s tout au long de la cha\u00eene de valeur, garantissant ainsi au consommateur l&#8217;achat de produits durables. La Sportiva est membre officiel de bluesign\u00ae depuis 2012 : cela certifie que toute la cha\u00eene de production textile respecte les crit\u00e8res socio-environnementaux promus par bluesign\u00ae. Depuis 2014\/15, La Sportiva fabrique \u00e9galement des produits enti\u00e8rement certifi\u00e9s bluesign\u00ae sur lesquels est appos\u00e9 le label officiel bluesign\u00ae product. QUE SIGNIFIE UN PRODUIT CERTIFI\u00c9 BLUESIGN ? &#8211; Un produit certifi\u00e9 bluesign\u00ae garantit le plus haut niveau de s\u00e9curit\u00e9 pour le consommateur en termes de respect socio-environnemental et atteste que le produit a \u00e9t\u00e9 obtenu avec le moins d&#8217;impact possible sur la plan\u00e8te et les personnes, en respectant les normes de qualit\u00e9 approuv\u00e9es par bluesign\u00ae et en utilisant des ressources durables tout au long de la cha\u00eene de production. Un produit bluesign\u00ae est la preuve de l&#8217;engagement de l&#8217;entreprise en faveur de la durabilit\u00e9 de la plan\u00e8te.<\/p>\n<p>&nbsp;<\/p>\n<p><img decoding=\"async\" class=\"img-responsive margin-bottom-sm\" src=\"https:\/\/www.lasportiva.com\/media\/techinfo_icons\/L5_75x75.png\" \/><\/p>\n<p><strong>L5 &#8211; HARD SHELL<\/strong><br \/>\nCoque ext\u00e9rieure prot\u00e9geant du vent, de la pluie et de la neige. Une v\u00e9ritable barri\u00e8re contre les agents atmosph\u00e9riques qui favorise en m\u00eame temps la transpiration gr\u00e2ce aux mat\u00e9riaux et aux membranes utilis\u00e9s.<\/p>\n<p>&nbsp;<\/p>\n<p><img decoding=\"async\" src=\"https:\/\/www.lasportiva.com\/media\/GORETEX_Icona_75x75.png\" alt=\"\" \/><\/p>\n<p><strong>GORE-TEX\u00ae ACTIVE SHELL :<br \/>\n<\/strong>Les v\u00eatements con\u00e7us avec la nouvelle technologie GORE-TEX\u00ae Active sont l\u00e9gers, souples, confortables et extr\u00eamement respirants. Un tissu polyvalent pour toutes les saisons, id\u00e9al pour les aventures dynamiques.<\/p>\n<p>\u2022 Plus doux et plus confortable sur la peau.<br \/>\n\u2022 Plus confortable et plus l\u00e9ger.<br \/>\n\u2022 Extr\u00eamement respirant.<br \/>\n\u2022 Imperm\u00e9able et coupe-vent.<br \/>\n\u2022 Sp\u00e9cialement con\u00e7u pour les activit\u00e9s \u00e0 forte d\u00e9pense \u00e9nerg\u00e9tique.<\/p>\n<p><img loading=\"lazy\" decoding=\"async\" src=\"https:\/\/www.lasportiva.com\/media\/GORETEXactive_pop-up.png\" alt=\"\" width=\"674\" height=\"257\" \/><\/p>\n<p>&nbsp;<\/p>\n<p>&nbsp;<\/p>\n<p>&nbsp;<\/p>\n","protected":false},"excerpt":{"rendered":"<p>La veste Iliad GTX\u00ae pour femme est con\u00e7ue pour offrir une protection maximale contre le vent et la pluie, tout en conservant un poids minimal et un design essentiel et compact. Il adopte la membrane imperm\u00e9able et respirante Gore-Tex\u00ae Active Shell\u2122, la meilleure sur le march\u00e9 en mati\u00e8re d&#8217;imperm\u00e9abilit\u00e9. Informations techniques : Respirabilit\u00e9 : Produits &hellip; <a href=\"https:\/\/www.miomiorun.com\/fr\/produit\/la-sportiva-iliad-gtx-jkt-femme\/\">Continued<\/a><\/p>\n","protected":false},"featured_media":234403,"template":"","meta":{"_acf_changed":false,"inline_featured_image":false},"product_brand":[],"product_cat":[24441,24444],"product_tag":[23597,23601],"class_list":{"0":"post-281149","1":"product","2":"type-product","3":"status-publish","4":"has-post-thumbnail","6":"product_cat-vestes-fr","7":"product_cat-vetements-pour-femmes-fr","8":"product_tag-la-sportiva-fr","9":"product_tag-la-sportiva-femme","10":"pa_attivita-marcher","11":"pa_attivita-outdoor-fr","12":"pa_attivita-trail-fr","13":"pa_colore-illiad-gtx-jkt-w-carbon-aquarelle-fr","14":"pa_marca-la-sportiva-fr","15":"pa_sesso-femme","16":"pa_size-extra-small-fr","17":"pa_size-large-fr","19":"first","20":"instock","21":"sale","22":"taxable","23":"shipping-taxable","24":"purchasable","25":"product-type-variable","26":"wvs-archive-product-wrapper"},"acf":[],"yoast_head":"<!-- This site is optimized with the Yoast SEO plugin v26.8 - https:\/\/yoast.com\/product\/yoast-seo-wordpress\/ -->\n<title>La Sportiva Iliad Gtx Jkt femme - Veste de course - MioMioRun.com<\/title>\n<meta name=\"description\" content=\"La veste Iliad GTX\u00ae pour femme est con\u00e7ue pour offrir une protection maximale contre le vent et la pluie.\" \/>\n<meta name=\"robots\" content=\"index, follow, max-snippet:-1, max-image-preview:large, max-video-preview:-1\" \/>\n<link rel=\"canonical\" href=\"https:\/\/www.miomiorun.com\/fr\/produit\/la-sportiva-iliad-gtx-jkt-femme\/\" \/>\n<meta property=\"og:locale\" content=\"fr_FR\" \/>\n<meta property=\"og:type\" content=\"article\" \/>\n<meta property=\"og:title\" content=\"La Sportiva Iliad Gtx Jkt femme - Veste de course - MioMioRun.com\" \/>\n<meta property=\"og:description\" content=\"La veste Iliad GTX\u00ae pour femme est con\u00e7ue pour offrir une protection maximale contre le vent et la pluie.\" \/>\n<meta property=\"og:url\" content=\"https:\/\/www.miomiorun.com\/fr\/produit\/la-sportiva-iliad-gtx-jkt-femme\/\" \/>\n<meta property=\"og:site_name\" content=\"MioMioRun\" \/>\n<meta property=\"article:publisher\" content=\"https:\/\/www.facebook.com\/miomiorun\/\" \/>\n<meta property=\"article:modified_time\" content=\"2025-12-19T18:29:08+00:00\" \/>\n<meta property=\"og:image\" content=\"https:\/\/www.miomiorun.com\/app\/uploads\/2021\/11\/la-sportiva-illiad-GTX-jkt-M02900631.jpg\" \/>\n\t<meta property=\"og:image:width\" content=\"600\" \/>\n\t<meta property=\"og:image:height\" content=\"600\" \/>\n\t<meta property=\"og:image:type\" content=\"image\/jpeg\" \/>\n<meta name=\"twitter:card\" content=\"summary_large_image\" \/>\n<meta name=\"twitter:label1\" content=\"Est. reading time\" \/>\n\t<meta name=\"twitter:data1\" content=\"2 minutes\" \/>\n<script type=\"application\/ld+json\" class=\"yoast-schema-graph\">{\"@context\":\"https:\/\/schema.org\",\"@graph\":[{\"@type\":\"WebPage\",\"@id\":\"https:\/\/www.miomiorun.com\/fr\/produit\/la-sportiva-iliad-gtx-jkt-femme\/\",\"url\":\"https:\/\/www.miomiorun.com\/fr\/produit\/la-sportiva-iliad-gtx-jkt-femme\/\",\"name\":\"La Sportiva Iliad Gtx Jkt femme - Veste de course - MioMioRun.com\",\"isPartOf\":{\"@id\":\"https:\/\/www.miomiorun.com\/fr\/#website\"},\"primaryImageOfPage\":{\"@id\":\"https:\/\/www.miomiorun.com\/fr\/produit\/la-sportiva-iliad-gtx-jkt-femme\/#primaryimage\"},\"image\":{\"@id\":\"https:\/\/www.miomiorun.com\/fr\/produit\/la-sportiva-iliad-gtx-jkt-femme\/#primaryimage\"},\"thumbnailUrl\":\"https:\/\/www.miomiorun.com\/app\/uploads\/2021\/11\/la-sportiva-illiad-GTX-jkt-M02900631.jpg\",\"datePublished\":\"2021-11-11T15:09:09+00:00\",\"dateModified\":\"2025-12-19T18:29:08+00:00\",\"description\":\"La veste Iliad GTX\u00ae pour femme est con\u00e7ue pour offrir une protection maximale contre le vent et la pluie.\",\"breadcrumb\":{\"@id\":\"https:\/\/www.miomiorun.com\/fr\/produit\/la-sportiva-iliad-gtx-jkt-femme\/#breadcrumb\"},\"inLanguage\":\"fr-FR\",\"potentialAction\":[{\"@type\":\"ReadAction\",\"target\":[\"https:\/\/www.miomiorun.com\/fr\/produit\/la-sportiva-iliad-gtx-jkt-femme\/\"]}]},{\"@type\":\"ImageObject\",\"inLanguage\":\"fr-FR\",\"@id\":\"https:\/\/www.miomiorun.com\/fr\/produit\/la-sportiva-iliad-gtx-jkt-femme\/#primaryimage\",\"url\":\"https:\/\/www.miomiorun.com\/app\/uploads\/2021\/11\/la-sportiva-illiad-GTX-jkt-M02900631.jpg\",\"contentUrl\":\"https:\/\/www.miomiorun.com\/app\/uploads\/2021\/11\/la-sportiva-illiad-GTX-jkt-M02900631.jpg\",\"width\":600,\"height\":600,\"caption\":\"la sportiva illiad gtx jkt\"},{\"@type\":\"BreadcrumbList\",\"@id\":\"https:\/\/www.miomiorun.com\/fr\/produit\/la-sportiva-iliad-gtx-jkt-femme\/#breadcrumb\",\"itemListElement\":[{\"@type\":\"ListItem\",\"position\":1,\"name\":\"Home\",\"item\":\"https:\/\/www.miomiorun.com\/fr\/home-page\/\"},{\"@type\":\"ListItem\",\"position\":2,\"name\":\"Shop\",\"item\":\"https:\/\/www.miomiorun.com\/shop\/\"},{\"@type\":\"ListItem\",\"position\":3,\"name\":\"Iliad Gtx Jkt femme\"}]},{\"@type\":\"WebSite\",\"@id\":\"https:\/\/www.miomiorun.com\/fr\/#website\",\"url\":\"https:\/\/www.miomiorun.com\/fr\/\",\"name\":\"MioMioRun\",\"description\":\"Boutique 100% running et trail\",\"publisher\":{\"@id\":\"https:\/\/www.miomiorun.com\/fr\/#organization\"},\"potentialAction\":[{\"@type\":\"SearchAction\",\"target\":{\"@type\":\"EntryPoint\",\"urlTemplate\":\"https:\/\/www.miomiorun.com\/fr\/?s={search_term_string}\"},\"query-input\":{\"@type\":\"PropertyValueSpecification\",\"valueRequired\":true,\"valueName\":\"search_term_string\"}}],\"inLanguage\":\"fr-FR\"},{\"@type\":\"Organization\",\"@id\":\"https:\/\/www.miomiorun.com\/fr\/#organization\",\"name\":\"MioMio Run\",\"url\":\"https:\/\/www.miomiorun.com\/fr\/\",\"logo\":{\"@type\":\"ImageObject\",\"inLanguage\":\"fr-FR\",\"@id\":\"https:\/\/www.miomiorun.com\/fr\/#\/schema\/logo\/image\/\",\"url\":\"https:\/\/www.miomiorun.com\/app\/uploads\/2019\/12\/logomio.png\",\"contentUrl\":\"https:\/\/www.miomiorun.com\/app\/uploads\/2019\/12\/logomio.png\",\"width\":115,\"height\":82,\"caption\":\"MioMio Run\"},\"image\":{\"@id\":\"https:\/\/www.miomiorun.com\/fr\/#\/schema\/logo\/image\/\"},\"sameAs\":[\"https:\/\/www.facebook.com\/miomiorun\/\",\"https:\/\/www.instagram.com\/miomiorun\/\"]}]}<\/script>\n<!-- \/ Yoast SEO plugin. -->","yoast_head_json":{"title":"La Sportiva Iliad Gtx Jkt femme - Veste de course - MioMioRun.com","description":"La veste Iliad GTX\u00ae pour femme est con\u00e7ue pour offrir une protection maximale contre le vent et la pluie.","robots":{"index":"index","follow":"follow","max-snippet":"max-snippet:-1","max-image-preview":"max-image-preview:large","max-video-preview":"max-video-preview:-1"},"canonical":"https:\/\/www.miomiorun.com\/fr\/produit\/la-sportiva-iliad-gtx-jkt-femme\/","og_locale":"fr_FR","og_type":"article","og_title":"La Sportiva Iliad Gtx Jkt femme - Veste de course - MioMioRun.com","og_description":"La veste Iliad GTX\u00ae pour femme est con\u00e7ue pour offrir une protection maximale contre le vent et la pluie.","og_url":"https:\/\/www.miomiorun.com\/fr\/produit\/la-sportiva-iliad-gtx-jkt-femme\/","og_site_name":"MioMioRun","article_publisher":"https:\/\/www.facebook.com\/miomiorun\/","article_modified_time":"2025-12-19T18:29:08+00:00","og_image":[{"width":600,"height":600,"url":"https:\/\/www.miomiorun.com\/app\/uploads\/2021\/11\/la-sportiva-illiad-GTX-jkt-M02900631.jpg","type":"image\/jpeg"}],"twitter_card":"summary_large_image","twitter_misc":{"Est. reading time":"2 minutes"},"schema":{"@context":"https:\/\/schema.org","@graph":[{"@type":"WebPage","@id":"https:\/\/www.miomiorun.com\/fr\/produit\/la-sportiva-iliad-gtx-jkt-femme\/","url":"https:\/\/www.miomiorun.com\/fr\/produit\/la-sportiva-iliad-gtx-jkt-femme\/","name":"La Sportiva Iliad Gtx Jkt femme - Veste de course - MioMioRun.com","isPartOf":{"@id":"https:\/\/www.miomiorun.com\/fr\/#website"},"primaryImageOfPage":{"@id":"https:\/\/www.miomiorun.com\/fr\/produit\/la-sportiva-iliad-gtx-jkt-femme\/#primaryimage"},"image":{"@id":"https:\/\/www.miomiorun.com\/fr\/produit\/la-sportiva-iliad-gtx-jkt-femme\/#primaryimage"},"thumbnailUrl":"https:\/\/www.miomiorun.com\/app\/uploads\/2021\/11\/la-sportiva-illiad-GTX-jkt-M02900631.jpg","datePublished":"2021-11-11T15:09:09+00:00","dateModified":"2025-12-19T18:29:08+00:00","description":"La veste Iliad GTX\u00ae pour femme est con\u00e7ue pour offrir une protection maximale contre le vent et la pluie.","breadcrumb":{"@id":"https:\/\/www.miomiorun.com\/fr\/produit\/la-sportiva-iliad-gtx-jkt-femme\/#breadcrumb"},"inLanguage":"fr-FR","potentialAction":[{"@type":"ReadAction","target":["https:\/\/www.miomiorun.com\/fr\/produit\/la-sportiva-iliad-gtx-jkt-femme\/"]}]},{"@type":"ImageObject","inLanguage":"fr-FR","@id":"https:\/\/www.miomiorun.com\/fr\/produit\/la-sportiva-iliad-gtx-jkt-femme\/#primaryimage","url":"https:\/\/www.miomiorun.com\/app\/uploads\/2021\/11\/la-sportiva-illiad-GTX-jkt-M02900631.jpg","contentUrl":"https:\/\/www.miomiorun.com\/app\/uploads\/2021\/11\/la-sportiva-illiad-GTX-jkt-M02900631.jpg","width":600,"height":600,"caption":"la sportiva illiad gtx jkt"},{"@type":"BreadcrumbList","@id":"https:\/\/www.miomiorun.com\/fr\/produit\/la-sportiva-iliad-gtx-jkt-femme\/#breadcrumb","itemListElement":[{"@type":"ListItem","position":1,"name":"Home","item":"https:\/\/www.miomiorun.com\/fr\/home-page\/"},{"@type":"ListItem","position":2,"name":"Shop","item":"https:\/\/www.miomiorun.com\/shop\/"},{"@type":"ListItem","position":3,"name":"Iliad Gtx Jkt femme"}]},{"@type":"WebSite","@id":"https:\/\/www.miomiorun.com\/fr\/#website","url":"https:\/\/www.miomiorun.com\/fr\/","name":"MioMioRun","description":"Boutique 100% running et trail","publisher":{"@id":"https:\/\/www.miomiorun.com\/fr\/#organization"},"potentialAction":[{"@type":"SearchAction","target":{"@type":"EntryPoint","urlTemplate":"https:\/\/www.miomiorun.com\/fr\/?s={search_term_string}"},"query-input":{"@type":"PropertyValueSpecification","valueRequired":true,"valueName":"search_term_string"}}],"inLanguage":"fr-FR"},{"@type":"Organization","@id":"https:\/\/www.miomiorun.com\/fr\/#organization","name":"MioMio Run","url":"https:\/\/www.miomiorun.com\/fr\/","logo":{"@type":"ImageObject","inLanguage":"fr-FR","@id":"https:\/\/www.miomiorun.com\/fr\/#\/schema\/logo\/image\/","url":"https:\/\/www.miomiorun.com\/app\/uploads\/2019\/12\/logomio.png","contentUrl":"https:\/\/www.miomiorun.com\/app\/uploads\/2019\/12\/logomio.png","width":115,"height":82,"caption":"MioMio Run"},"image":{"@id":"https:\/\/www.miomiorun.com\/fr\/#\/schema\/logo\/image\/"},"sameAs":["https:\/\/www.facebook.com\/miomiorun\/","https:\/\/www.instagram.com\/miomiorun\/"]}]}},"_links":{"self":[{"href":"https:\/\/www.miomiorun.com\/fr\/wp-json\/wp\/v2\/product\/281149","targetHints":{"allow":["GET"]}}],"collection":[{"href":"https:\/\/www.miomiorun.com\/fr\/wp-json\/wp\/v2\/product"}],"about":[{"href":"https:\/\/www.miomiorun.com\/fr\/wp-json\/wp\/v2\/types\/product"}],"wp:featuredmedia":[{"embeddable":true,"href":"https:\/\/www.miomiorun.com\/fr\/wp-json\/wp\/v2\/media\/234403"}],"wp:attachment":[{"href":"https:\/\/www.miomiorun.com\/fr\/wp-json\/wp\/v2\/media?parent=281149"}],"wp:term":[{"taxonomy":"product_brand","embeddable":true,"href":"https:\/\/www.miomiorun.com\/fr\/wp-json\/wp\/v2\/product_brand?post=281149"},{"taxonomy":"product_cat","embeddable":true,"href":"https:\/\/www.miomiorun.com\/fr\/wp-json\/wp\/v2\/product_cat?post=281149"},{"taxonomy":"product_tag","embeddable":true,"href":"https:\/\/www.miomiorun.com\/fr\/wp-json\/wp\/v2\/product_tag?post=281149"}],"curies":[{"name":"wp","href":"https:\/\/api.w.org\/{rel}","templated":true}]}}