{"id":281142,"date":"2021-11-23T18:58:04","date_gmt":"2021-11-23T17:58:04","guid":{"rendered":"https:\/\/miomiorun.com\/prodotto\/crazy-idea-jkt-alpinstar-3d-donna\/"},"modified":"2026-05-08T21:17:59","modified_gmt":"2026-05-08T19:17:59","slug":"crazy-idea-jkt-alpinstar-3d-femme","status":"publish","type":"product","link":"https:\/\/www.miomiorun.com\/fr\/produit\/crazy-idea-jkt-alpinstar-3d-femme\/","title":{"rendered":"Jkt Alpinstar 3D femme"},"content":{"rendered":"<div class=\"single-product-description\">\n<p>La veste <strong>Jkt Alpinstar 3D<\/strong> pour femme est un v\u00eatement id\u00e9al pour les activit\u00e9s d&#8217;intensit\u00e9 moyenne, \u00e0 utiliser pendant l&#8217;ascension ou m\u00eame pendant la descente lorsque les conditions m\u00e9t\u00e9orologiques ne sont pas extr\u00eames. Le devant et le dos sont en nylon Toray l\u00e9ger, hydrofuge et coupe-vent, avec une construction Sameless tube. Le rembourrage innovant JOY assure une chaleur optimale, tandis que les manches et le dos sont en polaire Vuelta italienne chaude et respirante. Fermeture \u00e0 glissi\u00e8re sur le devant, capuche avec bord \u00e9lastique, poches pour les mains et fermeture \u00e0 glissi\u00e8re.<\/p>\n<p><strong>Caract\u00e9ristiques :<\/strong><\/p>\n<ul>\n<li>Capuche ergonomique avec bord \u00e9lastique<\/li>\n<li>Fermeture \u00e9clair frontale enti\u00e8rement s\u00e9parable<\/li>\n<li>Poches mains avec fermeture \u00e0 glissi\u00e8re<\/li>\n<li>Passe-pouce<\/li>\n<li>Bande \u00e9lastique au bas et empi\u00e8cements en tissu respirant<\/li>\n<\/ul>\n<\/div>\n","protected":false},"excerpt":{"rendered":"<p>La veste Jkt Alpinstar 3D pour femme est un v\u00eatement id\u00e9al pour les activit\u00e9s d&#8217;intensit\u00e9 moyenne, \u00e0 utiliser pendant l&#8217;ascension ou m\u00eame pendant la descente lorsque les conditions m\u00e9t\u00e9orologiques ne sont pas extr\u00eames. Le devant et le dos sont en nylon Toray l\u00e9ger, hydrofuge et coupe-vent, avec une construction Sameless tube. Le rembourrage innovant JOY &hellip; <a href=\"https:\/\/www.miomiorun.com\/fr\/produit\/crazy-idea-jkt-alpinstar-3d-femme\/\">Continued<\/a><\/p>\n","protected":false},"featured_media":234435,"template":"","meta":{"_acf_changed":false,"inline_featured_image":false},"product_brand":[],"product_cat":[22599,22596,22595],"product_tag":[23489,23491],"class_list":{"0":"post-281142","1":"product","2":"type-product","3":"status-publish","4":"has-post-thumbnail","6":"product_cat-vestes","7":"product_cat-vetements-pour-femmes","8":"product_cat-femme","9":"product_tag-crazy-idea-fr","10":"product_tag-crazy-idea-femme","11":"pa_attivita-marcher","12":"pa_attivita-outdoor-fr","13":"pa_colore-jkt-alpinstar-3d-w-pop-fr","14":"pa_marca-crazy-idea-fr","15":"pa_sesso-femme","16":"pa_size-extra-small-fr","17":"pa_size-small-fr","19":"first","20":"instock","21":"sale","22":"taxable","23":"shipping-taxable","24":"purchasable","25":"product-type-variable","26":"wvs-archive-product-wrapper"},"acf":[],"yoast_head":"<!-- This site is optimized with the Yoast SEO plugin v26.8 - https:\/\/yoast.com\/product\/yoast-seo-wordpress\/ -->\n<title>Crazy Idea Jkt Alpinstar 3D femme - MioMioRun<\/title>\n<meta name=\"description\" content=\"La veste Alpinstar 3D pour femme est un v\u00eatement id\u00e9al pour les activit\u00e9s d&#039;intensit\u00e9 moyenne, \u00e0 utiliser pendant l&#039;ascension ou m\u00eame la descente.\" \/>\n<meta name=\"robots\" content=\"index, follow, max-snippet:-1, max-image-preview:large, max-video-preview:-1\" \/>\n<link rel=\"canonical\" href=\"https:\/\/www.miomiorun.com\/fr\/produit\/crazy-idea-jkt-alpinstar-3d-femme\/\" \/>\n<meta property=\"og:locale\" content=\"fr_FR\" \/>\n<meta property=\"og:type\" content=\"article\" \/>\n<meta property=\"og:title\" content=\"Crazy Idea Jkt Alpinstar 3D femme - MioMioRun\" \/>\n<meta property=\"og:description\" content=\"La veste Alpinstar 3D pour femme est un v\u00eatement id\u00e9al pour les activit\u00e9s d&#039;intensit\u00e9 moyenne, \u00e0 utiliser pendant l&#039;ascension ou m\u00eame la descente.\" \/>\n<meta property=\"og:url\" content=\"https:\/\/www.miomiorun.com\/fr\/produit\/crazy-idea-jkt-alpinstar-3d-femme\/\" \/>\n<meta property=\"og:site_name\" content=\"MioMioRun\" \/>\n<meta property=\"article:publisher\" content=\"https:\/\/www.facebook.com\/miomiorun\/\" \/>\n<meta property=\"article:modified_time\" content=\"2026-05-08T19:17:59+00:00\" \/>\n<meta property=\"og:image\" content=\"https:\/\/www.miomiorun.com\/app\/uploads\/2021\/11\/crazy-idea-jkt-alpinstar-3d-W21055195D-0063.jpg\" \/>\n\t<meta property=\"og:image:width\" content=\"600\" \/>\n\t<meta property=\"og:image:height\" content=\"600\" \/>\n\t<meta property=\"og:image:type\" content=\"image\/jpeg\" \/>\n<meta name=\"twitter:card\" content=\"summary_large_image\" \/>\n<meta name=\"twitter:label1\" content=\"Est. reading time\" \/>\n\t<meta name=\"twitter:data1\" content=\"1 minute\" \/>\n<script type=\"application\/ld+json\" class=\"yoast-schema-graph\">{\"@context\":\"https:\/\/schema.org\",\"@graph\":[{\"@type\":\"WebPage\",\"@id\":\"https:\/\/www.miomiorun.com\/fr\/produit\/crazy-idea-jkt-alpinstar-3d-femme\/\",\"url\":\"https:\/\/www.miomiorun.com\/fr\/produit\/crazy-idea-jkt-alpinstar-3d-femme\/\",\"name\":\"Crazy Idea Jkt Alpinstar 3D femme - MioMioRun\",\"isPartOf\":{\"@id\":\"https:\/\/www.miomiorun.com\/fr\/#website\"},\"primaryImageOfPage\":{\"@id\":\"https:\/\/www.miomiorun.com\/fr\/produit\/crazy-idea-jkt-alpinstar-3d-femme\/#primaryimage\"},\"image\":{\"@id\":\"https:\/\/www.miomiorun.com\/fr\/produit\/crazy-idea-jkt-alpinstar-3d-femme\/#primaryimage\"},\"thumbnailUrl\":\"https:\/\/www.miomiorun.com\/app\/uploads\/2021\/11\/crazy-idea-jkt-alpinstar-3d-W21055195D-0063.jpg\",\"datePublished\":\"2021-11-23T17:58:04+00:00\",\"dateModified\":\"2026-05-08T19:17:59+00:00\",\"description\":\"La veste Alpinstar 3D pour femme est un v\u00eatement id\u00e9al pour les activit\u00e9s d'intensit\u00e9 moyenne, \u00e0 utiliser pendant l'ascension ou m\u00eame la descente.\",\"breadcrumb\":{\"@id\":\"https:\/\/www.miomiorun.com\/fr\/produit\/crazy-idea-jkt-alpinstar-3d-femme\/#breadcrumb\"},\"inLanguage\":\"fr-FR\",\"potentialAction\":[{\"@type\":\"ReadAction\",\"target\":[\"https:\/\/www.miomiorun.com\/fr\/produit\/crazy-idea-jkt-alpinstar-3d-femme\/\"]}]},{\"@type\":\"ImageObject\",\"inLanguage\":\"fr-FR\",\"@id\":\"https:\/\/www.miomiorun.com\/fr\/produit\/crazy-idea-jkt-alpinstar-3d-femme\/#primaryimage\",\"url\":\"https:\/\/www.miomiorun.com\/app\/uploads\/2021\/11\/crazy-idea-jkt-alpinstar-3d-W21055195D-0063.jpg\",\"contentUrl\":\"https:\/\/www.miomiorun.com\/app\/uploads\/2021\/11\/crazy-idea-jkt-alpinstar-3d-W21055195D-0063.jpg\",\"width\":600,\"height\":600,\"caption\":\"crazy-idea-jkt-alpinstar-3d-W21055195D-0063\"},{\"@type\":\"BreadcrumbList\",\"@id\":\"https:\/\/www.miomiorun.com\/fr\/produit\/crazy-idea-jkt-alpinstar-3d-femme\/#breadcrumb\",\"itemListElement\":[{\"@type\":\"ListItem\",\"position\":1,\"name\":\"Home\",\"item\":\"https:\/\/www.miomiorun.com\/fr\/home-page\/\"},{\"@type\":\"ListItem\",\"position\":2,\"name\":\"Shop\",\"item\":\"https:\/\/www.miomiorun.com\/shop\/\"},{\"@type\":\"ListItem\",\"position\":3,\"name\":\"Jkt Alpinstar 3D femme\"}]},{\"@type\":\"WebSite\",\"@id\":\"https:\/\/www.miomiorun.com\/fr\/#website\",\"url\":\"https:\/\/www.miomiorun.com\/fr\/\",\"name\":\"MioMioRun\",\"description\":\"Boutique 100% running et trail\",\"publisher\":{\"@id\":\"https:\/\/www.miomiorun.com\/fr\/#organization\"},\"potentialAction\":[{\"@type\":\"SearchAction\",\"target\":{\"@type\":\"EntryPoint\",\"urlTemplate\":\"https:\/\/www.miomiorun.com\/fr\/?s={search_term_string}\"},\"query-input\":{\"@type\":\"PropertyValueSpecification\",\"valueRequired\":true,\"valueName\":\"search_term_string\"}}],\"inLanguage\":\"fr-FR\"},{\"@type\":\"Organization\",\"@id\":\"https:\/\/www.miomiorun.com\/fr\/#organization\",\"name\":\"MioMio Run\",\"url\":\"https:\/\/www.miomiorun.com\/fr\/\",\"logo\":{\"@type\":\"ImageObject\",\"inLanguage\":\"fr-FR\",\"@id\":\"https:\/\/www.miomiorun.com\/fr\/#\/schema\/logo\/image\/\",\"url\":\"https:\/\/www.miomiorun.com\/app\/uploads\/2019\/12\/logomio.png\",\"contentUrl\":\"https:\/\/www.miomiorun.com\/app\/uploads\/2019\/12\/logomio.png\",\"width\":115,\"height\":82,\"caption\":\"MioMio Run\"},\"image\":{\"@id\":\"https:\/\/www.miomiorun.com\/fr\/#\/schema\/logo\/image\/\"},\"sameAs\":[\"https:\/\/www.facebook.com\/miomiorun\/\",\"https:\/\/www.instagram.com\/miomiorun\/\"]}]}<\/script>\n<!-- \/ Yoast SEO plugin. -->","yoast_head_json":{"title":"Crazy Idea Jkt Alpinstar 3D femme - MioMioRun","description":"La veste Alpinstar 3D pour femme est un v\u00eatement id\u00e9al pour les activit\u00e9s d'intensit\u00e9 moyenne, \u00e0 utiliser pendant l'ascension ou m\u00eame la descente.","robots":{"index":"index","follow":"follow","max-snippet":"max-snippet:-1","max-image-preview":"max-image-preview:large","max-video-preview":"max-video-preview:-1"},"canonical":"https:\/\/www.miomiorun.com\/fr\/produit\/crazy-idea-jkt-alpinstar-3d-femme\/","og_locale":"fr_FR","og_type":"article","og_title":"Crazy Idea Jkt Alpinstar 3D femme - MioMioRun","og_description":"La veste Alpinstar 3D pour femme est un v\u00eatement id\u00e9al pour les activit\u00e9s d'intensit\u00e9 moyenne, \u00e0 utiliser pendant l'ascension ou m\u00eame la descente.","og_url":"https:\/\/www.miomiorun.com\/fr\/produit\/crazy-idea-jkt-alpinstar-3d-femme\/","og_site_name":"MioMioRun","article_publisher":"https:\/\/www.facebook.com\/miomiorun\/","article_modified_time":"2026-05-08T19:17:59+00:00","og_image":[{"width":600,"height":600,"url":"https:\/\/www.miomiorun.com\/app\/uploads\/2021\/11\/crazy-idea-jkt-alpinstar-3d-W21055195D-0063.jpg","type":"image\/jpeg"}],"twitter_card":"summary_large_image","twitter_misc":{"Est. reading time":"1 minute"},"schema":{"@context":"https:\/\/schema.org","@graph":[{"@type":"WebPage","@id":"https:\/\/www.miomiorun.com\/fr\/produit\/crazy-idea-jkt-alpinstar-3d-femme\/","url":"https:\/\/www.miomiorun.com\/fr\/produit\/crazy-idea-jkt-alpinstar-3d-femme\/","name":"Crazy Idea Jkt Alpinstar 3D femme - MioMioRun","isPartOf":{"@id":"https:\/\/www.miomiorun.com\/fr\/#website"},"primaryImageOfPage":{"@id":"https:\/\/www.miomiorun.com\/fr\/produit\/crazy-idea-jkt-alpinstar-3d-femme\/#primaryimage"},"image":{"@id":"https:\/\/www.miomiorun.com\/fr\/produit\/crazy-idea-jkt-alpinstar-3d-femme\/#primaryimage"},"thumbnailUrl":"https:\/\/www.miomiorun.com\/app\/uploads\/2021\/11\/crazy-idea-jkt-alpinstar-3d-W21055195D-0063.jpg","datePublished":"2021-11-23T17:58:04+00:00","dateModified":"2026-05-08T19:17:59+00:00","description":"La veste Alpinstar 3D pour femme est un v\u00eatement id\u00e9al pour les activit\u00e9s d'intensit\u00e9 moyenne, \u00e0 utiliser pendant l'ascension ou m\u00eame la descente.","breadcrumb":{"@id":"https:\/\/www.miomiorun.com\/fr\/produit\/crazy-idea-jkt-alpinstar-3d-femme\/#breadcrumb"},"inLanguage":"fr-FR","potentialAction":[{"@type":"ReadAction","target":["https:\/\/www.miomiorun.com\/fr\/produit\/crazy-idea-jkt-alpinstar-3d-femme\/"]}]},{"@type":"ImageObject","inLanguage":"fr-FR","@id":"https:\/\/www.miomiorun.com\/fr\/produit\/crazy-idea-jkt-alpinstar-3d-femme\/#primaryimage","url":"https:\/\/www.miomiorun.com\/app\/uploads\/2021\/11\/crazy-idea-jkt-alpinstar-3d-W21055195D-0063.jpg","contentUrl":"https:\/\/www.miomiorun.com\/app\/uploads\/2021\/11\/crazy-idea-jkt-alpinstar-3d-W21055195D-0063.jpg","width":600,"height":600,"caption":"crazy-idea-jkt-alpinstar-3d-W21055195D-0063"},{"@type":"BreadcrumbList","@id":"https:\/\/www.miomiorun.com\/fr\/produit\/crazy-idea-jkt-alpinstar-3d-femme\/#breadcrumb","itemListElement":[{"@type":"ListItem","position":1,"name":"Home","item":"https:\/\/www.miomiorun.com\/fr\/home-page\/"},{"@type":"ListItem","position":2,"name":"Shop","item":"https:\/\/www.miomiorun.com\/shop\/"},{"@type":"ListItem","position":3,"name":"Jkt Alpinstar 3D femme"}]},{"@type":"WebSite","@id":"https:\/\/www.miomiorun.com\/fr\/#website","url":"https:\/\/www.miomiorun.com\/fr\/","name":"MioMioRun","description":"Boutique 100% running et trail","publisher":{"@id":"https:\/\/www.miomiorun.com\/fr\/#organization"},"potentialAction":[{"@type":"SearchAction","target":{"@type":"EntryPoint","urlTemplate":"https:\/\/www.miomiorun.com\/fr\/?s={search_term_string}"},"query-input":{"@type":"PropertyValueSpecification","valueRequired":true,"valueName":"search_term_string"}}],"inLanguage":"fr-FR"},{"@type":"Organization","@id":"https:\/\/www.miomiorun.com\/fr\/#organization","name":"MioMio Run","url":"https:\/\/www.miomiorun.com\/fr\/","logo":{"@type":"ImageObject","inLanguage":"fr-FR","@id":"https:\/\/www.miomiorun.com\/fr\/#\/schema\/logo\/image\/","url":"https:\/\/www.miomiorun.com\/app\/uploads\/2019\/12\/logomio.png","contentUrl":"https:\/\/www.miomiorun.com\/app\/uploads\/2019\/12\/logomio.png","width":115,"height":82,"caption":"MioMio Run"},"image":{"@id":"https:\/\/www.miomiorun.com\/fr\/#\/schema\/logo\/image\/"},"sameAs":["https:\/\/www.facebook.com\/miomiorun\/","https:\/\/www.instagram.com\/miomiorun\/"]}]}},"_links":{"self":[{"href":"https:\/\/www.miomiorun.com\/fr\/wp-json\/wp\/v2\/product\/281142","targetHints":{"allow":["GET"]}}],"collection":[{"href":"https:\/\/www.miomiorun.com\/fr\/wp-json\/wp\/v2\/product"}],"about":[{"href":"https:\/\/www.miomiorun.com\/fr\/wp-json\/wp\/v2\/types\/product"}],"wp:featuredmedia":[{"embeddable":true,"href":"https:\/\/www.miomiorun.com\/fr\/wp-json\/wp\/v2\/media\/234435"}],"wp:attachment":[{"href":"https:\/\/www.miomiorun.com\/fr\/wp-json\/wp\/v2\/media?parent=281142"}],"wp:term":[{"taxonomy":"product_brand","embeddable":true,"href":"https:\/\/www.miomiorun.com\/fr\/wp-json\/wp\/v2\/product_brand?post=281142"},{"taxonomy":"product_cat","embeddable":true,"href":"https:\/\/www.miomiorun.com\/fr\/wp-json\/wp\/v2\/product_cat?post=281142"},{"taxonomy":"product_tag","embeddable":true,"href":"https:\/\/www.miomiorun.com\/fr\/wp-json\/wp\/v2\/product_tag?post=281142"}],"curies":[{"name":"wp","href":"https:\/\/api.w.org\/{rel}","templated":true}]}}