{"id":281107,"date":"2021-12-17T10:59:47","date_gmt":"2021-12-17T09:59:47","guid":{"rendered":"https:\/\/miomiorun.com\/prodotto\/craft-pro-wool-extreme-x-ls-donna\/"},"modified":"2026-05-08T21:17:31","modified_gmt":"2026-05-08T19:17:31","slug":"craft-pro-wool-extreme-x-ls-femme","status":"publish","type":"product","link":"https:\/\/www.miomiorun.com\/fr\/produit\/craft-pro-wool-extreme-x-ls-femme\/","title":{"rendered":"Pro Wool Extreme X LS femme"},"content":{"rendered":"<p id=\"tw-target-text\" class=\"tw-data-text tw-text-large tw-ta\" dir=\"ltr\" data-placeholder=\"Traduzione\"><span class=\"Y2IQFc\" lang=\"it\">Le <strong>PRO Wool Extreme X LS<\/strong> pour femme est un t-shirt \u00e0 manches longues moulant de qualit\u00e9 professionnelle contenant 20 % de laine qui vous garde au sec et au chaud pendant les entra\u00eenements intenses par temps tr\u00e8s froid.<\/span><\/p>\n<p class=\"tw-data-text tw-text-large tw-ta\" dir=\"ltr\" data-placeholder=\"Traduzione\"><span class=\"Y2IQFc\" lang=\"it\">Cette couche de base techniquement avanc\u00e9e est fabriqu\u00e9e dans un m\u00e9lange doux de polyamide et de laine m\u00e9rinos qui offre une excellente \u00e9vacuation de l&#8217;humidit\u00e9 tout en fournissant la quantit\u00e9 de chaleur n\u00e9cessaire pour un confort optimal lors des froides journ\u00e9es d&#8217;hiver sur les pistes de ski de fond et autres lieux similaires. De plus, le tissu fin et fonctionnel de ce v\u00eatement en fait un excellent choix pour les randonn\u00e9es ou le trekking lors des excursions printani\u00e8res et automnales fra\u00eeches. <\/span><\/p>\n<h3 dir=\"ltr\" data-placeholder=\"Traduzione\">Caract\u00e9ristiques :<\/h3>\n<ul>\n<li><span class=\"Y2IQFc\" lang=\"it\">Tissu en polyamide et laine fine hautement fonctionnel.<\/span><\/li>\n<li><span class=\"Y2IQFc\" lang=\"it\">20 % laine m\u00e9rinos.<\/span><\/li>\n<li><span class=\"Y2IQFc\" lang=\"it\">Sans mules.<\/span><\/li>\n<li><span class=\"Y2IQFc\" lang=\"it\">Il vous garde au chaud et au sec m\u00eame lorsqu&#8217;il est mouill\u00e9.<\/span><\/li>\n<li><span class=\"Y2IQFc\" lang=\"it\">Sans odeur par nature.<\/span><\/li>\n<li><span class=\"Y2IQFc\" lang=\"it\">Adh\u00e9rent.<\/span><\/li>\n<\/ul>\n<p>&nbsp;<\/p>\n<p>&nbsp;<\/p>\n<p>&nbsp;<\/p>\n","protected":false},"excerpt":{"rendered":"<p>Le PRO Wool Extreme X LS pour femme est un t-shirt \u00e0 manches longues moulant de qualit\u00e9 professionnelle contenant 20 % de laine qui vous garde au sec et au chaud pendant les entra\u00eenements intenses par temps tr\u00e8s froid. Cette couche de base techniquement avanc\u00e9e est fabriqu\u00e9e dans un m\u00e9lange doux de polyamide et de &hellip; <a href=\"https:\/\/www.miomiorun.com\/fr\/produit\/craft-pro-wool-extreme-x-ls-femme\/\">Continued<\/a><\/p>\n","protected":false},"featured_media":234469,"template":"","meta":{"_acf_changed":false,"inline_featured_image":false},"product_brand":[],"product_cat":[22600,22596,22595],"product_tag":[23554,23648],"class_list":{"0":"post-281107","1":"product","2":"type-product","3":"status-publish","4":"has-post-thumbnail","6":"product_cat-sous-vetements","7":"product_cat-vetements-pour-femmes","8":"product_cat-femme","9":"product_tag-craft-fr","10":"product_tag-craft-femme","11":"pa_attivita-marcher","12":"pa_attivita-outdoor-fr","13":"pa_attivita-running-fr","14":"pa_attivita-trail-fr","15":"pa_marca-craft-fr","16":"pa_sesso-femme","17":"pa_size-extra-small-fr","18":"pa_size-small-fr","19":"pa_size-medium-fr","20":"pa_size-large-fr","22":"first","23":"instock","24":"sale","25":"taxable","26":"shipping-taxable","27":"purchasable","28":"product-type-variable","29":"wvs-archive-product-wrapper"},"acf":[],"yoast_head":"<!-- This site is optimized with the Yoast SEO plugin v26.8 - https:\/\/yoast.com\/product\/yoast-seo-wordpress\/ -->\n<title>Craft Pro Wool Extreme X LS femme - Maillot thermique - MioMioRun.com<\/title>\n<meta name=\"description\" content=\"Le PRO Wool Extreme X LS\u00a0 pour femmes est un t-shirt \u00e0 manches longues ajust\u00e9 de qualit\u00e9 professionnelle contenant 20 % de laine.\" \/>\n<meta name=\"robots\" content=\"index, follow, max-snippet:-1, max-image-preview:large, max-video-preview:-1\" \/>\n<link rel=\"canonical\" href=\"https:\/\/www.miomiorun.com\/fr\/produit\/craft-pro-wool-extreme-x-ls-femme\/\" \/>\n<meta property=\"og:locale\" content=\"fr_FR\" \/>\n<meta property=\"og:type\" content=\"article\" \/>\n<meta property=\"og:title\" content=\"Craft Pro Wool Extreme X LS femme - Maillot thermique - MioMioRun.com\" \/>\n<meta property=\"og:description\" content=\"Le PRO Wool Extreme X LS\u00a0 pour femmes est un t-shirt \u00e0 manches longues ajust\u00e9 de qualit\u00e9 professionnelle contenant 20 % de laine.\" \/>\n<meta property=\"og:url\" content=\"https:\/\/www.miomiorun.com\/fr\/produit\/craft-pro-wool-extreme-x-ls-femme\/\" \/>\n<meta property=\"og:site_name\" content=\"MioMioRun\" \/>\n<meta property=\"article:publisher\" content=\"https:\/\/www.facebook.com\/miomiorun\/\" \/>\n<meta property=\"article:modified_time\" content=\"2026-05-08T19:17:31+00:00\" \/>\n<meta property=\"og:image\" content=\"https:\/\/www.miomiorun.com\/app\/uploads\/2021\/12\/craft-PRO-wool-extreme-X-LS-1911154-999000.jpg\" \/>\n\t<meta property=\"og:image:width\" content=\"600\" \/>\n\t<meta property=\"og:image:height\" content=\"600\" \/>\n\t<meta property=\"og:image:type\" content=\"image\/jpeg\" \/>\n<meta name=\"twitter:card\" content=\"summary_large_image\" \/>\n<meta name=\"twitter:label1\" content=\"Est. reading time\" \/>\n\t<meta name=\"twitter:data1\" content=\"1 minute\" \/>\n<script type=\"application\/ld+json\" class=\"yoast-schema-graph\">{\"@context\":\"https:\/\/schema.org\",\"@graph\":[{\"@type\":\"WebPage\",\"@id\":\"https:\/\/www.miomiorun.com\/fr\/produit\/craft-pro-wool-extreme-x-ls-femme\/\",\"url\":\"https:\/\/www.miomiorun.com\/fr\/produit\/craft-pro-wool-extreme-x-ls-femme\/\",\"name\":\"Craft Pro Wool Extreme X LS femme - Maillot thermique - MioMioRun.com\",\"isPartOf\":{\"@id\":\"https:\/\/www.miomiorun.com\/fr\/#website\"},\"primaryImageOfPage\":{\"@id\":\"https:\/\/www.miomiorun.com\/fr\/produit\/craft-pro-wool-extreme-x-ls-femme\/#primaryimage\"},\"image\":{\"@id\":\"https:\/\/www.miomiorun.com\/fr\/produit\/craft-pro-wool-extreme-x-ls-femme\/#primaryimage\"},\"thumbnailUrl\":\"https:\/\/www.miomiorun.com\/app\/uploads\/2021\/12\/craft-PRO-wool-extreme-X-LS-1911154-999000.jpg\",\"datePublished\":\"2021-12-17T09:59:47+00:00\",\"dateModified\":\"2026-05-08T19:17:31+00:00\",\"description\":\"Le PRO Wool Extreme X LS\u00a0 pour femmes est un t-shirt \u00e0 manches longues ajust\u00e9 de qualit\u00e9 professionnelle contenant 20 % de laine.\",\"breadcrumb\":{\"@id\":\"https:\/\/www.miomiorun.com\/fr\/produit\/craft-pro-wool-extreme-x-ls-femme\/#breadcrumb\"},\"inLanguage\":\"fr-FR\",\"potentialAction\":[{\"@type\":\"ReadAction\",\"target\":[\"https:\/\/www.miomiorun.com\/fr\/produit\/craft-pro-wool-extreme-x-ls-femme\/\"]}]},{\"@type\":\"ImageObject\",\"inLanguage\":\"fr-FR\",\"@id\":\"https:\/\/www.miomiorun.com\/fr\/produit\/craft-pro-wool-extreme-x-ls-femme\/#primaryimage\",\"url\":\"https:\/\/www.miomiorun.com\/app\/uploads\/2021\/12\/craft-PRO-wool-extreme-X-LS-1911154-999000.jpg\",\"contentUrl\":\"https:\/\/www.miomiorun.com\/app\/uploads\/2021\/12\/craft-PRO-wool-extreme-X-LS-1911154-999000.jpg\",\"width\":600,\"height\":600,\"caption\":\"craft-PRO-wool-extreme-X-LS-1911154-999000\"},{\"@type\":\"BreadcrumbList\",\"@id\":\"https:\/\/www.miomiorun.com\/fr\/produit\/craft-pro-wool-extreme-x-ls-femme\/#breadcrumb\",\"itemListElement\":[{\"@type\":\"ListItem\",\"position\":1,\"name\":\"Home\",\"item\":\"https:\/\/www.miomiorun.com\/fr\/home-page\/\"},{\"@type\":\"ListItem\",\"position\":2,\"name\":\"Shop\",\"item\":\"https:\/\/www.miomiorun.com\/shop\/\"},{\"@type\":\"ListItem\",\"position\":3,\"name\":\"Pro Wool Extreme X LS femme\"}]},{\"@type\":\"WebSite\",\"@id\":\"https:\/\/www.miomiorun.com\/fr\/#website\",\"url\":\"https:\/\/www.miomiorun.com\/fr\/\",\"name\":\"MioMioRun\",\"description\":\"Boutique 100% running et trail\",\"publisher\":{\"@id\":\"https:\/\/www.miomiorun.com\/fr\/#organization\"},\"potentialAction\":[{\"@type\":\"SearchAction\",\"target\":{\"@type\":\"EntryPoint\",\"urlTemplate\":\"https:\/\/www.miomiorun.com\/fr\/?s={search_term_string}\"},\"query-input\":{\"@type\":\"PropertyValueSpecification\",\"valueRequired\":true,\"valueName\":\"search_term_string\"}}],\"inLanguage\":\"fr-FR\"},{\"@type\":\"Organization\",\"@id\":\"https:\/\/www.miomiorun.com\/fr\/#organization\",\"name\":\"MioMio Run\",\"url\":\"https:\/\/www.miomiorun.com\/fr\/\",\"logo\":{\"@type\":\"ImageObject\",\"inLanguage\":\"fr-FR\",\"@id\":\"https:\/\/www.miomiorun.com\/fr\/#\/schema\/logo\/image\/\",\"url\":\"https:\/\/www.miomiorun.com\/app\/uploads\/2019\/12\/logomio.png\",\"contentUrl\":\"https:\/\/www.miomiorun.com\/app\/uploads\/2019\/12\/logomio.png\",\"width\":115,\"height\":82,\"caption\":\"MioMio Run\"},\"image\":{\"@id\":\"https:\/\/www.miomiorun.com\/fr\/#\/schema\/logo\/image\/\"},\"sameAs\":[\"https:\/\/www.facebook.com\/miomiorun\/\",\"https:\/\/www.instagram.com\/miomiorun\/\"]}]}<\/script>\n<!-- \/ Yoast SEO plugin. -->","yoast_head_json":{"title":"Craft Pro Wool Extreme X LS femme - Maillot thermique - MioMioRun.com","description":"Le PRO Wool Extreme X LS\u00a0 pour femmes est un t-shirt \u00e0 manches longues ajust\u00e9 de qualit\u00e9 professionnelle contenant 20 % de laine.","robots":{"index":"index","follow":"follow","max-snippet":"max-snippet:-1","max-image-preview":"max-image-preview:large","max-video-preview":"max-video-preview:-1"},"canonical":"https:\/\/www.miomiorun.com\/fr\/produit\/craft-pro-wool-extreme-x-ls-femme\/","og_locale":"fr_FR","og_type":"article","og_title":"Craft Pro Wool Extreme X LS femme - Maillot thermique - MioMioRun.com","og_description":"Le PRO Wool Extreme X LS\u00a0 pour femmes est un t-shirt \u00e0 manches longues ajust\u00e9 de qualit\u00e9 professionnelle contenant 20 % de laine.","og_url":"https:\/\/www.miomiorun.com\/fr\/produit\/craft-pro-wool-extreme-x-ls-femme\/","og_site_name":"MioMioRun","article_publisher":"https:\/\/www.facebook.com\/miomiorun\/","article_modified_time":"2026-05-08T19:17:31+00:00","og_image":[{"width":600,"height":600,"url":"https:\/\/www.miomiorun.com\/app\/uploads\/2021\/12\/craft-PRO-wool-extreme-X-LS-1911154-999000.jpg","type":"image\/jpeg"}],"twitter_card":"summary_large_image","twitter_misc":{"Est. reading time":"1 minute"},"schema":{"@context":"https:\/\/schema.org","@graph":[{"@type":"WebPage","@id":"https:\/\/www.miomiorun.com\/fr\/produit\/craft-pro-wool-extreme-x-ls-femme\/","url":"https:\/\/www.miomiorun.com\/fr\/produit\/craft-pro-wool-extreme-x-ls-femme\/","name":"Craft Pro Wool Extreme X LS femme - Maillot thermique - MioMioRun.com","isPartOf":{"@id":"https:\/\/www.miomiorun.com\/fr\/#website"},"primaryImageOfPage":{"@id":"https:\/\/www.miomiorun.com\/fr\/produit\/craft-pro-wool-extreme-x-ls-femme\/#primaryimage"},"image":{"@id":"https:\/\/www.miomiorun.com\/fr\/produit\/craft-pro-wool-extreme-x-ls-femme\/#primaryimage"},"thumbnailUrl":"https:\/\/www.miomiorun.com\/app\/uploads\/2021\/12\/craft-PRO-wool-extreme-X-LS-1911154-999000.jpg","datePublished":"2021-12-17T09:59:47+00:00","dateModified":"2026-05-08T19:17:31+00:00","description":"Le PRO Wool Extreme X LS\u00a0 pour femmes est un t-shirt \u00e0 manches longues ajust\u00e9 de qualit\u00e9 professionnelle contenant 20 % de laine.","breadcrumb":{"@id":"https:\/\/www.miomiorun.com\/fr\/produit\/craft-pro-wool-extreme-x-ls-femme\/#breadcrumb"},"inLanguage":"fr-FR","potentialAction":[{"@type":"ReadAction","target":["https:\/\/www.miomiorun.com\/fr\/produit\/craft-pro-wool-extreme-x-ls-femme\/"]}]},{"@type":"ImageObject","inLanguage":"fr-FR","@id":"https:\/\/www.miomiorun.com\/fr\/produit\/craft-pro-wool-extreme-x-ls-femme\/#primaryimage","url":"https:\/\/www.miomiorun.com\/app\/uploads\/2021\/12\/craft-PRO-wool-extreme-X-LS-1911154-999000.jpg","contentUrl":"https:\/\/www.miomiorun.com\/app\/uploads\/2021\/12\/craft-PRO-wool-extreme-X-LS-1911154-999000.jpg","width":600,"height":600,"caption":"craft-PRO-wool-extreme-X-LS-1911154-999000"},{"@type":"BreadcrumbList","@id":"https:\/\/www.miomiorun.com\/fr\/produit\/craft-pro-wool-extreme-x-ls-femme\/#breadcrumb","itemListElement":[{"@type":"ListItem","position":1,"name":"Home","item":"https:\/\/www.miomiorun.com\/fr\/home-page\/"},{"@type":"ListItem","position":2,"name":"Shop","item":"https:\/\/www.miomiorun.com\/shop\/"},{"@type":"ListItem","position":3,"name":"Pro Wool Extreme X LS femme"}]},{"@type":"WebSite","@id":"https:\/\/www.miomiorun.com\/fr\/#website","url":"https:\/\/www.miomiorun.com\/fr\/","name":"MioMioRun","description":"Boutique 100% running et trail","publisher":{"@id":"https:\/\/www.miomiorun.com\/fr\/#organization"},"potentialAction":[{"@type":"SearchAction","target":{"@type":"EntryPoint","urlTemplate":"https:\/\/www.miomiorun.com\/fr\/?s={search_term_string}"},"query-input":{"@type":"PropertyValueSpecification","valueRequired":true,"valueName":"search_term_string"}}],"inLanguage":"fr-FR"},{"@type":"Organization","@id":"https:\/\/www.miomiorun.com\/fr\/#organization","name":"MioMio Run","url":"https:\/\/www.miomiorun.com\/fr\/","logo":{"@type":"ImageObject","inLanguage":"fr-FR","@id":"https:\/\/www.miomiorun.com\/fr\/#\/schema\/logo\/image\/","url":"https:\/\/www.miomiorun.com\/app\/uploads\/2019\/12\/logomio.png","contentUrl":"https:\/\/www.miomiorun.com\/app\/uploads\/2019\/12\/logomio.png","width":115,"height":82,"caption":"MioMio Run"},"image":{"@id":"https:\/\/www.miomiorun.com\/fr\/#\/schema\/logo\/image\/"},"sameAs":["https:\/\/www.facebook.com\/miomiorun\/","https:\/\/www.instagram.com\/miomiorun\/"]}]}},"_links":{"self":[{"href":"https:\/\/www.miomiorun.com\/fr\/wp-json\/wp\/v2\/product\/281107","targetHints":{"allow":["GET"]}}],"collection":[{"href":"https:\/\/www.miomiorun.com\/fr\/wp-json\/wp\/v2\/product"}],"about":[{"href":"https:\/\/www.miomiorun.com\/fr\/wp-json\/wp\/v2\/types\/product"}],"wp:featuredmedia":[{"embeddable":true,"href":"https:\/\/www.miomiorun.com\/fr\/wp-json\/wp\/v2\/media\/234469"}],"wp:attachment":[{"href":"https:\/\/www.miomiorun.com\/fr\/wp-json\/wp\/v2\/media?parent=281107"}],"wp:term":[{"taxonomy":"product_brand","embeddable":true,"href":"https:\/\/www.miomiorun.com\/fr\/wp-json\/wp\/v2\/product_brand?post=281107"},{"taxonomy":"product_cat","embeddable":true,"href":"https:\/\/www.miomiorun.com\/fr\/wp-json\/wp\/v2\/product_cat?post=281107"},{"taxonomy":"product_tag","embeddable":true,"href":"https:\/\/www.miomiorun.com\/fr\/wp-json\/wp\/v2\/product_tag?post=281107"}],"curies":[{"name":"wp","href":"https:\/\/api.w.org\/{rel}","templated":true}]}}