{"id":280951,"date":"2021-12-17T16:44:09","date_gmt":"2021-12-17T15:44:09","guid":{"rendered":"https:\/\/miomiorun.com\/prodotto\/craft-core-essence-thermal-headband\/"},"modified":"2025-12-19T18:36:10","modified_gmt":"2025-12-19T17:36:10","slug":"craft-core-essence-thermal-headband","status":"publish","type":"product","link":"https:\/\/www.miomiorun.com\/fr\/produit\/craft-core-essence-thermal-headband\/","title":{"rendered":"Core Essence Thermal Headband"},"content":{"rendered":"<p id=\"tw-target-text\" class=\"tw-data-text tw-text-large tw-ta\" dir=\"ltr\" data-placeholder=\"Traduzione\"><span class=\"Y2IQFc\" lang=\"it\"><strong>Core Essence Thermal Headband<\/strong> est un bandeau l\u00e9ger et extensible, confectionn\u00e9 en jersey thermique bross\u00e9 recycl\u00e9 pour une chaleur et un confort optimaux. <\/span><\/p>\n<h3 class=\"tw-data-text tw-text-large tw-ta\" dir=\"ltr\" data-placeholder=\"Traduzione\"><strong><span class=\"Y2IQFc\" lang=\"it\">Tissu \u00e9cologique<\/span><\/strong><\/h3>\n<p class=\"tw-data-text tw-text-large tw-ta\" dir=\"ltr\" data-placeholder=\"Traduzione\"><span class=\"Y2IQFc\" lang=\"it\">La bande thermique <strong>Core Essence<\/strong> est fabriqu\u00e9e \u00e0 partir de polyester recycl\u00e9 et s&#8217;inscrit dans notre ambition d&#8217;augmenter la proportion de mat\u00e9riaux durables dans nos produits et d&#8217;atteindre notre objectif de prendre l&#8217;enti\u00e8re responsabilit\u00e9 de l&#8217;ensemble de la cha\u00eene de valeur. Le polyester recycl\u00e9 est non seulement \u00e9cologique, mais il offre \u00e9galement une excellente \u00e9vacuation de l&#8217;humidit\u00e9 et une ventilation exceptionnelle. <\/span><\/p>\n<h3 dir=\"ltr\" data-placeholder=\"Traduzione\">Caract\u00e9ristiques :<\/h3>\n<ul>\n<li class=\"tw-data-text tw-text-large tw-ta\" dir=\"ltr\" data-placeholder=\"Traduzione\"><span class=\"Y2IQFc\" lang=\"it\">Fabriqu\u00e9 en polyester recycl\u00e9.<\/span><\/li>\n<li class=\"tw-data-text tw-text-large tw-ta\" dir=\"ltr\" data-placeholder=\"Traduzione\"><span class=\"Y2IQFc\" lang=\"it\">Maillot thermique doux et gratt\u00e9 pour une chaleur et un confort optimaux .<\/span><\/li>\n<li class=\"tw-data-text tw-text-large tw-ta\" dir=\"ltr\" data-placeholder=\"Traduzione\"><span class=\"Y2IQFc\" lang=\"it\">Tissu l\u00e9ger, \u00e9lastique et respirant.<\/span><\/li>\n<\/ul>\n<p>Mat\u00e9riau : 88 % polyester recycl\u00e9, 12 % \u00e9lasthanne.<\/p>\n","protected":false},"excerpt":{"rendered":"<p>Core Essence Thermal Headband est un bandeau l\u00e9ger et extensible, confectionn\u00e9 en jersey thermique bross\u00e9 recycl\u00e9 pour une chaleur et un confort optimaux. Tissu \u00e9cologique La bande thermique Core Essence est fabriqu\u00e9e \u00e0 partir de polyester recycl\u00e9 et s&#8217;inscrit dans notre ambition d&#8217;augmenter la proportion de mat\u00e9riaux durables dans nos produits et d&#8217;atteindre notre objectif &hellip; <a href=\"https:\/\/www.miomiorun.com\/fr\/produit\/craft-core-essence-thermal-headband\/\">Continued<\/a><\/p>\n","protected":false},"featured_media":234521,"template":"","meta":{"_acf_changed":false,"inline_featured_image":false},"product_brand":[],"product_cat":[22580,22579,22538],"product_tag":[23554,23648,23647],"class_list":{"0":"post-280951","1":"product","2":"type-product","3":"status-publish","4":"has-post-thumbnail","6":"product_cat-chapeaux-casquettes","7":"product_cat-chauffage","8":"product_cat-accessoires","9":"product_tag-craft-fr","10":"product_tag-craft-femme","11":"product_tag-craft-homme","12":"pa_attivita-marcher","13":"pa_attivita-running-fr","14":"pa_colore-core-essence-thermal-headband-astro-fr","15":"pa_colore-core-essence-thermal-headband-blaze-fr","16":"pa_colore-core-essence-thermal-headband-cosmo-fr","17":"pa_colore-core-essence-thermal-headband-dark-clay-fr","18":"pa_colore-core-essence-thermal-headband-flumino-fr","19":"pa_colore-core-essence-thermal-headband-grey-fr","20":"pa_colore-core-essence-thermal-headband-grum-fr","21":"pa_marca-craft-fr","22":"pa_sesso-femme","23":"pa_sesso-homme","24":"pa_size-small-fr","25":"pa_size-large-fr","27":"first","28":"instock","29":"sale","30":"taxable","31":"shipping-taxable","32":"purchasable","33":"product-type-variable","34":"wvs-archive-product-wrapper"},"acf":[],"yoast_head":"<!-- This site is optimized with the Yoast SEO plugin v26.8 - https:\/\/yoast.com\/product\/yoast-seo-wordpress\/ -->\n<title>Craft Core Essence Thermal Headband - Headband - MioMioRun.com<\/title>\n<meta name=\"description\" content=\"Le bandeau thermique Core Essence est un bandeau l\u00e9ger et \u00e9lastique fabriqu\u00e9 en jersey thermique bross\u00e9 recycl\u00e9.\" \/>\n<meta name=\"robots\" content=\"index, follow, max-snippet:-1, max-image-preview:large, max-video-preview:-1\" \/>\n<link rel=\"canonical\" href=\"https:\/\/www.miomiorun.com\/fr\/produit\/craft-core-essence-thermal-headband\/\" \/>\n<meta property=\"og:locale\" content=\"fr_FR\" \/>\n<meta property=\"og:type\" content=\"article\" \/>\n<meta property=\"og:title\" content=\"Craft Core Essence Thermal Headband - Headband - MioMioRun.com\" \/>\n<meta property=\"og:description\" content=\"Le bandeau thermique Core Essence est un bandeau l\u00e9ger et \u00e9lastique fabriqu\u00e9 en jersey thermique bross\u00e9 recycl\u00e9.\" \/>\n<meta property=\"og:url\" content=\"https:\/\/www.miomiorun.com\/fr\/produit\/craft-core-essence-thermal-headband\/\" \/>\n<meta property=\"og:site_name\" content=\"MioMioRun\" \/>\n<meta property=\"article:publisher\" content=\"https:\/\/www.facebook.com\/miomiorun\/\" \/>\n<meta property=\"article:modified_time\" content=\"2025-12-19T17:36:10+00:00\" \/>\n<meta property=\"og:image\" content=\"https:\/\/www.miomiorun.com\/app\/uploads\/2021\/12\/craft-core-essence-thermal-headband-1909933-975000.jpg\" \/>\n\t<meta property=\"og:image:width\" content=\"600\" \/>\n\t<meta property=\"og:image:height\" content=\"600\" \/>\n\t<meta property=\"og:image:type\" content=\"image\/jpeg\" \/>\n<meta name=\"twitter:card\" content=\"summary_large_image\" \/>\n<meta name=\"twitter:label1\" content=\"Est. reading time\" \/>\n\t<meta name=\"twitter:data1\" content=\"1 minute\" \/>\n<script type=\"application\/ld+json\" class=\"yoast-schema-graph\">{\"@context\":\"https:\/\/schema.org\",\"@graph\":[{\"@type\":\"WebPage\",\"@id\":\"https:\/\/www.miomiorun.com\/fr\/produit\/craft-core-essence-thermal-headband\/\",\"url\":\"https:\/\/www.miomiorun.com\/fr\/produit\/craft-core-essence-thermal-headband\/\",\"name\":\"Craft Core Essence Thermal Headband - Headband - MioMioRun.com\",\"isPartOf\":{\"@id\":\"https:\/\/www.miomiorun.com\/fr\/#website\"},\"primaryImageOfPage\":{\"@id\":\"https:\/\/www.miomiorun.com\/fr\/produit\/craft-core-essence-thermal-headband\/#primaryimage\"},\"image\":{\"@id\":\"https:\/\/www.miomiorun.com\/fr\/produit\/craft-core-essence-thermal-headband\/#primaryimage\"},\"thumbnailUrl\":\"https:\/\/www.miomiorun.com\/app\/uploads\/2021\/12\/craft-core-essence-thermal-headband-1909933-975000.jpg\",\"datePublished\":\"2021-12-17T15:44:09+00:00\",\"dateModified\":\"2025-12-19T17:36:10+00:00\",\"description\":\"Le bandeau thermique Core Essence est un bandeau l\u00e9ger et \u00e9lastique fabriqu\u00e9 en jersey thermique bross\u00e9 recycl\u00e9.\",\"breadcrumb\":{\"@id\":\"https:\/\/www.miomiorun.com\/fr\/produit\/craft-core-essence-thermal-headband\/#breadcrumb\"},\"inLanguage\":\"fr-FR\",\"potentialAction\":[{\"@type\":\"ReadAction\",\"target\":[\"https:\/\/www.miomiorun.com\/fr\/produit\/craft-core-essence-thermal-headband\/\"]}]},{\"@type\":\"ImageObject\",\"inLanguage\":\"fr-FR\",\"@id\":\"https:\/\/www.miomiorun.com\/fr\/produit\/craft-core-essence-thermal-headband\/#primaryimage\",\"url\":\"https:\/\/www.miomiorun.com\/app\/uploads\/2021\/12\/craft-core-essence-thermal-headband-1909933-975000.jpg\",\"contentUrl\":\"https:\/\/www.miomiorun.com\/app\/uploads\/2021\/12\/craft-core-essence-thermal-headband-1909933-975000.jpg\",\"width\":600,\"height\":600,\"caption\":\"craft-core-essence-thermal-headband-1909933-975000\"},{\"@type\":\"BreadcrumbList\",\"@id\":\"https:\/\/www.miomiorun.com\/fr\/produit\/craft-core-essence-thermal-headband\/#breadcrumb\",\"itemListElement\":[{\"@type\":\"ListItem\",\"position\":1,\"name\":\"Home\",\"item\":\"https:\/\/www.miomiorun.com\/fr\/home-page\/\"},{\"@type\":\"ListItem\",\"position\":2,\"name\":\"Shop\",\"item\":\"https:\/\/www.miomiorun.com\/shop\/\"},{\"@type\":\"ListItem\",\"position\":3,\"name\":\"Core Essence Thermal Headband\"}]},{\"@type\":\"WebSite\",\"@id\":\"https:\/\/www.miomiorun.com\/fr\/#website\",\"url\":\"https:\/\/www.miomiorun.com\/fr\/\",\"name\":\"MioMioRun\",\"description\":\"Boutique 100% running et trail\",\"publisher\":{\"@id\":\"https:\/\/www.miomiorun.com\/fr\/#organization\"},\"potentialAction\":[{\"@type\":\"SearchAction\",\"target\":{\"@type\":\"EntryPoint\",\"urlTemplate\":\"https:\/\/www.miomiorun.com\/fr\/?s={search_term_string}\"},\"query-input\":{\"@type\":\"PropertyValueSpecification\",\"valueRequired\":true,\"valueName\":\"search_term_string\"}}],\"inLanguage\":\"fr-FR\"},{\"@type\":\"Organization\",\"@id\":\"https:\/\/www.miomiorun.com\/fr\/#organization\",\"name\":\"MioMio Run\",\"url\":\"https:\/\/www.miomiorun.com\/fr\/\",\"logo\":{\"@type\":\"ImageObject\",\"inLanguage\":\"fr-FR\",\"@id\":\"https:\/\/www.miomiorun.com\/fr\/#\/schema\/logo\/image\/\",\"url\":\"https:\/\/www.miomiorun.com\/app\/uploads\/2019\/12\/logomio.png\",\"contentUrl\":\"https:\/\/www.miomiorun.com\/app\/uploads\/2019\/12\/logomio.png\",\"width\":115,\"height\":82,\"caption\":\"MioMio Run\"},\"image\":{\"@id\":\"https:\/\/www.miomiorun.com\/fr\/#\/schema\/logo\/image\/\"},\"sameAs\":[\"https:\/\/www.facebook.com\/miomiorun\/\",\"https:\/\/www.instagram.com\/miomiorun\/\"]}]}<\/script>\n<!-- \/ Yoast SEO plugin. -->","yoast_head_json":{"title":"Craft Core Essence Thermal Headband - Headband - MioMioRun.com","description":"Le bandeau thermique Core Essence est un bandeau l\u00e9ger et \u00e9lastique fabriqu\u00e9 en jersey thermique bross\u00e9 recycl\u00e9.","robots":{"index":"index","follow":"follow","max-snippet":"max-snippet:-1","max-image-preview":"max-image-preview:large","max-video-preview":"max-video-preview:-1"},"canonical":"https:\/\/www.miomiorun.com\/fr\/produit\/craft-core-essence-thermal-headband\/","og_locale":"fr_FR","og_type":"article","og_title":"Craft Core Essence Thermal Headband - Headband - MioMioRun.com","og_description":"Le bandeau thermique Core Essence est un bandeau l\u00e9ger et \u00e9lastique fabriqu\u00e9 en jersey thermique bross\u00e9 recycl\u00e9.","og_url":"https:\/\/www.miomiorun.com\/fr\/produit\/craft-core-essence-thermal-headband\/","og_site_name":"MioMioRun","article_publisher":"https:\/\/www.facebook.com\/miomiorun\/","article_modified_time":"2025-12-19T17:36:10+00:00","og_image":[{"width":600,"height":600,"url":"https:\/\/www.miomiorun.com\/app\/uploads\/2021\/12\/craft-core-essence-thermal-headband-1909933-975000.jpg","type":"image\/jpeg"}],"twitter_card":"summary_large_image","twitter_misc":{"Est. reading time":"1 minute"},"schema":{"@context":"https:\/\/schema.org","@graph":[{"@type":"WebPage","@id":"https:\/\/www.miomiorun.com\/fr\/produit\/craft-core-essence-thermal-headband\/","url":"https:\/\/www.miomiorun.com\/fr\/produit\/craft-core-essence-thermal-headband\/","name":"Craft Core Essence Thermal Headband - Headband - MioMioRun.com","isPartOf":{"@id":"https:\/\/www.miomiorun.com\/fr\/#website"},"primaryImageOfPage":{"@id":"https:\/\/www.miomiorun.com\/fr\/produit\/craft-core-essence-thermal-headband\/#primaryimage"},"image":{"@id":"https:\/\/www.miomiorun.com\/fr\/produit\/craft-core-essence-thermal-headband\/#primaryimage"},"thumbnailUrl":"https:\/\/www.miomiorun.com\/app\/uploads\/2021\/12\/craft-core-essence-thermal-headband-1909933-975000.jpg","datePublished":"2021-12-17T15:44:09+00:00","dateModified":"2025-12-19T17:36:10+00:00","description":"Le bandeau thermique Core Essence est un bandeau l\u00e9ger et \u00e9lastique fabriqu\u00e9 en jersey thermique bross\u00e9 recycl\u00e9.","breadcrumb":{"@id":"https:\/\/www.miomiorun.com\/fr\/produit\/craft-core-essence-thermal-headband\/#breadcrumb"},"inLanguage":"fr-FR","potentialAction":[{"@type":"ReadAction","target":["https:\/\/www.miomiorun.com\/fr\/produit\/craft-core-essence-thermal-headband\/"]}]},{"@type":"ImageObject","inLanguage":"fr-FR","@id":"https:\/\/www.miomiorun.com\/fr\/produit\/craft-core-essence-thermal-headband\/#primaryimage","url":"https:\/\/www.miomiorun.com\/app\/uploads\/2021\/12\/craft-core-essence-thermal-headband-1909933-975000.jpg","contentUrl":"https:\/\/www.miomiorun.com\/app\/uploads\/2021\/12\/craft-core-essence-thermal-headband-1909933-975000.jpg","width":600,"height":600,"caption":"craft-core-essence-thermal-headband-1909933-975000"},{"@type":"BreadcrumbList","@id":"https:\/\/www.miomiorun.com\/fr\/produit\/craft-core-essence-thermal-headband\/#breadcrumb","itemListElement":[{"@type":"ListItem","position":1,"name":"Home","item":"https:\/\/www.miomiorun.com\/fr\/home-page\/"},{"@type":"ListItem","position":2,"name":"Shop","item":"https:\/\/www.miomiorun.com\/shop\/"},{"@type":"ListItem","position":3,"name":"Core Essence Thermal Headband"}]},{"@type":"WebSite","@id":"https:\/\/www.miomiorun.com\/fr\/#website","url":"https:\/\/www.miomiorun.com\/fr\/","name":"MioMioRun","description":"Boutique 100% running et trail","publisher":{"@id":"https:\/\/www.miomiorun.com\/fr\/#organization"},"potentialAction":[{"@type":"SearchAction","target":{"@type":"EntryPoint","urlTemplate":"https:\/\/www.miomiorun.com\/fr\/?s={search_term_string}"},"query-input":{"@type":"PropertyValueSpecification","valueRequired":true,"valueName":"search_term_string"}}],"inLanguage":"fr-FR"},{"@type":"Organization","@id":"https:\/\/www.miomiorun.com\/fr\/#organization","name":"MioMio Run","url":"https:\/\/www.miomiorun.com\/fr\/","logo":{"@type":"ImageObject","inLanguage":"fr-FR","@id":"https:\/\/www.miomiorun.com\/fr\/#\/schema\/logo\/image\/","url":"https:\/\/www.miomiorun.com\/app\/uploads\/2019\/12\/logomio.png","contentUrl":"https:\/\/www.miomiorun.com\/app\/uploads\/2019\/12\/logomio.png","width":115,"height":82,"caption":"MioMio Run"},"image":{"@id":"https:\/\/www.miomiorun.com\/fr\/#\/schema\/logo\/image\/"},"sameAs":["https:\/\/www.facebook.com\/miomiorun\/","https:\/\/www.instagram.com\/miomiorun\/"]}]}},"_links":{"self":[{"href":"https:\/\/www.miomiorun.com\/fr\/wp-json\/wp\/v2\/product\/280951","targetHints":{"allow":["GET"]}}],"collection":[{"href":"https:\/\/www.miomiorun.com\/fr\/wp-json\/wp\/v2\/product"}],"about":[{"href":"https:\/\/www.miomiorun.com\/fr\/wp-json\/wp\/v2\/types\/product"}],"wp:featuredmedia":[{"embeddable":true,"href":"https:\/\/www.miomiorun.com\/fr\/wp-json\/wp\/v2\/media\/234521"}],"wp:attachment":[{"href":"https:\/\/www.miomiorun.com\/fr\/wp-json\/wp\/v2\/media?parent=280951"}],"wp:term":[{"taxonomy":"product_brand","embeddable":true,"href":"https:\/\/www.miomiorun.com\/fr\/wp-json\/wp\/v2\/product_brand?post=280951"},{"taxonomy":"product_cat","embeddable":true,"href":"https:\/\/www.miomiorun.com\/fr\/wp-json\/wp\/v2\/product_cat?post=280951"},{"taxonomy":"product_tag","embeddable":true,"href":"https:\/\/www.miomiorun.com\/fr\/wp-json\/wp\/v2\/product_tag?post=280951"}],"curies":[{"name":"wp","href":"https:\/\/api.w.org\/{rel}","templated":true}]}}