{"id":280949,"date":"2021-12-17T18:40:11","date_gmt":"2021-12-17T17:40:11","guid":{"rendered":"https:\/\/miomiorun.com\/prodotto\/craft-adv-subz-sweater-2-uomo\/"},"modified":"2025-12-19T16:53:26","modified_gmt":"2025-12-19T15:53:26","slug":"craft-adv-subz-sweater-2-homme","status":"publish","type":"product","link":"https:\/\/www.miomiorun.com\/fr\/produit\/craft-adv-subz-sweater-2-homme\/","title":{"rendered":"ADV SubZ Sweater 2 homme"},"content":{"rendered":"<p class=\"tw-data-text tw-text-large XcVN5d tw-ta\" dir=\"ltr\" data-placeholder=\"Traduzione\"><span class=\"Y2IQFc\" lang=\"it\">Le sweat ADV SubZ Sweater 2 pour homme est une veste de course l\u00e9g\u00e8rement rembourr\u00e9e qui vous garde au chaud pendant les entra\u00eenements intenses par temps froid. Id\u00e9ale pour les climats froids, cette veste est dot\u00e9e d&#8217;un devant Ventair\u00ae coupe-vent avec rembourrage l\u00e9ger dans une conception 3 couches coll\u00e9es. Le jersey bross\u00e9 en polyester recycl\u00e9 et \u00e9lasthanne sur les manches et le dos ajoute de la chaleur et du confort. <\/span><\/p>\n<h3 dir=\"ltr\" data-placeholder=\"Traduzione\"><strong>Caract\u00e9ristiques :<\/strong><\/h3>\n<ul>\n<li id=\"tw-target-text\" class=\"tw-data-text tw-text-large tw-ta\" dir=\"ltr\" data-placeholder=\"Traduzione\"><span class=\"Y2IQFc\" lang=\"it\">\u00a0Ventair\u00ae coupe-vent et rembourrage l\u00e9ger \u00e0 l&#8217;avant<\/span><\/li>\n<li class=\"tw-data-text tw-text-large tw-ta\" dir=\"ltr\" data-placeholder=\"Traduzione\"><span class=\"Y2IQFc\" lang=\"it\">Jersey recycl\u00e9 gratt\u00e9 et extensible sur les manches et dans le dos<\/span><\/li>\n<li class=\"tw-data-text tw-text-large tw-ta\" dir=\"ltr\" data-placeholder=\"Traduzione\"><span class=\"Y2IQFc\" lang=\"it\">Bord inf\u00e9rieur thermocoll\u00e9 <\/span><\/li>\n<li class=\"tw-data-text tw-text-large tw-ta\" dir=\"ltr\" data-placeholder=\"Traduzione\"><span class=\"Y2IQFc\" lang=\"it\">D\u00e9tails r\u00e9fl\u00e9chissants <\/span><\/li>\n<li class=\"tw-data-text tw-text-large tw-ta\" dir=\"ltr\" data-placeholder=\"Traduzione\"><span class=\"Y2IQFc\" lang=\"it\">Adh\u00e9rent<\/span><\/li>\n<\/ul>\n<p>Mat\u00e9riau : Devant : 100 % polyester Dos : 88 % polyester recycl\u00e9, 12 % \u00e9lasthanne Manches : 88 % polyester recycl\u00e9, 12 % \u00e9lasthanne.<\/p>\n<p dir=\"ltr\" data-placeholder=\"Traduzione\">\n","protected":false},"excerpt":{"rendered":"<p>Le sweat ADV SubZ Sweater 2 pour homme est une veste de course l\u00e9g\u00e8rement rembourr\u00e9e qui vous garde au chaud pendant les entra\u00eenements intenses par temps froid. Id\u00e9ale pour les climats froids, cette veste est dot\u00e9e d&#8217;un devant Ventair\u00ae coupe-vent avec rembourrage l\u00e9ger dans une conception 3 couches coll\u00e9es. Le jersey bross\u00e9 en polyester recycl\u00e9 &hellip; <a href=\"https:\/\/www.miomiorun.com\/fr\/produit\/craft-adv-subz-sweater-2-homme\/\">Continued<\/a><\/p>\n","protected":false},"featured_media":234511,"template":"","meta":{"_acf_changed":false,"inline_featured_image":false},"product_brand":[],"product_cat":[24480,24484],"product_tag":[23554,23647],"class_list":{"0":"post-280949","1":"product","2":"type-product","3":"status-publish","4":"has-post-thumbnail","6":"product_cat-vestes-fr-2","7":"product_cat-homme","8":"product_tag-craft-fr","9":"product_tag-craft-homme","10":"pa_attivita-marcher","11":"pa_attivita-running-fr","12":"pa_marca-craft-fr","13":"pa_sesso-homme","14":"pa_size-small-fr","15":"pa_size-large-fr","17":"first","18":"instock","19":"sale","20":"taxable","21":"shipping-taxable","22":"purchasable","23":"product-type-variable","24":"wvs-archive-product-wrapper"},"acf":[],"yoast_head":"<!-- This site is optimized with the Yoast SEO plugin v26.8 - https:\/\/yoast.com\/product\/yoast-seo-wordpress\/ -->\n<title>Craft ADV SubZ Sweater 2 homme - Veste de course - MioMioRun<\/title>\n<meta name=\"description\" content=\"Le sweat ADV SubZ Sweater 2 pour homme est une veste de course l\u00e9g\u00e8rement rembourr\u00e9e qui vous garde au chaud pendant les entra\u00eenements intenses.\" \/>\n<meta name=\"robots\" content=\"index, follow, max-snippet:-1, max-image-preview:large, max-video-preview:-1\" \/>\n<link rel=\"canonical\" href=\"https:\/\/www.miomiorun.com\/fr\/produit\/craft-adv-subz-sweater-2-homme\/\" \/>\n<meta property=\"og:locale\" content=\"fr_FR\" \/>\n<meta property=\"og:type\" content=\"article\" \/>\n<meta property=\"og:title\" content=\"Craft ADV SubZ Sweater 2 homme - Veste de course - MioMioRun\" \/>\n<meta property=\"og:description\" content=\"Le sweat ADV SubZ Sweater 2 pour homme est une veste de course l\u00e9g\u00e8rement rembourr\u00e9e qui vous garde au chaud pendant les entra\u00eenements intenses.\" \/>\n<meta property=\"og:url\" content=\"https:\/\/www.miomiorun.com\/fr\/produit\/craft-adv-subz-sweater-2-homme\/\" \/>\n<meta property=\"og:site_name\" content=\"MioMioRun\" \/>\n<meta property=\"article:publisher\" content=\"https:\/\/www.facebook.com\/miomiorun\/\" \/>\n<meta property=\"article:modified_time\" content=\"2025-12-19T15:53:26+00:00\" \/>\n<meta property=\"og:image\" content=\"https:\/\/www.miomiorun.com\/app\/uploads\/2021\/12\/craft-ADV-subZ-sweater-2-1911329-375914.jpg\" \/>\n\t<meta property=\"og:image:width\" content=\"600\" \/>\n\t<meta property=\"og:image:height\" content=\"600\" \/>\n\t<meta property=\"og:image:type\" content=\"image\/jpeg\" \/>\n<meta name=\"twitter:card\" content=\"summary_large_image\" \/>\n<meta name=\"twitter:label1\" content=\"Est. reading time\" \/>\n\t<meta name=\"twitter:data1\" content=\"1 minute\" \/>\n<script type=\"application\/ld+json\" class=\"yoast-schema-graph\">{\"@context\":\"https:\/\/schema.org\",\"@graph\":[{\"@type\":\"WebPage\",\"@id\":\"https:\/\/www.miomiorun.com\/fr\/produit\/craft-adv-subz-sweater-2-homme\/\",\"url\":\"https:\/\/www.miomiorun.com\/fr\/produit\/craft-adv-subz-sweater-2-homme\/\",\"name\":\"Craft ADV SubZ Sweater 2 homme - Veste de course - MioMioRun\",\"isPartOf\":{\"@id\":\"https:\/\/www.miomiorun.com\/fr\/#website\"},\"primaryImageOfPage\":{\"@id\":\"https:\/\/www.miomiorun.com\/fr\/produit\/craft-adv-subz-sweater-2-homme\/#primaryimage\"},\"image\":{\"@id\":\"https:\/\/www.miomiorun.com\/fr\/produit\/craft-adv-subz-sweater-2-homme\/#primaryimage\"},\"thumbnailUrl\":\"https:\/\/www.miomiorun.com\/app\/uploads\/2021\/12\/craft-ADV-subZ-sweater-2-1911329-375914.jpg\",\"datePublished\":\"2021-12-17T17:40:11+00:00\",\"dateModified\":\"2025-12-19T15:53:26+00:00\",\"description\":\"Le sweat ADV SubZ Sweater 2 pour homme est une veste de course l\u00e9g\u00e8rement rembourr\u00e9e qui vous garde au chaud pendant les entra\u00eenements intenses.\",\"breadcrumb\":{\"@id\":\"https:\/\/www.miomiorun.com\/fr\/produit\/craft-adv-subz-sweater-2-homme\/#breadcrumb\"},\"inLanguage\":\"fr-FR\",\"potentialAction\":[{\"@type\":\"ReadAction\",\"target\":[\"https:\/\/www.miomiorun.com\/fr\/produit\/craft-adv-subz-sweater-2-homme\/\"]}]},{\"@type\":\"ImageObject\",\"inLanguage\":\"fr-FR\",\"@id\":\"https:\/\/www.miomiorun.com\/fr\/produit\/craft-adv-subz-sweater-2-homme\/#primaryimage\",\"url\":\"https:\/\/www.miomiorun.com\/app\/uploads\/2021\/12\/craft-ADV-subZ-sweater-2-1911329-375914.jpg\",\"contentUrl\":\"https:\/\/www.miomiorun.com\/app\/uploads\/2021\/12\/craft-ADV-subZ-sweater-2-1911329-375914.jpg\",\"width\":600,\"height\":600,\"caption\":\"craft-ADV-subZ-sweater-2-1911329-375914\"},{\"@type\":\"BreadcrumbList\",\"@id\":\"https:\/\/www.miomiorun.com\/fr\/produit\/craft-adv-subz-sweater-2-homme\/#breadcrumb\",\"itemListElement\":[{\"@type\":\"ListItem\",\"position\":1,\"name\":\"Home\",\"item\":\"https:\/\/www.miomiorun.com\/fr\/home-page\/\"},{\"@type\":\"ListItem\",\"position\":2,\"name\":\"Shop\",\"item\":\"https:\/\/www.miomiorun.com\/shop\/\"},{\"@type\":\"ListItem\",\"position\":3,\"name\":\"ADV SubZ Sweater 2 homme\"}]},{\"@type\":\"WebSite\",\"@id\":\"https:\/\/www.miomiorun.com\/fr\/#website\",\"url\":\"https:\/\/www.miomiorun.com\/fr\/\",\"name\":\"MioMioRun\",\"description\":\"Boutique 100% running et trail\",\"publisher\":{\"@id\":\"https:\/\/www.miomiorun.com\/fr\/#organization\"},\"potentialAction\":[{\"@type\":\"SearchAction\",\"target\":{\"@type\":\"EntryPoint\",\"urlTemplate\":\"https:\/\/www.miomiorun.com\/fr\/?s={search_term_string}\"},\"query-input\":{\"@type\":\"PropertyValueSpecification\",\"valueRequired\":true,\"valueName\":\"search_term_string\"}}],\"inLanguage\":\"fr-FR\"},{\"@type\":\"Organization\",\"@id\":\"https:\/\/www.miomiorun.com\/fr\/#organization\",\"name\":\"MioMio Run\",\"url\":\"https:\/\/www.miomiorun.com\/fr\/\",\"logo\":{\"@type\":\"ImageObject\",\"inLanguage\":\"fr-FR\",\"@id\":\"https:\/\/www.miomiorun.com\/fr\/#\/schema\/logo\/image\/\",\"url\":\"https:\/\/www.miomiorun.com\/app\/uploads\/2019\/12\/logomio.png\",\"contentUrl\":\"https:\/\/www.miomiorun.com\/app\/uploads\/2019\/12\/logomio.png\",\"width\":115,\"height\":82,\"caption\":\"MioMio Run\"},\"image\":{\"@id\":\"https:\/\/www.miomiorun.com\/fr\/#\/schema\/logo\/image\/\"},\"sameAs\":[\"https:\/\/www.facebook.com\/miomiorun\/\",\"https:\/\/www.instagram.com\/miomiorun\/\"]}]}<\/script>\n<!-- \/ Yoast SEO plugin. -->","yoast_head_json":{"title":"Craft ADV SubZ Sweater 2 homme - Veste de course - MioMioRun","description":"Le sweat ADV SubZ Sweater 2 pour homme est une veste de course l\u00e9g\u00e8rement rembourr\u00e9e qui vous garde au chaud pendant les entra\u00eenements intenses.","robots":{"index":"index","follow":"follow","max-snippet":"max-snippet:-1","max-image-preview":"max-image-preview:large","max-video-preview":"max-video-preview:-1"},"canonical":"https:\/\/www.miomiorun.com\/fr\/produit\/craft-adv-subz-sweater-2-homme\/","og_locale":"fr_FR","og_type":"article","og_title":"Craft ADV SubZ Sweater 2 homme - Veste de course - MioMioRun","og_description":"Le sweat ADV SubZ Sweater 2 pour homme est une veste de course l\u00e9g\u00e8rement rembourr\u00e9e qui vous garde au chaud pendant les entra\u00eenements intenses.","og_url":"https:\/\/www.miomiorun.com\/fr\/produit\/craft-adv-subz-sweater-2-homme\/","og_site_name":"MioMioRun","article_publisher":"https:\/\/www.facebook.com\/miomiorun\/","article_modified_time":"2025-12-19T15:53:26+00:00","og_image":[{"width":600,"height":600,"url":"https:\/\/www.miomiorun.com\/app\/uploads\/2021\/12\/craft-ADV-subZ-sweater-2-1911329-375914.jpg","type":"image\/jpeg"}],"twitter_card":"summary_large_image","twitter_misc":{"Est. reading time":"1 minute"},"schema":{"@context":"https:\/\/schema.org","@graph":[{"@type":"WebPage","@id":"https:\/\/www.miomiorun.com\/fr\/produit\/craft-adv-subz-sweater-2-homme\/","url":"https:\/\/www.miomiorun.com\/fr\/produit\/craft-adv-subz-sweater-2-homme\/","name":"Craft ADV SubZ Sweater 2 homme - Veste de course - MioMioRun","isPartOf":{"@id":"https:\/\/www.miomiorun.com\/fr\/#website"},"primaryImageOfPage":{"@id":"https:\/\/www.miomiorun.com\/fr\/produit\/craft-adv-subz-sweater-2-homme\/#primaryimage"},"image":{"@id":"https:\/\/www.miomiorun.com\/fr\/produit\/craft-adv-subz-sweater-2-homme\/#primaryimage"},"thumbnailUrl":"https:\/\/www.miomiorun.com\/app\/uploads\/2021\/12\/craft-ADV-subZ-sweater-2-1911329-375914.jpg","datePublished":"2021-12-17T17:40:11+00:00","dateModified":"2025-12-19T15:53:26+00:00","description":"Le sweat ADV SubZ Sweater 2 pour homme est une veste de course l\u00e9g\u00e8rement rembourr\u00e9e qui vous garde au chaud pendant les entra\u00eenements intenses.","breadcrumb":{"@id":"https:\/\/www.miomiorun.com\/fr\/produit\/craft-adv-subz-sweater-2-homme\/#breadcrumb"},"inLanguage":"fr-FR","potentialAction":[{"@type":"ReadAction","target":["https:\/\/www.miomiorun.com\/fr\/produit\/craft-adv-subz-sweater-2-homme\/"]}]},{"@type":"ImageObject","inLanguage":"fr-FR","@id":"https:\/\/www.miomiorun.com\/fr\/produit\/craft-adv-subz-sweater-2-homme\/#primaryimage","url":"https:\/\/www.miomiorun.com\/app\/uploads\/2021\/12\/craft-ADV-subZ-sweater-2-1911329-375914.jpg","contentUrl":"https:\/\/www.miomiorun.com\/app\/uploads\/2021\/12\/craft-ADV-subZ-sweater-2-1911329-375914.jpg","width":600,"height":600,"caption":"craft-ADV-subZ-sweater-2-1911329-375914"},{"@type":"BreadcrumbList","@id":"https:\/\/www.miomiorun.com\/fr\/produit\/craft-adv-subz-sweater-2-homme\/#breadcrumb","itemListElement":[{"@type":"ListItem","position":1,"name":"Home","item":"https:\/\/www.miomiorun.com\/fr\/home-page\/"},{"@type":"ListItem","position":2,"name":"Shop","item":"https:\/\/www.miomiorun.com\/shop\/"},{"@type":"ListItem","position":3,"name":"ADV SubZ Sweater 2 homme"}]},{"@type":"WebSite","@id":"https:\/\/www.miomiorun.com\/fr\/#website","url":"https:\/\/www.miomiorun.com\/fr\/","name":"MioMioRun","description":"Boutique 100% running et trail","publisher":{"@id":"https:\/\/www.miomiorun.com\/fr\/#organization"},"potentialAction":[{"@type":"SearchAction","target":{"@type":"EntryPoint","urlTemplate":"https:\/\/www.miomiorun.com\/fr\/?s={search_term_string}"},"query-input":{"@type":"PropertyValueSpecification","valueRequired":true,"valueName":"search_term_string"}}],"inLanguage":"fr-FR"},{"@type":"Organization","@id":"https:\/\/www.miomiorun.com\/fr\/#organization","name":"MioMio Run","url":"https:\/\/www.miomiorun.com\/fr\/","logo":{"@type":"ImageObject","inLanguage":"fr-FR","@id":"https:\/\/www.miomiorun.com\/fr\/#\/schema\/logo\/image\/","url":"https:\/\/www.miomiorun.com\/app\/uploads\/2019\/12\/logomio.png","contentUrl":"https:\/\/www.miomiorun.com\/app\/uploads\/2019\/12\/logomio.png","width":115,"height":82,"caption":"MioMio Run"},"image":{"@id":"https:\/\/www.miomiorun.com\/fr\/#\/schema\/logo\/image\/"},"sameAs":["https:\/\/www.facebook.com\/miomiorun\/","https:\/\/www.instagram.com\/miomiorun\/"]}]}},"_links":{"self":[{"href":"https:\/\/www.miomiorun.com\/fr\/wp-json\/wp\/v2\/product\/280949","targetHints":{"allow":["GET"]}}],"collection":[{"href":"https:\/\/www.miomiorun.com\/fr\/wp-json\/wp\/v2\/product"}],"about":[{"href":"https:\/\/www.miomiorun.com\/fr\/wp-json\/wp\/v2\/types\/product"}],"wp:featuredmedia":[{"embeddable":true,"href":"https:\/\/www.miomiorun.com\/fr\/wp-json\/wp\/v2\/media\/234511"}],"wp:attachment":[{"href":"https:\/\/www.miomiorun.com\/fr\/wp-json\/wp\/v2\/media?parent=280949"}],"wp:term":[{"taxonomy":"product_brand","embeddable":true,"href":"https:\/\/www.miomiorun.com\/fr\/wp-json\/wp\/v2\/product_brand?post=280949"},{"taxonomy":"product_cat","embeddable":true,"href":"https:\/\/www.miomiorun.com\/fr\/wp-json\/wp\/v2\/product_cat?post=280949"},{"taxonomy":"product_tag","embeddable":true,"href":"https:\/\/www.miomiorun.com\/fr\/wp-json\/wp\/v2\/product_tag?post=280949"}],"curies":[{"name":"wp","href":"https:\/\/api.w.org\/{rel}","templated":true}]}}