{"id":280942,"date":"2022-02-03T10:30:06","date_gmt":"2022-02-03T09:30:06","guid":{"rendered":"https:\/\/miomiorun.com\/prodotto\/la-sportiva-mutant-uomo\/"},"modified":"2026-01-09T16:37:17","modified_gmt":"2026-01-09T15:37:17","slug":"la-sportiva-mutant-homme","status":"publish","type":"product","link":"https:\/\/www.miomiorun.com\/fr\/produit\/la-sportiva-mutant-homme\/","title":{"rendered":"Mutant homme"},"content":{"rendered":"<div class=\"vc-row container\"><div class=\"vc-column\"><div class=\"vc-column-text\"><\/p>\n<p><strong>Caract\u00e9ristiques techniques<\/strong><\/p>\n<p>Cat\u00e9gorie : amorti optimal<br \/>\nD\u00e9calage : 10 mm<br \/>\nPoids : 320 g<br \/>\nId\u00e9al pour : les amateurs de course et de marche en montagne \u00e0 la recherche d&#8217;un mod\u00e8le polyvalent capable de garantir traction, protection et confort, aussi bien sur les longues distances que sur les distances moyennes.<br \/>\nPoids de l&#8217;athl\u00e8te : 70-80 kg<br \/>\nAllure de course : moyenne-lente (sup\u00e9rieure \u00e0 5,00 min\/km)<br \/>\n<a href=\"https:\/\/miomiorun.com\/fr\/guide-des-specificites\/\">Guide des sp\u00e9cifications techniques<\/a><\/p>\n<p><\/div><\/div><div class=\"vc-column\"><div class=\"vc-column-text\">La Mutant pour homme est une chaussure de trail running tr\u00e8s stable et polyvalente, parfaite pour la course en montagne, les skyraces et les trails tout-terrain sur diff\u00e9rents types de terrain.<br \/>\nLa semelle ultra adh\u00e9rente permet d&#8217;affronter au mieux les surfaces glissantes et de maintenir l&#8217;adh\u00e9rence sur les terrains meubles et boueux gr\u00e2ce \u00e0 ses crampons prononc\u00e9s. Le syst\u00e8me de fermeture SpyralTongue\u2122 combine les avantages d&#8217;un chaussant rapide d&#8217;une chaussure \u00e0 languette traditionnelle avec ceux d&#8217;une construction \u00e0 gu\u00eatre, \u00e9vitant l&#8217;entr\u00e9e de cailloux et de boue pendant la course. Le syst\u00e8me de la\u00e7age est int\u00e9gr\u00e9 \u00e0 la structure de la tige gr\u00e2ce \u00e0 la technologie FusionGate\u2122 avec des renforts haute fr\u00e9quence appliqu\u00e9s par fusion : cette solution permet de r\u00e9gler le volume et le niveau d&#8217;adh\u00e9rence de la chaussure au pied pour une course pr\u00e9cise et stable, m\u00eame sur les travers\u00e9es. Un concentr\u00e9 de solutions techniques qui font \u00e9voluer la fa\u00e7on de courir en tout-terrain : voici Mutant !<\/p>\n<p><b>Tige<\/b> :<br \/>\nMaille simple respirante anti-abrasion + gu\u00eatre int\u00e9gr\u00e9e<br \/>\n<b> Doublure<\/b> :<br \/>\nMaille antid\u00e9rapante<br \/>\n<b> Semelle interm\u00e9diaire<\/b> :<br \/>\nMEMlex EVA inject\u00e9 avec insert stabilisateur<br \/>\n<b>Semelle int\u00e9rieure<\/b> :<br \/>\nOrtholite Mountain Running Ergonomic 4 mm<br \/>\n<b>Semelle ext\u00e9rieure<\/b> :<br \/>\nM\u00e9lange FriXion XF ultra adh\u00e9rent<\/div><\/div><\/div>\n","protected":false},"excerpt":{"rendered":"<ul>\n<li>excellent compromis entre protection, l\u00e9g\u00e8ret\u00e9 et amorti<\/li>\n<li>polyvalente et \u00e9tonnamment confortable<\/li>\n<li>traction et adh\u00e9rence m\u00eame sur les terrains les plus accident\u00e9s<\/li>\n<\/ul>\n","protected":false},"featured_media":235216,"template":"","meta":{"_acf_changed":false,"inline_featured_image":false},"product_brand":[],"product_cat":[24448,24445],"product_tag":[23597,23599],"class_list":{"0":"post-280942","1":"product","2":"type-product","3":"status-publish","4":"has-post-thumbnail","6":"product_cat-chaussures-pour-hommes-fr","7":"product_cat-trail-fr-3","8":"product_tag-la-sportiva-fr","9":"product_tag-la-sportiva-homme","10":"pa_attivita-outdoor-fr","11":"pa_attivita-trail-fr","12":"pa_colore-mutant-black-yellow-fr","13":"pa_colore-mutant-night-sky-savana-fr","14":"pa_marca-la-sportiva-fr","15":"pa_sesso-homme","16":"pa_size-41-5-fr","17":"pa_size-42-fr","18":"pa_size-42-5-fr","19":"pa_size-43-fr","20":"pa_size-43-5-fr","21":"pa_size-44-fr","22":"pa_size-44-5-fr","23":"pa_size-45-fr","24":"pa_size-45-5-fr","25":"pa_size-46-fr","26":"pa_size-46-5-fr","28":"first","29":"instock","30":"sale","31":"taxable","32":"shipping-taxable","33":"purchasable","34":"product-type-variable","35":"wvs-archive-product-wrapper"},"acf":[],"yoast_head":"<!-- This site is optimized with the Yoast SEO plugin v26.8 - https:\/\/yoast.com\/product\/yoast-seo-wordpress\/ -->\n<title>La Sportiva Mutant homme - chaussures de trail pour homme - MioMioRun .com<\/title>\n<meta name=\"description\" content=\"D\u00e9couvrez la Mutant pour homme de La Sportiva, une chaussure de trail running tr\u00e8s stable et polyvalente, parfaite pour courir sur diff\u00e9rents types de terrain.\" \/>\n<meta name=\"robots\" content=\"index, follow, max-snippet:-1, max-image-preview:large, max-video-preview:-1\" \/>\n<link rel=\"canonical\" href=\"https:\/\/www.miomiorun.com\/fr\/produit\/la-sportiva-mutant-homme\/\" \/>\n<meta property=\"og:locale\" content=\"fr_FR\" \/>\n<meta property=\"og:type\" content=\"article\" \/>\n<meta property=\"og:title\" content=\"La Sportiva Mutant homme - chaussures de trail pour homme - MioMioRun .com\" \/>\n<meta property=\"og:description\" content=\"D\u00e9couvrez la Mutant pour homme de La Sportiva, une chaussure de trail running tr\u00e8s stable et polyvalente, parfaite pour courir sur diff\u00e9rents types de terrain.\" \/>\n<meta property=\"og:url\" content=\"https:\/\/www.miomiorun.com\/fr\/produit\/la-sportiva-mutant-homme\/\" \/>\n<meta property=\"og:site_name\" content=\"MioMioRun\" \/>\n<meta property=\"article:publisher\" content=\"https:\/\/www.facebook.com\/miomiorun\/\" \/>\n<meta property=\"article:modified_time\" content=\"2026-01-09T15:37:17+00:00\" \/>\n<meta property=\"og:image\" content=\"https:\/\/www.miomiorun.com\/app\/uploads\/2022\/02\/la-sportiva-mutant-26W705900.jpg\" \/>\n\t<meta property=\"og:image:width\" content=\"600\" \/>\n\t<meta property=\"og:image:height\" content=\"600\" \/>\n\t<meta property=\"og:image:type\" content=\"image\/jpeg\" \/>\n<meta name=\"twitter:card\" content=\"summary_large_image\" \/>\n<meta name=\"twitter:label1\" content=\"Est. reading time\" \/>\n\t<meta name=\"twitter:data1\" content=\"2 minutes\" \/>\n<script type=\"application\/ld+json\" class=\"yoast-schema-graph\">{\"@context\":\"https:\/\/schema.org\",\"@graph\":[{\"@type\":\"WebPage\",\"@id\":\"https:\/\/www.miomiorun.com\/fr\/produit\/la-sportiva-mutant-homme\/\",\"url\":\"https:\/\/www.miomiorun.com\/fr\/produit\/la-sportiva-mutant-homme\/\",\"name\":\"La Sportiva Mutant homme - chaussures de trail pour homme - MioMioRun .com\",\"isPartOf\":{\"@id\":\"https:\/\/www.miomiorun.com\/fr\/#website\"},\"primaryImageOfPage\":{\"@id\":\"https:\/\/www.miomiorun.com\/fr\/produit\/la-sportiva-mutant-homme\/#primaryimage\"},\"image\":{\"@id\":\"https:\/\/www.miomiorun.com\/fr\/produit\/la-sportiva-mutant-homme\/#primaryimage\"},\"thumbnailUrl\":\"https:\/\/www.miomiorun.com\/app\/uploads\/2022\/02\/la-sportiva-mutant-26W705900.jpg\",\"datePublished\":\"2022-02-03T09:30:06+00:00\",\"dateModified\":\"2026-01-09T15:37:17+00:00\",\"description\":\"D\u00e9couvrez la Mutant pour homme de La Sportiva, une chaussure de trail running tr\u00e8s stable et polyvalente, parfaite pour courir sur diff\u00e9rents types de terrain.\",\"breadcrumb\":{\"@id\":\"https:\/\/www.miomiorun.com\/fr\/produit\/la-sportiva-mutant-homme\/#breadcrumb\"},\"inLanguage\":\"fr-FR\",\"potentialAction\":[{\"@type\":\"ReadAction\",\"target\":[\"https:\/\/www.miomiorun.com\/fr\/produit\/la-sportiva-mutant-homme\/\"]}]},{\"@type\":\"ImageObject\",\"inLanguage\":\"fr-FR\",\"@id\":\"https:\/\/www.miomiorun.com\/fr\/produit\/la-sportiva-mutant-homme\/#primaryimage\",\"url\":\"https:\/\/www.miomiorun.com\/app\/uploads\/2022\/02\/la-sportiva-mutant-26W705900.jpg\",\"contentUrl\":\"https:\/\/www.miomiorun.com\/app\/uploads\/2022\/02\/la-sportiva-mutant-26W705900.jpg\",\"width\":600,\"height\":600,\"caption\":\"la-sportiva-mutant-26W705900\"},{\"@type\":\"BreadcrumbList\",\"@id\":\"https:\/\/www.miomiorun.com\/fr\/produit\/la-sportiva-mutant-homme\/#breadcrumb\",\"itemListElement\":[{\"@type\":\"ListItem\",\"position\":1,\"name\":\"Home\",\"item\":\"https:\/\/www.miomiorun.com\/fr\/home-page\/\"},{\"@type\":\"ListItem\",\"position\":2,\"name\":\"Shop\",\"item\":\"https:\/\/www.miomiorun.com\/shop\/\"},{\"@type\":\"ListItem\",\"position\":3,\"name\":\"Mutant homme\"}]},{\"@type\":\"WebSite\",\"@id\":\"https:\/\/www.miomiorun.com\/fr\/#website\",\"url\":\"https:\/\/www.miomiorun.com\/fr\/\",\"name\":\"MioMioRun\",\"description\":\"Boutique 100% running et trail\",\"publisher\":{\"@id\":\"https:\/\/www.miomiorun.com\/fr\/#organization\"},\"potentialAction\":[{\"@type\":\"SearchAction\",\"target\":{\"@type\":\"EntryPoint\",\"urlTemplate\":\"https:\/\/www.miomiorun.com\/fr\/?s={search_term_string}\"},\"query-input\":{\"@type\":\"PropertyValueSpecification\",\"valueRequired\":true,\"valueName\":\"search_term_string\"}}],\"inLanguage\":\"fr-FR\"},{\"@type\":\"Organization\",\"@id\":\"https:\/\/www.miomiorun.com\/fr\/#organization\",\"name\":\"MioMio Run\",\"url\":\"https:\/\/www.miomiorun.com\/fr\/\",\"logo\":{\"@type\":\"ImageObject\",\"inLanguage\":\"fr-FR\",\"@id\":\"https:\/\/www.miomiorun.com\/fr\/#\/schema\/logo\/image\/\",\"url\":\"https:\/\/www.miomiorun.com\/app\/uploads\/2019\/12\/logomio.png\",\"contentUrl\":\"https:\/\/www.miomiorun.com\/app\/uploads\/2019\/12\/logomio.png\",\"width\":115,\"height\":82,\"caption\":\"MioMio Run\"},\"image\":{\"@id\":\"https:\/\/www.miomiorun.com\/fr\/#\/schema\/logo\/image\/\"},\"sameAs\":[\"https:\/\/www.facebook.com\/miomiorun\/\",\"https:\/\/www.instagram.com\/miomiorun\/\"]}]}<\/script>\n<!-- \/ Yoast SEO plugin. -->","yoast_head_json":{"title":"La Sportiva Mutant homme - chaussures de trail pour homme - MioMioRun .com","description":"D\u00e9couvrez la Mutant pour homme de La Sportiva, une chaussure de trail running tr\u00e8s stable et polyvalente, parfaite pour courir sur diff\u00e9rents types de terrain.","robots":{"index":"index","follow":"follow","max-snippet":"max-snippet:-1","max-image-preview":"max-image-preview:large","max-video-preview":"max-video-preview:-1"},"canonical":"https:\/\/www.miomiorun.com\/fr\/produit\/la-sportiva-mutant-homme\/","og_locale":"fr_FR","og_type":"article","og_title":"La Sportiva Mutant homme - chaussures de trail pour homme - MioMioRun .com","og_description":"D\u00e9couvrez la Mutant pour homme de La Sportiva, une chaussure de trail running tr\u00e8s stable et polyvalente, parfaite pour courir sur diff\u00e9rents types de terrain.","og_url":"https:\/\/www.miomiorun.com\/fr\/produit\/la-sportiva-mutant-homme\/","og_site_name":"MioMioRun","article_publisher":"https:\/\/www.facebook.com\/miomiorun\/","article_modified_time":"2026-01-09T15:37:17+00:00","og_image":[{"width":600,"height":600,"url":"https:\/\/www.miomiorun.com\/app\/uploads\/2022\/02\/la-sportiva-mutant-26W705900.jpg","type":"image\/jpeg"}],"twitter_card":"summary_large_image","twitter_misc":{"Est. reading time":"2 minutes"},"schema":{"@context":"https:\/\/schema.org","@graph":[{"@type":"WebPage","@id":"https:\/\/www.miomiorun.com\/fr\/produit\/la-sportiva-mutant-homme\/","url":"https:\/\/www.miomiorun.com\/fr\/produit\/la-sportiva-mutant-homme\/","name":"La Sportiva Mutant homme - chaussures de trail pour homme - MioMioRun .com","isPartOf":{"@id":"https:\/\/www.miomiorun.com\/fr\/#website"},"primaryImageOfPage":{"@id":"https:\/\/www.miomiorun.com\/fr\/produit\/la-sportiva-mutant-homme\/#primaryimage"},"image":{"@id":"https:\/\/www.miomiorun.com\/fr\/produit\/la-sportiva-mutant-homme\/#primaryimage"},"thumbnailUrl":"https:\/\/www.miomiorun.com\/app\/uploads\/2022\/02\/la-sportiva-mutant-26W705900.jpg","datePublished":"2022-02-03T09:30:06+00:00","dateModified":"2026-01-09T15:37:17+00:00","description":"D\u00e9couvrez la Mutant pour homme de La Sportiva, une chaussure de trail running tr\u00e8s stable et polyvalente, parfaite pour courir sur diff\u00e9rents types de terrain.","breadcrumb":{"@id":"https:\/\/www.miomiorun.com\/fr\/produit\/la-sportiva-mutant-homme\/#breadcrumb"},"inLanguage":"fr-FR","potentialAction":[{"@type":"ReadAction","target":["https:\/\/www.miomiorun.com\/fr\/produit\/la-sportiva-mutant-homme\/"]}]},{"@type":"ImageObject","inLanguage":"fr-FR","@id":"https:\/\/www.miomiorun.com\/fr\/produit\/la-sportiva-mutant-homme\/#primaryimage","url":"https:\/\/www.miomiorun.com\/app\/uploads\/2022\/02\/la-sportiva-mutant-26W705900.jpg","contentUrl":"https:\/\/www.miomiorun.com\/app\/uploads\/2022\/02\/la-sportiva-mutant-26W705900.jpg","width":600,"height":600,"caption":"la-sportiva-mutant-26W705900"},{"@type":"BreadcrumbList","@id":"https:\/\/www.miomiorun.com\/fr\/produit\/la-sportiva-mutant-homme\/#breadcrumb","itemListElement":[{"@type":"ListItem","position":1,"name":"Home","item":"https:\/\/www.miomiorun.com\/fr\/home-page\/"},{"@type":"ListItem","position":2,"name":"Shop","item":"https:\/\/www.miomiorun.com\/shop\/"},{"@type":"ListItem","position":3,"name":"Mutant homme"}]},{"@type":"WebSite","@id":"https:\/\/www.miomiorun.com\/fr\/#website","url":"https:\/\/www.miomiorun.com\/fr\/","name":"MioMioRun","description":"Boutique 100% running et trail","publisher":{"@id":"https:\/\/www.miomiorun.com\/fr\/#organization"},"potentialAction":[{"@type":"SearchAction","target":{"@type":"EntryPoint","urlTemplate":"https:\/\/www.miomiorun.com\/fr\/?s={search_term_string}"},"query-input":{"@type":"PropertyValueSpecification","valueRequired":true,"valueName":"search_term_string"}}],"inLanguage":"fr-FR"},{"@type":"Organization","@id":"https:\/\/www.miomiorun.com\/fr\/#organization","name":"MioMio Run","url":"https:\/\/www.miomiorun.com\/fr\/","logo":{"@type":"ImageObject","inLanguage":"fr-FR","@id":"https:\/\/www.miomiorun.com\/fr\/#\/schema\/logo\/image\/","url":"https:\/\/www.miomiorun.com\/app\/uploads\/2019\/12\/logomio.png","contentUrl":"https:\/\/www.miomiorun.com\/app\/uploads\/2019\/12\/logomio.png","width":115,"height":82,"caption":"MioMio Run"},"image":{"@id":"https:\/\/www.miomiorun.com\/fr\/#\/schema\/logo\/image\/"},"sameAs":["https:\/\/www.facebook.com\/miomiorun\/","https:\/\/www.instagram.com\/miomiorun\/"]}]}},"_links":{"self":[{"href":"https:\/\/www.miomiorun.com\/fr\/wp-json\/wp\/v2\/product\/280942","targetHints":{"allow":["GET"]}}],"collection":[{"href":"https:\/\/www.miomiorun.com\/fr\/wp-json\/wp\/v2\/product"}],"about":[{"href":"https:\/\/www.miomiorun.com\/fr\/wp-json\/wp\/v2\/types\/product"}],"wp:featuredmedia":[{"embeddable":true,"href":"https:\/\/www.miomiorun.com\/fr\/wp-json\/wp\/v2\/media\/235216"}],"wp:attachment":[{"href":"https:\/\/www.miomiorun.com\/fr\/wp-json\/wp\/v2\/media?parent=280942"}],"wp:term":[{"taxonomy":"product_brand","embeddable":true,"href":"https:\/\/www.miomiorun.com\/fr\/wp-json\/wp\/v2\/product_brand?post=280942"},{"taxonomy":"product_cat","embeddable":true,"href":"https:\/\/www.miomiorun.com\/fr\/wp-json\/wp\/v2\/product_cat?post=280942"},{"taxonomy":"product_tag","embeddable":true,"href":"https:\/\/www.miomiorun.com\/fr\/wp-json\/wp\/v2\/product_tag?post=280942"}],"curies":[{"name":"wp","href":"https:\/\/api.w.org\/{rel}","templated":true}]}}