{"id":280937,"date":"2022-02-10T12:02:13","date_gmt":"2022-02-10T11:02:13","guid":{"rendered":"https:\/\/miomiorun.com\/prodotto\/la-sportiva-uragano-gtx-donna\/"},"modified":"2026-05-08T21:16:58","modified_gmt":"2026-05-08T19:16:58","slug":"la-sportiva-uragano-gtx-femme","status":"publish","type":"product","link":"https:\/\/www.miomiorun.com\/fr\/produit\/la-sportiva-uragano-gtx-femme\/","title":{"rendered":"Uragano GTX femme"},"content":{"rendered":"<table style=\"border-collapse: collapse;width: 100%;height: 24px\">\n<tbody>\n<tr style=\"height: 24px\">\n<td style=\"width: 33.3333%;height: 24px;vertical-align: top;text-align: center\"><strong>Caract\u00e9ristiques techniques<\/strong><\/p>\n<p>Cat\u00e9gorie : amorti sup\u00e9rieur<br \/>\nD\u00e9calage : 10 mm<br \/>\nPoids : 300 g<br \/>\nId\u00e9al pour : les amateurs de course et de marche en montagne \u00e0 la recherche d&#8217;un mod\u00e8le polyvalent capable de garantir traction, protection, imperm\u00e9abilit\u00e9 et confort, aussi bien sur les longues distances que sur les distances moyennes.<br \/>\nPoids de l&#8217;athl\u00e8te : 60-70 kg<br \/>\nAllure de course : moyenne-lente (&gt;5,00 min\/km)<br \/>\n<a href=\"https:\/\/miomiorun.com\/guida-alle-specifiche-tecniche\/\">Guide des sp\u00e9cifications techniques<\/a><\/td>\n<td style=\"width: 66.6666%;height: 24px;vertical-align: top;text-align: center\">Chaussure imperm\u00e9able avec gu\u00eatre int\u00e9gr\u00e9e d\u00e9di\u00e9e aux comp\u00e9titions de course hivernale. Particuli\u00e8rement adapt\u00e9e \u00e0 une utilisation sur des terrains enneig\u00e9s et verglac\u00e9s, elle est con\u00e7ue pour tous les coureurs de trail qui ont besoin d&#8217;un produit pour courir en comp\u00e9tition pendant les mois d&#8217;hiver.<br \/>\nLa semelle adh\u00e9rente permet d&#8217;affronter au mieux les surfaces glissantes et de maintenir l&#8217;adh\u00e9rence sur les terrains meubles ou gel\u00e9s gr\u00e2ce \u00e0 ses crampons prononc\u00e9s et \u00e0 sa compatibilit\u00e9 avec les crampons amovibles AT-Grip Spike. La gu\u00eatre hydrofuge Sock-Shield Gaiter\u2122 prot\u00e8ge contre les pierres et la boue, tandis que le syst\u00e8me de la\u00e7age int\u00e9gr\u00e9, rapide et intuitif, avec poche \u00e0 lacets escamotable, acc\u00e9l\u00e8re les op\u00e9rations d&#8217;enfilage. Le syst\u00e8me de la\u00e7age est int\u00e9gr\u00e9 \u00e0 la structure de la tige int\u00e9rieure : cette solution permet de r\u00e9gler le volume et le niveau d&#8217;adh\u00e9rence de la chaussure au pied pour une course pr\u00e9cise et stable, m\u00eame sur les travers\u00e9es. L&#8217;absence totale de coutures externes et la membrane Gore-Tex ultra-souple, imperm\u00e9able et respirante font de l&#8217;Uragano la chaussure de course hivernale parfaite pour les coureurs tout-terrain qui s&#8217;adonnent aux courses de trail en hiver. <b>Tige :<\/b><br \/>\nmaille simple hydrofuge et anti-abrasion avec impression par sublimation + Sock-Shield Gaiter\u2122<br \/>\n<b>Doublure :<\/b><br \/>\nGore\u00ae Flex Construction<br \/>\n<b>Semelle int\u00e9rieure :<\/b><br \/>\nOrtholite Mountain Running Ergonomic 4 mm<br \/>\n<b>Semelle interm\u00e9diaire :<\/b><br \/>\nMEMlex EVA inject\u00e9 avec insert stabilisateur<br \/>\n<b>Semelle :<\/b><br \/>\nM\u00e9lange FriXion AT compatible avec les crampons amovibles AT Grip Spikes<\/td>\n<\/tr>\n<\/tbody>\n<\/table>\n<p>&nbsp;<\/p>\n","protected":false},"excerpt":{"rendered":"<p>Caract\u00e9ristiques techniques Cat\u00e9gorie : amorti sup\u00e9rieur D\u00e9calage : 10 mm Poids : 300 g Id\u00e9al pour : les amateurs de course et de marche en montagne \u00e0 la recherche d&#8217;un mod\u00e8le polyvalent capable de garantir traction, protection, imperm\u00e9abilit\u00e9 et confort, aussi bien sur les longues distances que sur les distances moyennes. Poids de l&#8217;athl\u00e8te : &hellip; <a href=\"https:\/\/www.miomiorun.com\/fr\/produit\/la-sportiva-uragano-gtx-femme\/\">Continued<\/a><\/p>\n","protected":false},"featured_media":238478,"template":"","meta":{"_acf_changed":false,"inline_featured_image":false},"product_brand":[],"product_cat":[22605,22608],"product_tag":[23597,23601],"class_list":{"0":"post-280937","1":"product","2":"type-product","3":"status-publish","4":"has-post-thumbnail","6":"product_cat-chaussures-pour-femmes","7":"product_cat-trail-fr","8":"product_tag-la-sportiva-fr","9":"product_tag-la-sportiva-femme","10":"pa_attivita-outdoor-fr","11":"pa_attivita-trail-fr","12":"pa_colore-uragano-gtx-w-crystal-cerise-fr","13":"pa_marca-la-sportiva-fr","14":"pa_sesso-femme","15":"pa_size-38-fr","16":"pa_size-38-5-fr","17":"pa_size-39-fr","18":"pa_size-39-5-fr","19":"pa_size-40-fr","20":"pa_size-40-5-fr","22":"first","23":"instock","24":"sale","25":"taxable","26":"shipping-taxable","27":"purchasable","28":"product-type-variable","29":"wvs-archive-product-wrapper"},"acf":[],"yoast_head":"<!-- This site is optimized with the Yoast SEO plugin v26.8 - https:\/\/yoast.com\/product\/yoast-seo-wordpress\/ -->\n<title>La sportiva Uragano GTX femme -chaussures de trail pour femmes - MioMioRun<\/title>\n<meta name=\"description\" content=\"D\u00e9couvrez la Tempesta GTX pour femme de La Sportiva, une chaussure avec gu\u00eatre int\u00e9gr\u00e9e Winter Running con\u00e7ue pour les comp\u00e9titions hivernales.\" \/>\n<meta name=\"robots\" content=\"index, follow, max-snippet:-1, max-image-preview:large, max-video-preview:-1\" \/>\n<link rel=\"canonical\" href=\"https:\/\/www.miomiorun.com\/fr\/produit\/la-sportiva-uragano-gtx-femme\/\" \/>\n<meta property=\"og:locale\" content=\"fr_FR\" \/>\n<meta property=\"og:type\" content=\"article\" \/>\n<meta property=\"og:title\" content=\"La sportiva Uragano GTX femme -chaussures de trail pour femmes - MioMioRun\" \/>\n<meta property=\"og:description\" content=\"D\u00e9couvrez la Tempesta GTX pour femme de La Sportiva, une chaussure avec gu\u00eatre int\u00e9gr\u00e9e Winter Running con\u00e7ue pour les comp\u00e9titions hivernales.\" \/>\n<meta property=\"og:url\" content=\"https:\/\/www.miomiorun.com\/fr\/produit\/la-sportiva-uragano-gtx-femme\/\" \/>\n<meta property=\"og:site_name\" content=\"MioMioRun\" \/>\n<meta property=\"article:publisher\" content=\"https:\/\/www.facebook.com\/miomiorun\/\" \/>\n<meta property=\"article:modified_time\" content=\"2026-05-08T19:16:58+00:00\" \/>\n<meta property=\"og:image\" content=\"https:\/\/www.miomiorun.com\/app\/uploads\/2022\/11\/la-sportiva-uragano-GTX-W-crystal-cerise-46L635409.jpg\" \/>\n\t<meta property=\"og:image:width\" content=\"600\" \/>\n\t<meta property=\"og:image:height\" content=\"600\" \/>\n\t<meta property=\"og:image:type\" content=\"image\/jpeg\" \/>\n<meta name=\"twitter:card\" content=\"summary_large_image\" \/>\n<meta name=\"twitter:label1\" content=\"Est. reading time\" \/>\n\t<meta name=\"twitter:data1\" content=\"2 minutes\" \/>\n<script type=\"application\/ld+json\" class=\"yoast-schema-graph\">{\"@context\":\"https:\/\/schema.org\",\"@graph\":[{\"@type\":\"WebPage\",\"@id\":\"https:\/\/www.miomiorun.com\/fr\/produit\/la-sportiva-uragano-gtx-femme\/\",\"url\":\"https:\/\/www.miomiorun.com\/fr\/produit\/la-sportiva-uragano-gtx-femme\/\",\"name\":\"La sportiva Uragano GTX femme -chaussures de trail pour femmes - MioMioRun\",\"isPartOf\":{\"@id\":\"https:\/\/www.miomiorun.com\/fr\/#website\"},\"primaryImageOfPage\":{\"@id\":\"https:\/\/www.miomiorun.com\/fr\/produit\/la-sportiva-uragano-gtx-femme\/#primaryimage\"},\"image\":{\"@id\":\"https:\/\/www.miomiorun.com\/fr\/produit\/la-sportiva-uragano-gtx-femme\/#primaryimage\"},\"thumbnailUrl\":\"https:\/\/www.miomiorun.com\/app\/uploads\/2022\/11\/la-sportiva-uragano-GTX-W-crystal-cerise-46L635409.jpg\",\"datePublished\":\"2022-02-10T11:02:13+00:00\",\"dateModified\":\"2026-05-08T19:16:58+00:00\",\"description\":\"D\u00e9couvrez la Tempesta GTX pour femme de La Sportiva, une chaussure avec gu\u00eatre int\u00e9gr\u00e9e Winter Running con\u00e7ue pour les comp\u00e9titions hivernales.\",\"breadcrumb\":{\"@id\":\"https:\/\/www.miomiorun.com\/fr\/produit\/la-sportiva-uragano-gtx-femme\/#breadcrumb\"},\"inLanguage\":\"fr-FR\",\"potentialAction\":[{\"@type\":\"ReadAction\",\"target\":[\"https:\/\/www.miomiorun.com\/fr\/produit\/la-sportiva-uragano-gtx-femme\/\"]}]},{\"@type\":\"ImageObject\",\"inLanguage\":\"fr-FR\",\"@id\":\"https:\/\/www.miomiorun.com\/fr\/produit\/la-sportiva-uragano-gtx-femme\/#primaryimage\",\"url\":\"https:\/\/www.miomiorun.com\/app\/uploads\/2022\/11\/la-sportiva-uragano-GTX-W-crystal-cerise-46L635409.jpg\",\"contentUrl\":\"https:\/\/www.miomiorun.com\/app\/uploads\/2022\/11\/la-sportiva-uragano-GTX-W-crystal-cerise-46L635409.jpg\",\"width\":600,\"height\":600,\"caption\":\"la-sportiva-uragano-GTX-W-crystal-cerise-46L635409\"},{\"@type\":\"BreadcrumbList\",\"@id\":\"https:\/\/www.miomiorun.com\/fr\/produit\/la-sportiva-uragano-gtx-femme\/#breadcrumb\",\"itemListElement\":[{\"@type\":\"ListItem\",\"position\":1,\"name\":\"Home\",\"item\":\"https:\/\/www.miomiorun.com\/fr\/home-page\/\"},{\"@type\":\"ListItem\",\"position\":2,\"name\":\"Shop\",\"item\":\"https:\/\/www.miomiorun.com\/shop\/\"},{\"@type\":\"ListItem\",\"position\":3,\"name\":\"Uragano GTX femme\"}]},{\"@type\":\"WebSite\",\"@id\":\"https:\/\/www.miomiorun.com\/fr\/#website\",\"url\":\"https:\/\/www.miomiorun.com\/fr\/\",\"name\":\"MioMioRun\",\"description\":\"Boutique 100% running et trail\",\"publisher\":{\"@id\":\"https:\/\/www.miomiorun.com\/fr\/#organization\"},\"potentialAction\":[{\"@type\":\"SearchAction\",\"target\":{\"@type\":\"EntryPoint\",\"urlTemplate\":\"https:\/\/www.miomiorun.com\/fr\/?s={search_term_string}\"},\"query-input\":{\"@type\":\"PropertyValueSpecification\",\"valueRequired\":true,\"valueName\":\"search_term_string\"}}],\"inLanguage\":\"fr-FR\"},{\"@type\":\"Organization\",\"@id\":\"https:\/\/www.miomiorun.com\/fr\/#organization\",\"name\":\"MioMio Run\",\"url\":\"https:\/\/www.miomiorun.com\/fr\/\",\"logo\":{\"@type\":\"ImageObject\",\"inLanguage\":\"fr-FR\",\"@id\":\"https:\/\/www.miomiorun.com\/fr\/#\/schema\/logo\/image\/\",\"url\":\"https:\/\/www.miomiorun.com\/app\/uploads\/2019\/12\/logomio.png\",\"contentUrl\":\"https:\/\/www.miomiorun.com\/app\/uploads\/2019\/12\/logomio.png\",\"width\":115,\"height\":82,\"caption\":\"MioMio Run\"},\"image\":{\"@id\":\"https:\/\/www.miomiorun.com\/fr\/#\/schema\/logo\/image\/\"},\"sameAs\":[\"https:\/\/www.facebook.com\/miomiorun\/\",\"https:\/\/www.instagram.com\/miomiorun\/\"]}]}<\/script>\n<!-- \/ Yoast SEO plugin. -->","yoast_head_json":{"title":"La sportiva Uragano GTX femme -chaussures de trail pour femmes - MioMioRun","description":"D\u00e9couvrez la Tempesta GTX pour femme de La Sportiva, une chaussure avec gu\u00eatre int\u00e9gr\u00e9e Winter Running con\u00e7ue pour les comp\u00e9titions hivernales.","robots":{"index":"index","follow":"follow","max-snippet":"max-snippet:-1","max-image-preview":"max-image-preview:large","max-video-preview":"max-video-preview:-1"},"canonical":"https:\/\/www.miomiorun.com\/fr\/produit\/la-sportiva-uragano-gtx-femme\/","og_locale":"fr_FR","og_type":"article","og_title":"La sportiva Uragano GTX femme -chaussures de trail pour femmes - MioMioRun","og_description":"D\u00e9couvrez la Tempesta GTX pour femme de La Sportiva, une chaussure avec gu\u00eatre int\u00e9gr\u00e9e Winter Running con\u00e7ue pour les comp\u00e9titions hivernales.","og_url":"https:\/\/www.miomiorun.com\/fr\/produit\/la-sportiva-uragano-gtx-femme\/","og_site_name":"MioMioRun","article_publisher":"https:\/\/www.facebook.com\/miomiorun\/","article_modified_time":"2026-05-08T19:16:58+00:00","og_image":[{"width":600,"height":600,"url":"https:\/\/www.miomiorun.com\/app\/uploads\/2022\/11\/la-sportiva-uragano-GTX-W-crystal-cerise-46L635409.jpg","type":"image\/jpeg"}],"twitter_card":"summary_large_image","twitter_misc":{"Est. reading time":"2 minutes"},"schema":{"@context":"https:\/\/schema.org","@graph":[{"@type":"WebPage","@id":"https:\/\/www.miomiorun.com\/fr\/produit\/la-sportiva-uragano-gtx-femme\/","url":"https:\/\/www.miomiorun.com\/fr\/produit\/la-sportiva-uragano-gtx-femme\/","name":"La sportiva Uragano GTX femme -chaussures de trail pour femmes - MioMioRun","isPartOf":{"@id":"https:\/\/www.miomiorun.com\/fr\/#website"},"primaryImageOfPage":{"@id":"https:\/\/www.miomiorun.com\/fr\/produit\/la-sportiva-uragano-gtx-femme\/#primaryimage"},"image":{"@id":"https:\/\/www.miomiorun.com\/fr\/produit\/la-sportiva-uragano-gtx-femme\/#primaryimage"},"thumbnailUrl":"https:\/\/www.miomiorun.com\/app\/uploads\/2022\/11\/la-sportiva-uragano-GTX-W-crystal-cerise-46L635409.jpg","datePublished":"2022-02-10T11:02:13+00:00","dateModified":"2026-05-08T19:16:58+00:00","description":"D\u00e9couvrez la Tempesta GTX pour femme de La Sportiva, une chaussure avec gu\u00eatre int\u00e9gr\u00e9e Winter Running con\u00e7ue pour les comp\u00e9titions hivernales.","breadcrumb":{"@id":"https:\/\/www.miomiorun.com\/fr\/produit\/la-sportiva-uragano-gtx-femme\/#breadcrumb"},"inLanguage":"fr-FR","potentialAction":[{"@type":"ReadAction","target":["https:\/\/www.miomiorun.com\/fr\/produit\/la-sportiva-uragano-gtx-femme\/"]}]},{"@type":"ImageObject","inLanguage":"fr-FR","@id":"https:\/\/www.miomiorun.com\/fr\/produit\/la-sportiva-uragano-gtx-femme\/#primaryimage","url":"https:\/\/www.miomiorun.com\/app\/uploads\/2022\/11\/la-sportiva-uragano-GTX-W-crystal-cerise-46L635409.jpg","contentUrl":"https:\/\/www.miomiorun.com\/app\/uploads\/2022\/11\/la-sportiva-uragano-GTX-W-crystal-cerise-46L635409.jpg","width":600,"height":600,"caption":"la-sportiva-uragano-GTX-W-crystal-cerise-46L635409"},{"@type":"BreadcrumbList","@id":"https:\/\/www.miomiorun.com\/fr\/produit\/la-sportiva-uragano-gtx-femme\/#breadcrumb","itemListElement":[{"@type":"ListItem","position":1,"name":"Home","item":"https:\/\/www.miomiorun.com\/fr\/home-page\/"},{"@type":"ListItem","position":2,"name":"Shop","item":"https:\/\/www.miomiorun.com\/shop\/"},{"@type":"ListItem","position":3,"name":"Uragano GTX femme"}]},{"@type":"WebSite","@id":"https:\/\/www.miomiorun.com\/fr\/#website","url":"https:\/\/www.miomiorun.com\/fr\/","name":"MioMioRun","description":"Boutique 100% running et trail","publisher":{"@id":"https:\/\/www.miomiorun.com\/fr\/#organization"},"potentialAction":[{"@type":"SearchAction","target":{"@type":"EntryPoint","urlTemplate":"https:\/\/www.miomiorun.com\/fr\/?s={search_term_string}"},"query-input":{"@type":"PropertyValueSpecification","valueRequired":true,"valueName":"search_term_string"}}],"inLanguage":"fr-FR"},{"@type":"Organization","@id":"https:\/\/www.miomiorun.com\/fr\/#organization","name":"MioMio Run","url":"https:\/\/www.miomiorun.com\/fr\/","logo":{"@type":"ImageObject","inLanguage":"fr-FR","@id":"https:\/\/www.miomiorun.com\/fr\/#\/schema\/logo\/image\/","url":"https:\/\/www.miomiorun.com\/app\/uploads\/2019\/12\/logomio.png","contentUrl":"https:\/\/www.miomiorun.com\/app\/uploads\/2019\/12\/logomio.png","width":115,"height":82,"caption":"MioMio Run"},"image":{"@id":"https:\/\/www.miomiorun.com\/fr\/#\/schema\/logo\/image\/"},"sameAs":["https:\/\/www.facebook.com\/miomiorun\/","https:\/\/www.instagram.com\/miomiorun\/"]}]}},"_links":{"self":[{"href":"https:\/\/www.miomiorun.com\/fr\/wp-json\/wp\/v2\/product\/280937","targetHints":{"allow":["GET"]}}],"collection":[{"href":"https:\/\/www.miomiorun.com\/fr\/wp-json\/wp\/v2\/product"}],"about":[{"href":"https:\/\/www.miomiorun.com\/fr\/wp-json\/wp\/v2\/types\/product"}],"wp:featuredmedia":[{"embeddable":true,"href":"https:\/\/www.miomiorun.com\/fr\/wp-json\/wp\/v2\/media\/238478"}],"wp:attachment":[{"href":"https:\/\/www.miomiorun.com\/fr\/wp-json\/wp\/v2\/media?parent=280937"}],"wp:term":[{"taxonomy":"product_brand","embeddable":true,"href":"https:\/\/www.miomiorun.com\/fr\/wp-json\/wp\/v2\/product_brand?post=280937"},{"taxonomy":"product_cat","embeddable":true,"href":"https:\/\/www.miomiorun.com\/fr\/wp-json\/wp\/v2\/product_cat?post=280937"},{"taxonomy":"product_tag","embeddable":true,"href":"https:\/\/www.miomiorun.com\/fr\/wp-json\/wp\/v2\/product_tag?post=280937"}],"curies":[{"name":"wp","href":"https:\/\/api.w.org\/{rel}","templated":true}]}}