{"id":280868,"date":"2022-02-25T19:10:21","date_gmt":"2022-02-25T18:10:21","guid":{"rendered":"https:\/\/miomiorun.com\/prodotto\/bliz-vision\/"},"modified":"2026-05-08T21:16:25","modified_gmt":"2026-05-08T19:16:25","slug":"bliz-vision","status":"publish","type":"product","link":"https:\/\/www.miomiorun.com\/fr\/produit\/bliz-vision\/","title":{"rendered":"Vision"},"content":{"rendered":"<p><div class=\"vc-row container\"><div class=\"vc-column\"><div class=\"vc-column-text\"><strong>Vision <\/strong>, con\u00e7ues pour s&#8217;adapter aux visages plus larges et \u00e0 la morphologie asiatique. Elles sont techniquement avanc\u00e9es gr\u00e2ce \u00e0 la technologie l\u00e9g\u00e8re et Jawbone. Le pont nasal et les branches sont facilement r\u00e9glables pour un confort in\u00e9gal\u00e9. La grande lentille cylindrique offre une qualit\u00e9 optique \u00e9lev\u00e9e et maximise le champ de vision. Vision est \u00e9quip\u00e9 d&#8217;une lentille Hydro Lens Tech, qui vous offre une vision claire dans toutes les conditions m\u00e9t\u00e9orologiques.<\/p>\n<p>Vision est un choix parfait pour le cyclisme, le ski et d&#8217;autres sports multisports exigeants. Une opportunit\u00e9 d&#8217;obtenir une vision optimale \u00e0 100 % adapt\u00e9e \u00e0 vos conditions !<\/p>\n<h3>Propri\u00e9t\u00e9s g\u00e9n\u00e9rales<\/h3>\n<p>Un excellent choix pour les athl\u00e8tes amateurs comme pour les athl\u00e8tes de haut niveau . Comme il n&#8217;existe pas deux paires d&#8217;yeux identiques, Vision vous permet d&#8217;utiliser un adaptateur optique (vendu s\u00e9par\u00e9ment). Vous pouvez r\u00e9gler cet adaptateur pour l&#8217;adapter \u00e0 votre prescription. Le r\u00e9sultat est un mod\u00e8le si finement adapt\u00e9 \u00e0 vos besoins que vous \u00eates toujours en mesure de performer au plus haut niveau. Si vous souhaitez une paire de lunettes qui soit parfaitement adapt\u00e9e \u00e0 vous<\/p>\n<h3>Propri\u00e9t\u00e9s des verres<\/h3>\n<p>Vision est \u00e9quip\u00e9 de la technologie Hydro Lens Technology\u2122. Une lentille en X-PC de haute qualit\u00e9 optique pour une vision claire et nette dans diff\u00e9rentes conditions m\u00e9t\u00e9orologiques. La lentille offre une protection UV compl\u00e8te, une r\u00e9fraction minimale, une r\u00e9sistance aux rayures et poss\u00e8de \u00e9galement des propri\u00e9t\u00e9s hydrophobes. Vision dispose \u00e9galement d&#8217;une ventilation intelligente qui, associ\u00e9e \u00e0 des lentilles exceptionnelles, vous offre les meilleures chances possibles de remporter la prochaine course.<\/p>\n<h3>Mat\u00e9riaux<\/h3>\n<p>Vision est fabriqu\u00e9 en Grilamid TR90, un mat\u00e9riau high-tech extr\u00eamement flexible.<\/p>\n<h3>Possibilit\u00e9s de r\u00e9glage<\/h3>\n<p>Ne laissez rien au hasard. Vision s&#8217;adapte facilement \u00e0 vos besoins. Sans la m\u00e2choire mont\u00e9e lors de votre course matinale pour profiter de la nature avec un champ de vision maximal. Et avec la m\u00e2choire mont\u00e9e lors de votre sortie en VTT sur terrain accident\u00e9 l&#8217;apr\u00e8s-midi. Vision est soigneusement con\u00e7u pour s&#8217;adapter \u00e0 diff\u00e9rents types de visages. Les branches sont fabriqu\u00e9es avec un noyau en fil m\u00e9tallique qui peut \u00eatre ajust\u00e9 pour un ajustement optimal. Le pont est r\u00e9glable pour rendre les lunettes aussi confortables que possible \u00e0 porter. Les verres sont amovibles et peuvent \u00eatre facilement remplac\u00e9s par diff\u00e9rentes couleurs de verres et cat\u00e9gories de filtres (vendus s\u00e9par\u00e9ment). L&#8217;adaptateur optique (vendu s\u00e9par\u00e9ment) peut \u00eatre utilis\u00e9 pour adapter les lunettes \u00e0 votre prescription personnelle. La vision est le r\u00e9glage ultime pour des performances maximales. <\/div><\/div><\/div><div class=\"vc-row container\"><div class=\"vc-column\"><div class=\"vc-column-text\"><\/p>\n<div class=\"col-20 col-m-33 col-s-100\">\n<div class=\"tech-item\">\n<div class=\"col-20 col-m-33 col-s-100\">\n<div class=\"tech-item\">\n<h3><img decoding=\"async\" class=\" lazyloaded\" src=\"https:\/\/www.bliz.com\/media\/2249\/100-uv.png\" data-src=\"\/media\/2249\/100-uv.png\"><strong>Protection UV \u00e0 100 %<\/strong><\/h3>\n<p>Les lunettes Bliz Active Eyewear prot\u00e8gent efficacement vos yeux contre les rayons UVA et UVB nocifs.<\/p>\n<\/div>\n<\/div>\n<\/div>\n<\/div>\n<p><\/div><\/div><div class=\"vc-column\"><div class=\"vc-column-text\"><\/p>\n<div class=\"col-20 col-m-33 col-s-100\">\n<div class=\"tech-item\">\n<p><img decoding=\"async\" class=\" lazyloaded\" src=\"https:\/\/www.bliz.com\/media\/2251\/ce-standard.png\" data-src=\"https:\/\/www.bliz.com\/media\/2251\/ce-standard.png\"><\/p>\n<h3>Norme CE<\/h3>\n<p>Tous les produits Bliz Active sont marqu\u00e9s CE, ce qui signifie que nous respectons les exigences de base en mati\u00e8re de sant\u00e9 et de s\u00e9curit\u00e9 \u00e9nonc\u00e9es dans les directives europ\u00e9ennes applicables \u00e0 cette gamme de produits.<\/p>\n<\/div>\n<\/div>\n<p><\/div><\/div><div class=\"vc-column\"> <div class=\"vc-column-text\"><img decoding=\"async\" class=\" lazyloaded\" src=\"https:\/\/www.bliz.com\/media\/2263\/hydro-lens.png\" data-src=\"\/media\/2263\/hydro-lens.png\"><\/p>\n<h3>Syst\u00e8me Hydro Lens\u2122<\/h3>\n<p>Bliz Hydro Lens Technology\u2122 Une lentille qui offre une courbure parfaite, une protection maximale contre les rayons UV, un mat\u00e9riau X-PC incassable, hydrophobe, anti-rayures et, si vous le souhaitez, multicouche ou polaris\u00e9e dans une seule grande lentille.<\/p>\n<p><\/div> <\/div><div class=\"vc-column\"><div class=\"vc-column-text\"><\/p>\n<h3><img decoding=\"async\" class=\" lazyloaded\" src=\"https:\/\/www.bliz.com\/media\/2265\/optical-adapter.png\" data-src=\"\/media\/2265\/optical-adapter.png\"><\/h3>\n<h3>Compatible avec l&#8217;adaptateur optique<\/h3>\n<p>L&#8217;adaptateur optique vous permet d&#8217;int\u00e9grer des verres correcteurs pour une vision optimale lorsque vous pratiquez un sport. Disponible en accessoire.<\/p>\n<p><\/div><\/div><\/div><div class=\"vc-row container\"><div class=\"vc-column\"><div class=\"vc-column-text\"><\/p>\n<div class=\"col-20 col-m-33 col-s-100\">\n<div class=\"tech-item\">\n<div class=\"col-20 col-m-33 col-s-100\">\n<div class=\"tech-item\">\n<p><img decoding=\"async\" class=\" lazyloaded\" src=\"https:\/\/www.bliz.com\/media\/9712\/click-hinge.png\" data-src=\"\/media\/9712\/click-hinge.png\"><\/p>\n<h3>Cliquez sur Charni\u00e8re<\/h3>\n<p>Il conf\u00e8re \u00e0 vos lunettes une sensation et une qualit\u00e9 haut de gamme et vous aide \u00e0 prolonger la dur\u00e9e de vie de vos branches.<\/p>\n<\/div>\n<\/div>\n<\/div>\n<\/div>\n<p><\/div><\/div><div class=\"vc-column\"><div class=\"vc-column-text\"><\/p>\n<h3><img decoding=\"async\" class=\" lazyloaded\" src=\"https:\/\/www.bliz.com\/media\/2250\/adjustable-nosepad.png\" data-src=\"\/media\/2250\/adjustable-nosepad.png\"><\/h3>\n<h3>Pont nasal r\u00e9glable<\/h3>\n<p>Le pont nasal est r\u00e9glable pour un ajustement plus confortable et optimal autour du nez.<\/p>\n<p><\/div><\/div><div class=\"vc-column\"><div class=\"vc-column-text\"><\/p>\n<h3><img decoding=\"async\" class=\" lazyloaded\" src=\"https:\/\/www.bliz.com\/media\/9564\/jawbone.png\" data-src=\"\/media\/9564\/jawbone.png\"><\/h3>\n<h3><strong>Technologie Jawbone<\/strong><\/h3>\n<p>La technologie Jawbone vous permet de changer facilement d&#8217;apparence gr\u00e2ce \u00e0 diff\u00e9rentes couleurs de Jawbone.<\/p>\n<p><\/div><\/div><div class=\"vc-column\"> <div class=\"vc-column-text\"><\/p>\n<h3><img decoding=\"async\" class=\" lazyloaded\" src=\"https:\/\/www.bliz.com\/media\/2239\/temple-tips.png\" data-src=\"\/media\/2239\/temple-tips.png\"><\/h3>\n<h3>Embouts de branches en caoutchouc antid\u00e9rapant<\/h3>\n<p>Ces lunettes sont dot\u00e9es d&#8217;embouts de branches en caoutchouc antid\u00e9rapant.<\/p>\n<p><\/div><\/div><\/div><\/p>\n","protected":false},"excerpt":{"rendered":"<h6 class=\"section-head gray-color nm\">Included products<\/h6>\n<p><img decoding=\"async\" title=\"Hard Case or Box\" src=\"https:\/\/www.bliz.com\/media\/7655\/bliz_sunglasses_case.jpg?width=100\" alt=\"Hard Case or Box\" \/><img decoding=\"async\" title=\"Fusion Jawbone Black\" src=\"https:\/\/www.bliz.com\/media\/9567\/jawbone-black.jpg?width=100\" alt=\"Fusion Jawbone Black\" \/><img decoding=\"async\" title=\"Microfiber Pouch\" src=\"https:\/\/www.bliz.com\/media\/7654\/soft-microfiber-pouch-bliz.jpg?width=100\" alt=\"Microfiber Pouch\" \/><\/p>\n","protected":false},"featured_media":235400,"template":"","meta":{"_acf_changed":false,"inline_featured_image":false},"product_brand":[],"product_cat":[22577,22538],"product_tag":[23461],"class_list":{"0":"post-280868","1":"product","2":"type-product","3":"status-publish","4":"has-post-thumbnail","6":"product_cat-lunettes","7":"product_cat-accessoires","8":"product_tag-bliz-fr","9":"pa_attivita-marcher","10":"pa_attivita-outdoor-fr","11":"pa_attivita-running-fr","12":"pa_attivita-trail-fr","13":"pa_colore-vision-pink-purple-multi-fr","14":"pa_marca-bliz-fr","15":"pa_sesso-femme","16":"pa_sesso-homme","18":"first","19":"instock","20":"taxable","21":"shipping-taxable","22":"purchasable","23":"product-type-variable","24":"wvs-archive-product-wrapper"},"acf":[],"yoast_head":"<!-- This site is optimized with the Yoast SEO plugin v26.8 - https:\/\/yoast.com\/product\/yoast-seo-wordpress\/ -->\n<title>Bliz Vision - Lunettes de course - MioMioRun.com<\/title>\n<meta name=\"description\" content=\"Vision, con\u00e7ues pour s&#039;adapter aux visages plus larges et \u00e0 la morphologie asiatique. Elles sont techniquement avanc\u00e9es gr\u00e2ce \u00e0 la technologie l\u00e9g\u00e8re et Jawbone.\" \/>\n<meta name=\"robots\" content=\"index, follow, max-snippet:-1, max-image-preview:large, max-video-preview:-1\" \/>\n<link rel=\"canonical\" href=\"https:\/\/www.miomiorun.com\/fr\/produit\/bliz-vision\/\" \/>\n<meta property=\"og:locale\" content=\"fr_FR\" \/>\n<meta property=\"og:type\" content=\"article\" \/>\n<meta property=\"og:title\" content=\"Bliz Vision - Lunettes de course - MioMioRun.com\" \/>\n<meta property=\"og:description\" content=\"Vision, con\u00e7ues pour s&#039;adapter aux visages plus larges et \u00e0 la morphologie asiatique. Elles sont techniquement avanc\u00e9es gr\u00e2ce \u00e0 la technologie l\u00e9g\u00e8re et Jawbone.\" \/>\n<meta property=\"og:url\" content=\"https:\/\/www.miomiorun.com\/fr\/produit\/bliz-vision\/\" \/>\n<meta property=\"og:site_name\" content=\"MioMioRun\" \/>\n<meta property=\"article:publisher\" content=\"https:\/\/www.facebook.com\/miomiorun\/\" \/>\n<meta property=\"article:modified_time\" content=\"2026-05-08T19:16:25+00:00\" \/>\n<meta property=\"og:image\" content=\"https:\/\/www.miomiorun.com\/app\/uploads\/2022\/03\/bliz-Vision-black-red-multi-52001-14.jpg\" \/>\n\t<meta property=\"og:image:width\" content=\"600\" \/>\n\t<meta property=\"og:image:height\" content=\"600\" \/>\n\t<meta property=\"og:image:type\" content=\"image\/jpeg\" \/>\n<meta name=\"twitter:card\" content=\"summary_large_image\" \/>\n<meta name=\"twitter:label1\" content=\"Est. reading time\" \/>\n\t<meta name=\"twitter:data1\" content=\"4 minutes\" \/>\n<script type=\"application\/ld+json\" class=\"yoast-schema-graph\">{\"@context\":\"https:\/\/schema.org\",\"@graph\":[{\"@type\":\"WebPage\",\"@id\":\"https:\/\/www.miomiorun.com\/fr\/produit\/bliz-vision\/\",\"url\":\"https:\/\/www.miomiorun.com\/fr\/produit\/bliz-vision\/\",\"name\":\"Bliz Vision - Lunettes de course - MioMioRun.com\",\"isPartOf\":{\"@id\":\"https:\/\/www.miomiorun.com\/fr\/#website\"},\"primaryImageOfPage\":{\"@id\":\"https:\/\/www.miomiorun.com\/fr\/produit\/bliz-vision\/#primaryimage\"},\"image\":{\"@id\":\"https:\/\/www.miomiorun.com\/fr\/produit\/bliz-vision\/#primaryimage\"},\"thumbnailUrl\":\"https:\/\/www.miomiorun.com\/app\/uploads\/2022\/03\/bliz-Vision-black-red-multi-52001-14.jpg\",\"datePublished\":\"2022-02-25T18:10:21+00:00\",\"dateModified\":\"2026-05-08T19:16:25+00:00\",\"description\":\"Vision, con\u00e7ues pour s'adapter aux visages plus larges et \u00e0 la morphologie asiatique. Elles sont techniquement avanc\u00e9es gr\u00e2ce \u00e0 la technologie l\u00e9g\u00e8re et Jawbone.\",\"breadcrumb\":{\"@id\":\"https:\/\/www.miomiorun.com\/fr\/produit\/bliz-vision\/#breadcrumb\"},\"inLanguage\":\"fr-FR\",\"potentialAction\":[{\"@type\":\"ReadAction\",\"target\":[\"https:\/\/www.miomiorun.com\/fr\/produit\/bliz-vision\/\"]}]},{\"@type\":\"ImageObject\",\"inLanguage\":\"fr-FR\",\"@id\":\"https:\/\/www.miomiorun.com\/fr\/produit\/bliz-vision\/#primaryimage\",\"url\":\"https:\/\/www.miomiorun.com\/app\/uploads\/2022\/03\/bliz-Vision-black-red-multi-52001-14.jpg\",\"contentUrl\":\"https:\/\/www.miomiorun.com\/app\/uploads\/2022\/03\/bliz-Vision-black-red-multi-52001-14.jpg\",\"width\":600,\"height\":600,\"caption\":\"bliz-Vision-black-red-multi-52001-14\"},{\"@type\":\"BreadcrumbList\",\"@id\":\"https:\/\/www.miomiorun.com\/fr\/produit\/bliz-vision\/#breadcrumb\",\"itemListElement\":[{\"@type\":\"ListItem\",\"position\":1,\"name\":\"Home\",\"item\":\"https:\/\/www.miomiorun.com\/fr\/home-page\/\"},{\"@type\":\"ListItem\",\"position\":2,\"name\":\"Shop\",\"item\":\"https:\/\/www.miomiorun.com\/shop\/\"},{\"@type\":\"ListItem\",\"position\":3,\"name\":\"Vision\"}]},{\"@type\":\"WebSite\",\"@id\":\"https:\/\/www.miomiorun.com\/fr\/#website\",\"url\":\"https:\/\/www.miomiorun.com\/fr\/\",\"name\":\"MioMioRun\",\"description\":\"Boutique 100% running et trail\",\"publisher\":{\"@id\":\"https:\/\/www.miomiorun.com\/fr\/#organization\"},\"potentialAction\":[{\"@type\":\"SearchAction\",\"target\":{\"@type\":\"EntryPoint\",\"urlTemplate\":\"https:\/\/www.miomiorun.com\/fr\/?s={search_term_string}\"},\"query-input\":{\"@type\":\"PropertyValueSpecification\",\"valueRequired\":true,\"valueName\":\"search_term_string\"}}],\"inLanguage\":\"fr-FR\"},{\"@type\":\"Organization\",\"@id\":\"https:\/\/www.miomiorun.com\/fr\/#organization\",\"name\":\"MioMio Run\",\"url\":\"https:\/\/www.miomiorun.com\/fr\/\",\"logo\":{\"@type\":\"ImageObject\",\"inLanguage\":\"fr-FR\",\"@id\":\"https:\/\/www.miomiorun.com\/fr\/#\/schema\/logo\/image\/\",\"url\":\"https:\/\/www.miomiorun.com\/app\/uploads\/2019\/12\/logomio.png\",\"contentUrl\":\"https:\/\/www.miomiorun.com\/app\/uploads\/2019\/12\/logomio.png\",\"width\":115,\"height\":82,\"caption\":\"MioMio Run\"},\"image\":{\"@id\":\"https:\/\/www.miomiorun.com\/fr\/#\/schema\/logo\/image\/\"},\"sameAs\":[\"https:\/\/www.facebook.com\/miomiorun\/\",\"https:\/\/www.instagram.com\/miomiorun\/\"]}]}<\/script>\n<!-- \/ Yoast SEO plugin. -->","yoast_head_json":{"title":"Bliz Vision - Lunettes de course - MioMioRun.com","description":"Vision, con\u00e7ues pour s'adapter aux visages plus larges et \u00e0 la morphologie asiatique. Elles sont techniquement avanc\u00e9es gr\u00e2ce \u00e0 la technologie l\u00e9g\u00e8re et Jawbone.","robots":{"index":"index","follow":"follow","max-snippet":"max-snippet:-1","max-image-preview":"max-image-preview:large","max-video-preview":"max-video-preview:-1"},"canonical":"https:\/\/www.miomiorun.com\/fr\/produit\/bliz-vision\/","og_locale":"fr_FR","og_type":"article","og_title":"Bliz Vision - Lunettes de course - MioMioRun.com","og_description":"Vision, con\u00e7ues pour s'adapter aux visages plus larges et \u00e0 la morphologie asiatique. Elles sont techniquement avanc\u00e9es gr\u00e2ce \u00e0 la technologie l\u00e9g\u00e8re et Jawbone.","og_url":"https:\/\/www.miomiorun.com\/fr\/produit\/bliz-vision\/","og_site_name":"MioMioRun","article_publisher":"https:\/\/www.facebook.com\/miomiorun\/","article_modified_time":"2026-05-08T19:16:25+00:00","og_image":[{"width":600,"height":600,"url":"https:\/\/www.miomiorun.com\/app\/uploads\/2022\/03\/bliz-Vision-black-red-multi-52001-14.jpg","type":"image\/jpeg"}],"twitter_card":"summary_large_image","twitter_misc":{"Est. reading time":"4 minutes"},"schema":{"@context":"https:\/\/schema.org","@graph":[{"@type":"WebPage","@id":"https:\/\/www.miomiorun.com\/fr\/produit\/bliz-vision\/","url":"https:\/\/www.miomiorun.com\/fr\/produit\/bliz-vision\/","name":"Bliz Vision - Lunettes de course - MioMioRun.com","isPartOf":{"@id":"https:\/\/www.miomiorun.com\/fr\/#website"},"primaryImageOfPage":{"@id":"https:\/\/www.miomiorun.com\/fr\/produit\/bliz-vision\/#primaryimage"},"image":{"@id":"https:\/\/www.miomiorun.com\/fr\/produit\/bliz-vision\/#primaryimage"},"thumbnailUrl":"https:\/\/www.miomiorun.com\/app\/uploads\/2022\/03\/bliz-Vision-black-red-multi-52001-14.jpg","datePublished":"2022-02-25T18:10:21+00:00","dateModified":"2026-05-08T19:16:25+00:00","description":"Vision, con\u00e7ues pour s'adapter aux visages plus larges et \u00e0 la morphologie asiatique. Elles sont techniquement avanc\u00e9es gr\u00e2ce \u00e0 la technologie l\u00e9g\u00e8re et Jawbone.","breadcrumb":{"@id":"https:\/\/www.miomiorun.com\/fr\/produit\/bliz-vision\/#breadcrumb"},"inLanguage":"fr-FR","potentialAction":[{"@type":"ReadAction","target":["https:\/\/www.miomiorun.com\/fr\/produit\/bliz-vision\/"]}]},{"@type":"ImageObject","inLanguage":"fr-FR","@id":"https:\/\/www.miomiorun.com\/fr\/produit\/bliz-vision\/#primaryimage","url":"https:\/\/www.miomiorun.com\/app\/uploads\/2022\/03\/bliz-Vision-black-red-multi-52001-14.jpg","contentUrl":"https:\/\/www.miomiorun.com\/app\/uploads\/2022\/03\/bliz-Vision-black-red-multi-52001-14.jpg","width":600,"height":600,"caption":"bliz-Vision-black-red-multi-52001-14"},{"@type":"BreadcrumbList","@id":"https:\/\/www.miomiorun.com\/fr\/produit\/bliz-vision\/#breadcrumb","itemListElement":[{"@type":"ListItem","position":1,"name":"Home","item":"https:\/\/www.miomiorun.com\/fr\/home-page\/"},{"@type":"ListItem","position":2,"name":"Shop","item":"https:\/\/www.miomiorun.com\/shop\/"},{"@type":"ListItem","position":3,"name":"Vision"}]},{"@type":"WebSite","@id":"https:\/\/www.miomiorun.com\/fr\/#website","url":"https:\/\/www.miomiorun.com\/fr\/","name":"MioMioRun","description":"Boutique 100% running et trail","publisher":{"@id":"https:\/\/www.miomiorun.com\/fr\/#organization"},"potentialAction":[{"@type":"SearchAction","target":{"@type":"EntryPoint","urlTemplate":"https:\/\/www.miomiorun.com\/fr\/?s={search_term_string}"},"query-input":{"@type":"PropertyValueSpecification","valueRequired":true,"valueName":"search_term_string"}}],"inLanguage":"fr-FR"},{"@type":"Organization","@id":"https:\/\/www.miomiorun.com\/fr\/#organization","name":"MioMio Run","url":"https:\/\/www.miomiorun.com\/fr\/","logo":{"@type":"ImageObject","inLanguage":"fr-FR","@id":"https:\/\/www.miomiorun.com\/fr\/#\/schema\/logo\/image\/","url":"https:\/\/www.miomiorun.com\/app\/uploads\/2019\/12\/logomio.png","contentUrl":"https:\/\/www.miomiorun.com\/app\/uploads\/2019\/12\/logomio.png","width":115,"height":82,"caption":"MioMio Run"},"image":{"@id":"https:\/\/www.miomiorun.com\/fr\/#\/schema\/logo\/image\/"},"sameAs":["https:\/\/www.facebook.com\/miomiorun\/","https:\/\/www.instagram.com\/miomiorun\/"]}]}},"_links":{"self":[{"href":"https:\/\/www.miomiorun.com\/fr\/wp-json\/wp\/v2\/product\/280868","targetHints":{"allow":["GET"]}}],"collection":[{"href":"https:\/\/www.miomiorun.com\/fr\/wp-json\/wp\/v2\/product"}],"about":[{"href":"https:\/\/www.miomiorun.com\/fr\/wp-json\/wp\/v2\/types\/product"}],"wp:featuredmedia":[{"embeddable":true,"href":"https:\/\/www.miomiorun.com\/fr\/wp-json\/wp\/v2\/media\/235400"}],"wp:attachment":[{"href":"https:\/\/www.miomiorun.com\/fr\/wp-json\/wp\/v2\/media?parent=280868"}],"wp:term":[{"taxonomy":"product_brand","embeddable":true,"href":"https:\/\/www.miomiorun.com\/fr\/wp-json\/wp\/v2\/product_brand?post=280868"},{"taxonomy":"product_cat","embeddable":true,"href":"https:\/\/www.miomiorun.com\/fr\/wp-json\/wp\/v2\/product_cat?post=280868"},{"taxonomy":"product_tag","embeddable":true,"href":"https:\/\/www.miomiorun.com\/fr\/wp-json\/wp\/v2\/product_tag?post=280868"}],"curies":[{"name":"wp","href":"https:\/\/api.w.org\/{rel}","templated":true}]}}