{"id":280860,"date":"2022-03-03T12:19:03","date_gmt":"2022-03-03T11:19:03","guid":{"rendered":"https:\/\/miomiorun.com\/prodotto\/bliz-breeze-spare-lens\/"},"modified":"2026-05-08T21:16:23","modified_gmt":"2026-05-08T19:16:23","slug":"bliz-breeze-spare-lens","status":"publish","type":"product","link":"https:\/\/www.miomiorun.com\/fr\/produit\/bliz-breeze-spare-lens\/","title":{"rendered":"Breeze Spare Lens"},"content":{"rendered":"<div class=\"vc-row container\"><div class=\"vc-column\"><div class=\"vc-column-text\">Verres de rechange transparents, adapt\u00e9s aux lunettes de sport Breeze. Cat\u00e9gorie de filtre 0, pour les conditions sombres.<\/p>\n<h3>Propri\u00e9t\u00e9s g\u00e9n\u00e9rales<\/h3>\n<p>Bliz propose une large gamme de verres suppl\u00e9mentaires de haute qualit\u00e9 pour nos diff\u00e9rentes lunettes de sport. Les lunettes Bliz sont con\u00e7ues pour faciliter le changement de verres en fonction des diff\u00e9rentes conditions m\u00e9t\u00e9orologiques et lumineuses. Tout cela afin de vous offrir une flexibilit\u00e9 maximale lorsque vous pratiquez diff\u00e9rents sports.<\/p>\n<h3>Filtre des verres<\/h3>\n<p>0 = \u2745\u2601 Conditions sombres telles que le coucher du soleil, la nuit, \u00e0 l&#8217;int\u00e9rieur, sous la neige ou par temps nuageux. LT 80-100 %<br \/>\n1 = \u2601 Conditions de lumi\u00e8re plate, augmente le contraste et illumine le paysage. LT 43-80 %<br \/>\n2 = \u2601\u2600 Augmente le contraste id\u00e9al pour les journ\u00e9es lumineuses, \u00e0 tous les niveaux. LT 18-43 %<br \/>\n3 = \u2600 Pour les conditions lumineuses. LT 8-18 %<br \/>\n4 = \u2600\u2600 Lumi\u00e8re solaire exceptionnellement forte. LT 3-8 %<\/p>\n<p id=\"tw-target-text\" class=\"tw-data-text tw-text-large tw-ta\" dir=\"ltr\" data-placeholder=\"Traduzione\"><span class=\"Y2IQFc\" lang=\"it\"><span lang=\"EN-US\">&nbsp;<\/span><\/span><\/p>\n<p><\/div><\/div><\/div>\n","protected":false},"excerpt":{"rendered":"","protected":false},"featured_media":235480,"template":"","meta":{"_acf_changed":false,"inline_featured_image":false},"product_brand":[],"product_cat":[22577,22538],"product_tag":[23461],"class_list":{"0":"post-280860","1":"product","2":"type-product","3":"status-publish","4":"has-post-thumbnail","6":"product_cat-lunettes","7":"product_cat-accessoires","8":"product_tag-bliz-fr","9":"pa_attivita-marcher","10":"pa_attivita-outdoor-fr","11":"pa_attivita-running-fr","12":"pa_attivita-trail-fr","13":"pa_colore-breeze-spare-lenses-begonia-w-blue-multi-fr","14":"pa_colore-breeze-spare-lenses-silver-mirror-fr","15":"pa_marca-bliz-fr","16":"pa_sesso-femme","17":"pa_sesso-homme","19":"first","20":"instock","21":"sale","22":"taxable","23":"shipping-taxable","24":"purchasable","25":"product-type-variable","26":"wvs-archive-product-wrapper"},"acf":[],"yoast_head":"<!-- This site is optimized with the Yoast SEO plugin v26.8 - https:\/\/yoast.com\/product\/yoast-seo-wordpress\/ -->\n<title>Bliz Breeze Spare Lens - Lunettes de course - MioMioRun.com<\/title>\n<meta name=\"description\" content=\"Verres de rechange transparents, adapt\u00e9s aux lunettes de sport Breeze. Cat\u00e9gorie de filtre 0, pour conditions sombres.\" \/>\n<meta name=\"robots\" content=\"index, follow, max-snippet:-1, max-image-preview:large, max-video-preview:-1\" \/>\n<link rel=\"canonical\" href=\"https:\/\/www.miomiorun.com\/fr\/produit\/bliz-breeze-spare-lens\/\" \/>\n<meta property=\"og:locale\" content=\"fr_FR\" \/>\n<meta property=\"og:type\" content=\"article\" \/>\n<meta property=\"og:title\" content=\"Bliz Breeze Spare Lens - Lunettes de course - MioMioRun.com\" \/>\n<meta property=\"og:description\" content=\"Verres de rechange transparents, adapt\u00e9s aux lunettes de sport Breeze. Cat\u00e9gorie de filtre 0, pour conditions sombres.\" \/>\n<meta property=\"og:url\" content=\"https:\/\/www.miomiorun.com\/fr\/produit\/bliz-breeze-spare-lens\/\" \/>\n<meta property=\"og:site_name\" content=\"MioMioRun\" \/>\n<meta property=\"article:publisher\" content=\"https:\/\/www.facebook.com\/miomiorun\/\" \/>\n<meta property=\"article:modified_time\" content=\"2026-05-08T19:16:23+00:00\" \/>\n<meta property=\"og:image\" content=\"https:\/\/www.miomiorun.com\/app\/uploads\/2022\/03\/bliz-Breeze-spare-lens-clear-52102-LO.jpg\" \/>\n\t<meta property=\"og:image:width\" content=\"600\" \/>\n\t<meta property=\"og:image:height\" content=\"600\" \/>\n\t<meta property=\"og:image:type\" content=\"image\/jpeg\" \/>\n<meta name=\"twitter:card\" content=\"summary_large_image\" \/>\n<meta name=\"twitter:label1\" content=\"Est. reading time\" \/>\n\t<meta name=\"twitter:data1\" content=\"1 minute\" \/>\n<script type=\"application\/ld+json\" class=\"yoast-schema-graph\">{\"@context\":\"https:\/\/schema.org\",\"@graph\":[{\"@type\":\"WebPage\",\"@id\":\"https:\/\/www.miomiorun.com\/fr\/produit\/bliz-breeze-spare-lens\/\",\"url\":\"https:\/\/www.miomiorun.com\/fr\/produit\/bliz-breeze-spare-lens\/\",\"name\":\"Bliz Breeze Spare Lens - Lunettes de course - MioMioRun.com\",\"isPartOf\":{\"@id\":\"https:\/\/www.miomiorun.com\/fr\/#website\"},\"primaryImageOfPage\":{\"@id\":\"https:\/\/www.miomiorun.com\/fr\/produit\/bliz-breeze-spare-lens\/#primaryimage\"},\"image\":{\"@id\":\"https:\/\/www.miomiorun.com\/fr\/produit\/bliz-breeze-spare-lens\/#primaryimage\"},\"thumbnailUrl\":\"https:\/\/www.miomiorun.com\/app\/uploads\/2022\/03\/bliz-Breeze-spare-lens-clear-52102-LO.jpg\",\"datePublished\":\"2022-03-03T11:19:03+00:00\",\"dateModified\":\"2026-05-08T19:16:23+00:00\",\"description\":\"Verres de rechange transparents, adapt\u00e9s aux lunettes de sport Breeze. Cat\u00e9gorie de filtre 0, pour conditions sombres.\",\"breadcrumb\":{\"@id\":\"https:\/\/www.miomiorun.com\/fr\/produit\/bliz-breeze-spare-lens\/#breadcrumb\"},\"inLanguage\":\"fr-FR\",\"potentialAction\":[{\"@type\":\"ReadAction\",\"target\":[\"https:\/\/www.miomiorun.com\/fr\/produit\/bliz-breeze-spare-lens\/\"]}]},{\"@type\":\"ImageObject\",\"inLanguage\":\"fr-FR\",\"@id\":\"https:\/\/www.miomiorun.com\/fr\/produit\/bliz-breeze-spare-lens\/#primaryimage\",\"url\":\"https:\/\/www.miomiorun.com\/app\/uploads\/2022\/03\/bliz-Breeze-spare-lens-clear-52102-LO.jpg\",\"contentUrl\":\"https:\/\/www.miomiorun.com\/app\/uploads\/2022\/03\/bliz-Breeze-spare-lens-clear-52102-LO.jpg\",\"width\":600,\"height\":600,\"caption\":\"bliz-Breeze-spare-lens-clear-52102-LO\"},{\"@type\":\"BreadcrumbList\",\"@id\":\"https:\/\/www.miomiorun.com\/fr\/produit\/bliz-breeze-spare-lens\/#breadcrumb\",\"itemListElement\":[{\"@type\":\"ListItem\",\"position\":1,\"name\":\"Home\",\"item\":\"https:\/\/www.miomiorun.com\/fr\/home-page\/\"},{\"@type\":\"ListItem\",\"position\":2,\"name\":\"Shop\",\"item\":\"https:\/\/www.miomiorun.com\/shop\/\"},{\"@type\":\"ListItem\",\"position\":3,\"name\":\"Breeze Spare Lens\"}]},{\"@type\":\"WebSite\",\"@id\":\"https:\/\/www.miomiorun.com\/fr\/#website\",\"url\":\"https:\/\/www.miomiorun.com\/fr\/\",\"name\":\"MioMioRun\",\"description\":\"Boutique 100% running et trail\",\"publisher\":{\"@id\":\"https:\/\/www.miomiorun.com\/fr\/#organization\"},\"potentialAction\":[{\"@type\":\"SearchAction\",\"target\":{\"@type\":\"EntryPoint\",\"urlTemplate\":\"https:\/\/www.miomiorun.com\/fr\/?s={search_term_string}\"},\"query-input\":{\"@type\":\"PropertyValueSpecification\",\"valueRequired\":true,\"valueName\":\"search_term_string\"}}],\"inLanguage\":\"fr-FR\"},{\"@type\":\"Organization\",\"@id\":\"https:\/\/www.miomiorun.com\/fr\/#organization\",\"name\":\"MioMio Run\",\"url\":\"https:\/\/www.miomiorun.com\/fr\/\",\"logo\":{\"@type\":\"ImageObject\",\"inLanguage\":\"fr-FR\",\"@id\":\"https:\/\/www.miomiorun.com\/fr\/#\/schema\/logo\/image\/\",\"url\":\"https:\/\/www.miomiorun.com\/app\/uploads\/2019\/12\/logomio.png\",\"contentUrl\":\"https:\/\/www.miomiorun.com\/app\/uploads\/2019\/12\/logomio.png\",\"width\":115,\"height\":82,\"caption\":\"MioMio Run\"},\"image\":{\"@id\":\"https:\/\/www.miomiorun.com\/fr\/#\/schema\/logo\/image\/\"},\"sameAs\":[\"https:\/\/www.facebook.com\/miomiorun\/\",\"https:\/\/www.instagram.com\/miomiorun\/\"]}]}<\/script>\n<!-- \/ Yoast SEO plugin. -->","yoast_head_json":{"title":"Bliz Breeze Spare Lens - Lunettes de course - MioMioRun.com","description":"Verres de rechange transparents, adapt\u00e9s aux lunettes de sport Breeze. Cat\u00e9gorie de filtre 0, pour conditions sombres.","robots":{"index":"index","follow":"follow","max-snippet":"max-snippet:-1","max-image-preview":"max-image-preview:large","max-video-preview":"max-video-preview:-1"},"canonical":"https:\/\/www.miomiorun.com\/fr\/produit\/bliz-breeze-spare-lens\/","og_locale":"fr_FR","og_type":"article","og_title":"Bliz Breeze Spare Lens - Lunettes de course - MioMioRun.com","og_description":"Verres de rechange transparents, adapt\u00e9s aux lunettes de sport Breeze. Cat\u00e9gorie de filtre 0, pour conditions sombres.","og_url":"https:\/\/www.miomiorun.com\/fr\/produit\/bliz-breeze-spare-lens\/","og_site_name":"MioMioRun","article_publisher":"https:\/\/www.facebook.com\/miomiorun\/","article_modified_time":"2026-05-08T19:16:23+00:00","og_image":[{"width":600,"height":600,"url":"https:\/\/www.miomiorun.com\/app\/uploads\/2022\/03\/bliz-Breeze-spare-lens-clear-52102-LO.jpg","type":"image\/jpeg"}],"twitter_card":"summary_large_image","twitter_misc":{"Est. reading time":"1 minute"},"schema":{"@context":"https:\/\/schema.org","@graph":[{"@type":"WebPage","@id":"https:\/\/www.miomiorun.com\/fr\/produit\/bliz-breeze-spare-lens\/","url":"https:\/\/www.miomiorun.com\/fr\/produit\/bliz-breeze-spare-lens\/","name":"Bliz Breeze Spare Lens - Lunettes de course - MioMioRun.com","isPartOf":{"@id":"https:\/\/www.miomiorun.com\/fr\/#website"},"primaryImageOfPage":{"@id":"https:\/\/www.miomiorun.com\/fr\/produit\/bliz-breeze-spare-lens\/#primaryimage"},"image":{"@id":"https:\/\/www.miomiorun.com\/fr\/produit\/bliz-breeze-spare-lens\/#primaryimage"},"thumbnailUrl":"https:\/\/www.miomiorun.com\/app\/uploads\/2022\/03\/bliz-Breeze-spare-lens-clear-52102-LO.jpg","datePublished":"2022-03-03T11:19:03+00:00","dateModified":"2026-05-08T19:16:23+00:00","description":"Verres de rechange transparents, adapt\u00e9s aux lunettes de sport Breeze. Cat\u00e9gorie de filtre 0, pour conditions sombres.","breadcrumb":{"@id":"https:\/\/www.miomiorun.com\/fr\/produit\/bliz-breeze-spare-lens\/#breadcrumb"},"inLanguage":"fr-FR","potentialAction":[{"@type":"ReadAction","target":["https:\/\/www.miomiorun.com\/fr\/produit\/bliz-breeze-spare-lens\/"]}]},{"@type":"ImageObject","inLanguage":"fr-FR","@id":"https:\/\/www.miomiorun.com\/fr\/produit\/bliz-breeze-spare-lens\/#primaryimage","url":"https:\/\/www.miomiorun.com\/app\/uploads\/2022\/03\/bliz-Breeze-spare-lens-clear-52102-LO.jpg","contentUrl":"https:\/\/www.miomiorun.com\/app\/uploads\/2022\/03\/bliz-Breeze-spare-lens-clear-52102-LO.jpg","width":600,"height":600,"caption":"bliz-Breeze-spare-lens-clear-52102-LO"},{"@type":"BreadcrumbList","@id":"https:\/\/www.miomiorun.com\/fr\/produit\/bliz-breeze-spare-lens\/#breadcrumb","itemListElement":[{"@type":"ListItem","position":1,"name":"Home","item":"https:\/\/www.miomiorun.com\/fr\/home-page\/"},{"@type":"ListItem","position":2,"name":"Shop","item":"https:\/\/www.miomiorun.com\/shop\/"},{"@type":"ListItem","position":3,"name":"Breeze Spare Lens"}]},{"@type":"WebSite","@id":"https:\/\/www.miomiorun.com\/fr\/#website","url":"https:\/\/www.miomiorun.com\/fr\/","name":"MioMioRun","description":"Boutique 100% running et trail","publisher":{"@id":"https:\/\/www.miomiorun.com\/fr\/#organization"},"potentialAction":[{"@type":"SearchAction","target":{"@type":"EntryPoint","urlTemplate":"https:\/\/www.miomiorun.com\/fr\/?s={search_term_string}"},"query-input":{"@type":"PropertyValueSpecification","valueRequired":true,"valueName":"search_term_string"}}],"inLanguage":"fr-FR"},{"@type":"Organization","@id":"https:\/\/www.miomiorun.com\/fr\/#organization","name":"MioMio Run","url":"https:\/\/www.miomiorun.com\/fr\/","logo":{"@type":"ImageObject","inLanguage":"fr-FR","@id":"https:\/\/www.miomiorun.com\/fr\/#\/schema\/logo\/image\/","url":"https:\/\/www.miomiorun.com\/app\/uploads\/2019\/12\/logomio.png","contentUrl":"https:\/\/www.miomiorun.com\/app\/uploads\/2019\/12\/logomio.png","width":115,"height":82,"caption":"MioMio Run"},"image":{"@id":"https:\/\/www.miomiorun.com\/fr\/#\/schema\/logo\/image\/"},"sameAs":["https:\/\/www.facebook.com\/miomiorun\/","https:\/\/www.instagram.com\/miomiorun\/"]}]}},"_links":{"self":[{"href":"https:\/\/www.miomiorun.com\/fr\/wp-json\/wp\/v2\/product\/280860","targetHints":{"allow":["GET"]}}],"collection":[{"href":"https:\/\/www.miomiorun.com\/fr\/wp-json\/wp\/v2\/product"}],"about":[{"href":"https:\/\/www.miomiorun.com\/fr\/wp-json\/wp\/v2\/types\/product"}],"wp:featuredmedia":[{"embeddable":true,"href":"https:\/\/www.miomiorun.com\/fr\/wp-json\/wp\/v2\/media\/235480"}],"wp:attachment":[{"href":"https:\/\/www.miomiorun.com\/fr\/wp-json\/wp\/v2\/media?parent=280860"}],"wp:term":[{"taxonomy":"product_brand","embeddable":true,"href":"https:\/\/www.miomiorun.com\/fr\/wp-json\/wp\/v2\/product_brand?post=280860"},{"taxonomy":"product_cat","embeddable":true,"href":"https:\/\/www.miomiorun.com\/fr\/wp-json\/wp\/v2\/product_cat?post=280860"},{"taxonomy":"product_tag","embeddable":true,"href":"https:\/\/www.miomiorun.com\/fr\/wp-json\/wp\/v2\/product_tag?post=280860"}],"curies":[{"name":"wp","href":"https:\/\/api.w.org\/{rel}","templated":true}]}}