{"id":280859,"date":"2022-03-04T16:49:14","date_gmt":"2022-03-04T15:49:14","guid":{"rendered":"https:\/\/miomiorun.com\/prodotto\/la-sportiva-ultra-raptor-ii-uomo\/"},"modified":"2026-05-08T21:16:26","modified_gmt":"2026-05-08T19:16:26","slug":"la-sportiva-ultra-raptor-ii-homme","status":"publish","type":"product","link":"https:\/\/www.miomiorun.com\/fr\/produit\/la-sportiva-ultra-raptor-ii-homme\/","title":{"rendered":"Ultra Raptor II homme"},"content":{"rendered":"<div class=\"vc-row container\"><div class=\"vc-column\"><div class=\"vc-column-text\"><\/p>\n<p><strong>Caract\u00e9ristiques techniques<\/strong><\/p>\n<p>Cat\u00e9gorie : amorti sup\u00e9rieur<br \/>\nD\u00e9calage : 9 mm<br \/>\nPoids : 355 g<br \/>\nId\u00e9al pour : les coureurs de trail et les randonneurs en montagne \u00e0 la recherche d&#8217;un mod\u00e8le solide, protecteur et fiable, pour les courses et les randonn\u00e9es de longue distance sur des terrains escarp\u00e9s et difficiles.<br \/>\nPoids de l&#8217;athl\u00e8te : &gt;70 kg<br \/>\nAllure de course : lente (&gt;6,00 min\/km)<br \/>\n<a href=\"https:\/\/miomiorun.com\/fr\/guide-des-specificites\/\">Guide des sp\u00e9cifications techniques<\/a><\/p>\n<p><\/div><\/div><div class=\"vc-column\"><div class=\"vc-column-text\">R\u00e9\u00e9dition esth\u00e9tique du mod\u00e8le embl\u00e9matique Ultra Raptor, chaussure de trail running d\u00e9velopp\u00e9e pour les parcours tout-terrain de longue distance et les s\u00e9ances d&#8217;entra\u00eenement prolong\u00e9es.<\/p>\n<h3>PLUS<\/h3>\n<ul>\n<li>Tige en tissu Air-Mesh hautement respirant<\/li>\n<li>Doublure en mesh avec insert en microfibre anti-frottement<\/li>\n<li>Talon stabilisateur \u00e0 l&#8217;arri\u00e8re pour un contr\u00f4le parfait dans les travers\u00e9es<\/li>\n<li>Semelle int\u00e9rieure Endurance Platform pour un meilleur amorti, une r\u00e9duction de l&#8217;angle de rampe et un effet rock-guard<\/li>\n<li>Semelle FriXion\u00ae White avec talon Trail Bite Heel prononc\u00e9 pour un meilleur freinage en descente<\/li>\n<li>R\u00e9glage parfait du volume et maintien du pied gr\u00e2ce au syst\u00e8me de la\u00e7age particulier : les \u0153illets sont cousus \u00e0 l&#8217;int\u00e9rieur de la tige et renforc\u00e9s \u00e0 l&#8217;ext\u00e9rieur par des renforts haute fr\u00e9quence : ce syst\u00e8me permet de r\u00e9partir la tension du la\u00e7age sur toute la tige<\/li>\n<\/ul>\n<p>INFORMATIONS TECHNIQUES<\/p>\n<p><strong>Tige<\/strong> : Air-mesh respirant avec bande de renfort en microfibre avec rev\u00eatement anti-abrasion<br \/>\n<strong>Endurance Platform<\/strong> : tige assembl\u00e9e sur une plateforme en EVA \u00e0 compression<br \/>\n<strong>Doublure<\/strong> : Mesh + insert \u00ab Easy-in \u00bb en cuir PU pour un chaussant facile et une bonne stabilit\u00e9 du talon<br \/>\n<strong>Semelle int\u00e9rieure<\/strong> : Ortholite\u00ae Hybrid Mountain Running\u00ae<br \/>\n<strong>Semelle interm\u00e9diaire<\/strong> : EVA inject\u00e9 amortissant<br \/>\n<strong>Semelle ext\u00e9rieure<\/strong> : FriXion\u00ae White avec IBS et embout en caoutchouc anti-chocs int\u00e9gr\u00e9<\/div><\/div><\/div>\n","protected":false},"excerpt":{"rendered":"<ul>\n<li>structur\u00e9e, r\u00e9sistante et protectrice<\/li>\n<li>id\u00e9ale pour l&#8217;ultra-trail et la randonn\u00e9e<\/li>\n<li>excellente traction sur les terrains difficiles<\/li>\n<\/ul>\n","protected":false},"featured_media":235474,"template":"","meta":{"_acf_changed":false,"inline_featured_image":false},"product_brand":[],"product_cat":[24448,24445],"product_tag":[23597,23599],"class_list":{"0":"post-280859","1":"product","2":"type-product","3":"status-publish","4":"has-post-thumbnail","6":"product_cat-chaussures-pour-hommes-fr","7":"product_cat-trail-fr-3","8":"product_tag-la-sportiva-fr","9":"product_tag-la-sportiva-homme","10":"pa_attivita-outdoor-fr","11":"pa_colore-ultra-raptor-ii-black-neon-fr-2","12":"pa_colore-ultra-raptor-ii-carbon-hawaiian-sun-fr","13":"pa_colore-ultra-raptor-ii-chalk-black-fr","14":"pa_colore-ultra-raptor-ii-everglade-savana-fr","15":"pa_colore-ultra-raptor-ii-goji-carbon-fr","16":"pa_colore-ultra-raptor-ii-lime-punch-storm-blue-fr","17":"pa_colore-ultra-raptor-ii-papaya-sangria-fr","18":"pa_colore-ultra-raptor-ii-space-blue-blaze-fr","19":"pa_marca-la-sportiva-fr","20":"pa_sesso-homme","21":"pa_size-41-fr","22":"pa_size-42-fr","23":"pa_size-42-5-fr","24":"pa_size-43-fr","25":"pa_size-43-5-fr","26":"pa_size-44-fr","27":"pa_size-44-5-fr","28":"pa_size-45-fr","29":"pa_size-45-5-fr","30":"pa_size-46-fr","31":"pa_size-46-5-fr","32":"pa_size-47-fr","33":"pa_size-47-5-fr","34":"pa_size-48-fr","36":"first","37":"instock","38":"taxable","39":"shipping-taxable","40":"purchasable","41":"product-type-variable","42":"wvs-archive-product-wrapper"},"acf":[],"yoast_head":"<!-- This site is optimized with the Yoast SEO plugin v26.8 - https:\/\/yoast.com\/product\/yoast-seo-wordpress\/ -->\n<title>La Sportiva Ultra Raptor II homme - Chaussures de trail - MioMioRun .com<\/title>\n<meta name=\"description\" content=\"D\u00e9couvrez la La Sportiva Ultra Raptor II pour homme, une chaussure de trail running con\u00e7ue pour les longues distances hors route et les entra\u00eenements prolong\u00e9s.\" \/>\n<meta name=\"robots\" content=\"index, follow, max-snippet:-1, max-image-preview:large, max-video-preview:-1\" \/>\n<link rel=\"canonical\" href=\"https:\/\/www.miomiorun.com\/fr\/produit\/la-sportiva-ultra-raptor-ii-homme\/\" \/>\n<meta property=\"og:locale\" content=\"fr_FR\" \/>\n<meta property=\"og:type\" content=\"article\" \/>\n<meta property=\"og:title\" content=\"La Sportiva Ultra Raptor II homme - Chaussures de trail - MioMioRun .com\" \/>\n<meta property=\"og:description\" content=\"D\u00e9couvrez la La Sportiva Ultra Raptor II pour homme, une chaussure de trail running con\u00e7ue pour les longues distances hors route et les entra\u00eenements prolong\u00e9s.\" \/>\n<meta property=\"og:url\" content=\"https:\/\/www.miomiorun.com\/fr\/produit\/la-sportiva-ultra-raptor-ii-homme\/\" \/>\n<meta property=\"og:site_name\" content=\"MioMioRun\" \/>\n<meta property=\"article:publisher\" content=\"https:\/\/www.facebook.com\/miomiorun\/\" \/>\n<meta property=\"article:modified_time\" content=\"2026-05-08T19:16:26+00:00\" \/>\n<meta property=\"og:image\" content=\"https:\/\/www.miomiorun.com\/app\/uploads\/2022\/03\/la-sportiva-ultra-raptor-II-46M999720.jpg\" \/>\n\t<meta property=\"og:image:width\" content=\"600\" \/>\n\t<meta property=\"og:image:height\" content=\"600\" \/>\n\t<meta property=\"og:image:type\" content=\"image\/jpeg\" \/>\n<meta name=\"twitter:card\" content=\"summary_large_image\" \/>\n<meta name=\"twitter:label1\" content=\"Est. reading time\" \/>\n\t<meta name=\"twitter:data1\" content=\"2 minutes\" \/>\n<script type=\"application\/ld+json\" class=\"yoast-schema-graph\">{\"@context\":\"https:\/\/schema.org\",\"@graph\":[{\"@type\":\"WebPage\",\"@id\":\"https:\/\/www.miomiorun.com\/fr\/produit\/la-sportiva-ultra-raptor-ii-homme\/\",\"url\":\"https:\/\/www.miomiorun.com\/fr\/produit\/la-sportiva-ultra-raptor-ii-homme\/\",\"name\":\"La Sportiva Ultra Raptor II homme - Chaussures de trail - MioMioRun .com\",\"isPartOf\":{\"@id\":\"https:\/\/www.miomiorun.com\/fr\/#website\"},\"primaryImageOfPage\":{\"@id\":\"https:\/\/www.miomiorun.com\/fr\/produit\/la-sportiva-ultra-raptor-ii-homme\/#primaryimage\"},\"image\":{\"@id\":\"https:\/\/www.miomiorun.com\/fr\/produit\/la-sportiva-ultra-raptor-ii-homme\/#primaryimage\"},\"thumbnailUrl\":\"https:\/\/www.miomiorun.com\/app\/uploads\/2022\/03\/la-sportiva-ultra-raptor-II-46M999720.jpg\",\"datePublished\":\"2022-03-04T15:49:14+00:00\",\"dateModified\":\"2026-05-08T19:16:26+00:00\",\"description\":\"D\u00e9couvrez la La Sportiva Ultra Raptor II pour homme, une chaussure de trail running con\u00e7ue pour les longues distances hors route et les entra\u00eenements prolong\u00e9s.\",\"breadcrumb\":{\"@id\":\"https:\/\/www.miomiorun.com\/fr\/produit\/la-sportiva-ultra-raptor-ii-homme\/#breadcrumb\"},\"inLanguage\":\"fr-FR\",\"potentialAction\":[{\"@type\":\"ReadAction\",\"target\":[\"https:\/\/www.miomiorun.com\/fr\/produit\/la-sportiva-ultra-raptor-ii-homme\/\"]}]},{\"@type\":\"ImageObject\",\"inLanguage\":\"fr-FR\",\"@id\":\"https:\/\/www.miomiorun.com\/fr\/produit\/la-sportiva-ultra-raptor-ii-homme\/#primaryimage\",\"url\":\"https:\/\/www.miomiorun.com\/app\/uploads\/2022\/03\/la-sportiva-ultra-raptor-II-46M999720.jpg\",\"contentUrl\":\"https:\/\/www.miomiorun.com\/app\/uploads\/2022\/03\/la-sportiva-ultra-raptor-II-46M999720.jpg\",\"width\":600,\"height\":600,\"caption\":\"la-sportiva-ultra-raptor-II-46M999720\"},{\"@type\":\"BreadcrumbList\",\"@id\":\"https:\/\/www.miomiorun.com\/fr\/produit\/la-sportiva-ultra-raptor-ii-homme\/#breadcrumb\",\"itemListElement\":[{\"@type\":\"ListItem\",\"position\":1,\"name\":\"Home\",\"item\":\"https:\/\/www.miomiorun.com\/fr\/home-page\/\"},{\"@type\":\"ListItem\",\"position\":2,\"name\":\"Shop\",\"item\":\"https:\/\/www.miomiorun.com\/shop\/\"},{\"@type\":\"ListItem\",\"position\":3,\"name\":\"Ultra Raptor II homme\"}]},{\"@type\":\"WebSite\",\"@id\":\"https:\/\/www.miomiorun.com\/fr\/#website\",\"url\":\"https:\/\/www.miomiorun.com\/fr\/\",\"name\":\"MioMioRun\",\"description\":\"Boutique 100% running et trail\",\"publisher\":{\"@id\":\"https:\/\/www.miomiorun.com\/fr\/#organization\"},\"potentialAction\":[{\"@type\":\"SearchAction\",\"target\":{\"@type\":\"EntryPoint\",\"urlTemplate\":\"https:\/\/www.miomiorun.com\/fr\/?s={search_term_string}\"},\"query-input\":{\"@type\":\"PropertyValueSpecification\",\"valueRequired\":true,\"valueName\":\"search_term_string\"}}],\"inLanguage\":\"fr-FR\"},{\"@type\":\"Organization\",\"@id\":\"https:\/\/www.miomiorun.com\/fr\/#organization\",\"name\":\"MioMio Run\",\"url\":\"https:\/\/www.miomiorun.com\/fr\/\",\"logo\":{\"@type\":\"ImageObject\",\"inLanguage\":\"fr-FR\",\"@id\":\"https:\/\/www.miomiorun.com\/fr\/#\/schema\/logo\/image\/\",\"url\":\"https:\/\/www.miomiorun.com\/app\/uploads\/2019\/12\/logomio.png\",\"contentUrl\":\"https:\/\/www.miomiorun.com\/app\/uploads\/2019\/12\/logomio.png\",\"width\":115,\"height\":82,\"caption\":\"MioMio Run\"},\"image\":{\"@id\":\"https:\/\/www.miomiorun.com\/fr\/#\/schema\/logo\/image\/\"},\"sameAs\":[\"https:\/\/www.facebook.com\/miomiorun\/\",\"https:\/\/www.instagram.com\/miomiorun\/\"]}]}<\/script>\n<!-- \/ Yoast SEO plugin. -->","yoast_head_json":{"title":"La Sportiva Ultra Raptor II homme - Chaussures de trail - MioMioRun .com","description":"D\u00e9couvrez la La Sportiva Ultra Raptor II pour homme, une chaussure de trail running con\u00e7ue pour les longues distances hors route et les entra\u00eenements prolong\u00e9s.","robots":{"index":"index","follow":"follow","max-snippet":"max-snippet:-1","max-image-preview":"max-image-preview:large","max-video-preview":"max-video-preview:-1"},"canonical":"https:\/\/www.miomiorun.com\/fr\/produit\/la-sportiva-ultra-raptor-ii-homme\/","og_locale":"fr_FR","og_type":"article","og_title":"La Sportiva Ultra Raptor II homme - Chaussures de trail - MioMioRun .com","og_description":"D\u00e9couvrez la La Sportiva Ultra Raptor II pour homme, une chaussure de trail running con\u00e7ue pour les longues distances hors route et les entra\u00eenements prolong\u00e9s.","og_url":"https:\/\/www.miomiorun.com\/fr\/produit\/la-sportiva-ultra-raptor-ii-homme\/","og_site_name":"MioMioRun","article_publisher":"https:\/\/www.facebook.com\/miomiorun\/","article_modified_time":"2026-05-08T19:16:26+00:00","og_image":[{"width":600,"height":600,"url":"https:\/\/www.miomiorun.com\/app\/uploads\/2022\/03\/la-sportiva-ultra-raptor-II-46M999720.jpg","type":"image\/jpeg"}],"twitter_card":"summary_large_image","twitter_misc":{"Est. reading time":"2 minutes"},"schema":{"@context":"https:\/\/schema.org","@graph":[{"@type":"WebPage","@id":"https:\/\/www.miomiorun.com\/fr\/produit\/la-sportiva-ultra-raptor-ii-homme\/","url":"https:\/\/www.miomiorun.com\/fr\/produit\/la-sportiva-ultra-raptor-ii-homme\/","name":"La Sportiva Ultra Raptor II homme - Chaussures de trail - MioMioRun .com","isPartOf":{"@id":"https:\/\/www.miomiorun.com\/fr\/#website"},"primaryImageOfPage":{"@id":"https:\/\/www.miomiorun.com\/fr\/produit\/la-sportiva-ultra-raptor-ii-homme\/#primaryimage"},"image":{"@id":"https:\/\/www.miomiorun.com\/fr\/produit\/la-sportiva-ultra-raptor-ii-homme\/#primaryimage"},"thumbnailUrl":"https:\/\/www.miomiorun.com\/app\/uploads\/2022\/03\/la-sportiva-ultra-raptor-II-46M999720.jpg","datePublished":"2022-03-04T15:49:14+00:00","dateModified":"2026-05-08T19:16:26+00:00","description":"D\u00e9couvrez la La Sportiva Ultra Raptor II pour homme, une chaussure de trail running con\u00e7ue pour les longues distances hors route et les entra\u00eenements prolong\u00e9s.","breadcrumb":{"@id":"https:\/\/www.miomiorun.com\/fr\/produit\/la-sportiva-ultra-raptor-ii-homme\/#breadcrumb"},"inLanguage":"fr-FR","potentialAction":[{"@type":"ReadAction","target":["https:\/\/www.miomiorun.com\/fr\/produit\/la-sportiva-ultra-raptor-ii-homme\/"]}]},{"@type":"ImageObject","inLanguage":"fr-FR","@id":"https:\/\/www.miomiorun.com\/fr\/produit\/la-sportiva-ultra-raptor-ii-homme\/#primaryimage","url":"https:\/\/www.miomiorun.com\/app\/uploads\/2022\/03\/la-sportiva-ultra-raptor-II-46M999720.jpg","contentUrl":"https:\/\/www.miomiorun.com\/app\/uploads\/2022\/03\/la-sportiva-ultra-raptor-II-46M999720.jpg","width":600,"height":600,"caption":"la-sportiva-ultra-raptor-II-46M999720"},{"@type":"BreadcrumbList","@id":"https:\/\/www.miomiorun.com\/fr\/produit\/la-sportiva-ultra-raptor-ii-homme\/#breadcrumb","itemListElement":[{"@type":"ListItem","position":1,"name":"Home","item":"https:\/\/www.miomiorun.com\/fr\/home-page\/"},{"@type":"ListItem","position":2,"name":"Shop","item":"https:\/\/www.miomiorun.com\/shop\/"},{"@type":"ListItem","position":3,"name":"Ultra Raptor II homme"}]},{"@type":"WebSite","@id":"https:\/\/www.miomiorun.com\/fr\/#website","url":"https:\/\/www.miomiorun.com\/fr\/","name":"MioMioRun","description":"Boutique 100% running et trail","publisher":{"@id":"https:\/\/www.miomiorun.com\/fr\/#organization"},"potentialAction":[{"@type":"SearchAction","target":{"@type":"EntryPoint","urlTemplate":"https:\/\/www.miomiorun.com\/fr\/?s={search_term_string}"},"query-input":{"@type":"PropertyValueSpecification","valueRequired":true,"valueName":"search_term_string"}}],"inLanguage":"fr-FR"},{"@type":"Organization","@id":"https:\/\/www.miomiorun.com\/fr\/#organization","name":"MioMio Run","url":"https:\/\/www.miomiorun.com\/fr\/","logo":{"@type":"ImageObject","inLanguage":"fr-FR","@id":"https:\/\/www.miomiorun.com\/fr\/#\/schema\/logo\/image\/","url":"https:\/\/www.miomiorun.com\/app\/uploads\/2019\/12\/logomio.png","contentUrl":"https:\/\/www.miomiorun.com\/app\/uploads\/2019\/12\/logomio.png","width":115,"height":82,"caption":"MioMio Run"},"image":{"@id":"https:\/\/www.miomiorun.com\/fr\/#\/schema\/logo\/image\/"},"sameAs":["https:\/\/www.facebook.com\/miomiorun\/","https:\/\/www.instagram.com\/miomiorun\/"]}]}},"_links":{"self":[{"href":"https:\/\/www.miomiorun.com\/fr\/wp-json\/wp\/v2\/product\/280859","targetHints":{"allow":["GET"]}}],"collection":[{"href":"https:\/\/www.miomiorun.com\/fr\/wp-json\/wp\/v2\/product"}],"about":[{"href":"https:\/\/www.miomiorun.com\/fr\/wp-json\/wp\/v2\/types\/product"}],"wp:featuredmedia":[{"embeddable":true,"href":"https:\/\/www.miomiorun.com\/fr\/wp-json\/wp\/v2\/media\/235474"}],"wp:attachment":[{"href":"https:\/\/www.miomiorun.com\/fr\/wp-json\/wp\/v2\/media?parent=280859"}],"wp:term":[{"taxonomy":"product_brand","embeddable":true,"href":"https:\/\/www.miomiorun.com\/fr\/wp-json\/wp\/v2\/product_brand?post=280859"},{"taxonomy":"product_cat","embeddable":true,"href":"https:\/\/www.miomiorun.com\/fr\/wp-json\/wp\/v2\/product_cat?post=280859"},{"taxonomy":"product_tag","embeddable":true,"href":"https:\/\/www.miomiorun.com\/fr\/wp-json\/wp\/v2\/product_tag?post=280859"}],"curies":[{"name":"wp","href":"https:\/\/api.w.org\/{rel}","templated":true}]}}