{"id":280791,"date":"2021-10-12T17:09:38","date_gmt":"2021-10-12T15:09:38","guid":{"rendered":"https:\/\/miomiorun.com\/prodotto\/craft-training-bra-classic-donna\/"},"modified":"2026-05-08T21:16:15","modified_gmt":"2026-05-08T19:16:15","slug":"craft-training-bra-classic-femme","status":"publish","type":"product","link":"https:\/\/www.miomiorun.com\/fr\/produit\/craft-training-bra-classic-femme\/","title":{"rendered":"Training Bra Classic femme"},"content":{"rendered":"<p id=\"tw-target-text\" class=\"tw-data-text tw-text-large XcVN5d tw-ta\" dir=\"ltr\" data-placeholder=\"Traduzione\"><span class=\"Y2IQFc\" lang=\"it\"><strong>Le Training Bra Classic<\/strong> pour femme est un soutien-gorge de sport polyvalent tr\u00e8s fonctionnel, dot\u00e9 d&#8217;une bande \u00e9lastique en mousse sous la poitrine et d&#8217;une coupe ajust\u00e9e, id\u00e9al pour les entra\u00eenements de faible \u00e0 moyenne intensit\u00e9. <\/span><\/p>\n<p dir=\"ltr\" data-placeholder=\"Traduzione\"><strong>Caract\u00e9ristiques :<\/strong><\/p>\n<ul>\n<li dir=\"ltr\" data-placeholder=\"Traduzione\">&nbsp;<span class=\"Y2IQFc\" lang=\"it\">Tissu fonctionnel avec \u00e9vacuation efficace de l&#8217;humidit\u00e9.<\/span><\/li>\n<li dir=\"ltr\" data-placeholder=\"Traduzione\"><span class=\"Y2IQFc\" lang=\"it\">\u00c9lastique en \u00e9ponge sous la poitrine pour un ajustement et un soutien optimaux.<\/span><\/li>\n<li dir=\"ltr\" data-placeholder=\"Traduzione\"><span class=\"Y2IQFc\" lang=\"it\">Coupe ajust\u00e9e pour les entra\u00eenements de faible \u00e0 moyenne intensit\u00e9.<\/span><\/li>\n<\/ul>\n<p>Mat\u00e9riau : <span class=\"Y2IQFc\" lang=\"it\">85 % polyester recycl\u00e9, 15 % \u00e9lasthanne.<\/span><\/p>\n<p><span class=\"Y2IQFc\" lang=\"it\">Lavage en machine \u00e0 40 degr\u00e9s.<\/span><\/p>\n","protected":false},"excerpt":{"rendered":"<p>Le Training Bra Classic pour femme est un soutien-gorge de sport polyvalent tr\u00e8s fonctionnel, dot\u00e9 d&#8217;une bande \u00e9lastique en mousse sous la poitrine et d&#8217;une coupe ajust\u00e9e, id\u00e9al pour les entra\u00eenements de faible \u00e0 moyenne intensit\u00e9. Caract\u00e9ristiques : &nbsp;Tissu fonctionnel avec \u00e9vacuation efficace de l&#8217;humidit\u00e9. \u00c9lastique en \u00e9ponge sous la poitrine pour un ajustement et &hellip; <a href=\"https:\/\/www.miomiorun.com\/fr\/produit\/craft-training-bra-classic-femme\/\">Continued<\/a><\/p>\n","protected":false},"featured_media":233945,"template":"","meta":{"_acf_changed":false,"inline_featured_image":false},"product_brand":[],"product_cat":[22600,22596,22595],"product_tag":[23554,23648],"class_list":{"0":"post-280791","1":"product","2":"type-product","3":"status-publish","4":"has-post-thumbnail","6":"product_cat-sous-vetements","7":"product_cat-vetements-pour-femmes","8":"product_cat-femme","9":"product_tag-craft-fr","10":"product_tag-craft-femme","11":"pa_attivita-fitness-fr","12":"pa_attivita-marcher","13":"pa_attivita-running-fr","14":"pa_colore-training-bra-classic-black-fr","15":"pa_colore-training-bra-classic-white-fr","16":"pa_marca-craft-fr","17":"pa_sesso-femme","18":"pa_size-extra-small-fr","19":"pa_size-small-fr","20":"pa_size-medium-fr","21":"pa_size-large-fr","23":"first","24":"instock","25":"sale","26":"taxable","27":"shipping-taxable","28":"purchasable","29":"product-type-variable","30":"wvs-archive-product-wrapper"},"acf":[],"yoast_head":"<!-- This site is optimized with the Yoast SEO plugin v26.8 - https:\/\/yoast.com\/product\/yoast-seo-wordpress\/ -->\n<title>Craft Training Bra Classic femme - Soutien-gorge de sport - MioMioRun<\/title>\n<meta name=\"description\" content=\"Le soutien-gorge Training Bra Classic pour femme est un soutien-gorge de sport polyvalent tr\u00e8s fonctionnel, dot\u00e9 d&#039;un \u00e9lastique en \u00e9ponge sous la poitrine.\" \/>\n<meta name=\"robots\" content=\"index, follow, max-snippet:-1, max-image-preview:large, max-video-preview:-1\" \/>\n<link rel=\"canonical\" href=\"https:\/\/www.miomiorun.com\/fr\/produit\/craft-training-bra-classic-femme\/\" \/>\n<meta property=\"og:locale\" content=\"fr_FR\" \/>\n<meta property=\"og:type\" content=\"article\" \/>\n<meta property=\"og:title\" content=\"Craft Training Bra Classic femme - Soutien-gorge de sport - MioMioRun\" \/>\n<meta property=\"og:description\" content=\"Le soutien-gorge Training Bra Classic pour femme est un soutien-gorge de sport polyvalent tr\u00e8s fonctionnel, dot\u00e9 d&#039;un \u00e9lastique en \u00e9ponge sous la poitrine.\" \/>\n<meta property=\"og:url\" content=\"https:\/\/www.miomiorun.com\/fr\/produit\/craft-training-bra-classic-femme\/\" \/>\n<meta property=\"og:site_name\" content=\"MioMioRun\" \/>\n<meta property=\"article:publisher\" content=\"https:\/\/www.facebook.com\/miomiorun\/\" \/>\n<meta property=\"article:modified_time\" content=\"2026-05-08T19:16:15+00:00\" \/>\n<meta property=\"og:image\" content=\"https:\/\/www.miomiorun.com\/app\/uploads\/2021\/10\/craft-training-bra-classic-1910758-999000.jpg\" \/>\n\t<meta property=\"og:image:width\" content=\"600\" \/>\n\t<meta property=\"og:image:height\" content=\"600\" \/>\n\t<meta property=\"og:image:type\" content=\"image\/jpeg\" \/>\n<meta name=\"twitter:card\" content=\"summary_large_image\" \/>\n<script type=\"application\/ld+json\" class=\"yoast-schema-graph\">{\"@context\":\"https:\/\/schema.org\",\"@graph\":[{\"@type\":\"WebPage\",\"@id\":\"https:\/\/www.miomiorun.com\/fr\/produit\/craft-training-bra-classic-femme\/\",\"url\":\"https:\/\/www.miomiorun.com\/fr\/produit\/craft-training-bra-classic-femme\/\",\"name\":\"Craft Training Bra Classic femme - Soutien-gorge de sport - MioMioRun\",\"isPartOf\":{\"@id\":\"https:\/\/www.miomiorun.com\/fr\/#website\"},\"primaryImageOfPage\":{\"@id\":\"https:\/\/www.miomiorun.com\/fr\/produit\/craft-training-bra-classic-femme\/#primaryimage\"},\"image\":{\"@id\":\"https:\/\/www.miomiorun.com\/fr\/produit\/craft-training-bra-classic-femme\/#primaryimage\"},\"thumbnailUrl\":\"https:\/\/www.miomiorun.com\/app\/uploads\/2021\/10\/craft-training-bra-classic-1910758-999000.jpg\",\"datePublished\":\"2021-10-12T15:09:38+00:00\",\"dateModified\":\"2026-05-08T19:16:15+00:00\",\"description\":\"Le soutien-gorge Training Bra Classic pour femme est un soutien-gorge de sport polyvalent tr\u00e8s fonctionnel, dot\u00e9 d'un \u00e9lastique en \u00e9ponge sous la poitrine.\",\"breadcrumb\":{\"@id\":\"https:\/\/www.miomiorun.com\/fr\/produit\/craft-training-bra-classic-femme\/#breadcrumb\"},\"inLanguage\":\"fr-FR\",\"potentialAction\":[{\"@type\":\"ReadAction\",\"target\":[\"https:\/\/www.miomiorun.com\/fr\/produit\/craft-training-bra-classic-femme\/\"]}]},{\"@type\":\"ImageObject\",\"inLanguage\":\"fr-FR\",\"@id\":\"https:\/\/www.miomiorun.com\/fr\/produit\/craft-training-bra-classic-femme\/#primaryimage\",\"url\":\"https:\/\/www.miomiorun.com\/app\/uploads\/2021\/10\/craft-training-bra-classic-1910758-999000.jpg\",\"contentUrl\":\"https:\/\/www.miomiorun.com\/app\/uploads\/2021\/10\/craft-training-bra-classic-1910758-999000.jpg\",\"width\":600,\"height\":600,\"caption\":\"craft training bra classic\"},{\"@type\":\"BreadcrumbList\",\"@id\":\"https:\/\/www.miomiorun.com\/fr\/produit\/craft-training-bra-classic-femme\/#breadcrumb\",\"itemListElement\":[{\"@type\":\"ListItem\",\"position\":1,\"name\":\"Home\",\"item\":\"https:\/\/www.miomiorun.com\/fr\/home-page\/\"},{\"@type\":\"ListItem\",\"position\":2,\"name\":\"Shop\",\"item\":\"https:\/\/www.miomiorun.com\/shop\/\"},{\"@type\":\"ListItem\",\"position\":3,\"name\":\"Training Bra Classic femme\"}]},{\"@type\":\"WebSite\",\"@id\":\"https:\/\/www.miomiorun.com\/fr\/#website\",\"url\":\"https:\/\/www.miomiorun.com\/fr\/\",\"name\":\"MioMioRun\",\"description\":\"Boutique 100% running et trail\",\"publisher\":{\"@id\":\"https:\/\/www.miomiorun.com\/fr\/#organization\"},\"potentialAction\":[{\"@type\":\"SearchAction\",\"target\":{\"@type\":\"EntryPoint\",\"urlTemplate\":\"https:\/\/www.miomiorun.com\/fr\/?s={search_term_string}\"},\"query-input\":{\"@type\":\"PropertyValueSpecification\",\"valueRequired\":true,\"valueName\":\"search_term_string\"}}],\"inLanguage\":\"fr-FR\"},{\"@type\":\"Organization\",\"@id\":\"https:\/\/www.miomiorun.com\/fr\/#organization\",\"name\":\"MioMio Run\",\"url\":\"https:\/\/www.miomiorun.com\/fr\/\",\"logo\":{\"@type\":\"ImageObject\",\"inLanguage\":\"fr-FR\",\"@id\":\"https:\/\/www.miomiorun.com\/fr\/#\/schema\/logo\/image\/\",\"url\":\"https:\/\/www.miomiorun.com\/app\/uploads\/2019\/12\/logomio.png\",\"contentUrl\":\"https:\/\/www.miomiorun.com\/app\/uploads\/2019\/12\/logomio.png\",\"width\":115,\"height\":82,\"caption\":\"MioMio Run\"},\"image\":{\"@id\":\"https:\/\/www.miomiorun.com\/fr\/#\/schema\/logo\/image\/\"},\"sameAs\":[\"https:\/\/www.facebook.com\/miomiorun\/\",\"https:\/\/www.instagram.com\/miomiorun\/\"]}]}<\/script>\n<!-- \/ Yoast SEO plugin. -->","yoast_head_json":{"title":"Craft Training Bra Classic femme - Soutien-gorge de sport - MioMioRun","description":"Le soutien-gorge Training Bra Classic pour femme est un soutien-gorge de sport polyvalent tr\u00e8s fonctionnel, dot\u00e9 d'un \u00e9lastique en \u00e9ponge sous la poitrine.","robots":{"index":"index","follow":"follow","max-snippet":"max-snippet:-1","max-image-preview":"max-image-preview:large","max-video-preview":"max-video-preview:-1"},"canonical":"https:\/\/www.miomiorun.com\/fr\/produit\/craft-training-bra-classic-femme\/","og_locale":"fr_FR","og_type":"article","og_title":"Craft Training Bra Classic femme - Soutien-gorge de sport - MioMioRun","og_description":"Le soutien-gorge Training Bra Classic pour femme est un soutien-gorge de sport polyvalent tr\u00e8s fonctionnel, dot\u00e9 d'un \u00e9lastique en \u00e9ponge sous la poitrine.","og_url":"https:\/\/www.miomiorun.com\/fr\/produit\/craft-training-bra-classic-femme\/","og_site_name":"MioMioRun","article_publisher":"https:\/\/www.facebook.com\/miomiorun\/","article_modified_time":"2026-05-08T19:16:15+00:00","og_image":[{"width":600,"height":600,"url":"https:\/\/www.miomiorun.com\/app\/uploads\/2021\/10\/craft-training-bra-classic-1910758-999000.jpg","type":"image\/jpeg"}],"twitter_card":"summary_large_image","schema":{"@context":"https:\/\/schema.org","@graph":[{"@type":"WebPage","@id":"https:\/\/www.miomiorun.com\/fr\/produit\/craft-training-bra-classic-femme\/","url":"https:\/\/www.miomiorun.com\/fr\/produit\/craft-training-bra-classic-femme\/","name":"Craft Training Bra Classic femme - Soutien-gorge de sport - MioMioRun","isPartOf":{"@id":"https:\/\/www.miomiorun.com\/fr\/#website"},"primaryImageOfPage":{"@id":"https:\/\/www.miomiorun.com\/fr\/produit\/craft-training-bra-classic-femme\/#primaryimage"},"image":{"@id":"https:\/\/www.miomiorun.com\/fr\/produit\/craft-training-bra-classic-femme\/#primaryimage"},"thumbnailUrl":"https:\/\/www.miomiorun.com\/app\/uploads\/2021\/10\/craft-training-bra-classic-1910758-999000.jpg","datePublished":"2021-10-12T15:09:38+00:00","dateModified":"2026-05-08T19:16:15+00:00","description":"Le soutien-gorge Training Bra Classic pour femme est un soutien-gorge de sport polyvalent tr\u00e8s fonctionnel, dot\u00e9 d'un \u00e9lastique en \u00e9ponge sous la poitrine.","breadcrumb":{"@id":"https:\/\/www.miomiorun.com\/fr\/produit\/craft-training-bra-classic-femme\/#breadcrumb"},"inLanguage":"fr-FR","potentialAction":[{"@type":"ReadAction","target":["https:\/\/www.miomiorun.com\/fr\/produit\/craft-training-bra-classic-femme\/"]}]},{"@type":"ImageObject","inLanguage":"fr-FR","@id":"https:\/\/www.miomiorun.com\/fr\/produit\/craft-training-bra-classic-femme\/#primaryimage","url":"https:\/\/www.miomiorun.com\/app\/uploads\/2021\/10\/craft-training-bra-classic-1910758-999000.jpg","contentUrl":"https:\/\/www.miomiorun.com\/app\/uploads\/2021\/10\/craft-training-bra-classic-1910758-999000.jpg","width":600,"height":600,"caption":"craft training bra classic"},{"@type":"BreadcrumbList","@id":"https:\/\/www.miomiorun.com\/fr\/produit\/craft-training-bra-classic-femme\/#breadcrumb","itemListElement":[{"@type":"ListItem","position":1,"name":"Home","item":"https:\/\/www.miomiorun.com\/fr\/home-page\/"},{"@type":"ListItem","position":2,"name":"Shop","item":"https:\/\/www.miomiorun.com\/shop\/"},{"@type":"ListItem","position":3,"name":"Training Bra Classic femme"}]},{"@type":"WebSite","@id":"https:\/\/www.miomiorun.com\/fr\/#website","url":"https:\/\/www.miomiorun.com\/fr\/","name":"MioMioRun","description":"Boutique 100% running et trail","publisher":{"@id":"https:\/\/www.miomiorun.com\/fr\/#organization"},"potentialAction":[{"@type":"SearchAction","target":{"@type":"EntryPoint","urlTemplate":"https:\/\/www.miomiorun.com\/fr\/?s={search_term_string}"},"query-input":{"@type":"PropertyValueSpecification","valueRequired":true,"valueName":"search_term_string"}}],"inLanguage":"fr-FR"},{"@type":"Organization","@id":"https:\/\/www.miomiorun.com\/fr\/#organization","name":"MioMio Run","url":"https:\/\/www.miomiorun.com\/fr\/","logo":{"@type":"ImageObject","inLanguage":"fr-FR","@id":"https:\/\/www.miomiorun.com\/fr\/#\/schema\/logo\/image\/","url":"https:\/\/www.miomiorun.com\/app\/uploads\/2019\/12\/logomio.png","contentUrl":"https:\/\/www.miomiorun.com\/app\/uploads\/2019\/12\/logomio.png","width":115,"height":82,"caption":"MioMio Run"},"image":{"@id":"https:\/\/www.miomiorun.com\/fr\/#\/schema\/logo\/image\/"},"sameAs":["https:\/\/www.facebook.com\/miomiorun\/","https:\/\/www.instagram.com\/miomiorun\/"]}]}},"_links":{"self":[{"href":"https:\/\/www.miomiorun.com\/fr\/wp-json\/wp\/v2\/product\/280791","targetHints":{"allow":["GET"]}}],"collection":[{"href":"https:\/\/www.miomiorun.com\/fr\/wp-json\/wp\/v2\/product"}],"about":[{"href":"https:\/\/www.miomiorun.com\/fr\/wp-json\/wp\/v2\/types\/product"}],"wp:featuredmedia":[{"embeddable":true,"href":"https:\/\/www.miomiorun.com\/fr\/wp-json\/wp\/v2\/media\/233945"}],"wp:attachment":[{"href":"https:\/\/www.miomiorun.com\/fr\/wp-json\/wp\/v2\/media?parent=280791"}],"wp:term":[{"taxonomy":"product_brand","embeddable":true,"href":"https:\/\/www.miomiorun.com\/fr\/wp-json\/wp\/v2\/product_brand?post=280791"},{"taxonomy":"product_cat","embeddable":true,"href":"https:\/\/www.miomiorun.com\/fr\/wp-json\/wp\/v2\/product_cat?post=280791"},{"taxonomy":"product_tag","embeddable":true,"href":"https:\/\/www.miomiorun.com\/fr\/wp-json\/wp\/v2\/product_tag?post=280791"}],"curies":[{"name":"wp","href":"https:\/\/api.w.org\/{rel}","templated":true}]}}