{"id":280786,"date":"2021-10-12T16:23:57","date_gmt":"2021-10-12T14:23:57","guid":{"rendered":"https:\/\/miomiorun.com\/prodotto\/la-sportiva-hera-jkt-donna\/"},"modified":"2026-05-08T21:16:00","modified_gmt":"2026-05-08T19:16:00","slug":"la-sportiva-hera-jkt-femme","status":"publish","type":"product","link":"https:\/\/www.miomiorun.com\/fr\/produit\/la-sportiva-hera-jkt-femme\/","title":{"rendered":"Hera Jkt femme"},"content":{"rendered":"<p>La Sportiva <strong>Hera Jkt<\/strong> femme est une deuxi\u00e8me couche fabriqu\u00e9e \u00e0 partir de mat\u00e9riaux recycl\u00e9s qui offre la chaleur n\u00e9cessaire pour les randonn\u00e9es \u00e0 basse temp\u00e9rature, tout en garantissant une bonne respirabilit\u00e9 et une ventilation totale gr\u00e2ce \u00e0 sa fermeture \u00e9clair sur toute la longueur.<\/p>\n<h3>Informations techniques :<\/h3>\n<p><img decoding=\"async\" class=\"img-responsive margin-bottom-sm\" src=\"https:\/\/www.lasportiva.com\/media\/techinfo_icons\/Breathability_75x75.png\"><\/p>\n<p><strong>Respirabilit\u00e9 :<\/strong><br \/>\nProduits hautement respirants pour un excellent confort climatique.<\/p>\n<p><img decoding=\"async\" class=\"img-responsive margin-bottom-sm\" src=\"https:\/\/www.lasportiva.com\/media\/techinfo_icons\/Stretch_75x75.png\"><\/p>\n<p><strong>\u00c9lasticit\u00e9 :<\/strong><br \/>\nV\u00eatements confortables et r\u00e9actifs qui garantissent une libert\u00e9 de mouvement maximale.<\/p>\n<p><img loading=\"lazy\" decoding=\"async\" class=\" lazyloaded\" src=\"https:\/\/www.lasportiva.com\/media\/techinfo_icons\/slim-fit.png\" alt=\"La Sportiva\" width=\"75\" height=\"75\" data-src=\"https:\/\/www.lasportiva.com\/media\/techinfo_icons\/slim-fit.png\"><\/p>\n<p><strong>Coupe slim :<\/strong><br \/>\nCoupe tr\u00e8s ajust\u00e9e pour des performances maximales en comp\u00e9tition.<\/p>\n<p><img decoding=\"async\" class=\"img-responsive margin-bottom-sm\" src=\"https:\/\/www.lasportiva.com\/media\/techinfo_icons\/Lightweight_75x75.png\"><\/p>\n<p><strong>L\u00e9g\u00e8ret\u00e9 :<\/strong><br \/>\nProduits qui maintiennent le poids au minimum.<\/p>\n<p><img decoding=\"async\" class=\"img-responsive margin-bottom-sm\" src=\"https:\/\/www.lasportiva.com\/media\/techinfo_icons\/Insulation_75x75.png\"><\/p>\n<p><strong>Isolation thermique :<\/strong><br \/>\nProduits utilisables dans des conditions de basses temp\u00e9ratures.<\/p>\n<p><img loading=\"lazy\" decoding=\"async\" src=\"https:\/\/www.lasportiva.com\/media\/icone_aggiornamenti\/125x75_TechstretchPRO.png\" alt=\"\" width=\"137\" height=\"82\"><\/p>\n<p>TechStretch\u2122 Storm est un tissu \u00e9cologique fabriqu\u00e9 \u00e0 partir de fil polyester certifi\u00e9 GRS issu de fibres recycl\u00e9es (marque Perpetual) obtenues \u00e0 partir de bouteilles en plastique r\u00e9utilis\u00e9es.<br \/>\nLe traitement antibact\u00e9rien aux ions d&#8217;argent, les excellentes caract\u00e9ristiques de respirabilit\u00e9 et les propri\u00e9t\u00e9s anti-abrasives gr\u00e2ce au traitement ext\u00e9rieur du tissu le rendent extr\u00eamement polyvalent et adapt\u00e9 \u00e0 de multiples utilisations actives. Fabriqu\u00e9 par Pontetorto\u00ae.<\/p>\n<p><img decoding=\"async\" class=\"img-responsive margin-bottom-sm\" src=\"https:\/\/www.lasportiva.com\/media\/techinfo_icons\/Pontetorto_00.png\"><\/p>\n<p><strong>LaSpo EKS Technology by Pontetorto :<\/strong><br \/>\nLa principale caract\u00e9ristique de l&#8217;EKS est sa capacit\u00e9 \u00e0 g\u00e9n\u00e9rer de la chaleur pendant l&#8217;activit\u00e9 physique, en exploitant la chaleur latente de la transpiration qui se d\u00e9gage naturellement lors du passage de l&#8217;\u00e9tat liquide \u00e0 l&#8217;\u00e9tat gazeux.<\/p>\n<p><img loading=\"lazy\" decoding=\"async\" class=\" lazyloaded\" src=\"https:\/\/www.lasportiva.com\/media\/techinfo_icons\/polygiene.png\" alt=\"La Sportiva\" width=\"75\" height=\"75\" data-src=\"https:\/\/www.lasportiva.com\/media\/techinfo_icons\/polygiene.png\"><\/p>\n<p>La technologie antibact\u00e9rienne et anti-odeurs Polygiene\u00ae est un traitement durable, efficace et respectueux de l&#8217;environnement qui utilise des sels d&#8217;argent pour emp\u00eacher la formation de bact\u00e9ries responsables des mauvaises odeurs. Le r\u00e9sultat ? <strong>Vous pouvez porter vos v\u00eatements plus longtemps sans les laver. <\/strong><\/p>\n<p><img decoding=\"async\" class=\"img-responsive margin-bottom-sm\" src=\"https:\/\/www.lasportiva.com\/media\/techinfo_icons\/L2_75x75.png\"><\/p>\n<p><strong>L2 &#8211; COUCHE INTERM\u00c9DIAIRE ET COUCHE THERMIQUE<\/strong><br \/>\nElle offre une isolation thermique suppl\u00e9mentaire tout en favorisant l&#8217;\u00e9vacuation de la transpiration gr\u00e2ce \u00e0 une respirabilit\u00e9 \u00e9lev\u00e9e.<\/p>\n<p><img loading=\"lazy\" decoding=\"async\" class=\"img-responsive margin-bottom-sm\" src=\"https:\/\/www.lasportiva.com\/media\/Recycled_FABRIC_INSULATION_Icona_75x75.png\" width=\"75\" height=\"75\"><\/p>\n<p>La Sportiva introduit des fibres et des rembourrages obtenus \u00e0 partir de la r\u00e9utilisation de polyester recycl\u00e9 et certifi\u00e9 <strong>RePET<\/strong>\u00ae, issu du recyclage de bouteilles en plastique en fin de vie. Les v\u00eatements portant l&#8217;\u00e9tiquette \u00ab RECYCLED FABRIC &amp; INSULATION \u00bb garantissent que :<\/p>\n<ul>\n<li>Tout d\u00e9riv\u00e9 p\u00e9trochimique a \u00e9t\u00e9 remplac\u00e9 par <strong>des fibres obtenues \u00e0 partir de polyester recycl\u00e9<\/strong><\/li>\n<li>Le v\u00eatement contribue \u00e0 <strong>r\u00e9duire l&#8217;impact sur la plan\u00e8te<\/strong><\/li>\n<li><strong>Durabilit\u00e9 et qualit\u00e9<\/strong> dans le temps<\/li>\n<li>Une production moindre de <strong>CO2 (environ 54 % de moins par rapport \u00e0 la production de fibres traditionnelles)<\/strong> dans le processus de production des fibres de polyester recycl\u00e9<\/li>\n<\/ul>\n<p>&nbsp;<\/p>\n","protected":false},"excerpt":{"rendered":"<p>La Sportiva Hera Jkt femme est une deuxi\u00e8me couche fabriqu\u00e9e \u00e0 partir de mat\u00e9riaux recycl\u00e9s qui offre la chaleur n\u00e9cessaire pour les randonn\u00e9es \u00e0 basse temp\u00e9rature, tout en garantissant une bonne respirabilit\u00e9 et une ventilation totale gr\u00e2ce \u00e0 sa fermeture \u00e9clair sur toute la longueur. Informations techniques : Respirabilit\u00e9 : Produits hautement respirants pour un &hellip; <a href=\"https:\/\/www.miomiorun.com\/fr\/produit\/la-sportiva-hera-jkt-femme\/\">Continued<\/a><\/p>\n","protected":false},"featured_media":233895,"template":"","meta":{"_acf_changed":false,"inline_featured_image":false},"product_brand":[],"product_cat":[24441,24444],"product_tag":[23597,23601],"class_list":{"0":"post-280786","1":"product","2":"type-product","3":"status-publish","4":"has-post-thumbnail","6":"product_cat-vestes-fr","7":"product_cat-vetements-pour-femmes-fr","8":"product_tag-la-sportiva-fr","9":"product_tag-la-sportiva-femme","10":"pa_attivita-marcher","11":"pa_attivita-outdoor-fr","12":"pa_colore-hera-jkt-w-aquarelle-atlantic-fr","13":"pa_marca-la-sportiva-fr","14":"pa_sesso-femme","15":"pa_size-extra-small-fr","16":"pa_size-small-fr","17":"pa_size-medium-fr","18":"pa_size-large-fr","20":"first","21":"instock","22":"sale","23":"taxable","24":"shipping-taxable","25":"purchasable","26":"product-type-variable","27":"wvs-archive-product-wrapper"},"acf":[],"yoast_head":"<!-- This site is optimized with the Yoast SEO plugin v26.8 - https:\/\/yoast.com\/product\/yoast-seo-wordpress\/ -->\n<title>La Sportiva Hera Jkt femme - Veste de course - MioMioRun.com<\/title>\n<meta name=\"description\" content=\"La Sportiva Hera Jkt femme est une deuxi\u00e8me couche fabriqu\u00e9e \u00e0 partir de mat\u00e9riaux recycl\u00e9s qui offre la chaleur n\u00e9cessaire pour les randonn\u00e9es.\" \/>\n<meta name=\"robots\" content=\"index, follow, max-snippet:-1, max-image-preview:large, max-video-preview:-1\" \/>\n<link rel=\"canonical\" href=\"https:\/\/www.miomiorun.com\/fr\/produit\/la-sportiva-hera-jkt-femme\/\" \/>\n<meta property=\"og:locale\" content=\"fr_FR\" \/>\n<meta property=\"og:type\" content=\"article\" \/>\n<meta property=\"og:title\" content=\"La Sportiva Hera Jkt femme - Veste de course - MioMioRun.com\" \/>\n<meta property=\"og:description\" content=\"La Sportiva Hera Jkt femme est une deuxi\u00e8me couche fabriqu\u00e9e \u00e0 partir de mat\u00e9riaux recycl\u00e9s qui offre la chaleur n\u00e9cessaire pour les randonn\u00e9es.\" \/>\n<meta property=\"og:url\" content=\"https:\/\/www.miomiorun.com\/fr\/produit\/la-sportiva-hera-jkt-femme\/\" \/>\n<meta property=\"og:site_name\" content=\"MioMioRun\" \/>\n<meta property=\"article:publisher\" content=\"https:\/\/www.facebook.com\/miomiorun\/\" \/>\n<meta property=\"article:modified_time\" content=\"2026-05-08T19:16:00+00:00\" \/>\n<meta property=\"og:image\" content=\"https:\/\/www.miomiorun.com\/app\/uploads\/2021\/10\/la-sportiva-Hera-JKT-M05631630.jpg\" \/>\n\t<meta property=\"og:image:width\" content=\"600\" \/>\n\t<meta property=\"og:image:height\" content=\"600\" \/>\n\t<meta property=\"og:image:type\" content=\"image\/jpeg\" \/>\n<meta name=\"twitter:card\" content=\"summary_large_image\" \/>\n<meta name=\"twitter:label1\" content=\"Est. reading time\" \/>\n\t<meta name=\"twitter:data1\" content=\"2 minutes\" \/>\n<script type=\"application\/ld+json\" class=\"yoast-schema-graph\">{\"@context\":\"https:\/\/schema.org\",\"@graph\":[{\"@type\":\"WebPage\",\"@id\":\"https:\/\/www.miomiorun.com\/fr\/produit\/la-sportiva-hera-jkt-femme\/\",\"url\":\"https:\/\/www.miomiorun.com\/fr\/produit\/la-sportiva-hera-jkt-femme\/\",\"name\":\"La Sportiva Hera Jkt femme - Veste de course - MioMioRun.com\",\"isPartOf\":{\"@id\":\"https:\/\/www.miomiorun.com\/fr\/#website\"},\"primaryImageOfPage\":{\"@id\":\"https:\/\/www.miomiorun.com\/fr\/produit\/la-sportiva-hera-jkt-femme\/#primaryimage\"},\"image\":{\"@id\":\"https:\/\/www.miomiorun.com\/fr\/produit\/la-sportiva-hera-jkt-femme\/#primaryimage\"},\"thumbnailUrl\":\"https:\/\/www.miomiorun.com\/app\/uploads\/2021\/10\/la-sportiva-Hera-JKT-M05631630.jpg\",\"datePublished\":\"2021-10-12T14:23:57+00:00\",\"dateModified\":\"2026-05-08T19:16:00+00:00\",\"description\":\"La Sportiva Hera Jkt femme est une deuxi\u00e8me couche fabriqu\u00e9e \u00e0 partir de mat\u00e9riaux recycl\u00e9s qui offre la chaleur n\u00e9cessaire pour les randonn\u00e9es.\",\"breadcrumb\":{\"@id\":\"https:\/\/www.miomiorun.com\/fr\/produit\/la-sportiva-hera-jkt-femme\/#breadcrumb\"},\"inLanguage\":\"fr-FR\",\"potentialAction\":[{\"@type\":\"ReadAction\",\"target\":[\"https:\/\/www.miomiorun.com\/fr\/produit\/la-sportiva-hera-jkt-femme\/\"]}]},{\"@type\":\"ImageObject\",\"inLanguage\":\"fr-FR\",\"@id\":\"https:\/\/www.miomiorun.com\/fr\/produit\/la-sportiva-hera-jkt-femme\/#primaryimage\",\"url\":\"https:\/\/www.miomiorun.com\/app\/uploads\/2021\/10\/la-sportiva-Hera-JKT-M05631630.jpg\",\"contentUrl\":\"https:\/\/www.miomiorun.com\/app\/uploads\/2021\/10\/la-sportiva-Hera-JKT-M05631630.jpg\",\"width\":600,\"height\":600,\"caption\":\"la sportiva hera jkt\"},{\"@type\":\"BreadcrumbList\",\"@id\":\"https:\/\/www.miomiorun.com\/fr\/produit\/la-sportiva-hera-jkt-femme\/#breadcrumb\",\"itemListElement\":[{\"@type\":\"ListItem\",\"position\":1,\"name\":\"Home\",\"item\":\"https:\/\/www.miomiorun.com\/fr\/home-page\/\"},{\"@type\":\"ListItem\",\"position\":2,\"name\":\"Shop\",\"item\":\"https:\/\/www.miomiorun.com\/shop\/\"},{\"@type\":\"ListItem\",\"position\":3,\"name\":\"Hera Jkt femme\"}]},{\"@type\":\"WebSite\",\"@id\":\"https:\/\/www.miomiorun.com\/fr\/#website\",\"url\":\"https:\/\/www.miomiorun.com\/fr\/\",\"name\":\"MioMioRun\",\"description\":\"Boutique 100% running et trail\",\"publisher\":{\"@id\":\"https:\/\/www.miomiorun.com\/fr\/#organization\"},\"potentialAction\":[{\"@type\":\"SearchAction\",\"target\":{\"@type\":\"EntryPoint\",\"urlTemplate\":\"https:\/\/www.miomiorun.com\/fr\/?s={search_term_string}\"},\"query-input\":{\"@type\":\"PropertyValueSpecification\",\"valueRequired\":true,\"valueName\":\"search_term_string\"}}],\"inLanguage\":\"fr-FR\"},{\"@type\":\"Organization\",\"@id\":\"https:\/\/www.miomiorun.com\/fr\/#organization\",\"name\":\"MioMio Run\",\"url\":\"https:\/\/www.miomiorun.com\/fr\/\",\"logo\":{\"@type\":\"ImageObject\",\"inLanguage\":\"fr-FR\",\"@id\":\"https:\/\/www.miomiorun.com\/fr\/#\/schema\/logo\/image\/\",\"url\":\"https:\/\/www.miomiorun.com\/app\/uploads\/2019\/12\/logomio.png\",\"contentUrl\":\"https:\/\/www.miomiorun.com\/app\/uploads\/2019\/12\/logomio.png\",\"width\":115,\"height\":82,\"caption\":\"MioMio Run\"},\"image\":{\"@id\":\"https:\/\/www.miomiorun.com\/fr\/#\/schema\/logo\/image\/\"},\"sameAs\":[\"https:\/\/www.facebook.com\/miomiorun\/\",\"https:\/\/www.instagram.com\/miomiorun\/\"]}]}<\/script>\n<!-- \/ Yoast SEO plugin. -->","yoast_head_json":{"title":"La Sportiva Hera Jkt femme - Veste de course - MioMioRun.com","description":"La Sportiva Hera Jkt femme est une deuxi\u00e8me couche fabriqu\u00e9e \u00e0 partir de mat\u00e9riaux recycl\u00e9s qui offre la chaleur n\u00e9cessaire pour les randonn\u00e9es.","robots":{"index":"index","follow":"follow","max-snippet":"max-snippet:-1","max-image-preview":"max-image-preview:large","max-video-preview":"max-video-preview:-1"},"canonical":"https:\/\/www.miomiorun.com\/fr\/produit\/la-sportiva-hera-jkt-femme\/","og_locale":"fr_FR","og_type":"article","og_title":"La Sportiva Hera Jkt femme - Veste de course - MioMioRun.com","og_description":"La Sportiva Hera Jkt femme est une deuxi\u00e8me couche fabriqu\u00e9e \u00e0 partir de mat\u00e9riaux recycl\u00e9s qui offre la chaleur n\u00e9cessaire pour les randonn\u00e9es.","og_url":"https:\/\/www.miomiorun.com\/fr\/produit\/la-sportiva-hera-jkt-femme\/","og_site_name":"MioMioRun","article_publisher":"https:\/\/www.facebook.com\/miomiorun\/","article_modified_time":"2026-05-08T19:16:00+00:00","og_image":[{"width":600,"height":600,"url":"https:\/\/www.miomiorun.com\/app\/uploads\/2021\/10\/la-sportiva-Hera-JKT-M05631630.jpg","type":"image\/jpeg"}],"twitter_card":"summary_large_image","twitter_misc":{"Est. reading time":"2 minutes"},"schema":{"@context":"https:\/\/schema.org","@graph":[{"@type":"WebPage","@id":"https:\/\/www.miomiorun.com\/fr\/produit\/la-sportiva-hera-jkt-femme\/","url":"https:\/\/www.miomiorun.com\/fr\/produit\/la-sportiva-hera-jkt-femme\/","name":"La Sportiva Hera Jkt femme - Veste de course - MioMioRun.com","isPartOf":{"@id":"https:\/\/www.miomiorun.com\/fr\/#website"},"primaryImageOfPage":{"@id":"https:\/\/www.miomiorun.com\/fr\/produit\/la-sportiva-hera-jkt-femme\/#primaryimage"},"image":{"@id":"https:\/\/www.miomiorun.com\/fr\/produit\/la-sportiva-hera-jkt-femme\/#primaryimage"},"thumbnailUrl":"https:\/\/www.miomiorun.com\/app\/uploads\/2021\/10\/la-sportiva-Hera-JKT-M05631630.jpg","datePublished":"2021-10-12T14:23:57+00:00","dateModified":"2026-05-08T19:16:00+00:00","description":"La Sportiva Hera Jkt femme est une deuxi\u00e8me couche fabriqu\u00e9e \u00e0 partir de mat\u00e9riaux recycl\u00e9s qui offre la chaleur n\u00e9cessaire pour les randonn\u00e9es.","breadcrumb":{"@id":"https:\/\/www.miomiorun.com\/fr\/produit\/la-sportiva-hera-jkt-femme\/#breadcrumb"},"inLanguage":"fr-FR","potentialAction":[{"@type":"ReadAction","target":["https:\/\/www.miomiorun.com\/fr\/produit\/la-sportiva-hera-jkt-femme\/"]}]},{"@type":"ImageObject","inLanguage":"fr-FR","@id":"https:\/\/www.miomiorun.com\/fr\/produit\/la-sportiva-hera-jkt-femme\/#primaryimage","url":"https:\/\/www.miomiorun.com\/app\/uploads\/2021\/10\/la-sportiva-Hera-JKT-M05631630.jpg","contentUrl":"https:\/\/www.miomiorun.com\/app\/uploads\/2021\/10\/la-sportiva-Hera-JKT-M05631630.jpg","width":600,"height":600,"caption":"la sportiva hera jkt"},{"@type":"BreadcrumbList","@id":"https:\/\/www.miomiorun.com\/fr\/produit\/la-sportiva-hera-jkt-femme\/#breadcrumb","itemListElement":[{"@type":"ListItem","position":1,"name":"Home","item":"https:\/\/www.miomiorun.com\/fr\/home-page\/"},{"@type":"ListItem","position":2,"name":"Shop","item":"https:\/\/www.miomiorun.com\/shop\/"},{"@type":"ListItem","position":3,"name":"Hera Jkt femme"}]},{"@type":"WebSite","@id":"https:\/\/www.miomiorun.com\/fr\/#website","url":"https:\/\/www.miomiorun.com\/fr\/","name":"MioMioRun","description":"Boutique 100% running et trail","publisher":{"@id":"https:\/\/www.miomiorun.com\/fr\/#organization"},"potentialAction":[{"@type":"SearchAction","target":{"@type":"EntryPoint","urlTemplate":"https:\/\/www.miomiorun.com\/fr\/?s={search_term_string}"},"query-input":{"@type":"PropertyValueSpecification","valueRequired":true,"valueName":"search_term_string"}}],"inLanguage":"fr-FR"},{"@type":"Organization","@id":"https:\/\/www.miomiorun.com\/fr\/#organization","name":"MioMio Run","url":"https:\/\/www.miomiorun.com\/fr\/","logo":{"@type":"ImageObject","inLanguage":"fr-FR","@id":"https:\/\/www.miomiorun.com\/fr\/#\/schema\/logo\/image\/","url":"https:\/\/www.miomiorun.com\/app\/uploads\/2019\/12\/logomio.png","contentUrl":"https:\/\/www.miomiorun.com\/app\/uploads\/2019\/12\/logomio.png","width":115,"height":82,"caption":"MioMio Run"},"image":{"@id":"https:\/\/www.miomiorun.com\/fr\/#\/schema\/logo\/image\/"},"sameAs":["https:\/\/www.facebook.com\/miomiorun\/","https:\/\/www.instagram.com\/miomiorun\/"]}]}},"_links":{"self":[{"href":"https:\/\/www.miomiorun.com\/fr\/wp-json\/wp\/v2\/product\/280786","targetHints":{"allow":["GET"]}}],"collection":[{"href":"https:\/\/www.miomiorun.com\/fr\/wp-json\/wp\/v2\/product"}],"about":[{"href":"https:\/\/www.miomiorun.com\/fr\/wp-json\/wp\/v2\/types\/product"}],"wp:featuredmedia":[{"embeddable":true,"href":"https:\/\/www.miomiorun.com\/fr\/wp-json\/wp\/v2\/media\/233895"}],"wp:attachment":[{"href":"https:\/\/www.miomiorun.com\/fr\/wp-json\/wp\/v2\/media?parent=280786"}],"wp:term":[{"taxonomy":"product_brand","embeddable":true,"href":"https:\/\/www.miomiorun.com\/fr\/wp-json\/wp\/v2\/product_brand?post=280786"},{"taxonomy":"product_cat","embeddable":true,"href":"https:\/\/www.miomiorun.com\/fr\/wp-json\/wp\/v2\/product_cat?post=280786"},{"taxonomy":"product_tag","embeddable":true,"href":"https:\/\/www.miomiorun.com\/fr\/wp-json\/wp\/v2\/product_tag?post=280786"}],"curies":[{"name":"wp","href":"https:\/\/api.w.org\/{rel}","templated":true}]}}