{"id":280782,"date":"2021-10-12T16:47:37","date_gmt":"2021-10-12T14:47:37","guid":{"rendered":"https:\/\/miomiorun.com\/prodotto\/crazy-idea-pull-acceleration-donna\/"},"modified":"2025-12-24T10:01:56","modified_gmt":"2025-12-24T09:01:56","slug":"crazy-idea-pull-acceleration-femme","status":"publish","type":"product","link":"https:\/\/www.miomiorun.com\/fr\/produit\/crazy-idea-pull-acceleration-femme\/","title":{"rendered":"Pull Acceleration femme"},"content":{"rendered":"<div class=\"single-product-description\">\n<div class=\"single-product-description\">\n<p>Le Pull Acceleration pour femme est un sweat-shirt con\u00e7u pour affronter les conditions m\u00e9t\u00e9orologiques les plus difficiles, lorsqu&#8217;une simple \u00ab couche interm\u00e9diaire \u00bb ne suffit pas. Il est recommand\u00e9 pour l&#8217;alpinisme et les performances en altitude, lorsque l&#8217;on affronte des ascensions o\u00f9 l&#8217;impr\u00e9vu est toujours possible. Il est fabriqu\u00e9 \u00e0 partir du tissu innovant Two Face bi-\u00e9lastique, qui offre plus de chaleur, plus de respirabilit\u00e9 et moins de volume. De plus, gr\u00e2ce au traitement DWR, il est hydrofuge et r\u00e9duit consid\u00e9rablement l&#8217;effet du vent. Ce pull est dot\u00e9 d&#8217;une capuche avec bord \u00e9lastique, de deux poches mains avec fermeture \u00e0 glissi\u00e8re, d&#8217;un bas et de poignets avec bord \u00e9lastique, le tout dans un design attrayant.<\/p>\n<p><strong>Caract\u00e9ristiques :<\/strong><\/p>\n<ul>\n<li>Pull ouvert avec fermeture \u00e9clair sur le devant et capuche<\/li>\n<li>Poches pour les mains, coll\u00e9es avec fermeture \u00e9clair<\/li>\n<li>Bords \u00e9lastiques sur la capuche et le bas des manches<\/li>\n<li>Passe-pouce<\/li>\n<\/ul>\n<\/div>\n<\/div>\n","protected":false},"excerpt":{"rendered":"<p>Le Pull Acceleration pour femme est un sweat-shirt con\u00e7u pour affronter les conditions m\u00e9t\u00e9orologiques les plus difficiles, lorsqu&#8217;une simple \u00ab couche interm\u00e9diaire \u00bb ne suffit pas. Il est recommand\u00e9 pour l&#8217;alpinisme et les performances en altitude, lorsque l&#8217;on affronte des ascensions o\u00f9 l&#8217;impr\u00e9vu est toujours possible. Il est fabriqu\u00e9 \u00e0 partir du tissu innovant Two &hellip; <a href=\"https:\/\/www.miomiorun.com\/fr\/produit\/crazy-idea-pull-acceleration-femme\/\">Continued<\/a><\/p>\n","protected":false},"featured_media":233927,"template":"","meta":{"_acf_changed":false,"inline_featured_image":false},"product_brand":[],"product_cat":[22601,22596],"product_tag":[23489,23491],"class_list":{"0":"post-280782","1":"product","2":"type-product","3":"status-publish","4":"has-post-thumbnail","6":"product_cat-maillots","7":"product_cat-vetements-pour-femmes","8":"product_tag-crazy-idea-fr","9":"product_tag-crazy-idea-femme","10":"pa_attivita-marcher","11":"pa_attivita-outdoor-fr","12":"pa_colore-pull-acceleration-w-pop-fr","13":"pa_marca-crazy-idea-fr","14":"pa_sesso-femme","15":"pa_size-medium-fr","16":"pa_size-large-fr","18":"first","19":"instock","20":"sale","21":"taxable","22":"shipping-taxable","23":"purchasable","24":"product-type-variable","25":"wvs-archive-product-wrapper"},"acf":[],"yoast_head":"<!-- This site is optimized with the Yoast SEO plugin v26.8 - https:\/\/yoast.com\/product\/yoast-seo-wordpress\/ -->\n<title>Crazy Idea Pull Acceleration femme - Maillot de course \u00e0 pied - MioMioRun<\/title>\n<meta name=\"description\" content=\"Le Pull Acceleration pour femme est un sweat-shirt con\u00e7u pour affronter les conditions m\u00e9t\u00e9orologiques les plus difficiles, lorsqu&#039;une simple \u00ab couche interm\u00e9diaire \u00bb ne suffit pas.\" \/>\n<meta name=\"robots\" content=\"index, follow, max-snippet:-1, max-image-preview:large, max-video-preview:-1\" \/>\n<link rel=\"canonical\" href=\"https:\/\/www.miomiorun.com\/fr\/produit\/crazy-idea-pull-acceleration-femme\/\" \/>\n<meta property=\"og:locale\" content=\"fr_FR\" \/>\n<meta property=\"og:type\" content=\"article\" \/>\n<meta property=\"og:title\" content=\"Crazy Idea Pull Acceleration femme - Maillot de course \u00e0 pied - MioMioRun\" \/>\n<meta property=\"og:description\" content=\"Le Pull Acceleration pour femme est un sweat-shirt con\u00e7u pour affronter les conditions m\u00e9t\u00e9orologiques les plus difficiles, lorsqu&#039;une simple \u00ab couche interm\u00e9diaire \u00bb ne suffit pas.\" \/>\n<meta property=\"og:url\" content=\"https:\/\/www.miomiorun.com\/fr\/produit\/crazy-idea-pull-acceleration-femme\/\" \/>\n<meta property=\"og:site_name\" content=\"MioMioRun\" \/>\n<meta property=\"article:publisher\" content=\"https:\/\/www.facebook.com\/miomiorun\/\" \/>\n<meta property=\"article:modified_time\" content=\"2025-12-24T09:01:56+00:00\" \/>\n<meta property=\"og:image\" content=\"https:\/\/www.miomiorun.com\/app\/uploads\/2021\/10\/crazy-idea-pull-acceleration-W21055193D-0063.jpg\" \/>\n\t<meta property=\"og:image:width\" content=\"600\" \/>\n\t<meta property=\"og:image:height\" content=\"600\" \/>\n\t<meta property=\"og:image:type\" content=\"image\/jpeg\" \/>\n<meta name=\"twitter:card\" content=\"summary_large_image\" \/>\n<meta name=\"twitter:label1\" content=\"Est. reading time\" \/>\n\t<meta name=\"twitter:data1\" content=\"1 minute\" \/>\n<script type=\"application\/ld+json\" class=\"yoast-schema-graph\">{\"@context\":\"https:\/\/schema.org\",\"@graph\":[{\"@type\":\"WebPage\",\"@id\":\"https:\/\/www.miomiorun.com\/fr\/produit\/crazy-idea-pull-acceleration-femme\/\",\"url\":\"https:\/\/www.miomiorun.com\/fr\/produit\/crazy-idea-pull-acceleration-femme\/\",\"name\":\"Crazy Idea Pull Acceleration femme - Maillot de course \u00e0 pied - MioMioRun\",\"isPartOf\":{\"@id\":\"https:\/\/www.miomiorun.com\/fr\/#website\"},\"primaryImageOfPage\":{\"@id\":\"https:\/\/www.miomiorun.com\/fr\/produit\/crazy-idea-pull-acceleration-femme\/#primaryimage\"},\"image\":{\"@id\":\"https:\/\/www.miomiorun.com\/fr\/produit\/crazy-idea-pull-acceleration-femme\/#primaryimage\"},\"thumbnailUrl\":\"https:\/\/www.miomiorun.com\/app\/uploads\/2021\/10\/crazy-idea-pull-acceleration-W21055193D-0063.jpg\",\"datePublished\":\"2021-10-12T14:47:37+00:00\",\"dateModified\":\"2025-12-24T09:01:56+00:00\",\"description\":\"Le Pull Acceleration pour femme est un sweat-shirt con\u00e7u pour affronter les conditions m\u00e9t\u00e9orologiques les plus difficiles, lorsqu'une simple \u00ab couche interm\u00e9diaire \u00bb ne suffit pas.\",\"breadcrumb\":{\"@id\":\"https:\/\/www.miomiorun.com\/fr\/produit\/crazy-idea-pull-acceleration-femme\/#breadcrumb\"},\"inLanguage\":\"fr-FR\",\"potentialAction\":[{\"@type\":\"ReadAction\",\"target\":[\"https:\/\/www.miomiorun.com\/fr\/produit\/crazy-idea-pull-acceleration-femme\/\"]}]},{\"@type\":\"ImageObject\",\"inLanguage\":\"fr-FR\",\"@id\":\"https:\/\/www.miomiorun.com\/fr\/produit\/crazy-idea-pull-acceleration-femme\/#primaryimage\",\"url\":\"https:\/\/www.miomiorun.com\/app\/uploads\/2021\/10\/crazy-idea-pull-acceleration-W21055193D-0063.jpg\",\"contentUrl\":\"https:\/\/www.miomiorun.com\/app\/uploads\/2021\/10\/crazy-idea-pull-acceleration-W21055193D-0063.jpg\",\"width\":600,\"height\":600,\"caption\":\"crazy ideal pull acceleration\"},{\"@type\":\"BreadcrumbList\",\"@id\":\"https:\/\/www.miomiorun.com\/fr\/produit\/crazy-idea-pull-acceleration-femme\/#breadcrumb\",\"itemListElement\":[{\"@type\":\"ListItem\",\"position\":1,\"name\":\"Home\",\"item\":\"https:\/\/www.miomiorun.com\/fr\/home-page\/\"},{\"@type\":\"ListItem\",\"position\":2,\"name\":\"Shop\",\"item\":\"https:\/\/www.miomiorun.com\/shop\/\"},{\"@type\":\"ListItem\",\"position\":3,\"name\":\"Pull Acceleration femme\"}]},{\"@type\":\"WebSite\",\"@id\":\"https:\/\/www.miomiorun.com\/fr\/#website\",\"url\":\"https:\/\/www.miomiorun.com\/fr\/\",\"name\":\"MioMioRun\",\"description\":\"Boutique 100% running et trail\",\"publisher\":{\"@id\":\"https:\/\/www.miomiorun.com\/fr\/#organization\"},\"potentialAction\":[{\"@type\":\"SearchAction\",\"target\":{\"@type\":\"EntryPoint\",\"urlTemplate\":\"https:\/\/www.miomiorun.com\/fr\/?s={search_term_string}\"},\"query-input\":{\"@type\":\"PropertyValueSpecification\",\"valueRequired\":true,\"valueName\":\"search_term_string\"}}],\"inLanguage\":\"fr-FR\"},{\"@type\":\"Organization\",\"@id\":\"https:\/\/www.miomiorun.com\/fr\/#organization\",\"name\":\"MioMio Run\",\"url\":\"https:\/\/www.miomiorun.com\/fr\/\",\"logo\":{\"@type\":\"ImageObject\",\"inLanguage\":\"fr-FR\",\"@id\":\"https:\/\/www.miomiorun.com\/fr\/#\/schema\/logo\/image\/\",\"url\":\"https:\/\/www.miomiorun.com\/app\/uploads\/2019\/12\/logomio.png\",\"contentUrl\":\"https:\/\/www.miomiorun.com\/app\/uploads\/2019\/12\/logomio.png\",\"width\":115,\"height\":82,\"caption\":\"MioMio Run\"},\"image\":{\"@id\":\"https:\/\/www.miomiorun.com\/fr\/#\/schema\/logo\/image\/\"},\"sameAs\":[\"https:\/\/www.facebook.com\/miomiorun\/\",\"https:\/\/www.instagram.com\/miomiorun\/\"]}]}<\/script>\n<!-- \/ Yoast SEO plugin. -->","yoast_head_json":{"title":"Crazy Idea Pull Acceleration femme - Maillot de course \u00e0 pied - MioMioRun","description":"Le Pull Acceleration pour femme est un sweat-shirt con\u00e7u pour affronter les conditions m\u00e9t\u00e9orologiques les plus difficiles, lorsqu'une simple \u00ab couche interm\u00e9diaire \u00bb ne suffit pas.","robots":{"index":"index","follow":"follow","max-snippet":"max-snippet:-1","max-image-preview":"max-image-preview:large","max-video-preview":"max-video-preview:-1"},"canonical":"https:\/\/www.miomiorun.com\/fr\/produit\/crazy-idea-pull-acceleration-femme\/","og_locale":"fr_FR","og_type":"article","og_title":"Crazy Idea Pull Acceleration femme - Maillot de course \u00e0 pied - MioMioRun","og_description":"Le Pull Acceleration pour femme est un sweat-shirt con\u00e7u pour affronter les conditions m\u00e9t\u00e9orologiques les plus difficiles, lorsqu'une simple \u00ab couche interm\u00e9diaire \u00bb ne suffit pas.","og_url":"https:\/\/www.miomiorun.com\/fr\/produit\/crazy-idea-pull-acceleration-femme\/","og_site_name":"MioMioRun","article_publisher":"https:\/\/www.facebook.com\/miomiorun\/","article_modified_time":"2025-12-24T09:01:56+00:00","og_image":[{"width":600,"height":600,"url":"https:\/\/www.miomiorun.com\/app\/uploads\/2021\/10\/crazy-idea-pull-acceleration-W21055193D-0063.jpg","type":"image\/jpeg"}],"twitter_card":"summary_large_image","twitter_misc":{"Est. reading time":"1 minute"},"schema":{"@context":"https:\/\/schema.org","@graph":[{"@type":"WebPage","@id":"https:\/\/www.miomiorun.com\/fr\/produit\/crazy-idea-pull-acceleration-femme\/","url":"https:\/\/www.miomiorun.com\/fr\/produit\/crazy-idea-pull-acceleration-femme\/","name":"Crazy Idea Pull Acceleration femme - Maillot de course \u00e0 pied - MioMioRun","isPartOf":{"@id":"https:\/\/www.miomiorun.com\/fr\/#website"},"primaryImageOfPage":{"@id":"https:\/\/www.miomiorun.com\/fr\/produit\/crazy-idea-pull-acceleration-femme\/#primaryimage"},"image":{"@id":"https:\/\/www.miomiorun.com\/fr\/produit\/crazy-idea-pull-acceleration-femme\/#primaryimage"},"thumbnailUrl":"https:\/\/www.miomiorun.com\/app\/uploads\/2021\/10\/crazy-idea-pull-acceleration-W21055193D-0063.jpg","datePublished":"2021-10-12T14:47:37+00:00","dateModified":"2025-12-24T09:01:56+00:00","description":"Le Pull Acceleration pour femme est un sweat-shirt con\u00e7u pour affronter les conditions m\u00e9t\u00e9orologiques les plus difficiles, lorsqu'une simple \u00ab couche interm\u00e9diaire \u00bb ne suffit pas.","breadcrumb":{"@id":"https:\/\/www.miomiorun.com\/fr\/produit\/crazy-idea-pull-acceleration-femme\/#breadcrumb"},"inLanguage":"fr-FR","potentialAction":[{"@type":"ReadAction","target":["https:\/\/www.miomiorun.com\/fr\/produit\/crazy-idea-pull-acceleration-femme\/"]}]},{"@type":"ImageObject","inLanguage":"fr-FR","@id":"https:\/\/www.miomiorun.com\/fr\/produit\/crazy-idea-pull-acceleration-femme\/#primaryimage","url":"https:\/\/www.miomiorun.com\/app\/uploads\/2021\/10\/crazy-idea-pull-acceleration-W21055193D-0063.jpg","contentUrl":"https:\/\/www.miomiorun.com\/app\/uploads\/2021\/10\/crazy-idea-pull-acceleration-W21055193D-0063.jpg","width":600,"height":600,"caption":"crazy ideal pull acceleration"},{"@type":"BreadcrumbList","@id":"https:\/\/www.miomiorun.com\/fr\/produit\/crazy-idea-pull-acceleration-femme\/#breadcrumb","itemListElement":[{"@type":"ListItem","position":1,"name":"Home","item":"https:\/\/www.miomiorun.com\/fr\/home-page\/"},{"@type":"ListItem","position":2,"name":"Shop","item":"https:\/\/www.miomiorun.com\/shop\/"},{"@type":"ListItem","position":3,"name":"Pull Acceleration femme"}]},{"@type":"WebSite","@id":"https:\/\/www.miomiorun.com\/fr\/#website","url":"https:\/\/www.miomiorun.com\/fr\/","name":"MioMioRun","description":"Boutique 100% running et trail","publisher":{"@id":"https:\/\/www.miomiorun.com\/fr\/#organization"},"potentialAction":[{"@type":"SearchAction","target":{"@type":"EntryPoint","urlTemplate":"https:\/\/www.miomiorun.com\/fr\/?s={search_term_string}"},"query-input":{"@type":"PropertyValueSpecification","valueRequired":true,"valueName":"search_term_string"}}],"inLanguage":"fr-FR"},{"@type":"Organization","@id":"https:\/\/www.miomiorun.com\/fr\/#organization","name":"MioMio Run","url":"https:\/\/www.miomiorun.com\/fr\/","logo":{"@type":"ImageObject","inLanguage":"fr-FR","@id":"https:\/\/www.miomiorun.com\/fr\/#\/schema\/logo\/image\/","url":"https:\/\/www.miomiorun.com\/app\/uploads\/2019\/12\/logomio.png","contentUrl":"https:\/\/www.miomiorun.com\/app\/uploads\/2019\/12\/logomio.png","width":115,"height":82,"caption":"MioMio Run"},"image":{"@id":"https:\/\/www.miomiorun.com\/fr\/#\/schema\/logo\/image\/"},"sameAs":["https:\/\/www.facebook.com\/miomiorun\/","https:\/\/www.instagram.com\/miomiorun\/"]}]}},"_links":{"self":[{"href":"https:\/\/www.miomiorun.com\/fr\/wp-json\/wp\/v2\/product\/280782","targetHints":{"allow":["GET"]}}],"collection":[{"href":"https:\/\/www.miomiorun.com\/fr\/wp-json\/wp\/v2\/product"}],"about":[{"href":"https:\/\/www.miomiorun.com\/fr\/wp-json\/wp\/v2\/types\/product"}],"wp:featuredmedia":[{"embeddable":true,"href":"https:\/\/www.miomiorun.com\/fr\/wp-json\/wp\/v2\/media\/233927"}],"wp:attachment":[{"href":"https:\/\/www.miomiorun.com\/fr\/wp-json\/wp\/v2\/media?parent=280782"}],"wp:term":[{"taxonomy":"product_brand","embeddable":true,"href":"https:\/\/www.miomiorun.com\/fr\/wp-json\/wp\/v2\/product_brand?post=280782"},{"taxonomy":"product_cat","embeddable":true,"href":"https:\/\/www.miomiorun.com\/fr\/wp-json\/wp\/v2\/product_cat?post=280782"},{"taxonomy":"product_tag","embeddable":true,"href":"https:\/\/www.miomiorun.com\/fr\/wp-json\/wp\/v2\/product_tag?post=280782"}],"curies":[{"name":"wp","href":"https:\/\/api.w.org\/{rel}","templated":true}]}}