{"id":280751,"date":"2021-10-12T18:43:01","date_gmt":"2021-10-12T16:43:01","guid":{"rendered":"https:\/\/miomiorun.com\/prodotto\/uyn-energyon-uw-shirt-ls-uomo\/"},"modified":"2026-05-08T21:15:31","modified_gmt":"2026-05-08T19:15:31","slug":"uyn-energyon-uw-shirt-ls-homme","status":"publish","type":"product","link":"https:\/\/www.miomiorun.com\/fr\/produit\/uyn-energyon-uw-shirt-ls-homme\/","title":{"rendered":"Energyon UW shirt LS homme"},"content":{"rendered":"<div id=\"tab-description\" class=\"tab-pane active\" role=\"tabpanel\"><strong>Energyon UW<\/strong> pour homme est un maillot thermique \u00e0 manches longues&nbsp; parfait pour les activit\u00e9s \u00e0 haute intensit\u00e9 et \u00e0 forte transpiration qui exigent en m\u00eame temps un niveau thermique plus \u00e9lev\u00e9 au niveau des bras, comme le ski de fond et le ski alpinisme.<\/div>\n<div class=\"tab-pane active\" role=\"tabpanel\">Cette version du maillot de corps Energyon combine des manches longues, anatomiques et tr\u00e8s \u00e9lastiques, avec la technologie exclusive <strong>Flowtunnels<\/strong> pour une ventilation maximale.<\/div>\n<div class=\"tab-pane active\" role=\"tabpanel\">Au niveau des aisselles, de la poitrine et du dos, la pr\u00e9sence de <strong>micro-perforations<\/strong> combin\u00e9es \u00e0 des canaux tridimensionnels cr\u00e9e un flux d&#8217;air sur la peau qui isole et rafra\u00eechit.<\/div>\n<div class=\"tab-pane active\" role=\"tabpanel\">\n<p>De cette fa\u00e7on, la temp\u00e9rature corporelle et le bien-\u00eatre de l&#8217;athl\u00e8te restent constants pendant toute la dur\u00e9e de l&#8217;activit\u00e9.<\/p>\n<div role=\"tabpanel\"><strong>Caract\u00e9ristiques :<\/strong><\/div>\n<\/div>\n<div role=\"tabpanel\">\n<ul>\n<li>en Natex, fibre 100 % naturelle extra-l\u00e9g\u00e8re et \u00e0 s\u00e9chage rapide.<\/li>\n<li>tissu fabriqu\u00e9 \u00e0 partir de mat\u00e9riaux organiques et \u00e0 effet bact\u00e9riostatique.<\/li>\n<li>construction Hypermotion : le v\u00eatement est fabriqu\u00e9 \u00e0 partir d&#8217;une seule pi\u00e8ce de tissu afin de minimiser les coutures et l&#8217;inconfort.<\/li>\n<li>technologie Flowtunnels avec perforations strat\u00e9giques pour une ventilation maximale.<\/li>\n<li>col rond classique avec bordure renforc\u00e9e extra douce.<\/li>\n<li>coupe ajust\u00e9e pour une libert\u00e9 de mouvement maximale.<\/li>\n<li>\u00e9l\u00e9ments distinctifs UYN contrast\u00e9s.<\/li>\n<\/ul>\n<\/div>\n<div role=\"tabpanel\"><\/div>\n","protected":false},"excerpt":{"rendered":"<p>Energyon UW pour homme est un maillot thermique \u00e0 manches longues&nbsp; parfait pour les activit\u00e9s \u00e0 haute intensit\u00e9 et \u00e0 forte transpiration qui exigent en m\u00eame temps un niveau thermique plus \u00e9lev\u00e9 au niveau des bras, comme le ski de fond et le ski alpinisme. Cette version du maillot de corps Energyon combine des manches &hellip; <a href=\"https:\/\/www.miomiorun.com\/fr\/produit\/uyn-energyon-uw-shirt-ls-homme\/\">Continued<\/a><\/p>\n","protected":false},"featured_media":233909,"template":"","meta":{"_acf_changed":false,"inline_featured_image":false},"product_brand":[],"product_cat":[24479,24482,24484],"product_tag":[23526,23550],"class_list":{"0":"post-280751","1":"product","2":"type-product","3":"status-publish","4":"has-post-thumbnail","6":"product_cat-sous-vetements-fr-2","7":"product_cat-vetements-pour-hommes-fr","8":"product_cat-homme","9":"product_tag-uyn-fr","10":"product_tag-uyn-homme","11":"pa_attivita-marcher","12":"pa_attivita-outdoor-fr","13":"pa_attivita-running-fr","14":"pa_attivita-trail-fr","15":"pa_colore-energyon-uw-shirt-long-sl-m-white-fr","16":"pa_marca-uyn-fr","17":"pa_sesso-homme","18":"pa_size-l-xl-fr","19":"pa_size-xxl-fr","21":"first","22":"instock","23":"sale","24":"taxable","25":"shipping-taxable","26":"purchasable","27":"product-type-variable","28":"wvs-archive-product-wrapper"},"acf":[],"yoast_head":"<!-- This site is optimized with the Yoast SEO plugin v26.8 - https:\/\/yoast.com\/product\/yoast-seo-wordpress\/ -->\n<title>Uyn Energyon UW shirt LS homme - Sous-v\u00eatements thermiques - MioMioRun.com<\/title>\n<meta name=\"description\" content=\"Energyon UW pour homme est un t-shirt thermique \u00e0 manches longues\u00a0 parfait pour les activit\u00e9s intenses et la transpiration, pour une meilleure isolation thermique.\" \/>\n<meta name=\"robots\" content=\"index, follow, max-snippet:-1, max-image-preview:large, max-video-preview:-1\" \/>\n<link rel=\"canonical\" href=\"https:\/\/www.miomiorun.com\/fr\/produit\/uyn-energyon-uw-shirt-ls-homme\/\" \/>\n<meta property=\"og:locale\" content=\"fr_FR\" \/>\n<meta property=\"og:type\" content=\"article\" \/>\n<meta property=\"og:title\" content=\"Uyn Energyon UW shirt LS homme - Sous-v\u00eatements thermiques - MioMioRun.com\" \/>\n<meta property=\"og:description\" content=\"Energyon UW pour homme est un t-shirt thermique \u00e0 manches longues\u00a0 parfait pour les activit\u00e9s intenses et la transpiration, pour une meilleure isolation thermique.\" \/>\n<meta property=\"og:url\" content=\"https:\/\/www.miomiorun.com\/fr\/produit\/uyn-energyon-uw-shirt-ls-homme\/\" \/>\n<meta property=\"og:site_name\" content=\"MioMioRun\" \/>\n<meta property=\"article:publisher\" content=\"https:\/\/www.facebook.com\/miomiorun\/\" \/>\n<meta property=\"article:modified_time\" content=\"2026-05-08T19:15:31+00:00\" \/>\n<meta property=\"og:image\" content=\"https:\/\/www.miomiorun.com\/app\/uploads\/2021\/10\/uyn-Energyon-UW-shirt-long-sl-U100218-W000.jpg\" \/>\n\t<meta property=\"og:image:width\" content=\"600\" \/>\n\t<meta property=\"og:image:height\" content=\"600\" \/>\n\t<meta property=\"og:image:type\" content=\"image\/jpeg\" \/>\n<meta name=\"twitter:card\" content=\"summary_large_image\" \/>\n<meta name=\"twitter:label1\" content=\"Est. reading time\" \/>\n\t<meta name=\"twitter:data1\" content=\"1 minute\" \/>\n<script type=\"application\/ld+json\" class=\"yoast-schema-graph\">{\"@context\":\"https:\/\/schema.org\",\"@graph\":[{\"@type\":\"WebPage\",\"@id\":\"https:\/\/www.miomiorun.com\/fr\/produit\/uyn-energyon-uw-shirt-ls-homme\/\",\"url\":\"https:\/\/www.miomiorun.com\/fr\/produit\/uyn-energyon-uw-shirt-ls-homme\/\",\"name\":\"Uyn Energyon UW shirt LS homme - Sous-v\u00eatements thermiques - MioMioRun.com\",\"isPartOf\":{\"@id\":\"https:\/\/www.miomiorun.com\/fr\/#website\"},\"primaryImageOfPage\":{\"@id\":\"https:\/\/www.miomiorun.com\/fr\/produit\/uyn-energyon-uw-shirt-ls-homme\/#primaryimage\"},\"image\":{\"@id\":\"https:\/\/www.miomiorun.com\/fr\/produit\/uyn-energyon-uw-shirt-ls-homme\/#primaryimage\"},\"thumbnailUrl\":\"https:\/\/www.miomiorun.com\/app\/uploads\/2021\/10\/uyn-Energyon-UW-shirt-long-sl-U100218-W000.jpg\",\"datePublished\":\"2021-10-12T16:43:01+00:00\",\"dateModified\":\"2026-05-08T19:15:31+00:00\",\"description\":\"Energyon UW pour homme est un t-shirt thermique \u00e0 manches longues\u00a0 parfait pour les activit\u00e9s intenses et la transpiration, pour une meilleure isolation thermique.\",\"breadcrumb\":{\"@id\":\"https:\/\/www.miomiorun.com\/fr\/produit\/uyn-energyon-uw-shirt-ls-homme\/#breadcrumb\"},\"inLanguage\":\"fr-FR\",\"potentialAction\":[{\"@type\":\"ReadAction\",\"target\":[\"https:\/\/www.miomiorun.com\/fr\/produit\/uyn-energyon-uw-shirt-ls-homme\/\"]}]},{\"@type\":\"ImageObject\",\"inLanguage\":\"fr-FR\",\"@id\":\"https:\/\/www.miomiorun.com\/fr\/produit\/uyn-energyon-uw-shirt-ls-homme\/#primaryimage\",\"url\":\"https:\/\/www.miomiorun.com\/app\/uploads\/2021\/10\/uyn-Energyon-UW-shirt-long-sl-U100218-W000.jpg\",\"contentUrl\":\"https:\/\/www.miomiorun.com\/app\/uploads\/2021\/10\/uyn-Energyon-UW-shirt-long-sl-U100218-W000.jpg\",\"width\":600,\"height\":600,\"caption\":\"uyn energyon uw shirt long sl fronte\"},{\"@type\":\"BreadcrumbList\",\"@id\":\"https:\/\/www.miomiorun.com\/fr\/produit\/uyn-energyon-uw-shirt-ls-homme\/#breadcrumb\",\"itemListElement\":[{\"@type\":\"ListItem\",\"position\":1,\"name\":\"Home\",\"item\":\"https:\/\/www.miomiorun.com\/fr\/home-page\/\"},{\"@type\":\"ListItem\",\"position\":2,\"name\":\"Shop\",\"item\":\"https:\/\/www.miomiorun.com\/shop\/\"},{\"@type\":\"ListItem\",\"position\":3,\"name\":\"Energyon UW shirt LS homme\"}]},{\"@type\":\"WebSite\",\"@id\":\"https:\/\/www.miomiorun.com\/fr\/#website\",\"url\":\"https:\/\/www.miomiorun.com\/fr\/\",\"name\":\"MioMioRun\",\"description\":\"Boutique 100% running et trail\",\"publisher\":{\"@id\":\"https:\/\/www.miomiorun.com\/fr\/#organization\"},\"potentialAction\":[{\"@type\":\"SearchAction\",\"target\":{\"@type\":\"EntryPoint\",\"urlTemplate\":\"https:\/\/www.miomiorun.com\/fr\/?s={search_term_string}\"},\"query-input\":{\"@type\":\"PropertyValueSpecification\",\"valueRequired\":true,\"valueName\":\"search_term_string\"}}],\"inLanguage\":\"fr-FR\"},{\"@type\":\"Organization\",\"@id\":\"https:\/\/www.miomiorun.com\/fr\/#organization\",\"name\":\"MioMio Run\",\"url\":\"https:\/\/www.miomiorun.com\/fr\/\",\"logo\":{\"@type\":\"ImageObject\",\"inLanguage\":\"fr-FR\",\"@id\":\"https:\/\/www.miomiorun.com\/fr\/#\/schema\/logo\/image\/\",\"url\":\"https:\/\/www.miomiorun.com\/app\/uploads\/2019\/12\/logomio.png\",\"contentUrl\":\"https:\/\/www.miomiorun.com\/app\/uploads\/2019\/12\/logomio.png\",\"width\":115,\"height\":82,\"caption\":\"MioMio Run\"},\"image\":{\"@id\":\"https:\/\/www.miomiorun.com\/fr\/#\/schema\/logo\/image\/\"},\"sameAs\":[\"https:\/\/www.facebook.com\/miomiorun\/\",\"https:\/\/www.instagram.com\/miomiorun\/\"]}]}<\/script>\n<!-- \/ Yoast SEO plugin. -->","yoast_head_json":{"title":"Uyn Energyon UW shirt LS homme - Sous-v\u00eatements thermiques - MioMioRun.com","description":"Energyon UW pour homme est un t-shirt thermique \u00e0 manches longues\u00a0 parfait pour les activit\u00e9s intenses et la transpiration, pour une meilleure isolation thermique.","robots":{"index":"index","follow":"follow","max-snippet":"max-snippet:-1","max-image-preview":"max-image-preview:large","max-video-preview":"max-video-preview:-1"},"canonical":"https:\/\/www.miomiorun.com\/fr\/produit\/uyn-energyon-uw-shirt-ls-homme\/","og_locale":"fr_FR","og_type":"article","og_title":"Uyn Energyon UW shirt LS homme - Sous-v\u00eatements thermiques - MioMioRun.com","og_description":"Energyon UW pour homme est un t-shirt thermique \u00e0 manches longues\u00a0 parfait pour les activit\u00e9s intenses et la transpiration, pour une meilleure isolation thermique.","og_url":"https:\/\/www.miomiorun.com\/fr\/produit\/uyn-energyon-uw-shirt-ls-homme\/","og_site_name":"MioMioRun","article_publisher":"https:\/\/www.facebook.com\/miomiorun\/","article_modified_time":"2026-05-08T19:15:31+00:00","og_image":[{"width":600,"height":600,"url":"https:\/\/www.miomiorun.com\/app\/uploads\/2021\/10\/uyn-Energyon-UW-shirt-long-sl-U100218-W000.jpg","type":"image\/jpeg"}],"twitter_card":"summary_large_image","twitter_misc":{"Est. reading time":"1 minute"},"schema":{"@context":"https:\/\/schema.org","@graph":[{"@type":"WebPage","@id":"https:\/\/www.miomiorun.com\/fr\/produit\/uyn-energyon-uw-shirt-ls-homme\/","url":"https:\/\/www.miomiorun.com\/fr\/produit\/uyn-energyon-uw-shirt-ls-homme\/","name":"Uyn Energyon UW shirt LS homme - Sous-v\u00eatements thermiques - MioMioRun.com","isPartOf":{"@id":"https:\/\/www.miomiorun.com\/fr\/#website"},"primaryImageOfPage":{"@id":"https:\/\/www.miomiorun.com\/fr\/produit\/uyn-energyon-uw-shirt-ls-homme\/#primaryimage"},"image":{"@id":"https:\/\/www.miomiorun.com\/fr\/produit\/uyn-energyon-uw-shirt-ls-homme\/#primaryimage"},"thumbnailUrl":"https:\/\/www.miomiorun.com\/app\/uploads\/2021\/10\/uyn-Energyon-UW-shirt-long-sl-U100218-W000.jpg","datePublished":"2021-10-12T16:43:01+00:00","dateModified":"2026-05-08T19:15:31+00:00","description":"Energyon UW pour homme est un t-shirt thermique \u00e0 manches longues\u00a0 parfait pour les activit\u00e9s intenses et la transpiration, pour une meilleure isolation thermique.","breadcrumb":{"@id":"https:\/\/www.miomiorun.com\/fr\/produit\/uyn-energyon-uw-shirt-ls-homme\/#breadcrumb"},"inLanguage":"fr-FR","potentialAction":[{"@type":"ReadAction","target":["https:\/\/www.miomiorun.com\/fr\/produit\/uyn-energyon-uw-shirt-ls-homme\/"]}]},{"@type":"ImageObject","inLanguage":"fr-FR","@id":"https:\/\/www.miomiorun.com\/fr\/produit\/uyn-energyon-uw-shirt-ls-homme\/#primaryimage","url":"https:\/\/www.miomiorun.com\/app\/uploads\/2021\/10\/uyn-Energyon-UW-shirt-long-sl-U100218-W000.jpg","contentUrl":"https:\/\/www.miomiorun.com\/app\/uploads\/2021\/10\/uyn-Energyon-UW-shirt-long-sl-U100218-W000.jpg","width":600,"height":600,"caption":"uyn energyon uw shirt long sl fronte"},{"@type":"BreadcrumbList","@id":"https:\/\/www.miomiorun.com\/fr\/produit\/uyn-energyon-uw-shirt-ls-homme\/#breadcrumb","itemListElement":[{"@type":"ListItem","position":1,"name":"Home","item":"https:\/\/www.miomiorun.com\/fr\/home-page\/"},{"@type":"ListItem","position":2,"name":"Shop","item":"https:\/\/www.miomiorun.com\/shop\/"},{"@type":"ListItem","position":3,"name":"Energyon UW shirt LS homme"}]},{"@type":"WebSite","@id":"https:\/\/www.miomiorun.com\/fr\/#website","url":"https:\/\/www.miomiorun.com\/fr\/","name":"MioMioRun","description":"Boutique 100% running et trail","publisher":{"@id":"https:\/\/www.miomiorun.com\/fr\/#organization"},"potentialAction":[{"@type":"SearchAction","target":{"@type":"EntryPoint","urlTemplate":"https:\/\/www.miomiorun.com\/fr\/?s={search_term_string}"},"query-input":{"@type":"PropertyValueSpecification","valueRequired":true,"valueName":"search_term_string"}}],"inLanguage":"fr-FR"},{"@type":"Organization","@id":"https:\/\/www.miomiorun.com\/fr\/#organization","name":"MioMio Run","url":"https:\/\/www.miomiorun.com\/fr\/","logo":{"@type":"ImageObject","inLanguage":"fr-FR","@id":"https:\/\/www.miomiorun.com\/fr\/#\/schema\/logo\/image\/","url":"https:\/\/www.miomiorun.com\/app\/uploads\/2019\/12\/logomio.png","contentUrl":"https:\/\/www.miomiorun.com\/app\/uploads\/2019\/12\/logomio.png","width":115,"height":82,"caption":"MioMio Run"},"image":{"@id":"https:\/\/www.miomiorun.com\/fr\/#\/schema\/logo\/image\/"},"sameAs":["https:\/\/www.facebook.com\/miomiorun\/","https:\/\/www.instagram.com\/miomiorun\/"]}]}},"_links":{"self":[{"href":"https:\/\/www.miomiorun.com\/fr\/wp-json\/wp\/v2\/product\/280751","targetHints":{"allow":["GET"]}}],"collection":[{"href":"https:\/\/www.miomiorun.com\/fr\/wp-json\/wp\/v2\/product"}],"about":[{"href":"https:\/\/www.miomiorun.com\/fr\/wp-json\/wp\/v2\/types\/product"}],"wp:featuredmedia":[{"embeddable":true,"href":"https:\/\/www.miomiorun.com\/fr\/wp-json\/wp\/v2\/media\/233909"}],"wp:attachment":[{"href":"https:\/\/www.miomiorun.com\/fr\/wp-json\/wp\/v2\/media?parent=280751"}],"wp:term":[{"taxonomy":"product_brand","embeddable":true,"href":"https:\/\/www.miomiorun.com\/fr\/wp-json\/wp\/v2\/product_brand?post=280751"},{"taxonomy":"product_cat","embeddable":true,"href":"https:\/\/www.miomiorun.com\/fr\/wp-json\/wp\/v2\/product_cat?post=280751"},{"taxonomy":"product_tag","embeddable":true,"href":"https:\/\/www.miomiorun.com\/fr\/wp-json\/wp\/v2\/product_tag?post=280751"}],"curies":[{"name":"wp","href":"https:\/\/api.w.org\/{rel}","templated":true}]}}