{"id":280748,"date":"2021-10-12T18:51:57","date_gmt":"2021-10-12T16:51:57","guid":{"rendered":"https:\/\/miomiorun.com\/prodotto\/uyn-marathon-ow-shirt-donna\/"},"modified":"2026-05-08T21:15:32","modified_gmt":"2026-05-08T19:15:32","slug":"uyn-marathon-ow-shirt-femme","status":"publish","type":"product","link":"https:\/\/www.miomiorun.com\/fr\/produit\/uyn-marathon-ow-shirt-femme\/","title":{"rendered":"Marathon OW shirt femme"},"content":{"rendered":"<div class=\"tab-custom-inner-max content-wysiwyg\"><\/div>\n<div class=\"tab-custom-inner-max content-wysiwyg\">\n<div class=\"product-line\">\n<p><strong>Marathon d&#8217;Uyn<\/strong> pour femme est un maillot de course l\u00e9ger et \u00e9lastique, offrant une ventilation optimale qui \u00e9vacue rapidement la transpiration vers l&#8217;ext\u00e9rieur, r\u00e9gulant efficacement la temp\u00e9rature corporelle pour un confort optimal.<\/p>\n<p><strong>Caract\u00e9ristiques :<\/strong><\/p>\n<ul>\n<li>technologie Coolvent pour une bonne circulation de l&#8217;air<\/li>\n<li>technologie Drylight qui \u00e9vacue l&#8217;humidit\u00e9 vers l&#8217;ext\u00e9rieur<\/li>\n<li>construction hypermotion qui soutient la posture du corps<\/li>\n<li>col rond<\/li>\n<li>manches raglan pour une mobilit\u00e9 optimale<\/li>\n<li>bords \u00e9lastiques<\/li>\n<li>logo Uyn oversize \u00e0 l&#8217;avant et \u00e0 l&#8217;arri\u00e8re<\/li>\n<\/ul>\n<h3>Technologies<\/h3>\n<div id=\"tab-technology\" class=\"tab-pane active\" role=\"tabpanel\">\n<div class=\"tab-custom\">\n<div class=\"tab-items\">\n<div class=\"row\">\n<div class=\"col-xs-12 col-sm-4\">\n<div class=\"tab-item\">\n<div class=\"media media-md\">\n<div class=\"media-left\"><img loading=\"lazy\" decoding=\"async\" class=\"\" src=\"https:\/\/images.prismic.io\/uynsports\/558d27668629dc0d13a92787903add7452ef943d_coolvent.jpg?auto=compress,format\" alt=\"Coolvent\" width=\"88\" height=\"88\"><\/div>\n<div class=\"media-body\">\n<div class=\"title\"><strong>Coolvent<\/strong><\/div>\n<p>Le concept Coolvent est synonyme de confort absolu. Il repose sur la structure ouverte du tissu : la surface interne est travers\u00e9e par des canaux qui favorisent un flux d&#8217;air constant. Il absorbe rapidement la transpiration, rafra\u00eechit le corps pendant l&#8217;activit\u00e9 physique et maintient la peau toujours s\u00e8che.<\/p>\n<\/div>\n<\/div>\n<\/div>\n<\/div>\n<div class=\"col-xs-12 col-sm-4\">\n<div class=\"tab-item\">\n<div class=\"media media-md\">\n<div class=\"media-left\"><img loading=\"lazy\" decoding=\"async\" class=\"\" src=\"https:\/\/images.prismic.io\/uynsports\/527a70652da805d4a951d23b1d682161e9f97dcf_drylight.jpg?auto=compress,format\" alt=\"Drylight\" width=\"88\" height=\"88\"><\/div>\n<div class=\"media-body\">\n<div class=\"title\"><strong>Drylight<\/strong><\/div>\n<p>La technologie Drylight de UYN\u00ae offre un confort optimal dans toutes les zones du corps o\u00f9 la transpiration s&#8217;accumule. Gr\u00e2ce \u00e0 un maillage plus perm\u00e9able et hautement absorbant, l&#8217;humidit\u00e9 est rapidement \u00e9vacu\u00e9e vers l&#8217;ext\u00e9rieur.<\/p>\n<\/div>\n<\/div>\n<\/div>\n<\/div>\n<div class=\"col-xs-12 col-sm-4\">\n<div class=\"tab-item\">\n<div class=\"media media-md\">\n<div class=\"media-left\"><img loading=\"lazy\" decoding=\"async\" class=\"\" src=\"https:\/\/images.prismic.io\/uynsports\/89800456c6e9adddef3efa4e70bf25dcbd6b6aab_hypermotion2.jpg?auto=compress,format\" alt=\"Hypermotion\u00b2\" width=\"88\" height=\"88\"><\/div>\n<div class=\"media-body\">\n<div class=\"title\"><strong>Hypermotion\u00b2<\/strong><\/div>\n<p>Hypermotion\u00b2 offre une libert\u00e9 de mouvement encore plus grande. Il n&#8217;y a aucune couture verticale, ni sur les \u00e9paules ni sur la poitrine. Rien ne peut limiter le mouvement des bras.<\/p>\n<\/div>\n<\/div>\n<\/div>\n<\/div>\n<div class=\"col-xs-12 col-sm-4\">\n<div class=\"tab-item\">\n<div class=\"media media-md\">\n<div class=\"media-left\"><strong><img loading=\"lazy\" decoding=\"async\" class=\"\" src=\"https:\/\/images.prismic.io\/uynsports\/1304e00edf5a78c715bdc0f15cac1cece3921fad_meta-ribs-top.jpg?auto=compress,format\" alt=\"Meta-Ribs\" width=\"88\" height=\"88\"><\/strong><\/div>\n<div class=\"media-body\">\n<div class=\"title\"><strong>Meta-Ribs<\/strong><\/div>\n<p>Gr\u00e2ce aux Meta-Ribs int\u00e9gr\u00e9s et stabilisateurs, le syst\u00e8me Hypermotion\u00b2 favorise une posture id\u00e9ale, qui permet \u00e0 la cage thoracique de se dilater et facilite ainsi la respiration.<\/p>\n<\/div>\n<\/div>\n<\/div>\n<\/div>\n<div class=\"col-xs-12 col-sm-4\">\n<div class=\"tab-item\">\n<div class=\"media media-md\">\n<div class=\"media-left\"><strong><img loading=\"lazy\" decoding=\"async\" class=\"\" src=\"https:\/\/images.prismic.io\/uynsports\/4aa9ee299293b2a0a42d8c38f2dd934260f726b5_t-hexagon.png?auto=compress,format\" alt=\"T-Hexagon\" width=\"88\" height=\"88\"><\/strong><\/div>\n<div class=\"media-body\">\n<div class=\"title\"><strong>T-Hexagon<\/strong><\/div>\n<p>La structure hexagonale 3D du tissu permet une r\u00e9gulation parfaite de la temp\u00e9rature corporelle. Au niveau de l&#8217;abdomen, la structure est plus \u00e9paisse pour garantir une meilleure isolation et une meilleure stabilit\u00e9, tandis qu&#8217;elle s&#8217;amincit au niveau de la poitrine pour favoriser la transpiration et l&#8217;\u00e9vaporation de la sueur.<\/p>\n<\/div>\n<\/div>\n<\/div>\n<\/div>\n<\/div>\n<\/div>\n<\/div>\n<\/div>\n<\/div>\n<\/div>\n","protected":false},"excerpt":{"rendered":"<p>Marathon d&#8217;Uyn pour femme est un maillot de course l\u00e9ger et \u00e9lastique, offrant une ventilation optimale qui \u00e9vacue rapidement la transpiration vers l&#8217;ext\u00e9rieur, r\u00e9gulant efficacement la temp\u00e9rature corporelle pour un confort optimal. Caract\u00e9ristiques : technologie Coolvent pour une bonne circulation de l&#8217;air technologie Drylight qui \u00e9vacue l&#8217;humidit\u00e9 vers l&#8217;ext\u00e9rieur construction hypermotion qui soutient la posture &hellip; <a href=\"https:\/\/www.miomiorun.com\/fr\/produit\/uyn-marathon-ow-shirt-femme\/\">Continued<\/a><\/p>\n","protected":false},"featured_media":233915,"template":"","meta":{"_acf_changed":false,"inline_featured_image":false},"product_brand":[],"product_cat":[22600,22596,22595],"product_tag":[23526,23549],"class_list":{"0":"post-280748","1":"product","2":"type-product","3":"status-publish","4":"has-post-thumbnail","6":"product_cat-sous-vetements","7":"product_cat-vetements-pour-femmes","8":"product_cat-femme","9":"product_tag-uyn-fr","10":"product_tag-uyn-femme","11":"pa_attivita-marcher","12":"pa_attivita-running-fr","13":"pa_colore-lady-marathon-ow-shirt-blackboard-charcoal-white-fr","14":"pa_colore-lady-marathon-ow-shirt-flamingo-flamingo-light-white-fr","15":"pa_marca-uyn-fr","16":"pa_sesso-femme","17":"pa_size-s-m-fr","18":"pa_size-l-xl-fr","20":"first","21":"instock","22":"sale","23":"taxable","24":"shipping-taxable","25":"purchasable","26":"product-type-variable","27":"wvs-archive-product-wrapper"},"acf":[],"yoast_head":"<!-- This site is optimized with the Yoast SEO plugin v26.8 - https:\/\/yoast.com\/product\/yoast-seo-wordpress\/ -->\n<title>Uyn Marathon OW shirt femme - Sous-v\u00eatements thermiques - MioMioRun.com<\/title>\n<meta name=\"description\" content=\"Le Marathon d&#039;Uyn pour femme est un t-shirt de course l\u00e9ger et \u00e9lastique, dot\u00e9 d&#039;une ventilation optimale qui \u00e9vacue la transpiration vers l&#039;ext\u00e9rieur.\" \/>\n<meta name=\"robots\" content=\"index, follow, max-snippet:-1, max-image-preview:large, max-video-preview:-1\" \/>\n<link rel=\"canonical\" href=\"https:\/\/www.miomiorun.com\/fr\/produit\/uyn-marathon-ow-shirt-femme\/\" \/>\n<meta property=\"og:locale\" content=\"fr_FR\" \/>\n<meta property=\"og:type\" content=\"article\" \/>\n<meta property=\"og:title\" content=\"Uyn Marathon OW shirt femme - Sous-v\u00eatements thermiques - MioMioRun.com\" \/>\n<meta property=\"og:description\" content=\"Le Marathon d&#039;Uyn pour femme est un t-shirt de course l\u00e9ger et \u00e9lastique, dot\u00e9 d&#039;une ventilation optimale qui \u00e9vacue la transpiration vers l&#039;ext\u00e9rieur.\" \/>\n<meta property=\"og:url\" content=\"https:\/\/www.miomiorun.com\/fr\/produit\/uyn-marathon-ow-shirt-femme\/\" \/>\n<meta property=\"og:site_name\" content=\"MioMioRun\" \/>\n<meta property=\"article:publisher\" content=\"https:\/\/www.facebook.com\/miomiorun\/\" \/>\n<meta property=\"article:modified_time\" content=\"2026-05-08T19:15:32+00:00\" \/>\n<meta property=\"og:image\" content=\"https:\/\/www.miomiorun.com\/app\/uploads\/2021\/10\/uyn-Lady-marathon-OW-shirt-O101950-93P370.jpg\" \/>\n\t<meta property=\"og:image:width\" content=\"600\" \/>\n\t<meta property=\"og:image:height\" content=\"600\" \/>\n\t<meta property=\"og:image:type\" content=\"image\/jpeg\" \/>\n<meta name=\"twitter:card\" content=\"summary_large_image\" \/>\n<meta name=\"twitter:label1\" content=\"Est. reading time\" \/>\n\t<meta name=\"twitter:data1\" content=\"1 minute\" \/>\n<script type=\"application\/ld+json\" class=\"yoast-schema-graph\">{\"@context\":\"https:\/\/schema.org\",\"@graph\":[{\"@type\":\"WebPage\",\"@id\":\"https:\/\/www.miomiorun.com\/fr\/produit\/uyn-marathon-ow-shirt-femme\/\",\"url\":\"https:\/\/www.miomiorun.com\/fr\/produit\/uyn-marathon-ow-shirt-femme\/\",\"name\":\"Uyn Marathon OW shirt femme - Sous-v\u00eatements thermiques - MioMioRun.com\",\"isPartOf\":{\"@id\":\"https:\/\/www.miomiorun.com\/fr\/#website\"},\"primaryImageOfPage\":{\"@id\":\"https:\/\/www.miomiorun.com\/fr\/produit\/uyn-marathon-ow-shirt-femme\/#primaryimage\"},\"image\":{\"@id\":\"https:\/\/www.miomiorun.com\/fr\/produit\/uyn-marathon-ow-shirt-femme\/#primaryimage\"},\"thumbnailUrl\":\"https:\/\/www.miomiorun.com\/app\/uploads\/2021\/10\/uyn-Lady-marathon-OW-shirt-O101950-93P370.jpg\",\"datePublished\":\"2021-10-12T16:51:57+00:00\",\"dateModified\":\"2026-05-08T19:15:32+00:00\",\"description\":\"Le Marathon d'Uyn pour femme est un t-shirt de course l\u00e9ger et \u00e9lastique, dot\u00e9 d'une ventilation optimale qui \u00e9vacue la transpiration vers l'ext\u00e9rieur.\",\"breadcrumb\":{\"@id\":\"https:\/\/www.miomiorun.com\/fr\/produit\/uyn-marathon-ow-shirt-femme\/#breadcrumb\"},\"inLanguage\":\"fr-FR\",\"potentialAction\":[{\"@type\":\"ReadAction\",\"target\":[\"https:\/\/www.miomiorun.com\/fr\/produit\/uyn-marathon-ow-shirt-femme\/\"]}]},{\"@type\":\"ImageObject\",\"inLanguage\":\"fr-FR\",\"@id\":\"https:\/\/www.miomiorun.com\/fr\/produit\/uyn-marathon-ow-shirt-femme\/#primaryimage\",\"url\":\"https:\/\/www.miomiorun.com\/app\/uploads\/2021\/10\/uyn-Lady-marathon-OW-shirt-O101950-93P370.jpg\",\"contentUrl\":\"https:\/\/www.miomiorun.com\/app\/uploads\/2021\/10\/uyn-Lady-marathon-OW-shirt-O101950-93P370.jpg\",\"width\":600,\"height\":600,\"caption\":\"uyn lady marathon ow shirt\"},{\"@type\":\"BreadcrumbList\",\"@id\":\"https:\/\/www.miomiorun.com\/fr\/produit\/uyn-marathon-ow-shirt-femme\/#breadcrumb\",\"itemListElement\":[{\"@type\":\"ListItem\",\"position\":1,\"name\":\"Home\",\"item\":\"https:\/\/www.miomiorun.com\/fr\/home-page\/\"},{\"@type\":\"ListItem\",\"position\":2,\"name\":\"Shop\",\"item\":\"https:\/\/www.miomiorun.com\/shop\/\"},{\"@type\":\"ListItem\",\"position\":3,\"name\":\"Marathon OW shirt femme\"}]},{\"@type\":\"WebSite\",\"@id\":\"https:\/\/www.miomiorun.com\/fr\/#website\",\"url\":\"https:\/\/www.miomiorun.com\/fr\/\",\"name\":\"MioMioRun\",\"description\":\"Boutique 100% running et trail\",\"publisher\":{\"@id\":\"https:\/\/www.miomiorun.com\/fr\/#organization\"},\"potentialAction\":[{\"@type\":\"SearchAction\",\"target\":{\"@type\":\"EntryPoint\",\"urlTemplate\":\"https:\/\/www.miomiorun.com\/fr\/?s={search_term_string}\"},\"query-input\":{\"@type\":\"PropertyValueSpecification\",\"valueRequired\":true,\"valueName\":\"search_term_string\"}}],\"inLanguage\":\"fr-FR\"},{\"@type\":\"Organization\",\"@id\":\"https:\/\/www.miomiorun.com\/fr\/#organization\",\"name\":\"MioMio Run\",\"url\":\"https:\/\/www.miomiorun.com\/fr\/\",\"logo\":{\"@type\":\"ImageObject\",\"inLanguage\":\"fr-FR\",\"@id\":\"https:\/\/www.miomiorun.com\/fr\/#\/schema\/logo\/image\/\",\"url\":\"https:\/\/www.miomiorun.com\/app\/uploads\/2019\/12\/logomio.png\",\"contentUrl\":\"https:\/\/www.miomiorun.com\/app\/uploads\/2019\/12\/logomio.png\",\"width\":115,\"height\":82,\"caption\":\"MioMio Run\"},\"image\":{\"@id\":\"https:\/\/www.miomiorun.com\/fr\/#\/schema\/logo\/image\/\"},\"sameAs\":[\"https:\/\/www.facebook.com\/miomiorun\/\",\"https:\/\/www.instagram.com\/miomiorun\/\"]}]}<\/script>\n<!-- \/ Yoast SEO plugin. -->","yoast_head_json":{"title":"Uyn Marathon OW shirt femme - Sous-v\u00eatements thermiques - MioMioRun.com","description":"Le Marathon d'Uyn pour femme est un t-shirt de course l\u00e9ger et \u00e9lastique, dot\u00e9 d'une ventilation optimale qui \u00e9vacue la transpiration vers l'ext\u00e9rieur.","robots":{"index":"index","follow":"follow","max-snippet":"max-snippet:-1","max-image-preview":"max-image-preview:large","max-video-preview":"max-video-preview:-1"},"canonical":"https:\/\/www.miomiorun.com\/fr\/produit\/uyn-marathon-ow-shirt-femme\/","og_locale":"fr_FR","og_type":"article","og_title":"Uyn Marathon OW shirt femme - Sous-v\u00eatements thermiques - MioMioRun.com","og_description":"Le Marathon d'Uyn pour femme est un t-shirt de course l\u00e9ger et \u00e9lastique, dot\u00e9 d'une ventilation optimale qui \u00e9vacue la transpiration vers l'ext\u00e9rieur.","og_url":"https:\/\/www.miomiorun.com\/fr\/produit\/uyn-marathon-ow-shirt-femme\/","og_site_name":"MioMioRun","article_publisher":"https:\/\/www.facebook.com\/miomiorun\/","article_modified_time":"2026-05-08T19:15:32+00:00","og_image":[{"width":600,"height":600,"url":"https:\/\/www.miomiorun.com\/app\/uploads\/2021\/10\/uyn-Lady-marathon-OW-shirt-O101950-93P370.jpg","type":"image\/jpeg"}],"twitter_card":"summary_large_image","twitter_misc":{"Est. reading time":"1 minute"},"schema":{"@context":"https:\/\/schema.org","@graph":[{"@type":"WebPage","@id":"https:\/\/www.miomiorun.com\/fr\/produit\/uyn-marathon-ow-shirt-femme\/","url":"https:\/\/www.miomiorun.com\/fr\/produit\/uyn-marathon-ow-shirt-femme\/","name":"Uyn Marathon OW shirt femme - Sous-v\u00eatements thermiques - MioMioRun.com","isPartOf":{"@id":"https:\/\/www.miomiorun.com\/fr\/#website"},"primaryImageOfPage":{"@id":"https:\/\/www.miomiorun.com\/fr\/produit\/uyn-marathon-ow-shirt-femme\/#primaryimage"},"image":{"@id":"https:\/\/www.miomiorun.com\/fr\/produit\/uyn-marathon-ow-shirt-femme\/#primaryimage"},"thumbnailUrl":"https:\/\/www.miomiorun.com\/app\/uploads\/2021\/10\/uyn-Lady-marathon-OW-shirt-O101950-93P370.jpg","datePublished":"2021-10-12T16:51:57+00:00","dateModified":"2026-05-08T19:15:32+00:00","description":"Le Marathon d'Uyn pour femme est un t-shirt de course l\u00e9ger et \u00e9lastique, dot\u00e9 d'une ventilation optimale qui \u00e9vacue la transpiration vers l'ext\u00e9rieur.","breadcrumb":{"@id":"https:\/\/www.miomiorun.com\/fr\/produit\/uyn-marathon-ow-shirt-femme\/#breadcrumb"},"inLanguage":"fr-FR","potentialAction":[{"@type":"ReadAction","target":["https:\/\/www.miomiorun.com\/fr\/produit\/uyn-marathon-ow-shirt-femme\/"]}]},{"@type":"ImageObject","inLanguage":"fr-FR","@id":"https:\/\/www.miomiorun.com\/fr\/produit\/uyn-marathon-ow-shirt-femme\/#primaryimage","url":"https:\/\/www.miomiorun.com\/app\/uploads\/2021\/10\/uyn-Lady-marathon-OW-shirt-O101950-93P370.jpg","contentUrl":"https:\/\/www.miomiorun.com\/app\/uploads\/2021\/10\/uyn-Lady-marathon-OW-shirt-O101950-93P370.jpg","width":600,"height":600,"caption":"uyn lady marathon ow shirt"},{"@type":"BreadcrumbList","@id":"https:\/\/www.miomiorun.com\/fr\/produit\/uyn-marathon-ow-shirt-femme\/#breadcrumb","itemListElement":[{"@type":"ListItem","position":1,"name":"Home","item":"https:\/\/www.miomiorun.com\/fr\/home-page\/"},{"@type":"ListItem","position":2,"name":"Shop","item":"https:\/\/www.miomiorun.com\/shop\/"},{"@type":"ListItem","position":3,"name":"Marathon OW shirt femme"}]},{"@type":"WebSite","@id":"https:\/\/www.miomiorun.com\/fr\/#website","url":"https:\/\/www.miomiorun.com\/fr\/","name":"MioMioRun","description":"Boutique 100% running et trail","publisher":{"@id":"https:\/\/www.miomiorun.com\/fr\/#organization"},"potentialAction":[{"@type":"SearchAction","target":{"@type":"EntryPoint","urlTemplate":"https:\/\/www.miomiorun.com\/fr\/?s={search_term_string}"},"query-input":{"@type":"PropertyValueSpecification","valueRequired":true,"valueName":"search_term_string"}}],"inLanguage":"fr-FR"},{"@type":"Organization","@id":"https:\/\/www.miomiorun.com\/fr\/#organization","name":"MioMio Run","url":"https:\/\/www.miomiorun.com\/fr\/","logo":{"@type":"ImageObject","inLanguage":"fr-FR","@id":"https:\/\/www.miomiorun.com\/fr\/#\/schema\/logo\/image\/","url":"https:\/\/www.miomiorun.com\/app\/uploads\/2019\/12\/logomio.png","contentUrl":"https:\/\/www.miomiorun.com\/app\/uploads\/2019\/12\/logomio.png","width":115,"height":82,"caption":"MioMio Run"},"image":{"@id":"https:\/\/www.miomiorun.com\/fr\/#\/schema\/logo\/image\/"},"sameAs":["https:\/\/www.facebook.com\/miomiorun\/","https:\/\/www.instagram.com\/miomiorun\/"]}]}},"_links":{"self":[{"href":"https:\/\/www.miomiorun.com\/fr\/wp-json\/wp\/v2\/product\/280748","targetHints":{"allow":["GET"]}}],"collection":[{"href":"https:\/\/www.miomiorun.com\/fr\/wp-json\/wp\/v2\/product"}],"about":[{"href":"https:\/\/www.miomiorun.com\/fr\/wp-json\/wp\/v2\/types\/product"}],"wp:featuredmedia":[{"embeddable":true,"href":"https:\/\/www.miomiorun.com\/fr\/wp-json\/wp\/v2\/media\/233915"}],"wp:attachment":[{"href":"https:\/\/www.miomiorun.com\/fr\/wp-json\/wp\/v2\/media?parent=280748"}],"wp:term":[{"taxonomy":"product_brand","embeddable":true,"href":"https:\/\/www.miomiorun.com\/fr\/wp-json\/wp\/v2\/product_brand?post=280748"},{"taxonomy":"product_cat","embeddable":true,"href":"https:\/\/www.miomiorun.com\/fr\/wp-json\/wp\/v2\/product_cat?post=280748"},{"taxonomy":"product_tag","embeddable":true,"href":"https:\/\/www.miomiorun.com\/fr\/wp-json\/wp\/v2\/product_tag?post=280748"}],"curies":[{"name":"wp","href":"https:\/\/api.w.org\/{rel}","templated":true}]}}