{"id":280741,"date":"2021-10-12T17:32:10","date_gmt":"2021-10-12T15:32:10","guid":{"rendered":"https:\/\/miomiorun.com\/prodotto\/craft-adv-subz-vest-2-uomo\/"},"modified":"2026-05-08T21:15:30","modified_gmt":"2026-05-08T19:15:30","slug":"craft-adv-subz-vest-2-homme","status":"publish","type":"product","link":"https:\/\/www.miomiorun.com\/fr\/produit\/craft-adv-subz-vest-2-homme\/","title":{"rendered":"Adv Subz Vest 2 homme"},"content":{"rendered":"<p id=\"tw-target-text\" class=\"tw-data-text tw-text-large XcVN5d tw-ta\" dir=\"ltr\" data-placeholder=\"Traduzione\"><span class=\"Y2IQFc\" lang=\"it\"><strong>ADV SubZ Vest 2<\/strong> pour homme est un gilet de course hautement fonctionnel avec un rembourrage l\u00e9ger qui vous garde au chaud pendant les entra\u00eenements intenses dans des conditions hivernales froides. Ce gilet avanc\u00e9 pour le froid est dot\u00e9 d&#8217;un devant Ventair\u00ae coupe-vent avec un rembourrage l\u00e9ger dans un design 3 couches coll\u00e9es. De plus, le jersey en polyester recycl\u00e9 bross\u00e9 et \u00e9lasthanne \u00e0 l&#8217;arri\u00e8re assure un transfert efficace de l&#8217;humidit\u00e9 et une plus grande libert\u00e9 de mouvement.<\/p>\n<p class=\"tw-data-text tw-text-large XcVN5d tw-ta\" dir=\"ltr\" data-placeholder=\"Traduzione\"><strong><span class=\"Y2IQFc\" lang=\"it\">Caract\u00e9ristiques :<\/span><\/strong><\/p>\n<ul>\n<li class=\"tw-data-text tw-text-large XcVN5d tw-ta\" dir=\"ltr\" data-placeholder=\"Traduzione\"><span class=\"Y2IQFc\" lang=\"it\">&nbsp;Ventair\u00ae coupe-vent et rembourrage l\u00e9ger \u00e0 l&#8217;avant.<\/span><\/li>\n<li class=\"tw-data-text tw-text-large XcVN5d tw-ta\" dir=\"ltr\" data-placeholder=\"Traduzione\"><span class=\"Y2IQFc\" lang=\"it\">Jersey recycl\u00e9 bross\u00e9 et \u00e9lastique \u00e0 l&#8217;arri\u00e8re.<\/span><\/li>\n<li class=\"tw-data-text tw-text-large XcVN5d tw-ta\" dir=\"ltr\" data-placeholder=\"Traduzione\"><span class=\"Y2IQFc\" lang=\"it\">Poche zipp\u00e9e dissimul\u00e9e sur la poitrine. <\/span><\/li>\n<li class=\"tw-data-text tw-text-large XcVN5d tw-ta\" dir=\"ltr\" data-placeholder=\"Traduzione\"><span class=\"Y2IQFc\" lang=\"it\">D\u00e9tails r\u00e9fl\u00e9chissants.<\/span><\/li>\n<\/ul>\n<p><strong>Mat\u00e9riau :<\/strong> Devant : 100 % polyester Dos : 88 % polyester recycl\u00e9, 12 % \u00e9lasthanne.<\/p>\n<p>&nbsp;<\/span><\/p>\n","protected":false},"excerpt":{"rendered":"<p>ADV SubZ Vest 2 pour homme est un gilet de course hautement fonctionnel avec un rembourrage l\u00e9ger qui vous garde au chaud pendant les entra\u00eenements intenses dans des conditions hivernales froides. Ce gilet avanc\u00e9 pour le froid est dot\u00e9 d&#8217;un devant Ventair\u00ae coupe-vent avec un rembourrage l\u00e9ger dans un design 3 couches coll\u00e9es. De plus, &hellip; <a href=\"https:\/\/www.miomiorun.com\/fr\/produit\/craft-adv-subz-vest-2-homme\/\">Continued<\/a><\/p>\n","protected":false},"featured_media":233957,"template":"","meta":{"_acf_changed":false,"inline_featured_image":false},"product_brand":[],"product_cat":[24480,24482,24484],"product_tag":[23554,23647],"class_list":{"0":"post-280741","1":"product","2":"type-product","3":"status-publish","4":"has-post-thumbnail","6":"product_cat-vestes-fr-2","7":"product_cat-vetements-pour-hommes-fr","8":"product_cat-homme","9":"product_tag-craft-fr","10":"product_tag-craft-homme","11":"pa_attivita-lifestyle-fr","12":"pa_attivita-marcher","13":"pa_attivita-running-fr","14":"pa_colore-adv-subz-vest-2-black-fr","15":"pa_marca-craft-fr","16":"pa_sesso-homme","17":"pa_size-small-fr","19":"first","20":"instock","21":"sale","22":"taxable","23":"shipping-taxable","24":"purchasable","25":"product-type-variable","26":"wvs-archive-product-wrapper"},"acf":[],"yoast_head":"<!-- This site is optimized with the Yoast SEO plugin v26.8 - https:\/\/yoast.com\/product\/yoast-seo-wordpress\/ -->\n<title>Craft Adv Subz Vest 2 homme - Gilet de course - MioMioRun.com<\/title>\n<meta name=\"description\" content=\"Le gilet ADV SubZ Vest 2 pour homme est un gilet de course hautement fonctionnel avec un rembourrage l\u00e9ger qui vous garde au chaud pendant vos entra\u00eenements.\" \/>\n<meta name=\"robots\" content=\"index, follow, max-snippet:-1, max-image-preview:large, max-video-preview:-1\" \/>\n<link rel=\"canonical\" href=\"https:\/\/www.miomiorun.com\/fr\/produit\/craft-adv-subz-vest-2-homme\/\" \/>\n<meta property=\"og:locale\" content=\"fr_FR\" \/>\n<meta property=\"og:type\" content=\"article\" \/>\n<meta property=\"og:title\" content=\"Craft Adv Subz Vest 2 homme - Gilet de course - MioMioRun.com\" \/>\n<meta property=\"og:description\" content=\"Le gilet ADV SubZ Vest 2 pour homme est un gilet de course hautement fonctionnel avec un rembourrage l\u00e9ger qui vous garde au chaud pendant vos entra\u00eenements.\" \/>\n<meta property=\"og:url\" content=\"https:\/\/www.miomiorun.com\/fr\/produit\/craft-adv-subz-vest-2-homme\/\" \/>\n<meta property=\"og:site_name\" content=\"MioMioRun\" \/>\n<meta property=\"article:publisher\" content=\"https:\/\/www.facebook.com\/miomiorun\/\" \/>\n<meta property=\"article:modified_time\" content=\"2026-05-08T19:15:30+00:00\" \/>\n<meta property=\"og:image\" content=\"https:\/\/www.miomiorun.com\/app\/uploads\/2021\/10\/craft-adv-subz-vest-2-1911333-999000.jpg\" \/>\n\t<meta property=\"og:image:width\" content=\"600\" \/>\n\t<meta property=\"og:image:height\" content=\"600\" \/>\n\t<meta property=\"og:image:type\" content=\"image\/jpeg\" \/>\n<meta name=\"twitter:card\" content=\"summary_large_image\" \/>\n<meta name=\"twitter:label1\" content=\"Est. reading time\" \/>\n\t<meta name=\"twitter:data1\" content=\"1 minute\" \/>\n<script type=\"application\/ld+json\" class=\"yoast-schema-graph\">{\"@context\":\"https:\/\/schema.org\",\"@graph\":[{\"@type\":\"WebPage\",\"@id\":\"https:\/\/www.miomiorun.com\/fr\/produit\/craft-adv-subz-vest-2-homme\/\",\"url\":\"https:\/\/www.miomiorun.com\/fr\/produit\/craft-adv-subz-vest-2-homme\/\",\"name\":\"Craft Adv Subz Vest 2 homme - Gilet de course - MioMioRun.com\",\"isPartOf\":{\"@id\":\"https:\/\/www.miomiorun.com\/fr\/#website\"},\"primaryImageOfPage\":{\"@id\":\"https:\/\/www.miomiorun.com\/fr\/produit\/craft-adv-subz-vest-2-homme\/#primaryimage\"},\"image\":{\"@id\":\"https:\/\/www.miomiorun.com\/fr\/produit\/craft-adv-subz-vest-2-homme\/#primaryimage\"},\"thumbnailUrl\":\"https:\/\/www.miomiorun.com\/app\/uploads\/2021\/10\/craft-adv-subz-vest-2-1911333-999000.jpg\",\"datePublished\":\"2021-10-12T15:32:10+00:00\",\"dateModified\":\"2026-05-08T19:15:30+00:00\",\"description\":\"Le gilet ADV SubZ Vest 2 pour homme est un gilet de course hautement fonctionnel avec un rembourrage l\u00e9ger qui vous garde au chaud pendant vos entra\u00eenements.\",\"breadcrumb\":{\"@id\":\"https:\/\/www.miomiorun.com\/fr\/produit\/craft-adv-subz-vest-2-homme\/#breadcrumb\"},\"inLanguage\":\"fr-FR\",\"potentialAction\":[{\"@type\":\"ReadAction\",\"target\":[\"https:\/\/www.miomiorun.com\/fr\/produit\/craft-adv-subz-vest-2-homme\/\"]}]},{\"@type\":\"ImageObject\",\"inLanguage\":\"fr-FR\",\"@id\":\"https:\/\/www.miomiorun.com\/fr\/produit\/craft-adv-subz-vest-2-homme\/#primaryimage\",\"url\":\"https:\/\/www.miomiorun.com\/app\/uploads\/2021\/10\/craft-adv-subz-vest-2-1911333-999000.jpg\",\"contentUrl\":\"https:\/\/www.miomiorun.com\/app\/uploads\/2021\/10\/craft-adv-subz-vest-2-1911333-999000.jpg\",\"width\":600,\"height\":600,\"caption\":\"craft adv subz vest\"},{\"@type\":\"BreadcrumbList\",\"@id\":\"https:\/\/www.miomiorun.com\/fr\/produit\/craft-adv-subz-vest-2-homme\/#breadcrumb\",\"itemListElement\":[{\"@type\":\"ListItem\",\"position\":1,\"name\":\"Home\",\"item\":\"https:\/\/www.miomiorun.com\/fr\/home-page\/\"},{\"@type\":\"ListItem\",\"position\":2,\"name\":\"Shop\",\"item\":\"https:\/\/www.miomiorun.com\/shop\/\"},{\"@type\":\"ListItem\",\"position\":3,\"name\":\"Adv Subz Vest 2 homme\"}]},{\"@type\":\"WebSite\",\"@id\":\"https:\/\/www.miomiorun.com\/fr\/#website\",\"url\":\"https:\/\/www.miomiorun.com\/fr\/\",\"name\":\"MioMioRun\",\"description\":\"Boutique 100% running et trail\",\"publisher\":{\"@id\":\"https:\/\/www.miomiorun.com\/fr\/#organization\"},\"potentialAction\":[{\"@type\":\"SearchAction\",\"target\":{\"@type\":\"EntryPoint\",\"urlTemplate\":\"https:\/\/www.miomiorun.com\/fr\/?s={search_term_string}\"},\"query-input\":{\"@type\":\"PropertyValueSpecification\",\"valueRequired\":true,\"valueName\":\"search_term_string\"}}],\"inLanguage\":\"fr-FR\"},{\"@type\":\"Organization\",\"@id\":\"https:\/\/www.miomiorun.com\/fr\/#organization\",\"name\":\"MioMio Run\",\"url\":\"https:\/\/www.miomiorun.com\/fr\/\",\"logo\":{\"@type\":\"ImageObject\",\"inLanguage\":\"fr-FR\",\"@id\":\"https:\/\/www.miomiorun.com\/fr\/#\/schema\/logo\/image\/\",\"url\":\"https:\/\/www.miomiorun.com\/app\/uploads\/2019\/12\/logomio.png\",\"contentUrl\":\"https:\/\/www.miomiorun.com\/app\/uploads\/2019\/12\/logomio.png\",\"width\":115,\"height\":82,\"caption\":\"MioMio Run\"},\"image\":{\"@id\":\"https:\/\/www.miomiorun.com\/fr\/#\/schema\/logo\/image\/\"},\"sameAs\":[\"https:\/\/www.facebook.com\/miomiorun\/\",\"https:\/\/www.instagram.com\/miomiorun\/\"]}]}<\/script>\n<!-- \/ Yoast SEO plugin. -->","yoast_head_json":{"title":"Craft Adv Subz Vest 2 homme - Gilet de course - MioMioRun.com","description":"Le gilet ADV SubZ Vest 2 pour homme est un gilet de course hautement fonctionnel avec un rembourrage l\u00e9ger qui vous garde au chaud pendant vos entra\u00eenements.","robots":{"index":"index","follow":"follow","max-snippet":"max-snippet:-1","max-image-preview":"max-image-preview:large","max-video-preview":"max-video-preview:-1"},"canonical":"https:\/\/www.miomiorun.com\/fr\/produit\/craft-adv-subz-vest-2-homme\/","og_locale":"fr_FR","og_type":"article","og_title":"Craft Adv Subz Vest 2 homme - Gilet de course - MioMioRun.com","og_description":"Le gilet ADV SubZ Vest 2 pour homme est un gilet de course hautement fonctionnel avec un rembourrage l\u00e9ger qui vous garde au chaud pendant vos entra\u00eenements.","og_url":"https:\/\/www.miomiorun.com\/fr\/produit\/craft-adv-subz-vest-2-homme\/","og_site_name":"MioMioRun","article_publisher":"https:\/\/www.facebook.com\/miomiorun\/","article_modified_time":"2026-05-08T19:15:30+00:00","og_image":[{"width":600,"height":600,"url":"https:\/\/www.miomiorun.com\/app\/uploads\/2021\/10\/craft-adv-subz-vest-2-1911333-999000.jpg","type":"image\/jpeg"}],"twitter_card":"summary_large_image","twitter_misc":{"Est. reading time":"1 minute"},"schema":{"@context":"https:\/\/schema.org","@graph":[{"@type":"WebPage","@id":"https:\/\/www.miomiorun.com\/fr\/produit\/craft-adv-subz-vest-2-homme\/","url":"https:\/\/www.miomiorun.com\/fr\/produit\/craft-adv-subz-vest-2-homme\/","name":"Craft Adv Subz Vest 2 homme - Gilet de course - MioMioRun.com","isPartOf":{"@id":"https:\/\/www.miomiorun.com\/fr\/#website"},"primaryImageOfPage":{"@id":"https:\/\/www.miomiorun.com\/fr\/produit\/craft-adv-subz-vest-2-homme\/#primaryimage"},"image":{"@id":"https:\/\/www.miomiorun.com\/fr\/produit\/craft-adv-subz-vest-2-homme\/#primaryimage"},"thumbnailUrl":"https:\/\/www.miomiorun.com\/app\/uploads\/2021\/10\/craft-adv-subz-vest-2-1911333-999000.jpg","datePublished":"2021-10-12T15:32:10+00:00","dateModified":"2026-05-08T19:15:30+00:00","description":"Le gilet ADV SubZ Vest 2 pour homme est un gilet de course hautement fonctionnel avec un rembourrage l\u00e9ger qui vous garde au chaud pendant vos entra\u00eenements.","breadcrumb":{"@id":"https:\/\/www.miomiorun.com\/fr\/produit\/craft-adv-subz-vest-2-homme\/#breadcrumb"},"inLanguage":"fr-FR","potentialAction":[{"@type":"ReadAction","target":["https:\/\/www.miomiorun.com\/fr\/produit\/craft-adv-subz-vest-2-homme\/"]}]},{"@type":"ImageObject","inLanguage":"fr-FR","@id":"https:\/\/www.miomiorun.com\/fr\/produit\/craft-adv-subz-vest-2-homme\/#primaryimage","url":"https:\/\/www.miomiorun.com\/app\/uploads\/2021\/10\/craft-adv-subz-vest-2-1911333-999000.jpg","contentUrl":"https:\/\/www.miomiorun.com\/app\/uploads\/2021\/10\/craft-adv-subz-vest-2-1911333-999000.jpg","width":600,"height":600,"caption":"craft adv subz vest"},{"@type":"BreadcrumbList","@id":"https:\/\/www.miomiorun.com\/fr\/produit\/craft-adv-subz-vest-2-homme\/#breadcrumb","itemListElement":[{"@type":"ListItem","position":1,"name":"Home","item":"https:\/\/www.miomiorun.com\/fr\/home-page\/"},{"@type":"ListItem","position":2,"name":"Shop","item":"https:\/\/www.miomiorun.com\/shop\/"},{"@type":"ListItem","position":3,"name":"Adv Subz Vest 2 homme"}]},{"@type":"WebSite","@id":"https:\/\/www.miomiorun.com\/fr\/#website","url":"https:\/\/www.miomiorun.com\/fr\/","name":"MioMioRun","description":"Boutique 100% running et trail","publisher":{"@id":"https:\/\/www.miomiorun.com\/fr\/#organization"},"potentialAction":[{"@type":"SearchAction","target":{"@type":"EntryPoint","urlTemplate":"https:\/\/www.miomiorun.com\/fr\/?s={search_term_string}"},"query-input":{"@type":"PropertyValueSpecification","valueRequired":true,"valueName":"search_term_string"}}],"inLanguage":"fr-FR"},{"@type":"Organization","@id":"https:\/\/www.miomiorun.com\/fr\/#organization","name":"MioMio Run","url":"https:\/\/www.miomiorun.com\/fr\/","logo":{"@type":"ImageObject","inLanguage":"fr-FR","@id":"https:\/\/www.miomiorun.com\/fr\/#\/schema\/logo\/image\/","url":"https:\/\/www.miomiorun.com\/app\/uploads\/2019\/12\/logomio.png","contentUrl":"https:\/\/www.miomiorun.com\/app\/uploads\/2019\/12\/logomio.png","width":115,"height":82,"caption":"MioMio Run"},"image":{"@id":"https:\/\/www.miomiorun.com\/fr\/#\/schema\/logo\/image\/"},"sameAs":["https:\/\/www.facebook.com\/miomiorun\/","https:\/\/www.instagram.com\/miomiorun\/"]}]}},"_links":{"self":[{"href":"https:\/\/www.miomiorun.com\/fr\/wp-json\/wp\/v2\/product\/280741","targetHints":{"allow":["GET"]}}],"collection":[{"href":"https:\/\/www.miomiorun.com\/fr\/wp-json\/wp\/v2\/product"}],"about":[{"href":"https:\/\/www.miomiorun.com\/fr\/wp-json\/wp\/v2\/types\/product"}],"wp:featuredmedia":[{"embeddable":true,"href":"https:\/\/www.miomiorun.com\/fr\/wp-json\/wp\/v2\/media\/233957"}],"wp:attachment":[{"href":"https:\/\/www.miomiorun.com\/fr\/wp-json\/wp\/v2\/media?parent=280741"}],"wp:term":[{"taxonomy":"product_brand","embeddable":true,"href":"https:\/\/www.miomiorun.com\/fr\/wp-json\/wp\/v2\/product_brand?post=280741"},{"taxonomy":"product_cat","embeddable":true,"href":"https:\/\/www.miomiorun.com\/fr\/wp-json\/wp\/v2\/product_cat?post=280741"},{"taxonomy":"product_tag","embeddable":true,"href":"https:\/\/www.miomiorun.com\/fr\/wp-json\/wp\/v2\/product_tag?post=280741"}],"curies":[{"name":"wp","href":"https:\/\/api.w.org\/{rel}","templated":true}]}}