{"id":280655,"date":"2021-10-12T18:22:34","date_gmt":"2021-10-12T16:22:34","guid":{"rendered":"https:\/\/miomiorun.com\/prodotto\/uyn-alpha-ow-pants-long-uomo\/"},"modified":"2026-05-08T21:15:02","modified_gmt":"2026-05-08T19:15:02","slug":"uyn-alpha-ow-pants-long-homme","status":"publish","type":"product","link":"https:\/\/www.miomiorun.com\/fr\/produit\/uyn-alpha-ow-pants-long-homme\/","title":{"rendered":"Alpha OW Pants Long homme"},"content":{"rendered":"<div id=\"tab-description\" class=\"tab-pane active\" role=\"tabpanel\">\n<div class=\"tab-custom\">\n<div class=\"tab-content\">\n<div id=\"tab-description\" class=\"tab-pane active\" role=\"tabpanel\">\n<div class=\"tab-custom\">\n<div class=\"tab-content\">\n<div id=\"tab-description\" class=\"tab-pane active\" role=\"tabpanel\">\n<div class=\"tab-custom\">\n<div class=\"tab-custom-inner-max content-wysiwyg\">\n<p><strong>UYN Running Alpha OW Pants Long<\/strong> soutient les coureurs \u00e0 chaque foul\u00e9e. La compression int\u00e9gr\u00e9e stabilise les muscles des cuisses et les fatigue moins rapidement. Sans coutures internes, ce pantalon \u00e9pouse parfaitement les formes du corps. Il prot\u00e8ge \u00e9galement du refroidissement, avant et apr\u00e8s l&#8217;effort physique. Ainsi, les athl\u00e8tes sont toujours pr\u00eats \u00e0 donner le meilleur d&#8217;eux-m\u00eames, m\u00eame par temps froid.<\/p>\n<\/div>\n<div class=\"tab-custom-inner-max content-wysiwyg\">\n<div class=\"product-line\">\n<h3>L&#8217;IMPULSION FRA\u00ceCHE POUR VOTRE PERFORMANCE<\/h3>\n<p>Le froid. C&#8217;est la sensation que votre corps r\u00e9clame avant chaque performance \u00e0 haute temp\u00e9rature. Celle qui vous pr\u00e9pare aux efforts les plus intenses. Celle que vous ressentez d\u00e8s que vous enfilez les v\u00eatements de la gamme Alpha Coolboost. Nous les avons fabriqu\u00e9s avec le mat\u00e9riau innovant Freshcore Yarn pour vous donner un avantage initial. Nous les avons con\u00e7us en \u00e9tudiant chaque mouvement de vos muscles et en analysant scientifiquement la dispersion de la chaleur corporelle. Gardez votre sang-froid : lib\u00e9rez votre \u00e9nergie.<\/p>\n<\/div>\n<\/div>\n<\/div>\n<\/div>\n<\/div>\n<\/div>\n<\/div>\n<\/div>\n<\/div>\n<\/div>\n<p>&nbsp;<\/p>\n<div class=\"tab-custom-inner-max content-wysiwyg\">\n<div class=\"product-line\">\n<div id=\"tab-technology\" class=\"tab-pane active\" role=\"tabpanel\">\n<div class=\"tab-custom\">\n<div class=\"tab-items\">\n<div class=\"row\">\n<div class=\"col-xs-12 col-sm-4\">\n<div class=\"tab-item\">\n<div class=\"media media-md\">\n<div class=\"media-left\"><img loading=\"lazy\" decoding=\"async\" class=\"\" src=\"https:\/\/images.prismic.io\/uynsports\/4aa9ee299293b2a0a42d8c38f2dd934260f726b5_t-hexagon.png?auto=compress,format\" alt=\"T-Hexagon\" width=\"88\" height=\"88\"><\/div>\n<div class=\"media-body\">\n<div class=\"title\">T-Hexagon<\/div>\n<p>La structure hexagonale 3D du tissu permet une r\u00e9gulation parfaite de la temp\u00e9rature corporelle. Au niveau de l&#8217;abdomen, la structure est plus \u00e9paisse afin de garantir une meilleure isolation et une meilleure stabilit\u00e9, tandis qu&#8217;elle s&#8217;amincit au niveau de la poitrine afin de favoriser la transpiration et l&#8217;\u00e9vaporation de la sueur.<\/p>\n<div class=\"col-xs-12 col-sm-4\">\n<div class=\"tab-item\">\n<div class=\"media media-md\">\n<div class=\"media-left\"><img loading=\"lazy\" decoding=\"async\" class=\"\" src=\"https:\/\/images.prismic.io\/uynsports\/13fc4115884309b60b3b431df95b71da6726097c_meta-ribs-bottom.png?auto=compress,format\" alt=\"Meta-Ribs\" width=\"88\" height=\"88\"><\/div>\n<div class=\"media-body\">\n<div class=\"title\">Meta-Ribs<\/div>\n<p>Au niveau des muscles, les Stabilizing META-RIBS int\u00e9gr\u00e9es contribuent \u00e0 une posture correcte pendant l&#8217;activit\u00e9 physique. En m\u00eame temps, ils cr\u00e9ent une pression qui stabilise les muscles et favorise la circulation sanguine. Il en r\u00e9sulte un plus grand bien-\u00eatre pour le corps et une meilleure concentration.<\/p>\n<div class=\"col-xs-12 col-sm-4\">\n<div class=\"tab-item\">\n<div class=\"media media-md\">\n<div class=\"media-left\"><img loading=\"lazy\" decoding=\"async\" class=\"\" src=\"https:\/\/images.prismic.io\/uynsports\/b31939ddcff17e639e984b5ec487fc90f2f10db8_ultramotion.png?auto=compress,format\" alt=\"Ultramotion\" width=\"89\" height=\"89\"><\/div>\n<div class=\"media-body\">\n<div class=\"title\">Ultramotion<\/div>\n<p>Au niveau des hanches, la forme incurv\u00e9e du syst\u00e8me UYN\u00ae ULTRAMOTION apporte une plus grande stabilit\u00e9 au torse et au bas du dos. Comme pour la technologie Hypermotion, les shorts sont \u00e9galement fabriqu\u00e9s d&#8217;une seule pi\u00e8ce. Cette structure sp\u00e9ciale offre une libert\u00e9 de mouvement illimit\u00e9e.<\/p>\n<\/div>\n<\/div>\n<\/div>\n<\/div>\n<\/div>\n<\/div>\n<\/div>\n<\/div>\n<div class=\"media-body\">\n<p class=\"title\">MAT\u00c9RIAU : <span class=\"cyc-color-text_secondary\">49 % polyamide, 47 % polyester, 3 % \u00e9lasthanne, 1 % polypropyl\u00e8ne<\/span><\/p>\n<\/div>\n<\/div>\n<\/div>\n<\/div>\n<\/div>\n<\/div>\n<\/div>\n<\/div>\n<\/div>\n<\/div>\n<\/div>\n","protected":false},"excerpt":{"rendered":"<p>UYN Running Alpha OW Pants Long soutient les coureurs \u00e0 chaque foul\u00e9e. La compression int\u00e9gr\u00e9e stabilise les muscles des cuisses et les fatigue moins rapidement. Sans coutures internes, ce pantalon \u00e9pouse parfaitement les formes du corps. Il prot\u00e8ge \u00e9galement du refroidissement, avant et apr\u00e8s l&#8217;effort physique. Ainsi, les athl\u00e8tes sont toujours pr\u00eats \u00e0 donner le &hellip; <a href=\"https:\/\/www.miomiorun.com\/fr\/produit\/uyn-alpha-ow-pants-long-homme\/\">Continued<\/a><\/p>\n","protected":false},"featured_media":233899,"template":"","meta":{"_acf_changed":false,"inline_featured_image":false},"product_brand":[],"product_cat":[24477,24479,24482,24484],"product_tag":[23526,23550],"class_list":{"0":"post-280655","1":"product","2":"type-product","3":"status-publish","4":"has-post-thumbnail","6":"product_cat-pantalon-court-fr-3","7":"product_cat-sous-vetements-fr-2","8":"product_cat-vetements-pour-hommes-fr","9":"product_cat-homme","10":"product_tag-uyn-fr","11":"product_tag-uyn-homme","12":"pa_attivita-marcher","13":"pa_attivita-outdoor-fr","14":"pa_attivita-running-fr","15":"pa_attivita-trail-fr","16":"pa_marca-uyn-fr","17":"pa_sesso-homme","18":"pa_size-medium-fr","20":"first","21":"instock","22":"sale","23":"taxable","24":"shipping-taxable","25":"purchasable","26":"product-type-variable","27":"wvs-archive-product-wrapper"},"acf":[],"yoast_head":"<!-- This site is optimized with the Yoast SEO plugin v26.8 - https:\/\/yoast.com\/product\/yoast-seo-wordpress\/ -->\n<title>Uyn Alpha OW Pants Long homme - Pantalon thermique - MioMioRun<\/title>\n<meta name=\"description\" content=\"Le pantalon UYN Running Alpha OW Pants Long soutient les coureurs \u00e0 chaque foul\u00e9e et sa compression int\u00e9gr\u00e9e stabilise les muscles de la cuisse.\" \/>\n<meta name=\"robots\" content=\"index, follow, max-snippet:-1, max-image-preview:large, max-video-preview:-1\" \/>\n<link rel=\"canonical\" href=\"https:\/\/www.miomiorun.com\/fr\/produit\/uyn-alpha-ow-pants-long-homme\/\" \/>\n<meta property=\"og:locale\" content=\"fr_FR\" \/>\n<meta property=\"og:type\" content=\"article\" \/>\n<meta property=\"og:title\" content=\"Uyn Alpha OW Pants Long homme - Pantalon thermique - MioMioRun\" \/>\n<meta property=\"og:description\" content=\"Le pantalon UYN Running Alpha OW Pants Long soutient les coureurs \u00e0 chaque foul\u00e9e et sa compression int\u00e9gr\u00e9e stabilise les muscles de la cuisse.\" \/>\n<meta property=\"og:url\" content=\"https:\/\/www.miomiorun.com\/fr\/produit\/uyn-alpha-ow-pants-long-homme\/\" \/>\n<meta property=\"og:site_name\" content=\"MioMioRun\" \/>\n<meta property=\"article:publisher\" content=\"https:\/\/www.facebook.com\/miomiorun\/\" \/>\n<meta property=\"article:modified_time\" content=\"2026-05-08T19:15:02+00:00\" \/>\n<meta property=\"og:image\" content=\"https:\/\/www.miomiorun.com\/app\/uploads\/2021\/10\/uyn-Running-Alpha-OW-pants-long-O101426-G080.jpg\" \/>\n\t<meta property=\"og:image:width\" content=\"600\" \/>\n\t<meta property=\"og:image:height\" content=\"600\" \/>\n\t<meta property=\"og:image:type\" content=\"image\/jpeg\" \/>\n<meta name=\"twitter:card\" content=\"summary_large_image\" \/>\n<meta name=\"twitter:label1\" content=\"Est. reading time\" \/>\n\t<meta name=\"twitter:data1\" content=\"2 minutes\" \/>\n<script type=\"application\/ld+json\" class=\"yoast-schema-graph\">{\"@context\":\"https:\/\/schema.org\",\"@graph\":[{\"@type\":\"WebPage\",\"@id\":\"https:\/\/www.miomiorun.com\/fr\/produit\/uyn-alpha-ow-pants-long-homme\/\",\"url\":\"https:\/\/www.miomiorun.com\/fr\/produit\/uyn-alpha-ow-pants-long-homme\/\",\"name\":\"Uyn Alpha OW Pants Long homme - Pantalon thermique - MioMioRun\",\"isPartOf\":{\"@id\":\"https:\/\/www.miomiorun.com\/fr\/#website\"},\"primaryImageOfPage\":{\"@id\":\"https:\/\/www.miomiorun.com\/fr\/produit\/uyn-alpha-ow-pants-long-homme\/#primaryimage\"},\"image\":{\"@id\":\"https:\/\/www.miomiorun.com\/fr\/produit\/uyn-alpha-ow-pants-long-homme\/#primaryimage\"},\"thumbnailUrl\":\"https:\/\/www.miomiorun.com\/app\/uploads\/2021\/10\/uyn-Running-Alpha-OW-pants-long-O101426-G080.jpg\",\"datePublished\":\"2021-10-12T16:22:34+00:00\",\"dateModified\":\"2026-05-08T19:15:02+00:00\",\"description\":\"Le pantalon UYN Running Alpha OW Pants Long soutient les coureurs \u00e0 chaque foul\u00e9e et sa compression int\u00e9gr\u00e9e stabilise les muscles de la cuisse.\",\"breadcrumb\":{\"@id\":\"https:\/\/www.miomiorun.com\/fr\/produit\/uyn-alpha-ow-pants-long-homme\/#breadcrumb\"},\"inLanguage\":\"fr-FR\",\"potentialAction\":[{\"@type\":\"ReadAction\",\"target\":[\"https:\/\/www.miomiorun.com\/fr\/produit\/uyn-alpha-ow-pants-long-homme\/\"]}]},{\"@type\":\"ImageObject\",\"inLanguage\":\"fr-FR\",\"@id\":\"https:\/\/www.miomiorun.com\/fr\/produit\/uyn-alpha-ow-pants-long-homme\/#primaryimage\",\"url\":\"https:\/\/www.miomiorun.com\/app\/uploads\/2021\/10\/uyn-Running-Alpha-OW-pants-long-O101426-G080.jpg\",\"contentUrl\":\"https:\/\/www.miomiorun.com\/app\/uploads\/2021\/10\/uyn-Running-Alpha-OW-pants-long-O101426-G080.jpg\",\"width\":600,\"height\":600,\"caption\":\"uyn running alpha ow pants long\"},{\"@type\":\"BreadcrumbList\",\"@id\":\"https:\/\/www.miomiorun.com\/fr\/produit\/uyn-alpha-ow-pants-long-homme\/#breadcrumb\",\"itemListElement\":[{\"@type\":\"ListItem\",\"position\":1,\"name\":\"Home\",\"item\":\"https:\/\/www.miomiorun.com\/fr\/home-page\/\"},{\"@type\":\"ListItem\",\"position\":2,\"name\":\"Shop\",\"item\":\"https:\/\/www.miomiorun.com\/shop\/\"},{\"@type\":\"ListItem\",\"position\":3,\"name\":\"Alpha OW Pants Long homme\"}]},{\"@type\":\"WebSite\",\"@id\":\"https:\/\/www.miomiorun.com\/fr\/#website\",\"url\":\"https:\/\/www.miomiorun.com\/fr\/\",\"name\":\"MioMioRun\",\"description\":\"Boutique 100% running et trail\",\"publisher\":{\"@id\":\"https:\/\/www.miomiorun.com\/fr\/#organization\"},\"potentialAction\":[{\"@type\":\"SearchAction\",\"target\":{\"@type\":\"EntryPoint\",\"urlTemplate\":\"https:\/\/www.miomiorun.com\/fr\/?s={search_term_string}\"},\"query-input\":{\"@type\":\"PropertyValueSpecification\",\"valueRequired\":true,\"valueName\":\"search_term_string\"}}],\"inLanguage\":\"fr-FR\"},{\"@type\":\"Organization\",\"@id\":\"https:\/\/www.miomiorun.com\/fr\/#organization\",\"name\":\"MioMio Run\",\"url\":\"https:\/\/www.miomiorun.com\/fr\/\",\"logo\":{\"@type\":\"ImageObject\",\"inLanguage\":\"fr-FR\",\"@id\":\"https:\/\/www.miomiorun.com\/fr\/#\/schema\/logo\/image\/\",\"url\":\"https:\/\/www.miomiorun.com\/app\/uploads\/2019\/12\/logomio.png\",\"contentUrl\":\"https:\/\/www.miomiorun.com\/app\/uploads\/2019\/12\/logomio.png\",\"width\":115,\"height\":82,\"caption\":\"MioMio Run\"},\"image\":{\"@id\":\"https:\/\/www.miomiorun.com\/fr\/#\/schema\/logo\/image\/\"},\"sameAs\":[\"https:\/\/www.facebook.com\/miomiorun\/\",\"https:\/\/www.instagram.com\/miomiorun\/\"]}]}<\/script>\n<!-- \/ Yoast SEO plugin. -->","yoast_head_json":{"title":"Uyn Alpha OW Pants Long homme - Pantalon thermique - MioMioRun","description":"Le pantalon UYN Running Alpha OW Pants Long soutient les coureurs \u00e0 chaque foul\u00e9e et sa compression int\u00e9gr\u00e9e stabilise les muscles de la cuisse.","robots":{"index":"index","follow":"follow","max-snippet":"max-snippet:-1","max-image-preview":"max-image-preview:large","max-video-preview":"max-video-preview:-1"},"canonical":"https:\/\/www.miomiorun.com\/fr\/produit\/uyn-alpha-ow-pants-long-homme\/","og_locale":"fr_FR","og_type":"article","og_title":"Uyn Alpha OW Pants Long homme - Pantalon thermique - MioMioRun","og_description":"Le pantalon UYN Running Alpha OW Pants Long soutient les coureurs \u00e0 chaque foul\u00e9e et sa compression int\u00e9gr\u00e9e stabilise les muscles de la cuisse.","og_url":"https:\/\/www.miomiorun.com\/fr\/produit\/uyn-alpha-ow-pants-long-homme\/","og_site_name":"MioMioRun","article_publisher":"https:\/\/www.facebook.com\/miomiorun\/","article_modified_time":"2026-05-08T19:15:02+00:00","og_image":[{"width":600,"height":600,"url":"https:\/\/www.miomiorun.com\/app\/uploads\/2021\/10\/uyn-Running-Alpha-OW-pants-long-O101426-G080.jpg","type":"image\/jpeg"}],"twitter_card":"summary_large_image","twitter_misc":{"Est. reading time":"2 minutes"},"schema":{"@context":"https:\/\/schema.org","@graph":[{"@type":"WebPage","@id":"https:\/\/www.miomiorun.com\/fr\/produit\/uyn-alpha-ow-pants-long-homme\/","url":"https:\/\/www.miomiorun.com\/fr\/produit\/uyn-alpha-ow-pants-long-homme\/","name":"Uyn Alpha OW Pants Long homme - Pantalon thermique - MioMioRun","isPartOf":{"@id":"https:\/\/www.miomiorun.com\/fr\/#website"},"primaryImageOfPage":{"@id":"https:\/\/www.miomiorun.com\/fr\/produit\/uyn-alpha-ow-pants-long-homme\/#primaryimage"},"image":{"@id":"https:\/\/www.miomiorun.com\/fr\/produit\/uyn-alpha-ow-pants-long-homme\/#primaryimage"},"thumbnailUrl":"https:\/\/www.miomiorun.com\/app\/uploads\/2021\/10\/uyn-Running-Alpha-OW-pants-long-O101426-G080.jpg","datePublished":"2021-10-12T16:22:34+00:00","dateModified":"2026-05-08T19:15:02+00:00","description":"Le pantalon UYN Running Alpha OW Pants Long soutient les coureurs \u00e0 chaque foul\u00e9e et sa compression int\u00e9gr\u00e9e stabilise les muscles de la cuisse.","breadcrumb":{"@id":"https:\/\/www.miomiorun.com\/fr\/produit\/uyn-alpha-ow-pants-long-homme\/#breadcrumb"},"inLanguage":"fr-FR","potentialAction":[{"@type":"ReadAction","target":["https:\/\/www.miomiorun.com\/fr\/produit\/uyn-alpha-ow-pants-long-homme\/"]}]},{"@type":"ImageObject","inLanguage":"fr-FR","@id":"https:\/\/www.miomiorun.com\/fr\/produit\/uyn-alpha-ow-pants-long-homme\/#primaryimage","url":"https:\/\/www.miomiorun.com\/app\/uploads\/2021\/10\/uyn-Running-Alpha-OW-pants-long-O101426-G080.jpg","contentUrl":"https:\/\/www.miomiorun.com\/app\/uploads\/2021\/10\/uyn-Running-Alpha-OW-pants-long-O101426-G080.jpg","width":600,"height":600,"caption":"uyn running alpha ow pants long"},{"@type":"BreadcrumbList","@id":"https:\/\/www.miomiorun.com\/fr\/produit\/uyn-alpha-ow-pants-long-homme\/#breadcrumb","itemListElement":[{"@type":"ListItem","position":1,"name":"Home","item":"https:\/\/www.miomiorun.com\/fr\/home-page\/"},{"@type":"ListItem","position":2,"name":"Shop","item":"https:\/\/www.miomiorun.com\/shop\/"},{"@type":"ListItem","position":3,"name":"Alpha OW Pants Long homme"}]},{"@type":"WebSite","@id":"https:\/\/www.miomiorun.com\/fr\/#website","url":"https:\/\/www.miomiorun.com\/fr\/","name":"MioMioRun","description":"Boutique 100% running et trail","publisher":{"@id":"https:\/\/www.miomiorun.com\/fr\/#organization"},"potentialAction":[{"@type":"SearchAction","target":{"@type":"EntryPoint","urlTemplate":"https:\/\/www.miomiorun.com\/fr\/?s={search_term_string}"},"query-input":{"@type":"PropertyValueSpecification","valueRequired":true,"valueName":"search_term_string"}}],"inLanguage":"fr-FR"},{"@type":"Organization","@id":"https:\/\/www.miomiorun.com\/fr\/#organization","name":"MioMio Run","url":"https:\/\/www.miomiorun.com\/fr\/","logo":{"@type":"ImageObject","inLanguage":"fr-FR","@id":"https:\/\/www.miomiorun.com\/fr\/#\/schema\/logo\/image\/","url":"https:\/\/www.miomiorun.com\/app\/uploads\/2019\/12\/logomio.png","contentUrl":"https:\/\/www.miomiorun.com\/app\/uploads\/2019\/12\/logomio.png","width":115,"height":82,"caption":"MioMio Run"},"image":{"@id":"https:\/\/www.miomiorun.com\/fr\/#\/schema\/logo\/image\/"},"sameAs":["https:\/\/www.facebook.com\/miomiorun\/","https:\/\/www.instagram.com\/miomiorun\/"]}]}},"_links":{"self":[{"href":"https:\/\/www.miomiorun.com\/fr\/wp-json\/wp\/v2\/product\/280655","targetHints":{"allow":["GET"]}}],"collection":[{"href":"https:\/\/www.miomiorun.com\/fr\/wp-json\/wp\/v2\/product"}],"about":[{"href":"https:\/\/www.miomiorun.com\/fr\/wp-json\/wp\/v2\/types\/product"}],"wp:featuredmedia":[{"embeddable":true,"href":"https:\/\/www.miomiorun.com\/fr\/wp-json\/wp\/v2\/media\/233899"}],"wp:attachment":[{"href":"https:\/\/www.miomiorun.com\/fr\/wp-json\/wp\/v2\/media?parent=280655"}],"wp:term":[{"taxonomy":"product_brand","embeddable":true,"href":"https:\/\/www.miomiorun.com\/fr\/wp-json\/wp\/v2\/product_brand?post=280655"},{"taxonomy":"product_cat","embeddable":true,"href":"https:\/\/www.miomiorun.com\/fr\/wp-json\/wp\/v2\/product_cat?post=280655"},{"taxonomy":"product_tag","embeddable":true,"href":"https:\/\/www.miomiorun.com\/fr\/wp-json\/wp\/v2\/product_tag?post=280655"}],"curies":[{"name":"wp","href":"https:\/\/api.w.org\/{rel}","templated":true}]}}