{"id":280197,"date":"2021-10-15T16:47:59","date_gmt":"2021-10-15T14:47:59","guid":{"rendered":"https:\/\/miomiorun.com\/prodotto\/falke-ru5-invisibile-donna\/"},"modified":"2026-05-08T21:14:06","modified_gmt":"2026-05-08T19:14:06","slug":"falke-ru5-invisibile-femme","status":"publish","type":"product","link":"https:\/\/www.miomiorun.com\/fr\/produit\/falke-ru5-invisibile-femme\/","title":{"rendered":"RU5 Invisibile femme"},"content":{"rendered":"<p><div class=\"vc-row container\"><div class=\"vc-column\"><div class=\"vc-column-text\"><\/p>\n<div class=\"product-section product-detailed-page__section product-detailed-page__section--details\">\n<div>\n<div>\n<div class=\"product-section__content\">\n<div class=\"product-features\">Gr\u00e2ce \u00e0 son rembourrage l\u00e9ger pour une transmission directe de l&#8217;\u00e9nergie et une r\u00e9ponse imm\u00e9diate, le <strong>RU5 Lightweight<\/strong> <strong>short<\/strong> fant\u00f4me pour femmes est parfait pour les athl\u00e8tes. De plus, les fibres de silicone \u00e0 l&#8217;int\u00e9rieur emp\u00eachent la chaussette de glisser et une languette rembourr\u00e9e suppl\u00e9mentaire au talon \u00e9vite les frottements et l&#8217;apparition d&#8217;ampoules. Des zones en mesh au niveau du cou-de-pied rafra\u00eechissent agr\u00e9ablement le pied. L&#8217;\u00e9vacuation efficace de l&#8217;humidit\u00e9 et l&#8217;ajustement parfait garantissent des comp\u00e9titions r\u00e9ussies. <\/div>\n<div><\/div>\n<div><strong>Caract\u00e9ristiques :<\/strong><\/div>\n<div>\n<div class=\"product-section product-detailed-page__section product-detailed-page__section--details\">\n<div>\n<div>\n<div class=\"product-section__content\">\n<div class=\"product-features\">\n<ul class=\"product-features__list\">\n<li class=\"product-features__item\">Rembourrage ultra-l\u00e9ger pour une transmission directe de l&#8217;\u00e9nergie et un contact direct avec la chaussure.<\/li>\n<li class=\"product-features__item\">Zones en mesh au niveau du cou-de-pied pour un maximum de fra\u00eecheur.<\/li>\n<li class=\"product-features__item\">\u00c9vacuation de l&#8217;humidit\u00e9 et s\u00e9chage plus rapides gr\u00e2ce \u00e0 la structure \u00e0 trois couches.<\/li>\n<li class=\"product-features__item\">Fibres de silicone \u00e0 l&#8217;int\u00e9rieur qui emp\u00eachent la chaussette de glisser.<\/li>\n<li class=\"product-features__item\">Languette rembourr\u00e9e au talon.<\/li>\n<li class=\"product-features__item\">Ajustement parfait gr\u00e2ce au rembourrage des deux c\u00f4t\u00e9s et \u00e0 la forme des orteils.<\/li>\n<\/ul>\n<\/div>\n<\/div>\n<\/div>\n<\/div>\n<\/div>\n<div class=\"product-section product-detailed-page__section product-detailed-page__section--description\">\n<div>\n<div>\n<div class=\"product-section__content\">\n<div class=\"product-description\">\n<div class=\"product-description__content\"><\/div>\n<\/div>\n<\/div>\n<\/div>\n<\/div>\n<\/div>\n<\/div>\n<\/div>\n<\/div>\n<\/div>\n<\/div>\n<div class=\"product-section product-detailed-page__section product-detailed-page__section--description\">\n<div>\n<div>\n<div class=\"product-section__content\"><\/div>\n<\/div>\n<\/div>\n<\/div>\n<p><\/div><\/div><\/div><div class=\"vc-row container\"><div class=\"vc-column\"><div class=\"vc-column-text\"><\/p>\n<div class=\"product-functional-symbols__image-container\"><img decoding=\"async\" class=\"product-functional-symbols__image aligncenter\" src=\"https:\/\/www.falke.com\/it_it\/9dd393d722265eb755772abd698b837041098075\/assets\/base\/staticImages\/functionalsymbols\/icon_feuchtigkeitsregulierend.svg\"><\/div>\n<div class=\"product-functional-symbols__name\" style=\"text-align: center\">R\u00e9gule l&#8217;humidit\u00e9<\/div>\n<p><\/div><\/div><div class=\"vc-column\"><div class=\"vc-column-text\"><\/p>\n<div class=\"product-functional-symbols__image-container\"><img decoding=\"async\" class=\"product-functional-symbols__image aligncenter\" src=\"https:\/\/www.falke.com\/it_it\/9dd393d722265eb755772abd698b837041098075\/assets\/base\/staticImages\/functionalsymbols\/icon_direkter-schuhkontakt.svg\"><\/div>\n<div class=\"product-functional-symbols__name\" style=\"text-align: center\">Contact direct avec la chaussure<\/div>\n<div class=\"product-functional-symbols__tooltip\">\n<div class=\"product-functional-symbols__tooltip-content\"><\/div>\n<\/div>\n<p><\/div><\/div><div class=\"vc-column\"><div class=\"vc-column-text\"><\/p>\n<div class=\"product-functional-symbols__image-container\"><img decoding=\"async\" class=\"product-functional-symbols__image aligncenter\" src=\"https:\/\/www.falke.com\/it_it\/9dd393d722265eb755772abd698b837041098075\/assets\/base\/staticImages\/functionalsymbols\/icon_schnellste_ruecktrocknung.svg\"><\/div>\n<div class=\"product-functional-symbols__name\" style=\"text-align: center\">S\u00e9chage plus rapide<\/div>\n<p><\/div><\/div><div class=\"vc-column\"><div class=\"vc-column-text\"><\/p>\n<div class=\"product-functional-symbols__image-container\"><img decoding=\"async\" class=\"product-functional-symbols__image aligncenter\" src=\"https:\/\/www.falke.com\/it_it\/9dd393d722265eb755772abd698b837041098075\/assets\/base\/staticImages\/functionalsymbols\/icon_cooling-effect.svg\"><\/div>\n<div class=\"product-functional-symbols__name\" style=\"text-align: center\">Effet rafra\u00eechissant<\/div>\n<p><\/div> <\/div><\/div><div class=\"vc-row container\"><div class=\"vc-column\"><div class=\"vc-column-text\"><strong>Mat\u00e9riau<\/strong> : 55 % polyamide, 43 % polypropyl\u00e8ne, 2 % \u00e9lasthanne.<\/p>\n<p><strong>Longueur de la tige : <\/strong>Invisible &#8211; coupe haute.<\/p>\n<p><strong>Rembourrage<\/strong> : ultra-l\u00e9ger.<\/p>\n<p><strong>Coupe :<\/strong> anatomique.<\/p>\n<p><strong>Semelle<\/strong> : normale.<\/p>\n<p><strong>Look<\/strong> : sportif.<\/div><\/div><\/div><\/p>\n","protected":false},"excerpt":{"rendered":"","protected":false},"featured_media":234065,"template":"","meta":{"_acf_changed":false,"inline_featured_image":false},"product_brand":[],"product_cat":[22597,22596,22595],"product_tag":[23482,23493],"class_list":{"0":"post-280197","1":"product","2":"type-product","3":"status-publish","4":"has-post-thumbnail","6":"product_cat-chaussettes","7":"product_cat-vetements-pour-femmes","8":"product_cat-femme","9":"product_tag-falke-fr","10":"product_tag-falke-femme","11":"pa_attivita-fitness-fr","12":"pa_attivita-marcher","13":"pa_attivita-running-fr","14":"pa_colore-ru5-invisibile-w-black-mix-fr","15":"pa_colore-ru5-invisible-w-blue-fr","16":"pa_colore-ru5-invisible-w-red-fr","17":"pa_marca-falke-fr","18":"pa_sesso-femme","19":"pa_size-35-36-fr","20":"pa_size-39-40-fr","21":"pa_size-41-42-fr","23":"first","24":"instock","25":"sale","26":"taxable","27":"shipping-taxable","28":"purchasable","29":"product-type-variable","30":"wvs-archive-product-wrapper"},"acf":[],"yoast_head":"<!-- This site is optimized with the Yoast SEO plugin v26.8 - https:\/\/yoast.com\/product\/yoast-seo-wordpress\/ -->\n<title>Falke RU5 Invisibile femme - Chaussettes de course - MioMioRun.com<\/title>\n<meta name=\"description\" content=\"Gr\u00e2ce \u00e0 son rembourrage l\u00e9ger, \u00e0 la transmission directe de l&#039;\u00e9nergie et \u00e0 une r\u00e9ponse imm\u00e9diate, elle devient la chaussette parfaite pour les athl\u00e8tes.\" \/>\n<meta name=\"robots\" content=\"index, follow, max-snippet:-1, max-image-preview:large, max-video-preview:-1\" \/>\n<link rel=\"canonical\" href=\"https:\/\/www.miomiorun.com\/fr\/produit\/falke-ru5-invisibile-femme\/\" \/>\n<meta property=\"og:locale\" content=\"fr_FR\" \/>\n<meta property=\"og:type\" content=\"article\" \/>\n<meta property=\"og:title\" content=\"Falke RU5 Invisibile femme - Chaussettes de course - MioMioRun.com\" \/>\n<meta property=\"og:description\" content=\"Gr\u00e2ce \u00e0 son rembourrage l\u00e9ger, \u00e0 la transmission directe de l&#039;\u00e9nergie et \u00e0 une r\u00e9ponse imm\u00e9diate, elle devient la chaussette parfaite pour les athl\u00e8tes.\" \/>\n<meta property=\"og:url\" content=\"https:\/\/www.miomiorun.com\/fr\/produit\/falke-ru5-invisibile-femme\/\" \/>\n<meta property=\"og:site_name\" content=\"MioMioRun\" \/>\n<meta property=\"article:publisher\" content=\"https:\/\/www.facebook.com\/miomiorun\/\" \/>\n<meta property=\"article:modified_time\" content=\"2026-05-08T19:14:06+00:00\" \/>\n<meta property=\"og:image\" content=\"https:\/\/www.miomiorun.com\/app\/uploads\/2021\/10\/falke-RU5-INVISIBLE-W-16732-8564.jpg\" \/>\n\t<meta property=\"og:image:width\" content=\"600\" \/>\n\t<meta property=\"og:image:height\" content=\"600\" \/>\n\t<meta property=\"og:image:type\" content=\"image\/jpeg\" \/>\n<meta name=\"twitter:card\" content=\"summary_large_image\" \/>\n<meta name=\"twitter:label1\" content=\"Est. reading time\" \/>\n\t<meta name=\"twitter:data1\" content=\"1 minute\" \/>\n<script type=\"application\/ld+json\" class=\"yoast-schema-graph\">{\"@context\":\"https:\/\/schema.org\",\"@graph\":[{\"@type\":\"WebPage\",\"@id\":\"https:\/\/www.miomiorun.com\/fr\/produit\/falke-ru5-invisibile-femme\/\",\"url\":\"https:\/\/www.miomiorun.com\/fr\/produit\/falke-ru5-invisibile-femme\/\",\"name\":\"Falke RU5 Invisibile femme - Chaussettes de course - MioMioRun.com\",\"isPartOf\":{\"@id\":\"https:\/\/www.miomiorun.com\/fr\/#website\"},\"primaryImageOfPage\":{\"@id\":\"https:\/\/www.miomiorun.com\/fr\/produit\/falke-ru5-invisibile-femme\/#primaryimage\"},\"image\":{\"@id\":\"https:\/\/www.miomiorun.com\/fr\/produit\/falke-ru5-invisibile-femme\/#primaryimage\"},\"thumbnailUrl\":\"https:\/\/www.miomiorun.com\/app\/uploads\/2021\/10\/falke-RU5-INVISIBLE-W-16732-8564.jpg\",\"datePublished\":\"2021-10-15T14:47:59+00:00\",\"dateModified\":\"2026-05-08T19:14:06+00:00\",\"description\":\"Gr\u00e2ce \u00e0 son rembourrage l\u00e9ger, \u00e0 la transmission directe de l'\u00e9nergie et \u00e0 une r\u00e9ponse imm\u00e9diate, elle devient la chaussette parfaite pour les athl\u00e8tes.\",\"breadcrumb\":{\"@id\":\"https:\/\/www.miomiorun.com\/fr\/produit\/falke-ru5-invisibile-femme\/#breadcrumb\"},\"inLanguage\":\"fr-FR\",\"potentialAction\":[{\"@type\":\"ReadAction\",\"target\":[\"https:\/\/www.miomiorun.com\/fr\/produit\/falke-ru5-invisibile-femme\/\"]}]},{\"@type\":\"ImageObject\",\"inLanguage\":\"fr-FR\",\"@id\":\"https:\/\/www.miomiorun.com\/fr\/produit\/falke-ru5-invisibile-femme\/#primaryimage\",\"url\":\"https:\/\/www.miomiorun.com\/app\/uploads\/2021\/10\/falke-RU5-INVISIBLE-W-16732-8564.jpg\",\"contentUrl\":\"https:\/\/www.miomiorun.com\/app\/uploads\/2021\/10\/falke-RU5-INVISIBLE-W-16732-8564.jpg\",\"width\":600,\"height\":600,\"caption\":\"falke ru4 invisible\"},{\"@type\":\"BreadcrumbList\",\"@id\":\"https:\/\/www.miomiorun.com\/fr\/produit\/falke-ru5-invisibile-femme\/#breadcrumb\",\"itemListElement\":[{\"@type\":\"ListItem\",\"position\":1,\"name\":\"Home\",\"item\":\"https:\/\/www.miomiorun.com\/fr\/home-page\/\"},{\"@type\":\"ListItem\",\"position\":2,\"name\":\"Shop\",\"item\":\"https:\/\/www.miomiorun.com\/shop\/\"},{\"@type\":\"ListItem\",\"position\":3,\"name\":\"RU5 Invisibile femme\"}]},{\"@type\":\"WebSite\",\"@id\":\"https:\/\/www.miomiorun.com\/fr\/#website\",\"url\":\"https:\/\/www.miomiorun.com\/fr\/\",\"name\":\"MioMioRun\",\"description\":\"Boutique 100% running et trail\",\"publisher\":{\"@id\":\"https:\/\/www.miomiorun.com\/fr\/#organization\"},\"potentialAction\":[{\"@type\":\"SearchAction\",\"target\":{\"@type\":\"EntryPoint\",\"urlTemplate\":\"https:\/\/www.miomiorun.com\/fr\/?s={search_term_string}\"},\"query-input\":{\"@type\":\"PropertyValueSpecification\",\"valueRequired\":true,\"valueName\":\"search_term_string\"}}],\"inLanguage\":\"fr-FR\"},{\"@type\":\"Organization\",\"@id\":\"https:\/\/www.miomiorun.com\/fr\/#organization\",\"name\":\"MioMio Run\",\"url\":\"https:\/\/www.miomiorun.com\/fr\/\",\"logo\":{\"@type\":\"ImageObject\",\"inLanguage\":\"fr-FR\",\"@id\":\"https:\/\/www.miomiorun.com\/fr\/#\/schema\/logo\/image\/\",\"url\":\"https:\/\/www.miomiorun.com\/app\/uploads\/2019\/12\/logomio.png\",\"contentUrl\":\"https:\/\/www.miomiorun.com\/app\/uploads\/2019\/12\/logomio.png\",\"width\":115,\"height\":82,\"caption\":\"MioMio Run\"},\"image\":{\"@id\":\"https:\/\/www.miomiorun.com\/fr\/#\/schema\/logo\/image\/\"},\"sameAs\":[\"https:\/\/www.facebook.com\/miomiorun\/\",\"https:\/\/www.instagram.com\/miomiorun\/\"]}]}<\/script>\n<!-- \/ Yoast SEO plugin. -->","yoast_head_json":{"title":"Falke RU5 Invisibile femme - Chaussettes de course - MioMioRun.com","description":"Gr\u00e2ce \u00e0 son rembourrage l\u00e9ger, \u00e0 la transmission directe de l'\u00e9nergie et \u00e0 une r\u00e9ponse imm\u00e9diate, elle devient la chaussette parfaite pour les athl\u00e8tes.","robots":{"index":"index","follow":"follow","max-snippet":"max-snippet:-1","max-image-preview":"max-image-preview:large","max-video-preview":"max-video-preview:-1"},"canonical":"https:\/\/www.miomiorun.com\/fr\/produit\/falke-ru5-invisibile-femme\/","og_locale":"fr_FR","og_type":"article","og_title":"Falke RU5 Invisibile femme - Chaussettes de course - MioMioRun.com","og_description":"Gr\u00e2ce \u00e0 son rembourrage l\u00e9ger, \u00e0 la transmission directe de l'\u00e9nergie et \u00e0 une r\u00e9ponse imm\u00e9diate, elle devient la chaussette parfaite pour les athl\u00e8tes.","og_url":"https:\/\/www.miomiorun.com\/fr\/produit\/falke-ru5-invisibile-femme\/","og_site_name":"MioMioRun","article_publisher":"https:\/\/www.facebook.com\/miomiorun\/","article_modified_time":"2026-05-08T19:14:06+00:00","og_image":[{"width":600,"height":600,"url":"https:\/\/www.miomiorun.com\/app\/uploads\/2021\/10\/falke-RU5-INVISIBLE-W-16732-8564.jpg","type":"image\/jpeg"}],"twitter_card":"summary_large_image","twitter_misc":{"Est. reading time":"1 minute"},"schema":{"@context":"https:\/\/schema.org","@graph":[{"@type":"WebPage","@id":"https:\/\/www.miomiorun.com\/fr\/produit\/falke-ru5-invisibile-femme\/","url":"https:\/\/www.miomiorun.com\/fr\/produit\/falke-ru5-invisibile-femme\/","name":"Falke RU5 Invisibile femme - Chaussettes de course - MioMioRun.com","isPartOf":{"@id":"https:\/\/www.miomiorun.com\/fr\/#website"},"primaryImageOfPage":{"@id":"https:\/\/www.miomiorun.com\/fr\/produit\/falke-ru5-invisibile-femme\/#primaryimage"},"image":{"@id":"https:\/\/www.miomiorun.com\/fr\/produit\/falke-ru5-invisibile-femme\/#primaryimage"},"thumbnailUrl":"https:\/\/www.miomiorun.com\/app\/uploads\/2021\/10\/falke-RU5-INVISIBLE-W-16732-8564.jpg","datePublished":"2021-10-15T14:47:59+00:00","dateModified":"2026-05-08T19:14:06+00:00","description":"Gr\u00e2ce \u00e0 son rembourrage l\u00e9ger, \u00e0 la transmission directe de l'\u00e9nergie et \u00e0 une r\u00e9ponse imm\u00e9diate, elle devient la chaussette parfaite pour les athl\u00e8tes.","breadcrumb":{"@id":"https:\/\/www.miomiorun.com\/fr\/produit\/falke-ru5-invisibile-femme\/#breadcrumb"},"inLanguage":"fr-FR","potentialAction":[{"@type":"ReadAction","target":["https:\/\/www.miomiorun.com\/fr\/produit\/falke-ru5-invisibile-femme\/"]}]},{"@type":"ImageObject","inLanguage":"fr-FR","@id":"https:\/\/www.miomiorun.com\/fr\/produit\/falke-ru5-invisibile-femme\/#primaryimage","url":"https:\/\/www.miomiorun.com\/app\/uploads\/2021\/10\/falke-RU5-INVISIBLE-W-16732-8564.jpg","contentUrl":"https:\/\/www.miomiorun.com\/app\/uploads\/2021\/10\/falke-RU5-INVISIBLE-W-16732-8564.jpg","width":600,"height":600,"caption":"falke ru4 invisible"},{"@type":"BreadcrumbList","@id":"https:\/\/www.miomiorun.com\/fr\/produit\/falke-ru5-invisibile-femme\/#breadcrumb","itemListElement":[{"@type":"ListItem","position":1,"name":"Home","item":"https:\/\/www.miomiorun.com\/fr\/home-page\/"},{"@type":"ListItem","position":2,"name":"Shop","item":"https:\/\/www.miomiorun.com\/shop\/"},{"@type":"ListItem","position":3,"name":"RU5 Invisibile femme"}]},{"@type":"WebSite","@id":"https:\/\/www.miomiorun.com\/fr\/#website","url":"https:\/\/www.miomiorun.com\/fr\/","name":"MioMioRun","description":"Boutique 100% running et trail","publisher":{"@id":"https:\/\/www.miomiorun.com\/fr\/#organization"},"potentialAction":[{"@type":"SearchAction","target":{"@type":"EntryPoint","urlTemplate":"https:\/\/www.miomiorun.com\/fr\/?s={search_term_string}"},"query-input":{"@type":"PropertyValueSpecification","valueRequired":true,"valueName":"search_term_string"}}],"inLanguage":"fr-FR"},{"@type":"Organization","@id":"https:\/\/www.miomiorun.com\/fr\/#organization","name":"MioMio Run","url":"https:\/\/www.miomiorun.com\/fr\/","logo":{"@type":"ImageObject","inLanguage":"fr-FR","@id":"https:\/\/www.miomiorun.com\/fr\/#\/schema\/logo\/image\/","url":"https:\/\/www.miomiorun.com\/app\/uploads\/2019\/12\/logomio.png","contentUrl":"https:\/\/www.miomiorun.com\/app\/uploads\/2019\/12\/logomio.png","width":115,"height":82,"caption":"MioMio Run"},"image":{"@id":"https:\/\/www.miomiorun.com\/fr\/#\/schema\/logo\/image\/"},"sameAs":["https:\/\/www.facebook.com\/miomiorun\/","https:\/\/www.instagram.com\/miomiorun\/"]}]}},"_links":{"self":[{"href":"https:\/\/www.miomiorun.com\/fr\/wp-json\/wp\/v2\/product\/280197","targetHints":{"allow":["GET"]}}],"collection":[{"href":"https:\/\/www.miomiorun.com\/fr\/wp-json\/wp\/v2\/product"}],"about":[{"href":"https:\/\/www.miomiorun.com\/fr\/wp-json\/wp\/v2\/types\/product"}],"wp:featuredmedia":[{"embeddable":true,"href":"https:\/\/www.miomiorun.com\/fr\/wp-json\/wp\/v2\/media\/234065"}],"wp:attachment":[{"href":"https:\/\/www.miomiorun.com\/fr\/wp-json\/wp\/v2\/media?parent=280197"}],"wp:term":[{"taxonomy":"product_brand","embeddable":true,"href":"https:\/\/www.miomiorun.com\/fr\/wp-json\/wp\/v2\/product_brand?post=280197"},{"taxonomy":"product_cat","embeddable":true,"href":"https:\/\/www.miomiorun.com\/fr\/wp-json\/wp\/v2\/product_cat?post=280197"},{"taxonomy":"product_tag","embeddable":true,"href":"https:\/\/www.miomiorun.com\/fr\/wp-json\/wp\/v2\/product_tag?post=280197"}],"curies":[{"name":"wp","href":"https:\/\/api.w.org\/{rel}","templated":true}]}}