{"id":280119,"date":"2021-10-20T09:31:53","date_gmt":"2021-10-20T07:31:53","guid":{"rendered":"https:\/\/miomiorun.com\/prodotto\/stance-infiknit-light-quarter\/"},"modified":"2026-04-17T14:08:49","modified_gmt":"2026-04-17T12:08:49","slug":"stance-infiknit-light-quarter","status":"publish","type":"product","link":"https:\/\/www.miomiorun.com\/fr\/produit\/stance-infiknit-light-quarter\/","title":{"rendered":"Infiknit Light Quarter"},"content":{"rendered":"<p>Vous vous \u00eates fix\u00e9 de grands objectifs pour \u00eatre plus actif ? Les mod\u00e8les Stance Performance regorgent de fonctionnalit\u00e9s telles que Feel 360\u2122 et Infiknit\u2122 pour optimiser chaque course ou entra\u00eenement. Du confort tout au long de la journ\u00e9e \u00e0 la durabilit\u00e9 garantie \u00e0 vie, atteignez vos objectifs en partant de z\u00e9ro.<\/p>\n<h2>Caract\u00e9ristiques<\/h2>\n<ul>\n<li><span style=\"font-weight: 400\">Notre technologie Infiknit\u2122 ne se d\u00e9chire jamais. Con\u00e7ue pour durer.<br \/>\n<\/span><\/li>\n<li><span style=\"font-weight: 400\">L&#8217;amorti Performance combine protection contre les chocs et confort pour vous permettre d&#8217;aller plus loin. <\/span><\/li>\n<li><span style=\"font-weight: 400\">Respirez facilement gr\u00e2ce \u00e0 la circulation d&#8217;air am\u00e9lior\u00e9e de notre amorti \u00e0 air canalis\u00e9. <\/span><\/li>\n<li><span style=\"font-weight: 400\">La protection Boot compl\u00e8te votre ascension avec un amorti strat\u00e9giquement plac\u00e9. <\/span><\/li>\n<li><span style=\"font-weight: 400\">Le soutien de la vo\u00fbte plantaire Performance combat la fatigue et l&#8217;effort pour vous permettre de continuer \u00e0 avancer. <\/span><\/li>\n<li><span style=\"font-weight: 400\">Fermeture sans coutures \u00e0 l&#8217;avant-pied pour une finition anti-frottements que vos pieds vont adorer. <\/span><\/li>\n<li><span style=\"font-weight: 400\">Le Performance Mesh vous garde au frais gr\u00e2ce \u00e0 une circulation de l&#8217;air et une respirabilit\u00e9 maximales. <\/span><\/li>\n<\/ul>\n<h2>Amorti l\u00e9ger<\/h2>\n<p>Ces chaussettes l\u00e9g\u00e8res offrent une barri\u00e8re respirante entre le pied et la chaussure avec un amorti s\u00e9lectionn\u00e9.<\/p>\n<h2>Quarter<\/h2>\n<p>Arriving just above the ankle, these socks are the midpoint between our low and crew heights.<\/p>\n<h2>Entretien du produit<\/h2>\n<ul>\n<li style=\"font-weight: 400\"><span style=\"font-weight: 400\">Lavage en machine \u00e0 40 \u00b0C<\/span><\/li>\n<li style=\"font-weight: 400\"><span style=\"font-weight: 400\">\u00c9viter le blanchiment ou le repassage<\/span><\/li>\n<li style=\"font-weight: 400\"><span style=\"font-weight: 400\">Les chaussettes dureront plus longtemps si vous ne les mettez pas au s\u00e8che-linge<\/span><\/li>\n<\/ul>\n","protected":false},"excerpt":{"rendered":"<p>S\u00e9lectionnez la taille et la couleur pour d\u00e9couvrir les caract\u00e9ristiques des diff\u00e9rents mod\u00e8les disponibles.<\/p>\n","protected":false},"featured_media":234125,"template":"","meta":{"_acf_changed":false,"inline_featured_image":false},"product_brand":[],"product_cat":[22597,24256,22596,24482,24484,22595],"product_tag":[23538,23547,23548],"class_list":{"0":"post-280119","1":"product","2":"type-product","3":"status-publish","4":"has-post-thumbnail","6":"product_cat-chaussettes","7":"product_cat-chaussettes-fr","8":"product_cat-vetements-pour-femmes","9":"product_cat-vetements-pour-hommes-fr","10":"product_cat-homme","11":"product_cat-femme","12":"product_tag-stance-fr","13":"product_tag-stance-femme","14":"product_tag-stance-homme","15":"pa_attivita-fitness-fr","16":"pa_attivita-lifestyle-fr","17":"pa_attivita-marcher","18":"pa_attivita-running-fr","19":"pa_attivita-trail-fr","20":"pa_colore-4x400-qtr-grey-fr","21":"pa_colore-conflicted-qtr-green-fr","22":"pa_colore-curren-light-quarter-olive-fr","23":"pa_colore-distort-qtr-black-fr","24":"pa_colore-earnie-light-qtr-seablue-fr","25":"pa_colore-icy-mountain-light-wool-qtr-seablue-fr","26":"pa_colore-lanak-pass-qtr-fr","27":"pa_colore-micro-light-quarter-magenta-fr","28":"pa_colore-milo-light-quarter-blue-fr","29":"pa_colore-powder-split-light-qtr-black","30":"pa_colore-powder-split-light-qtr-mango","31":"pa_colore-rawr-fr","32":"pa_colore-riveen-light-qtr-3-pack-rust-fr","33":"pa_colore-run-light-qtr-pine-fr","34":"pa_colore-run-light-qtr-seablue-fr","35":"pa_colore-run-qtr-st-black-fr","36":"pa_colore-run-qtr-st-white-fr","37":"pa_marca-stance-fr","38":"pa_sesso-femme","39":"pa_sesso-homme","40":"pa_size-35-37-fr","41":"pa_size-38-42-fr","42":"pa_size-43-46-fr","44":"first","45":"instock","46":"sale","47":"taxable","48":"shipping-taxable","49":"purchasable","50":"product-type-variable","51":"wvs-archive-product-wrapper"},"acf":[],"yoast_head":"<!-- This site is optimized with the Yoast SEO plugin v26.8 - https:\/\/yoast.com\/product\/yoast-seo-wordpress\/ -->\n<title>Stance Infiknit Light Quarter - Chaussettes de course - MioMioRun.com<\/title>\n<meta name=\"description\" content=\"Les chaussures Stance Performance regorgent de fonctionnalit\u00e9s telles que Feel 360\u2122 et Infiknit\u2122 pour optimiser chaque course ou entra\u00eenement.\" \/>\n<meta name=\"robots\" content=\"index, follow, max-snippet:-1, max-image-preview:large, max-video-preview:-1\" \/>\n<link rel=\"canonical\" href=\"https:\/\/www.miomiorun.com\/fr\/produit\/stance-infiknit-light-quarter\/\" \/>\n<meta property=\"og:locale\" content=\"fr_FR\" \/>\n<meta property=\"og:type\" content=\"article\" \/>\n<meta property=\"og:title\" content=\"Stance Infiknit Light Quarter - Chaussettes de course - MioMioRun.com\" \/>\n<meta property=\"og:description\" content=\"Les chaussures Stance Performance regorgent de fonctionnalit\u00e9s telles que Feel 360\u2122 et Infiknit\u2122 pour optimiser chaque course ou entra\u00eenement.\" \/>\n<meta property=\"og:url\" content=\"https:\/\/www.miomiorun.com\/fr\/produit\/stance-infiknit-light-quarter\/\" \/>\n<meta property=\"og:site_name\" content=\"MioMioRun\" \/>\n<meta property=\"article:publisher\" content=\"https:\/\/www.facebook.com\/miomiorun\/\" \/>\n<meta property=\"article:modified_time\" content=\"2026-04-17T12:08:49+00:00\" \/>\n<meta property=\"og:image\" content=\"https:\/\/www.miomiorun.com\/app\/uploads\/2021\/10\/stance-grip-quarter.jpg\" \/>\n\t<meta property=\"og:image:width\" content=\"600\" \/>\n\t<meta property=\"og:image:height\" content=\"600\" \/>\n\t<meta property=\"og:image:type\" content=\"image\/jpeg\" \/>\n<meta name=\"twitter:card\" content=\"summary_large_image\" \/>\n<meta name=\"twitter:label1\" content=\"Est. reading time\" \/>\n\t<meta name=\"twitter:data1\" content=\"1 minute\" \/>\n<script type=\"application\/ld+json\" class=\"yoast-schema-graph\">{\"@context\":\"https:\/\/schema.org\",\"@graph\":[{\"@type\":\"WebPage\",\"@id\":\"https:\/\/www.miomiorun.com\/fr\/produit\/stance-infiknit-light-quarter\/\",\"url\":\"https:\/\/www.miomiorun.com\/fr\/produit\/stance-infiknit-light-quarter\/\",\"name\":\"Stance Infiknit Light Quarter - Chaussettes de course - MioMioRun.com\",\"isPartOf\":{\"@id\":\"https:\/\/www.miomiorun.com\/fr\/#website\"},\"primaryImageOfPage\":{\"@id\":\"https:\/\/www.miomiorun.com\/fr\/produit\/stance-infiknit-light-quarter\/#primaryimage\"},\"image\":{\"@id\":\"https:\/\/www.miomiorun.com\/fr\/produit\/stance-infiknit-light-quarter\/#primaryimage\"},\"thumbnailUrl\":\"https:\/\/www.miomiorun.com\/app\/uploads\/2021\/10\/stance-grip-quarter.jpg\",\"datePublished\":\"2021-10-20T07:31:53+00:00\",\"dateModified\":\"2026-04-17T12:08:49+00:00\",\"description\":\"Les chaussures Stance Performance regorgent de fonctionnalit\u00e9s telles que Feel 360\u2122 et Infiknit\u2122 pour optimiser chaque course ou entra\u00eenement.\",\"breadcrumb\":{\"@id\":\"https:\/\/www.miomiorun.com\/fr\/produit\/stance-infiknit-light-quarter\/#breadcrumb\"},\"inLanguage\":\"fr-FR\",\"potentialAction\":[{\"@type\":\"ReadAction\",\"target\":[\"https:\/\/www.miomiorun.com\/fr\/produit\/stance-infiknit-light-quarter\/\"]}]},{\"@type\":\"ImageObject\",\"inLanguage\":\"fr-FR\",\"@id\":\"https:\/\/www.miomiorun.com\/fr\/produit\/stance-infiknit-light-quarter\/#primaryimage\",\"url\":\"https:\/\/www.miomiorun.com\/app\/uploads\/2021\/10\/stance-grip-quarter.jpg\",\"contentUrl\":\"https:\/\/www.miomiorun.com\/app\/uploads\/2021\/10\/stance-grip-quarter.jpg\",\"width\":600,\"height\":600,\"caption\":\"stance grip quarter\"},{\"@type\":\"BreadcrumbList\",\"@id\":\"https:\/\/www.miomiorun.com\/fr\/produit\/stance-infiknit-light-quarter\/#breadcrumb\",\"itemListElement\":[{\"@type\":\"ListItem\",\"position\":1,\"name\":\"Home\",\"item\":\"https:\/\/www.miomiorun.com\/fr\/home-page\/\"},{\"@type\":\"ListItem\",\"position\":2,\"name\":\"Shop\",\"item\":\"https:\/\/www.miomiorun.com\/shop\/\"},{\"@type\":\"ListItem\",\"position\":3,\"name\":\"Infiknit Light Quarter\"}]},{\"@type\":\"WebSite\",\"@id\":\"https:\/\/www.miomiorun.com\/fr\/#website\",\"url\":\"https:\/\/www.miomiorun.com\/fr\/\",\"name\":\"MioMioRun\",\"description\":\"Boutique 100% running et trail\",\"publisher\":{\"@id\":\"https:\/\/www.miomiorun.com\/fr\/#organization\"},\"potentialAction\":[{\"@type\":\"SearchAction\",\"target\":{\"@type\":\"EntryPoint\",\"urlTemplate\":\"https:\/\/www.miomiorun.com\/fr\/?s={search_term_string}\"},\"query-input\":{\"@type\":\"PropertyValueSpecification\",\"valueRequired\":true,\"valueName\":\"search_term_string\"}}],\"inLanguage\":\"fr-FR\"},{\"@type\":\"Organization\",\"@id\":\"https:\/\/www.miomiorun.com\/fr\/#organization\",\"name\":\"MioMio Run\",\"url\":\"https:\/\/www.miomiorun.com\/fr\/\",\"logo\":{\"@type\":\"ImageObject\",\"inLanguage\":\"fr-FR\",\"@id\":\"https:\/\/www.miomiorun.com\/fr\/#\/schema\/logo\/image\/\",\"url\":\"https:\/\/www.miomiorun.com\/app\/uploads\/2019\/12\/logomio.png\",\"contentUrl\":\"https:\/\/www.miomiorun.com\/app\/uploads\/2019\/12\/logomio.png\",\"width\":115,\"height\":82,\"caption\":\"MioMio Run\"},\"image\":{\"@id\":\"https:\/\/www.miomiorun.com\/fr\/#\/schema\/logo\/image\/\"},\"sameAs\":[\"https:\/\/www.facebook.com\/miomiorun\/\",\"https:\/\/www.instagram.com\/miomiorun\/\"]}]}<\/script>\n<!-- \/ Yoast SEO plugin. -->","yoast_head_json":{"title":"Stance Infiknit Light Quarter - Chaussettes de course - MioMioRun.com","description":"Les chaussures Stance Performance regorgent de fonctionnalit\u00e9s telles que Feel 360\u2122 et Infiknit\u2122 pour optimiser chaque course ou entra\u00eenement.","robots":{"index":"index","follow":"follow","max-snippet":"max-snippet:-1","max-image-preview":"max-image-preview:large","max-video-preview":"max-video-preview:-1"},"canonical":"https:\/\/www.miomiorun.com\/fr\/produit\/stance-infiknit-light-quarter\/","og_locale":"fr_FR","og_type":"article","og_title":"Stance Infiknit Light Quarter - Chaussettes de course - MioMioRun.com","og_description":"Les chaussures Stance Performance regorgent de fonctionnalit\u00e9s telles que Feel 360\u2122 et Infiknit\u2122 pour optimiser chaque course ou entra\u00eenement.","og_url":"https:\/\/www.miomiorun.com\/fr\/produit\/stance-infiknit-light-quarter\/","og_site_name":"MioMioRun","article_publisher":"https:\/\/www.facebook.com\/miomiorun\/","article_modified_time":"2026-04-17T12:08:49+00:00","og_image":[{"width":600,"height":600,"url":"https:\/\/www.miomiorun.com\/app\/uploads\/2021\/10\/stance-grip-quarter.jpg","type":"image\/jpeg"}],"twitter_card":"summary_large_image","twitter_misc":{"Est. reading time":"1 minute"},"schema":{"@context":"https:\/\/schema.org","@graph":[{"@type":"WebPage","@id":"https:\/\/www.miomiorun.com\/fr\/produit\/stance-infiknit-light-quarter\/","url":"https:\/\/www.miomiorun.com\/fr\/produit\/stance-infiknit-light-quarter\/","name":"Stance Infiknit Light Quarter - Chaussettes de course - MioMioRun.com","isPartOf":{"@id":"https:\/\/www.miomiorun.com\/fr\/#website"},"primaryImageOfPage":{"@id":"https:\/\/www.miomiorun.com\/fr\/produit\/stance-infiknit-light-quarter\/#primaryimage"},"image":{"@id":"https:\/\/www.miomiorun.com\/fr\/produit\/stance-infiknit-light-quarter\/#primaryimage"},"thumbnailUrl":"https:\/\/www.miomiorun.com\/app\/uploads\/2021\/10\/stance-grip-quarter.jpg","datePublished":"2021-10-20T07:31:53+00:00","dateModified":"2026-04-17T12:08:49+00:00","description":"Les chaussures Stance Performance regorgent de fonctionnalit\u00e9s telles que Feel 360\u2122 et Infiknit\u2122 pour optimiser chaque course ou entra\u00eenement.","breadcrumb":{"@id":"https:\/\/www.miomiorun.com\/fr\/produit\/stance-infiknit-light-quarter\/#breadcrumb"},"inLanguage":"fr-FR","potentialAction":[{"@type":"ReadAction","target":["https:\/\/www.miomiorun.com\/fr\/produit\/stance-infiknit-light-quarter\/"]}]},{"@type":"ImageObject","inLanguage":"fr-FR","@id":"https:\/\/www.miomiorun.com\/fr\/produit\/stance-infiknit-light-quarter\/#primaryimage","url":"https:\/\/www.miomiorun.com\/app\/uploads\/2021\/10\/stance-grip-quarter.jpg","contentUrl":"https:\/\/www.miomiorun.com\/app\/uploads\/2021\/10\/stance-grip-quarter.jpg","width":600,"height":600,"caption":"stance grip quarter"},{"@type":"BreadcrumbList","@id":"https:\/\/www.miomiorun.com\/fr\/produit\/stance-infiknit-light-quarter\/#breadcrumb","itemListElement":[{"@type":"ListItem","position":1,"name":"Home","item":"https:\/\/www.miomiorun.com\/fr\/home-page\/"},{"@type":"ListItem","position":2,"name":"Shop","item":"https:\/\/www.miomiorun.com\/shop\/"},{"@type":"ListItem","position":3,"name":"Infiknit Light Quarter"}]},{"@type":"WebSite","@id":"https:\/\/www.miomiorun.com\/fr\/#website","url":"https:\/\/www.miomiorun.com\/fr\/","name":"MioMioRun","description":"Boutique 100% running et trail","publisher":{"@id":"https:\/\/www.miomiorun.com\/fr\/#organization"},"potentialAction":[{"@type":"SearchAction","target":{"@type":"EntryPoint","urlTemplate":"https:\/\/www.miomiorun.com\/fr\/?s={search_term_string}"},"query-input":{"@type":"PropertyValueSpecification","valueRequired":true,"valueName":"search_term_string"}}],"inLanguage":"fr-FR"},{"@type":"Organization","@id":"https:\/\/www.miomiorun.com\/fr\/#organization","name":"MioMio Run","url":"https:\/\/www.miomiorun.com\/fr\/","logo":{"@type":"ImageObject","inLanguage":"fr-FR","@id":"https:\/\/www.miomiorun.com\/fr\/#\/schema\/logo\/image\/","url":"https:\/\/www.miomiorun.com\/app\/uploads\/2019\/12\/logomio.png","contentUrl":"https:\/\/www.miomiorun.com\/app\/uploads\/2019\/12\/logomio.png","width":115,"height":82,"caption":"MioMio Run"},"image":{"@id":"https:\/\/www.miomiorun.com\/fr\/#\/schema\/logo\/image\/"},"sameAs":["https:\/\/www.facebook.com\/miomiorun\/","https:\/\/www.instagram.com\/miomiorun\/"]}]}},"_links":{"self":[{"href":"https:\/\/www.miomiorun.com\/fr\/wp-json\/wp\/v2\/product\/280119","targetHints":{"allow":["GET"]}}],"collection":[{"href":"https:\/\/www.miomiorun.com\/fr\/wp-json\/wp\/v2\/product"}],"about":[{"href":"https:\/\/www.miomiorun.com\/fr\/wp-json\/wp\/v2\/types\/product"}],"wp:featuredmedia":[{"embeddable":true,"href":"https:\/\/www.miomiorun.com\/fr\/wp-json\/wp\/v2\/media\/234125"}],"wp:attachment":[{"href":"https:\/\/www.miomiorun.com\/fr\/wp-json\/wp\/v2\/media?parent=280119"}],"wp:term":[{"taxonomy":"product_brand","embeddable":true,"href":"https:\/\/www.miomiorun.com\/fr\/wp-json\/wp\/v2\/product_brand?post=280119"},{"taxonomy":"product_cat","embeddable":true,"href":"https:\/\/www.miomiorun.com\/fr\/wp-json\/wp\/v2\/product_cat?post=280119"},{"taxonomy":"product_tag","embeddable":true,"href":"https:\/\/www.miomiorun.com\/fr\/wp-json\/wp\/v2\/product_tag?post=280119"}],"curies":[{"name":"wp","href":"https:\/\/api.w.org\/{rel}","templated":true}]}}