{"id":280116,"date":"2021-10-20T10:12:02","date_gmt":"2021-10-20T08:12:02","guid":{"rendered":"https:\/\/miomiorun.com\/prodotto\/uyn-evolutyon-underwear-shirt-longsleeve-uomo\/"},"modified":"2026-05-08T21:13:26","modified_gmt":"2026-05-08T19:13:26","slug":"uyn-evolutyon-underwear-shirt-longsleeve-homme","status":"publish","type":"product","link":"https:\/\/www.miomiorun.com\/fr\/produit\/uyn-evolutyon-underwear-shirt-longsleeve-homme\/","title":{"rendered":"Evolutyon Underwear Shirt LongSleeve homme"},"content":{"rendered":"<p>Respirant, ergonomique, confortable : telles sont les particularit\u00e9s du maillot intime UYN\u00ae <strong>EVOLUTYON UNDERWEAR SHIRT LONGSLEEVE MELANGE<\/strong> pour homme en Natex, une fibre de nylon 100 % biologique qui permet une thermor\u00e9gulation id\u00e9ale. Gr\u00e2ce \u00e0 la canalisation de la surface interne, Coolvent permet une circulation constante de l&#8217;air. Ainsi, le maillot absorbe la transpiration et rafra\u00eechit pendant l&#8217;effort. Avec sa structure innovante, r\u00e9alis\u00e9e en une seule pi\u00e8ce et donc sans coutures au niveau des bras et des \u00e9paules, Hypermotion garantit \u00e9galement une libert\u00e9 de mouvement maximale et favorise une posture correcte. Le maillot \u00e0 manches longues est id\u00e9al pour les s\u00e9ances intenses et exigeantes, en particulier en automne et pendant les journ\u00e9es d&#8217;hiver les plus chaudes. Avec son look m\u00e9lang\u00e9, il s\u00e9duit \u00e9galement par son style.<\/p>\n<h3>Technologies :<\/h3>\n<div class=\"tab-custom-inner-max content-wysiwyg\">\n<div class=\"product-line\">\n<div class=\"py-2\">\n<h4 class=\"uppercase my-1 text-black\">HYPERMOTION<\/h4>\n<div>Un maillot, une couture, aucune limite. La zone des \u00e9paules est r\u00e9alis\u00e9e \u00e0 partir d&#8217;une seule pi\u00e8ce de tissu, sans coutures verticales. Plus de libert\u00e9 de mouvement, plus de soutien pour les muscles et la posture du corps. <\/div>\n<\/div>\n<div class=\"py-2\">\n<h4 class=\"uppercase my-1 text-black\">HEATMEMORY<\/h4>\n<div>Allier puissance et confort n&#8217;est certes pas un objectif facile, mais il est r\u00e9alisable. Gr\u00e2ce aux cellules isolantes HEATMEMORY, votre corps sera toujours prot\u00e9g\u00e9 du froid. <\/div>\n<\/div>\n<div class=\"py-2\">\n<h4 class=\"uppercase my-1 text-black\">COOLVENT<\/h4>\n<div>La surface interne canalis\u00e9e g\u00e9n\u00e8re un flux d&#8217;air constant. Elle absorbe rapidement la transpiration, refroidit le corps pendant l&#8217;activit\u00e9 et maintient la peau s\u00e8che. <\/div>\n<\/div>\n<div class=\"py-2\">\n<h4 class=\"uppercase my-1 text-black\">DRYLIGHT<\/h4>\n<div>\u00c9vacue la transpiration vers l&#8217;ext\u00e9rieur gr\u00e2ce \u00e0 une technologie de tricotage plus l\u00e9g\u00e8re et extr\u00eamement absorbante.<\/div>\n<\/div>\n<div class=\"py-2\">\n<h4 class=\"uppercase my-1 text-black\">FEELINES<\/h4>\n<div>Les lignes de contour dynamiques relient parfaitement les diff\u00e9rentes zones fonctionnelles et garantissent un confort sup\u00e9rieur et une plus grande libert\u00e9 de mouvement.<\/div>\n<\/div>\n<div class=\"py-2\">\n<h4 class=\"uppercase my-1 text-black\">NATEX<\/h4>\n<div>Avec le fil sp\u00e9cial NATEX, UYN met la nature au service de votre bien-\u00eatre. NATEX est particuli\u00e8rement l\u00e9ger et r\u00e9duit le poids du v\u00eatement de 25 %. Les v\u00eatements fabriqu\u00e9s en NATEX s\u00e8chent jusqu&#8217;\u00e0 50 % plus rapidement que les v\u00eatements en nylon du m\u00eame type. La fibre 100 % naturelle et biologique est plus \u00e9lastique et son effet bact\u00e9riostatique minimise les odeurs. <\/div>\n<\/div>\n<\/div>\n<\/div>\n","protected":false},"excerpt":{"rendered":"<p>Respirant, ergonomique, confortable : telles sont les particularit\u00e9s du maillot intime UYN\u00ae EVOLUTYON UNDERWEAR SHIRT LONGSLEEVE MELANGE pour homme en Natex, une fibre de nylon 100 % biologique qui permet une thermor\u00e9gulation id\u00e9ale. Gr\u00e2ce \u00e0 la canalisation de la surface interne, Coolvent permet une circulation constante de l&#8217;air. Ainsi, le maillot absorbe la transpiration et &hellip; <a href=\"https:\/\/www.miomiorun.com\/fr\/produit\/uyn-evolutyon-underwear-shirt-longsleeve-homme\/\">Continued<\/a><\/p>\n","protected":false},"featured_media":234351,"template":"","meta":{"_acf_changed":false,"inline_featured_image":false},"product_brand":[],"product_cat":[24479,24482,24484],"product_tag":[23526,23550],"class_list":{"0":"post-280116","1":"product","2":"type-product","3":"status-publish","4":"has-post-thumbnail","6":"product_cat-sous-vetements-fr-2","7":"product_cat-vetements-pour-hommes-fr","8":"product_cat-homme","9":"product_tag-uyn-fr","10":"product_tag-uyn-homme","11":"pa_attivita-marcher","12":"pa_attivita-outdoor-fr","13":"pa_attivita-running-fr","14":"pa_attivita-trail-fr","15":"pa_colore-evolution-uw-shirt-lg_sl-blackboard-anth-fr","16":"pa_marca-uyn-fr","17":"pa_sesso-homme","18":"pa_size-l-xl-fr","20":"first","21":"instock","22":"sale","23":"taxable","24":"shipping-taxable","25":"purchasable","26":"product-type-variable","27":"wvs-archive-product-wrapper"},"acf":[],"yoast_head":"<!-- This site is optimized with the Yoast SEO plugin v26.8 - https:\/\/yoast.com\/product\/yoast-seo-wordpress\/ -->\n<title>Uyn Evolutyon Underwear Shirt LongSleeve homme - Maillot thermique -<\/title>\n<meta name=\"description\" content=\"Respirante, ergonomique, confortable : voici les particularit\u00e9s du maillot intime UYN EVOLUTYON UNDERWEAR SHIRT LONGSLEEVE MELANGE pour homme en Natex.\" \/>\n<meta name=\"robots\" content=\"index, follow, max-snippet:-1, max-image-preview:large, max-video-preview:-1\" \/>\n<link rel=\"canonical\" href=\"https:\/\/www.miomiorun.com\/fr\/produit\/uyn-evolutyon-underwear-shirt-longsleeve-homme\/\" \/>\n<meta property=\"og:locale\" content=\"fr_FR\" \/>\n<meta property=\"og:type\" content=\"article\" \/>\n<meta property=\"og:title\" content=\"Uyn Evolutyon Underwear Shirt LongSleeve homme - Maillot thermique -\" \/>\n<meta property=\"og:description\" content=\"Respirante, ergonomique, confortable : voici les particularit\u00e9s du maillot intime UYN EVOLUTYON UNDERWEAR SHIRT LONGSLEEVE MELANGE pour homme en Natex.\" \/>\n<meta property=\"og:url\" content=\"https:\/\/www.miomiorun.com\/fr\/produit\/uyn-evolutyon-underwear-shirt-longsleeve-homme\/\" \/>\n<meta property=\"og:site_name\" content=\"MioMioRun\" \/>\n<meta property=\"article:publisher\" content=\"https:\/\/www.facebook.com\/miomiorun\/\" \/>\n<meta property=\"article:modified_time\" content=\"2026-05-08T19:13:26+00:00\" \/>\n<meta property=\"og:image\" content=\"https:\/\/www.miomiorun.com\/app\/uploads\/2021\/11\/uyn-evolution-uw-shirt-lg_sl-U100006-93B472.jpg\" \/>\n\t<meta property=\"og:image:width\" content=\"600\" \/>\n\t<meta property=\"og:image:height\" content=\"600\" \/>\n\t<meta property=\"og:image:type\" content=\"image\/jpeg\" \/>\n<meta name=\"twitter:card\" content=\"summary_large_image\" \/>\n<meta name=\"twitter:label1\" content=\"Est. reading time\" \/>\n\t<meta name=\"twitter:data1\" content=\"2 minutes\" \/>\n<script type=\"application\/ld+json\" class=\"yoast-schema-graph\">{\"@context\":\"https:\/\/schema.org\",\"@graph\":[{\"@type\":\"WebPage\",\"@id\":\"https:\/\/www.miomiorun.com\/fr\/produit\/uyn-evolutyon-underwear-shirt-longsleeve-homme\/\",\"url\":\"https:\/\/www.miomiorun.com\/fr\/produit\/uyn-evolutyon-underwear-shirt-longsleeve-homme\/\",\"name\":\"Uyn Evolutyon Underwear Shirt LongSleeve homme - Maillot thermique -\",\"isPartOf\":{\"@id\":\"https:\/\/www.miomiorun.com\/fr\/#website\"},\"primaryImageOfPage\":{\"@id\":\"https:\/\/www.miomiorun.com\/fr\/produit\/uyn-evolutyon-underwear-shirt-longsleeve-homme\/#primaryimage\"},\"image\":{\"@id\":\"https:\/\/www.miomiorun.com\/fr\/produit\/uyn-evolutyon-underwear-shirt-longsleeve-homme\/#primaryimage\"},\"thumbnailUrl\":\"https:\/\/www.miomiorun.com\/app\/uploads\/2021\/11\/uyn-evolution-uw-shirt-lg_sl-U100006-93B472.jpg\",\"datePublished\":\"2021-10-20T08:12:02+00:00\",\"dateModified\":\"2026-05-08T19:13:26+00:00\",\"description\":\"Respirante, ergonomique, confortable : voici les particularit\u00e9s du maillot intime UYN EVOLUTYON UNDERWEAR SHIRT LONGSLEEVE MELANGE pour homme en Natex.\",\"breadcrumb\":{\"@id\":\"https:\/\/www.miomiorun.com\/fr\/produit\/uyn-evolutyon-underwear-shirt-longsleeve-homme\/#breadcrumb\"},\"inLanguage\":\"fr-FR\",\"potentialAction\":[{\"@type\":\"ReadAction\",\"target\":[\"https:\/\/www.miomiorun.com\/fr\/produit\/uyn-evolutyon-underwear-shirt-longsleeve-homme\/\"]}]},{\"@type\":\"ImageObject\",\"inLanguage\":\"fr-FR\",\"@id\":\"https:\/\/www.miomiorun.com\/fr\/produit\/uyn-evolutyon-underwear-shirt-longsleeve-homme\/#primaryimage\",\"url\":\"https:\/\/www.miomiorun.com\/app\/uploads\/2021\/11\/uyn-evolution-uw-shirt-lg_sl-U100006-93B472.jpg\",\"contentUrl\":\"https:\/\/www.miomiorun.com\/app\/uploads\/2021\/11\/uyn-evolution-uw-shirt-lg_sl-U100006-93B472.jpg\",\"width\":600,\"height\":600,\"caption\":\"uyn evolution uw shirt lg-sl\"},{\"@type\":\"BreadcrumbList\",\"@id\":\"https:\/\/www.miomiorun.com\/fr\/produit\/uyn-evolutyon-underwear-shirt-longsleeve-homme\/#breadcrumb\",\"itemListElement\":[{\"@type\":\"ListItem\",\"position\":1,\"name\":\"Home\",\"item\":\"https:\/\/www.miomiorun.com\/fr\/home-page\/\"},{\"@type\":\"ListItem\",\"position\":2,\"name\":\"Shop\",\"item\":\"https:\/\/www.miomiorun.com\/shop\/\"},{\"@type\":\"ListItem\",\"position\":3,\"name\":\"Evolutyon Underwear Shirt LongSleeve homme\"}]},{\"@type\":\"WebSite\",\"@id\":\"https:\/\/www.miomiorun.com\/fr\/#website\",\"url\":\"https:\/\/www.miomiorun.com\/fr\/\",\"name\":\"MioMioRun\",\"description\":\"Boutique 100% running et trail\",\"publisher\":{\"@id\":\"https:\/\/www.miomiorun.com\/fr\/#organization\"},\"potentialAction\":[{\"@type\":\"SearchAction\",\"target\":{\"@type\":\"EntryPoint\",\"urlTemplate\":\"https:\/\/www.miomiorun.com\/fr\/?s={search_term_string}\"},\"query-input\":{\"@type\":\"PropertyValueSpecification\",\"valueRequired\":true,\"valueName\":\"search_term_string\"}}],\"inLanguage\":\"fr-FR\"},{\"@type\":\"Organization\",\"@id\":\"https:\/\/www.miomiorun.com\/fr\/#organization\",\"name\":\"MioMio Run\",\"url\":\"https:\/\/www.miomiorun.com\/fr\/\",\"logo\":{\"@type\":\"ImageObject\",\"inLanguage\":\"fr-FR\",\"@id\":\"https:\/\/www.miomiorun.com\/fr\/#\/schema\/logo\/image\/\",\"url\":\"https:\/\/www.miomiorun.com\/app\/uploads\/2019\/12\/logomio.png\",\"contentUrl\":\"https:\/\/www.miomiorun.com\/app\/uploads\/2019\/12\/logomio.png\",\"width\":115,\"height\":82,\"caption\":\"MioMio Run\"},\"image\":{\"@id\":\"https:\/\/www.miomiorun.com\/fr\/#\/schema\/logo\/image\/\"},\"sameAs\":[\"https:\/\/www.facebook.com\/miomiorun\/\",\"https:\/\/www.instagram.com\/miomiorun\/\"]}]}<\/script>\n<!-- \/ Yoast SEO plugin. -->","yoast_head_json":{"title":"Uyn Evolutyon Underwear Shirt LongSleeve homme - Maillot thermique -","description":"Respirante, ergonomique, confortable : voici les particularit\u00e9s du maillot intime UYN EVOLUTYON UNDERWEAR SHIRT LONGSLEEVE MELANGE pour homme en Natex.","robots":{"index":"index","follow":"follow","max-snippet":"max-snippet:-1","max-image-preview":"max-image-preview:large","max-video-preview":"max-video-preview:-1"},"canonical":"https:\/\/www.miomiorun.com\/fr\/produit\/uyn-evolutyon-underwear-shirt-longsleeve-homme\/","og_locale":"fr_FR","og_type":"article","og_title":"Uyn Evolutyon Underwear Shirt LongSleeve homme - Maillot thermique -","og_description":"Respirante, ergonomique, confortable : voici les particularit\u00e9s du maillot intime UYN EVOLUTYON UNDERWEAR SHIRT LONGSLEEVE MELANGE pour homme en Natex.","og_url":"https:\/\/www.miomiorun.com\/fr\/produit\/uyn-evolutyon-underwear-shirt-longsleeve-homme\/","og_site_name":"MioMioRun","article_publisher":"https:\/\/www.facebook.com\/miomiorun\/","article_modified_time":"2026-05-08T19:13:26+00:00","og_image":[{"width":600,"height":600,"url":"https:\/\/www.miomiorun.com\/app\/uploads\/2021\/11\/uyn-evolution-uw-shirt-lg_sl-U100006-93B472.jpg","type":"image\/jpeg"}],"twitter_card":"summary_large_image","twitter_misc":{"Est. reading time":"2 minutes"},"schema":{"@context":"https:\/\/schema.org","@graph":[{"@type":"WebPage","@id":"https:\/\/www.miomiorun.com\/fr\/produit\/uyn-evolutyon-underwear-shirt-longsleeve-homme\/","url":"https:\/\/www.miomiorun.com\/fr\/produit\/uyn-evolutyon-underwear-shirt-longsleeve-homme\/","name":"Uyn Evolutyon Underwear Shirt LongSleeve homme - Maillot thermique -","isPartOf":{"@id":"https:\/\/www.miomiorun.com\/fr\/#website"},"primaryImageOfPage":{"@id":"https:\/\/www.miomiorun.com\/fr\/produit\/uyn-evolutyon-underwear-shirt-longsleeve-homme\/#primaryimage"},"image":{"@id":"https:\/\/www.miomiorun.com\/fr\/produit\/uyn-evolutyon-underwear-shirt-longsleeve-homme\/#primaryimage"},"thumbnailUrl":"https:\/\/www.miomiorun.com\/app\/uploads\/2021\/11\/uyn-evolution-uw-shirt-lg_sl-U100006-93B472.jpg","datePublished":"2021-10-20T08:12:02+00:00","dateModified":"2026-05-08T19:13:26+00:00","description":"Respirante, ergonomique, confortable : voici les particularit\u00e9s du maillot intime UYN EVOLUTYON UNDERWEAR SHIRT LONGSLEEVE MELANGE pour homme en Natex.","breadcrumb":{"@id":"https:\/\/www.miomiorun.com\/fr\/produit\/uyn-evolutyon-underwear-shirt-longsleeve-homme\/#breadcrumb"},"inLanguage":"fr-FR","potentialAction":[{"@type":"ReadAction","target":["https:\/\/www.miomiorun.com\/fr\/produit\/uyn-evolutyon-underwear-shirt-longsleeve-homme\/"]}]},{"@type":"ImageObject","inLanguage":"fr-FR","@id":"https:\/\/www.miomiorun.com\/fr\/produit\/uyn-evolutyon-underwear-shirt-longsleeve-homme\/#primaryimage","url":"https:\/\/www.miomiorun.com\/app\/uploads\/2021\/11\/uyn-evolution-uw-shirt-lg_sl-U100006-93B472.jpg","contentUrl":"https:\/\/www.miomiorun.com\/app\/uploads\/2021\/11\/uyn-evolution-uw-shirt-lg_sl-U100006-93B472.jpg","width":600,"height":600,"caption":"uyn evolution uw shirt lg-sl"},{"@type":"BreadcrumbList","@id":"https:\/\/www.miomiorun.com\/fr\/produit\/uyn-evolutyon-underwear-shirt-longsleeve-homme\/#breadcrumb","itemListElement":[{"@type":"ListItem","position":1,"name":"Home","item":"https:\/\/www.miomiorun.com\/fr\/home-page\/"},{"@type":"ListItem","position":2,"name":"Shop","item":"https:\/\/www.miomiorun.com\/shop\/"},{"@type":"ListItem","position":3,"name":"Evolutyon Underwear Shirt LongSleeve homme"}]},{"@type":"WebSite","@id":"https:\/\/www.miomiorun.com\/fr\/#website","url":"https:\/\/www.miomiorun.com\/fr\/","name":"MioMioRun","description":"Boutique 100% running et trail","publisher":{"@id":"https:\/\/www.miomiorun.com\/fr\/#organization"},"potentialAction":[{"@type":"SearchAction","target":{"@type":"EntryPoint","urlTemplate":"https:\/\/www.miomiorun.com\/fr\/?s={search_term_string}"},"query-input":{"@type":"PropertyValueSpecification","valueRequired":true,"valueName":"search_term_string"}}],"inLanguage":"fr-FR"},{"@type":"Organization","@id":"https:\/\/www.miomiorun.com\/fr\/#organization","name":"MioMio Run","url":"https:\/\/www.miomiorun.com\/fr\/","logo":{"@type":"ImageObject","inLanguage":"fr-FR","@id":"https:\/\/www.miomiorun.com\/fr\/#\/schema\/logo\/image\/","url":"https:\/\/www.miomiorun.com\/app\/uploads\/2019\/12\/logomio.png","contentUrl":"https:\/\/www.miomiorun.com\/app\/uploads\/2019\/12\/logomio.png","width":115,"height":82,"caption":"MioMio Run"},"image":{"@id":"https:\/\/www.miomiorun.com\/fr\/#\/schema\/logo\/image\/"},"sameAs":["https:\/\/www.facebook.com\/miomiorun\/","https:\/\/www.instagram.com\/miomiorun\/"]}]}},"_links":{"self":[{"href":"https:\/\/www.miomiorun.com\/fr\/wp-json\/wp\/v2\/product\/280116","targetHints":{"allow":["GET"]}}],"collection":[{"href":"https:\/\/www.miomiorun.com\/fr\/wp-json\/wp\/v2\/product"}],"about":[{"href":"https:\/\/www.miomiorun.com\/fr\/wp-json\/wp\/v2\/types\/product"}],"wp:featuredmedia":[{"embeddable":true,"href":"https:\/\/www.miomiorun.com\/fr\/wp-json\/wp\/v2\/media\/234351"}],"wp:attachment":[{"href":"https:\/\/www.miomiorun.com\/fr\/wp-json\/wp\/v2\/media?parent=280116"}],"wp:term":[{"taxonomy":"product_brand","embeddable":true,"href":"https:\/\/www.miomiorun.com\/fr\/wp-json\/wp\/v2\/product_brand?post=280116"},{"taxonomy":"product_cat","embeddable":true,"href":"https:\/\/www.miomiorun.com\/fr\/wp-json\/wp\/v2\/product_cat?post=280116"},{"taxonomy":"product_tag","embeddable":true,"href":"https:\/\/www.miomiorun.com\/fr\/wp-json\/wp\/v2\/product_tag?post=280116"}],"curies":[{"name":"wp","href":"https:\/\/api.w.org\/{rel}","templated":true}]}}