{"id":280109,"date":"2021-10-19T18:21:14","date_gmt":"2021-10-19T16:21:14","guid":{"rendered":"https:\/\/miomiorun.com\/prodotto\/uyn-run-fit-ow-shirt-long-sleeves-uomo\/"},"modified":"2025-11-18T10:05:40","modified_gmt":"2025-11-18T09:05:40","slug":"uyn-run-fit-ow-shirt-long-sleeves-uomo","status":"publish","type":"product","link":"https:\/\/www.miomiorun.com\/fr\/produit\/uyn-run-fit-ow-shirt-long-sleeves-uomo\/","title":{"rendered":"Run Fit Ow Shirt Long Sleeves uomo"},"content":{"rendered":"<div class=\"tab-custom-inner-max content-wysiwyg\">\n<div class=\"product-line\">\n<p>La maglia a maniche lunghe UYN <strong>RUN FIT<\/strong> da uomo \u00e8 pi\u00f9 di uno strato: \u00e8 uno strato e mezzo! Grazie alla sua speciale struttura, puoi indossarla da sola e avere il giusto livello di calore nelle stagioni di transizione. Il sistema COOLVENT sotto le ascelle e le zone a traspirazione aumentata sulla schiena permettono all&#8217;umidit\u00e0 di uscire e favoriscono il giusto clima corporeo. Abbiamo creato una maglia con un Comfort Fit, ma ottimizzata per seguire la forma del tuo corpo. E tutto questo con una sola cucitura, per evitare di limitare l&#8217;elasticit\u00e0 del tessuto e creare sfregamenti sulla pelle. Ci siamo riusciti grazie alla nostra tecnologia tridimensionale HALOFLEX che rende il capo perfettamente aderente e gli conferisce uno stile unico.<\/p>\n<p><strong>Caratteristiche:<\/strong><\/p>\n<ul>\n<li class=\"mb-2\">Realizzato con filato NATEX al 100% bio-based: 25% pi\u00f9 leggero, 50% pi\u00f9 veloce ad asciugare rispetto al nylon tradizionale. NATEX \u00e8 altamente elastico e fornisce un effetto batteriostatico che riduce la formazione di odori.<\/li>\n<li class=\"mb-2\">Tessuto con tecnologia tridimensionale HALOFLEX per una perfetta vestibilit\u00e0.<\/li>\n<li class=\"mb-2\">Il sistema COOLVENT sulle ascelle favorisce.<\/li>\n<li class=\"mb-2\">Maggiori aree di traspirazione sulla schiena per dissipare il sudore in eccesso.<\/li>\n<\/ul>\n<h3>Tecnologie:<\/h3>\n<div class=\"py-2\">\n<h4 class=\"uppercase my-1 text-black\">HALOFLEX<\/h4>\n<div>Riscalda durante le fasi di riposo: le camere d&#8217;aria isolanti della tecnologia Haloflex Knit proteggono il corpo dal raffreddamento. Questo \u00e8 particolarmente importante quando i muscoli si raffreddano dopo l\u2019attivit\u00e0. Il tuo corpo rimane sempre caldo ed efficiente. Raffredda durante l&#8217;attivit\u00e0: Haloflex Knit si basa sulla struttura aperta del tessuto: la superficie interna canalizzata permette di creare un flusso d&#8217;aria costante. Assorbe rapidamente il sudore, raffredda durante l\u2019attivit\u00e0 e mantiene la pelle piacevolmente asciutta.<\/div>\n<\/div>\n<div class=\"py-2\">\n<h4 class=\"uppercase my-1 text-black\">HYPERMOTION<\/h4>\n<div>Una maglia, una cucitura, nessun limite. La zona delle spalle \u00e8 realizzata a partire da un unico pezzo di tessuto, senza cuciture verticali. Pi\u00f9 libert\u00e0 di movimento, maggiore supporto per la muscolature e la postura del corpo.<\/div>\n<\/div>\n<div class=\"py-2\">\n<h4 class=\"uppercase my-1 text-black\">COOLTUNE<\/h4>\n<div>Un&#8217;espressione del potere di raffreddamento: la costruzione 3D knitted del tessuto ci ha permesso di creare zone ad alta traspirazione per rafforzare il potere di ventilazione.<\/div>\n<\/div>\n<div class=\"py-2\">\n<h4 class=\"uppercase my-1 text-black\">NATEX<\/h4>\n<div>Con lo speciale filato NATEX, UYN mette la natura al servizio del tuo benessere. NATEX \u00e8 particolarmente leggero e riduce il peso del capo del 25%. I capi realizzati in NATEX si asciugano fino al 50% pi\u00f9 velocemente rispetto a indumenti in nylon dello stesso genere. La fibra organica naturale al 100% \u00e8 pi\u00f9 elastica e l\u2019effetto batteriostatico minimizza gli odori.<\/div>\n<\/div>\n<\/div>\n<\/div>\n","protected":false},"excerpt":{"rendered":"<p>La maglia a maniche lunghe UYN RUN FIT da uomo \u00e8 pi\u00f9 di uno strato: \u00e8 uno strato e mezzo! Grazie alla sua speciale struttura, puoi indossarla da sola e avere il giusto livello di calore nelle stagioni di transizione. Il sistema COOLVENT sotto le ascelle e le zone a traspirazione aumentata sulla schiena permettono &hellip; <a href=\"https:\/\/www.miomiorun.com\/fr\/produit\/uyn-run-fit-ow-shirt-long-sleeves-uomo\/\">Continued<\/a><\/p>\n","protected":false},"featured_media":234151,"template":"","meta":{"_acf_changed":false,"inline_featured_image":false},"product_brand":[],"product_cat":[24478,24482,24484],"product_tag":[23526,23550],"class_list":{"0":"post-280109","1":"product","2":"type-product","3":"status-publish","4":"has-post-thumbnail","6":"product_cat-maillots-fr-2","7":"product_cat-vetements-pour-hommes-fr","8":"product_cat-homme","9":"product_tag-uyn-fr","10":"product_tag-uyn-homme","11":"pa_attivita-marcher","12":"pa_attivita-outdoor-fr","13":"pa_attivita-running-fr","14":"pa_attivita-trail-fr","15":"pa_marca-uyn-fr","16":"pa_sesso-homme","17":"pa_size-small-fr","18":"pa_size-medium-fr","19":"pa_size-large-fr","21":"first","22":"instock","23":"sale","24":"taxable","25":"shipping-taxable","26":"purchasable","27":"product-type-variable","28":"wvs-archive-product-wrapper"},"acf":[],"yoast_head":"<!-- This site is optimized with the Yoast SEO plugin v26.8 - https:\/\/yoast.com\/product\/yoast-seo-wordpress\/ -->\n<title>Uyn Run Fit Ow Shirt Long Sleeves uomo - Maglia termico - MioMioRun<\/title>\n<meta name=\"description\" content=\"La maglia a maniche lunghe UYN RUN FIT da uomo ha una speciale struttura per avere il giusto livello di calore nelle stagioni di transizione.\" \/>\n<meta name=\"robots\" content=\"index, follow, max-snippet:-1, max-image-preview:large, max-video-preview:-1\" \/>\n<link rel=\"canonical\" href=\"https:\/\/www.miomiorun.com\/fr\/produit\/uyn-run-fit-ow-shirt-long-sleeves-uomo\/\" \/>\n<meta property=\"og:locale\" content=\"fr_FR\" \/>\n<meta property=\"og:type\" content=\"article\" \/>\n<meta property=\"og:title\" content=\"Uyn Run Fit Ow Shirt Long Sleeves uomo - Maglia termico - MioMioRun\" \/>\n<meta property=\"og:description\" content=\"La maglia a maniche lunghe UYN RUN FIT da uomo ha una speciale struttura per avere il giusto livello di calore nelle stagioni di transizione.\" \/>\n<meta property=\"og:url\" content=\"https:\/\/www.miomiorun.com\/fr\/produit\/uyn-run-fit-ow-shirt-long-sleeves-uomo\/\" \/>\n<meta property=\"og:site_name\" content=\"MioMioRun\" \/>\n<meta property=\"article:publisher\" content=\"https:\/\/www.facebook.com\/miomiorun\/\" \/>\n<meta property=\"article:modified_time\" content=\"2025-11-18T09:05:40+00:00\" \/>\n<meta property=\"og:image\" content=\"https:\/\/www.miomiorun.com\/app\/uploads\/2021\/10\/uyn-man-run-fit-ow-shirt-long-sl-O102093-93B464.jpg\" \/>\n\t<meta property=\"og:image:width\" content=\"600\" \/>\n\t<meta property=\"og:image:height\" content=\"600\" \/>\n\t<meta property=\"og:image:type\" content=\"image\/jpeg\" \/>\n<meta name=\"twitter:card\" content=\"summary_large_image\" \/>\n<meta name=\"twitter:label1\" content=\"Est. reading time\" \/>\n\t<meta name=\"twitter:data1\" content=\"2 minutes\" \/>\n<script type=\"application\/ld+json\" class=\"yoast-schema-graph\">{\"@context\":\"https:\/\/schema.org\",\"@graph\":[{\"@type\":\"WebPage\",\"@id\":\"https:\/\/www.miomiorun.com\/fr\/produit\/uyn-run-fit-ow-shirt-long-sleeves-uomo\/\",\"url\":\"https:\/\/www.miomiorun.com\/fr\/produit\/uyn-run-fit-ow-shirt-long-sleeves-uomo\/\",\"name\":\"Uyn Run Fit Ow Shirt Long Sleeves uomo - Maglia termico - MioMioRun\",\"isPartOf\":{\"@id\":\"https:\/\/www.miomiorun.com\/fr\/#website\"},\"primaryImageOfPage\":{\"@id\":\"https:\/\/www.miomiorun.com\/fr\/produit\/uyn-run-fit-ow-shirt-long-sleeves-uomo\/#primaryimage\"},\"image\":{\"@id\":\"https:\/\/www.miomiorun.com\/fr\/produit\/uyn-run-fit-ow-shirt-long-sleeves-uomo\/#primaryimage\"},\"thumbnailUrl\":\"https:\/\/www.miomiorun.com\/app\/uploads\/2021\/10\/uyn-man-run-fit-ow-shirt-long-sl-O102093-93B464.jpg\",\"datePublished\":\"2021-10-19T16:21:14+00:00\",\"dateModified\":\"2025-11-18T09:05:40+00:00\",\"description\":\"La maglia a maniche lunghe UYN RUN FIT da uomo ha una speciale struttura per avere il giusto livello di calore nelle stagioni di transizione.\",\"breadcrumb\":{\"@id\":\"https:\/\/www.miomiorun.com\/fr\/produit\/uyn-run-fit-ow-shirt-long-sleeves-uomo\/#breadcrumb\"},\"inLanguage\":\"fr-FR\",\"potentialAction\":[{\"@type\":\"ReadAction\",\"target\":[\"https:\/\/www.miomiorun.com\/fr\/produit\/uyn-run-fit-ow-shirt-long-sleeves-uomo\/\"]}]},{\"@type\":\"ImageObject\",\"inLanguage\":\"fr-FR\",\"@id\":\"https:\/\/www.miomiorun.com\/fr\/produit\/uyn-run-fit-ow-shirt-long-sleeves-uomo\/#primaryimage\",\"url\":\"https:\/\/www.miomiorun.com\/app\/uploads\/2021\/10\/uyn-man-run-fit-ow-shirt-long-sl-O102093-93B464.jpg\",\"contentUrl\":\"https:\/\/www.miomiorun.com\/app\/uploads\/2021\/10\/uyn-man-run-fit-ow-shirt-long-sl-O102093-93B464.jpg\",\"width\":600,\"height\":600,\"caption\":\"uyn run fit ow shirt long sleeves\"},{\"@type\":\"BreadcrumbList\",\"@id\":\"https:\/\/www.miomiorun.com\/fr\/produit\/uyn-run-fit-ow-shirt-long-sleeves-uomo\/#breadcrumb\",\"itemListElement\":[{\"@type\":\"ListItem\",\"position\":1,\"name\":\"Home\",\"item\":\"https:\/\/www.miomiorun.com\/fr\/home-page\/\"},{\"@type\":\"ListItem\",\"position\":2,\"name\":\"Shop\",\"item\":\"https:\/\/www.miomiorun.com\/shop\/\"},{\"@type\":\"ListItem\",\"position\":3,\"name\":\"Run Fit Ow Shirt Long Sleeves uomo\"}]},{\"@type\":\"WebSite\",\"@id\":\"https:\/\/www.miomiorun.com\/fr\/#website\",\"url\":\"https:\/\/www.miomiorun.com\/fr\/\",\"name\":\"MioMioRun\",\"description\":\"Boutique 100% running et trail\",\"publisher\":{\"@id\":\"https:\/\/www.miomiorun.com\/fr\/#organization\"},\"potentialAction\":[{\"@type\":\"SearchAction\",\"target\":{\"@type\":\"EntryPoint\",\"urlTemplate\":\"https:\/\/www.miomiorun.com\/fr\/?s={search_term_string}\"},\"query-input\":{\"@type\":\"PropertyValueSpecification\",\"valueRequired\":true,\"valueName\":\"search_term_string\"}}],\"inLanguage\":\"fr-FR\"},{\"@type\":\"Organization\",\"@id\":\"https:\/\/www.miomiorun.com\/fr\/#organization\",\"name\":\"MioMio Run\",\"url\":\"https:\/\/www.miomiorun.com\/fr\/\",\"logo\":{\"@type\":\"ImageObject\",\"inLanguage\":\"fr-FR\",\"@id\":\"https:\/\/www.miomiorun.com\/fr\/#\/schema\/logo\/image\/\",\"url\":\"https:\/\/www.miomiorun.com\/app\/uploads\/2019\/12\/logomio.png\",\"contentUrl\":\"https:\/\/www.miomiorun.com\/app\/uploads\/2019\/12\/logomio.png\",\"width\":115,\"height\":82,\"caption\":\"MioMio Run\"},\"image\":{\"@id\":\"https:\/\/www.miomiorun.com\/fr\/#\/schema\/logo\/image\/\"},\"sameAs\":[\"https:\/\/www.facebook.com\/miomiorun\/\",\"https:\/\/www.instagram.com\/miomiorun\/\"]}]}<\/script>\n<!-- \/ Yoast SEO plugin. -->","yoast_head_json":{"title":"Uyn Run Fit Ow Shirt Long Sleeves uomo - Maglia termico - MioMioRun","description":"La maglia a maniche lunghe UYN RUN FIT da uomo ha una speciale struttura per avere il giusto livello di calore nelle stagioni di transizione.","robots":{"index":"index","follow":"follow","max-snippet":"max-snippet:-1","max-image-preview":"max-image-preview:large","max-video-preview":"max-video-preview:-1"},"canonical":"https:\/\/www.miomiorun.com\/fr\/produit\/uyn-run-fit-ow-shirt-long-sleeves-uomo\/","og_locale":"fr_FR","og_type":"article","og_title":"Uyn Run Fit Ow Shirt Long Sleeves uomo - Maglia termico - MioMioRun","og_description":"La maglia a maniche lunghe UYN RUN FIT da uomo ha una speciale struttura per avere il giusto livello di calore nelle stagioni di transizione.","og_url":"https:\/\/www.miomiorun.com\/fr\/produit\/uyn-run-fit-ow-shirt-long-sleeves-uomo\/","og_site_name":"MioMioRun","article_publisher":"https:\/\/www.facebook.com\/miomiorun\/","article_modified_time":"2025-11-18T09:05:40+00:00","og_image":[{"width":600,"height":600,"url":"https:\/\/www.miomiorun.com\/app\/uploads\/2021\/10\/uyn-man-run-fit-ow-shirt-long-sl-O102093-93B464.jpg","type":"image\/jpeg"}],"twitter_card":"summary_large_image","twitter_misc":{"Est. reading time":"2 minutes"},"schema":{"@context":"https:\/\/schema.org","@graph":[{"@type":"WebPage","@id":"https:\/\/www.miomiorun.com\/fr\/produit\/uyn-run-fit-ow-shirt-long-sleeves-uomo\/","url":"https:\/\/www.miomiorun.com\/fr\/produit\/uyn-run-fit-ow-shirt-long-sleeves-uomo\/","name":"Uyn Run Fit Ow Shirt Long Sleeves uomo - Maglia termico - MioMioRun","isPartOf":{"@id":"https:\/\/www.miomiorun.com\/fr\/#website"},"primaryImageOfPage":{"@id":"https:\/\/www.miomiorun.com\/fr\/produit\/uyn-run-fit-ow-shirt-long-sleeves-uomo\/#primaryimage"},"image":{"@id":"https:\/\/www.miomiorun.com\/fr\/produit\/uyn-run-fit-ow-shirt-long-sleeves-uomo\/#primaryimage"},"thumbnailUrl":"https:\/\/www.miomiorun.com\/app\/uploads\/2021\/10\/uyn-man-run-fit-ow-shirt-long-sl-O102093-93B464.jpg","datePublished":"2021-10-19T16:21:14+00:00","dateModified":"2025-11-18T09:05:40+00:00","description":"La maglia a maniche lunghe UYN RUN FIT da uomo ha una speciale struttura per avere il giusto livello di calore nelle stagioni di transizione.","breadcrumb":{"@id":"https:\/\/www.miomiorun.com\/fr\/produit\/uyn-run-fit-ow-shirt-long-sleeves-uomo\/#breadcrumb"},"inLanguage":"fr-FR","potentialAction":[{"@type":"ReadAction","target":["https:\/\/www.miomiorun.com\/fr\/produit\/uyn-run-fit-ow-shirt-long-sleeves-uomo\/"]}]},{"@type":"ImageObject","inLanguage":"fr-FR","@id":"https:\/\/www.miomiorun.com\/fr\/produit\/uyn-run-fit-ow-shirt-long-sleeves-uomo\/#primaryimage","url":"https:\/\/www.miomiorun.com\/app\/uploads\/2021\/10\/uyn-man-run-fit-ow-shirt-long-sl-O102093-93B464.jpg","contentUrl":"https:\/\/www.miomiorun.com\/app\/uploads\/2021\/10\/uyn-man-run-fit-ow-shirt-long-sl-O102093-93B464.jpg","width":600,"height":600,"caption":"uyn run fit ow shirt long sleeves"},{"@type":"BreadcrumbList","@id":"https:\/\/www.miomiorun.com\/fr\/produit\/uyn-run-fit-ow-shirt-long-sleeves-uomo\/#breadcrumb","itemListElement":[{"@type":"ListItem","position":1,"name":"Home","item":"https:\/\/www.miomiorun.com\/fr\/home-page\/"},{"@type":"ListItem","position":2,"name":"Shop","item":"https:\/\/www.miomiorun.com\/shop\/"},{"@type":"ListItem","position":3,"name":"Run Fit Ow Shirt Long Sleeves uomo"}]},{"@type":"WebSite","@id":"https:\/\/www.miomiorun.com\/fr\/#website","url":"https:\/\/www.miomiorun.com\/fr\/","name":"MioMioRun","description":"Boutique 100% running et trail","publisher":{"@id":"https:\/\/www.miomiorun.com\/fr\/#organization"},"potentialAction":[{"@type":"SearchAction","target":{"@type":"EntryPoint","urlTemplate":"https:\/\/www.miomiorun.com\/fr\/?s={search_term_string}"},"query-input":{"@type":"PropertyValueSpecification","valueRequired":true,"valueName":"search_term_string"}}],"inLanguage":"fr-FR"},{"@type":"Organization","@id":"https:\/\/www.miomiorun.com\/fr\/#organization","name":"MioMio Run","url":"https:\/\/www.miomiorun.com\/fr\/","logo":{"@type":"ImageObject","inLanguage":"fr-FR","@id":"https:\/\/www.miomiorun.com\/fr\/#\/schema\/logo\/image\/","url":"https:\/\/www.miomiorun.com\/app\/uploads\/2019\/12\/logomio.png","contentUrl":"https:\/\/www.miomiorun.com\/app\/uploads\/2019\/12\/logomio.png","width":115,"height":82,"caption":"MioMio Run"},"image":{"@id":"https:\/\/www.miomiorun.com\/fr\/#\/schema\/logo\/image\/"},"sameAs":["https:\/\/www.facebook.com\/miomiorun\/","https:\/\/www.instagram.com\/miomiorun\/"]}]}},"_links":{"self":[{"href":"https:\/\/www.miomiorun.com\/fr\/wp-json\/wp\/v2\/product\/280109","targetHints":{"allow":["GET"]}}],"collection":[{"href":"https:\/\/www.miomiorun.com\/fr\/wp-json\/wp\/v2\/product"}],"about":[{"href":"https:\/\/www.miomiorun.com\/fr\/wp-json\/wp\/v2\/types\/product"}],"wp:featuredmedia":[{"embeddable":true,"href":"https:\/\/www.miomiorun.com\/fr\/wp-json\/wp\/v2\/media\/234151"}],"wp:attachment":[{"href":"https:\/\/www.miomiorun.com\/fr\/wp-json\/wp\/v2\/media?parent=280109"}],"wp:term":[{"taxonomy":"product_brand","embeddable":true,"href":"https:\/\/www.miomiorun.com\/fr\/wp-json\/wp\/v2\/product_brand?post=280109"},{"taxonomy":"product_cat","embeddable":true,"href":"https:\/\/www.miomiorun.com\/fr\/wp-json\/wp\/v2\/product_cat?post=280109"},{"taxonomy":"product_tag","embeddable":true,"href":"https:\/\/www.miomiorun.com\/fr\/wp-json\/wp\/v2\/product_tag?post=280109"}],"curies":[{"name":"wp","href":"https:\/\/api.w.org\/{rel}","templated":true}]}}