{"id":280106,"date":"2021-10-19T18:55:01","date_gmt":"2021-10-19T16:55:01","guid":{"rendered":"https:\/\/miomiorun.com\/prodotto\/uyn-run-fit-ow-shirt-long-sleeves-donna\/"},"modified":"2026-05-08T21:13:22","modified_gmt":"2026-05-08T19:13:22","slug":"uyn-run-fit-ow-shirt-long-sleeves-femme","status":"publish","type":"product","link":"https:\/\/www.miomiorun.com\/fr\/produit\/uyn-run-fit-ow-shirt-long-sleeves-femme\/","title":{"rendered":"Run Fit Ow Shirt Long Sleeves femme"},"content":{"rendered":"<div class=\"tab-custom-inner-max content-wysiwyg\">\n<div class=\"product-line\">\n<p>Le maillot \u00e0 manches longues UYN <strong>RUN FIT<\/strong> pour femme est plus qu&#8217;une simple couche : c&#8217;est une couche et demie ! Gr\u00e2ce \u00e0 sa structure sp\u00e9ciale, vous pouvez le porter seul et b\u00e9n\u00e9ficier d&#8217;un niveau de chaleur id\u00e9al pendant les saisons interm\u00e9diaires. Le syst\u00e8me COOLVENT sous les aisselles et les zones \u00e0 transpiration accrue dans le dos permettent \u00e0 l&#8217;humidit\u00e9 de s&#8217;\u00e9chapper et favorisent un climat corporel id\u00e9al. Nous avons cr\u00e9\u00e9 un maillot avec une coupe confortable, mais optimis\u00e9e pour \u00e9pouser la forme de votre corps. Et tout cela avec une seule couture, afin de ne pas limiter l&#8217;\u00e9lasticit\u00e9 du tissu et de ne pas cr\u00e9er de frottements sur la peau. Nous y sommes parvenus gr\u00e2ce \u00e0 notre technologie tridimensionnelle HALOFLEX qui rend le v\u00eatement parfaitement ajust\u00e9 et lui conf\u00e8re un style unique.<\/p>\n<p><strong>Caract\u00e9ristiques :<\/strong><\/p>\n<ul>\n<li class=\"mb-2\">Fabriqu\u00e9 avec du fil NATEX 100 % bio : 25 % plus l\u00e9ger et 50 % plus rapide \u00e0 s\u00e9cher que le nylon traditionnel. NATEX est tr\u00e8s \u00e9lastique et offre un effet bact\u00e9riostatique qui r\u00e9duit la formation d&#8217;odeurs.<\/li>\n<li class=\"mb-2\">Tissu avec technologie tridimensionnelle HALOFLEX pour un ajustement parfait.<\/li>\n<li class=\"mb-2\">Le syst\u00e8me COOLVENT sous les aisselles favorise.<\/li>\n<li class=\"mb-2\">Plus grandes zones de transpiration dans le dos pour \u00e9vacuer l&#8217;exc\u00e8s de sueur.<\/li>\n<\/ul>\n<h3>Technologies :<\/h3>\n<div class=\"py-2\">\n<h4 class=\"uppercase my-1 text-black\">HALOFLEX<\/h4>\n<div>R\u00e9chauffe pendant les phases de repos : les chambres \u00e0 air isolantes de la technologie Haloflex Knit prot\u00e8gent le corps du refroidissement. Ceci est particuli\u00e8rement important lorsque les muscles se refroidissent apr\u00e8s l&#8217;activit\u00e9. Votre corps reste toujours chaud et efficace. Refroidit pendant l&#8217;activit\u00e9 : Haloflex Knit repose sur la structure ouverte du tissu : la surface interne canalis\u00e9e permet de cr\u00e9er un flux d&#8217;air constant. Il absorbe rapidement la transpiration, refroidit pendant l&#8217;activit\u00e9 et maintient la peau agr\u00e9ablement s\u00e8che. <\/div>\n<\/div>\n<div class=\"py-2\">\n<h4 class=\"uppercase my-1 text-black\">HYPERMOTION<\/h4>\n<div>Un tricot, une couture, aucune limite. La zone des \u00e9paules est r\u00e9alis\u00e9e \u00e0 partir d&#8217;une seule pi\u00e8ce de tissu, sans coutures verticales. Plus de libert\u00e9 de mouvement, plus de soutien pour les muscles et la posture du corps. <\/div>\n<\/div>\n<div class=\"py-2\">\n<h4 class=\"uppercase my-1 text-black\">COOLTUNE<\/h4>\n<div>Une expression du pouvoir rafra\u00eechissant : la construction 3D tricot\u00e9e du tissu nous a permis de cr\u00e9er des zones hautement respirantes pour renforcer le pouvoir de ventilation.<\/div>\n<\/div>\n<div class=\"py-2\">\n<h4 class=\"uppercase my-1 text-black\">NATEX<\/h4>\n<div>Avec le fil sp\u00e9cial NATEX, UYN met la nature au service de votre bien-\u00eatre. NATEX est particuli\u00e8rement l\u00e9ger et r\u00e9duit le poids du v\u00eatement de 25 %. Les v\u00eatements fabriqu\u00e9s en NATEX s\u00e8chent jusqu&#8217;\u00e0 50 % plus rapidement que les v\u00eatements en nylon du m\u00eame type. La fibre 100 % naturelle et biologique est plus \u00e9lastique et son effet bact\u00e9riostatique minimise les odeurs.\n<\/div>\n<\/div>\n<\/div>\n<\/div>\n","protected":false},"excerpt":{"rendered":"<p>Le maillot \u00e0 manches longues UYN RUN FIT pour femme est plus qu&#8217;une simple couche : c&#8217;est une couche et demie ! Gr\u00e2ce \u00e0 sa structure sp\u00e9ciale, vous pouvez le porter seul et b\u00e9n\u00e9ficier d&#8217;un niveau de chaleur id\u00e9al pendant les saisons interm\u00e9diaires. Le syst\u00e8me COOLVENT sous les aisselles et les zones \u00e0 transpiration accrue &hellip; <a href=\"https:\/\/www.miomiorun.com\/fr\/produit\/uyn-run-fit-ow-shirt-long-sleeves-femme\/\">Continued<\/a><\/p>\n","protected":false},"featured_media":234153,"template":"","meta":{"_acf_changed":false,"inline_featured_image":false},"product_brand":[],"product_cat":[22601,22596,22595],"product_tag":[23526,23549],"class_list":{"0":"post-280106","1":"product","2":"type-product","3":"status-publish","4":"has-post-thumbnail","6":"product_cat-maillots","7":"product_cat-vetements-pour-femmes","8":"product_cat-femme","9":"product_tag-uyn-fr","10":"product_tag-uyn-femme","11":"pa_marca-uyn-fr","12":"pa_sesso-femme","13":"pa_size-small-fr","14":"pa_size-medium-fr","16":"first","17":"instock","18":"sale","19":"taxable","20":"shipping-taxable","21":"purchasable","22":"product-type-variable","23":"wvs-archive-product-wrapper"},"acf":[],"yoast_head":"<!-- This site is optimized with the Yoast SEO plugin v26.8 - https:\/\/yoast.com\/product\/yoast-seo-wordpress\/ -->\n<title>Uyn Run Fit Ow Shirt Long Sleeves femme - Maillot thermique - MioMioRun<\/title>\n<meta name=\"description\" content=\"Le maillot \u00e0 manches longues UYN RUN FIT pour femme pr\u00e9sente une structure sp\u00e9ciale qui garantit un niveau de chaleur id\u00e9al pendant les saisons interm\u00e9diaires.\" \/>\n<meta name=\"robots\" content=\"index, follow, max-snippet:-1, max-image-preview:large, max-video-preview:-1\" \/>\n<link rel=\"canonical\" href=\"https:\/\/www.miomiorun.com\/fr\/produit\/uyn-run-fit-ow-shirt-long-sleeves-femme\/\" \/>\n<meta property=\"og:locale\" content=\"fr_FR\" \/>\n<meta property=\"og:type\" content=\"article\" \/>\n<meta property=\"og:title\" content=\"Uyn Run Fit Ow Shirt Long Sleeves femme - Maillot thermique - MioMioRun\" \/>\n<meta property=\"og:description\" content=\"Le maillot \u00e0 manches longues UYN RUN FIT pour femme pr\u00e9sente une structure sp\u00e9ciale qui garantit un niveau de chaleur id\u00e9al pendant les saisons interm\u00e9diaires.\" \/>\n<meta property=\"og:url\" content=\"https:\/\/www.miomiorun.com\/fr\/produit\/uyn-run-fit-ow-shirt-long-sleeves-femme\/\" \/>\n<meta property=\"og:site_name\" content=\"MioMioRun\" \/>\n<meta property=\"article:publisher\" content=\"https:\/\/www.facebook.com\/miomiorun\/\" \/>\n<meta property=\"article:modified_time\" content=\"2026-05-08T19:13:22+00:00\" \/>\n<meta property=\"og:image\" content=\"https:\/\/www.miomiorun.com\/app\/uploads\/2021\/10\/uyn-lady-run-fit-ow-shirt-long-sl-O102094-93B464.jpg\" \/>\n\t<meta property=\"og:image:width\" content=\"600\" \/>\n\t<meta property=\"og:image:height\" content=\"600\" \/>\n\t<meta property=\"og:image:type\" content=\"image\/jpeg\" \/>\n<meta name=\"twitter:card\" content=\"summary_large_image\" \/>\n<meta name=\"twitter:label1\" content=\"Est. reading time\" \/>\n\t<meta name=\"twitter:data1\" content=\"2 minutes\" \/>\n<script type=\"application\/ld+json\" class=\"yoast-schema-graph\">{\"@context\":\"https:\/\/schema.org\",\"@graph\":[{\"@type\":\"WebPage\",\"@id\":\"https:\/\/www.miomiorun.com\/fr\/produit\/uyn-run-fit-ow-shirt-long-sleeves-femme\/\",\"url\":\"https:\/\/www.miomiorun.com\/fr\/produit\/uyn-run-fit-ow-shirt-long-sleeves-femme\/\",\"name\":\"Uyn Run Fit Ow Shirt Long Sleeves femme - Maillot thermique - MioMioRun\",\"isPartOf\":{\"@id\":\"https:\/\/www.miomiorun.com\/fr\/#website\"},\"primaryImageOfPage\":{\"@id\":\"https:\/\/www.miomiorun.com\/fr\/produit\/uyn-run-fit-ow-shirt-long-sleeves-femme\/#primaryimage\"},\"image\":{\"@id\":\"https:\/\/www.miomiorun.com\/fr\/produit\/uyn-run-fit-ow-shirt-long-sleeves-femme\/#primaryimage\"},\"thumbnailUrl\":\"https:\/\/www.miomiorun.com\/app\/uploads\/2021\/10\/uyn-lady-run-fit-ow-shirt-long-sl-O102094-93B464.jpg\",\"datePublished\":\"2021-10-19T16:55:01+00:00\",\"dateModified\":\"2026-05-08T19:13:22+00:00\",\"description\":\"Le maillot \u00e0 manches longues UYN RUN FIT pour femme pr\u00e9sente une structure sp\u00e9ciale qui garantit un niveau de chaleur id\u00e9al pendant les saisons interm\u00e9diaires.\",\"breadcrumb\":{\"@id\":\"https:\/\/www.miomiorun.com\/fr\/produit\/uyn-run-fit-ow-shirt-long-sleeves-femme\/#breadcrumb\"},\"inLanguage\":\"fr-FR\",\"potentialAction\":[{\"@type\":\"ReadAction\",\"target\":[\"https:\/\/www.miomiorun.com\/fr\/produit\/uyn-run-fit-ow-shirt-long-sleeves-femme\/\"]}]},{\"@type\":\"ImageObject\",\"inLanguage\":\"fr-FR\",\"@id\":\"https:\/\/www.miomiorun.com\/fr\/produit\/uyn-run-fit-ow-shirt-long-sleeves-femme\/#primaryimage\",\"url\":\"https:\/\/www.miomiorun.com\/app\/uploads\/2021\/10\/uyn-lady-run-fit-ow-shirt-long-sl-O102094-93B464.jpg\",\"contentUrl\":\"https:\/\/www.miomiorun.com\/app\/uploads\/2021\/10\/uyn-lady-run-fit-ow-shirt-long-sl-O102094-93B464.jpg\",\"width\":600,\"height\":600,\"caption\":\"uyn run fit ow shirt long sleeves\"},{\"@type\":\"BreadcrumbList\",\"@id\":\"https:\/\/www.miomiorun.com\/fr\/produit\/uyn-run-fit-ow-shirt-long-sleeves-femme\/#breadcrumb\",\"itemListElement\":[{\"@type\":\"ListItem\",\"position\":1,\"name\":\"Home\",\"item\":\"https:\/\/www.miomiorun.com\/fr\/home-page\/\"},{\"@type\":\"ListItem\",\"position\":2,\"name\":\"Shop\",\"item\":\"https:\/\/www.miomiorun.com\/shop\/\"},{\"@type\":\"ListItem\",\"position\":3,\"name\":\"Run Fit Ow Shirt Long Sleeves femme\"}]},{\"@type\":\"WebSite\",\"@id\":\"https:\/\/www.miomiorun.com\/fr\/#website\",\"url\":\"https:\/\/www.miomiorun.com\/fr\/\",\"name\":\"MioMioRun\",\"description\":\"Boutique 100% running et trail\",\"publisher\":{\"@id\":\"https:\/\/www.miomiorun.com\/fr\/#organization\"},\"potentialAction\":[{\"@type\":\"SearchAction\",\"target\":{\"@type\":\"EntryPoint\",\"urlTemplate\":\"https:\/\/www.miomiorun.com\/fr\/?s={search_term_string}\"},\"query-input\":{\"@type\":\"PropertyValueSpecification\",\"valueRequired\":true,\"valueName\":\"search_term_string\"}}],\"inLanguage\":\"fr-FR\"},{\"@type\":\"Organization\",\"@id\":\"https:\/\/www.miomiorun.com\/fr\/#organization\",\"name\":\"MioMio Run\",\"url\":\"https:\/\/www.miomiorun.com\/fr\/\",\"logo\":{\"@type\":\"ImageObject\",\"inLanguage\":\"fr-FR\",\"@id\":\"https:\/\/www.miomiorun.com\/fr\/#\/schema\/logo\/image\/\",\"url\":\"https:\/\/www.miomiorun.com\/app\/uploads\/2019\/12\/logomio.png\",\"contentUrl\":\"https:\/\/www.miomiorun.com\/app\/uploads\/2019\/12\/logomio.png\",\"width\":115,\"height\":82,\"caption\":\"MioMio Run\"},\"image\":{\"@id\":\"https:\/\/www.miomiorun.com\/fr\/#\/schema\/logo\/image\/\"},\"sameAs\":[\"https:\/\/www.facebook.com\/miomiorun\/\",\"https:\/\/www.instagram.com\/miomiorun\/\"]}]}<\/script>\n<!-- \/ Yoast SEO plugin. -->","yoast_head_json":{"title":"Uyn Run Fit Ow Shirt Long Sleeves femme - Maillot thermique - MioMioRun","description":"Le maillot \u00e0 manches longues UYN RUN FIT pour femme pr\u00e9sente une structure sp\u00e9ciale qui garantit un niveau de chaleur id\u00e9al pendant les saisons interm\u00e9diaires.","robots":{"index":"index","follow":"follow","max-snippet":"max-snippet:-1","max-image-preview":"max-image-preview:large","max-video-preview":"max-video-preview:-1"},"canonical":"https:\/\/www.miomiorun.com\/fr\/produit\/uyn-run-fit-ow-shirt-long-sleeves-femme\/","og_locale":"fr_FR","og_type":"article","og_title":"Uyn Run Fit Ow Shirt Long Sleeves femme - Maillot thermique - MioMioRun","og_description":"Le maillot \u00e0 manches longues UYN RUN FIT pour femme pr\u00e9sente une structure sp\u00e9ciale qui garantit un niveau de chaleur id\u00e9al pendant les saisons interm\u00e9diaires.","og_url":"https:\/\/www.miomiorun.com\/fr\/produit\/uyn-run-fit-ow-shirt-long-sleeves-femme\/","og_site_name":"MioMioRun","article_publisher":"https:\/\/www.facebook.com\/miomiorun\/","article_modified_time":"2026-05-08T19:13:22+00:00","og_image":[{"width":600,"height":600,"url":"https:\/\/www.miomiorun.com\/app\/uploads\/2021\/10\/uyn-lady-run-fit-ow-shirt-long-sl-O102094-93B464.jpg","type":"image\/jpeg"}],"twitter_card":"summary_large_image","twitter_misc":{"Est. reading time":"2 minutes"},"schema":{"@context":"https:\/\/schema.org","@graph":[{"@type":"WebPage","@id":"https:\/\/www.miomiorun.com\/fr\/produit\/uyn-run-fit-ow-shirt-long-sleeves-femme\/","url":"https:\/\/www.miomiorun.com\/fr\/produit\/uyn-run-fit-ow-shirt-long-sleeves-femme\/","name":"Uyn Run Fit Ow Shirt Long Sleeves femme - Maillot thermique - MioMioRun","isPartOf":{"@id":"https:\/\/www.miomiorun.com\/fr\/#website"},"primaryImageOfPage":{"@id":"https:\/\/www.miomiorun.com\/fr\/produit\/uyn-run-fit-ow-shirt-long-sleeves-femme\/#primaryimage"},"image":{"@id":"https:\/\/www.miomiorun.com\/fr\/produit\/uyn-run-fit-ow-shirt-long-sleeves-femme\/#primaryimage"},"thumbnailUrl":"https:\/\/www.miomiorun.com\/app\/uploads\/2021\/10\/uyn-lady-run-fit-ow-shirt-long-sl-O102094-93B464.jpg","datePublished":"2021-10-19T16:55:01+00:00","dateModified":"2026-05-08T19:13:22+00:00","description":"Le maillot \u00e0 manches longues UYN RUN FIT pour femme pr\u00e9sente une structure sp\u00e9ciale qui garantit un niveau de chaleur id\u00e9al pendant les saisons interm\u00e9diaires.","breadcrumb":{"@id":"https:\/\/www.miomiorun.com\/fr\/produit\/uyn-run-fit-ow-shirt-long-sleeves-femme\/#breadcrumb"},"inLanguage":"fr-FR","potentialAction":[{"@type":"ReadAction","target":["https:\/\/www.miomiorun.com\/fr\/produit\/uyn-run-fit-ow-shirt-long-sleeves-femme\/"]}]},{"@type":"ImageObject","inLanguage":"fr-FR","@id":"https:\/\/www.miomiorun.com\/fr\/produit\/uyn-run-fit-ow-shirt-long-sleeves-femme\/#primaryimage","url":"https:\/\/www.miomiorun.com\/app\/uploads\/2021\/10\/uyn-lady-run-fit-ow-shirt-long-sl-O102094-93B464.jpg","contentUrl":"https:\/\/www.miomiorun.com\/app\/uploads\/2021\/10\/uyn-lady-run-fit-ow-shirt-long-sl-O102094-93B464.jpg","width":600,"height":600,"caption":"uyn run fit ow shirt long sleeves"},{"@type":"BreadcrumbList","@id":"https:\/\/www.miomiorun.com\/fr\/produit\/uyn-run-fit-ow-shirt-long-sleeves-femme\/#breadcrumb","itemListElement":[{"@type":"ListItem","position":1,"name":"Home","item":"https:\/\/www.miomiorun.com\/fr\/home-page\/"},{"@type":"ListItem","position":2,"name":"Shop","item":"https:\/\/www.miomiorun.com\/shop\/"},{"@type":"ListItem","position":3,"name":"Run Fit Ow Shirt Long Sleeves femme"}]},{"@type":"WebSite","@id":"https:\/\/www.miomiorun.com\/fr\/#website","url":"https:\/\/www.miomiorun.com\/fr\/","name":"MioMioRun","description":"Boutique 100% running et trail","publisher":{"@id":"https:\/\/www.miomiorun.com\/fr\/#organization"},"potentialAction":[{"@type":"SearchAction","target":{"@type":"EntryPoint","urlTemplate":"https:\/\/www.miomiorun.com\/fr\/?s={search_term_string}"},"query-input":{"@type":"PropertyValueSpecification","valueRequired":true,"valueName":"search_term_string"}}],"inLanguage":"fr-FR"},{"@type":"Organization","@id":"https:\/\/www.miomiorun.com\/fr\/#organization","name":"MioMio Run","url":"https:\/\/www.miomiorun.com\/fr\/","logo":{"@type":"ImageObject","inLanguage":"fr-FR","@id":"https:\/\/www.miomiorun.com\/fr\/#\/schema\/logo\/image\/","url":"https:\/\/www.miomiorun.com\/app\/uploads\/2019\/12\/logomio.png","contentUrl":"https:\/\/www.miomiorun.com\/app\/uploads\/2019\/12\/logomio.png","width":115,"height":82,"caption":"MioMio Run"},"image":{"@id":"https:\/\/www.miomiorun.com\/fr\/#\/schema\/logo\/image\/"},"sameAs":["https:\/\/www.facebook.com\/miomiorun\/","https:\/\/www.instagram.com\/miomiorun\/"]}]}},"_links":{"self":[{"href":"https:\/\/www.miomiorun.com\/fr\/wp-json\/wp\/v2\/product\/280106","targetHints":{"allow":["GET"]}}],"collection":[{"href":"https:\/\/www.miomiorun.com\/fr\/wp-json\/wp\/v2\/product"}],"about":[{"href":"https:\/\/www.miomiorun.com\/fr\/wp-json\/wp\/v2\/types\/product"}],"wp:featuredmedia":[{"embeddable":true,"href":"https:\/\/www.miomiorun.com\/fr\/wp-json\/wp\/v2\/media\/234153"}],"wp:attachment":[{"href":"https:\/\/www.miomiorun.com\/fr\/wp-json\/wp\/v2\/media?parent=280106"}],"wp:term":[{"taxonomy":"product_brand","embeddable":true,"href":"https:\/\/www.miomiorun.com\/fr\/wp-json\/wp\/v2\/product_brand?post=280106"},{"taxonomy":"product_cat","embeddable":true,"href":"https:\/\/www.miomiorun.com\/fr\/wp-json\/wp\/v2\/product_cat?post=280106"},{"taxonomy":"product_tag","embeddable":true,"href":"https:\/\/www.miomiorun.com\/fr\/wp-json\/wp\/v2\/product_tag?post=280106"}],"curies":[{"name":"wp","href":"https:\/\/api.w.org\/{rel}","templated":true}]}}